{"id":1956,"date":"2025-07-10T09:15:07","date_gmt":"2025-07-10T02:15:07","guid":{"rendered":"https:\/\/htiscientific.vn\/?post_type=product&#038;p=1956"},"modified":"2025-07-10T09:15:07","modified_gmt":"2025-07-10T02:15:07","slug":"may-quang-pho-huynh-quang-fl-8500","status":"publish","type":"product","link":"https:\/\/htiscientific.vn\/en\/product\/may-quang-pho-huynh-quang-fl-8500\/","title":{"rendered":"M\u00e1y quang ph\u1ed5 hu\u1ef3nh quang FL 8500"},"content":{"rendered":"<div class=\"acf-field\">\n<p><span style=\"color: #000000;\">M\u00e1y quang ph\u1ed5 hu\u1ef3nh quang FL 8500 s\u1eed d\u1ee5ng ngu\u1ed3n k\u00edch th\u00edch s\u00f3ng li\u00ean t\u1ee5c \u0111\u1ec3 \u0111o \u0111\u1ed9 nh\u1ea1y cao \u1edf t\u1ed1c \u0111\u1ed9 qu\u00e9t l\u00ean t\u1edbi 60.000 nm\/ph\u00fat.<\/span><\/p>\n<h3><span style=\"color: #000000;\"><strong>C\u00e1c t\u00ednh n\u0103ng v\u00e0 l\u1ee3i \u00edch bao g\u1ed3m:<\/strong><\/span><\/h3>\n<ul>\n<li>\n<ul>\n<li><span style=\"color: #000000;\">\u0110\u1ed9 ph\u00e2n gi\u1ea3i cao (1,0nm)<\/span><\/li>\n<li><span style=\"color: #000000;\">T\u1ed1c \u0111\u1ed9 qu\u00e9t cao l\u00ean t\u1edbi 60.000 nm\/ph\u00fat<\/span><\/li>\n<li><span style=\"color: #000000;\">\u0110\u1ea7u d\u00f2 R928 PMT c\u00f3 \u0111\u1ed9 nh\u1ea1y v\u00e0 hi\u1ec7u n\u0103ng cao k\u1ebft h\u1ee3p v\u1edbi h\u1ec7 quang c\u1ee7a PerkinElmer \u0111\u1ea3m b\u1ea3o hi\u1ec7u n\u0103ng t\u1ed1i \u01b0u tr\u00ean to\u00e0n b\u1ed9 d\u1ea3i ph\u1ed5.<\/span><\/li>\n<li><span style=\"color: #000000;\">Ph\u1ea1m vi b\u01b0\u1edbc s\u00f3ng k\u00edch th\u00edch v\u00e0 ph\u00e1t x\u1ea1 r\u1ed9ng l\u00ean t\u1edbi 900 nm<\/span><\/li>\n<li><span style=\"color: #000000;\">\u0110\u1ed9 ch\u00ednh x\u00e1c v\u00e0 \u0111\u1ed9 t\u00e1i l\u1eb7p b\u01b0\u1edbc s\u00f3ng v\u01b0\u1ee3t tr\u1ed9i cho k\u1ebft qu\u1ea3 ngay l\u1ea7n \u0111\u1ea7u ti\u00ean<\/span><\/li>\n<li><span style=\"color: #000000;\">4 ch\u1ebf \u0111\u1ed9 ph\u00e2n t\u00edch cho ph\u00e9p th\u1ef1c hi\u1ec7n nhi\u1ec1u ph\u00e9p \u0111o tr\u00ean c\u00f9ng m\u1ed9t thi\u1ebft b\u1ecb: \u0110o hu\u1ef3nh quang, \u0111o l\u00e2n quang, \u0111o h\u00f3a\/sinh ph\u00e1t quang, v\u00e0 \u0111o l\u00e2n quang ph\u00e2n gi\u1ea3i theo th\u1eddi gian.<\/span><\/li>\n<li><span style=\"color: #000000;\">D\u1ec5 s\u1eed d\u1ee5ng, ph\u00f2ng th\u00ed nghi\u1ec7m c\u1ee7a b\u1ea1n c\u00f3 th\u1ec3 t\u1ea1o ra d\u1eef li\u1ec7u hu\u1ef3nh quang ch\u00ednh x\u00e1c v\u00e0 \u0111\u00e1ng tin c\u1eady, b\u1ea5t k\u1ec3 m\u1ee9c \u0111\u1ed9 kinh nghi\u1ec7m c\u1ee7a ng\u01b0\u1eddi v\u1eadn h\u00e0nh th\u00f4ng qua ph\u1ea7n m\u1ec1m Spectrum FL tr\u1ef1c quan \u0111\u01b0\u1ee3c thi\u1ebft k\u1ebf ph\u00f9 h\u1ee3p v\u1edbi quy tr\u00ecnh l\u00e0m vi\u1ec7c c\u1ee7a b\u1ea1n.<\/span><\/li>\n<li><span style=\"color: #000000;\">Linh ho\u1ea1t \u2013 26 ph\u1ee5 ki\u1ec7n th\u00e1o l\u1eafp v\u1eadn h\u00e0nh d\u1ec5 d\u00e0ng (Plug and Play) t\u1ef1 \u0111\u1ed9ng nh\u1eadn di\u1ec7n cho ph\u00e9p ph\u00e2n t\u00edch nhi\u1ec1u lo\u1ea1i m\u1eabu \u1edf nhi\u1ec1u \u0111i\u1ec1u ki\u1ec7n kh\u00e1c nhau.<\/span><\/li>\n<li><span style=\"color: #000000;\">Nhi\u1ec1u ph\u01b0\u01a1ng ph\u00e1p c\u00e0i \u0111\u1eb7t s\u1eb5n gi\u00fap d\u1ec5 d\u00e0ng thay \u0111\u1ed5i ph\u01b0\u01a1ng ph\u00e1p\/ch\u1ebf \u0111\u1ed9 khi \u0111o c\u00e1c m\u1eabu kh\u00e1c nhau.<\/span><\/li>\n<li><span style=\"color: #000000;\">\u0110\u1eb7c t\u00ednh v\u1eadt li\u1ec7u ph\u00f9 h\u1ee3p l\u00fd t\u01b0\u1edfng; R&amp;D truy t\u00ecm v\u00e0 s\u1ea3n xu\u1ea5t c\u00f4ng nghi\u1ec7p; ph\u00e2n t\u00edch n\u00f4ng nghi\u1ec7p v\u00e0 m\u00f4i tr\u01b0\u1eddng; v\u00e0 ph\u00e2n t\u00edch \u0111\u00e8n LED, pin m\u1eb7t tr\u1eddi v\u00e0 v\u1eadt li\u1ec7u \u0111i\u1ec7n ph\u00e1t quang h\u1eefu c\u01a1.<\/span><\/li>\n<li><span style=\"color: #000000;\">Ngu\u1ed3n s\u00e1ng Xenon Arc (150 W) c\u00f3 tu\u1ed5i th\u1ecd l\u00ean t\u1edbi 2.000 gi\u1edd; d\u1ec5 d\u00e0ng t\u1ef1 m\u00ecnh thay th\u1ebf b\u00f3ng \u0111\u00e8n \u0111\u00e3 \u0111\u01b0\u1ee3c c\u0103n ch\u1ec9nh s\u1eb5n m\u00e0 kh\u00f4ng c\u1ea7n s\u1ef1 tr\u1ee3 gi\u00fap c\u1ee7a k\u1ef9 s\u01b0 d\u1ecbch v\u1ee5, ti\u1ebft ki\u1ec7m th\u1eddi gian v\u00e0 ti\u1ec1n b\u1ea1c<\/span><\/li>\n<li><span style=\"color: #000000;\">Y\u00ean t\u00e2m v\u1edbi Radian, h\u1ec7 th\u1ed1ng gi\u00e1m s\u00e1t t\u1eeb xa thi\u1ebft b\u1ecb \u0111\u1ed9c quy\u1ec1n c\u1ee7a PerkinElmer<\/span><\/li>\n<li><span style=\"color: #000000;\">K\u00edch th\u01b0\u1edbc nh\u1ecf g\u1ecdn gi\u00fap gi\u1ea3i ph\u00f3ng kh\u00f4ng gian b\u00e0n l\u00e0m vi\u1ec7c (chi\u1ebfm ch\u1ec9 66 cm (26 inches)).<\/span><\/li>\n<\/ul>\n<\/li>\n<\/ul>\n<\/div>\n<div class=\"acf-field\">\n<h4><span style=\"color: #000000;\"><strong>Specifications<\/strong><\/span><\/h4>\n<div class=\"pe_pdp_detatabl\">\n<table id=\"pe_pdp_tab_det\">\n<tbody>\n<tr>\n<th><span style=\"color: #000000;\">L\u0129nh v\u1ef1c nghi\u00ean c\u1ee9u<\/span><\/th>\n<td><span style=\"color: #000000;\">Th\u1ef1c ph\u1ea9m &amp; N\u00f4ng nghi\u1ec7p\u00a0<\/span><\/td>\n<\/tr>\n<\/tbody>\n<\/table>\n<\/div>\n<\/div>","protected":false},"excerpt":{"rendered":"<p><span style=\"color: #000000;\">M\u00e1y quang ph\u1ed5 hu\u1ef3nh quang FL 8500 c\u00f3 \u0111\u1ed9 ch\u00ednh x\u00e1c v\u01b0\u1ee3t tr\u1ed9i cho k\u1ebft qu\u1ea3 ngay l\u1ea7n \u0111\u1ea7u ti\u00ean ngay c\u1ea3 v\u1edbi l\u01b0\u1ee3ng m\u1eabu pha lo\u00e3ng ho\u1eb7c nh\u1ecf. Qu\u00e9t nhanh l\u00e0m t\u0103ng c\u00f4ng su\u1ea5t m\u1eabu v\u00e0 t\u1ed1i \u0111a h\u00f3a n\u0103ng su\u1ea5t c\u1ee7a b\u1ea1n. C\u00e1c lo\u1ea1i ph\u00e2n t\u00edch bao g\u1ed3m \u0111\u1eb7c t\u00ednh v\u1eadt li\u1ec7u; R&amp;D v\u00e0 s\u1ea3n xu\u1ea5t c\u00f4ng nghi\u1ec7p; ph\u00e2n t\u00edch n\u00f4ng nghi\u1ec7p v\u00e0 m\u00f4i tr\u01b0\u1eddng; v\u00e0 ph\u00e2n t\u00edch \u0111\u00e8n LED, pin m\u1eb7t tr\u1eddi v\u00e0 v\u1eadt li\u1ec7u \u0111i\u1ec7n ph\u00e1t quang h\u1eefu c\u01a1.<\/span><\/p>","protected":false},"featured_media":1957,"template":"","meta":{"inline_featured_image":false},"product_brand":[29],"product_cat":[66,63],"product_tag":[],"class_list":{"0":"post-1956","1":"product","2":"type-product","3":"status-publish","4":"has-post-thumbnail","6":"product_brand-perkinelmer","7":"product_cat-quang-pho-huynh-quang-fl","8":"product_cat-quang-pho-phan-tu","10":"first","11":"instock","12":"shipping-taxable","13":"product-type-simple"},"yoast_head":"<!-- This site is optimized with the Yoast SEO plugin v24.7 - https:\/\/yoast.com\/wordpress\/plugins\/seo\/ -->\n<title>M\u00e1y quang ph\u1ed5 hu\u1ef3nh quang FL 8500 - HTI Scientific<\/title>\n<meta name=\"description\" content=\"M\u00e1y quang ph\u1ed5 hu\u1ef3nh quang FL 8500 c\u00f3 \u0111\u1ed9 ch\u00ednh x\u00e1c v\u01b0\u1ee3t tr\u1ed9i cho k\u1ebft qu\u1ea3 ngay l\u1ea7n \u0111\u1ea7u ti\u00ean ngay c\u1ea3 v\u1edbi l\u01b0\u1ee3ng m\u1eabu pha lo\u00e3ng ho\u1eb7c nh\u1ecf. Ph\u00e2n t\u00edch \u0111\u1eb7c t\u00ednh v\u1eadt..\" \/>\n<meta name=\"robots\" content=\"index, follow, max-snippet:-1, max-image-preview:large, max-video-preview:-1\" \/>\n<link rel=\"canonical\" href=\"https:\/\/htiscientific.vn\/en\/product\/may-quang-pho-huynh-quang-fl-8500\/\" \/>\n<meta property=\"og:locale\" content=\"en_US\" \/>\n<meta property=\"og:type\" content=\"article\" \/>\n<meta property=\"og:title\" content=\"M\u00e1y quang ph\u1ed5 hu\u1ef3nh quang FL 8500 - HTI Scientific\" \/>\n<meta property=\"og:description\" content=\"M\u00e1y quang ph\u1ed5 hu\u1ef3nh quang FL 8500 c\u00f3 \u0111\u1ed9 ch\u00ednh x\u00e1c v\u01b0\u1ee3t tr\u1ed9i cho k\u1ebft qu\u1ea3 ngay l\u1ea7n \u0111\u1ea7u ti\u00ean ngay c\u1ea3 v\u1edbi l\u01b0\u1ee3ng m\u1eabu pha lo\u00e3ng ho\u1eb7c nh\u1ecf. Ph\u00e2n t\u00edch \u0111\u1eb7c t\u00ednh v\u1eadt..\" \/>\n<meta property=\"og:url\" content=\"https:\/\/htiscientific.vn\/en\/product\/may-quang-pho-huynh-quang-fl-8500\/\" \/>\n<meta property=\"og:site_name\" content=\"HTI Scientific\" \/>\n<meta property=\"article:publisher\" content=\"https:\/\/www.facebook.com\/htiscientific.vn\" \/>\n<meta property=\"og:image\" content=\"https:\/\/htiscientific.vn\/wp-content\/uploads\/2025\/07\/fl-8500-1000x1000-1.jpg\" \/>\n\t<meta property=\"og:image:width\" content=\"1000\" \/>\n\t<meta property=\"og:image:height\" content=\"1000\" \/>\n\t<meta property=\"og:image:type\" content=\"image\/jpeg\" \/>\n<meta name=\"twitter:card\" content=\"summary_large_image\" \/>\n<meta name=\"twitter:label1\" content=\"Est. reading time\" \/>\n\t<meta name=\"twitter:data1\" content=\"3 minutes\" \/>\n<script type=\"application\/ld+json\" class=\"yoast-schema-graph\">{\"@context\":\"https:\/\/schema.org\",\"@graph\":[{\"@type\":\"WebPage\",\"@id\":\"https:\/\/htiscientific.vn\/san-pham\/may-quang-pho-huynh-quang-fl-8500\/\",\"url\":\"https:\/\/htiscientific.vn\/san-pham\/may-quang-pho-huynh-quang-fl-8500\/\",\"name\":\"M\u00e1y quang ph\u1ed5 hu\u1ef3nh quang FL 8500 - HTI Scientific\",\"isPartOf\":{\"@id\":\"https:\/\/htiscientific.vn\/#website\"},\"primaryImageOfPage\":{\"@id\":\"https:\/\/htiscientific.vn\/san-pham\/may-quang-pho-huynh-quang-fl-8500\/#primaryimage\"},\"image\":{\"@id\":\"https:\/\/htiscientific.vn\/san-pham\/may-quang-pho-huynh-quang-fl-8500\/#primaryimage\"},\"thumbnailUrl\":\"https:\/\/htiscientific.vn\/wp-content\/uploads\/2025\/07\/fl-8500-1000x1000-1.jpg\",\"datePublished\":\"2025-07-10T02:15:07+00:00\",\"description\":\"M\u00e1y quang ph\u1ed5 hu\u1ef3nh quang FL 8500 c\u00f3 \u0111\u1ed9 ch\u00ednh x\u00e1c v\u01b0\u1ee3t tr\u1ed9i cho k\u1ebft qu\u1ea3 ngay l\u1ea7n \u0111\u1ea7u ti\u00ean ngay c\u1ea3 v\u1edbi l\u01b0\u1ee3ng m\u1eabu pha lo\u00e3ng ho\u1eb7c nh\u1ecf. Ph\u00e2n t\u00edch \u0111\u1eb7c t\u00ednh v\u1eadt..\",\"breadcrumb\":{\"@id\":\"https:\/\/htiscientific.vn\/san-pham\/may-quang-pho-huynh-quang-fl-8500\/#breadcrumb\"},\"inLanguage\":\"en-US\",\"potentialAction\":[{\"@type\":\"ReadAction\",\"target\":[\"https:\/\/htiscientific.vn\/san-pham\/may-quang-pho-huynh-quang-fl-8500\/\"]}]},{\"@type\":\"ImageObject\",\"inLanguage\":\"en-US\",\"@id\":\"https:\/\/htiscientific.vn\/san-pham\/may-quang-pho-huynh-quang-fl-8500\/#primaryimage\",\"url\":\"https:\/\/htiscientific.vn\/wp-content\/uploads\/2025\/07\/fl-8500-1000x1000-1.jpg\",\"contentUrl\":\"https:\/\/htiscientific.vn\/wp-content\/uploads\/2025\/07\/fl-8500-1000x1000-1.jpg\",\"width\":1000,\"height\":1000,\"caption\":\"FL 8500\"},{\"@type\":\"BreadcrumbList\",\"@id\":\"https:\/\/htiscientific.vn\/san-pham\/may-quang-pho-huynh-quang-fl-8500\/#breadcrumb\",\"itemListElement\":[{\"@type\":\"ListItem\",\"position\":1,\"name\":\"Trang ch\u1ee7\",\"item\":\"https:\/\/htiscientific.vn\/\"},{\"@type\":\"ListItem\",\"position\":2,\"name\":\"C\u1eeda h\u00e0ng\",\"item\":\"https:\/\/htiscientific.vn\/cua-hang\/\"},{\"@type\":\"ListItem\",\"position\":3,\"name\":\"Quang ph\u1ed5 ph\u00e2n t\u1eed\",\"item\":\"https:\/\/htiscientific.vn\/danh-muc-san-pham\/quang-pho-phan-tu\/\"},{\"@type\":\"ListItem\",\"position\":4,\"name\":\"Quang ph\u1ed5 hu\u1ef3nh quang FL\",\"item\":\"https:\/\/htiscientific.vn\/danh-muc-san-pham\/quang-pho-phan-tu\/quang-pho-huynh-quang-fl\/\"},{\"@type\":\"ListItem\",\"position\":5,\"name\":\"M\u00e1y quang ph\u1ed5 hu\u1ef3nh quang FL 8500\"}]},{\"@type\":\"WebSite\",\"@id\":\"https:\/\/htiscientific.vn\/#website\",\"url\":\"https:\/\/htiscientific.vn\/\",\"name\":\"HTI Scientific\",\"description\":\"HTI Scientific\",\"publisher\":{\"@id\":\"https:\/\/htiscientific.vn\/#organization\"},\"potentialAction\":[{\"@type\":\"SearchAction\",\"target\":{\"@type\":\"EntryPoint\",\"urlTemplate\":\"https:\/\/htiscientific.vn\/?s={search_term_string}\"},\"query-input\":{\"@type\":\"PropertyValueSpecification\",\"valueRequired\":true,\"valueName\":\"search_term_string\"}}],\"inLanguage\":\"en-US\"},{\"@type\":\"Organization\",\"@id\":\"https:\/\/htiscientific.vn\/#organization\",\"name\":\"HTI Scientific\",\"alternateName\":\"HTI Scientific\",\"url\":\"https:\/\/htiscientific.vn\/\",\"logo\":{\"@type\":\"ImageObject\",\"inLanguage\":\"en-US\",\"@id\":\"https:\/\/htiscientific.vn\/#\/schema\/logo\/image\/\",\"url\":\"https:\/\/htiscientific.vn\/wp-content\/uploads\/2025\/03\/ava-hti-copy.jpg\",\"contentUrl\":\"https:\/\/htiscientific.vn\/wp-content\/uploads\/2025\/03\/ava-hti-copy.jpg\",\"width\":700,\"height\":450,\"caption\":\"HTI Scientific\"},\"image\":{\"@id\":\"https:\/\/htiscientific.vn\/#\/schema\/logo\/image\/\"},\"sameAs\":[\"https:\/\/www.facebook.com\/htiscientific.vn\"]}]}<\/script>\n<!-- \/ Yoast SEO plugin. -->","yoast_head_json":{"title":"M\u00e1y quang ph\u1ed5 hu\u1ef3nh quang FL 8500 - HTI Scientific","description":"M\u00e1y quang ph\u1ed5 hu\u1ef3nh quang FL 8500 c\u00f3 \u0111\u1ed9 ch\u00ednh x\u00e1c v\u01b0\u1ee3t tr\u1ed9i cho k\u1ebft qu\u1ea3 ngay l\u1ea7n \u0111\u1ea7u ti\u00ean ngay c\u1ea3 v\u1edbi l\u01b0\u1ee3ng m\u1eabu pha lo\u00e3ng ho\u1eb7c nh\u1ecf. Ph\u00e2n t\u00edch \u0111\u1eb7c t\u00ednh v\u1eadt..","robots":{"index":"index","follow":"follow","max-snippet":"max-snippet:-1","max-image-preview":"max-image-preview:large","max-video-preview":"max-video-preview:-1"},"canonical":"https:\/\/htiscientific.vn\/en\/product\/may-quang-pho-huynh-quang-fl-8500\/","og_locale":"en_US","og_type":"article","og_title":"M\u00e1y quang ph\u1ed5 hu\u1ef3nh quang FL 8500 - HTI Scientific","og_description":"M\u00e1y quang ph\u1ed5 hu\u1ef3nh quang FL 8500 c\u00f3 \u0111\u1ed9 ch\u00ednh x\u00e1c v\u01b0\u1ee3t tr\u1ed9i cho k\u1ebft qu\u1ea3 ngay l\u1ea7n \u0111\u1ea7u ti\u00ean ngay c\u1ea3 v\u1edbi l\u01b0\u1ee3ng m\u1eabu pha lo\u00e3ng ho\u1eb7c nh\u1ecf. Ph\u00e2n t\u00edch \u0111\u1eb7c t\u00ednh v\u1eadt..","og_url":"https:\/\/htiscientific.vn\/en\/product\/may-quang-pho-huynh-quang-fl-8500\/","og_site_name":"HTI Scientific","article_publisher":"https:\/\/www.facebook.com\/htiscientific.vn","og_image":[{"width":1000,"height":1000,"url":"https:\/\/htiscientific.vn\/wp-content\/uploads\/2025\/07\/fl-8500-1000x1000-1.jpg","type":"image\/jpeg"}],"twitter_card":"summary_large_image","twitter_misc":{"Est. reading time":"3 minutes"},"schema":{"@context":"https:\/\/schema.org","@graph":[{"@type":"WebPage","@id":"https:\/\/htiscientific.vn\/san-pham\/may-quang-pho-huynh-quang-fl-8500\/","url":"https:\/\/htiscientific.vn\/san-pham\/may-quang-pho-huynh-quang-fl-8500\/","name":"M\u00e1y quang ph\u1ed5 hu\u1ef3nh quang FL 8500 - HTI Scientific","isPartOf":{"@id":"https:\/\/htiscientific.vn\/#website"},"primaryImageOfPage":{"@id":"https:\/\/htiscientific.vn\/san-pham\/may-quang-pho-huynh-quang-fl-8500\/#primaryimage"},"image":{"@id":"https:\/\/htiscientific.vn\/san-pham\/may-quang-pho-huynh-quang-fl-8500\/#primaryimage"},"thumbnailUrl":"https:\/\/htiscientific.vn\/wp-content\/uploads\/2025\/07\/fl-8500-1000x1000-1.jpg","datePublished":"2025-07-10T02:15:07+00:00","description":"M\u00e1y quang ph\u1ed5 hu\u1ef3nh quang FL 8500 c\u00f3 \u0111\u1ed9 ch\u00ednh x\u00e1c v\u01b0\u1ee3t tr\u1ed9i cho k\u1ebft qu\u1ea3 ngay l\u1ea7n \u0111\u1ea7u ti\u00ean ngay c\u1ea3 v\u1edbi l\u01b0\u1ee3ng m\u1eabu pha lo\u00e3ng ho\u1eb7c nh\u1ecf. Ph\u00e2n t\u00edch \u0111\u1eb7c t\u00ednh v\u1eadt..","breadcrumb":{"@id":"https:\/\/htiscientific.vn\/san-pham\/may-quang-pho-huynh-quang-fl-8500\/#breadcrumb"},"inLanguage":"en-US","potentialAction":[{"@type":"ReadAction","target":["https:\/\/htiscientific.vn\/san-pham\/may-quang-pho-huynh-quang-fl-8500\/"]}]},{"@type":"ImageObject","inLanguage":"en-US","@id":"https:\/\/htiscientific.vn\/san-pham\/may-quang-pho-huynh-quang-fl-8500\/#primaryimage","url":"https:\/\/htiscientific.vn\/wp-content\/uploads\/2025\/07\/fl-8500-1000x1000-1.jpg","contentUrl":"https:\/\/htiscientific.vn\/wp-content\/uploads\/2025\/07\/fl-8500-1000x1000-1.jpg","width":1000,"height":1000,"caption":"FL 8500"},{"@type":"BreadcrumbList","@id":"https:\/\/htiscientific.vn\/san-pham\/may-quang-pho-huynh-quang-fl-8500\/#breadcrumb","itemListElement":[{"@type":"ListItem","position":1,"name":"Trang ch\u1ee7","item":"https:\/\/htiscientific.vn\/"},{"@type":"ListItem","position":2,"name":"C\u1eeda h\u00e0ng","item":"https:\/\/htiscientific.vn\/cua-hang\/"},{"@type":"ListItem","position":3,"name":"Quang ph\u1ed5 ph\u00e2n t\u1eed","item":"https:\/\/htiscientific.vn\/danh-muc-san-pham\/quang-pho-phan-tu\/"},{"@type":"ListItem","position":4,"name":"Quang ph\u1ed5 hu\u1ef3nh quang FL","item":"https:\/\/htiscientific.vn\/danh-muc-san-pham\/quang-pho-phan-tu\/quang-pho-huynh-quang-fl\/"},{"@type":"ListItem","position":5,"name":"M\u00e1y quang ph\u1ed5 hu\u1ef3nh quang FL 8500"}]},{"@type":"WebSite","@id":"https:\/\/htiscientific.vn\/#website","url":"https:\/\/htiscientific.vn\/","name":"HTI Scientific","description":"HTI Scientific","publisher":{"@id":"https:\/\/htiscientific.vn\/#organization"},"potentialAction":[{"@type":"SearchAction","target":{"@type":"EntryPoint","urlTemplate":"https:\/\/htiscientific.vn\/?s={search_term_string}"},"query-input":{"@type":"PropertyValueSpecification","valueRequired":true,"valueName":"search_term_string"}}],"inLanguage":"en-US"},{"@type":"Organization","@id":"https:\/\/htiscientific.vn\/#organization","name":"HTI Scientific","alternateName":"HTI Scientific","url":"https:\/\/htiscientific.vn\/","logo":{"@type":"ImageObject","inLanguage":"en-US","@id":"https:\/\/htiscientific.vn\/#\/schema\/logo\/image\/","url":"https:\/\/htiscientific.vn\/wp-content\/uploads\/2025\/03\/ava-hti-copy.jpg","contentUrl":"https:\/\/htiscientific.vn\/wp-content\/uploads\/2025\/03\/ava-hti-copy.jpg","width":700,"height":450,"caption":"HTI Scientific"},"image":{"@id":"https:\/\/htiscientific.vn\/#\/schema\/logo\/image\/"},"sameAs":["https:\/\/www.facebook.com\/htiscientific.vn"]}]}},"_links":{"self":[{"href":"https:\/\/htiscientific.vn\/en\/wp-json\/wp\/v2\/product\/1956","targetHints":{"allow":["GET"]}}],"collection":[{"href":"https:\/\/htiscientific.vn\/en\/wp-json\/wp\/v2\/product"}],"about":[{"href":"https:\/\/htiscientific.vn\/en\/wp-json\/wp\/v2\/types\/product"}],"wp:featuredmedia":[{"embeddable":true,"href":"https:\/\/htiscientific.vn\/en\/wp-json\/wp\/v2\/media\/1957"}],"wp:attachment":[{"href":"https:\/\/htiscientific.vn\/en\/wp-json\/wp\/v2\/media?parent=1956"}],"wp:term":[{"taxonomy":"product_brand","embeddable":true,"href":"https:\/\/htiscientific.vn\/en\/wp-json\/wp\/v2\/product_brand?post=1956"},{"taxonomy":"product_cat","embeddable":true,"href":"https:\/\/htiscientific.vn\/en\/wp-json\/wp\/v2\/product_cat?post=1956"},{"taxonomy":"product_tag","embeddable":true,"href":"https:\/\/htiscientific.vn\/en\/wp-json\/wp\/v2\/product_tag?post=1956"}],"curies":[{"name":"wp","href":"https:\/\/api.w.org\/{rel}","templated":true}]}}