{"id":1941,"date":"2025-07-09T14:53:09","date_gmt":"2025-07-09T07:53:09","guid":{"rendered":"https:\/\/htiscientific.vn\/?post_type=product&#038;p=1941"},"modified":"2025-07-09T14:53:25","modified_gmt":"2025-07-09T07:53:25","slug":"ban-thi-nghiem-thuy-tinh-va-tinh-chat-chat-long","status":"publish","type":"product","link":"https:\/\/htiscientific.vn\/en\/product\/ban-thi-nghiem-thuy-tinh-va-tinh-chat-chat-long\/","title":{"rendered":"B\u00e0n th\u00ed nghi\u1ec7m th\u1ee7y t\u0129nh v\u00e0 t\u00ednh ch\u1ea5t ch\u1ea5t l\u1ecfng"},"content":{"rendered":"<p><span style=\"color: #000000;\">B\u00e0n th\u00ed nghi\u1ec7m th\u1ee7y t\u0129nh v\u00e0 t\u00ednh ch\u1ea5t ch\u1ea5t l\u1ecfng (BHI &#8211; The Hydrostatics Bench and Fluid Properties), cho ph\u00e9p nghi\u00ean c\u1ee9u c\u00e1c t\u00ednh ch\u1ea5t ch\u00ednh v\u00e0 bi\u1ec3u hi\u1ec7n c\u1ee7a c\u00e1c ch\u1ea5t l\u1ecfng n\u00e0y trong \u0111i\u1ec1u ki\u1ec7n th\u1ee7y t\u0129nh, v\u1edbi s\u1ef1 h\u1ed7 tr\u1ee3 c\u1ee7a m\u1ed9t s\u1ed1 ph\u1ee5 ki\u1ec7n \u0111\u1ec3 th\u1ef1c hi\u1ec7n c\u00e1c th\u00ed nghi\u1ec7m kh\u00e1c nhau.<\/span><\/p>\n<p><span style=\"color: #000000;\"><strong>BHI &#8211; B\u00e0n th\u00ed nghi\u1ec7m th\u1ee7y t\u0129nh v\u00e0 t\u00ednh ch\u1ea5t ch\u1ea5t l\u1ecfng<\/strong><\/span><\/p>\n<ul>\n<li><span style=\"color: #000000;\">Khung nh\u00f4m anod h\u00f3a v\u00e0 c\u00e1c t\u1ea5m th\u00e9p s\u01a1n ph\u1ee7.<\/span><\/li>\n<li><span style=\"color: #000000;\">Thi\u1ebft b\u1ecb c\u00f3 b\u00e1nh xe gi\u00fap d\u1ec5 d\u00e0ng di chuy\u1ec3n.<\/span><\/li>\n<li><span style=\"color: #000000;\">C\u00e1c b\u1ed9 ph\u1eadn kim lo\u1ea1i ch\u00ednh \u0111\u01b0\u1ee3c l\u00e0m b\u1eb1ng th\u00e9p kh\u00f4ng g\u1ec9.<\/span><\/li>\n<li><span style=\"color: #000000;\">S\u01a1 \u0111\u1ed3 b\u1ed1 tr\u00ed c\u00e1c th\u00e0nh ph\u1ea7n t\u01b0\u01a1ng t\u1ef1 th\u1ef1c t\u1ebf \u0111\u01b0\u1ee3c hi\u1ec3n th\u1ecb tr\u00ean b\u1ea3ng \u0111i\u1ec1u khi\u1ec3n ph\u00eda tr\u01b0\u1edbc.<\/span><\/li>\n<li><span style=\"color: #000000;\">B\u00ecnh ch\u1ee9a n\u01b0\u1edbc b\u1eb1ng PVC \u1edf ph\u1ea7n d\u01b0\u1edbi c\u1ee7a b\u00e0n th\u00ed nghi\u1ec7m.<\/span><\/li>\n<li><span style=\"color: #000000;\">Hai b\u00ecnh ch\u1ee9a n\u01b0\u1edbc b\u1eb1ng PVC \u0111\u1ec3 s\u1eed d\u1ee5ng v\u1edbi c\u00e1c ph\u1ee5 ki\u1ec7n kh\u00e1c nhau.<\/span><\/li>\n<li><span style=\"color: #000000;\">B\u01a1m kh\u00ed th\u1ee7 c\u00f4ng.<\/span><\/li>\n<li><span style=\"color: #000000;\">Hai b\u01a1m n\u01b0\u1edbc th\u1ee7 c\u00f4ng.<\/span><\/li>\n<li><span style=\"color: #000000;\">Nhi\u1ec7t k\u1ebf c\u1ed3n, thang \u0111o: -10 \u2013 50 \u00b0C.<\/span><\/li>\n<li><span style=\"color: #000000;\">T\u1ef7 tr\u1ecdng k\u1ebf (0 \u2013 70 Baum\u00e9, 0.700 \u2013 2.000 Sp\/gr).<\/span><\/li>\n<li><span style=\"color: #000000;\">\u0110o \u0111\u1ed9 nh\u1edbt ki\u1ec3u Ubbelhode:<\/span>\n<ul>\n<li><span style=\"color: #000000;\">0.6 \u2013 3 cp<\/span><\/li>\n<li><span style=\"color: #000000;\">2 \u2013 10 cp<\/span><\/li>\n<li><span style=\"color: #000000;\">10 \u2013 50 cp<\/span><\/li>\n<li><span style=\"color: #000000;\">60 \u2013 300 cp<\/span><\/li>\n<\/ul>\n<\/li>\n<li><span style=\"color: #000000;\">Ba \u1ed1ng \u0111ong th\u1ee7y tinh 250 ml.<\/span><\/li>\n<li><span style=\"color: #000000;\">\u1ed0ng \u0111ong nh\u1ef1a 1000 ml.<\/span><\/li>\n<li><span style=\"color: #000000;\">Hai c\u1ed1c th\u1ee7y tinh 600 ml.<\/span><\/li>\n<li><span style=\"color: #000000;\">Ba b\u1ed9 ph\u1eadn th\u1ee7y tinh \u0111\u1ec3 minh h\u1ecda m\u1eb7t tho\u00e1ng trong \u0111i\u1ec1u ki\u1ec7n t\u0129nh.<\/span><\/li>\n<li><span style=\"color: #000000;\">\u00c1p k\u1ebf Bourdon, thang \u0111o: 0 \u2013 2.5 bar.<\/span><\/li>\n<li><span style=\"color: #000000;\">Hai \u00e1p k\u1ebf \u1ed1ng ch\u1eef &#8220;U&#8221;, thang \u0111o: 0 \u2013 450 mm.<\/span><\/li>\n<li><span style=\"color: #000000;\">M\u00f4-\u0111un nghi\u00ean c\u1ee9u nguy\u00ean l\u00fd Archimedes (c\u00e2n \u0111\u00f2n b\u1ea9y v\u1edbi b\u00ecnh ch\u1ee9a d\u1ecbch chuy\u1ec3n, x\u00f4 v\u00e0 h\u00ecnh tr\u1ee5).<\/span><\/li>\n<\/ul>\n<p><span style=\"color: #000000;\"><strong>Tr\u1ea1m th\u1eddi ti\u1ebft:<\/strong><\/span><\/p>\n<ul>\n<li><span style=\"color: #000000;\">\u00c1p k\u1ebf \u0111o \u0111\u1ebfn 1040 hPa.<\/span><\/li>\n<li><span style=\"color: #000000;\">Nhi\u1ec7t k\u1ebf: -40 \u2013 60 \u00b0C.<\/span><\/li>\n<li><span style=\"color: #000000;\">\u1ea8m k\u1ebf: 0 \u2013 100 %.<\/span><\/li>\n<li><span style=\"color: #000000;\">\u0110\u1ed3ng h\u1ed3 b\u1ea5m gi\u1edd.<\/span><\/li>\n<li><span style=\"color: #000000;\">Van x\u1ea3 kh\u00ed v\u00e0 van ch\u1ecdn m\u1ea1ch.<\/span><\/li>\n<li><span style=\"color: #000000;\">M\u00f4-\u0111un hi\u1ec7n t\u01b0\u1ee3ng mao d\u1eabn trong c\u00e1c t\u1ea5m song song.<\/span><\/li>\n<li><span style=\"color: #000000;\">M\u00f4-\u0111un \u1ed1ng mao d\u1eabn.<\/span><\/li>\n<\/ul>\n<p><span style=\"color: #000000;\"><strong>C\u00e1c th\u00e0nh ph\u1ea7n \u0111i k\u00e8m:<\/strong><\/span><\/p>\n<ol>\n<li><span style=\"color: #000000;\"><strong>FME02 &#8211; M\u00f4-\u0111un d\u00f2ng ch\u1ea3y qua \u0111\u1eadp tr\u00e0n<\/strong><\/span>\n<ul>\n<li><span style=\"color: #000000;\">Mi\u1ec7ng x\u1ea3 \u0111\u1eb7c bi\u1ec7t g\u1eafn v\u00e0o \u0111\u1ea7u ra c\u1ee7a b\u00e0n th\u00ed nghi\u1ec7m th\u1ee7y l\u1ef1c (FME00).<\/span><\/li>\n<li><span style=\"color: #000000;\">Hai m\u00e0n l\u1ecdc l\u00e0m gi\u1ea3m t\u1ed1c \u0111\u1ed9 d\u00f2ng ch\u1ea3y trong k\u00eanh.<\/span><\/li>\n<li><span style=\"color: #000000;\">\u0110\u1ed3ng h\u1ed3 \u0111o m\u1ef1c n\u01b0\u1edbc d\u1ea1ng &#8220;nonius&#8221; \u0111\u01b0\u1ee3c g\u1eafn v\u00e0o tr\u1ee5.<\/span><\/li>\n<li><span style=\"color: #000000;\">Hai lo\u1ea1i \u0111\u1eadp tr\u00e0n (h\u00ecnh ch\u1eef nh\u1eadt v\u00e0 h\u00ecnh ch\u1eef V).<\/span><\/li>\n<\/ul>\n<\/li>\n<\/ol>\n<p><span style=\"color: #000000;\"><strong>Th\u00f4ng s\u1ed1 k\u1ef9 thu\u1eadt:<\/strong><\/span><\/p>\n<ol>\n<li style=\"list-style-type: none;\">\n<ul>\n<li><span style=\"color: #000000;\">K\u00edch th\u01b0\u1edbc \u0111\u1eadp tr\u00e0n: 230 x 4 x 160 mm.<\/span><\/li>\n<li><span style=\"color: #000000;\">G\u00f3c mi\u1ec7ng x\u1ea3 h\u00ecnh ch\u1eef V: 90\u00b0.<\/span><\/li>\n<li><span style=\"color: #000000;\">K\u00edch th\u01b0\u1edbc mi\u1ec7ng x\u1ea3 h\u00ecnh ch\u1eef nh\u1eadt: 30 x 82 mm.<\/span><\/li>\n<li><span style=\"color: #000000;\">Thang \u0111o m\u1ef1c n\u01b0\u1edbc: 0 \u2013 160 mm.<\/span><\/li>\n<\/ul>\n<\/li>\n<li><span style=\"color: #000000;\"><strong>FME08 &#8211; M\u00f4-\u0111un \u00e1p su\u1ea5t th\u1ee7y t\u0129nh<\/strong><\/span>\n<ul>\n<li><span style=\"color: #000000;\">Bao g\u1ed3m m\u1ed9t ph\u1ea7n t\u01b0 h\u00ecnh tr\u00f2n g\u1eafn v\u00e0o tay c\u00e2n xoay quanh tr\u1ee5c.<\/span><\/li>\n<li><span style=\"color: #000000;\">Khi ph\u1ea7n t\u01b0 h\u00ecnh tr\u00f2n ng\u1eadp trong n\u01b0\u1edbc, l\u1ef1c t\u00e1c d\u1ee5ng t\u1ea1o ra m\u00f4-men quay quanh tr\u1ee5c \u0111\u1ee1.<\/span><\/li>\n<li><span style=\"color: #000000;\">B\u00ecnh ch\u1ee9a c\u00f3 ch\u00e2n \u0111i\u1ec1u ch\u1ec9nh \u0111\u1ed9 c\u00e2n b\u1eb1ng v\u00e0 van x\u1ea3.<\/span><\/li>\n<\/ul>\n<\/li>\n<\/ol>\n<p><span style=\"color: #000000;\"><strong>Th\u00f4ng s\u1ed1 k\u1ef9 thu\u1eadt:<\/strong><\/span><\/p>\n<ol>\n<li style=\"list-style-type: none;\">\n<ul>\n<li><span style=\"color: #000000;\">Dung t\u00edch b\u00ecnh ch\u1ee9a: 5.5 l.<\/span><\/li>\n<li><span style=\"color: #000000;\">Kho\u1ea3ng c\u00e1ch t\u1eeb \u0111i\u1ec3m treo \u0111\u1ebfn \u0111i\u1ec3m t\u1ef1a: 285 mm.<\/span><\/li>\n<li><span style=\"color: #000000;\">Di\u1ec7n t\u00edch m\u1eb7t c\u1eaft ngang: 0.007 m\u00b2.<\/span><\/li>\n<li><span style=\"color: #000000;\">Chi\u1ec1u s\u00e2u ph\u1ea7n t\u01b0 h\u00ecnh tr\u00f2n ng\u1eadp n\u01b0\u1edbc: 160 mm.<\/span><\/li>\n<li><span style=\"color: #000000;\">B\u1ed9 qu\u1ea3 c\u00e2n: 4 x 100 g, 1 x 50 g, 5 x 10 g, 1 x 5 g.<\/span><\/li>\n<\/ul>\n<\/li>\n<li><span style=\"color: #000000;\"><strong>FME10 &#8211; M\u00f4-\u0111un hi\u1ec7u chu\u1ea9n \u00e1p su\u1ea5t b\u1eb1ng qu\u1ea3 c\u00e2n<\/strong><\/span>\n<ul>\n<li><span style=\"color: #000000;\">Bao g\u1ed3m m\u1ed9t xi lanh r\u1ed7ng v\u1edbi piston ch\u00ednh x\u00e1c b\u00ean trong.<\/span><\/li>\n<li><span style=\"color: #000000;\">\u00c1p su\u1ea5t \u0111\u01b0\u1ee3c t\u1ea1o ra b\u1eb1ng c\u00e1c qu\u1ea3 c\u00e2n chu\u1ea9n.<\/span><\/li>\n<li><span style=\"color: #000000;\">\u00c1p k\u1ebf Bourdon \u0111\u01b0\u1ee3c k\u1ebft n\u1ed1i v\u1edbi xi lanh qua \u1ed1ng m\u1ec1m.<\/span><\/li>\n<\/ul>\n<\/li>\n<\/ol>\n<p><span style=\"color: #000000;\"><strong>Th\u00f4ng s\u1ed1 k\u1ef9 thu\u1eadt:<\/strong><\/span><\/p>\n<ol>\n<li style=\"list-style-type: none;\">\n<ul>\n<li><span style=\"color: #000000;\">\u00c1p k\u1ebf: Lo\u1ea1i Bourdon, thang \u0111o 0 \u2013 2.5 bar.<\/span><\/li>\n<li><span style=\"color: #000000;\">B\u1ed9 qu\u1ea3 c\u00e2n: 0.5 kg, 1.0 kg, 2.5 kg, 5 kg.<\/span><\/li>\n<li><span style=\"color: #000000;\">\u0110\u01b0\u1eddng k\u00ednh piston: 18 mm.<\/span><\/li>\n<li><span style=\"color: #000000;\">Kh\u1ed1i l\u01b0\u1ee3ng piston: 0.5 kg.<\/span><\/li>\n<\/ul>\n<\/li>\n<li><span style=\"color: #000000;\"><strong>FME11 &#8211; M\u00f4-\u0111un minh h\u1ecda chi\u1ec1u cao t\u00e2m n\u1ed5i (Metacentric Height)<\/strong><\/span>\n<ul>\n<li><span style=\"color: #000000;\">Bao g\u1ed3m m\u1ed9t kh\u1ed1i n\u1ed5i h\u00ecnh l\u0103ng tr\u1ee5 b\u1eb1ng methacrylate v\u1edbi tr\u1ee5 th\u1eb3ng \u0111\u1ee9ng.<\/span><\/li>\n<li><span style=\"color: #000000;\">Kh\u1ed1i l\u01b0\u1ee3ng di \u0111\u1ed9ng c\u00f3 th\u1ec3 \u0111i\u1ec1u ch\u1ec9nh \u0111\u1ec3 thay \u0111\u1ed5i v\u1ecb tr\u00ed tr\u1ecdng t\u00e2m.<\/span><\/li>\n<li><span style=\"color: #000000;\">C\u00f3 qu\u1ea3 d\u1ecdi g\u1eafn \u1edf \u0111\u1ea7u tr\u1ee5 \u0111\u1ec3 \u0111o g\u00f3c nghi\u00eang c\u1ee7a kh\u1ed1i n\u1ed5i.<\/span><\/li>\n<\/ul>\n<\/li>\n<\/ol>\n<p><span style=\"color: #000000;\"><strong>Th\u00f4ng s\u1ed1 k\u1ef9 thu\u1eadt:<\/strong><\/span><\/p>\n<ol>\n<li style=\"list-style-type: none;\">\n<ul>\n<li><span style=\"color: #000000;\">G\u00f3c nghi\u00eang t\u1ed1i \u0111a: +\/- 13\u00b0.<\/span><\/li>\n<\/ul>\n<\/li>\n<\/ol>\n<p><span style=\"color: #000000;\">K\u00edch th\u01b0\u1edbc kh\u1ed1i n\u1ed5i: D\u00e0i: 353 mm. R\u1ed9ng: 204 mm. Cao: 475 mm.<\/span><\/p>\n<p><span style=\"color: #000000;\"><strong>H\u01b0\u1edbng d\u1eabn s\u1eed d\u1ee5ng:<\/strong><\/span><br \/>\n<span style=\"color: #000000;\">Thi\u1ebft b\u1ecb \u0111\u01b0\u1ee3c cung c\u1ea5p k\u00e8m c\u00e1c t\u00e0i li\u1ec7u h\u01b0\u1edbng d\u1eabn:<\/span><\/p>\n<ul>\n<li><span style=\"color: #000000;\">D\u1ecbch v\u1ee5 y\u00eau c\u1ea7u<\/span><\/li>\n<li><span style=\"color: #000000;\">L\u1eafp \u0111\u1eb7t v\u00e0 v\u1eadn h\u00e0nh<\/span><\/li>\n<li><span style=\"color: #000000;\">Kh\u1edfi \u0111\u1ed9ng<\/span><\/li>\n<li><span style=\"color: #000000;\">An to\u00e0n<\/span><\/li>\n<li><span style=\"color: #000000;\">B\u1ea3o tr\u00ec v\u00e0 th\u1ef1c h\u00e0nh<\/span><\/li>\n<\/ul>\n<p><span style=\"color: #000000;\">K\u00edch th\u01b0\u1edbc: 1500 x 800 x 1900 mm (59.05 x 31.49 x 74.80 inch).<\/span><\/p>\n<p><span style=\"color: #000000;\">Tr\u1ecdng l\u01b0\u1ee3ng: 200 kg (440 pounds).<\/span><\/p>\n<p><span style=\"color: #000000;\">Link: https:\/\/www.edibon.com\/en\/hydrostatics-bench-fluid-properties<\/span><\/p>","protected":false},"excerpt":{"rendered":"<p><span style=\"color: #000000;\">B\u00e0n th\u00ed nghi\u1ec7m th\u1ee7y t\u0129nh v\u00e0 t\u00ednh ch\u1ea5t ch\u1ea5t l\u1ecfng (BHI &#8211; The Hydrostatics Bench and Fluid Properties), cho ph\u00e9p nghi\u00ean c\u1ee9u c\u00e1c t\u00ednh ch\u1ea5t ch\u00ednh v\u00e0 bi\u1ec3u hi\u1ec7n c\u1ee7a c\u00e1c ch\u1ea5t l\u1ecfng n\u00e0y trong \u0111i\u1ec1u ki\u1ec7n th\u1ee7y t\u0129nh, v\u1edbi s\u1ef1 h\u1ed7 tr\u1ee3 c\u1ee7a m\u1ed9t s\u1ed1 ph\u1ee5 ki\u1ec7n \u0111\u1ec3 th\u1ef1c hi\u1ec7n c\u00e1c th\u00ed nghi\u1ec7m kh\u00e1c nhau.<\/span><\/p>\n<p>&nbsp;<\/p>","protected":false},"featured_media":1942,"template":"","meta":{"inline_featured_image":false},"product_brand":[47],"product_cat":[91,90],"product_tag":[],"class_list":{"0":"post-1941","1":"product","2":"type-product","3":"status-publish","4":"has-post-thumbnail","6":"product_brand-edibon","7":"product_cat-co-hoc-chat-long","8":"product_cat-thiet-bi-giao-duc","10":"first","11":"instock","12":"shipping-taxable","13":"product-type-simple"},"yoast_head":"<!-- This site is optimized with the Yoast SEO plugin v24.7 - https:\/\/yoast.com\/wordpress\/plugins\/seo\/ -->\n<title>B\u00e0n th\u00ed nghi\u1ec7m th\u1ee7y t\u0129nh v\u00e0 t\u00ednh ch\u1ea5t ch\u1ea5t l\u1ecfng - HTI Scientific<\/title>\n<meta name=\"description\" content=\"B\u00e0n th\u00ed nghi\u1ec7m th\u1ee7y t\u0129nh v\u00e0 t\u00ednh ch\u1ea5t ch\u1ea5t l\u1ecfng nghi\u00ean c\u1ee9u c\u00e1c t\u00ednh ch\u1ea5t ch\u00ednh v\u00e0 bi\u1ec3u hi\u1ec7n c\u1ee7a c\u00e1c ch\u1ea5t l\u1ecfng n\u00e0y trong \u0111i\u1ec1u ki\u1ec7n th\u1ee7y t\u0129nh, v\u1edbi s\u1ef1 h\u1ed7 tr\u1ee3..\" \/>\n<meta name=\"robots\" content=\"index, follow, max-snippet:-1, max-image-preview:large, max-video-preview:-1\" \/>\n<link rel=\"canonical\" href=\"https:\/\/htiscientific.vn\/en\/product\/ban-thi-nghiem-thuy-tinh-va-tinh-chat-chat-long\/\" \/>\n<meta property=\"og:locale\" content=\"en_US\" \/>\n<meta property=\"og:type\" content=\"article\" \/>\n<meta property=\"og:title\" content=\"B\u00e0n th\u00ed nghi\u1ec7m th\u1ee7y t\u0129nh v\u00e0 t\u00ednh ch\u1ea5t ch\u1ea5t l\u1ecfng - HTI Scientific\" \/>\n<meta property=\"og:description\" content=\"B\u00e0n th\u00ed nghi\u1ec7m th\u1ee7y t\u0129nh v\u00e0 t\u00ednh ch\u1ea5t ch\u1ea5t l\u1ecfng nghi\u00ean c\u1ee9u c\u00e1c t\u00ednh ch\u1ea5t ch\u00ednh v\u00e0 bi\u1ec3u hi\u1ec7n c\u1ee7a c\u00e1c ch\u1ea5t l\u1ecfng n\u00e0y trong \u0111i\u1ec1u ki\u1ec7n th\u1ee7y t\u0129nh, v\u1edbi s\u1ef1 h\u1ed7 tr\u1ee3..\" \/>\n<meta property=\"og:url\" content=\"https:\/\/htiscientific.vn\/en\/product\/ban-thi-nghiem-thuy-tinh-va-tinh-chat-chat-long\/\" \/>\n<meta property=\"og:site_name\" content=\"HTI Scientific\" \/>\n<meta property=\"article:publisher\" content=\"https:\/\/www.facebook.com\/htiscientific.vn\" \/>\n<meta property=\"article:modified_time\" content=\"2025-07-09T07:53:25+00:00\" \/>\n<meta property=\"og:image\" content=\"https:\/\/htiscientific.vn\/wp-content\/uploads\/2025\/07\/thiet-ke-chua-co-ten-22.jpg\" \/>\n\t<meta property=\"og:image:width\" content=\"1000\" \/>\n\t<meta property=\"og:image:height\" content=\"1000\" \/>\n\t<meta property=\"og:image:type\" content=\"image\/jpeg\" \/>\n<meta name=\"twitter:card\" content=\"summary_large_image\" \/>\n<meta name=\"twitter:label1\" content=\"Est. reading time\" \/>\n\t<meta name=\"twitter:data1\" content=\"5 minutes\" \/>\n<script type=\"application\/ld+json\" class=\"yoast-schema-graph\">{\"@context\":\"https:\/\/schema.org\",\"@graph\":[{\"@type\":\"WebPage\",\"@id\":\"https:\/\/htiscientific.vn\/san-pham\/ban-thi-nghiem-thuy-tinh-va-tinh-chat-chat-long\/\",\"url\":\"https:\/\/htiscientific.vn\/san-pham\/ban-thi-nghiem-thuy-tinh-va-tinh-chat-chat-long\/\",\"name\":\"B\u00e0n th\u00ed nghi\u1ec7m th\u1ee7y t\u0129nh v\u00e0 t\u00ednh ch\u1ea5t ch\u1ea5t l\u1ecfng - HTI Scientific\",\"isPartOf\":{\"@id\":\"https:\/\/htiscientific.vn\/#website\"},\"primaryImageOfPage\":{\"@id\":\"https:\/\/htiscientific.vn\/san-pham\/ban-thi-nghiem-thuy-tinh-va-tinh-chat-chat-long\/#primaryimage\"},\"image\":{\"@id\":\"https:\/\/htiscientific.vn\/san-pham\/ban-thi-nghiem-thuy-tinh-va-tinh-chat-chat-long\/#primaryimage\"},\"thumbnailUrl\":\"https:\/\/htiscientific.vn\/wp-content\/uploads\/2025\/07\/thiet-ke-chua-co-ten-22.jpg\",\"datePublished\":\"2025-07-09T07:53:09+00:00\",\"dateModified\":\"2025-07-09T07:53:25+00:00\",\"description\":\"B\u00e0n th\u00ed nghi\u1ec7m th\u1ee7y t\u0129nh v\u00e0 t\u00ednh ch\u1ea5t ch\u1ea5t l\u1ecfng nghi\u00ean c\u1ee9u c\u00e1c t\u00ednh ch\u1ea5t ch\u00ednh v\u00e0 bi\u1ec3u hi\u1ec7n c\u1ee7a c\u00e1c ch\u1ea5t l\u1ecfng n\u00e0y trong \u0111i\u1ec1u ki\u1ec7n th\u1ee7y t\u0129nh, v\u1edbi s\u1ef1 h\u1ed7 tr\u1ee3..\",\"breadcrumb\":{\"@id\":\"https:\/\/htiscientific.vn\/san-pham\/ban-thi-nghiem-thuy-tinh-va-tinh-chat-chat-long\/#breadcrumb\"},\"inLanguage\":\"en-US\",\"potentialAction\":[{\"@type\":\"ReadAction\",\"target\":[\"https:\/\/htiscientific.vn\/san-pham\/ban-thi-nghiem-thuy-tinh-va-tinh-chat-chat-long\/\"]}]},{\"@type\":\"ImageObject\",\"inLanguage\":\"en-US\",\"@id\":\"https:\/\/htiscientific.vn\/san-pham\/ban-thi-nghiem-thuy-tinh-va-tinh-chat-chat-long\/#primaryimage\",\"url\":\"https:\/\/htiscientific.vn\/wp-content\/uploads\/2025\/07\/thiet-ke-chua-co-ten-22.jpg\",\"contentUrl\":\"https:\/\/htiscientific.vn\/wp-content\/uploads\/2025\/07\/thiet-ke-chua-co-ten-22.jpg\",\"width\":1000,\"height\":1000,\"caption\":\"Ban-thi-nghiem-thuy-tinh-va-tinh-chat-chat-long\"},{\"@type\":\"BreadcrumbList\",\"@id\":\"https:\/\/htiscientific.vn\/san-pham\/ban-thi-nghiem-thuy-tinh-va-tinh-chat-chat-long\/#breadcrumb\",\"itemListElement\":[{\"@type\":\"ListItem\",\"position\":1,\"name\":\"Trang ch\u1ee7\",\"item\":\"https:\/\/htiscientific.vn\/\"},{\"@type\":\"ListItem\",\"position\":2,\"name\":\"C\u1eeda h\u00e0ng\",\"item\":\"https:\/\/htiscientific.vn\/cua-hang\/\"},{\"@type\":\"ListItem\",\"position\":3,\"name\":\"Thi\u1ebft b\u1ecb gi\u00e1o d\u1ee5c\",\"item\":\"https:\/\/htiscientific.vn\/danh-muc-san-pham\/thiet-bi-giao-duc\/\"},{\"@type\":\"ListItem\",\"position\":4,\"name\":\"C\u01a1 h\u1ecdc ch\u1ea5t l\u1ecfng\",\"item\":\"https:\/\/htiscientific.vn\/danh-muc-san-pham\/thiet-bi-giao-duc\/co-hoc-chat-long\/\"},{\"@type\":\"ListItem\",\"position\":5,\"name\":\"B\u00e0n th\u00ed nghi\u1ec7m th\u1ee7y t\u0129nh v\u00e0 t\u00ednh ch\u1ea5t ch\u1ea5t l\u1ecfng\"}]},{\"@type\":\"WebSite\",\"@id\":\"https:\/\/htiscientific.vn\/#website\",\"url\":\"https:\/\/htiscientific.vn\/\",\"name\":\"HTI Scientific\",\"description\":\"HTI Scientific\",\"publisher\":{\"@id\":\"https:\/\/htiscientific.vn\/#organization\"},\"potentialAction\":[{\"@type\":\"SearchAction\",\"target\":{\"@type\":\"EntryPoint\",\"urlTemplate\":\"https:\/\/htiscientific.vn\/?s={search_term_string}\"},\"query-input\":{\"@type\":\"PropertyValueSpecification\",\"valueRequired\":true,\"valueName\":\"search_term_string\"}}],\"inLanguage\":\"en-US\"},{\"@type\":\"Organization\",\"@id\":\"https:\/\/htiscientific.vn\/#organization\",\"name\":\"HTI Scientific\",\"alternateName\":\"HTI Scientific\",\"url\":\"https:\/\/htiscientific.vn\/\",\"logo\":{\"@type\":\"ImageObject\",\"inLanguage\":\"en-US\",\"@id\":\"https:\/\/htiscientific.vn\/#\/schema\/logo\/image\/\",\"url\":\"https:\/\/htiscientific.vn\/wp-content\/uploads\/2025\/03\/ava-hti-copy.jpg\",\"contentUrl\":\"https:\/\/htiscientific.vn\/wp-content\/uploads\/2025\/03\/ava-hti-copy.jpg\",\"width\":700,\"height\":450,\"caption\":\"HTI Scientific\"},\"image\":{\"@id\":\"https:\/\/htiscientific.vn\/#\/schema\/logo\/image\/\"},\"sameAs\":[\"https:\/\/www.facebook.com\/htiscientific.vn\"]}]}<\/script>\n<!-- \/ Yoast SEO plugin. -->","yoast_head_json":{"title":"B\u00e0n th\u00ed nghi\u1ec7m th\u1ee7y t\u0129nh v\u00e0 t\u00ednh ch\u1ea5t ch\u1ea5t l\u1ecfng - HTI Scientific","description":"B\u00e0n th\u00ed nghi\u1ec7m th\u1ee7y t\u0129nh v\u00e0 t\u00ednh ch\u1ea5t ch\u1ea5t l\u1ecfng nghi\u00ean c\u1ee9u c\u00e1c t\u00ednh ch\u1ea5t ch\u00ednh v\u00e0 bi\u1ec3u hi\u1ec7n c\u1ee7a c\u00e1c ch\u1ea5t l\u1ecfng n\u00e0y trong \u0111i\u1ec1u ki\u1ec7n th\u1ee7y t\u0129nh, v\u1edbi s\u1ef1 h\u1ed7 tr\u1ee3..","robots":{"index":"index","follow":"follow","max-snippet":"max-snippet:-1","max-image-preview":"max-image-preview:large","max-video-preview":"max-video-preview:-1"},"canonical":"https:\/\/htiscientific.vn\/en\/product\/ban-thi-nghiem-thuy-tinh-va-tinh-chat-chat-long\/","og_locale":"en_US","og_type":"article","og_title":"B\u00e0n th\u00ed nghi\u1ec7m th\u1ee7y t\u0129nh v\u00e0 t\u00ednh ch\u1ea5t ch\u1ea5t l\u1ecfng - HTI Scientific","og_description":"B\u00e0n th\u00ed nghi\u1ec7m th\u1ee7y t\u0129nh v\u00e0 t\u00ednh ch\u1ea5t ch\u1ea5t l\u1ecfng nghi\u00ean c\u1ee9u c\u00e1c t\u00ednh ch\u1ea5t ch\u00ednh v\u00e0 bi\u1ec3u hi\u1ec7n c\u1ee7a c\u00e1c ch\u1ea5t l\u1ecfng n\u00e0y trong \u0111i\u1ec1u ki\u1ec7n th\u1ee7y t\u0129nh, v\u1edbi s\u1ef1 h\u1ed7 tr\u1ee3..","og_url":"https:\/\/htiscientific.vn\/en\/product\/ban-thi-nghiem-thuy-tinh-va-tinh-chat-chat-long\/","og_site_name":"HTI Scientific","article_publisher":"https:\/\/www.facebook.com\/htiscientific.vn","article_modified_time":"2025-07-09T07:53:25+00:00","og_image":[{"width":1000,"height":1000,"url":"https:\/\/htiscientific.vn\/wp-content\/uploads\/2025\/07\/thiet-ke-chua-co-ten-22.jpg","type":"image\/jpeg"}],"twitter_card":"summary_large_image","twitter_misc":{"Est. reading time":"5 minutes"},"schema":{"@context":"https:\/\/schema.org","@graph":[{"@type":"WebPage","@id":"https:\/\/htiscientific.vn\/san-pham\/ban-thi-nghiem-thuy-tinh-va-tinh-chat-chat-long\/","url":"https:\/\/htiscientific.vn\/san-pham\/ban-thi-nghiem-thuy-tinh-va-tinh-chat-chat-long\/","name":"B\u00e0n th\u00ed nghi\u1ec7m th\u1ee7y t\u0129nh v\u00e0 t\u00ednh ch\u1ea5t ch\u1ea5t l\u1ecfng - HTI Scientific","isPartOf":{"@id":"https:\/\/htiscientific.vn\/#website"},"primaryImageOfPage":{"@id":"https:\/\/htiscientific.vn\/san-pham\/ban-thi-nghiem-thuy-tinh-va-tinh-chat-chat-long\/#primaryimage"},"image":{"@id":"https:\/\/htiscientific.vn\/san-pham\/ban-thi-nghiem-thuy-tinh-va-tinh-chat-chat-long\/#primaryimage"},"thumbnailUrl":"https:\/\/htiscientific.vn\/wp-content\/uploads\/2025\/07\/thiet-ke-chua-co-ten-22.jpg","datePublished":"2025-07-09T07:53:09+00:00","dateModified":"2025-07-09T07:53:25+00:00","description":"B\u00e0n th\u00ed nghi\u1ec7m th\u1ee7y t\u0129nh v\u00e0 t\u00ednh ch\u1ea5t ch\u1ea5t l\u1ecfng nghi\u00ean c\u1ee9u c\u00e1c t\u00ednh ch\u1ea5t ch\u00ednh v\u00e0 bi\u1ec3u hi\u1ec7n c\u1ee7a c\u00e1c ch\u1ea5t l\u1ecfng n\u00e0y trong \u0111i\u1ec1u ki\u1ec7n th\u1ee7y t\u0129nh, v\u1edbi s\u1ef1 h\u1ed7 tr\u1ee3..","breadcrumb":{"@id":"https:\/\/htiscientific.vn\/san-pham\/ban-thi-nghiem-thuy-tinh-va-tinh-chat-chat-long\/#breadcrumb"},"inLanguage":"en-US","potentialAction":[{"@type":"ReadAction","target":["https:\/\/htiscientific.vn\/san-pham\/ban-thi-nghiem-thuy-tinh-va-tinh-chat-chat-long\/"]}]},{"@type":"ImageObject","inLanguage":"en-US","@id":"https:\/\/htiscientific.vn\/san-pham\/ban-thi-nghiem-thuy-tinh-va-tinh-chat-chat-long\/#primaryimage","url":"https:\/\/htiscientific.vn\/wp-content\/uploads\/2025\/07\/thiet-ke-chua-co-ten-22.jpg","contentUrl":"https:\/\/htiscientific.vn\/wp-content\/uploads\/2025\/07\/thiet-ke-chua-co-ten-22.jpg","width":1000,"height":1000,"caption":"Ban-thi-nghiem-thuy-tinh-va-tinh-chat-chat-long"},{"@type":"BreadcrumbList","@id":"https:\/\/htiscientific.vn\/san-pham\/ban-thi-nghiem-thuy-tinh-va-tinh-chat-chat-long\/#breadcrumb","itemListElement":[{"@type":"ListItem","position":1,"name":"Trang ch\u1ee7","item":"https:\/\/htiscientific.vn\/"},{"@type":"ListItem","position":2,"name":"C\u1eeda h\u00e0ng","item":"https:\/\/htiscientific.vn\/cua-hang\/"},{"@type":"ListItem","position":3,"name":"Thi\u1ebft b\u1ecb gi\u00e1o d\u1ee5c","item":"https:\/\/htiscientific.vn\/danh-muc-san-pham\/thiet-bi-giao-duc\/"},{"@type":"ListItem","position":4,"name":"C\u01a1 h\u1ecdc ch\u1ea5t l\u1ecfng","item":"https:\/\/htiscientific.vn\/danh-muc-san-pham\/thiet-bi-giao-duc\/co-hoc-chat-long\/"},{"@type":"ListItem","position":5,"name":"B\u00e0n th\u00ed nghi\u1ec7m th\u1ee7y t\u0129nh v\u00e0 t\u00ednh ch\u1ea5t ch\u1ea5t l\u1ecfng"}]},{"@type":"WebSite","@id":"https:\/\/htiscientific.vn\/#website","url":"https:\/\/htiscientific.vn\/","name":"HTI Scientific","description":"HTI Scientific","publisher":{"@id":"https:\/\/htiscientific.vn\/#organization"},"potentialAction":[{"@type":"SearchAction","target":{"@type":"EntryPoint","urlTemplate":"https:\/\/htiscientific.vn\/?s={search_term_string}"},"query-input":{"@type":"PropertyValueSpecification","valueRequired":true,"valueName":"search_term_string"}}],"inLanguage":"en-US"},{"@type":"Organization","@id":"https:\/\/htiscientific.vn\/#organization","name":"HTI Scientific","alternateName":"HTI Scientific","url":"https:\/\/htiscientific.vn\/","logo":{"@type":"ImageObject","inLanguage":"en-US","@id":"https:\/\/htiscientific.vn\/#\/schema\/logo\/image\/","url":"https:\/\/htiscientific.vn\/wp-content\/uploads\/2025\/03\/ava-hti-copy.jpg","contentUrl":"https:\/\/htiscientific.vn\/wp-content\/uploads\/2025\/03\/ava-hti-copy.jpg","width":700,"height":450,"caption":"HTI Scientific"},"image":{"@id":"https:\/\/htiscientific.vn\/#\/schema\/logo\/image\/"},"sameAs":["https:\/\/www.facebook.com\/htiscientific.vn"]}]}},"_links":{"self":[{"href":"https:\/\/htiscientific.vn\/en\/wp-json\/wp\/v2\/product\/1941","targetHints":{"allow":["GET"]}}],"collection":[{"href":"https:\/\/htiscientific.vn\/en\/wp-json\/wp\/v2\/product"}],"about":[{"href":"https:\/\/htiscientific.vn\/en\/wp-json\/wp\/v2\/types\/product"}],"wp:featuredmedia":[{"embeddable":true,"href":"https:\/\/htiscientific.vn\/en\/wp-json\/wp\/v2\/media\/1942"}],"wp:attachment":[{"href":"https:\/\/htiscientific.vn\/en\/wp-json\/wp\/v2\/media?parent=1941"}],"wp:term":[{"taxonomy":"product_brand","embeddable":true,"href":"https:\/\/htiscientific.vn\/en\/wp-json\/wp\/v2\/product_brand?post=1941"},{"taxonomy":"product_cat","embeddable":true,"href":"https:\/\/htiscientific.vn\/en\/wp-json\/wp\/v2\/product_cat?post=1941"},{"taxonomy":"product_tag","embeddable":true,"href":"https:\/\/htiscientific.vn\/en\/wp-json\/wp\/v2\/product_tag?post=1941"}],"curies":[{"name":"wp","href":"https:\/\/api.w.org\/{rel}","templated":true}]}}