{"id":1913,"date":"2025-06-26T14:22:27","date_gmt":"2025-06-26T07:22:27","guid":{"rendered":"https:\/\/htiscientific.vn\/?post_type=product&#038;p=1913"},"modified":"2025-06-26T14:22:27","modified_gmt":"2025-06-26T07:22:27","slug":"he-thong-thi-nghiem-thuc-hanh-lap-dat-va-bao-tri-co-khi","status":"publish","type":"product","link":"https:\/\/htiscientific.vn\/en\/product\/he-thong-thi-nghiem-thuc-hanh-lap-dat-va-bao-tri-co-khi\/","title":{"rendered":"H\u1ec7 th\u1ed1ng th\u00ed nghi\u1ec7m th\u1ef1c h\u00e0nh l\u1eafp \u0111\u1eb7t v\u00e0 b\u1ea3o tr\u00ec c\u01a1 kh\u00ed"},"content":{"rendered":"<p><span style=\"color: #000000;\">H\u1ec7 th\u1ed1ng th\u00ed nghi\u1ec7m th\u1ef1c h\u00e0nh l\u1eafp \u0111\u1eb7t v\u00e0 b\u1ea3o tr\u00ec c\u01a1 kh\u00ed<\/span><\/p>\n<p><span style=\"color: #000000;\">Model: MGCM\/ SGCM<\/span><\/p>\n<p><span style=\"color: #000000;\">H\u00e3ng s\u1ea3n xu\u1ea5t: <a href=\"https:\/\/htiscientific.vn\/en\/hang-san-xuat\/edibon\/\">Edibon<\/a>-T\u00e2y Ban Nha<\/span><\/p>\n<p><span style=\"color: #000000;\">Xu\u1ea5t x\u1ee9: T\u00e2y Ban Nha<\/span><\/p>\n<p data-start=\"130\" data-end=\"378\"><span style=\"color: #000000;\"><a href=\"https:\/\/www.edibon.com\/en\/unit-to-study-a-mitre-gear-cutaway-model\">Thi\u1ebft b\u1ecb nghi\u00ean c\u1ee9u m\u00f4 h\u00ecnh c\u1eaft b\u1ed9 truy\u1ec1n b\u00e1nh r\u0103ng Mitre<\/a> cung c\u1ea5p c\u00e1i nh\u00ecn chi ti\u1ebft v\u1ec1 h\u1ec7 th\u1ed1ng truy\u1ec1n \u0111\u1ed9ng n\u00e0y, bao g\u1ed3m hai b\u00e1nh r\u0103ng c\u00f4n, \u0111\u01b0\u1ee3c thi\u1ebft k\u1ebf \u0111\u1ec3 truy\u1ec1n chuy\u1ec3n \u0111\u1ed9ng gi\u1eefa hai tr\u1ee5c giao nhau, th\u01b0\u1eddng n\u1eb1m vu\u00f4ng g\u00f3c v\u1edbi nhau.<\/span><\/p>\n<p data-start=\"380\" data-end=\"508\"><span style=\"color: #000000;\">Nh\u1edd kh\u1ea3 n\u0103ng thay \u0111\u1ed5i h\u01b0\u1edbng quay v\u00e0 truy\u1ec1n m\u00f4-men xo\u1eafn hi\u1ec7u qu\u1ea3, b\u1ed9 truy\u1ec1n b\u00e1nh r\u0103ng Mitre \u0111\u01b0\u1ee3c \u1ee9ng d\u1ee5ng r\u1ed9ng r\u00e3i trong:<\/span><\/p>\n<ul data-start=\"509\" data-end=\"658\">\n<li data-start=\"509\" data-end=\"527\">\n<p data-start=\"511\" data-end=\"527\"><span style=\"color: #000000;\">Vi sai \u00f4 t\u00f4,<\/span><\/p>\n<\/li>\n<li data-start=\"528\" data-end=\"554\">\n<p data-start=\"530\" data-end=\"554\"><span style=\"color: #000000;\">M\u00e1y m\u00f3c c\u00f4ng nghi\u1ec7p,<\/span><\/p>\n<\/li>\n<li data-start=\"555\" data-end=\"658\">\n<p data-start=\"557\" data-end=\"658\"><span style=\"color: #000000;\">V\u00e0 c\u00e1c h\u1ec7 th\u1ed1ng truy\u1ec1n \u0111\u1ed9ng c\u01a1 kh\u00ed,<\/span><br data-start=\"596\" data-end=\"599\" \/><span style=\"color: #000000;\">n\u01a1i y\u00eau c\u1ea7u ki\u1ec3m so\u00e1t chuy\u1ec3n \u0111\u1ed9ng ch\u00ednh x\u00e1c v\u00e0 \u1ed5n \u0111\u1ecbnh.<\/span><\/p>\n<\/li>\n<\/ul>","protected":false},"excerpt":{"rendered":"<p><span style=\"color: #000000;\">H\u1ec7 th\u1ed1ng th\u00ed nghi\u1ec7m th\u1ef1c h\u00e0nh l\u1eafp \u0111\u1eb7t v\u00e0 b\u1ea3o tr\u00ec c\u01a1 kh\u00ed<\/span><\/p>\n<p><span style=\"color: #000000;\">Model: MGCM\/ SGCM<\/span><\/p>\n<p><span style=\"color: #000000;\">H\u00e3ng s\u1ea3n xu\u1ea5t: <a href=\"https:\/\/htiscientific.vn\/en\/hang-san-xuat\/edibon\/\">Edibon<\/a>-T\u00e2y Ban Nha<\/span><\/p>\n<p><span style=\"color: #000000;\">Xu\u1ea5t x\u1ee9: T\u00e2y Ban Nha<\/span><\/p>","protected":false},"featured_media":1910,"template":"","meta":{"inline_featured_image":false},"product_brand":[47],"product_cat":[104,90],"product_tag":[],"class_list":{"0":"post-1913","1":"product","2":"type-product","3":"status-publish","4":"has-post-thumbnail","6":"product_brand-edibon","7":"product_cat-co-khi","8":"product_cat-thiet-bi-giao-duc","10":"first","11":"instock","12":"shipping-taxable","13":"product-type-simple"},"yoast_head":"<!-- This site is optimized with the Yoast SEO plugin v24.7 - https:\/\/yoast.com\/wordpress\/plugins\/seo\/ -->\n<title>H\u1ec7 th\u1ed1ng th\u00ed nghi\u1ec7m th\u1ef1c h\u00e0nh l\u1eafp \u0111\u1eb7t v\u00e0 b\u1ea3o tr\u00ec c\u01a1 kh\u00ed - HTI Scientific<\/title>\n<meta name=\"description\" content=\"H\u1ec7 th\u1ed1ng th\u00ed nghi\u1ec7m th\u1ef1c h\u00e0nh l\u1eafp \u0111\u1eb7t v\u00e0 b\u1ea3o tr\u00ec c\u01a1 kh\u00ed \u0111\u01b0\u1ee3c thi\u1ebft k\u1ebf b\u1edfi EDIBON\" \/>\n<meta name=\"robots\" content=\"index, follow, max-snippet:-1, max-image-preview:large, max-video-preview:-1\" \/>\n<link rel=\"canonical\" href=\"https:\/\/htiscientific.vn\/en\/product\/he-thong-thi-nghiem-thuc-hanh-lap-dat-va-bao-tri-co-khi\/\" \/>\n<meta property=\"og:locale\" content=\"en_US\" \/>\n<meta property=\"og:type\" content=\"article\" \/>\n<meta property=\"og:title\" content=\"H\u1ec7 th\u1ed1ng th\u00ed nghi\u1ec7m th\u1ef1c h\u00e0nh l\u1eafp \u0111\u1eb7t v\u00e0 b\u1ea3o tr\u00ec c\u01a1 kh\u00ed - HTI Scientific\" \/>\n<meta property=\"og:description\" content=\"H\u1ec7 th\u1ed1ng th\u00ed nghi\u1ec7m th\u1ef1c h\u00e0nh l\u1eafp \u0111\u1eb7t v\u00e0 b\u1ea3o tr\u00ec c\u01a1 kh\u00ed \u0111\u01b0\u1ee3c thi\u1ebft k\u1ebf b\u1edfi EDIBON\" \/>\n<meta property=\"og:url\" content=\"https:\/\/htiscientific.vn\/en\/product\/he-thong-thi-nghiem-thuc-hanh-lap-dat-va-bao-tri-co-khi\/\" \/>\n<meta property=\"og:site_name\" content=\"HTI Scientific\" \/>\n<meta property=\"article:publisher\" content=\"https:\/\/www.facebook.com\/htiscientific.vn\" \/>\n<meta property=\"og:image\" content=\"https:\/\/htiscientific.vn\/wp-content\/uploads\/2025\/06\/75.jpg\" \/>\n\t<meta property=\"og:image:width\" content=\"1000\" \/>\n\t<meta property=\"og:image:height\" content=\"1000\" \/>\n\t<meta property=\"og:image:type\" content=\"image\/jpeg\" \/>\n<meta name=\"twitter:card\" content=\"summary_large_image\" \/>\n<meta name=\"twitter:label1\" content=\"Est. reading time\" \/>\n\t<meta name=\"twitter:data1\" content=\"1 minute\" \/>\n<script type=\"application\/ld+json\" class=\"yoast-schema-graph\">{\"@context\":\"https:\/\/schema.org\",\"@graph\":[{\"@type\":\"WebPage\",\"@id\":\"https:\/\/htiscientific.vn\/san-pham\/he-thong-thi-nghiem-thuc-hanh-lap-dat-va-bao-tri-co-khi\/\",\"url\":\"https:\/\/htiscientific.vn\/san-pham\/he-thong-thi-nghiem-thuc-hanh-lap-dat-va-bao-tri-co-khi\/\",\"name\":\"H\u1ec7 th\u1ed1ng th\u00ed nghi\u1ec7m th\u1ef1c h\u00e0nh l\u1eafp \u0111\u1eb7t v\u00e0 b\u1ea3o tr\u00ec c\u01a1 kh\u00ed - HTI Scientific\",\"isPartOf\":{\"@id\":\"https:\/\/htiscientific.vn\/#website\"},\"primaryImageOfPage\":{\"@id\":\"https:\/\/htiscientific.vn\/san-pham\/he-thong-thi-nghiem-thuc-hanh-lap-dat-va-bao-tri-co-khi\/#primaryimage\"},\"image\":{\"@id\":\"https:\/\/htiscientific.vn\/san-pham\/he-thong-thi-nghiem-thuc-hanh-lap-dat-va-bao-tri-co-khi\/#primaryimage\"},\"thumbnailUrl\":\"https:\/\/htiscientific.vn\/wp-content\/uploads\/2025\/06\/75.jpg\",\"datePublished\":\"2025-06-26T07:22:27+00:00\",\"description\":\"H\u1ec7 th\u1ed1ng th\u00ed nghi\u1ec7m th\u1ef1c h\u00e0nh l\u1eafp \u0111\u1eb7t v\u00e0 b\u1ea3o tr\u00ec c\u01a1 kh\u00ed \u0111\u01b0\u1ee3c thi\u1ebft k\u1ebf b\u1edfi EDIBON\",\"breadcrumb\":{\"@id\":\"https:\/\/htiscientific.vn\/san-pham\/he-thong-thi-nghiem-thuc-hanh-lap-dat-va-bao-tri-co-khi\/#breadcrumb\"},\"inLanguage\":\"en-US\",\"potentialAction\":[{\"@type\":\"ReadAction\",\"target\":[\"https:\/\/htiscientific.vn\/san-pham\/he-thong-thi-nghiem-thuc-hanh-lap-dat-va-bao-tri-co-khi\/\"]}]},{\"@type\":\"ImageObject\",\"inLanguage\":\"en-US\",\"@id\":\"https:\/\/htiscientific.vn\/san-pham\/he-thong-thi-nghiem-thuc-hanh-lap-dat-va-bao-tri-co-khi\/#primaryimage\",\"url\":\"https:\/\/htiscientific.vn\/wp-content\/uploads\/2025\/06\/75.jpg\",\"contentUrl\":\"https:\/\/htiscientific.vn\/wp-content\/uploads\/2025\/06\/75.jpg\",\"width\":1000,\"height\":1000,\"caption\":\"MGCM-SGCM\"},{\"@type\":\"BreadcrumbList\",\"@id\":\"https:\/\/htiscientific.vn\/san-pham\/he-thong-thi-nghiem-thuc-hanh-lap-dat-va-bao-tri-co-khi\/#breadcrumb\",\"itemListElement\":[{\"@type\":\"ListItem\",\"position\":1,\"name\":\"Trang ch\u1ee7\",\"item\":\"https:\/\/htiscientific.vn\/\"},{\"@type\":\"ListItem\",\"position\":2,\"name\":\"C\u1eeda h\u00e0ng\",\"item\":\"https:\/\/htiscientific.vn\/cua-hang\/\"},{\"@type\":\"ListItem\",\"position\":3,\"name\":\"Thi\u1ebft b\u1ecb gi\u00e1o d\u1ee5c\",\"item\":\"https:\/\/htiscientific.vn\/danh-muc-san-pham\/thiet-bi-giao-duc\/\"},{\"@type\":\"ListItem\",\"position\":4,\"name\":\"C\u01a1 kh\u00ed\",\"item\":\"https:\/\/htiscientific.vn\/danh-muc-san-pham\/thiet-bi-giao-duc\/co-khi\/\"},{\"@type\":\"ListItem\",\"position\":5,\"name\":\"H\u1ec7 th\u1ed1ng th\u00ed nghi\u1ec7m th\u1ef1c h\u00e0nh l\u1eafp \u0111\u1eb7t v\u00e0 b\u1ea3o tr\u00ec c\u01a1 kh\u00ed\"}]},{\"@type\":\"WebSite\",\"@id\":\"https:\/\/htiscientific.vn\/#website\",\"url\":\"https:\/\/htiscientific.vn\/\",\"name\":\"HTI Scientific\",\"description\":\"HTI Scientific\",\"publisher\":{\"@id\":\"https:\/\/htiscientific.vn\/#organization\"},\"potentialAction\":[{\"@type\":\"SearchAction\",\"target\":{\"@type\":\"EntryPoint\",\"urlTemplate\":\"https:\/\/htiscientific.vn\/?s={search_term_string}\"},\"query-input\":{\"@type\":\"PropertyValueSpecification\",\"valueRequired\":true,\"valueName\":\"search_term_string\"}}],\"inLanguage\":\"en-US\"},{\"@type\":\"Organization\",\"@id\":\"https:\/\/htiscientific.vn\/#organization\",\"name\":\"HTI Scientific\",\"alternateName\":\"HTI Scientific\",\"url\":\"https:\/\/htiscientific.vn\/\",\"logo\":{\"@type\":\"ImageObject\",\"inLanguage\":\"en-US\",\"@id\":\"https:\/\/htiscientific.vn\/#\/schema\/logo\/image\/\",\"url\":\"https:\/\/htiscientific.vn\/wp-content\/uploads\/2025\/03\/ava-hti-copy.jpg\",\"contentUrl\":\"https:\/\/htiscientific.vn\/wp-content\/uploads\/2025\/03\/ava-hti-copy.jpg\",\"width\":700,\"height\":450,\"caption\":\"HTI Scientific\"},\"image\":{\"@id\":\"https:\/\/htiscientific.vn\/#\/schema\/logo\/image\/\"},\"sameAs\":[\"https:\/\/www.facebook.com\/htiscientific.vn\"]}]}<\/script>\n<!-- \/ Yoast SEO plugin. -->","yoast_head_json":{"title":"H\u1ec7 th\u1ed1ng th\u00ed nghi\u1ec7m th\u1ef1c h\u00e0nh l\u1eafp \u0111\u1eb7t v\u00e0 b\u1ea3o tr\u00ec c\u01a1 kh\u00ed - HTI Scientific","description":"H\u1ec7 th\u1ed1ng th\u00ed nghi\u1ec7m th\u1ef1c h\u00e0nh l\u1eafp \u0111\u1eb7t v\u00e0 b\u1ea3o tr\u00ec c\u01a1 kh\u00ed \u0111\u01b0\u1ee3c thi\u1ebft k\u1ebf b\u1edfi EDIBON","robots":{"index":"index","follow":"follow","max-snippet":"max-snippet:-1","max-image-preview":"max-image-preview:large","max-video-preview":"max-video-preview:-1"},"canonical":"https:\/\/htiscientific.vn\/en\/product\/he-thong-thi-nghiem-thuc-hanh-lap-dat-va-bao-tri-co-khi\/","og_locale":"en_US","og_type":"article","og_title":"H\u1ec7 th\u1ed1ng th\u00ed nghi\u1ec7m th\u1ef1c h\u00e0nh l\u1eafp \u0111\u1eb7t v\u00e0 b\u1ea3o tr\u00ec c\u01a1 kh\u00ed - HTI Scientific","og_description":"H\u1ec7 th\u1ed1ng th\u00ed nghi\u1ec7m th\u1ef1c h\u00e0nh l\u1eafp \u0111\u1eb7t v\u00e0 b\u1ea3o tr\u00ec c\u01a1 kh\u00ed \u0111\u01b0\u1ee3c thi\u1ebft k\u1ebf b\u1edfi EDIBON","og_url":"https:\/\/htiscientific.vn\/en\/product\/he-thong-thi-nghiem-thuc-hanh-lap-dat-va-bao-tri-co-khi\/","og_site_name":"HTI Scientific","article_publisher":"https:\/\/www.facebook.com\/htiscientific.vn","og_image":[{"width":1000,"height":1000,"url":"https:\/\/htiscientific.vn\/wp-content\/uploads\/2025\/06\/75.jpg","type":"image\/jpeg"}],"twitter_card":"summary_large_image","twitter_misc":{"Est. reading time":"1 minute"},"schema":{"@context":"https:\/\/schema.org","@graph":[{"@type":"WebPage","@id":"https:\/\/htiscientific.vn\/san-pham\/he-thong-thi-nghiem-thuc-hanh-lap-dat-va-bao-tri-co-khi\/","url":"https:\/\/htiscientific.vn\/san-pham\/he-thong-thi-nghiem-thuc-hanh-lap-dat-va-bao-tri-co-khi\/","name":"H\u1ec7 th\u1ed1ng th\u00ed nghi\u1ec7m th\u1ef1c h\u00e0nh l\u1eafp \u0111\u1eb7t v\u00e0 b\u1ea3o tr\u00ec c\u01a1 kh\u00ed - HTI Scientific","isPartOf":{"@id":"https:\/\/htiscientific.vn\/#website"},"primaryImageOfPage":{"@id":"https:\/\/htiscientific.vn\/san-pham\/he-thong-thi-nghiem-thuc-hanh-lap-dat-va-bao-tri-co-khi\/#primaryimage"},"image":{"@id":"https:\/\/htiscientific.vn\/san-pham\/he-thong-thi-nghiem-thuc-hanh-lap-dat-va-bao-tri-co-khi\/#primaryimage"},"thumbnailUrl":"https:\/\/htiscientific.vn\/wp-content\/uploads\/2025\/06\/75.jpg","datePublished":"2025-06-26T07:22:27+00:00","description":"H\u1ec7 th\u1ed1ng th\u00ed nghi\u1ec7m th\u1ef1c h\u00e0nh l\u1eafp \u0111\u1eb7t v\u00e0 b\u1ea3o tr\u00ec c\u01a1 kh\u00ed \u0111\u01b0\u1ee3c thi\u1ebft k\u1ebf b\u1edfi EDIBON","breadcrumb":{"@id":"https:\/\/htiscientific.vn\/san-pham\/he-thong-thi-nghiem-thuc-hanh-lap-dat-va-bao-tri-co-khi\/#breadcrumb"},"inLanguage":"en-US","potentialAction":[{"@type":"ReadAction","target":["https:\/\/htiscientific.vn\/san-pham\/he-thong-thi-nghiem-thuc-hanh-lap-dat-va-bao-tri-co-khi\/"]}]},{"@type":"ImageObject","inLanguage":"en-US","@id":"https:\/\/htiscientific.vn\/san-pham\/he-thong-thi-nghiem-thuc-hanh-lap-dat-va-bao-tri-co-khi\/#primaryimage","url":"https:\/\/htiscientific.vn\/wp-content\/uploads\/2025\/06\/75.jpg","contentUrl":"https:\/\/htiscientific.vn\/wp-content\/uploads\/2025\/06\/75.jpg","width":1000,"height":1000,"caption":"MGCM-SGCM"},{"@type":"BreadcrumbList","@id":"https:\/\/htiscientific.vn\/san-pham\/he-thong-thi-nghiem-thuc-hanh-lap-dat-va-bao-tri-co-khi\/#breadcrumb","itemListElement":[{"@type":"ListItem","position":1,"name":"Trang ch\u1ee7","item":"https:\/\/htiscientific.vn\/"},{"@type":"ListItem","position":2,"name":"C\u1eeda h\u00e0ng","item":"https:\/\/htiscientific.vn\/cua-hang\/"},{"@type":"ListItem","position":3,"name":"Thi\u1ebft b\u1ecb gi\u00e1o d\u1ee5c","item":"https:\/\/htiscientific.vn\/danh-muc-san-pham\/thiet-bi-giao-duc\/"},{"@type":"ListItem","position":4,"name":"C\u01a1 kh\u00ed","item":"https:\/\/htiscientific.vn\/danh-muc-san-pham\/thiet-bi-giao-duc\/co-khi\/"},{"@type":"ListItem","position":5,"name":"H\u1ec7 th\u1ed1ng th\u00ed nghi\u1ec7m th\u1ef1c h\u00e0nh l\u1eafp \u0111\u1eb7t v\u00e0 b\u1ea3o tr\u00ec c\u01a1 kh\u00ed"}]},{"@type":"WebSite","@id":"https:\/\/htiscientific.vn\/#website","url":"https:\/\/htiscientific.vn\/","name":"HTI Scientific","description":"HTI Scientific","publisher":{"@id":"https:\/\/htiscientific.vn\/#organization"},"potentialAction":[{"@type":"SearchAction","target":{"@type":"EntryPoint","urlTemplate":"https:\/\/htiscientific.vn\/?s={search_term_string}"},"query-input":{"@type":"PropertyValueSpecification","valueRequired":true,"valueName":"search_term_string"}}],"inLanguage":"en-US"},{"@type":"Organization","@id":"https:\/\/htiscientific.vn\/#organization","name":"HTI Scientific","alternateName":"HTI Scientific","url":"https:\/\/htiscientific.vn\/","logo":{"@type":"ImageObject","inLanguage":"en-US","@id":"https:\/\/htiscientific.vn\/#\/schema\/logo\/image\/","url":"https:\/\/htiscientific.vn\/wp-content\/uploads\/2025\/03\/ava-hti-copy.jpg","contentUrl":"https:\/\/htiscientific.vn\/wp-content\/uploads\/2025\/03\/ava-hti-copy.jpg","width":700,"height":450,"caption":"HTI Scientific"},"image":{"@id":"https:\/\/htiscientific.vn\/#\/schema\/logo\/image\/"},"sameAs":["https:\/\/www.facebook.com\/htiscientific.vn"]}]}},"_links":{"self":[{"href":"https:\/\/htiscientific.vn\/en\/wp-json\/wp\/v2\/product\/1913","targetHints":{"allow":["GET"]}}],"collection":[{"href":"https:\/\/htiscientific.vn\/en\/wp-json\/wp\/v2\/product"}],"about":[{"href":"https:\/\/htiscientific.vn\/en\/wp-json\/wp\/v2\/types\/product"}],"wp:featuredmedia":[{"embeddable":true,"href":"https:\/\/htiscientific.vn\/en\/wp-json\/wp\/v2\/media\/1910"}],"wp:attachment":[{"href":"https:\/\/htiscientific.vn\/en\/wp-json\/wp\/v2\/media?parent=1913"}],"wp:term":[{"taxonomy":"product_brand","embeddable":true,"href":"https:\/\/htiscientific.vn\/en\/wp-json\/wp\/v2\/product_brand?post=1913"},{"taxonomy":"product_cat","embeddable":true,"href":"https:\/\/htiscientific.vn\/en\/wp-json\/wp\/v2\/product_cat?post=1913"},{"taxonomy":"product_tag","embeddable":true,"href":"https:\/\/htiscientific.vn\/en\/wp-json\/wp\/v2\/product_tag?post=1913"}],"curies":[{"name":"wp","href":"https:\/\/api.w.org\/{rel}","templated":true}]}}