{"id":1908,"date":"2025-06-26T14:16:13","date_gmt":"2025-06-26T07:16:13","guid":{"rendered":"https:\/\/htiscientific.vn\/?post_type=product&#038;p=1908"},"modified":"2025-06-26T14:16:13","modified_gmt":"2025-06-26T07:16:13","slug":"he-thong-thuc-hanh-co-khi-o-to","status":"publish","type":"product","link":"https:\/\/htiscientific.vn\/en\/product\/he-thong-thuc-hanh-co-khi-o-to\/","title":{"rendered":"H\u1ec7 th\u1ed1ng th\u1ef1c h\u00e0nh c\u01a1 kh\u00ed \u00f4 t\u00f4"},"content":{"rendered":"<p><span style=\"color: #000000;\">Model: MTE<\/span><\/p>\n<p><span style=\"color: #000000;\">H\u00e3ng s\u1ea3n xu\u1ea5t: Edibon-T\u00e2y Ban Nha<\/span><\/p>\n<p><span style=\"color: #000000;\">Xu\u1ea5t x\u1ee9: T\u00e2y Ban Nha<\/span><\/p>\n<p data-start=\"203\" data-end=\"437\"><span style=\"color: #000000;\">Instrumentation <strong data-start=\"212\" data-end=\"222\">&#8220;<a href=\"https:\/\/www.edibon.com\/en\/epicyclic-gear-unit-3-elements\">MTE 3<\/a>&#8220;<\/strong> do <a href=\"https:\/\/htiscientific.vn\/en\/hang-san-xuat\/edibon\/\"><strong data-start=\"226\" data-end=\"236\">EDIBON<\/strong><\/a> thi\u1ebft k\u1ebf bao g\u1ed3m <strong data-start=\"254\" data-end=\"290\">ba b\u1ed9 truy\u1ec1n b\u00e1nh r\u0103ng h\u00e0nh tinh<\/strong> \u0111\u01b0\u1ee3c li\u00ean k\u1ebft v\u1edbi nhau. Thi\u1ebft b\u1ecb cho ph\u00e9p sinh vi\u00ean th\u1ef1c hi\u1ec7n c\u00e1c th\u00ed nghi\u1ec7m v\u1ec1 <strong data-start=\"371\" data-end=\"402\">t\u1ef7 s\u1ed1 truy\u1ec1n \u0111\u1ed9ng kh\u00e1c nhau<\/strong> c\u0169ng nh\u01b0 <strong data-start=\"412\" data-end=\"436\">bi\u1ebfn \u0111\u1ed5i m\u00f4-men xo\u1eafn<\/strong>.<\/span><\/p>\n<p data-start=\"439\" data-end=\"554\"><span style=\"color: #000000;\">C\u00e1c b\u1ed9 b\u00e1nh r\u0103ng h\u00e0nh tinh \u0111\u01b0\u1ee3c l\u1eafp \u0111\u1eb7t trong thi\u1ebft b\u1ecb <strong data-start=\"494\" data-end=\"504\">&#8220;MTE3&#8221;<\/strong> \u0111\u1ec1u c\u00f3 c\u00f9ng c\u1ea5u tr\u00fac, bao g\u1ed3m c\u00e1c th\u00e0nh ph\u1ea7n sau:<\/span><\/p>\n<ul data-start=\"556\" data-end=\"702\">\n<li data-start=\"556\" data-end=\"601\">\n<p data-start=\"558\" data-end=\"601\"><span style=\"color: #000000;\"><strong data-start=\"558\" data-end=\"591\">B\u00e1nh r\u0103ng m\u1eb7t tr\u1eddi (Sun gear)<\/strong>: Z = 21<\/span><\/p>\n<\/li>\n<li data-start=\"602\" data-end=\"660\">\n<p data-start=\"604\" data-end=\"660\"><span style=\"color: #000000;\"><strong data-start=\"604\" data-end=\"650\">B\u1ed9 b\u00e1nh r\u0103ng v\u1ec7 tinh (Satellite gears set)<\/strong>: Z = 21<\/span><\/p>\n<\/li>\n<li data-start=\"661\" data-end=\"702\">\n<p data-start=\"663\" data-end=\"702\"><span style=\"color: #000000;\"><strong data-start=\"663\" data-end=\"694\">V\u00e0nh r\u0103ng trong (Ring gear)<\/strong>: Z = 63<\/span><\/p>\n<\/li>\n<\/ul>\n<p data-start=\"704\" data-end=\"903\"><span style=\"color: #000000;\">Thi\u1ebft b\u1ecb \u0111\u01b0\u1ee3c trang b\u1ecb <strong data-start=\"727\" data-end=\"746\">hai \u0111\u0129a chia \u0111\u1ed9<\/strong> n\u1eb1m \u1edf <strong data-start=\"753\" data-end=\"765\">tr\u1ee5c v\u00e0o<\/strong> v\u00e0 <strong data-start=\"769\" data-end=\"780\">tr\u1ee5c ra<\/strong>, cho ph\u00e9p ng\u01b0\u1eddi d\u00f9ng ki\u1ec3m tra <strong data-start=\"811\" data-end=\"828\">t\u1ef7 s\u1ed1 v\u1eadn t\u1ed1c<\/strong> v\u00e0 <strong data-start=\"832\" data-end=\"847\">m\u00f4-men xo\u1eafn<\/strong> t\u01b0\u01a1ng \u1ee9ng theo t\u1eebng t\u00ecnh hu\u1ed1ng \u00e1p d\u1ee5ng phanh kh\u00e1c nhau.<\/span><\/p>\n<p data-start=\"905\" data-end=\"990\"><span style=\"color: #000000;\">Ngu\u1ed3n c\u00f4ng su\u1ea5t \u0111\u01b0\u1ee3c truy\u1ec1n t\u1edbi b\u1ed9 truy\u1ec1n h\u00e0nh tinh th\u00f4ng qua <strong data-start=\"967\" data-end=\"989\">b\u00e1nh r\u0103ng m\u1eb7t tr\u1eddi<\/strong>.<\/span><\/p>","protected":false},"excerpt":{"rendered":"<p><span style=\"color: #000000;\">H\u1ec7 th\u1ed1ng th\u1ef1c h\u00e0nh c\u01a1 kh\u00ed \u00f4 t\u00f4<\/span><\/p>\n<p><span style=\"color: #000000;\">Model: MTE<\/span><\/p>\n<p><span style=\"color: #000000;\">H\u00e3ng s\u1ea3n xu\u1ea5t: Edibon-T\u00e2y Ban Nha<\/span><\/p>\n<p><span style=\"color: #000000;\">Xu\u1ea5t x\u1ee9: T\u00e2y Ban Nha<\/span><\/p>","protected":false},"featured_media":1909,"template":"","meta":{"inline_featured_image":false},"product_brand":[47],"product_cat":[103,90],"product_tag":[],"class_list":{"0":"post-1908","1":"product","2":"type-product","3":"status-publish","4":"has-post-thumbnail","6":"product_brand-edibon","7":"product_cat-co-dien-tu-va-tu-dong-hoa","8":"product_cat-thiet-bi-giao-duc","10":"first","11":"instock","12":"shipping-taxable","13":"product-type-simple"},"yoast_head":"<!-- This site is optimized with the Yoast SEO plugin v24.7 - https:\/\/yoast.com\/wordpress\/plugins\/seo\/ -->\n<title>H\u1ec7 th\u1ed1ng th\u1ef1c h\u00e0nh c\u01a1 kh\u00ed \u00f4 t\u00f4 - HTI Scientific<\/title>\n<meta name=\"description\" content=\"Thi\u1ebft b\u1ecb MTE 3 do EDIBON thi\u1ebft k\u1ebf bao g\u1ed3m ba b\u1ed9 truy\u1ec1n b\u00e1nh r\u0103ng h\u00e0nh tinh \u0111\u01b0\u1ee3c li\u00ean k\u1ebft v\u1edbi nhau. Thi\u1ebft b\u1ecb cho ph\u00e9p sinh vi\u00ean th\u1ef1c hi\u1ec7n c\u00e1c th\u00ed nghi\u1ec7m...\" \/>\n<meta name=\"robots\" content=\"index, follow, max-snippet:-1, max-image-preview:large, max-video-preview:-1\" \/>\n<link rel=\"canonical\" href=\"https:\/\/htiscientific.vn\/en\/product\/he-thong-thuc-hanh-co-khi-o-to\/\" \/>\n<meta property=\"og:locale\" content=\"en_US\" \/>\n<meta property=\"og:type\" content=\"article\" \/>\n<meta property=\"og:title\" content=\"H\u1ec7 th\u1ed1ng th\u1ef1c h\u00e0nh c\u01a1 kh\u00ed \u00f4 t\u00f4 - HTI Scientific\" \/>\n<meta property=\"og:description\" content=\"Thi\u1ebft b\u1ecb MTE 3 do EDIBON thi\u1ebft k\u1ebf bao g\u1ed3m ba b\u1ed9 truy\u1ec1n b\u00e1nh r\u0103ng h\u00e0nh tinh \u0111\u01b0\u1ee3c li\u00ean k\u1ebft v\u1edbi nhau. Thi\u1ebft b\u1ecb cho ph\u00e9p sinh vi\u00ean th\u1ef1c hi\u1ec7n c\u00e1c th\u00ed nghi\u1ec7m...\" \/>\n<meta property=\"og:url\" content=\"https:\/\/htiscientific.vn\/en\/product\/he-thong-thuc-hanh-co-khi-o-to\/\" \/>\n<meta property=\"og:site_name\" content=\"HTI Scientific\" \/>\n<meta property=\"article:publisher\" content=\"https:\/\/www.facebook.com\/htiscientific.vn\" \/>\n<meta property=\"og:image\" content=\"https:\/\/htiscientific.vn\/wp-content\/uploads\/2025\/06\/74.jpg\" \/>\n\t<meta property=\"og:image:width\" content=\"1000\" \/>\n\t<meta property=\"og:image:height\" content=\"1000\" \/>\n\t<meta property=\"og:image:type\" content=\"image\/jpeg\" \/>\n<meta name=\"twitter:card\" content=\"summary_large_image\" \/>\n<meta name=\"twitter:label1\" content=\"Est. reading time\" \/>\n\t<meta name=\"twitter:data1\" content=\"2 minutes\" \/>\n<script type=\"application\/ld+json\" class=\"yoast-schema-graph\">{\"@context\":\"https:\/\/schema.org\",\"@graph\":[{\"@type\":\"WebPage\",\"@id\":\"https:\/\/htiscientific.vn\/san-pham\/he-thong-thuc-hanh-co-khi-o-to\/\",\"url\":\"https:\/\/htiscientific.vn\/san-pham\/he-thong-thuc-hanh-co-khi-o-to\/\",\"name\":\"H\u1ec7 th\u1ed1ng th\u1ef1c h\u00e0nh c\u01a1 kh\u00ed \u00f4 t\u00f4 - HTI Scientific\",\"isPartOf\":{\"@id\":\"https:\/\/htiscientific.vn\/#website\"},\"primaryImageOfPage\":{\"@id\":\"https:\/\/htiscientific.vn\/san-pham\/he-thong-thuc-hanh-co-khi-o-to\/#primaryimage\"},\"image\":{\"@id\":\"https:\/\/htiscientific.vn\/san-pham\/he-thong-thuc-hanh-co-khi-o-to\/#primaryimage\"},\"thumbnailUrl\":\"https:\/\/htiscientific.vn\/wp-content\/uploads\/2025\/06\/74.jpg\",\"datePublished\":\"2025-06-26T07:16:13+00:00\",\"description\":\"Thi\u1ebft b\u1ecb MTE 3 do EDIBON thi\u1ebft k\u1ebf bao g\u1ed3m ba b\u1ed9 truy\u1ec1n b\u00e1nh r\u0103ng h\u00e0nh tinh \u0111\u01b0\u1ee3c li\u00ean k\u1ebft v\u1edbi nhau. Thi\u1ebft b\u1ecb cho ph\u00e9p sinh vi\u00ean th\u1ef1c hi\u1ec7n c\u00e1c th\u00ed nghi\u1ec7m...\",\"breadcrumb\":{\"@id\":\"https:\/\/htiscientific.vn\/san-pham\/he-thong-thuc-hanh-co-khi-o-to\/#breadcrumb\"},\"inLanguage\":\"en-US\",\"potentialAction\":[{\"@type\":\"ReadAction\",\"target\":[\"https:\/\/htiscientific.vn\/san-pham\/he-thong-thuc-hanh-co-khi-o-to\/\"]}]},{\"@type\":\"ImageObject\",\"inLanguage\":\"en-US\",\"@id\":\"https:\/\/htiscientific.vn\/san-pham\/he-thong-thuc-hanh-co-khi-o-to\/#primaryimage\",\"url\":\"https:\/\/htiscientific.vn\/wp-content\/uploads\/2025\/06\/74.jpg\",\"contentUrl\":\"https:\/\/htiscientific.vn\/wp-content\/uploads\/2025\/06\/74.jpg\",\"width\":1000,\"height\":1000,\"caption\":\"MTE\"},{\"@type\":\"BreadcrumbList\",\"@id\":\"https:\/\/htiscientific.vn\/san-pham\/he-thong-thuc-hanh-co-khi-o-to\/#breadcrumb\",\"itemListElement\":[{\"@type\":\"ListItem\",\"position\":1,\"name\":\"Trang ch\u1ee7\",\"item\":\"https:\/\/htiscientific.vn\/\"},{\"@type\":\"ListItem\",\"position\":2,\"name\":\"C\u1eeda h\u00e0ng\",\"item\":\"https:\/\/htiscientific.vn\/cua-hang\/\"},{\"@type\":\"ListItem\",\"position\":3,\"name\":\"Thi\u1ebft b\u1ecb gi\u00e1o d\u1ee5c\",\"item\":\"https:\/\/htiscientific.vn\/danh-muc-san-pham\/thiet-bi-giao-duc\/\"},{\"@type\":\"ListItem\",\"position\":4,\"name\":\"C\u01a1 \u0111i\u1ec7n t\u1eed v\u00e0 T\u1ef1 \u0111\u1ed9ng h\u00f3a\",\"item\":\"https:\/\/htiscientific.vn\/danh-muc-san-pham\/thiet-bi-giao-duc\/co-dien-tu-va-tu-dong-hoa\/\"},{\"@type\":\"ListItem\",\"position\":5,\"name\":\"H\u1ec7 th\u1ed1ng th\u1ef1c h\u00e0nh c\u01a1 kh\u00ed \u00f4 t\u00f4\"}]},{\"@type\":\"WebSite\",\"@id\":\"https:\/\/htiscientific.vn\/#website\",\"url\":\"https:\/\/htiscientific.vn\/\",\"name\":\"HTI Scientific\",\"description\":\"HTI Scientific\",\"publisher\":{\"@id\":\"https:\/\/htiscientific.vn\/#organization\"},\"potentialAction\":[{\"@type\":\"SearchAction\",\"target\":{\"@type\":\"EntryPoint\",\"urlTemplate\":\"https:\/\/htiscientific.vn\/?s={search_term_string}\"},\"query-input\":{\"@type\":\"PropertyValueSpecification\",\"valueRequired\":true,\"valueName\":\"search_term_string\"}}],\"inLanguage\":\"en-US\"},{\"@type\":\"Organization\",\"@id\":\"https:\/\/htiscientific.vn\/#organization\",\"name\":\"HTI Scientific\",\"alternateName\":\"HTI Scientific\",\"url\":\"https:\/\/htiscientific.vn\/\",\"logo\":{\"@type\":\"ImageObject\",\"inLanguage\":\"en-US\",\"@id\":\"https:\/\/htiscientific.vn\/#\/schema\/logo\/image\/\",\"url\":\"https:\/\/htiscientific.vn\/wp-content\/uploads\/2025\/03\/ava-hti-copy.jpg\",\"contentUrl\":\"https:\/\/htiscientific.vn\/wp-content\/uploads\/2025\/03\/ava-hti-copy.jpg\",\"width\":700,\"height\":450,\"caption\":\"HTI Scientific\"},\"image\":{\"@id\":\"https:\/\/htiscientific.vn\/#\/schema\/logo\/image\/\"},\"sameAs\":[\"https:\/\/www.facebook.com\/htiscientific.vn\"]}]}<\/script>\n<!-- \/ Yoast SEO plugin. -->","yoast_head_json":{"title":"H\u1ec7 th\u1ed1ng th\u1ef1c h\u00e0nh c\u01a1 kh\u00ed \u00f4 t\u00f4 - HTI Scientific","description":"Thi\u1ebft b\u1ecb MTE 3 do EDIBON thi\u1ebft k\u1ebf bao g\u1ed3m ba b\u1ed9 truy\u1ec1n b\u00e1nh r\u0103ng h\u00e0nh tinh \u0111\u01b0\u1ee3c li\u00ean k\u1ebft v\u1edbi nhau. Thi\u1ebft b\u1ecb cho ph\u00e9p sinh vi\u00ean th\u1ef1c hi\u1ec7n c\u00e1c th\u00ed nghi\u1ec7m...","robots":{"index":"index","follow":"follow","max-snippet":"max-snippet:-1","max-image-preview":"max-image-preview:large","max-video-preview":"max-video-preview:-1"},"canonical":"https:\/\/htiscientific.vn\/en\/product\/he-thong-thuc-hanh-co-khi-o-to\/","og_locale":"en_US","og_type":"article","og_title":"H\u1ec7 th\u1ed1ng th\u1ef1c h\u00e0nh c\u01a1 kh\u00ed \u00f4 t\u00f4 - HTI Scientific","og_description":"Thi\u1ebft b\u1ecb MTE 3 do EDIBON thi\u1ebft k\u1ebf bao g\u1ed3m ba b\u1ed9 truy\u1ec1n b\u00e1nh r\u0103ng h\u00e0nh tinh \u0111\u01b0\u1ee3c li\u00ean k\u1ebft v\u1edbi nhau. Thi\u1ebft b\u1ecb cho ph\u00e9p sinh vi\u00ean th\u1ef1c hi\u1ec7n c\u00e1c th\u00ed nghi\u1ec7m...","og_url":"https:\/\/htiscientific.vn\/en\/product\/he-thong-thuc-hanh-co-khi-o-to\/","og_site_name":"HTI Scientific","article_publisher":"https:\/\/www.facebook.com\/htiscientific.vn","og_image":[{"width":1000,"height":1000,"url":"https:\/\/htiscientific.vn\/wp-content\/uploads\/2025\/06\/74.jpg","type":"image\/jpeg"}],"twitter_card":"summary_large_image","twitter_misc":{"Est. reading time":"2 minutes"},"schema":{"@context":"https:\/\/schema.org","@graph":[{"@type":"WebPage","@id":"https:\/\/htiscientific.vn\/san-pham\/he-thong-thuc-hanh-co-khi-o-to\/","url":"https:\/\/htiscientific.vn\/san-pham\/he-thong-thuc-hanh-co-khi-o-to\/","name":"H\u1ec7 th\u1ed1ng th\u1ef1c h\u00e0nh c\u01a1 kh\u00ed \u00f4 t\u00f4 - HTI Scientific","isPartOf":{"@id":"https:\/\/htiscientific.vn\/#website"},"primaryImageOfPage":{"@id":"https:\/\/htiscientific.vn\/san-pham\/he-thong-thuc-hanh-co-khi-o-to\/#primaryimage"},"image":{"@id":"https:\/\/htiscientific.vn\/san-pham\/he-thong-thuc-hanh-co-khi-o-to\/#primaryimage"},"thumbnailUrl":"https:\/\/htiscientific.vn\/wp-content\/uploads\/2025\/06\/74.jpg","datePublished":"2025-06-26T07:16:13+00:00","description":"Thi\u1ebft b\u1ecb MTE 3 do EDIBON thi\u1ebft k\u1ebf bao g\u1ed3m ba b\u1ed9 truy\u1ec1n b\u00e1nh r\u0103ng h\u00e0nh tinh \u0111\u01b0\u1ee3c li\u00ean k\u1ebft v\u1edbi nhau. Thi\u1ebft b\u1ecb cho ph\u00e9p sinh vi\u00ean th\u1ef1c hi\u1ec7n c\u00e1c th\u00ed nghi\u1ec7m...","breadcrumb":{"@id":"https:\/\/htiscientific.vn\/san-pham\/he-thong-thuc-hanh-co-khi-o-to\/#breadcrumb"},"inLanguage":"en-US","potentialAction":[{"@type":"ReadAction","target":["https:\/\/htiscientific.vn\/san-pham\/he-thong-thuc-hanh-co-khi-o-to\/"]}]},{"@type":"ImageObject","inLanguage":"en-US","@id":"https:\/\/htiscientific.vn\/san-pham\/he-thong-thuc-hanh-co-khi-o-to\/#primaryimage","url":"https:\/\/htiscientific.vn\/wp-content\/uploads\/2025\/06\/74.jpg","contentUrl":"https:\/\/htiscientific.vn\/wp-content\/uploads\/2025\/06\/74.jpg","width":1000,"height":1000,"caption":"MTE"},{"@type":"BreadcrumbList","@id":"https:\/\/htiscientific.vn\/san-pham\/he-thong-thuc-hanh-co-khi-o-to\/#breadcrumb","itemListElement":[{"@type":"ListItem","position":1,"name":"Trang ch\u1ee7","item":"https:\/\/htiscientific.vn\/"},{"@type":"ListItem","position":2,"name":"C\u1eeda h\u00e0ng","item":"https:\/\/htiscientific.vn\/cua-hang\/"},{"@type":"ListItem","position":3,"name":"Thi\u1ebft b\u1ecb gi\u00e1o d\u1ee5c","item":"https:\/\/htiscientific.vn\/danh-muc-san-pham\/thiet-bi-giao-duc\/"},{"@type":"ListItem","position":4,"name":"C\u01a1 \u0111i\u1ec7n t\u1eed v\u00e0 T\u1ef1 \u0111\u1ed9ng h\u00f3a","item":"https:\/\/htiscientific.vn\/danh-muc-san-pham\/thiet-bi-giao-duc\/co-dien-tu-va-tu-dong-hoa\/"},{"@type":"ListItem","position":5,"name":"H\u1ec7 th\u1ed1ng th\u1ef1c h\u00e0nh c\u01a1 kh\u00ed \u00f4 t\u00f4"}]},{"@type":"WebSite","@id":"https:\/\/htiscientific.vn\/#website","url":"https:\/\/htiscientific.vn\/","name":"HTI Scientific","description":"HTI Scientific","publisher":{"@id":"https:\/\/htiscientific.vn\/#organization"},"potentialAction":[{"@type":"SearchAction","target":{"@type":"EntryPoint","urlTemplate":"https:\/\/htiscientific.vn\/?s={search_term_string}"},"query-input":{"@type":"PropertyValueSpecification","valueRequired":true,"valueName":"search_term_string"}}],"inLanguage":"en-US"},{"@type":"Organization","@id":"https:\/\/htiscientific.vn\/#organization","name":"HTI Scientific","alternateName":"HTI Scientific","url":"https:\/\/htiscientific.vn\/","logo":{"@type":"ImageObject","inLanguage":"en-US","@id":"https:\/\/htiscientific.vn\/#\/schema\/logo\/image\/","url":"https:\/\/htiscientific.vn\/wp-content\/uploads\/2025\/03\/ava-hti-copy.jpg","contentUrl":"https:\/\/htiscientific.vn\/wp-content\/uploads\/2025\/03\/ava-hti-copy.jpg","width":700,"height":450,"caption":"HTI Scientific"},"image":{"@id":"https:\/\/htiscientific.vn\/#\/schema\/logo\/image\/"},"sameAs":["https:\/\/www.facebook.com\/htiscientific.vn"]}]}},"_links":{"self":[{"href":"https:\/\/htiscientific.vn\/en\/wp-json\/wp\/v2\/product\/1908","targetHints":{"allow":["GET"]}}],"collection":[{"href":"https:\/\/htiscientific.vn\/en\/wp-json\/wp\/v2\/product"}],"about":[{"href":"https:\/\/htiscientific.vn\/en\/wp-json\/wp\/v2\/types\/product"}],"wp:featuredmedia":[{"embeddable":true,"href":"https:\/\/htiscientific.vn\/en\/wp-json\/wp\/v2\/media\/1909"}],"wp:attachment":[{"href":"https:\/\/htiscientific.vn\/en\/wp-json\/wp\/v2\/media?parent=1908"}],"wp:term":[{"taxonomy":"product_brand","embeddable":true,"href":"https:\/\/htiscientific.vn\/en\/wp-json\/wp\/v2\/product_brand?post=1908"},{"taxonomy":"product_cat","embeddable":true,"href":"https:\/\/htiscientific.vn\/en\/wp-json\/wp\/v2\/product_cat?post=1908"},{"taxonomy":"product_tag","embeddable":true,"href":"https:\/\/htiscientific.vn\/en\/wp-json\/wp\/v2\/product_tag?post=1908"}],"curies":[{"name":"wp","href":"https:\/\/api.w.org\/{rel}","templated":true}]}}