{"id":1906,"date":"2025-06-26T13:42:07","date_gmt":"2025-06-26T06:42:07","guid":{"rendered":"https:\/\/htiscientific.vn\/?post_type=product&#038;p=1906"},"modified":"2025-06-26T13:42:07","modified_gmt":"2025-06-26T06:42:07","slug":"bo-thi-nghiem-thuc-hanh-co-dien-tu","status":"publish","type":"product","link":"https:\/\/htiscientific.vn\/en\/product\/bo-thi-nghiem-thuc-hanh-co-dien-tu\/","title":{"rendered":"B\u1ed9 th\u00ed nghi\u1ec7m th\u1ef1c h\u00e0nh c\u01a1 \u0111i\u1ec7n t\u1eed"},"content":{"rendered":"<p><span style=\"color: #000000;\">B\u1ed9 th\u00ed nghi\u1ec7m th\u1ef1c h\u00e0nh c\u01a1 \u0111i\u1ec7n t\u1eed<\/span><\/p>\n<p><span style=\"color: #000000;\">Model: RYC\/ CEA\/ UCP\/<\/span><\/p>\n<p><span style=\"color: #000000;\">H\u00e3ng s\u1ea3n xu\u1ea5t: Edibon-T\u00e2y Ban Nha<\/span><\/p>\n<p><span style=\"color: #000000;\">Xu\u1ea5t x\u1ee9: T\u00e2y Ban Nha<\/span><\/p>\n<h3 data-start=\"143\" data-end=\"200\"><span style=\"color: #000000;\"><strong data-start=\"147\" data-end=\"200\"><a href=\"https:\/\/www.edibon.com\/en\/industrial-controllers-networking\">B\u1ed9 th\u1ef1c h\u00e0nh m\u1ea1ng \u0111i\u1ec1u khi\u1ec3n c\u00f4ng nghi\u1ec7p<\/a> \u2013 &#8220;CRCI&#8221;<\/strong><\/span><\/h3>\n<p data-start=\"202\" data-end=\"440\"><span style=\"color: #000000;\">Instrumentation <strong data-start=\"211\" data-end=\"221\">&#8220;CRCI&#8221;<\/strong> (Industrial Controllers Networking) \u0111\u01b0\u1ee3c thi\u1ebft k\u1ebf theo c\u1ea5u tr\u00fac m\u00f4-\u0111un, chia nh\u1ecf ch\u1ee9c n\u0103ng th\u00e0nh c\u00e1c ph\u1ea7n ri\u00eang bi\u1ec7t gi\u00fap sinh vi\u00ean d\u1ec5 d\u00e0ng hi\u1ec3u v\u00e0 ti\u1ebfp c\u1eadn n\u1ed9i dung h\u1ecdc t\u1eadp. B\u1ed9 thi\u1ebft b\u1ecb bao g\u1ed3m c\u00e1c m\u00f4-\u0111un ch\u00ednh sau:<\/span><\/p>\n<ul data-start=\"441\" data-end=\"611\">\n<li data-start=\"441\" data-end=\"477\">\n<p data-start=\"443\" data-end=\"477\"><span style=\"color: #000000;\"><strong data-start=\"443\" data-end=\"474\">2 b\u1ed9 \u0111i\u1ec1u khi\u1ec3n c\u00f4ng nghi\u1ec7p<\/strong>,<\/span><\/p>\n<\/li>\n<li data-start=\"478\" data-end=\"528\">\n<p data-start=\"480\" data-end=\"528\"><span style=\"color: #000000;\"><strong data-start=\"480\" data-end=\"525\">B\u1ed9 t\u1ea1o t\u00edn hi\u1ec7u \u0111\u1eb7t (Set Point Generator)<\/strong>,<\/span><\/p>\n<\/li>\n<li data-start=\"529\" data-end=\"575\">\n<p data-start=\"531\" data-end=\"575\"><span style=\"color: #000000;\"><strong data-start=\"531\" data-end=\"572\">Card giao ti\u1ebfp (c\u1eafm v\u00e0o khe m\u00e1y t\u00ednh)<\/strong>,<\/span><\/p>\n<\/li>\n<li data-start=\"576\" data-end=\"611\">\n<p data-start=\"578\" data-end=\"611\"><span style=\"color: #000000;\"><strong data-start=\"578\" data-end=\"611\">Ph\u1ea7n m\u1ec1m c\u1ea5u h\u00ecnh \u0111i\u1ec1u khi\u1ec3n.<\/strong><\/span><\/p>\n<\/li>\n<\/ul>\n<h4 data-start=\"618\" data-end=\"670\"><span style=\"color: #000000;\"><strong data-start=\"623\" data-end=\"670\">1. M\u00f4-\u0111un B\u1ed9 \u0111i\u1ec1u khi\u1ec3n c\u00f4ng nghi\u1ec7p (2 b\u1ed9):<\/strong><\/span><\/h4>\n<p data-start=\"671\" data-end=\"690\"><span style=\"color: #000000;\">M\u1ed7i m\u00f4-\u0111un bao g\u1ed3m:<\/span><\/p>\n<ul data-start=\"691\" data-end=\"1091\">\n<li data-start=\"691\" data-end=\"949\">\n<p data-start=\"693\" data-end=\"779\"><span style=\"color: #000000;\">M\u1ed9t b\u1ed9 \u0111i\u1ec1u khi\u1ec3n c\u00f4ng nghi\u1ec7p v\u1edbi <strong data-start=\"727\" data-end=\"747\">2 ng\u00f5 v\u00e0o analog<\/strong> v\u00e0 <strong data-start=\"751\" data-end=\"778\">1 ng\u00f5 ra analog\/digital<\/strong>.<\/span><\/p>\n<ul data-start=\"782\" data-end=\"949\">\n<li data-start=\"782\" data-end=\"880\">\n<p data-start=\"784\" data-end=\"880\"><span style=\"color: #000000;\">Ng\u00f5 v\u00e0o analog d\u00f9ng \u0111\u1ec3 k\u1ebft n\u1ed1i t\u00edn hi\u1ec7u gi\u00e1 tr\u1ecb bi\u1ebfn qu\u00e1 tr\u00ecnh (<strong data-start=\"848\" data-end=\"854\">PV<\/strong>) v\u00e0 gi\u00e1 tr\u1ecb \u0111\u1eb7t (<strong data-start=\"872\" data-end=\"878\">SP<\/strong>).<\/span><\/p>\n<\/li>\n<li data-start=\"883\" data-end=\"949\">\n<p data-start=\"885\" data-end=\"949\"><span style=\"color: #000000;\">Ng\u00f5 ra analog\/digital d\u00f9ng \u0111\u1ec3 xu\u1ea5t t\u00edn hi\u1ec7u \u0111i\u1ec1u khi\u1ec3n (<strong data-start=\"941\" data-end=\"947\">OP<\/strong>).<\/span><\/p>\n<\/li>\n<\/ul>\n<\/li>\n<li data-start=\"950\" data-end=\"995\">\n<p data-start=\"952\" data-end=\"995\"><span style=\"color: #000000;\">B\u1ed9 \u0111i\u1ec1u khi\u1ec3n c\u00f2n \u0111\u01b0\u1ee3c trang b\u1ecb <strong data-start=\"984\" data-end=\"994\">2 r\u01a1le<\/strong>.<\/span><\/p>\n<\/li>\n<li data-start=\"996\" data-end=\"1091\">\n<p data-start=\"998\" data-end=\"1091\"><span style=\"color: #000000;\">K\u1ebft n\u1ed1i v\u1edbi m\u00e1y t\u00ednh qua <strong data-start=\"1023\" data-end=\"1061\">giao th\u1ee9c truy\u1ec1n th\u00f4ng Profibus DP<\/strong> th\u00f4ng qua <strong data-start=\"1072\" data-end=\"1090\">card giao ti\u1ebfp<\/strong>.<\/span><\/p>\n<\/li>\n<\/ul>\n<h4 data-start=\"1098\" data-end=\"1159\"><span style=\"color: #000000;\"><strong data-start=\"1103\" data-end=\"1159\">2.M\u00f4-\u0111un B\u1ed9 t\u1ea1o t\u00edn hi\u1ec7u \u0111\u1eb7t (Set Point Generator):<\/strong><\/span><\/h4>\n<ul data-start=\"1160\" data-end=\"1339\">\n<li data-start=\"1160\" data-end=\"1259\">\n<p data-start=\"1162\" data-end=\"1259\"><span style=\"color: #000000;\">Cho ph\u00e9p t\u1ea1o <strong data-start=\"1175\" data-end=\"1206\">t\u00edn hi\u1ec7u b\u01b0\u1edbc (step signal)<\/strong> b\u1eb1ng c\u00e1ch chuy\u1ec3n \u0111\u1ed5i gi\u1eefa hai m\u1ee9c \u0111i\u1ec7n \u00e1p kh\u00e1c nhau.<\/span><\/p>\n<\/li>\n<li data-start=\"1260\" data-end=\"1339\">\n<p data-start=\"1262\" data-end=\"1339\"><span style=\"color: #000000;\">Hai m\u1ee9c \u0111i\u1ec7n \u00e1p n\u00e0y c\u00f3 th\u1ec3 \u0111\u01b0\u1ee3c <strong data-start=\"1294\" data-end=\"1338\">\u0111i\u1ec1u ch\u1ec9nh b\u1eb1ng bi\u1ebfn tr\u1edf (potentiometer)<\/strong>.<\/span><\/p>\n<\/li>\n<\/ul>\n<h4 data-start=\"1346\" data-end=\"1390\"><span style=\"color: #000000;\"><strong data-start=\"1351\" data-end=\"1390\">3. Card giao ti\u1ebfp (Interface Card):<\/strong><\/span><\/h4>\n<ul data-start=\"1391\" data-end=\"1533\">\n<li data-start=\"1391\" data-end=\"1533\">\n<p data-start=\"1393\" data-end=\"1533\"><span style=\"color: #000000;\">\u0110\u01b0\u1ee3c l\u1eafp v\u00e0o khe c\u1ee7a m\u00e1y t\u00ednh \u0111\u1ec3 <strong data-start=\"1426\" data-end=\"1460\">chuy\u1ec3n c\u00e1c t\u00edn hi\u1ec7u \u0111i\u1ec1u khi\u1ec3n<\/strong> t\u1eeb b\u1ed9 \u0111i\u1ec1u khi\u1ec3n c\u00f4ng nghi\u1ec7p t\u1edbi m\u00e1y t\u00ednh PC, ph\u1ee5c v\u1ee5 x\u1eed l\u00fd v\u00e0 gi\u00e1m s\u00e1t.<\/span><\/p>\n<\/li>\n<\/ul>\n<h4 data-start=\"1540\" data-end=\"1572\"><span style=\"color: #000000;\"><strong data-start=\"1545\" data-end=\"1572\">4. Ph\u1ea7n m\u1ec1m \u0111i\u1ec1u khi\u1ec3n:<\/strong><\/span><\/h4>\n<p data-start=\"1573\" data-end=\"1590\"><span style=\"color: #000000;\">G\u1ed3m 2 ph\u1ea7n ch\u00ednh:<\/span><\/p>\n<ul data-start=\"1591\" data-end=\"1976\">\n<li data-start=\"1591\" data-end=\"1709\">\n<p data-start=\"1593\" data-end=\"1709\"><span style=\"color: #000000;\"><strong data-start=\"1593\" data-end=\"1646\">Tr\u00ecnh \u0111i\u1ec1u khi\u1ec3n OPC Server Configuration Drivers<\/strong>: cho ph\u00e9p chia s\u1ebb d\u1eef li\u1ec7u t\u1eeb c\u00e1c m\u00f4-\u0111un \u0111\u1ebfn c\u00e1c ph\u1ea7n m\u1ec1m kh\u00e1c.<\/span><\/p>\n<\/li>\n<li data-start=\"1710\" data-end=\"1976\">\n<p data-start=\"1712\" data-end=\"1842\"><span style=\"color: #000000;\"><strong data-start=\"1712\" data-end=\"1777\">Ph\u1ea7n m\u1ec1m c\u1ea5u h\u00ecnh \u0111i\u1ec1u khi\u1ec3n (Control Configuration Software)<\/strong>: cho ph\u00e9p thi\u1ebft l\u1eadp c\u00e1c tham s\u1ed1 c\u1ee7a b\u1ed9 \u0111i\u1ec1u khi\u1ec3n c\u00f4ng nghi\u1ec7p.<\/span><\/p>\n<ul data-start=\"1845\" data-end=\"1976\">\n<li data-start=\"1845\" data-end=\"1976\">\n<p data-start=\"1847\" data-end=\"1976\"><span style=\"color: #000000;\">Ph\u1ea7n m\u1ec1m c\u00f2n t\u00edch h\u1ee3p c\u00e1c ch\u1ee9c n\u0103ng nh\u01b0 <strong data-start=\"1887\" data-end=\"1912\">ghi d\u1eef li\u1ec7u, c\u1ea3nh b\u00e1o<\/strong>\u2026 gi\u00fap m\u00f4 ph\u1ecfng c\u01a1 b\u1ea3n <strong data-start=\"1935\" data-end=\"1975\">ch\u1ee9c n\u0103ng ph\u00f2ng \u0111i\u1ec1u khi\u1ec3n trung t\u00e2m<\/strong>.<\/span><\/p>\n<\/li>\n<\/ul>\n<\/li>\n<\/ul>","protected":false},"excerpt":{"rendered":"<p><span style=\"color: #000000;\">B\u1ed9 th\u00ed nghi\u1ec7m th\u1ef1c h\u00e0nh c\u01a1 \u0111i\u1ec7n t\u1eed<\/span><\/p>\n<p><span style=\"color: #000000;\">Model: RYC\/ CEA\/ UCP\/<\/span><\/p>\n<p><span style=\"color: #000000;\">H\u00e3ng s\u1ea3n xu\u1ea5t: Edibon-T\u00e2y Ban Nha<\/span><\/p>\n<p><span style=\"color: #000000;\">Xu\u1ea5t x\u1ee9: T\u00e2y Ban Nha<\/span><\/p>","protected":false},"featured_media":1907,"template":"","meta":{"inline_featured_image":false},"product_brand":[47],"product_cat":[103,90],"product_tag":[],"class_list":{"0":"post-1906","1":"product","2":"type-product","3":"status-publish","4":"has-post-thumbnail","6":"product_brand-edibon","7":"product_cat-co-dien-tu-va-tu-dong-hoa","8":"product_cat-thiet-bi-giao-duc","10":"first","11":"instock","12":"shipping-taxable","13":"product-type-simple"},"yoast_head":"<!-- This site is optimized with the Yoast SEO plugin v24.7 - https:\/\/yoast.com\/wordpress\/plugins\/seo\/ -->\n<title>B\u1ed9 th\u00ed nghi\u1ec7m th\u1ef1c h\u00e0nh c\u01a1 \u0111i\u1ec7n t\u1eed - HTI Scientific<\/title>\n<meta name=\"description\" content=\"Thi\u1ebft b\u1ecb &quot;CRCI&quot; \u0111\u01b0\u1ee3c thi\u1ebft k\u1ebf theo c\u1ea5u tr\u00fac m\u00f4-\u0111un, chia nh\u1ecf ch\u1ee9c n\u0103ng th\u00e0nh c\u00e1c ph\u1ea7n ri\u00eang bi\u1ec7t gi\u00fap sinh vi\u00ean d\u1ec5 d\u00e0ng hi\u1ec3u v\u00e0 ti\u1ebfp c\u1eadn n\u1ed9i dung h\u1ecdc t\u1eadp...\" \/>\n<meta name=\"robots\" content=\"index, follow, max-snippet:-1, max-image-preview:large, max-video-preview:-1\" \/>\n<link rel=\"canonical\" href=\"https:\/\/htiscientific.vn\/en\/product\/bo-thi-nghiem-thuc-hanh-co-dien-tu\/\" \/>\n<meta property=\"og:locale\" content=\"en_US\" \/>\n<meta property=\"og:type\" content=\"article\" \/>\n<meta property=\"og:title\" content=\"B\u1ed9 th\u00ed nghi\u1ec7m th\u1ef1c h\u00e0nh c\u01a1 \u0111i\u1ec7n t\u1eed - HTI Scientific\" \/>\n<meta property=\"og:description\" content=\"Thi\u1ebft b\u1ecb &quot;CRCI&quot; \u0111\u01b0\u1ee3c thi\u1ebft k\u1ebf theo c\u1ea5u tr\u00fac m\u00f4-\u0111un, chia nh\u1ecf ch\u1ee9c n\u0103ng th\u00e0nh c\u00e1c ph\u1ea7n ri\u00eang bi\u1ec7t gi\u00fap sinh vi\u00ean d\u1ec5 d\u00e0ng hi\u1ec3u v\u00e0 ti\u1ebfp c\u1eadn n\u1ed9i dung h\u1ecdc t\u1eadp...\" \/>\n<meta property=\"og:url\" content=\"https:\/\/htiscientific.vn\/en\/product\/bo-thi-nghiem-thuc-hanh-co-dien-tu\/\" \/>\n<meta property=\"og:site_name\" content=\"HTI Scientific\" \/>\n<meta property=\"article:publisher\" content=\"https:\/\/www.facebook.com\/htiscientific.vn\" \/>\n<meta property=\"og:image\" content=\"https:\/\/htiscientific.vn\/wp-content\/uploads\/2025\/06\/thiet-ke-chua-co-ten-21-1.jpg\" \/>\n\t<meta property=\"og:image:width\" content=\"1000\" \/>\n\t<meta property=\"og:image:height\" content=\"1000\" \/>\n\t<meta property=\"og:image:type\" content=\"image\/jpeg\" \/>\n<meta name=\"twitter:card\" content=\"summary_large_image\" \/>\n<meta name=\"twitter:label1\" content=\"Est. reading time\" \/>\n\t<meta name=\"twitter:data1\" content=\"3 minutes\" \/>\n<script type=\"application\/ld+json\" class=\"yoast-schema-graph\">{\"@context\":\"https:\/\/schema.org\",\"@graph\":[{\"@type\":\"WebPage\",\"@id\":\"https:\/\/htiscientific.vn\/san-pham\/bo-thi-nghiem-thuc-hanh-co-dien-tu\/\",\"url\":\"https:\/\/htiscientific.vn\/san-pham\/bo-thi-nghiem-thuc-hanh-co-dien-tu\/\",\"name\":\"B\u1ed9 th\u00ed nghi\u1ec7m th\u1ef1c h\u00e0nh c\u01a1 \u0111i\u1ec7n t\u1eed - HTI Scientific\",\"isPartOf\":{\"@id\":\"https:\/\/htiscientific.vn\/#website\"},\"primaryImageOfPage\":{\"@id\":\"https:\/\/htiscientific.vn\/san-pham\/bo-thi-nghiem-thuc-hanh-co-dien-tu\/#primaryimage\"},\"image\":{\"@id\":\"https:\/\/htiscientific.vn\/san-pham\/bo-thi-nghiem-thuc-hanh-co-dien-tu\/#primaryimage\"},\"thumbnailUrl\":\"https:\/\/htiscientific.vn\/wp-content\/uploads\/2025\/06\/thiet-ke-chua-co-ten-21-1.jpg\",\"datePublished\":\"2025-06-26T06:42:07+00:00\",\"description\":\"Thi\u1ebft b\u1ecb \\\"CRCI\\\" \u0111\u01b0\u1ee3c thi\u1ebft k\u1ebf theo c\u1ea5u tr\u00fac m\u00f4-\u0111un, chia nh\u1ecf ch\u1ee9c n\u0103ng th\u00e0nh c\u00e1c ph\u1ea7n ri\u00eang bi\u1ec7t gi\u00fap sinh vi\u00ean d\u1ec5 d\u00e0ng hi\u1ec3u v\u00e0 ti\u1ebfp c\u1eadn n\u1ed9i dung h\u1ecdc t\u1eadp...\",\"breadcrumb\":{\"@id\":\"https:\/\/htiscientific.vn\/san-pham\/bo-thi-nghiem-thuc-hanh-co-dien-tu\/#breadcrumb\"},\"inLanguage\":\"en-US\",\"potentialAction\":[{\"@type\":\"ReadAction\",\"target\":[\"https:\/\/htiscientific.vn\/san-pham\/bo-thi-nghiem-thuc-hanh-co-dien-tu\/\"]}]},{\"@type\":\"ImageObject\",\"inLanguage\":\"en-US\",\"@id\":\"https:\/\/htiscientific.vn\/san-pham\/bo-thi-nghiem-thuc-hanh-co-dien-tu\/#primaryimage\",\"url\":\"https:\/\/htiscientific.vn\/wp-content\/uploads\/2025\/06\/thiet-ke-chua-co-ten-21-1.jpg\",\"contentUrl\":\"https:\/\/htiscientific.vn\/wp-content\/uploads\/2025\/06\/thiet-ke-chua-co-ten-21-1.jpg\",\"width\":1000,\"height\":1000,\"caption\":\"CRCI\"},{\"@type\":\"BreadcrumbList\",\"@id\":\"https:\/\/htiscientific.vn\/san-pham\/bo-thi-nghiem-thuc-hanh-co-dien-tu\/#breadcrumb\",\"itemListElement\":[{\"@type\":\"ListItem\",\"position\":1,\"name\":\"Trang ch\u1ee7\",\"item\":\"https:\/\/htiscientific.vn\/\"},{\"@type\":\"ListItem\",\"position\":2,\"name\":\"C\u1eeda h\u00e0ng\",\"item\":\"https:\/\/htiscientific.vn\/cua-hang\/\"},{\"@type\":\"ListItem\",\"position\":3,\"name\":\"Thi\u1ebft b\u1ecb gi\u00e1o d\u1ee5c\",\"item\":\"https:\/\/htiscientific.vn\/danh-muc-san-pham\/thiet-bi-giao-duc\/\"},{\"@type\":\"ListItem\",\"position\":4,\"name\":\"C\u01a1 \u0111i\u1ec7n t\u1eed v\u00e0 T\u1ef1 \u0111\u1ed9ng h\u00f3a\",\"item\":\"https:\/\/htiscientific.vn\/danh-muc-san-pham\/thiet-bi-giao-duc\/co-dien-tu-va-tu-dong-hoa\/\"},{\"@type\":\"ListItem\",\"position\":5,\"name\":\"B\u1ed9 th\u00ed nghi\u1ec7m th\u1ef1c h\u00e0nh c\u01a1 \u0111i\u1ec7n t\u1eed\"}]},{\"@type\":\"WebSite\",\"@id\":\"https:\/\/htiscientific.vn\/#website\",\"url\":\"https:\/\/htiscientific.vn\/\",\"name\":\"HTI Scientific\",\"description\":\"HTI Scientific\",\"publisher\":{\"@id\":\"https:\/\/htiscientific.vn\/#organization\"},\"potentialAction\":[{\"@type\":\"SearchAction\",\"target\":{\"@type\":\"EntryPoint\",\"urlTemplate\":\"https:\/\/htiscientific.vn\/?s={search_term_string}\"},\"query-input\":{\"@type\":\"PropertyValueSpecification\",\"valueRequired\":true,\"valueName\":\"search_term_string\"}}],\"inLanguage\":\"en-US\"},{\"@type\":\"Organization\",\"@id\":\"https:\/\/htiscientific.vn\/#organization\",\"name\":\"HTI Scientific\",\"alternateName\":\"HTI Scientific\",\"url\":\"https:\/\/htiscientific.vn\/\",\"logo\":{\"@type\":\"ImageObject\",\"inLanguage\":\"en-US\",\"@id\":\"https:\/\/htiscientific.vn\/#\/schema\/logo\/image\/\",\"url\":\"https:\/\/htiscientific.vn\/wp-content\/uploads\/2025\/03\/ava-hti-copy.jpg\",\"contentUrl\":\"https:\/\/htiscientific.vn\/wp-content\/uploads\/2025\/03\/ava-hti-copy.jpg\",\"width\":700,\"height\":450,\"caption\":\"HTI Scientific\"},\"image\":{\"@id\":\"https:\/\/htiscientific.vn\/#\/schema\/logo\/image\/\"},\"sameAs\":[\"https:\/\/www.facebook.com\/htiscientific.vn\"]}]}<\/script>\n<!-- \/ Yoast SEO plugin. -->","yoast_head_json":{"title":"B\u1ed9 th\u00ed nghi\u1ec7m th\u1ef1c h\u00e0nh c\u01a1 \u0111i\u1ec7n t\u1eed - HTI Scientific","description":"Thi\u1ebft b\u1ecb \"CRCI\" \u0111\u01b0\u1ee3c thi\u1ebft k\u1ebf theo c\u1ea5u tr\u00fac m\u00f4-\u0111un, chia nh\u1ecf ch\u1ee9c n\u0103ng th\u00e0nh c\u00e1c ph\u1ea7n ri\u00eang bi\u1ec7t gi\u00fap sinh vi\u00ean d\u1ec5 d\u00e0ng hi\u1ec3u v\u00e0 ti\u1ebfp c\u1eadn n\u1ed9i dung h\u1ecdc t\u1eadp...","robots":{"index":"index","follow":"follow","max-snippet":"max-snippet:-1","max-image-preview":"max-image-preview:large","max-video-preview":"max-video-preview:-1"},"canonical":"https:\/\/htiscientific.vn\/en\/product\/bo-thi-nghiem-thuc-hanh-co-dien-tu\/","og_locale":"en_US","og_type":"article","og_title":"B\u1ed9 th\u00ed nghi\u1ec7m th\u1ef1c h\u00e0nh c\u01a1 \u0111i\u1ec7n t\u1eed - HTI Scientific","og_description":"Thi\u1ebft b\u1ecb \"CRCI\" \u0111\u01b0\u1ee3c thi\u1ebft k\u1ebf theo c\u1ea5u tr\u00fac m\u00f4-\u0111un, chia nh\u1ecf ch\u1ee9c n\u0103ng th\u00e0nh c\u00e1c ph\u1ea7n ri\u00eang bi\u1ec7t gi\u00fap sinh vi\u00ean d\u1ec5 d\u00e0ng hi\u1ec3u v\u00e0 ti\u1ebfp c\u1eadn n\u1ed9i dung h\u1ecdc t\u1eadp...","og_url":"https:\/\/htiscientific.vn\/en\/product\/bo-thi-nghiem-thuc-hanh-co-dien-tu\/","og_site_name":"HTI Scientific","article_publisher":"https:\/\/www.facebook.com\/htiscientific.vn","og_image":[{"width":1000,"height":1000,"url":"https:\/\/htiscientific.vn\/wp-content\/uploads\/2025\/06\/thiet-ke-chua-co-ten-21-1.jpg","type":"image\/jpeg"}],"twitter_card":"summary_large_image","twitter_misc":{"Est. reading time":"3 minutes"},"schema":{"@context":"https:\/\/schema.org","@graph":[{"@type":"WebPage","@id":"https:\/\/htiscientific.vn\/san-pham\/bo-thi-nghiem-thuc-hanh-co-dien-tu\/","url":"https:\/\/htiscientific.vn\/san-pham\/bo-thi-nghiem-thuc-hanh-co-dien-tu\/","name":"B\u1ed9 th\u00ed nghi\u1ec7m th\u1ef1c h\u00e0nh c\u01a1 \u0111i\u1ec7n t\u1eed - HTI Scientific","isPartOf":{"@id":"https:\/\/htiscientific.vn\/#website"},"primaryImageOfPage":{"@id":"https:\/\/htiscientific.vn\/san-pham\/bo-thi-nghiem-thuc-hanh-co-dien-tu\/#primaryimage"},"image":{"@id":"https:\/\/htiscientific.vn\/san-pham\/bo-thi-nghiem-thuc-hanh-co-dien-tu\/#primaryimage"},"thumbnailUrl":"https:\/\/htiscientific.vn\/wp-content\/uploads\/2025\/06\/thiet-ke-chua-co-ten-21-1.jpg","datePublished":"2025-06-26T06:42:07+00:00","description":"Thi\u1ebft b\u1ecb \"CRCI\" \u0111\u01b0\u1ee3c thi\u1ebft k\u1ebf theo c\u1ea5u tr\u00fac m\u00f4-\u0111un, chia nh\u1ecf ch\u1ee9c n\u0103ng th\u00e0nh c\u00e1c ph\u1ea7n ri\u00eang bi\u1ec7t gi\u00fap sinh vi\u00ean d\u1ec5 d\u00e0ng hi\u1ec3u v\u00e0 ti\u1ebfp c\u1eadn n\u1ed9i dung h\u1ecdc t\u1eadp...","breadcrumb":{"@id":"https:\/\/htiscientific.vn\/san-pham\/bo-thi-nghiem-thuc-hanh-co-dien-tu\/#breadcrumb"},"inLanguage":"en-US","potentialAction":[{"@type":"ReadAction","target":["https:\/\/htiscientific.vn\/san-pham\/bo-thi-nghiem-thuc-hanh-co-dien-tu\/"]}]},{"@type":"ImageObject","inLanguage":"en-US","@id":"https:\/\/htiscientific.vn\/san-pham\/bo-thi-nghiem-thuc-hanh-co-dien-tu\/#primaryimage","url":"https:\/\/htiscientific.vn\/wp-content\/uploads\/2025\/06\/thiet-ke-chua-co-ten-21-1.jpg","contentUrl":"https:\/\/htiscientific.vn\/wp-content\/uploads\/2025\/06\/thiet-ke-chua-co-ten-21-1.jpg","width":1000,"height":1000,"caption":"CRCI"},{"@type":"BreadcrumbList","@id":"https:\/\/htiscientific.vn\/san-pham\/bo-thi-nghiem-thuc-hanh-co-dien-tu\/#breadcrumb","itemListElement":[{"@type":"ListItem","position":1,"name":"Trang ch\u1ee7","item":"https:\/\/htiscientific.vn\/"},{"@type":"ListItem","position":2,"name":"C\u1eeda h\u00e0ng","item":"https:\/\/htiscientific.vn\/cua-hang\/"},{"@type":"ListItem","position":3,"name":"Thi\u1ebft b\u1ecb gi\u00e1o d\u1ee5c","item":"https:\/\/htiscientific.vn\/danh-muc-san-pham\/thiet-bi-giao-duc\/"},{"@type":"ListItem","position":4,"name":"C\u01a1 \u0111i\u1ec7n t\u1eed v\u00e0 T\u1ef1 \u0111\u1ed9ng h\u00f3a","item":"https:\/\/htiscientific.vn\/danh-muc-san-pham\/thiet-bi-giao-duc\/co-dien-tu-va-tu-dong-hoa\/"},{"@type":"ListItem","position":5,"name":"B\u1ed9 th\u00ed nghi\u1ec7m th\u1ef1c h\u00e0nh c\u01a1 \u0111i\u1ec7n t\u1eed"}]},{"@type":"WebSite","@id":"https:\/\/htiscientific.vn\/#website","url":"https:\/\/htiscientific.vn\/","name":"HTI Scientific","description":"HTI Scientific","publisher":{"@id":"https:\/\/htiscientific.vn\/#organization"},"potentialAction":[{"@type":"SearchAction","target":{"@type":"EntryPoint","urlTemplate":"https:\/\/htiscientific.vn\/?s={search_term_string}"},"query-input":{"@type":"PropertyValueSpecification","valueRequired":true,"valueName":"search_term_string"}}],"inLanguage":"en-US"},{"@type":"Organization","@id":"https:\/\/htiscientific.vn\/#organization","name":"HTI Scientific","alternateName":"HTI Scientific","url":"https:\/\/htiscientific.vn\/","logo":{"@type":"ImageObject","inLanguage":"en-US","@id":"https:\/\/htiscientific.vn\/#\/schema\/logo\/image\/","url":"https:\/\/htiscientific.vn\/wp-content\/uploads\/2025\/03\/ava-hti-copy.jpg","contentUrl":"https:\/\/htiscientific.vn\/wp-content\/uploads\/2025\/03\/ava-hti-copy.jpg","width":700,"height":450,"caption":"HTI Scientific"},"image":{"@id":"https:\/\/htiscientific.vn\/#\/schema\/logo\/image\/"},"sameAs":["https:\/\/www.facebook.com\/htiscientific.vn"]}]}},"_links":{"self":[{"href":"https:\/\/htiscientific.vn\/en\/wp-json\/wp\/v2\/product\/1906","targetHints":{"allow":["GET"]}}],"collection":[{"href":"https:\/\/htiscientific.vn\/en\/wp-json\/wp\/v2\/product"}],"about":[{"href":"https:\/\/htiscientific.vn\/en\/wp-json\/wp\/v2\/types\/product"}],"wp:featuredmedia":[{"embeddable":true,"href":"https:\/\/htiscientific.vn\/en\/wp-json\/wp\/v2\/media\/1907"}],"wp:attachment":[{"href":"https:\/\/htiscientific.vn\/en\/wp-json\/wp\/v2\/media?parent=1906"}],"wp:term":[{"taxonomy":"product_brand","embeddable":true,"href":"https:\/\/htiscientific.vn\/en\/wp-json\/wp\/v2\/product_brand?post=1906"},{"taxonomy":"product_cat","embeddable":true,"href":"https:\/\/htiscientific.vn\/en\/wp-json\/wp\/v2\/product_cat?post=1906"},{"taxonomy":"product_tag","embeddable":true,"href":"https:\/\/htiscientific.vn\/en\/wp-json\/wp\/v2\/product_tag?post=1906"}],"curies":[{"name":"wp","href":"https:\/\/api.w.org\/{rel}","templated":true}]}}