{"id":1899,"date":"2025-06-26T11:54:17","date_gmt":"2025-06-26T04:54:17","guid":{"rendered":"https:\/\/htiscientific.vn\/?post_type=product&#038;p=1899"},"modified":"2025-06-26T11:54:17","modified_gmt":"2025-06-26T04:54:17","slug":"he-thong-thi-nghiem-thuc-hanh-luoi-dien-thong-minh-va-he-thong-dien","status":"publish","type":"product","link":"https:\/\/htiscientific.vn\/en\/product\/he-thong-thi-nghiem-thuc-hanh-luoi-dien-thong-minh-va-he-thong-dien\/","title":{"rendered":"H\u1ec7 th\u1ed1ng th\u00ed nghi\u1ec7m th\u1ef1c h\u00e0nh l\u01b0\u1edbi \u0111i\u1ec7n th\u00f4ng minh v\u00e0 h\u1ec7 th\u1ed1ng \u0111i\u1ec7n"},"content":{"rendered":"<p><span style=\"color: #000000;\">H\u1ec7 th\u1ed1ng th\u00ed nghi\u1ec7m th\u1ef1c h\u00e0nh l\u01b0\u1edbi \u0111i\u1ec7n th\u00f4ng minh v\u00e0 h\u1ec7 th\u1ed1ng \u0111i\u1ec7n<\/span><\/p>\n<p><span style=\"color: #000000;\">H\u00e3ng s\u1ea3n xu\u1ea5t: Edibon-T\u00e2y Ban Nha<\/span><\/p>\n<p><span style=\"color: #000000;\">Xu\u1ea5t x\u1ee9: T\u00e2y Ban Nha<\/span><\/p>\n<p data-start=\"81\" data-end=\"373\"><span style=\"color: #000000;\"><span style=\"color: #0000ff;\"><a style=\"color: #0000ff;\" href=\"https:\/\/www.edibon.com\/en\/modular-smart-grid-power-systems-series\"><strong data-start=\"81\" data-end=\"139\">H\u1ec7 th\u1ed1ng th\u00ed nghi\u1ec7m th\u1ef1c h\u00e0nh \u0110i\u1ec7n l\u01b0\u1edbi Th\u00f4ng minh v\u00e0 h\u1ec7 th\u1ed1ng \u0111i\u1ec7n<\/strong><\/a><\/span>\u00a0\u0111\u01b0\u1ee3c thi\u1ebft k\u1ebf b\u1edfi <strong data-start=\"158\" data-end=\"182\"><span style=\"color: #0000ff;\"><a style=\"color: #0000ff;\" href=\"https:\/\/htiscientific.vn\/en\/hang-san-xuat\/edibon\/\">EDIBON<\/a><\/span> (T\u00e2y Ban Nha)<\/strong> nh\u1eb1m ph\u1ee5c v\u1ee5 \u0111\u00e0o t\u1ea1o c\u1ea3 v\u1ec1 l\u00fd thuy\u1ebft l\u1eabn th\u1ef1c h\u00e0nh trong c\u00e1c l\u0129nh v\u1ef1c: Ph\u00e1t \u0111i\u1ec7n, Truy\u1ec1n t\u1ea3i, Ph\u00e2n ph\u1ed1i, Ti\u00eau th\u1ee5 \u0111i\u1ec7n, R\u01a1le b\u1ea3o v\u1ec7, N\u0103ng l\u01b0\u1ee3ng t\u00e1i t\u1ea1o v\u00e0 H\u1ec7 th\u1ed1ng \u0111i\u1ec7n vi l\u01b0\u1edbi (Micro-Grid).<\/span><\/p>\n<p data-start=\"375\" data-end=\"658\"><span style=\"color: #000000;\"><strong data-start=\"375\" data-end=\"396\">Thi\u1ebft b\u1ecb AEL-MPSS<\/strong> cung c\u1ea5p nhi\u1ec1u c\u1ea5p \u0111\u1ed9 \u0111\u00e0o t\u1ea1o, gi\u00fap ng\u01b0\u1eddi h\u1ecdc n\u1eafm v\u1eefng ki\u1ebfn th\u1ee9c v\u00e0 c\u00f3 tr\u1ea3i nghi\u1ec7m th\u1ef1c t\u1ebf v\u1ec1 c\u00e1c nguy\u00ean l\u00fd quan tr\u1ecdng trong vi\u1ec7c \u0111i\u1ec1u khi\u1ec3n, v\u1eadn h\u00e0nh v\u00e0 ho\u1ea1t \u0111\u1ed9ng c\u1ee7a c\u00e1c h\u1ec7 th\u1ed1ng ph\u00e1t \u0111i\u1ec7n, truy\u1ec1n t\u1ea3i \u0111i\u1ec7n, ph\u00e2n ph\u1ed1i \u0111i\u1ec7n, ti\u00eau th\u1ee5 \u0111i\u1ec7n v\u00e0 n\u0103ng l\u01b0\u1ee3ng t\u00e1i t\u1ea1o.<\/span><\/p>\n<p data-start=\"660\" data-end=\"720\"><span style=\"color: #000000;\">V\u1ec1 c\u1ea5u h\u00ecnh thi\u1ebft b\u1ecb, <strong data-start=\"682\" data-end=\"694\">AEL-MPSS<\/strong> \u0111\u01b0\u1ee3c chia th\u00e0nh hai nh\u00f3m:<\/span><\/p>\n<h3 data-start=\"727\" data-end=\"780\"><span style=\"color: #000000;\"><strong data-start=\"731\" data-end=\"780\">1. C\u1ea5u h\u00ecnh \u0111\u1ea7y \u0111\u1ee7 (Complete configurations):<\/strong><\/span><\/h3>\n<p data-start=\"782\" data-end=\"1031\"><span style=\"color: #000000;\">L\u00e0 c\u00e1c gi\u1ea3i ph\u00e1p to\u00e0n di\u1ec7n cho ph\u00e9p nghi\u00ean c\u1ee9u to\u00e0n b\u1ed9 ch\u1ee7 \u0111\u1ec1 v\u1ec1 h\u1ec7 th\u1ed1ng \u0111i\u1ec7n, bao g\u1ed3m ph\u00e1t \u0111i\u1ec7n, truy\u1ec1n t\u1ea3i, ph\u00e2n ph\u1ed1i v\u00e0 ti\u00eau th\u1ee5 \u0111i\u1ec7n. Ngo\u00e0i ra, c\u00e1c c\u1ea5u h\u00ecnh n\u00e0y c\u00f2n t\u00edch h\u1ee3p r\u01a1le b\u1ea3o v\u1ec7, n\u0103ng l\u01b0\u1ee3ng t\u00e1i t\u1ea1o v\u00e0 \u0111\u1ed9ng c\u01a1 \u2013 m\u00e1y ph\u00e1t ch\u1ea1y d\u1ea7u diesel.<\/span><\/p>\n<p data-start=\"1033\" data-end=\"1063\"><span style=\"color: #000000;\"><strong data-start=\"1033\" data-end=\"1063\">Danh s\u00e1ch c\u1ea5u h\u00ecnh \u0111\u1ea7y \u0111\u1ee7:<\/strong><\/span><\/p>\n<ul data-start=\"1064\" data-end=\"1432\">\n<li data-start=\"1064\" data-end=\"1182\">\n<p data-start=\"1066\" data-end=\"1182\"><span style=\"color: #000000;\"><strong data-start=\"1066\" data-end=\"1082\">AEL-MPSS-01C<\/strong>: H\u1ec7 th\u1ed1ng \u0111i\u1ec7n th\u00f4ng minh, n\u0103ng l\u01b0\u1ee3ng t\u00e1i t\u1ea1o v\u00e0 \u0111\u1ed9ng c\u01a1 diesel c\u00f3 r\u01a1le b\u1ea3o v\u1ec7, c\u00f4ng su\u1ea5t 5kW.<\/span><\/p>\n<\/li>\n<li data-start=\"1183\" data-end=\"1285\">\n<p data-start=\"1185\" data-end=\"1285\"><span style=\"color: #000000;\"><strong data-start=\"1185\" data-end=\"1201\">AEL-MPSS-02C<\/strong>: H\u1ec7 th\u1ed1ng \u0111i\u1ec7n th\u00f4ng minh v\u00e0 n\u0103ng l\u01b0\u1ee3ng t\u00e1i t\u1ea1o c\u00f3 r\u01a1le b\u1ea3o v\u1ec7, c\u00f4ng su\u1ea5t 5kW.<\/span><\/p>\n<\/li>\n<li data-start=\"1286\" data-end=\"1366\">\n<p data-start=\"1288\" data-end=\"1366\"><span style=\"color: #000000;\"><strong data-start=\"1288\" data-end=\"1304\">AEL-MPSS-03C<\/strong>: H\u1ec7 th\u1ed1ng c\u00f3 r\u01a1le b\u1ea3o v\u1ec7, c\u00f4ng su\u1ea5t 5kW.<\/span><\/p>\n<\/li>\n<li data-start=\"1367\" data-end=\"1432\">\n<p data-start=\"1369\" data-end=\"1432\"><span style=\"color: #000000;\"><strong data-start=\"1369\" data-end=\"1385\">AEL-MPSS-04C<\/strong>: H\u1ec7 th\u1ed1ng \u0111i\u1ec7n l\u01b0\u1edbi th\u00f4ng minh, c\u00f4ng su\u1ea5t 5kW.<\/span><\/p>\n<\/li>\n<\/ul>\n<h3 data-start=\"1439\" data-end=\"1497\"><span style=\"color: #000000;\"><strong data-start=\"1443\" data-end=\"1497\">2. C\u1ea5u h\u00ecnh t\u00f9y ch\u1ecdn (Custom made configurations):<\/strong><\/span><\/h3>\n<p data-start=\"1499\" data-end=\"1837\"><span style=\"color: #000000;\">L\u00e0 c\u00e1c gi\u1ea3i ph\u00e1p d\u00e0nh cho ng\u01b0\u1eddi d\u00f9ng ch\u1ec9 quan t\u00e2m \u0111\u1ebfn m\u1ed9t ph\u1ea7n c\u1ee5 th\u1ec3 c\u1ee7a h\u1ec7 th\u1ed1ng \u0111i\u1ec7n l\u01b0\u1edbi. V\u00ed d\u1ee5: ng\u01b0\u1eddi d\u00f9ng c\u00f3 th\u1ec3 ch\u1ec9 l\u1ef1a ch\u1ecdn ph\u1ea7n ph\u00e1t \u0111i\u1ec7n, ho\u1eb7c k\u1ebft h\u1ee3p gi\u1eefa ph\u00e1t \u0111i\u1ec7n v\u00e0 truy\u1ec1n t\u1ea3i, ho\u1eb7c ph\u00e1t \u0111i\u1ec7n v\u1edbi ph\u00e2n ph\u1ed1i \u2013 ti\u00eau th\u1ee5 \u0111i\u1ec7n. C\u1ea5u h\u00ecnh t\u00f9y ch\u1ecdn cho ph\u00e9p thi\u1ebft k\u1ebf gi\u1ea3i ph\u00e1p theo nhu c\u1ea7u \u0111\u00e0o t\u1ea1o c\u1ee5 th\u1ec3 c\u1ee7a t\u1eebng \u0111\u01a1n v\u1ecb.<\/span><\/p>\n<p data-start=\"1839\" data-end=\"1871\"><span style=\"color: #000000;\"><strong data-start=\"1839\" data-end=\"1871\">Danh s\u00e1ch c\u1ea5u h\u00ecnh t\u00f9y ch\u1ecdn:<\/strong><\/span><\/p>\n<ul data-start=\"1872\" data-end=\"2160\">\n<li data-start=\"1872\" data-end=\"1958\">\n<p data-start=\"1874\" data-end=\"1958\"><span style=\"color: #000000;\"><strong data-start=\"1874\" data-end=\"1888\">AEL-MPSS\/G<\/strong>: M\u00f4-\u0111un ph\u00e1t \u0111i\u1ec7n trong h\u1ec7 th\u1ed1ng \u0111i\u1ec7n l\u01b0\u1edbi th\u00f4ng minh, c\u00f4ng su\u1ea5t 5kW.<\/span><\/p>\n<\/li>\n<li data-start=\"1959\" data-end=\"2051\">\n<p data-start=\"1961\" data-end=\"2051\"><span style=\"color: #000000;\"><strong data-start=\"1961\" data-end=\"1975\">AEL-MPSS\/T<\/strong>: M\u00f4-\u0111un truy\u1ec1n t\u1ea3i \u0111i\u1ec7n trong h\u1ec7 th\u1ed1ng \u0111i\u1ec7n l\u01b0\u1edbi th\u00f4ng minh, c\u00f4ng su\u1ea5t 5kW.<\/span><\/p>\n<\/li>\n<li data-start=\"2052\" data-end=\"2160\">\n<p data-start=\"2054\" data-end=\"2160\"><span style=\"color: #000000;\"><strong data-start=\"2054\" data-end=\"2069\">AEL-MPSS\/DL<\/strong>: M\u00f4-\u0111un ph\u00e2n ph\u1ed1i \u0111i\u1ec7n v\u00e0 t\u1ea3i ti\u00eau th\u1ee5 trong h\u1ec7 th\u1ed1ng \u0111i\u1ec7n l\u01b0\u1edbi th\u00f4ng minh, c\u00f4ng su\u1ea5t 5kW.<\/span><\/p>\n<\/li>\n<\/ul>","protected":false},"excerpt":{"rendered":"<p><span style=\"color: #000000;\"><strong data-start=\"81\" data-end=\"139\">H\u1ec7 th\u1ed1ng th\u00ed nghi\u1ec7m th\u1ef1c h\u00e0nh \u0110i\u1ec7n l\u01b0\u1edbi Th\u00f4ng minh v\u00e0 h\u1ec7 th\u1ed1ng \u0111i\u1ec7n<\/strong>\u00a0\u0111\u01b0\u1ee3c thi\u1ebft k\u1ebf b\u1edfi <strong data-start=\"158\" data-end=\"182\"><a style=\"color: #000000;\" href=\"https:\/\/htiscientific.vn\/en\/hang-san-xuat\/edibon\/\">EDIBON<\/a> (T\u00e2y Ban Nha)<\/strong> nh\u1eb1m ph\u1ee5c v\u1ee5 \u0111\u00e0o t\u1ea1o c\u1ea3 v\u1ec1 l\u00fd thuy\u1ebft l\u1eabn th\u1ef1c h\u00e0nh trong c\u00e1c l\u0129nh v\u1ef1c: Ph\u00e1t \u0111i\u1ec7n, Truy\u1ec1n t\u1ea3i, Ph\u00e2n ph\u1ed1i, Ti\u00eau th\u1ee5 \u0111i\u1ec7n, R\u01a1le b\u1ea3o v\u1ec7, N\u0103ng l\u01b0\u1ee3ng t\u00e1i t\u1ea1o v\u00e0 H\u1ec7 th\u1ed1ng \u0111i\u1ec7n vi l\u01b0\u1edbi (Micro-Grid).<\/span><\/p>","protected":false},"featured_media":1900,"template":"","meta":{"inline_featured_image":false},"product_brand":[47],"product_cat":[101,90],"product_tag":[],"class_list":{"0":"post-1899","1":"product","2":"type-product","3":"status-publish","4":"has-post-thumbnail","6":"product_brand-edibon","7":"product_cat-dien","8":"product_cat-thiet-bi-giao-duc","10":"first","11":"instock","12":"shipping-taxable","13":"product-type-simple"},"yoast_head":"<!-- This site is optimized with the Yoast SEO plugin v24.7 - https:\/\/yoast.com\/wordpress\/plugins\/seo\/ -->\n<title>H\u1ec7 th\u1ed1ng th\u00ed nghi\u1ec7m th\u1ef1c h\u00e0nh l\u01b0\u1edbi \u0111i\u1ec7n th\u00f4ng minh v\u00e0 h\u1ec7 th\u1ed1ng \u0111i\u1ec7n - HTI Scientific<\/title>\n<meta name=\"description\" content=\"H\u1ec7 th\u1ed1ng th\u00ed nghi\u1ec7m th\u1ef1c h\u00e0nh \u0110i\u1ec7n l\u01b0\u1edbi Th\u00f4ng minh v\u00e0 h\u1ec7 th\u1ed1ng \u0111i\u1ec7n\u00a0\u0111\u01b0\u1ee3c thi\u1ebft k\u1ebf b\u1edfi EDIBON \u0111\u00e0o t\u1ea1o c\u1ea3 v\u1ec1 l\u00fd thuy\u1ebft l\u1eabn th\u1ef1c h\u00e0nh trong c\u00e1c l\u0129nh v\u1ef1c:..\" \/>\n<meta name=\"robots\" content=\"index, follow, max-snippet:-1, max-image-preview:large, max-video-preview:-1\" \/>\n<link rel=\"canonical\" href=\"https:\/\/htiscientific.vn\/en\/product\/he-thong-thi-nghiem-thuc-hanh-luoi-dien-thong-minh-va-he-thong-dien\/\" \/>\n<meta property=\"og:locale\" content=\"en_US\" \/>\n<meta property=\"og:type\" content=\"article\" \/>\n<meta property=\"og:title\" content=\"H\u1ec7 th\u1ed1ng th\u00ed nghi\u1ec7m th\u1ef1c h\u00e0nh l\u01b0\u1edbi \u0111i\u1ec7n th\u00f4ng minh v\u00e0 h\u1ec7 th\u1ed1ng \u0111i\u1ec7n - HTI Scientific\" \/>\n<meta property=\"og:description\" content=\"H\u1ec7 th\u1ed1ng th\u00ed nghi\u1ec7m th\u1ef1c h\u00e0nh \u0110i\u1ec7n l\u01b0\u1edbi Th\u00f4ng minh v\u00e0 h\u1ec7 th\u1ed1ng \u0111i\u1ec7n\u00a0\u0111\u01b0\u1ee3c thi\u1ebft k\u1ebf b\u1edfi EDIBON \u0111\u00e0o t\u1ea1o c\u1ea3 v\u1ec1 l\u00fd thuy\u1ebft l\u1eabn th\u1ef1c h\u00e0nh trong c\u00e1c l\u0129nh v\u1ef1c:..\" \/>\n<meta property=\"og:url\" content=\"https:\/\/htiscientific.vn\/en\/product\/he-thong-thi-nghiem-thuc-hanh-luoi-dien-thong-minh-va-he-thong-dien\/\" \/>\n<meta property=\"og:site_name\" content=\"HTI Scientific\" \/>\n<meta property=\"article:publisher\" content=\"https:\/\/www.facebook.com\/htiscientific.vn\" \/>\n<meta property=\"og:image\" content=\"https:\/\/htiscientific.vn\/wp-content\/uploads\/2025\/06\/69.jpg\" \/>\n\t<meta property=\"og:image:width\" content=\"1000\" \/>\n\t<meta property=\"og:image:height\" content=\"1000\" \/>\n\t<meta property=\"og:image:type\" content=\"image\/jpeg\" \/>\n<meta name=\"twitter:card\" content=\"summary_large_image\" \/>\n<meta name=\"twitter:label1\" content=\"Est. reading time\" \/>\n\t<meta name=\"twitter:data1\" content=\"3 minutes\" \/>\n<script type=\"application\/ld+json\" class=\"yoast-schema-graph\">{\"@context\":\"https:\/\/schema.org\",\"@graph\":[{\"@type\":\"WebPage\",\"@id\":\"https:\/\/htiscientific.vn\/san-pham\/he-thong-thi-nghiem-thuc-hanh-luoi-dien-thong-minh-va-he-thong-dien\/\",\"url\":\"https:\/\/htiscientific.vn\/san-pham\/he-thong-thi-nghiem-thuc-hanh-luoi-dien-thong-minh-va-he-thong-dien\/\",\"name\":\"H\u1ec7 th\u1ed1ng th\u00ed nghi\u1ec7m th\u1ef1c h\u00e0nh l\u01b0\u1edbi \u0111i\u1ec7n th\u00f4ng minh v\u00e0 h\u1ec7 th\u1ed1ng \u0111i\u1ec7n - HTI Scientific\",\"isPartOf\":{\"@id\":\"https:\/\/htiscientific.vn\/#website\"},\"primaryImageOfPage\":{\"@id\":\"https:\/\/htiscientific.vn\/san-pham\/he-thong-thi-nghiem-thuc-hanh-luoi-dien-thong-minh-va-he-thong-dien\/#primaryimage\"},\"image\":{\"@id\":\"https:\/\/htiscientific.vn\/san-pham\/he-thong-thi-nghiem-thuc-hanh-luoi-dien-thong-minh-va-he-thong-dien\/#primaryimage\"},\"thumbnailUrl\":\"https:\/\/htiscientific.vn\/wp-content\/uploads\/2025\/06\/69.jpg\",\"datePublished\":\"2025-06-26T04:54:17+00:00\",\"description\":\"H\u1ec7 th\u1ed1ng th\u00ed nghi\u1ec7m th\u1ef1c h\u00e0nh \u0110i\u1ec7n l\u01b0\u1edbi Th\u00f4ng minh v\u00e0 h\u1ec7 th\u1ed1ng \u0111i\u1ec7n\u00a0\u0111\u01b0\u1ee3c thi\u1ebft k\u1ebf b\u1edfi EDIBON \u0111\u00e0o t\u1ea1o c\u1ea3 v\u1ec1 l\u00fd thuy\u1ebft l\u1eabn th\u1ef1c h\u00e0nh trong c\u00e1c l\u0129nh v\u1ef1c:..\",\"breadcrumb\":{\"@id\":\"https:\/\/htiscientific.vn\/san-pham\/he-thong-thi-nghiem-thuc-hanh-luoi-dien-thong-minh-va-he-thong-dien\/#breadcrumb\"},\"inLanguage\":\"en-US\",\"potentialAction\":[{\"@type\":\"ReadAction\",\"target\":[\"https:\/\/htiscientific.vn\/san-pham\/he-thong-thi-nghiem-thuc-hanh-luoi-dien-thong-minh-va-he-thong-dien\/\"]}]},{\"@type\":\"ImageObject\",\"inLanguage\":\"en-US\",\"@id\":\"https:\/\/htiscientific.vn\/san-pham\/he-thong-thi-nghiem-thuc-hanh-luoi-dien-thong-minh-va-he-thong-dien\/#primaryimage\",\"url\":\"https:\/\/htiscientific.vn\/wp-content\/uploads\/2025\/06\/69.jpg\",\"contentUrl\":\"https:\/\/htiscientific.vn\/wp-content\/uploads\/2025\/06\/69.jpg\",\"width\":1000,\"height\":1000,\"caption\":\"he-thong-luoi-dien-thong-minh-va-he-thong-dien\"},{\"@type\":\"BreadcrumbList\",\"@id\":\"https:\/\/htiscientific.vn\/san-pham\/he-thong-thi-nghiem-thuc-hanh-luoi-dien-thong-minh-va-he-thong-dien\/#breadcrumb\",\"itemListElement\":[{\"@type\":\"ListItem\",\"position\":1,\"name\":\"Trang ch\u1ee7\",\"item\":\"https:\/\/htiscientific.vn\/\"},{\"@type\":\"ListItem\",\"position\":2,\"name\":\"C\u1eeda h\u00e0ng\",\"item\":\"https:\/\/htiscientific.vn\/cua-hang\/\"},{\"@type\":\"ListItem\",\"position\":3,\"name\":\"Thi\u1ebft b\u1ecb gi\u00e1o d\u1ee5c\",\"item\":\"https:\/\/htiscientific.vn\/danh-muc-san-pham\/thiet-bi-giao-duc\/\"},{\"@type\":\"ListItem\",\"position\":4,\"name\":\"\u0110i\u1ec7n\",\"item\":\"https:\/\/htiscientific.vn\/danh-muc-san-pham\/thiet-bi-giao-duc\/dien\/\"},{\"@type\":\"ListItem\",\"position\":5,\"name\":\"H\u1ec7 th\u1ed1ng th\u00ed nghi\u1ec7m th\u1ef1c h\u00e0nh l\u01b0\u1edbi \u0111i\u1ec7n th\u00f4ng minh v\u00e0 h\u1ec7 th\u1ed1ng \u0111i\u1ec7n\"}]},{\"@type\":\"WebSite\",\"@id\":\"https:\/\/htiscientific.vn\/#website\",\"url\":\"https:\/\/htiscientific.vn\/\",\"name\":\"HTI Scientific\",\"description\":\"HTI Scientific\",\"publisher\":{\"@id\":\"https:\/\/htiscientific.vn\/#organization\"},\"potentialAction\":[{\"@type\":\"SearchAction\",\"target\":{\"@type\":\"EntryPoint\",\"urlTemplate\":\"https:\/\/htiscientific.vn\/?s={search_term_string}\"},\"query-input\":{\"@type\":\"PropertyValueSpecification\",\"valueRequired\":true,\"valueName\":\"search_term_string\"}}],\"inLanguage\":\"en-US\"},{\"@type\":\"Organization\",\"@id\":\"https:\/\/htiscientific.vn\/#organization\",\"name\":\"HTI Scientific\",\"alternateName\":\"HTI Scientific\",\"url\":\"https:\/\/htiscientific.vn\/\",\"logo\":{\"@type\":\"ImageObject\",\"inLanguage\":\"en-US\",\"@id\":\"https:\/\/htiscientific.vn\/#\/schema\/logo\/image\/\",\"url\":\"https:\/\/htiscientific.vn\/wp-content\/uploads\/2025\/03\/ava-hti-copy.jpg\",\"contentUrl\":\"https:\/\/htiscientific.vn\/wp-content\/uploads\/2025\/03\/ava-hti-copy.jpg\",\"width\":700,\"height\":450,\"caption\":\"HTI Scientific\"},\"image\":{\"@id\":\"https:\/\/htiscientific.vn\/#\/schema\/logo\/image\/\"},\"sameAs\":[\"https:\/\/www.facebook.com\/htiscientific.vn\"]}]}<\/script>\n<!-- \/ Yoast SEO plugin. -->","yoast_head_json":{"title":"H\u1ec7 th\u1ed1ng th\u00ed nghi\u1ec7m th\u1ef1c h\u00e0nh l\u01b0\u1edbi \u0111i\u1ec7n th\u00f4ng minh v\u00e0 h\u1ec7 th\u1ed1ng \u0111i\u1ec7n - HTI Scientific","description":"H\u1ec7 th\u1ed1ng th\u00ed nghi\u1ec7m th\u1ef1c h\u00e0nh \u0110i\u1ec7n l\u01b0\u1edbi Th\u00f4ng minh v\u00e0 h\u1ec7 th\u1ed1ng \u0111i\u1ec7n\u00a0\u0111\u01b0\u1ee3c thi\u1ebft k\u1ebf b\u1edfi EDIBON \u0111\u00e0o t\u1ea1o c\u1ea3 v\u1ec1 l\u00fd thuy\u1ebft l\u1eabn th\u1ef1c h\u00e0nh trong c\u00e1c l\u0129nh v\u1ef1c:..","robots":{"index":"index","follow":"follow","max-snippet":"max-snippet:-1","max-image-preview":"max-image-preview:large","max-video-preview":"max-video-preview:-1"},"canonical":"https:\/\/htiscientific.vn\/en\/product\/he-thong-thi-nghiem-thuc-hanh-luoi-dien-thong-minh-va-he-thong-dien\/","og_locale":"en_US","og_type":"article","og_title":"H\u1ec7 th\u1ed1ng th\u00ed nghi\u1ec7m th\u1ef1c h\u00e0nh l\u01b0\u1edbi \u0111i\u1ec7n th\u00f4ng minh v\u00e0 h\u1ec7 th\u1ed1ng \u0111i\u1ec7n - HTI Scientific","og_description":"H\u1ec7 th\u1ed1ng th\u00ed nghi\u1ec7m th\u1ef1c h\u00e0nh \u0110i\u1ec7n l\u01b0\u1edbi Th\u00f4ng minh v\u00e0 h\u1ec7 th\u1ed1ng \u0111i\u1ec7n\u00a0\u0111\u01b0\u1ee3c thi\u1ebft k\u1ebf b\u1edfi EDIBON \u0111\u00e0o t\u1ea1o c\u1ea3 v\u1ec1 l\u00fd thuy\u1ebft l\u1eabn th\u1ef1c h\u00e0nh trong c\u00e1c l\u0129nh v\u1ef1c:..","og_url":"https:\/\/htiscientific.vn\/en\/product\/he-thong-thi-nghiem-thuc-hanh-luoi-dien-thong-minh-va-he-thong-dien\/","og_site_name":"HTI Scientific","article_publisher":"https:\/\/www.facebook.com\/htiscientific.vn","og_image":[{"width":1000,"height":1000,"url":"https:\/\/htiscientific.vn\/wp-content\/uploads\/2025\/06\/69.jpg","type":"image\/jpeg"}],"twitter_card":"summary_large_image","twitter_misc":{"Est. reading time":"3 minutes"},"schema":{"@context":"https:\/\/schema.org","@graph":[{"@type":"WebPage","@id":"https:\/\/htiscientific.vn\/san-pham\/he-thong-thi-nghiem-thuc-hanh-luoi-dien-thong-minh-va-he-thong-dien\/","url":"https:\/\/htiscientific.vn\/san-pham\/he-thong-thi-nghiem-thuc-hanh-luoi-dien-thong-minh-va-he-thong-dien\/","name":"H\u1ec7 th\u1ed1ng th\u00ed nghi\u1ec7m th\u1ef1c h\u00e0nh l\u01b0\u1edbi \u0111i\u1ec7n th\u00f4ng minh v\u00e0 h\u1ec7 th\u1ed1ng \u0111i\u1ec7n - HTI Scientific","isPartOf":{"@id":"https:\/\/htiscientific.vn\/#website"},"primaryImageOfPage":{"@id":"https:\/\/htiscientific.vn\/san-pham\/he-thong-thi-nghiem-thuc-hanh-luoi-dien-thong-minh-va-he-thong-dien\/#primaryimage"},"image":{"@id":"https:\/\/htiscientific.vn\/san-pham\/he-thong-thi-nghiem-thuc-hanh-luoi-dien-thong-minh-va-he-thong-dien\/#primaryimage"},"thumbnailUrl":"https:\/\/htiscientific.vn\/wp-content\/uploads\/2025\/06\/69.jpg","datePublished":"2025-06-26T04:54:17+00:00","description":"H\u1ec7 th\u1ed1ng th\u00ed nghi\u1ec7m th\u1ef1c h\u00e0nh \u0110i\u1ec7n l\u01b0\u1edbi Th\u00f4ng minh v\u00e0 h\u1ec7 th\u1ed1ng \u0111i\u1ec7n\u00a0\u0111\u01b0\u1ee3c thi\u1ebft k\u1ebf b\u1edfi EDIBON \u0111\u00e0o t\u1ea1o c\u1ea3 v\u1ec1 l\u00fd thuy\u1ebft l\u1eabn th\u1ef1c h\u00e0nh trong c\u00e1c l\u0129nh v\u1ef1c:..","breadcrumb":{"@id":"https:\/\/htiscientific.vn\/san-pham\/he-thong-thi-nghiem-thuc-hanh-luoi-dien-thong-minh-va-he-thong-dien\/#breadcrumb"},"inLanguage":"en-US","potentialAction":[{"@type":"ReadAction","target":["https:\/\/htiscientific.vn\/san-pham\/he-thong-thi-nghiem-thuc-hanh-luoi-dien-thong-minh-va-he-thong-dien\/"]}]},{"@type":"ImageObject","inLanguage":"en-US","@id":"https:\/\/htiscientific.vn\/san-pham\/he-thong-thi-nghiem-thuc-hanh-luoi-dien-thong-minh-va-he-thong-dien\/#primaryimage","url":"https:\/\/htiscientific.vn\/wp-content\/uploads\/2025\/06\/69.jpg","contentUrl":"https:\/\/htiscientific.vn\/wp-content\/uploads\/2025\/06\/69.jpg","width":1000,"height":1000,"caption":"he-thong-luoi-dien-thong-minh-va-he-thong-dien"},{"@type":"BreadcrumbList","@id":"https:\/\/htiscientific.vn\/san-pham\/he-thong-thi-nghiem-thuc-hanh-luoi-dien-thong-minh-va-he-thong-dien\/#breadcrumb","itemListElement":[{"@type":"ListItem","position":1,"name":"Trang ch\u1ee7","item":"https:\/\/htiscientific.vn\/"},{"@type":"ListItem","position":2,"name":"C\u1eeda h\u00e0ng","item":"https:\/\/htiscientific.vn\/cua-hang\/"},{"@type":"ListItem","position":3,"name":"Thi\u1ebft b\u1ecb gi\u00e1o d\u1ee5c","item":"https:\/\/htiscientific.vn\/danh-muc-san-pham\/thiet-bi-giao-duc\/"},{"@type":"ListItem","position":4,"name":"\u0110i\u1ec7n","item":"https:\/\/htiscientific.vn\/danh-muc-san-pham\/thiet-bi-giao-duc\/dien\/"},{"@type":"ListItem","position":5,"name":"H\u1ec7 th\u1ed1ng th\u00ed nghi\u1ec7m th\u1ef1c h\u00e0nh l\u01b0\u1edbi \u0111i\u1ec7n th\u00f4ng minh v\u00e0 h\u1ec7 th\u1ed1ng \u0111i\u1ec7n"}]},{"@type":"WebSite","@id":"https:\/\/htiscientific.vn\/#website","url":"https:\/\/htiscientific.vn\/","name":"HTI Scientific","description":"HTI Scientific","publisher":{"@id":"https:\/\/htiscientific.vn\/#organization"},"potentialAction":[{"@type":"SearchAction","target":{"@type":"EntryPoint","urlTemplate":"https:\/\/htiscientific.vn\/?s={search_term_string}"},"query-input":{"@type":"PropertyValueSpecification","valueRequired":true,"valueName":"search_term_string"}}],"inLanguage":"en-US"},{"@type":"Organization","@id":"https:\/\/htiscientific.vn\/#organization","name":"HTI Scientific","alternateName":"HTI Scientific","url":"https:\/\/htiscientific.vn\/","logo":{"@type":"ImageObject","inLanguage":"en-US","@id":"https:\/\/htiscientific.vn\/#\/schema\/logo\/image\/","url":"https:\/\/htiscientific.vn\/wp-content\/uploads\/2025\/03\/ava-hti-copy.jpg","contentUrl":"https:\/\/htiscientific.vn\/wp-content\/uploads\/2025\/03\/ava-hti-copy.jpg","width":700,"height":450,"caption":"HTI Scientific"},"image":{"@id":"https:\/\/htiscientific.vn\/#\/schema\/logo\/image\/"},"sameAs":["https:\/\/www.facebook.com\/htiscientific.vn"]}]}},"_links":{"self":[{"href":"https:\/\/htiscientific.vn\/en\/wp-json\/wp\/v2\/product\/1899","targetHints":{"allow":["GET"]}}],"collection":[{"href":"https:\/\/htiscientific.vn\/en\/wp-json\/wp\/v2\/product"}],"about":[{"href":"https:\/\/htiscientific.vn\/en\/wp-json\/wp\/v2\/types\/product"}],"wp:featuredmedia":[{"embeddable":true,"href":"https:\/\/htiscientific.vn\/en\/wp-json\/wp\/v2\/media\/1900"}],"wp:attachment":[{"href":"https:\/\/htiscientific.vn\/en\/wp-json\/wp\/v2\/media?parent=1899"}],"wp:term":[{"taxonomy":"product_brand","embeddable":true,"href":"https:\/\/htiscientific.vn\/en\/wp-json\/wp\/v2\/product_brand?post=1899"},{"taxonomy":"product_cat","embeddable":true,"href":"https:\/\/htiscientific.vn\/en\/wp-json\/wp\/v2\/product_cat?post=1899"},{"taxonomy":"product_tag","embeddable":true,"href":"https:\/\/htiscientific.vn\/en\/wp-json\/wp\/v2\/product_tag?post=1899"}],"curies":[{"name":"wp","href":"https:\/\/api.w.org\/{rel}","templated":true}]}}