{"id":1894,"date":"2025-06-26T11:26:38","date_gmt":"2025-06-26T04:26:38","guid":{"rendered":"https:\/\/htiscientific.vn\/?post_type=product&#038;p=1894"},"modified":"2025-06-26T11:26:38","modified_gmt":"2025-06-26T04:26:38","slug":"he-thong-thi-nghiem-thuc-hanh-truyen-thong-gms-dieu-khien-bang-may-tinh","status":"publish","type":"product","link":"https:\/\/htiscientific.vn\/en\/product\/he-thong-thi-nghiem-thuc-hanh-truyen-thong-gms-dieu-khien-bang-may-tinh\/","title":{"rendered":"H\u1ec7 th\u1ed1ng th\u00ed nghi\u1ec7m th\u1ef1c h\u00e0nh truy\u1ec1n th\u00f4ng GMS \u0111i\u1ec1u khi\u1ec3n b\u1eb1ng m\u00e1y t\u00ednh"},"content":{"rendered":"<p><span style=\"color: #000000;\">H\u1ec7 th\u1ed1ng th\u00ed nghi\u1ec7m th\u1ef1c h\u00e0nh truy\u1ec1n th\u00f4ng GMS \u0111i\u1ec1u khi\u1ec3n b\u1eb1ng m\u00e1y t\u00ednh<\/span><\/p>\n<p><span style=\"color: #000000;\">Model: ETM<\/span><\/p>\n<p><span style=\"color: #000000;\">H\u00e3ng s\u1ea3n xu\u1ea5t: <a href=\"https:\/\/htiscientific.vn\/en\/hang-san-xuat\/edibon\/\">Edibon<\/a>-T\u00e2y Ban Nha<\/span><\/p>\n<p><span style=\"color: #000000;\">Xu\u1ea5t x\u1ee9: T\u00e2y Ban Nha<\/span><\/p>\n<p><span style=\"color: #000000;\"><a href=\"https:\/\/www.edibon.com\/en\/computer-controlled-gsm-communications-unit\">Thi\u1ebft b\u1ecb th\u00ed nghi\u1ec7m th\u1ef1c h\u00e0nh truy\u1ec1n th\u00f4ng GMS \u0111i\u1ec1u khi\u1ec3n b\u1eb1ng m\u00e1y t\u00ednh<\/a> \u0111\u01b0\u1ee3c k\u1ebft n\u1ed1i v\u1edbi h\u1ed9p giao ti\u1ebfp ETM th\u00f4ng qua c\u1ed5ng USB. Ph\u1ea7n m\u1ec1m ETM cho ph\u00e9p sinh vi\u00ean d\u1ec5 d\u00e0ng quan s\u00e1t c\u00e1c l\u1ec7nh AT \u0111\u01b0\u1ee3c g\u1eedi v\u00e0 nh\u1eadn t\u1eeb th\u1ebb SIM \u0111\u1ec3 th\u1ef1c hi\u1ec7n c\u00e1c d\u1ecbch v\u1ee5 kh\u00e1c nhau.<\/span><\/p>","protected":false},"excerpt":{"rendered":"<p><span style=\"color: #000000;\">Thi\u1ebft b\u1ecb th\u00ed nghi\u1ec7m th\u1ef1c h\u00e0nh truy\u1ec1n th\u00f4ng GMS \u0111i\u1ec1u khi\u1ec3n b\u1eb1ng m\u00e1y t\u00ednh \u0111\u01b0\u1ee3c k\u1ebft n\u1ed1i v\u1edbi h\u1ed9p giao ti\u1ebfp ETM th\u00f4ng qua c\u1ed5ng USB. Ph\u1ea7n m\u1ec1m ETM cho ph\u00e9p sinh vi\u00ean d\u1ec5 d\u00e0ng quan s\u00e1t c\u00e1c l\u1ec7nh AT \u0111\u01b0\u1ee3c g\u1eedi v\u00e0 nh\u1eadn t\u1eeb th\u1ebb SIM \u0111\u1ec3 th\u1ef1c hi\u1ec7n c\u00e1c d\u1ecbch v\u1ee5 kh\u00e1c nhau.<\/span><\/p>","protected":false},"featured_media":1896,"template":"","meta":{"inline_featured_image":false},"product_brand":[47],"product_cat":[90,100],"product_tag":[],"class_list":{"0":"post-1894","1":"product","2":"type-product","3":"status-publish","4":"has-post-thumbnail","6":"product_brand-edibon","7":"product_cat-thiet-bi-giao-duc","8":"product_cat-truyen-thong","10":"first","11":"instock","12":"shipping-taxable","13":"product-type-simple"},"yoast_head":"<!-- This site is optimized with the Yoast SEO plugin v24.7 - https:\/\/yoast.com\/wordpress\/plugins\/seo\/ -->\n<title>H\u1ec7 th\u1ed1ng th\u00ed nghi\u1ec7m th\u1ef1c h\u00e0nh truy\u1ec1n th\u00f4ng GMS \u0111i\u1ec1u khi\u1ec3n b\u1eb1ng m\u00e1y t\u00ednh - HTI Scientific<\/title>\n<meta name=\"description\" content=\"H\u1ec7 th\u1ed1ng th\u00ed nghi\u1ec7m th\u1ef1c h\u00e0nh truy\u1ec1n th\u00f4ng GMS \u0111i\u1ec1u khi\u1ec3n b\u1eb1ng m\u00e1y tinh \u0111\u01b0\u1ee3c EDIBON thi\u1ebft k\u1ebf quan s\u00e1t c\u00e1c l\u1ec7nh AT \u0111\u01b0\u1ee3c g\u1eedi v\u00e0 nh\u1eadn t\u1eeb th\u1ebb SIM \u0111\u1ec3 th\u1ef1c hi\u1ec7n..\" \/>\n<meta name=\"robots\" content=\"index, follow, max-snippet:-1, max-image-preview:large, max-video-preview:-1\" \/>\n<link rel=\"canonical\" href=\"https:\/\/htiscientific.vn\/en\/product\/he-thong-thi-nghiem-thuc-hanh-truyen-thong-gms-dieu-khien-bang-may-tinh\/\" \/>\n<meta property=\"og:locale\" content=\"en_US\" \/>\n<meta property=\"og:type\" content=\"article\" \/>\n<meta property=\"og:title\" content=\"H\u1ec7 th\u1ed1ng th\u00ed nghi\u1ec7m th\u1ef1c h\u00e0nh truy\u1ec1n th\u00f4ng GMS \u0111i\u1ec1u khi\u1ec3n b\u1eb1ng m\u00e1y t\u00ednh - HTI Scientific\" \/>\n<meta property=\"og:description\" content=\"H\u1ec7 th\u1ed1ng th\u00ed nghi\u1ec7m th\u1ef1c h\u00e0nh truy\u1ec1n th\u00f4ng GMS \u0111i\u1ec1u khi\u1ec3n b\u1eb1ng m\u00e1y tinh \u0111\u01b0\u1ee3c EDIBON thi\u1ebft k\u1ebf quan s\u00e1t c\u00e1c l\u1ec7nh AT \u0111\u01b0\u1ee3c g\u1eedi v\u00e0 nh\u1eadn t\u1eeb th\u1ebb SIM \u0111\u1ec3 th\u1ef1c hi\u1ec7n..\" \/>\n<meta property=\"og:url\" content=\"https:\/\/htiscientific.vn\/en\/product\/he-thong-thi-nghiem-thuc-hanh-truyen-thong-gms-dieu-khien-bang-may-tinh\/\" \/>\n<meta property=\"og:site_name\" content=\"HTI Scientific\" \/>\n<meta property=\"article:publisher\" content=\"https:\/\/www.facebook.com\/htiscientific.vn\" \/>\n<meta property=\"og:image\" content=\"https:\/\/htiscientific.vn\/wp-content\/uploads\/2025\/06\/64.jpg\" \/>\n\t<meta property=\"og:image:width\" content=\"1000\" \/>\n\t<meta property=\"og:image:height\" content=\"1000\" \/>\n\t<meta property=\"og:image:type\" content=\"image\/jpeg\" \/>\n<meta name=\"twitter:card\" content=\"summary_large_image\" \/>\n<meta name=\"twitter:label1\" content=\"Est. reading time\" \/>\n\t<meta name=\"twitter:data1\" content=\"1 minute\" \/>\n<script type=\"application\/ld+json\" class=\"yoast-schema-graph\">{\"@context\":\"https:\/\/schema.org\",\"@graph\":[{\"@type\":\"WebPage\",\"@id\":\"https:\/\/htiscientific.vn\/san-pham\/he-thong-thi-nghiem-thuc-hanh-truyen-thong-gms-dieu-khien-bang-may-tinh\/\",\"url\":\"https:\/\/htiscientific.vn\/san-pham\/he-thong-thi-nghiem-thuc-hanh-truyen-thong-gms-dieu-khien-bang-may-tinh\/\",\"name\":\"H\u1ec7 th\u1ed1ng th\u00ed nghi\u1ec7m th\u1ef1c h\u00e0nh truy\u1ec1n th\u00f4ng GMS \u0111i\u1ec1u khi\u1ec3n b\u1eb1ng m\u00e1y t\u00ednh - HTI Scientific\",\"isPartOf\":{\"@id\":\"https:\/\/htiscientific.vn\/#website\"},\"primaryImageOfPage\":{\"@id\":\"https:\/\/htiscientific.vn\/san-pham\/he-thong-thi-nghiem-thuc-hanh-truyen-thong-gms-dieu-khien-bang-may-tinh\/#primaryimage\"},\"image\":{\"@id\":\"https:\/\/htiscientific.vn\/san-pham\/he-thong-thi-nghiem-thuc-hanh-truyen-thong-gms-dieu-khien-bang-may-tinh\/#primaryimage\"},\"thumbnailUrl\":\"https:\/\/htiscientific.vn\/wp-content\/uploads\/2025\/06\/64.jpg\",\"datePublished\":\"2025-06-26T04:26:38+00:00\",\"description\":\"H\u1ec7 th\u1ed1ng th\u00ed nghi\u1ec7m th\u1ef1c h\u00e0nh truy\u1ec1n th\u00f4ng GMS \u0111i\u1ec1u khi\u1ec3n b\u1eb1ng m\u00e1y tinh \u0111\u01b0\u1ee3c EDIBON thi\u1ebft k\u1ebf quan s\u00e1t c\u00e1c l\u1ec7nh AT \u0111\u01b0\u1ee3c g\u1eedi v\u00e0 nh\u1eadn t\u1eeb th\u1ebb SIM \u0111\u1ec3 th\u1ef1c hi\u1ec7n..\",\"breadcrumb\":{\"@id\":\"https:\/\/htiscientific.vn\/san-pham\/he-thong-thi-nghiem-thuc-hanh-truyen-thong-gms-dieu-khien-bang-may-tinh\/#breadcrumb\"},\"inLanguage\":\"en-US\",\"potentialAction\":[{\"@type\":\"ReadAction\",\"target\":[\"https:\/\/htiscientific.vn\/san-pham\/he-thong-thi-nghiem-thuc-hanh-truyen-thong-gms-dieu-khien-bang-may-tinh\/\"]}]},{\"@type\":\"ImageObject\",\"inLanguage\":\"en-US\",\"@id\":\"https:\/\/htiscientific.vn\/san-pham\/he-thong-thi-nghiem-thuc-hanh-truyen-thong-gms-dieu-khien-bang-may-tinh\/#primaryimage\",\"url\":\"https:\/\/htiscientific.vn\/wp-content\/uploads\/2025\/06\/64.jpg\",\"contentUrl\":\"https:\/\/htiscientific.vn\/wp-content\/uploads\/2025\/06\/64.jpg\",\"width\":1000,\"height\":1000,\"caption\":\"he-thong-thi-nghiem-thuc-hanh-truyen-thong-gms-dieu-khien-bang-may-tinh\"},{\"@type\":\"BreadcrumbList\",\"@id\":\"https:\/\/htiscientific.vn\/san-pham\/he-thong-thi-nghiem-thuc-hanh-truyen-thong-gms-dieu-khien-bang-may-tinh\/#breadcrumb\",\"itemListElement\":[{\"@type\":\"ListItem\",\"position\":1,\"name\":\"Trang ch\u1ee7\",\"item\":\"https:\/\/htiscientific.vn\/\"},{\"@type\":\"ListItem\",\"position\":2,\"name\":\"C\u1eeda h\u00e0ng\",\"item\":\"https:\/\/htiscientific.vn\/cua-hang\/\"},{\"@type\":\"ListItem\",\"position\":3,\"name\":\"Thi\u1ebft b\u1ecb gi\u00e1o d\u1ee5c\",\"item\":\"https:\/\/htiscientific.vn\/danh-muc-san-pham\/thiet-bi-giao-duc\/\"},{\"@type\":\"ListItem\",\"position\":4,\"name\":\"Truy\u1ec1n th\u00f4ng\",\"item\":\"https:\/\/htiscientific.vn\/danh-muc-san-pham\/thiet-bi-giao-duc\/truyen-thong\/\"},{\"@type\":\"ListItem\",\"position\":5,\"name\":\"H\u1ec7 th\u1ed1ng th\u00ed nghi\u1ec7m th\u1ef1c h\u00e0nh truy\u1ec1n th\u00f4ng GMS \u0111i\u1ec1u khi\u1ec3n b\u1eb1ng m\u00e1y t\u00ednh\"}]},{\"@type\":\"WebSite\",\"@id\":\"https:\/\/htiscientific.vn\/#website\",\"url\":\"https:\/\/htiscientific.vn\/\",\"name\":\"HTI Scientific\",\"description\":\"HTI Scientific\",\"publisher\":{\"@id\":\"https:\/\/htiscientific.vn\/#organization\"},\"potentialAction\":[{\"@type\":\"SearchAction\",\"target\":{\"@type\":\"EntryPoint\",\"urlTemplate\":\"https:\/\/htiscientific.vn\/?s={search_term_string}\"},\"query-input\":{\"@type\":\"PropertyValueSpecification\",\"valueRequired\":true,\"valueName\":\"search_term_string\"}}],\"inLanguage\":\"en-US\"},{\"@type\":\"Organization\",\"@id\":\"https:\/\/htiscientific.vn\/#organization\",\"name\":\"HTI Scientific\",\"alternateName\":\"HTI Scientific\",\"url\":\"https:\/\/htiscientific.vn\/\",\"logo\":{\"@type\":\"ImageObject\",\"inLanguage\":\"en-US\",\"@id\":\"https:\/\/htiscientific.vn\/#\/schema\/logo\/image\/\",\"url\":\"https:\/\/htiscientific.vn\/wp-content\/uploads\/2025\/03\/ava-hti-copy.jpg\",\"contentUrl\":\"https:\/\/htiscientific.vn\/wp-content\/uploads\/2025\/03\/ava-hti-copy.jpg\",\"width\":700,\"height\":450,\"caption\":\"HTI Scientific\"},\"image\":{\"@id\":\"https:\/\/htiscientific.vn\/#\/schema\/logo\/image\/\"},\"sameAs\":[\"https:\/\/www.facebook.com\/htiscientific.vn\"]}]}<\/script>\n<!-- \/ Yoast SEO plugin. -->","yoast_head_json":{"title":"H\u1ec7 th\u1ed1ng th\u00ed nghi\u1ec7m th\u1ef1c h\u00e0nh truy\u1ec1n th\u00f4ng GMS \u0111i\u1ec1u khi\u1ec3n b\u1eb1ng m\u00e1y t\u00ednh - HTI Scientific","description":"H\u1ec7 th\u1ed1ng th\u00ed nghi\u1ec7m th\u1ef1c h\u00e0nh truy\u1ec1n th\u00f4ng GMS \u0111i\u1ec1u khi\u1ec3n b\u1eb1ng m\u00e1y tinh \u0111\u01b0\u1ee3c EDIBON thi\u1ebft k\u1ebf quan s\u00e1t c\u00e1c l\u1ec7nh AT \u0111\u01b0\u1ee3c g\u1eedi v\u00e0 nh\u1eadn t\u1eeb th\u1ebb SIM \u0111\u1ec3 th\u1ef1c hi\u1ec7n..","robots":{"index":"index","follow":"follow","max-snippet":"max-snippet:-1","max-image-preview":"max-image-preview:large","max-video-preview":"max-video-preview:-1"},"canonical":"https:\/\/htiscientific.vn\/en\/product\/he-thong-thi-nghiem-thuc-hanh-truyen-thong-gms-dieu-khien-bang-may-tinh\/","og_locale":"en_US","og_type":"article","og_title":"H\u1ec7 th\u1ed1ng th\u00ed nghi\u1ec7m th\u1ef1c h\u00e0nh truy\u1ec1n th\u00f4ng GMS \u0111i\u1ec1u khi\u1ec3n b\u1eb1ng m\u00e1y t\u00ednh - HTI Scientific","og_description":"H\u1ec7 th\u1ed1ng th\u00ed nghi\u1ec7m th\u1ef1c h\u00e0nh truy\u1ec1n th\u00f4ng GMS \u0111i\u1ec1u khi\u1ec3n b\u1eb1ng m\u00e1y tinh \u0111\u01b0\u1ee3c EDIBON thi\u1ebft k\u1ebf quan s\u00e1t c\u00e1c l\u1ec7nh AT \u0111\u01b0\u1ee3c g\u1eedi v\u00e0 nh\u1eadn t\u1eeb th\u1ebb SIM \u0111\u1ec3 th\u1ef1c hi\u1ec7n..","og_url":"https:\/\/htiscientific.vn\/en\/product\/he-thong-thi-nghiem-thuc-hanh-truyen-thong-gms-dieu-khien-bang-may-tinh\/","og_site_name":"HTI Scientific","article_publisher":"https:\/\/www.facebook.com\/htiscientific.vn","og_image":[{"width":1000,"height":1000,"url":"https:\/\/htiscientific.vn\/wp-content\/uploads\/2025\/06\/64.jpg","type":"image\/jpeg"}],"twitter_card":"summary_large_image","twitter_misc":{"Est. reading time":"1 minute"},"schema":{"@context":"https:\/\/schema.org","@graph":[{"@type":"WebPage","@id":"https:\/\/htiscientific.vn\/san-pham\/he-thong-thi-nghiem-thuc-hanh-truyen-thong-gms-dieu-khien-bang-may-tinh\/","url":"https:\/\/htiscientific.vn\/san-pham\/he-thong-thi-nghiem-thuc-hanh-truyen-thong-gms-dieu-khien-bang-may-tinh\/","name":"H\u1ec7 th\u1ed1ng th\u00ed nghi\u1ec7m th\u1ef1c h\u00e0nh truy\u1ec1n th\u00f4ng GMS \u0111i\u1ec1u khi\u1ec3n b\u1eb1ng m\u00e1y t\u00ednh - HTI Scientific","isPartOf":{"@id":"https:\/\/htiscientific.vn\/#website"},"primaryImageOfPage":{"@id":"https:\/\/htiscientific.vn\/san-pham\/he-thong-thi-nghiem-thuc-hanh-truyen-thong-gms-dieu-khien-bang-may-tinh\/#primaryimage"},"image":{"@id":"https:\/\/htiscientific.vn\/san-pham\/he-thong-thi-nghiem-thuc-hanh-truyen-thong-gms-dieu-khien-bang-may-tinh\/#primaryimage"},"thumbnailUrl":"https:\/\/htiscientific.vn\/wp-content\/uploads\/2025\/06\/64.jpg","datePublished":"2025-06-26T04:26:38+00:00","description":"H\u1ec7 th\u1ed1ng th\u00ed nghi\u1ec7m th\u1ef1c h\u00e0nh truy\u1ec1n th\u00f4ng GMS \u0111i\u1ec1u khi\u1ec3n b\u1eb1ng m\u00e1y tinh \u0111\u01b0\u1ee3c EDIBON thi\u1ebft k\u1ebf quan s\u00e1t c\u00e1c l\u1ec7nh AT \u0111\u01b0\u1ee3c g\u1eedi v\u00e0 nh\u1eadn t\u1eeb th\u1ebb SIM \u0111\u1ec3 th\u1ef1c hi\u1ec7n..","breadcrumb":{"@id":"https:\/\/htiscientific.vn\/san-pham\/he-thong-thi-nghiem-thuc-hanh-truyen-thong-gms-dieu-khien-bang-may-tinh\/#breadcrumb"},"inLanguage":"en-US","potentialAction":[{"@type":"ReadAction","target":["https:\/\/htiscientific.vn\/san-pham\/he-thong-thi-nghiem-thuc-hanh-truyen-thong-gms-dieu-khien-bang-may-tinh\/"]}]},{"@type":"ImageObject","inLanguage":"en-US","@id":"https:\/\/htiscientific.vn\/san-pham\/he-thong-thi-nghiem-thuc-hanh-truyen-thong-gms-dieu-khien-bang-may-tinh\/#primaryimage","url":"https:\/\/htiscientific.vn\/wp-content\/uploads\/2025\/06\/64.jpg","contentUrl":"https:\/\/htiscientific.vn\/wp-content\/uploads\/2025\/06\/64.jpg","width":1000,"height":1000,"caption":"he-thong-thi-nghiem-thuc-hanh-truyen-thong-gms-dieu-khien-bang-may-tinh"},{"@type":"BreadcrumbList","@id":"https:\/\/htiscientific.vn\/san-pham\/he-thong-thi-nghiem-thuc-hanh-truyen-thong-gms-dieu-khien-bang-may-tinh\/#breadcrumb","itemListElement":[{"@type":"ListItem","position":1,"name":"Trang ch\u1ee7","item":"https:\/\/htiscientific.vn\/"},{"@type":"ListItem","position":2,"name":"C\u1eeda h\u00e0ng","item":"https:\/\/htiscientific.vn\/cua-hang\/"},{"@type":"ListItem","position":3,"name":"Thi\u1ebft b\u1ecb gi\u00e1o d\u1ee5c","item":"https:\/\/htiscientific.vn\/danh-muc-san-pham\/thiet-bi-giao-duc\/"},{"@type":"ListItem","position":4,"name":"Truy\u1ec1n th\u00f4ng","item":"https:\/\/htiscientific.vn\/danh-muc-san-pham\/thiet-bi-giao-duc\/truyen-thong\/"},{"@type":"ListItem","position":5,"name":"H\u1ec7 th\u1ed1ng th\u00ed nghi\u1ec7m th\u1ef1c h\u00e0nh truy\u1ec1n th\u00f4ng GMS \u0111i\u1ec1u khi\u1ec3n b\u1eb1ng m\u00e1y t\u00ednh"}]},{"@type":"WebSite","@id":"https:\/\/htiscientific.vn\/#website","url":"https:\/\/htiscientific.vn\/","name":"HTI Scientific","description":"HTI Scientific","publisher":{"@id":"https:\/\/htiscientific.vn\/#organization"},"potentialAction":[{"@type":"SearchAction","target":{"@type":"EntryPoint","urlTemplate":"https:\/\/htiscientific.vn\/?s={search_term_string}"},"query-input":{"@type":"PropertyValueSpecification","valueRequired":true,"valueName":"search_term_string"}}],"inLanguage":"en-US"},{"@type":"Organization","@id":"https:\/\/htiscientific.vn\/#organization","name":"HTI Scientific","alternateName":"HTI Scientific","url":"https:\/\/htiscientific.vn\/","logo":{"@type":"ImageObject","inLanguage":"en-US","@id":"https:\/\/htiscientific.vn\/#\/schema\/logo\/image\/","url":"https:\/\/htiscientific.vn\/wp-content\/uploads\/2025\/03\/ava-hti-copy.jpg","contentUrl":"https:\/\/htiscientific.vn\/wp-content\/uploads\/2025\/03\/ava-hti-copy.jpg","width":700,"height":450,"caption":"HTI Scientific"},"image":{"@id":"https:\/\/htiscientific.vn\/#\/schema\/logo\/image\/"},"sameAs":["https:\/\/www.facebook.com\/htiscientific.vn"]}]}},"_links":{"self":[{"href":"https:\/\/htiscientific.vn\/en\/wp-json\/wp\/v2\/product\/1894","targetHints":{"allow":["GET"]}}],"collection":[{"href":"https:\/\/htiscientific.vn\/en\/wp-json\/wp\/v2\/product"}],"about":[{"href":"https:\/\/htiscientific.vn\/en\/wp-json\/wp\/v2\/types\/product"}],"wp:featuredmedia":[{"embeddable":true,"href":"https:\/\/htiscientific.vn\/en\/wp-json\/wp\/v2\/media\/1896"}],"wp:attachment":[{"href":"https:\/\/htiscientific.vn\/en\/wp-json\/wp\/v2\/media?parent=1894"}],"wp:term":[{"taxonomy":"product_brand","embeddable":true,"href":"https:\/\/htiscientific.vn\/en\/wp-json\/wp\/v2\/product_brand?post=1894"},{"taxonomy":"product_cat","embeddable":true,"href":"https:\/\/htiscientific.vn\/en\/wp-json\/wp\/v2\/product_cat?post=1894"},{"taxonomy":"product_tag","embeddable":true,"href":"https:\/\/htiscientific.vn\/en\/wp-json\/wp\/v2\/product_tag?post=1894"}],"curies":[{"name":"wp","href":"https:\/\/api.w.org\/{rel}","templated":true}]}}