{"id":1887,"date":"2025-06-25T17:01:42","date_gmt":"2025-06-25T10:01:42","guid":{"rendered":"https:\/\/htiscientific.vn\/?post_type=product&#038;p=1887"},"modified":"2025-06-25T17:01:42","modified_gmt":"2025-06-25T10:01:42","slug":"bo-thi-nghiem-mach-to-hop-co-ban","status":"publish","type":"product","link":"https:\/\/htiscientific.vn\/en\/product\/bo-thi-nghiem-mach-to-hop-co-ban\/","title":{"rendered":"B\u1ed9 th\u00ed nghi\u1ec7m m\u1ea1ch t\u1ed5 h\u1ee3p c\u01a1 b\u1ea3n"},"content":{"rendered":"<p style=\"text-align: justify;\"><span style=\"color: #000000;\"><a href=\"https:\/\/www.edibon.com\/en\/electronics\/theoretical-practical-fundamentals\">B\u1ed9 th\u00ed nghi\u1ec7m m\u1ea1ch t\u1ed5 h\u1ee3p c\u01a1 b\u1ea3n<\/a> (Basic Combinational Circuits Module)<\/span><\/p>\n<p style=\"text-align: justify;\"><span style=\"color: #000000;\">Model: N-M12<\/span><\/p>\n<p style=\"text-align: justify;\"><span style=\"color: #000000;\">H\u00e3ng s\u1ea3n xu\u1ea5t: Edibon-T\u00e2y Ban Nha<\/span><\/p>\n<p style=\"text-align: justify;\"><span style=\"color: #000000;\">Xu\u1ea5t x\u1ee9: T\u00e2y Ban Nha<\/span><\/p>\n<p style=\"text-align: justify;\"><span style=\"color: #000000;\">Th\u00f4ng tin:<\/span><\/p>\n<p style=\"text-align: justify;\"><span style=\"color: #000000;\">M\u1ea1ch t\u1ed5 h\u1ee3p l\u00e0 m\u1ea1ch \u0111i\u1ec7n t\u1eed trong \u0111\u00f3 gi\u00e1 tr\u1ecb \u0111\u1ea7u ra c\u1ee7a n\u00f3 t\u1ea1i m\u1ed9t th\u1eddi \u0111i\u1ec3m nh\u1ea5t \u0111\u1ecbnh ph\u1ee5 thu\u1ed9c v\u00e0o gi\u00e1 tr\u1ecb \u0111\u1ea7u v\u00e0o t\u1ea1i c\u00f9ng th\u1eddi \u0111i\u1ec3m \u0111\u00f3. N\u00f3i c\u00e1ch kh\u00e1c, \u0111\u00e2y l\u00e0 m\u1ea1ch kh\u00f4ng c\u00f3 b\u1ed9 nh\u1edb. M\u1ea1ch t\u1ed5 h\u1ee3p ho\u1ea1t \u0111\u1ed9ng v\u1edbi c\u00e1c con s\u1ed1 v\u00e0 v\u1edbi c\u00f4ng ngh\u1ec7 t\u1ea1o ra c\u00e1c con s\u1ed1 n\u00e0y (\u0111\u01b0\u1ee3c bi\u1ec3u di\u1ec5n d\u01b0\u1edbi d\u1ea1ng nh\u1ecb ph\u00e2n). V\u1edbi M\u00f4-\u0111un M\u1ea1ch t\u1ed5 h\u1ee3p c\u01a1 b\u1ea3n, \u201cN-M12\u201d, do <a href=\"https:\/\/htiscientific.vn\/en\/hang-san-xuat\/edibon\/\">EDIBON<\/a> thi\u1ebft k\u1ebf, c\u00f3 th\u1ec3 nghi\u00ean c\u1ee9u c\u00e1c b\u1ed9 m\u00e3 h\u00f3a, b\u1ed9 gi\u1ea3i m\u00e3, b\u1ed9 gh\u00e9p k\u00eanh, b\u1ed9 t\u00e1ch k\u00eanh, b\u1ed9 so s\u00e1nh k\u1ef9 thu\u1eadt s\u1ed1 v\u00e0 c\u00e1c ph\u00e9p to\u00e1n s\u1ed1 h\u1ecdc v\u00e0 logic.<\/span><\/p>\n<p style=\"text-align: justify;\"><span style=\"color: #000000;\">Ngo\u00e0i ra, c\u00f3 th\u1ec3 m\u00f4 ph\u1ecfng l\u1ed7i trong h\u1ea7u h\u1ebft c\u00e1c m\u1ea1ch \u0111ang nghi\u00ean c\u1ee9u. H\u1ecdc sinh ph\u1ea3i t\u00ecm hi\u1ec3u nh\u1eefng g\u00ec \u0111ang x\u1ea3y ra trong m\u1ea1ch v\u00e0 t\u1ea1i sao n\u00f3 kh\u00f4ng ho\u1ea1t \u0111\u1ed9ng b\u00ecnh th\u01b0\u1eddng. C\u00e1c m\u00f4 ph\u1ecfng l\u1ed7i n\u00e0y c\u00f3 th\u1ec3 c\u00f3 nhi\u1ec1u lo\u1ea1i, t\u1eeb c\u00e1c th\u00e0nh ph\u1ea7n h\u01b0 h\u1ecfng \u0111\u1ebfn m\u1ed9t c\u1ee5m m\u1ea1ch kh\u00f4ng \u0111\u00fang gi\u1ea3 \u0111\u1ecbnh<\/span><\/p>","protected":false},"excerpt":{"rendered":"<p style=\"text-align: justify;\"><span style=\"color: #000000;\">B\u1ed9 th\u00ed nghi\u1ec7m m\u1ea1ch t\u1ed5 h\u1ee3p c\u01a1 b\u1ea3n \u0111\u01b0\u1ee3c thi\u1ebft k\u1ebf b\u1edfi EDIBON c\u00f3 th\u1ec3 nghi\u00ean c\u1ee9u c\u00e1c b\u1ed9 m\u00e3 h\u00f3a, b\u1ed9 gi\u1ea3i m\u00e3, b\u1ed9 gh\u00e9p k\u00eanh, b\u1ed9 t\u00e1ch k\u00eanh, b\u1ed9 so s\u00e1nh k\u1ef9 thu\u1eadt s\u1ed1 v\u00e0 c\u00e1c ph\u00e9p to\u00e1n s\u1ed1 h\u1ecdc v\u00e0 logic<\/span><\/p>","protected":false},"featured_media":1888,"template":"","meta":{"inline_featured_image":false},"product_brand":[47],"product_cat":[99,90],"product_tag":[],"class_list":{"0":"post-1887","1":"product","2":"type-product","3":"status-publish","4":"has-post-thumbnail","6":"product_brand-edibon","7":"product_cat-dien-tu","8":"product_cat-thiet-bi-giao-duc","10":"first","11":"instock","12":"shipping-taxable","13":"product-type-simple"},"yoast_head":"<!-- This site is optimized with the Yoast SEO plugin v24.7 - https:\/\/yoast.com\/wordpress\/plugins\/seo\/ -->\n<title>B\u1ed9 th\u00ed nghi\u1ec7m m\u1ea1ch t\u1ed5 h\u1ee3p c\u01a1 b\u1ea3n - HTI Scientific<\/title>\n<meta name=\"description\" content=\"B\u1ed9 th\u00ed nghi\u1ec7m m\u1ea1ch t\u1ed5 h\u1ee3p c\u01a1 b\u1ea3n \u0111\u01b0\u1ee3c thi\u1ebft k\u1ebf b\u1edfi EDIBON c\u00f3 th\u1ec3 nghi\u00ean c\u1ee9u c\u00e1c b\u1ed9 m\u00e3 h\u00f3a, b\u1ed9 gi\u1ea3i m\u00e3, b\u1ed9 gh\u00e9p k\u00eanh, b\u1ed9 t\u00e1ch k\u00eanh, b\u1ed9 so s\u00e1nh k\u1ef9 thu\u1eadt s\u1ed1...\" \/>\n<meta name=\"robots\" content=\"index, follow, max-snippet:-1, max-image-preview:large, max-video-preview:-1\" \/>\n<link rel=\"canonical\" href=\"https:\/\/htiscientific.vn\/en\/product\/bo-thi-nghiem-mach-to-hop-co-ban\/\" \/>\n<meta property=\"og:locale\" content=\"en_US\" \/>\n<meta property=\"og:type\" content=\"article\" \/>\n<meta property=\"og:title\" content=\"B\u1ed9 th\u00ed nghi\u1ec7m m\u1ea1ch t\u1ed5 h\u1ee3p c\u01a1 b\u1ea3n - HTI Scientific\" \/>\n<meta property=\"og:description\" content=\"B\u1ed9 th\u00ed nghi\u1ec7m m\u1ea1ch t\u1ed5 h\u1ee3p c\u01a1 b\u1ea3n \u0111\u01b0\u1ee3c thi\u1ebft k\u1ebf b\u1edfi EDIBON c\u00f3 th\u1ec3 nghi\u00ean c\u1ee9u c\u00e1c b\u1ed9 m\u00e3 h\u00f3a, b\u1ed9 gi\u1ea3i m\u00e3, b\u1ed9 gh\u00e9p k\u00eanh, b\u1ed9 t\u00e1ch k\u00eanh, b\u1ed9 so s\u00e1nh k\u1ef9 thu\u1eadt s\u1ed1...\" \/>\n<meta property=\"og:url\" content=\"https:\/\/htiscientific.vn\/en\/product\/bo-thi-nghiem-mach-to-hop-co-ban\/\" \/>\n<meta property=\"og:site_name\" content=\"HTI Scientific\" \/>\n<meta property=\"article:publisher\" content=\"https:\/\/www.facebook.com\/htiscientific.vn\" \/>\n<meta property=\"og:image\" content=\"https:\/\/htiscientific.vn\/wp-content\/uploads\/2025\/06\/54.jpg\" \/>\n\t<meta property=\"og:image:width\" content=\"1000\" \/>\n\t<meta property=\"og:image:height\" content=\"1000\" \/>\n\t<meta property=\"og:image:type\" content=\"image\/jpeg\" \/>\n<meta name=\"twitter:card\" content=\"summary_large_image\" \/>\n<meta name=\"twitter:label1\" content=\"Est. reading time\" \/>\n\t<meta name=\"twitter:data1\" content=\"2 minutes\" \/>\n<script type=\"application\/ld+json\" class=\"yoast-schema-graph\">{\"@context\":\"https:\/\/schema.org\",\"@graph\":[{\"@type\":\"WebPage\",\"@id\":\"https:\/\/htiscientific.vn\/san-pham\/bo-thi-nghiem-mach-to-hop-co-ban\/\",\"url\":\"https:\/\/htiscientific.vn\/san-pham\/bo-thi-nghiem-mach-to-hop-co-ban\/\",\"name\":\"B\u1ed9 th\u00ed nghi\u1ec7m m\u1ea1ch t\u1ed5 h\u1ee3p c\u01a1 b\u1ea3n - HTI Scientific\",\"isPartOf\":{\"@id\":\"https:\/\/htiscientific.vn\/#website\"},\"primaryImageOfPage\":{\"@id\":\"https:\/\/htiscientific.vn\/san-pham\/bo-thi-nghiem-mach-to-hop-co-ban\/#primaryimage\"},\"image\":{\"@id\":\"https:\/\/htiscientific.vn\/san-pham\/bo-thi-nghiem-mach-to-hop-co-ban\/#primaryimage\"},\"thumbnailUrl\":\"https:\/\/htiscientific.vn\/wp-content\/uploads\/2025\/06\/54.jpg\",\"datePublished\":\"2025-06-25T10:01:42+00:00\",\"description\":\"B\u1ed9 th\u00ed nghi\u1ec7m m\u1ea1ch t\u1ed5 h\u1ee3p c\u01a1 b\u1ea3n \u0111\u01b0\u1ee3c thi\u1ebft k\u1ebf b\u1edfi EDIBON c\u00f3 th\u1ec3 nghi\u00ean c\u1ee9u c\u00e1c b\u1ed9 m\u00e3 h\u00f3a, b\u1ed9 gi\u1ea3i m\u00e3, b\u1ed9 gh\u00e9p k\u00eanh, b\u1ed9 t\u00e1ch k\u00eanh, b\u1ed9 so s\u00e1nh k\u1ef9 thu\u1eadt s\u1ed1...\",\"breadcrumb\":{\"@id\":\"https:\/\/htiscientific.vn\/san-pham\/bo-thi-nghiem-mach-to-hop-co-ban\/#breadcrumb\"},\"inLanguage\":\"en-US\",\"potentialAction\":[{\"@type\":\"ReadAction\",\"target\":[\"https:\/\/htiscientific.vn\/san-pham\/bo-thi-nghiem-mach-to-hop-co-ban\/\"]}]},{\"@type\":\"ImageObject\",\"inLanguage\":\"en-US\",\"@id\":\"https:\/\/htiscientific.vn\/san-pham\/bo-thi-nghiem-mach-to-hop-co-ban\/#primaryimage\",\"url\":\"https:\/\/htiscientific.vn\/wp-content\/uploads\/2025\/06\/54.jpg\",\"contentUrl\":\"https:\/\/htiscientific.vn\/wp-content\/uploads\/2025\/06\/54.jpg\",\"width\":1000,\"height\":1000,\"caption\":\"bo-thi-nghiem-mach-to-hop-co-ban\"},{\"@type\":\"BreadcrumbList\",\"@id\":\"https:\/\/htiscientific.vn\/san-pham\/bo-thi-nghiem-mach-to-hop-co-ban\/#breadcrumb\",\"itemListElement\":[{\"@type\":\"ListItem\",\"position\":1,\"name\":\"Trang ch\u1ee7\",\"item\":\"https:\/\/htiscientific.vn\/\"},{\"@type\":\"ListItem\",\"position\":2,\"name\":\"C\u1eeda h\u00e0ng\",\"item\":\"https:\/\/htiscientific.vn\/cua-hang\/\"},{\"@type\":\"ListItem\",\"position\":3,\"name\":\"Thi\u1ebft b\u1ecb gi\u00e1o d\u1ee5c\",\"item\":\"https:\/\/htiscientific.vn\/danh-muc-san-pham\/thiet-bi-giao-duc\/\"},{\"@type\":\"ListItem\",\"position\":4,\"name\":\"\u0110i\u1ec7n t\u1eed\",\"item\":\"https:\/\/htiscientific.vn\/danh-muc-san-pham\/thiet-bi-giao-duc\/dien-tu\/\"},{\"@type\":\"ListItem\",\"position\":5,\"name\":\"B\u1ed9 th\u00ed nghi\u1ec7m m\u1ea1ch t\u1ed5 h\u1ee3p c\u01a1 b\u1ea3n\"}]},{\"@type\":\"WebSite\",\"@id\":\"https:\/\/htiscientific.vn\/#website\",\"url\":\"https:\/\/htiscientific.vn\/\",\"name\":\"HTI Scientific\",\"description\":\"HTI Scientific\",\"publisher\":{\"@id\":\"https:\/\/htiscientific.vn\/#organization\"},\"potentialAction\":[{\"@type\":\"SearchAction\",\"target\":{\"@type\":\"EntryPoint\",\"urlTemplate\":\"https:\/\/htiscientific.vn\/?s={search_term_string}\"},\"query-input\":{\"@type\":\"PropertyValueSpecification\",\"valueRequired\":true,\"valueName\":\"search_term_string\"}}],\"inLanguage\":\"en-US\"},{\"@type\":\"Organization\",\"@id\":\"https:\/\/htiscientific.vn\/#organization\",\"name\":\"HTI Scientific\",\"alternateName\":\"HTI Scientific\",\"url\":\"https:\/\/htiscientific.vn\/\",\"logo\":{\"@type\":\"ImageObject\",\"inLanguage\":\"en-US\",\"@id\":\"https:\/\/htiscientific.vn\/#\/schema\/logo\/image\/\",\"url\":\"https:\/\/htiscientific.vn\/wp-content\/uploads\/2025\/03\/ava-hti-copy.jpg\",\"contentUrl\":\"https:\/\/htiscientific.vn\/wp-content\/uploads\/2025\/03\/ava-hti-copy.jpg\",\"width\":700,\"height\":450,\"caption\":\"HTI Scientific\"},\"image\":{\"@id\":\"https:\/\/htiscientific.vn\/#\/schema\/logo\/image\/\"},\"sameAs\":[\"https:\/\/www.facebook.com\/htiscientific.vn\"]}]}<\/script>\n<!-- \/ Yoast SEO plugin. -->","yoast_head_json":{"title":"B\u1ed9 th\u00ed nghi\u1ec7m m\u1ea1ch t\u1ed5 h\u1ee3p c\u01a1 b\u1ea3n - HTI Scientific","description":"B\u1ed9 th\u00ed nghi\u1ec7m m\u1ea1ch t\u1ed5 h\u1ee3p c\u01a1 b\u1ea3n \u0111\u01b0\u1ee3c thi\u1ebft k\u1ebf b\u1edfi EDIBON c\u00f3 th\u1ec3 nghi\u00ean c\u1ee9u c\u00e1c b\u1ed9 m\u00e3 h\u00f3a, b\u1ed9 gi\u1ea3i m\u00e3, b\u1ed9 gh\u00e9p k\u00eanh, b\u1ed9 t\u00e1ch k\u00eanh, b\u1ed9 so s\u00e1nh k\u1ef9 thu\u1eadt s\u1ed1...","robots":{"index":"index","follow":"follow","max-snippet":"max-snippet:-1","max-image-preview":"max-image-preview:large","max-video-preview":"max-video-preview:-1"},"canonical":"https:\/\/htiscientific.vn\/en\/product\/bo-thi-nghiem-mach-to-hop-co-ban\/","og_locale":"en_US","og_type":"article","og_title":"B\u1ed9 th\u00ed nghi\u1ec7m m\u1ea1ch t\u1ed5 h\u1ee3p c\u01a1 b\u1ea3n - HTI Scientific","og_description":"B\u1ed9 th\u00ed nghi\u1ec7m m\u1ea1ch t\u1ed5 h\u1ee3p c\u01a1 b\u1ea3n \u0111\u01b0\u1ee3c thi\u1ebft k\u1ebf b\u1edfi EDIBON c\u00f3 th\u1ec3 nghi\u00ean c\u1ee9u c\u00e1c b\u1ed9 m\u00e3 h\u00f3a, b\u1ed9 gi\u1ea3i m\u00e3, b\u1ed9 gh\u00e9p k\u00eanh, b\u1ed9 t\u00e1ch k\u00eanh, b\u1ed9 so s\u00e1nh k\u1ef9 thu\u1eadt s\u1ed1...","og_url":"https:\/\/htiscientific.vn\/en\/product\/bo-thi-nghiem-mach-to-hop-co-ban\/","og_site_name":"HTI Scientific","article_publisher":"https:\/\/www.facebook.com\/htiscientific.vn","og_image":[{"width":1000,"height":1000,"url":"https:\/\/htiscientific.vn\/wp-content\/uploads\/2025\/06\/54.jpg","type":"image\/jpeg"}],"twitter_card":"summary_large_image","twitter_misc":{"Est. reading time":"2 minutes"},"schema":{"@context":"https:\/\/schema.org","@graph":[{"@type":"WebPage","@id":"https:\/\/htiscientific.vn\/san-pham\/bo-thi-nghiem-mach-to-hop-co-ban\/","url":"https:\/\/htiscientific.vn\/san-pham\/bo-thi-nghiem-mach-to-hop-co-ban\/","name":"B\u1ed9 th\u00ed nghi\u1ec7m m\u1ea1ch t\u1ed5 h\u1ee3p c\u01a1 b\u1ea3n - HTI Scientific","isPartOf":{"@id":"https:\/\/htiscientific.vn\/#website"},"primaryImageOfPage":{"@id":"https:\/\/htiscientific.vn\/san-pham\/bo-thi-nghiem-mach-to-hop-co-ban\/#primaryimage"},"image":{"@id":"https:\/\/htiscientific.vn\/san-pham\/bo-thi-nghiem-mach-to-hop-co-ban\/#primaryimage"},"thumbnailUrl":"https:\/\/htiscientific.vn\/wp-content\/uploads\/2025\/06\/54.jpg","datePublished":"2025-06-25T10:01:42+00:00","description":"B\u1ed9 th\u00ed nghi\u1ec7m m\u1ea1ch t\u1ed5 h\u1ee3p c\u01a1 b\u1ea3n \u0111\u01b0\u1ee3c thi\u1ebft k\u1ebf b\u1edfi EDIBON c\u00f3 th\u1ec3 nghi\u00ean c\u1ee9u c\u00e1c b\u1ed9 m\u00e3 h\u00f3a, b\u1ed9 gi\u1ea3i m\u00e3, b\u1ed9 gh\u00e9p k\u00eanh, b\u1ed9 t\u00e1ch k\u00eanh, b\u1ed9 so s\u00e1nh k\u1ef9 thu\u1eadt s\u1ed1...","breadcrumb":{"@id":"https:\/\/htiscientific.vn\/san-pham\/bo-thi-nghiem-mach-to-hop-co-ban\/#breadcrumb"},"inLanguage":"en-US","potentialAction":[{"@type":"ReadAction","target":["https:\/\/htiscientific.vn\/san-pham\/bo-thi-nghiem-mach-to-hop-co-ban\/"]}]},{"@type":"ImageObject","inLanguage":"en-US","@id":"https:\/\/htiscientific.vn\/san-pham\/bo-thi-nghiem-mach-to-hop-co-ban\/#primaryimage","url":"https:\/\/htiscientific.vn\/wp-content\/uploads\/2025\/06\/54.jpg","contentUrl":"https:\/\/htiscientific.vn\/wp-content\/uploads\/2025\/06\/54.jpg","width":1000,"height":1000,"caption":"bo-thi-nghiem-mach-to-hop-co-ban"},{"@type":"BreadcrumbList","@id":"https:\/\/htiscientific.vn\/san-pham\/bo-thi-nghiem-mach-to-hop-co-ban\/#breadcrumb","itemListElement":[{"@type":"ListItem","position":1,"name":"Trang ch\u1ee7","item":"https:\/\/htiscientific.vn\/"},{"@type":"ListItem","position":2,"name":"C\u1eeda h\u00e0ng","item":"https:\/\/htiscientific.vn\/cua-hang\/"},{"@type":"ListItem","position":3,"name":"Thi\u1ebft b\u1ecb gi\u00e1o d\u1ee5c","item":"https:\/\/htiscientific.vn\/danh-muc-san-pham\/thiet-bi-giao-duc\/"},{"@type":"ListItem","position":4,"name":"\u0110i\u1ec7n t\u1eed","item":"https:\/\/htiscientific.vn\/danh-muc-san-pham\/thiet-bi-giao-duc\/dien-tu\/"},{"@type":"ListItem","position":5,"name":"B\u1ed9 th\u00ed nghi\u1ec7m m\u1ea1ch t\u1ed5 h\u1ee3p c\u01a1 b\u1ea3n"}]},{"@type":"WebSite","@id":"https:\/\/htiscientific.vn\/#website","url":"https:\/\/htiscientific.vn\/","name":"HTI Scientific","description":"HTI Scientific","publisher":{"@id":"https:\/\/htiscientific.vn\/#organization"},"potentialAction":[{"@type":"SearchAction","target":{"@type":"EntryPoint","urlTemplate":"https:\/\/htiscientific.vn\/?s={search_term_string}"},"query-input":{"@type":"PropertyValueSpecification","valueRequired":true,"valueName":"search_term_string"}}],"inLanguage":"en-US"},{"@type":"Organization","@id":"https:\/\/htiscientific.vn\/#organization","name":"HTI Scientific","alternateName":"HTI Scientific","url":"https:\/\/htiscientific.vn\/","logo":{"@type":"ImageObject","inLanguage":"en-US","@id":"https:\/\/htiscientific.vn\/#\/schema\/logo\/image\/","url":"https:\/\/htiscientific.vn\/wp-content\/uploads\/2025\/03\/ava-hti-copy.jpg","contentUrl":"https:\/\/htiscientific.vn\/wp-content\/uploads\/2025\/03\/ava-hti-copy.jpg","width":700,"height":450,"caption":"HTI Scientific"},"image":{"@id":"https:\/\/htiscientific.vn\/#\/schema\/logo\/image\/"},"sameAs":["https:\/\/www.facebook.com\/htiscientific.vn"]}]}},"_links":{"self":[{"href":"https:\/\/htiscientific.vn\/en\/wp-json\/wp\/v2\/product\/1887","targetHints":{"allow":["GET"]}}],"collection":[{"href":"https:\/\/htiscientific.vn\/en\/wp-json\/wp\/v2\/product"}],"about":[{"href":"https:\/\/htiscientific.vn\/en\/wp-json\/wp\/v2\/types\/product"}],"wp:featuredmedia":[{"embeddable":true,"href":"https:\/\/htiscientific.vn\/en\/wp-json\/wp\/v2\/media\/1888"}],"wp:attachment":[{"href":"https:\/\/htiscientific.vn\/en\/wp-json\/wp\/v2\/media?parent=1887"}],"wp:term":[{"taxonomy":"product_brand","embeddable":true,"href":"https:\/\/htiscientific.vn\/en\/wp-json\/wp\/v2\/product_brand?post=1887"},{"taxonomy":"product_cat","embeddable":true,"href":"https:\/\/htiscientific.vn\/en\/wp-json\/wp\/v2\/product_cat?post=1887"},{"taxonomy":"product_tag","embeddable":true,"href":"https:\/\/htiscientific.vn\/en\/wp-json\/wp\/v2\/product_tag?post=1887"}],"curies":[{"name":"wp","href":"https:\/\/api.w.org\/{rel}","templated":true}]}}