{"id":1885,"date":"2025-06-25T16:49:52","date_gmt":"2025-06-25T09:49:52","guid":{"rendered":"https:\/\/htiscientific.vn\/?post_type=product&#038;p=1885"},"modified":"2025-06-25T16:49:53","modified_gmt":"2025-06-25T09:49:53","slug":"bo-thi-nghiem-co-ban-ve-digital","status":"publish","type":"product","link":"https:\/\/htiscientific.vn\/en\/product\/bo-thi-nghiem-co-ban-ve-digital\/","title":{"rendered":"B\u1ed9 th\u00ed nghi\u1ec7m c\u01a1 b\u1ea3n v\u1ec1 Digital"},"content":{"rendered":"<p style=\"text-align: justify;\"><span style=\"color: #000000;\"><a href=\"https:\/\/www.google.com\/url?q=https:\/\/www.edibon.com\/en\/electronics\/theoretical-practical-fundamentals&amp;sa=D&amp;source=editors&amp;ust=1750846593726532&amp;usg=AOvVaw17_-GQ9DbpnEW1rmRHlHHm\">B\u1ed9 th\u00ed nghi\u1ec7m c\u01a1 b\u1ea3n v\u1ec1 Digital<\/a> (Digital Electronics Fundamentals Module)<\/span><\/p>\n<p style=\"text-align: justify;\"><span style=\"color: #000000;\">Model: N-M11<\/span><\/p>\n<p style=\"text-align: justify;\"><span style=\"color: #000000;\">H\u00e3ng s\u1ea3n xu\u1ea5t: Edibon-T\u00e2y Ban Nha<\/span><\/p>\n<p style=\"text-align: justify;\"><span style=\"color: #000000;\">Xu\u1ea5t x\u1ee9: T\u00e2y Ban Nha<\/span><\/p>\n<p style=\"text-align: justify;\"><span style=\"color: #000000;\">Th\u00f4ng tin:<\/span><\/p>\n<p style=\"text-align: justify;\"><span style=\"color: #000000;\">V\u1edbi M\u00f4-\u0111un th\u00ed nghi\u1ec7m c\u01a1 b\u1ea3n v\u1ec1 \u0111i\u1ec7n t\u1eed s\u1ed1, \u201cN-M11\u201d, do <a href=\"https:\/\/htiscientific.vn\/en\/hang-san-xuat\/edibon\/\">EDIBON<\/a> thi\u1ebft k\u1ebf, h\u1ec7 th\u1ed1ng \u0111\u00e1nh s\u1ed1, m\u1ea1ch logic, c\u1ed5ng TTL, CMOS, \u0111\u1ea1i s\u1ed1 Boolean, v.v. c\u00f3 th\u1ec3 \u0111\u01b0\u1ee3c nghi\u00ean c\u1ee9u.<\/span><\/p>\n<p style=\"text-align: justify;\"><span style=\"color: #000000;\">Ngo\u00e0i ra, l\u1ed7i c\u00f3 th\u1ec3 \u0111\u01b0\u1ee3c m\u00f4 ph\u1ecfng trong h\u1ea7u h\u1ebft c\u00e1c m\u1ea1ch \u0111ang nghi\u00ean c\u1ee9u. H\u1ecdc vi\u00ean ph\u1ea3i \u0111i\u1ec1u tra nh\u1eefng g\u00ec \u0111ang x\u1ea3y ra trong m\u1ea1ch v\u00e0 t\u1ea1i sao n\u00f3 kh\u00f4ng ho\u1ea1t \u0111\u1ed9ng b\u00ecnh th\u01b0\u1eddng. C\u00e1c m\u00f4 ph\u1ecfng l\u1ed7i n\u00e0y c\u00f3 th\u1ec3 c\u00f3 nhi\u1ec1u lo\u1ea1i, t\u1eeb c\u00e1c th\u00e0nh ph\u1ea7n h\u01b0 h\u1ecfng \u0111\u1ebfn m\u1ed9t c\u1ee5m m\u1ea1ch gi\u1ea3 \u0111\u1ecbnh kh\u00f4ng ch\u00ednh x\u00e1c.<\/span><\/p>","protected":false},"excerpt":{"rendered":"<p style=\"text-align: justify;\"><span style=\"color: #000000;\">B\u1ed9 th\u00ed nghi\u1ec7m c\u01a1 b\u1ea3n v\u1ec1 Digital v\u1edbi m\u00f4-\u0111un th\u00ed nghi\u1ec7m c\u01a1 b\u1ea3n v\u1ec1 \u0111i\u1ec7n t\u1eed s\u1ed1 do EDIBON thi\u1ebft k\u1ebf gi\u00fap nghi\u00ean c\u1ee9u h\u1ec7 th\u1ed1ng \u0111\u00e1nh s\u1ed1, m\u1ea1ch logic, c\u1ed5ng TTL, CMOS, \u0111\u1ea1i s\u1ed1 Boolean,&#8230;<\/span><\/p>","protected":false},"featured_media":1886,"template":"","meta":{"inline_featured_image":false},"product_brand":[47],"product_cat":[99,90],"product_tag":[],"class_list":{"0":"post-1885","1":"product","2":"type-product","3":"status-publish","4":"has-post-thumbnail","6":"product_brand-edibon","7":"product_cat-dien-tu","8":"product_cat-thiet-bi-giao-duc","10":"first","11":"instock","12":"shipping-taxable","13":"product-type-simple"},"yoast_head":"<!-- This site is optimized with the Yoast SEO plugin v24.7 - https:\/\/yoast.com\/wordpress\/plugins\/seo\/ -->\n<title>B\u1ed9 th\u00ed nghi\u1ec7m c\u01a1 b\u1ea3n v\u1ec1 Digital - HTI Scientific<\/title>\n<meta name=\"description\" content=\"B\u1ed9 th\u00ed nghi\u1ec7m c\u01a1 b\u1ea3n v\u1ec1 Digital \u0111\u01b0\u1ee3c thi\u1ebft k\u1ebf b\u1edfi EDIBON gi\u00fap nghi\u00ean c\u1ee9u h\u1ec7 th\u1ed1ng \u0111\u00e1nh s\u1ed1, m\u1ea1ch logic, c\u1ed5ng TTL, CMOS, \u0111\u1ea1i s\u1ed1 Boolean...\" \/>\n<meta name=\"robots\" content=\"index, follow, max-snippet:-1, max-image-preview:large, max-video-preview:-1\" \/>\n<link rel=\"canonical\" href=\"https:\/\/htiscientific.vn\/en\/product\/bo-thi-nghiem-co-ban-ve-digital\/\" \/>\n<meta property=\"og:locale\" content=\"en_US\" \/>\n<meta property=\"og:type\" content=\"article\" \/>\n<meta property=\"og:title\" content=\"B\u1ed9 th\u00ed nghi\u1ec7m c\u01a1 b\u1ea3n v\u1ec1 Digital - HTI Scientific\" \/>\n<meta property=\"og:description\" content=\"B\u1ed9 th\u00ed nghi\u1ec7m c\u01a1 b\u1ea3n v\u1ec1 Digital \u0111\u01b0\u1ee3c thi\u1ebft k\u1ebf b\u1edfi EDIBON gi\u00fap nghi\u00ean c\u1ee9u h\u1ec7 th\u1ed1ng \u0111\u00e1nh s\u1ed1, m\u1ea1ch logic, c\u1ed5ng TTL, CMOS, \u0111\u1ea1i s\u1ed1 Boolean...\" \/>\n<meta property=\"og:url\" content=\"https:\/\/htiscientific.vn\/en\/product\/bo-thi-nghiem-co-ban-ve-digital\/\" \/>\n<meta property=\"og:site_name\" content=\"HTI Scientific\" \/>\n<meta property=\"article:publisher\" content=\"https:\/\/www.facebook.com\/htiscientific.vn\" \/>\n<meta property=\"article:modified_time\" content=\"2025-06-25T09:49:53+00:00\" \/>\n<meta property=\"og:image\" content=\"https:\/\/htiscientific.vn\/wp-content\/uploads\/2025\/06\/51.jpg\" \/>\n\t<meta property=\"og:image:width\" content=\"1000\" \/>\n\t<meta property=\"og:image:height\" content=\"1000\" \/>\n\t<meta property=\"og:image:type\" content=\"image\/jpeg\" \/>\n<meta name=\"twitter:card\" content=\"summary_large_image\" \/>\n<meta name=\"twitter:label1\" content=\"Est. reading time\" \/>\n\t<meta name=\"twitter:data1\" content=\"1 minute\" \/>\n<script type=\"application\/ld+json\" class=\"yoast-schema-graph\">{\"@context\":\"https:\/\/schema.org\",\"@graph\":[{\"@type\":\"WebPage\",\"@id\":\"https:\/\/htiscientific.vn\/san-pham\/bo-thi-nghiem-co-ban-ve-digital\/\",\"url\":\"https:\/\/htiscientific.vn\/san-pham\/bo-thi-nghiem-co-ban-ve-digital\/\",\"name\":\"B\u1ed9 th\u00ed nghi\u1ec7m c\u01a1 b\u1ea3n v\u1ec1 Digital - HTI Scientific\",\"isPartOf\":{\"@id\":\"https:\/\/htiscientific.vn\/#website\"},\"primaryImageOfPage\":{\"@id\":\"https:\/\/htiscientific.vn\/san-pham\/bo-thi-nghiem-co-ban-ve-digital\/#primaryimage\"},\"image\":{\"@id\":\"https:\/\/htiscientific.vn\/san-pham\/bo-thi-nghiem-co-ban-ve-digital\/#primaryimage\"},\"thumbnailUrl\":\"https:\/\/htiscientific.vn\/wp-content\/uploads\/2025\/06\/51.jpg\",\"datePublished\":\"2025-06-25T09:49:52+00:00\",\"dateModified\":\"2025-06-25T09:49:53+00:00\",\"description\":\"B\u1ed9 th\u00ed nghi\u1ec7m c\u01a1 b\u1ea3n v\u1ec1 Digital \u0111\u01b0\u1ee3c thi\u1ebft k\u1ebf b\u1edfi EDIBON gi\u00fap nghi\u00ean c\u1ee9u h\u1ec7 th\u1ed1ng \u0111\u00e1nh s\u1ed1, m\u1ea1ch logic, c\u1ed5ng TTL, CMOS, \u0111\u1ea1i s\u1ed1 Boolean...\",\"breadcrumb\":{\"@id\":\"https:\/\/htiscientific.vn\/san-pham\/bo-thi-nghiem-co-ban-ve-digital\/#breadcrumb\"},\"inLanguage\":\"en-US\",\"potentialAction\":[{\"@type\":\"ReadAction\",\"target\":[\"https:\/\/htiscientific.vn\/san-pham\/bo-thi-nghiem-co-ban-ve-digital\/\"]}]},{\"@type\":\"ImageObject\",\"inLanguage\":\"en-US\",\"@id\":\"https:\/\/htiscientific.vn\/san-pham\/bo-thi-nghiem-co-ban-ve-digital\/#primaryimage\",\"url\":\"https:\/\/htiscientific.vn\/wp-content\/uploads\/2025\/06\/51.jpg\",\"contentUrl\":\"https:\/\/htiscientific.vn\/wp-content\/uploads\/2025\/06\/51.jpg\",\"width\":1000,\"height\":1000,\"caption\":\"bo-thi-nghiem-co-ban-ve-digital\"},{\"@type\":\"BreadcrumbList\",\"@id\":\"https:\/\/htiscientific.vn\/san-pham\/bo-thi-nghiem-co-ban-ve-digital\/#breadcrumb\",\"itemListElement\":[{\"@type\":\"ListItem\",\"position\":1,\"name\":\"Trang ch\u1ee7\",\"item\":\"https:\/\/htiscientific.vn\/\"},{\"@type\":\"ListItem\",\"position\":2,\"name\":\"C\u1eeda h\u00e0ng\",\"item\":\"https:\/\/htiscientific.vn\/cua-hang\/\"},{\"@type\":\"ListItem\",\"position\":3,\"name\":\"Thi\u1ebft b\u1ecb gi\u00e1o d\u1ee5c\",\"item\":\"https:\/\/htiscientific.vn\/danh-muc-san-pham\/thiet-bi-giao-duc\/\"},{\"@type\":\"ListItem\",\"position\":4,\"name\":\"\u0110i\u1ec7n t\u1eed\",\"item\":\"https:\/\/htiscientific.vn\/danh-muc-san-pham\/thiet-bi-giao-duc\/dien-tu\/\"},{\"@type\":\"ListItem\",\"position\":5,\"name\":\"B\u1ed9 th\u00ed nghi\u1ec7m c\u01a1 b\u1ea3n v\u1ec1 Digital\"}]},{\"@type\":\"WebSite\",\"@id\":\"https:\/\/htiscientific.vn\/#website\",\"url\":\"https:\/\/htiscientific.vn\/\",\"name\":\"HTI Scientific\",\"description\":\"HTI Scientific\",\"publisher\":{\"@id\":\"https:\/\/htiscientific.vn\/#organization\"},\"potentialAction\":[{\"@type\":\"SearchAction\",\"target\":{\"@type\":\"EntryPoint\",\"urlTemplate\":\"https:\/\/htiscientific.vn\/?s={search_term_string}\"},\"query-input\":{\"@type\":\"PropertyValueSpecification\",\"valueRequired\":true,\"valueName\":\"search_term_string\"}}],\"inLanguage\":\"en-US\"},{\"@type\":\"Organization\",\"@id\":\"https:\/\/htiscientific.vn\/#organization\",\"name\":\"HTI Scientific\",\"alternateName\":\"HTI Scientific\",\"url\":\"https:\/\/htiscientific.vn\/\",\"logo\":{\"@type\":\"ImageObject\",\"inLanguage\":\"en-US\",\"@id\":\"https:\/\/htiscientific.vn\/#\/schema\/logo\/image\/\",\"url\":\"https:\/\/htiscientific.vn\/wp-content\/uploads\/2025\/03\/ava-hti-copy.jpg\",\"contentUrl\":\"https:\/\/htiscientific.vn\/wp-content\/uploads\/2025\/03\/ava-hti-copy.jpg\",\"width\":700,\"height\":450,\"caption\":\"HTI Scientific\"},\"image\":{\"@id\":\"https:\/\/htiscientific.vn\/#\/schema\/logo\/image\/\"},\"sameAs\":[\"https:\/\/www.facebook.com\/htiscientific.vn\"]}]}<\/script>\n<!-- \/ Yoast SEO plugin. -->","yoast_head_json":{"title":"B\u1ed9 th\u00ed nghi\u1ec7m c\u01a1 b\u1ea3n v\u1ec1 Digital - HTI Scientific","description":"B\u1ed9 th\u00ed nghi\u1ec7m c\u01a1 b\u1ea3n v\u1ec1 Digital \u0111\u01b0\u1ee3c thi\u1ebft k\u1ebf b\u1edfi EDIBON gi\u00fap nghi\u00ean c\u1ee9u h\u1ec7 th\u1ed1ng \u0111\u00e1nh s\u1ed1, m\u1ea1ch logic, c\u1ed5ng TTL, CMOS, \u0111\u1ea1i s\u1ed1 Boolean...","robots":{"index":"index","follow":"follow","max-snippet":"max-snippet:-1","max-image-preview":"max-image-preview:large","max-video-preview":"max-video-preview:-1"},"canonical":"https:\/\/htiscientific.vn\/en\/product\/bo-thi-nghiem-co-ban-ve-digital\/","og_locale":"en_US","og_type":"article","og_title":"B\u1ed9 th\u00ed nghi\u1ec7m c\u01a1 b\u1ea3n v\u1ec1 Digital - HTI Scientific","og_description":"B\u1ed9 th\u00ed nghi\u1ec7m c\u01a1 b\u1ea3n v\u1ec1 Digital \u0111\u01b0\u1ee3c thi\u1ebft k\u1ebf b\u1edfi EDIBON gi\u00fap nghi\u00ean c\u1ee9u h\u1ec7 th\u1ed1ng \u0111\u00e1nh s\u1ed1, m\u1ea1ch logic, c\u1ed5ng TTL, CMOS, \u0111\u1ea1i s\u1ed1 Boolean...","og_url":"https:\/\/htiscientific.vn\/en\/product\/bo-thi-nghiem-co-ban-ve-digital\/","og_site_name":"HTI Scientific","article_publisher":"https:\/\/www.facebook.com\/htiscientific.vn","article_modified_time":"2025-06-25T09:49:53+00:00","og_image":[{"width":1000,"height":1000,"url":"https:\/\/htiscientific.vn\/wp-content\/uploads\/2025\/06\/51.jpg","type":"image\/jpeg"}],"twitter_card":"summary_large_image","twitter_misc":{"Est. reading time":"1 minute"},"schema":{"@context":"https:\/\/schema.org","@graph":[{"@type":"WebPage","@id":"https:\/\/htiscientific.vn\/san-pham\/bo-thi-nghiem-co-ban-ve-digital\/","url":"https:\/\/htiscientific.vn\/san-pham\/bo-thi-nghiem-co-ban-ve-digital\/","name":"B\u1ed9 th\u00ed nghi\u1ec7m c\u01a1 b\u1ea3n v\u1ec1 Digital - HTI Scientific","isPartOf":{"@id":"https:\/\/htiscientific.vn\/#website"},"primaryImageOfPage":{"@id":"https:\/\/htiscientific.vn\/san-pham\/bo-thi-nghiem-co-ban-ve-digital\/#primaryimage"},"image":{"@id":"https:\/\/htiscientific.vn\/san-pham\/bo-thi-nghiem-co-ban-ve-digital\/#primaryimage"},"thumbnailUrl":"https:\/\/htiscientific.vn\/wp-content\/uploads\/2025\/06\/51.jpg","datePublished":"2025-06-25T09:49:52+00:00","dateModified":"2025-06-25T09:49:53+00:00","description":"B\u1ed9 th\u00ed nghi\u1ec7m c\u01a1 b\u1ea3n v\u1ec1 Digital \u0111\u01b0\u1ee3c thi\u1ebft k\u1ebf b\u1edfi EDIBON gi\u00fap nghi\u00ean c\u1ee9u h\u1ec7 th\u1ed1ng \u0111\u00e1nh s\u1ed1, m\u1ea1ch logic, c\u1ed5ng TTL, CMOS, \u0111\u1ea1i s\u1ed1 Boolean...","breadcrumb":{"@id":"https:\/\/htiscientific.vn\/san-pham\/bo-thi-nghiem-co-ban-ve-digital\/#breadcrumb"},"inLanguage":"en-US","potentialAction":[{"@type":"ReadAction","target":["https:\/\/htiscientific.vn\/san-pham\/bo-thi-nghiem-co-ban-ve-digital\/"]}]},{"@type":"ImageObject","inLanguage":"en-US","@id":"https:\/\/htiscientific.vn\/san-pham\/bo-thi-nghiem-co-ban-ve-digital\/#primaryimage","url":"https:\/\/htiscientific.vn\/wp-content\/uploads\/2025\/06\/51.jpg","contentUrl":"https:\/\/htiscientific.vn\/wp-content\/uploads\/2025\/06\/51.jpg","width":1000,"height":1000,"caption":"bo-thi-nghiem-co-ban-ve-digital"},{"@type":"BreadcrumbList","@id":"https:\/\/htiscientific.vn\/san-pham\/bo-thi-nghiem-co-ban-ve-digital\/#breadcrumb","itemListElement":[{"@type":"ListItem","position":1,"name":"Trang ch\u1ee7","item":"https:\/\/htiscientific.vn\/"},{"@type":"ListItem","position":2,"name":"C\u1eeda h\u00e0ng","item":"https:\/\/htiscientific.vn\/cua-hang\/"},{"@type":"ListItem","position":3,"name":"Thi\u1ebft b\u1ecb gi\u00e1o d\u1ee5c","item":"https:\/\/htiscientific.vn\/danh-muc-san-pham\/thiet-bi-giao-duc\/"},{"@type":"ListItem","position":4,"name":"\u0110i\u1ec7n t\u1eed","item":"https:\/\/htiscientific.vn\/danh-muc-san-pham\/thiet-bi-giao-duc\/dien-tu\/"},{"@type":"ListItem","position":5,"name":"B\u1ed9 th\u00ed nghi\u1ec7m c\u01a1 b\u1ea3n v\u1ec1 Digital"}]},{"@type":"WebSite","@id":"https:\/\/htiscientific.vn\/#website","url":"https:\/\/htiscientific.vn\/","name":"HTI Scientific","description":"HTI Scientific","publisher":{"@id":"https:\/\/htiscientific.vn\/#organization"},"potentialAction":[{"@type":"SearchAction","target":{"@type":"EntryPoint","urlTemplate":"https:\/\/htiscientific.vn\/?s={search_term_string}"},"query-input":{"@type":"PropertyValueSpecification","valueRequired":true,"valueName":"search_term_string"}}],"inLanguage":"en-US"},{"@type":"Organization","@id":"https:\/\/htiscientific.vn\/#organization","name":"HTI Scientific","alternateName":"HTI Scientific","url":"https:\/\/htiscientific.vn\/","logo":{"@type":"ImageObject","inLanguage":"en-US","@id":"https:\/\/htiscientific.vn\/#\/schema\/logo\/image\/","url":"https:\/\/htiscientific.vn\/wp-content\/uploads\/2025\/03\/ava-hti-copy.jpg","contentUrl":"https:\/\/htiscientific.vn\/wp-content\/uploads\/2025\/03\/ava-hti-copy.jpg","width":700,"height":450,"caption":"HTI Scientific"},"image":{"@id":"https:\/\/htiscientific.vn\/#\/schema\/logo\/image\/"},"sameAs":["https:\/\/www.facebook.com\/htiscientific.vn"]}]}},"_links":{"self":[{"href":"https:\/\/htiscientific.vn\/en\/wp-json\/wp\/v2\/product\/1885","targetHints":{"allow":["GET"]}}],"collection":[{"href":"https:\/\/htiscientific.vn\/en\/wp-json\/wp\/v2\/product"}],"about":[{"href":"https:\/\/htiscientific.vn\/en\/wp-json\/wp\/v2\/types\/product"}],"wp:featuredmedia":[{"embeddable":true,"href":"https:\/\/htiscientific.vn\/en\/wp-json\/wp\/v2\/media\/1886"}],"wp:attachment":[{"href":"https:\/\/htiscientific.vn\/en\/wp-json\/wp\/v2\/media?parent=1885"}],"wp:term":[{"taxonomy":"product_brand","embeddable":true,"href":"https:\/\/htiscientific.vn\/en\/wp-json\/wp\/v2\/product_brand?post=1885"},{"taxonomy":"product_cat","embeddable":true,"href":"https:\/\/htiscientific.vn\/en\/wp-json\/wp\/v2\/product_cat?post=1885"},{"taxonomy":"product_tag","embeddable":true,"href":"https:\/\/htiscientific.vn\/en\/wp-json\/wp\/v2\/product_tag?post=1885"}],"curies":[{"name":"wp","href":"https:\/\/api.w.org\/{rel}","templated":true}]}}