{"id":1879,"date":"2025-06-25T16:26:02","date_gmt":"2025-06-25T09:26:02","guid":{"rendered":"https:\/\/htiscientific.vn\/?post_type=product&#038;p=1879"},"modified":"2025-06-25T16:26:02","modified_gmt":"2025-06-25T09:26:02","slug":"bo-thi-nghiem-bo-loc","status":"publish","type":"product","link":"https:\/\/htiscientific.vn\/en\/product\/bo-thi-nghiem-bo-loc\/","title":{"rendered":"B\u1ed9 th\u00ed nghi\u1ec7m b\u1ed9 l\u1ecdc"},"content":{"rendered":"<p><span style=\"color: #000000;\">B\u1ed9 th\u00ed nghi\u1ec7m b\u1ed9 l\u1ecdc<\/span><\/p>\n<p><span style=\"color: #000000;\">Model: N-M8<\/span><\/p>\n<p><span style=\"color: #000000;\">H\u00e3ng s\u1ea3n xu\u1ea5t: Edibon-T\u00e2y Ban Nha<\/span><\/p>\n<p><span style=\"color: #000000;\">Xu\u1ea5t x\u1ee9: T\u00e2y Ban Nha<\/span><\/p>\n<p><span style=\"color: #000000;\">Th\u00f4ng tin:<\/span><\/p>\n<p><span style=\"color: #000000;\">B\u1ed9 l\u1ecdc \u0111i\u1ec7n t\u1eed l\u00e0 m\u1ed9t th\u00e0nh ph\u1ea7n cho ph\u00e9p t\u00edn hi\u1ec7u \u0111i\u1ec7n \u0111i qua n\u00f3, \u1edf t\u1ea7n s\u1ed1 ho\u1eb7c d\u1ea3i t\u1ea7n s\u1ed1 c\u1ee5 th\u1ec3 trong khi ng\u0103n ch\u1eb7n c\u00e1c t\u00edn hi\u1ec7u kh\u00e1c \u0111i qua, c\u00f3 kh\u1ea3 n\u0103ng thay \u0111\u1ed5i c\u1ea3 bi\u00ean \u0111\u1ed9 v\u00e0 pha c\u1ee7a ch\u00fang. \u0110\u00e2y l\u00e0 m\u1ed9t thi\u1ebft b\u1ecb t\u00e1ch, cho qua ho\u1eb7c tri\u1ec7t ti\u00eau m\u1ed9t nh\u00f3m t\u00edn hi\u1ec7u t\u1eeb h\u1ed7n h\u1ee3p c\u00e1c t\u00edn hi\u1ec7u.<\/span><\/p>\n<p><span style=\"color: #000000;\">V\u1edbi M\u00f4-\u0111un B\u1ed9 l\u1ecdc, \u201cN-M8\u201d, do <a href=\"https:\/\/htiscientific.vn\/en\/hang-san-xuat\/edibon\/\">EDIBON<\/a> thi\u1ebft k\u1ebf, <a href=\"https:\/\/www.edibon.com\/en\/electronics\/theoretical-practical-fundamentals\">b\u1ed9 th\u00ed nghi\u1ec7m b\u1ed9 l\u1ecdc<\/a> c\u00f3 th\u1ec3 nghi\u00ean c\u1ee9u c\u00e1c lo\u1ea1i b\u1ed9 l\u1ecdc kh\u00e1c nhau: RC v\u00e0 LC, trong c\u1ea5u h\u00ecnh lo\u1ea1i \u201cT\u201d, b\u1ed9 l\u1ecdc ch\u1ee7 \u0111\u1ed9ng v\u00e0 c\u0169ng nghi\u00ean c\u1ee9u c\u00e1c li\u00ean k\u1ebft c\u1ee7a m\u1ed9t b\u1ed9 l\u1ecdc v\u00e0 c\u00e1c b\u1ed9 l\u1ecdc kh\u00e1c \u0111\u1ec3 c\u00f3 th\u1ec3 th\u1ef1c h\u00e0nh v\u1edbi c\u00e1c b\u1ed9 l\u1ecdc ph\u1ee9c t\u1ea1p h\u01a1n, \u0111\u1ec3 c\u00f3 \u0111\u01b0\u1ee3c c\u00e1c b\u1ed9 l\u1ecdc kh\u00e1c c\u00f3 c\u00e1c \u0111\u1eb7c \u0111i\u1ec3m mong mu\u1ed1n nh\u1ea5t \u0111\u1ecbnh (b\u1ed9 l\u1ecdc th\u00f4ng th\u1ea5p, th\u00f4ng cao, th\u00f4ng d\u1ea3i v\u00e0 b\u0103ng t\u1ea7n b\u1ecb lo\u1ea1i b\u1ecf).<\/span><\/p>\n<p><span style=\"color: #000000;\">Ngo\u00e0i ra, c\u00f3 th\u1ec3 m\u00f4 ph\u1ecfng l\u1ed7i trong h\u1ea7u h\u1ebft c\u00e1c m\u1ea1ch \u0111ang nghi\u00ean c\u1ee9u. H\u1ecdc vi\u00ean ph\u1ea3i \u0111i\u1ec1u tra nh\u1eefng g\u00ec \u0111ang x\u1ea3y ra trong m\u1ea1ch v\u00e0 t\u1ea1i sao n\u00f3 kh\u00f4ng ho\u1ea1t \u0111\u1ed9ng b\u00ecnh th\u01b0\u1eddng. C\u00e1c m\u00f4 ph\u1ecfng l\u1ed7i n\u00e0y c\u00f3 th\u1ec3 c\u00f3 nhi\u1ec1u lo\u1ea1i, t\u1eeb c\u00e1c th\u00e0nh ph\u1ea7n h\u01b0 h\u1ecfng \u0111\u1ebfn c\u1ee5m m\u1ea1ch gi\u1ea3 \u0111\u1ecbnh kh\u00f4ng ch\u00ednh x\u00e1c.<\/span><\/p>","protected":false},"excerpt":{"rendered":"<p><span style=\"color: #000000;\">B\u1ed9 th\u00ed nghi\u1ec7m b\u1ed9 l\u1ecdc \u0111\u01b0\u1ee3c thi\u1ebft k\u1ebf b\u1edfi EDIBON c\u00f3 th\u1ec3 nghi\u00ean c\u1ee9u c\u00e1c lo\u1ea1i b\u1ed9 l\u1ecdc kh\u00e1c nhau: RC v\u00e0 LC, trong c\u1ea5u h\u00ecnh lo\u1ea1i &#8220;T&#8221;, b\u1ed9 l\u1ecdc ch\u1ee7 \u0111\u1ed9ng v\u00e0 c\u0169ng nghi\u00ean c\u1ee9u c\u00e1c li\u00ean k\u1ebft c\u1ee7a m\u1ed9t b\u1ed9 l\u1ecdc v\u00e0 c\u00e1c b\u1ed9 l\u1ecdc kh\u00e1c\u00a0<\/span><\/p>","protected":false},"featured_media":1880,"template":"","meta":{"inline_featured_image":false},"product_brand":[47],"product_cat":[99,90],"product_tag":[],"class_list":{"0":"post-1879","1":"product","2":"type-product","3":"status-publish","4":"has-post-thumbnail","6":"product_brand-edibon","7":"product_cat-dien-tu","8":"product_cat-thiet-bi-giao-duc","10":"first","11":"instock","12":"shipping-taxable","13":"product-type-simple"},"yoast_head":"<!-- This site is optimized with the Yoast SEO plugin v24.7 - https:\/\/yoast.com\/wordpress\/plugins\/seo\/ -->\n<title>B\u1ed9 th\u00ed nghi\u1ec7m b\u1ed9 l\u1ecdc - HTI Scientific<\/title>\n<meta name=\"description\" content=\"B\u1ed9 th\u00ed nghi\u1ec7m b\u1ed9 l\u1ecdc \u0111\u01b0\u1ee3c thi\u1ebft k\u1ebf b\u1edfi EDIBON c\u00f3 th\u1ec3 nghi\u00ean c\u1ee9u c\u00e1c lo\u1ea1i b\u1ed9 l\u1ecdc kh\u00e1c nhau: RC v\u00e0 LC, trong c\u1ea5u h\u00ecnh lo\u1ea1i &quot;T&quot;, b\u1ed9 l\u1ecdc ch\u1ee7 \u0111\u1ed9ng...\" \/>\n<meta name=\"robots\" content=\"index, follow, max-snippet:-1, max-image-preview:large, max-video-preview:-1\" \/>\n<link rel=\"canonical\" href=\"https:\/\/htiscientific.vn\/en\/product\/bo-thi-nghiem-bo-loc\/\" \/>\n<meta property=\"og:locale\" content=\"en_US\" \/>\n<meta property=\"og:type\" content=\"article\" \/>\n<meta property=\"og:title\" content=\"B\u1ed9 th\u00ed nghi\u1ec7m b\u1ed9 l\u1ecdc - HTI Scientific\" \/>\n<meta property=\"og:description\" content=\"B\u1ed9 th\u00ed nghi\u1ec7m b\u1ed9 l\u1ecdc \u0111\u01b0\u1ee3c thi\u1ebft k\u1ebf b\u1edfi EDIBON c\u00f3 th\u1ec3 nghi\u00ean c\u1ee9u c\u00e1c lo\u1ea1i b\u1ed9 l\u1ecdc kh\u00e1c nhau: RC v\u00e0 LC, trong c\u1ea5u h\u00ecnh lo\u1ea1i &quot;T&quot;, b\u1ed9 l\u1ecdc ch\u1ee7 \u0111\u1ed9ng...\" \/>\n<meta property=\"og:url\" content=\"https:\/\/htiscientific.vn\/en\/product\/bo-thi-nghiem-bo-loc\/\" \/>\n<meta property=\"og:site_name\" content=\"HTI Scientific\" \/>\n<meta property=\"article:publisher\" content=\"https:\/\/www.facebook.com\/htiscientific.vn\" \/>\n<meta property=\"og:image\" content=\"https:\/\/htiscientific.vn\/wp-content\/uploads\/2025\/06\/49.jpg\" \/>\n\t<meta property=\"og:image:width\" content=\"1000\" \/>\n\t<meta property=\"og:image:height\" content=\"1000\" \/>\n\t<meta property=\"og:image:type\" content=\"image\/jpeg\" \/>\n<meta name=\"twitter:card\" content=\"summary_large_image\" \/>\n<meta name=\"twitter:label1\" content=\"Est. reading time\" \/>\n\t<meta name=\"twitter:data1\" content=\"2 minutes\" \/>\n<script type=\"application\/ld+json\" class=\"yoast-schema-graph\">{\"@context\":\"https:\/\/schema.org\",\"@graph\":[{\"@type\":\"WebPage\",\"@id\":\"https:\/\/htiscientific.vn\/san-pham\/bo-thi-nghiem-bo-loc\/\",\"url\":\"https:\/\/htiscientific.vn\/san-pham\/bo-thi-nghiem-bo-loc\/\",\"name\":\"B\u1ed9 th\u00ed nghi\u1ec7m b\u1ed9 l\u1ecdc - HTI Scientific\",\"isPartOf\":{\"@id\":\"https:\/\/htiscientific.vn\/#website\"},\"primaryImageOfPage\":{\"@id\":\"https:\/\/htiscientific.vn\/san-pham\/bo-thi-nghiem-bo-loc\/#primaryimage\"},\"image\":{\"@id\":\"https:\/\/htiscientific.vn\/san-pham\/bo-thi-nghiem-bo-loc\/#primaryimage\"},\"thumbnailUrl\":\"https:\/\/htiscientific.vn\/wp-content\/uploads\/2025\/06\/49.jpg\",\"datePublished\":\"2025-06-25T09:26:02+00:00\",\"description\":\"B\u1ed9 th\u00ed nghi\u1ec7m b\u1ed9 l\u1ecdc \u0111\u01b0\u1ee3c thi\u1ebft k\u1ebf b\u1edfi EDIBON c\u00f3 th\u1ec3 nghi\u00ean c\u1ee9u c\u00e1c lo\u1ea1i b\u1ed9 l\u1ecdc kh\u00e1c nhau: RC v\u00e0 LC, trong c\u1ea5u h\u00ecnh lo\u1ea1i \\\"T\\\", b\u1ed9 l\u1ecdc ch\u1ee7 \u0111\u1ed9ng...\",\"breadcrumb\":{\"@id\":\"https:\/\/htiscientific.vn\/san-pham\/bo-thi-nghiem-bo-loc\/#breadcrumb\"},\"inLanguage\":\"en-US\",\"potentialAction\":[{\"@type\":\"ReadAction\",\"target\":[\"https:\/\/htiscientific.vn\/san-pham\/bo-thi-nghiem-bo-loc\/\"]}]},{\"@type\":\"ImageObject\",\"inLanguage\":\"en-US\",\"@id\":\"https:\/\/htiscientific.vn\/san-pham\/bo-thi-nghiem-bo-loc\/#primaryimage\",\"url\":\"https:\/\/htiscientific.vn\/wp-content\/uploads\/2025\/06\/49.jpg\",\"contentUrl\":\"https:\/\/htiscientific.vn\/wp-content\/uploads\/2025\/06\/49.jpg\",\"width\":1000,\"height\":1000,\"caption\":\"bo-thi-nghiem-bo-loc\"},{\"@type\":\"BreadcrumbList\",\"@id\":\"https:\/\/htiscientific.vn\/san-pham\/bo-thi-nghiem-bo-loc\/#breadcrumb\",\"itemListElement\":[{\"@type\":\"ListItem\",\"position\":1,\"name\":\"Trang ch\u1ee7\",\"item\":\"https:\/\/htiscientific.vn\/\"},{\"@type\":\"ListItem\",\"position\":2,\"name\":\"C\u1eeda h\u00e0ng\",\"item\":\"https:\/\/htiscientific.vn\/cua-hang\/\"},{\"@type\":\"ListItem\",\"position\":3,\"name\":\"Thi\u1ebft b\u1ecb gi\u00e1o d\u1ee5c\",\"item\":\"https:\/\/htiscientific.vn\/danh-muc-san-pham\/thiet-bi-giao-duc\/\"},{\"@type\":\"ListItem\",\"position\":4,\"name\":\"\u0110i\u1ec7n t\u1eed\",\"item\":\"https:\/\/htiscientific.vn\/danh-muc-san-pham\/thiet-bi-giao-duc\/dien-tu\/\"},{\"@type\":\"ListItem\",\"position\":5,\"name\":\"B\u1ed9 th\u00ed nghi\u1ec7m b\u1ed9 l\u1ecdc\"}]},{\"@type\":\"WebSite\",\"@id\":\"https:\/\/htiscientific.vn\/#website\",\"url\":\"https:\/\/htiscientific.vn\/\",\"name\":\"HTI Scientific\",\"description\":\"HTI Scientific\",\"publisher\":{\"@id\":\"https:\/\/htiscientific.vn\/#organization\"},\"potentialAction\":[{\"@type\":\"SearchAction\",\"target\":{\"@type\":\"EntryPoint\",\"urlTemplate\":\"https:\/\/htiscientific.vn\/?s={search_term_string}\"},\"query-input\":{\"@type\":\"PropertyValueSpecification\",\"valueRequired\":true,\"valueName\":\"search_term_string\"}}],\"inLanguage\":\"en-US\"},{\"@type\":\"Organization\",\"@id\":\"https:\/\/htiscientific.vn\/#organization\",\"name\":\"HTI Scientific\",\"alternateName\":\"HTI Scientific\",\"url\":\"https:\/\/htiscientific.vn\/\",\"logo\":{\"@type\":\"ImageObject\",\"inLanguage\":\"en-US\",\"@id\":\"https:\/\/htiscientific.vn\/#\/schema\/logo\/image\/\",\"url\":\"https:\/\/htiscientific.vn\/wp-content\/uploads\/2025\/03\/ava-hti-copy.jpg\",\"contentUrl\":\"https:\/\/htiscientific.vn\/wp-content\/uploads\/2025\/03\/ava-hti-copy.jpg\",\"width\":700,\"height\":450,\"caption\":\"HTI Scientific\"},\"image\":{\"@id\":\"https:\/\/htiscientific.vn\/#\/schema\/logo\/image\/\"},\"sameAs\":[\"https:\/\/www.facebook.com\/htiscientific.vn\"]}]}<\/script>\n<!-- \/ Yoast SEO plugin. -->","yoast_head_json":{"title":"B\u1ed9 th\u00ed nghi\u1ec7m b\u1ed9 l\u1ecdc - HTI Scientific","description":"B\u1ed9 th\u00ed nghi\u1ec7m b\u1ed9 l\u1ecdc \u0111\u01b0\u1ee3c thi\u1ebft k\u1ebf b\u1edfi EDIBON c\u00f3 th\u1ec3 nghi\u00ean c\u1ee9u c\u00e1c lo\u1ea1i b\u1ed9 l\u1ecdc kh\u00e1c nhau: RC v\u00e0 LC, trong c\u1ea5u h\u00ecnh lo\u1ea1i \"T\", b\u1ed9 l\u1ecdc ch\u1ee7 \u0111\u1ed9ng...","robots":{"index":"index","follow":"follow","max-snippet":"max-snippet:-1","max-image-preview":"max-image-preview:large","max-video-preview":"max-video-preview:-1"},"canonical":"https:\/\/htiscientific.vn\/en\/product\/bo-thi-nghiem-bo-loc\/","og_locale":"en_US","og_type":"article","og_title":"B\u1ed9 th\u00ed nghi\u1ec7m b\u1ed9 l\u1ecdc - HTI Scientific","og_description":"B\u1ed9 th\u00ed nghi\u1ec7m b\u1ed9 l\u1ecdc \u0111\u01b0\u1ee3c thi\u1ebft k\u1ebf b\u1edfi EDIBON c\u00f3 th\u1ec3 nghi\u00ean c\u1ee9u c\u00e1c lo\u1ea1i b\u1ed9 l\u1ecdc kh\u00e1c nhau: RC v\u00e0 LC, trong c\u1ea5u h\u00ecnh lo\u1ea1i \"T\", b\u1ed9 l\u1ecdc ch\u1ee7 \u0111\u1ed9ng...","og_url":"https:\/\/htiscientific.vn\/en\/product\/bo-thi-nghiem-bo-loc\/","og_site_name":"HTI Scientific","article_publisher":"https:\/\/www.facebook.com\/htiscientific.vn","og_image":[{"width":1000,"height":1000,"url":"https:\/\/htiscientific.vn\/wp-content\/uploads\/2025\/06\/49.jpg","type":"image\/jpeg"}],"twitter_card":"summary_large_image","twitter_misc":{"Est. reading time":"2 minutes"},"schema":{"@context":"https:\/\/schema.org","@graph":[{"@type":"WebPage","@id":"https:\/\/htiscientific.vn\/san-pham\/bo-thi-nghiem-bo-loc\/","url":"https:\/\/htiscientific.vn\/san-pham\/bo-thi-nghiem-bo-loc\/","name":"B\u1ed9 th\u00ed nghi\u1ec7m b\u1ed9 l\u1ecdc - HTI Scientific","isPartOf":{"@id":"https:\/\/htiscientific.vn\/#website"},"primaryImageOfPage":{"@id":"https:\/\/htiscientific.vn\/san-pham\/bo-thi-nghiem-bo-loc\/#primaryimage"},"image":{"@id":"https:\/\/htiscientific.vn\/san-pham\/bo-thi-nghiem-bo-loc\/#primaryimage"},"thumbnailUrl":"https:\/\/htiscientific.vn\/wp-content\/uploads\/2025\/06\/49.jpg","datePublished":"2025-06-25T09:26:02+00:00","description":"B\u1ed9 th\u00ed nghi\u1ec7m b\u1ed9 l\u1ecdc \u0111\u01b0\u1ee3c thi\u1ebft k\u1ebf b\u1edfi EDIBON c\u00f3 th\u1ec3 nghi\u00ean c\u1ee9u c\u00e1c lo\u1ea1i b\u1ed9 l\u1ecdc kh\u00e1c nhau: RC v\u00e0 LC, trong c\u1ea5u h\u00ecnh lo\u1ea1i \"T\", b\u1ed9 l\u1ecdc ch\u1ee7 \u0111\u1ed9ng...","breadcrumb":{"@id":"https:\/\/htiscientific.vn\/san-pham\/bo-thi-nghiem-bo-loc\/#breadcrumb"},"inLanguage":"en-US","potentialAction":[{"@type":"ReadAction","target":["https:\/\/htiscientific.vn\/san-pham\/bo-thi-nghiem-bo-loc\/"]}]},{"@type":"ImageObject","inLanguage":"en-US","@id":"https:\/\/htiscientific.vn\/san-pham\/bo-thi-nghiem-bo-loc\/#primaryimage","url":"https:\/\/htiscientific.vn\/wp-content\/uploads\/2025\/06\/49.jpg","contentUrl":"https:\/\/htiscientific.vn\/wp-content\/uploads\/2025\/06\/49.jpg","width":1000,"height":1000,"caption":"bo-thi-nghiem-bo-loc"},{"@type":"BreadcrumbList","@id":"https:\/\/htiscientific.vn\/san-pham\/bo-thi-nghiem-bo-loc\/#breadcrumb","itemListElement":[{"@type":"ListItem","position":1,"name":"Trang ch\u1ee7","item":"https:\/\/htiscientific.vn\/"},{"@type":"ListItem","position":2,"name":"C\u1eeda h\u00e0ng","item":"https:\/\/htiscientific.vn\/cua-hang\/"},{"@type":"ListItem","position":3,"name":"Thi\u1ebft b\u1ecb gi\u00e1o d\u1ee5c","item":"https:\/\/htiscientific.vn\/danh-muc-san-pham\/thiet-bi-giao-duc\/"},{"@type":"ListItem","position":4,"name":"\u0110i\u1ec7n t\u1eed","item":"https:\/\/htiscientific.vn\/danh-muc-san-pham\/thiet-bi-giao-duc\/dien-tu\/"},{"@type":"ListItem","position":5,"name":"B\u1ed9 th\u00ed nghi\u1ec7m b\u1ed9 l\u1ecdc"}]},{"@type":"WebSite","@id":"https:\/\/htiscientific.vn\/#website","url":"https:\/\/htiscientific.vn\/","name":"HTI Scientific","description":"HTI Scientific","publisher":{"@id":"https:\/\/htiscientific.vn\/#organization"},"potentialAction":[{"@type":"SearchAction","target":{"@type":"EntryPoint","urlTemplate":"https:\/\/htiscientific.vn\/?s={search_term_string}"},"query-input":{"@type":"PropertyValueSpecification","valueRequired":true,"valueName":"search_term_string"}}],"inLanguage":"en-US"},{"@type":"Organization","@id":"https:\/\/htiscientific.vn\/#organization","name":"HTI Scientific","alternateName":"HTI Scientific","url":"https:\/\/htiscientific.vn\/","logo":{"@type":"ImageObject","inLanguage":"en-US","@id":"https:\/\/htiscientific.vn\/#\/schema\/logo\/image\/","url":"https:\/\/htiscientific.vn\/wp-content\/uploads\/2025\/03\/ava-hti-copy.jpg","contentUrl":"https:\/\/htiscientific.vn\/wp-content\/uploads\/2025\/03\/ava-hti-copy.jpg","width":700,"height":450,"caption":"HTI Scientific"},"image":{"@id":"https:\/\/htiscientific.vn\/#\/schema\/logo\/image\/"},"sameAs":["https:\/\/www.facebook.com\/htiscientific.vn"]}]}},"_links":{"self":[{"href":"https:\/\/htiscientific.vn\/en\/wp-json\/wp\/v2\/product\/1879","targetHints":{"allow":["GET"]}}],"collection":[{"href":"https:\/\/htiscientific.vn\/en\/wp-json\/wp\/v2\/product"}],"about":[{"href":"https:\/\/htiscientific.vn\/en\/wp-json\/wp\/v2\/types\/product"}],"wp:featuredmedia":[{"embeddable":true,"href":"https:\/\/htiscientific.vn\/en\/wp-json\/wp\/v2\/media\/1880"}],"wp:attachment":[{"href":"https:\/\/htiscientific.vn\/en\/wp-json\/wp\/v2\/media?parent=1879"}],"wp:term":[{"taxonomy":"product_brand","embeddable":true,"href":"https:\/\/htiscientific.vn\/en\/wp-json\/wp\/v2\/product_brand?post=1879"},{"taxonomy":"product_cat","embeddable":true,"href":"https:\/\/htiscientific.vn\/en\/wp-json\/wp\/v2\/product_cat?post=1879"},{"taxonomy":"product_tag","embeddable":true,"href":"https:\/\/htiscientific.vn\/en\/wp-json\/wp\/v2\/product_tag?post=1879"}],"curies":[{"name":"wp","href":"https:\/\/api.w.org\/{rel}","templated":true}]}}