{"id":1875,"date":"2025-06-25T16:01:54","date_gmt":"2025-06-25T09:01:54","guid":{"rendered":"https:\/\/htiscientific.vn\/?post_type=product&#038;p=1875"},"modified":"2025-06-25T16:01:54","modified_gmt":"2025-06-25T09:01:54","slug":"bo-thi-nghiem-mach-dao-dong","status":"publish","type":"product","link":"https:\/\/htiscientific.vn\/en\/product\/bo-thi-nghiem-mach-dao-dong\/","title":{"rendered":"B\u1ed9 th\u00ed nghi\u1ec7m m\u1ea1ch dao \u0111\u1ed9ng"},"content":{"rendered":"<p><span style=\"color: #000000;\">B\u1ed9 th\u00ed nghi\u1ec7m m\u1ea1ch dao \u0111\u1ed9ng (Oscillators Module)<\/span><\/p>\n<p><span style=\"color: #000000;\">Model: N-M6<\/span><\/p>\n<p><span style=\"color: #000000;\">H\u00e3ng s\u1ea3n xu\u1ea5t: Edibon-T\u00e2y Ban Nha<\/span><\/p>\n<p><span style=\"color: #000000;\">Xu\u1ea5t x\u1ee9: T\u00e2y Ban Nha<\/span><\/p>\n<p><span style=\"color: #000000;\">Th\u00f4ng tin:<\/span><\/p>\n<p><span style=\"color: #000000;\">Ho\u1ea1t \u0111\u1ed9ng c\u1ee7a b\u1ed9 dao \u0111\u1ed9ng th\u01b0\u1eddng r\u1ea5t gi\u1ed1ng nhau \u1edf t\u1ea5t c\u1ea3 c\u00e1c lo\u1ea1i: m\u1ea1ch dao \u0111\u1ed9ng t\u1ea1o ra dao \u0111\u1ed9ng, sau \u0111\u00f3 b\u1ed9 khu\u1ebfch \u0111\u1ea1i t\u0103ng dao \u0111\u1ed9ng v\u00e0 cu\u1ed1i c\u00f9ng m\u1ea1ng ph\u1ea3n h\u1ed3i l\u1ea5y m\u1ed9t ph\u1ea7n n\u0103ng l\u01b0\u1ee3ng t\u1eeb m\u1ea1ch dao \u0111\u1ed9ng v\u00e0 \u0111\u01b0a tr\u1edf l\u1ea1i \u0111\u1ea7u v\u00e0o, t\u1ea1o ra ph\u1ea3n h\u1ed3i t\u00edch c\u1ef1c.<\/span><\/p>\n<p><span style=\"color: #000000;\">T\u00f3m l\u1ea1i, b\u1ed9 dao \u0111\u1ed9ng l\u00e0 m\u1ed9t t\u1ea7ng \u0111i\u1ec7n t\u1eed \u0111\u01b0\u1ee3c cung c\u1ea5p \u0111i\u1ec7n \u00e1p DC, t\u1ea1o ra t\u00edn hi\u1ec7u tu\u1ea7n ho\u00e0n \u1edf \u0111\u1ea7u ra, c\u00f3 th\u1ec3 g\u1ea7n gi\u1ed1ng h\u00ecnh sin, ho\u1eb7c h\u00ecnh vu\u00f4ng, ho\u1eb7c h\u00ecnh r\u0103ng c\u01b0a, ho\u1eb7c h\u00ecnh tam gi\u00e1c, v.v. B\u1ea3n ch\u1ea5t c\u1ee7a b\u1ed9 dao \u0111\u1ed9ng l\u00e0 t\u1ef1 &#8220;t\u1ea1o&#8221; t\u00edn hi\u1ec7u tu\u1ea7n ho\u00e0n m\u00e0 kh\u00f4ng c\u1ea7n b\u1ea5t k\u1ef3 t\u00edn hi\u1ec7u n\u00e0o \u0111\u01b0\u1ee3c \u0111\u01b0a v\u00e0o \u0111\u1ea7u v\u00e0o. V\u1edbi M\u00f4-\u0111un b\u1ed9 dao \u0111\u1ed9ng, &#8220;N-M6&#8221;, do EDIBON thi\u1ebft k\u1ebf, c\u00f3 th\u1ec3 nghi\u00ean c\u1ee9u c\u00e1c b\u1ed9 dao \u0111\u1ed9ng kh\u00e1c nhau: b\u1ed9 dao \u0111\u1ed9ng m\u1ea1ng RC v\u00e0 LC, c\u1ea7u Wein, Colpitts, Hartley<\/span><\/p>\n<p><span style=\"color: #000000;\">Ngo\u00e0i ra, c\u00f3 th\u1ec3 m\u00f4 ph\u1ecfng l\u1ed7i trong h\u1ea7u h\u1ebft c\u00e1c m\u1ea1ch \u0111ang nghi\u00ean c\u1ee9u. H\u1ecdc vi\u00ean ph\u1ea3i t\u00ecm hi\u1ec3u nh\u1eefng g\u00ec \u0111ang x\u1ea3y ra trong m\u1ea1ch v\u00e0 t\u1ea1i sao m\u1ea1ch kh\u00f4ng ho\u1ea1t \u0111\u1ed9ng b\u00ecnh th\u01b0\u1eddng. C\u00e1c m\u00f4 ph\u1ecfng l\u1ed7i n\u00e0y c\u00f3 th\u1ec3 c\u00f3 nhi\u1ec1u lo\u1ea1i, t\u1eeb c\u00e1c th\u00e0nh ph\u1ea7n b\u1ecb h\u01b0 h\u1ecfng cho \u0111\u1ebfn l\u1eafp r\u00e1p m\u1ea1ch \u0111i\u1ec7n kh\u00f4ng \u0111\u00fang theo gi\u1ea3 thuy\u1ebft.<\/span><\/p>","protected":false},"excerpt":{"rendered":"<p><span style=\"color: #000000;\">B\u1ed9 th\u00ed nghi\u1ec7m m\u1ea1ch dao \u0111\u1ed9ng \u0111\u01b0\u1ee3c thi\u1ebft k\u1ebf b\u1edfi EDIBON nghi\u00ean c\u1ee9u c\u00e1c b\u1ed9 dao \u0111\u1ed9ng kh\u00e1c nhau: b\u1ed9 dao \u0111\u1ed9ng m\u1ea1ng RC v\u00e0 LC, c\u1ea7u Wein, Colpitts, Harley<\/span><\/p>","protected":false},"featured_media":1876,"template":"","meta":{"inline_featured_image":false},"product_brand":[47],"product_cat":[99,90],"product_tag":[],"class_list":{"0":"post-1875","1":"product","2":"type-product","3":"status-publish","4":"has-post-thumbnail","6":"product_brand-edibon","7":"product_cat-dien-tu","8":"product_cat-thiet-bi-giao-duc","10":"first","11":"instock","12":"shipping-taxable","13":"product-type-simple"},"yoast_head":"<!-- This site is optimized with the Yoast SEO plugin v24.7 - https:\/\/yoast.com\/wordpress\/plugins\/seo\/ -->\n<title>B\u1ed9 th\u00ed nghi\u1ec7m m\u1ea1ch dao \u0111\u1ed9ng - HTI Scientific<\/title>\n<meta name=\"description\" content=\"B\u1ed9 th\u00ed nghi\u1ec7m m\u1ea1ch dao \u0111\u1ed9ng \u0111\u01b0\u1ee3c thi\u1ebft k\u1ebf b\u1edfi EDIBON nghi\u00ean c\u1ee9u c\u00e1c b\u1ed9 dao \u0111\u1ed9ng kh\u00e1c nhau: b\u1ed9 dao \u0111\u1ed9ng m\u1ea1ng RC v\u00e0 LC, c\u1ea7u Wein, Colpitts, Harley\" \/>\n<meta name=\"robots\" content=\"index, follow, max-snippet:-1, max-image-preview:large, max-video-preview:-1\" \/>\n<link rel=\"canonical\" href=\"https:\/\/htiscientific.vn\/en\/product\/bo-thi-nghiem-mach-dao-dong\/\" \/>\n<meta property=\"og:locale\" content=\"en_US\" \/>\n<meta property=\"og:type\" content=\"article\" \/>\n<meta property=\"og:title\" content=\"B\u1ed9 th\u00ed nghi\u1ec7m m\u1ea1ch dao \u0111\u1ed9ng - HTI Scientific\" \/>\n<meta property=\"og:description\" content=\"B\u1ed9 th\u00ed nghi\u1ec7m m\u1ea1ch dao \u0111\u1ed9ng \u0111\u01b0\u1ee3c thi\u1ebft k\u1ebf b\u1edfi EDIBON nghi\u00ean c\u1ee9u c\u00e1c b\u1ed9 dao \u0111\u1ed9ng kh\u00e1c nhau: b\u1ed9 dao \u0111\u1ed9ng m\u1ea1ng RC v\u00e0 LC, c\u1ea7u Wein, Colpitts, Harley\" \/>\n<meta property=\"og:url\" content=\"https:\/\/htiscientific.vn\/en\/product\/bo-thi-nghiem-mach-dao-dong\/\" \/>\n<meta property=\"og:site_name\" content=\"HTI Scientific\" \/>\n<meta property=\"article:publisher\" content=\"https:\/\/www.facebook.com\/htiscientific.vn\" \/>\n<meta property=\"og:image\" content=\"https:\/\/htiscientific.vn\/wp-content\/uploads\/2025\/06\/thiet-ke-chua-co-ten-20-1.jpg\" \/>\n\t<meta property=\"og:image:width\" content=\"1000\" \/>\n\t<meta property=\"og:image:height\" content=\"1000\" \/>\n\t<meta property=\"og:image:type\" content=\"image\/jpeg\" \/>\n<meta name=\"twitter:card\" content=\"summary_large_image\" \/>\n<meta name=\"twitter:label1\" content=\"Est. reading time\" \/>\n\t<meta name=\"twitter:data1\" content=\"2 minutes\" \/>\n<script type=\"application\/ld+json\" class=\"yoast-schema-graph\">{\"@context\":\"https:\/\/schema.org\",\"@graph\":[{\"@type\":\"WebPage\",\"@id\":\"https:\/\/htiscientific.vn\/san-pham\/bo-thi-nghiem-mach-dao-dong\/\",\"url\":\"https:\/\/htiscientific.vn\/san-pham\/bo-thi-nghiem-mach-dao-dong\/\",\"name\":\"B\u1ed9 th\u00ed nghi\u1ec7m m\u1ea1ch dao \u0111\u1ed9ng - HTI Scientific\",\"isPartOf\":{\"@id\":\"https:\/\/htiscientific.vn\/#website\"},\"primaryImageOfPage\":{\"@id\":\"https:\/\/htiscientific.vn\/san-pham\/bo-thi-nghiem-mach-dao-dong\/#primaryimage\"},\"image\":{\"@id\":\"https:\/\/htiscientific.vn\/san-pham\/bo-thi-nghiem-mach-dao-dong\/#primaryimage\"},\"thumbnailUrl\":\"https:\/\/htiscientific.vn\/wp-content\/uploads\/2025\/06\/thiet-ke-chua-co-ten-20-1.jpg\",\"datePublished\":\"2025-06-25T09:01:54+00:00\",\"description\":\"B\u1ed9 th\u00ed nghi\u1ec7m m\u1ea1ch dao \u0111\u1ed9ng \u0111\u01b0\u1ee3c thi\u1ebft k\u1ebf b\u1edfi EDIBON nghi\u00ean c\u1ee9u c\u00e1c b\u1ed9 dao \u0111\u1ed9ng kh\u00e1c nhau: b\u1ed9 dao \u0111\u1ed9ng m\u1ea1ng RC v\u00e0 LC, c\u1ea7u Wein, Colpitts, Harley\",\"breadcrumb\":{\"@id\":\"https:\/\/htiscientific.vn\/san-pham\/bo-thi-nghiem-mach-dao-dong\/#breadcrumb\"},\"inLanguage\":\"en-US\",\"potentialAction\":[{\"@type\":\"ReadAction\",\"target\":[\"https:\/\/htiscientific.vn\/san-pham\/bo-thi-nghiem-mach-dao-dong\/\"]}]},{\"@type\":\"ImageObject\",\"inLanguage\":\"en-US\",\"@id\":\"https:\/\/htiscientific.vn\/san-pham\/bo-thi-nghiem-mach-dao-dong\/#primaryimage\",\"url\":\"https:\/\/htiscientific.vn\/wp-content\/uploads\/2025\/06\/thiet-ke-chua-co-ten-20-1.jpg\",\"contentUrl\":\"https:\/\/htiscientific.vn\/wp-content\/uploads\/2025\/06\/thiet-ke-chua-co-ten-20-1.jpg\",\"width\":1000,\"height\":1000,\"caption\":\"bo-thi-nghiem-mach-dao-dong\"},{\"@type\":\"BreadcrumbList\",\"@id\":\"https:\/\/htiscientific.vn\/san-pham\/bo-thi-nghiem-mach-dao-dong\/#breadcrumb\",\"itemListElement\":[{\"@type\":\"ListItem\",\"position\":1,\"name\":\"Trang ch\u1ee7\",\"item\":\"https:\/\/htiscientific.vn\/\"},{\"@type\":\"ListItem\",\"position\":2,\"name\":\"C\u1eeda h\u00e0ng\",\"item\":\"https:\/\/htiscientific.vn\/cua-hang\/\"},{\"@type\":\"ListItem\",\"position\":3,\"name\":\"Thi\u1ebft b\u1ecb gi\u00e1o d\u1ee5c\",\"item\":\"https:\/\/htiscientific.vn\/danh-muc-san-pham\/thiet-bi-giao-duc\/\"},{\"@type\":\"ListItem\",\"position\":4,\"name\":\"\u0110i\u1ec7n t\u1eed\",\"item\":\"https:\/\/htiscientific.vn\/danh-muc-san-pham\/thiet-bi-giao-duc\/dien-tu\/\"},{\"@type\":\"ListItem\",\"position\":5,\"name\":\"B\u1ed9 th\u00ed nghi\u1ec7m m\u1ea1ch dao \u0111\u1ed9ng\"}]},{\"@type\":\"WebSite\",\"@id\":\"https:\/\/htiscientific.vn\/#website\",\"url\":\"https:\/\/htiscientific.vn\/\",\"name\":\"HTI Scientific\",\"description\":\"HTI Scientific\",\"publisher\":{\"@id\":\"https:\/\/htiscientific.vn\/#organization\"},\"potentialAction\":[{\"@type\":\"SearchAction\",\"target\":{\"@type\":\"EntryPoint\",\"urlTemplate\":\"https:\/\/htiscientific.vn\/?s={search_term_string}\"},\"query-input\":{\"@type\":\"PropertyValueSpecification\",\"valueRequired\":true,\"valueName\":\"search_term_string\"}}],\"inLanguage\":\"en-US\"},{\"@type\":\"Organization\",\"@id\":\"https:\/\/htiscientific.vn\/#organization\",\"name\":\"HTI Scientific\",\"alternateName\":\"HTI Scientific\",\"url\":\"https:\/\/htiscientific.vn\/\",\"logo\":{\"@type\":\"ImageObject\",\"inLanguage\":\"en-US\",\"@id\":\"https:\/\/htiscientific.vn\/#\/schema\/logo\/image\/\",\"url\":\"https:\/\/htiscientific.vn\/wp-content\/uploads\/2025\/03\/ava-hti-copy.jpg\",\"contentUrl\":\"https:\/\/htiscientific.vn\/wp-content\/uploads\/2025\/03\/ava-hti-copy.jpg\",\"width\":700,\"height\":450,\"caption\":\"HTI Scientific\"},\"image\":{\"@id\":\"https:\/\/htiscientific.vn\/#\/schema\/logo\/image\/\"},\"sameAs\":[\"https:\/\/www.facebook.com\/htiscientific.vn\"]}]}<\/script>\n<!-- \/ Yoast SEO plugin. -->","yoast_head_json":{"title":"B\u1ed9 th\u00ed nghi\u1ec7m m\u1ea1ch dao \u0111\u1ed9ng - HTI Scientific","description":"B\u1ed9 th\u00ed nghi\u1ec7m m\u1ea1ch dao \u0111\u1ed9ng \u0111\u01b0\u1ee3c thi\u1ebft k\u1ebf b\u1edfi EDIBON nghi\u00ean c\u1ee9u c\u00e1c b\u1ed9 dao \u0111\u1ed9ng kh\u00e1c nhau: b\u1ed9 dao \u0111\u1ed9ng m\u1ea1ng RC v\u00e0 LC, c\u1ea7u Wein, Colpitts, Harley","robots":{"index":"index","follow":"follow","max-snippet":"max-snippet:-1","max-image-preview":"max-image-preview:large","max-video-preview":"max-video-preview:-1"},"canonical":"https:\/\/htiscientific.vn\/en\/product\/bo-thi-nghiem-mach-dao-dong\/","og_locale":"en_US","og_type":"article","og_title":"B\u1ed9 th\u00ed nghi\u1ec7m m\u1ea1ch dao \u0111\u1ed9ng - HTI Scientific","og_description":"B\u1ed9 th\u00ed nghi\u1ec7m m\u1ea1ch dao \u0111\u1ed9ng \u0111\u01b0\u1ee3c thi\u1ebft k\u1ebf b\u1edfi EDIBON nghi\u00ean c\u1ee9u c\u00e1c b\u1ed9 dao \u0111\u1ed9ng kh\u00e1c nhau: b\u1ed9 dao \u0111\u1ed9ng m\u1ea1ng RC v\u00e0 LC, c\u1ea7u Wein, Colpitts, Harley","og_url":"https:\/\/htiscientific.vn\/en\/product\/bo-thi-nghiem-mach-dao-dong\/","og_site_name":"HTI Scientific","article_publisher":"https:\/\/www.facebook.com\/htiscientific.vn","og_image":[{"width":1000,"height":1000,"url":"https:\/\/htiscientific.vn\/wp-content\/uploads\/2025\/06\/thiet-ke-chua-co-ten-20-1.jpg","type":"image\/jpeg"}],"twitter_card":"summary_large_image","twitter_misc":{"Est. reading time":"2 minutes"},"schema":{"@context":"https:\/\/schema.org","@graph":[{"@type":"WebPage","@id":"https:\/\/htiscientific.vn\/san-pham\/bo-thi-nghiem-mach-dao-dong\/","url":"https:\/\/htiscientific.vn\/san-pham\/bo-thi-nghiem-mach-dao-dong\/","name":"B\u1ed9 th\u00ed nghi\u1ec7m m\u1ea1ch dao \u0111\u1ed9ng - HTI Scientific","isPartOf":{"@id":"https:\/\/htiscientific.vn\/#website"},"primaryImageOfPage":{"@id":"https:\/\/htiscientific.vn\/san-pham\/bo-thi-nghiem-mach-dao-dong\/#primaryimage"},"image":{"@id":"https:\/\/htiscientific.vn\/san-pham\/bo-thi-nghiem-mach-dao-dong\/#primaryimage"},"thumbnailUrl":"https:\/\/htiscientific.vn\/wp-content\/uploads\/2025\/06\/thiet-ke-chua-co-ten-20-1.jpg","datePublished":"2025-06-25T09:01:54+00:00","description":"B\u1ed9 th\u00ed nghi\u1ec7m m\u1ea1ch dao \u0111\u1ed9ng \u0111\u01b0\u1ee3c thi\u1ebft k\u1ebf b\u1edfi EDIBON nghi\u00ean c\u1ee9u c\u00e1c b\u1ed9 dao \u0111\u1ed9ng kh\u00e1c nhau: b\u1ed9 dao \u0111\u1ed9ng m\u1ea1ng RC v\u00e0 LC, c\u1ea7u Wein, Colpitts, Harley","breadcrumb":{"@id":"https:\/\/htiscientific.vn\/san-pham\/bo-thi-nghiem-mach-dao-dong\/#breadcrumb"},"inLanguage":"en-US","potentialAction":[{"@type":"ReadAction","target":["https:\/\/htiscientific.vn\/san-pham\/bo-thi-nghiem-mach-dao-dong\/"]}]},{"@type":"ImageObject","inLanguage":"en-US","@id":"https:\/\/htiscientific.vn\/san-pham\/bo-thi-nghiem-mach-dao-dong\/#primaryimage","url":"https:\/\/htiscientific.vn\/wp-content\/uploads\/2025\/06\/thiet-ke-chua-co-ten-20-1.jpg","contentUrl":"https:\/\/htiscientific.vn\/wp-content\/uploads\/2025\/06\/thiet-ke-chua-co-ten-20-1.jpg","width":1000,"height":1000,"caption":"bo-thi-nghiem-mach-dao-dong"},{"@type":"BreadcrumbList","@id":"https:\/\/htiscientific.vn\/san-pham\/bo-thi-nghiem-mach-dao-dong\/#breadcrumb","itemListElement":[{"@type":"ListItem","position":1,"name":"Trang ch\u1ee7","item":"https:\/\/htiscientific.vn\/"},{"@type":"ListItem","position":2,"name":"C\u1eeda h\u00e0ng","item":"https:\/\/htiscientific.vn\/cua-hang\/"},{"@type":"ListItem","position":3,"name":"Thi\u1ebft b\u1ecb gi\u00e1o d\u1ee5c","item":"https:\/\/htiscientific.vn\/danh-muc-san-pham\/thiet-bi-giao-duc\/"},{"@type":"ListItem","position":4,"name":"\u0110i\u1ec7n t\u1eed","item":"https:\/\/htiscientific.vn\/danh-muc-san-pham\/thiet-bi-giao-duc\/dien-tu\/"},{"@type":"ListItem","position":5,"name":"B\u1ed9 th\u00ed nghi\u1ec7m m\u1ea1ch dao \u0111\u1ed9ng"}]},{"@type":"WebSite","@id":"https:\/\/htiscientific.vn\/#website","url":"https:\/\/htiscientific.vn\/","name":"HTI Scientific","description":"HTI Scientific","publisher":{"@id":"https:\/\/htiscientific.vn\/#organization"},"potentialAction":[{"@type":"SearchAction","target":{"@type":"EntryPoint","urlTemplate":"https:\/\/htiscientific.vn\/?s={search_term_string}"},"query-input":{"@type":"PropertyValueSpecification","valueRequired":true,"valueName":"search_term_string"}}],"inLanguage":"en-US"},{"@type":"Organization","@id":"https:\/\/htiscientific.vn\/#organization","name":"HTI Scientific","alternateName":"HTI Scientific","url":"https:\/\/htiscientific.vn\/","logo":{"@type":"ImageObject","inLanguage":"en-US","@id":"https:\/\/htiscientific.vn\/#\/schema\/logo\/image\/","url":"https:\/\/htiscientific.vn\/wp-content\/uploads\/2025\/03\/ava-hti-copy.jpg","contentUrl":"https:\/\/htiscientific.vn\/wp-content\/uploads\/2025\/03\/ava-hti-copy.jpg","width":700,"height":450,"caption":"HTI Scientific"},"image":{"@id":"https:\/\/htiscientific.vn\/#\/schema\/logo\/image\/"},"sameAs":["https:\/\/www.facebook.com\/htiscientific.vn"]}]}},"_links":{"self":[{"href":"https:\/\/htiscientific.vn\/en\/wp-json\/wp\/v2\/product\/1875","targetHints":{"allow":["GET"]}}],"collection":[{"href":"https:\/\/htiscientific.vn\/en\/wp-json\/wp\/v2\/product"}],"about":[{"href":"https:\/\/htiscientific.vn\/en\/wp-json\/wp\/v2\/types\/product"}],"wp:featuredmedia":[{"embeddable":true,"href":"https:\/\/htiscientific.vn\/en\/wp-json\/wp\/v2\/media\/1876"}],"wp:attachment":[{"href":"https:\/\/htiscientific.vn\/en\/wp-json\/wp\/v2\/media?parent=1875"}],"wp:term":[{"taxonomy":"product_brand","embeddable":true,"href":"https:\/\/htiscientific.vn\/en\/wp-json\/wp\/v2\/product_brand?post=1875"},{"taxonomy":"product_cat","embeddable":true,"href":"https:\/\/htiscientific.vn\/en\/wp-json\/wp\/v2\/product_cat?post=1875"},{"taxonomy":"product_tag","embeddable":true,"href":"https:\/\/htiscientific.vn\/en\/wp-json\/wp\/v2\/product_tag?post=1875"}],"curies":[{"name":"wp","href":"https:\/\/api.w.org\/{rel}","templated":true}]}}