{"id":1867,"date":"2025-06-25T15:15:49","date_gmt":"2025-06-25T08:15:49","guid":{"rendered":"https:\/\/htiscientific.vn\/?post_type=product&#038;p=1867"},"modified":"2025-06-25T15:15:49","modified_gmt":"2025-06-25T08:15:49","slug":"bo-thi-nghiem-mach-dien-xoay-chieu","status":"publish","type":"product","link":"https:\/\/htiscientific.vn\/en\/product\/bo-thi-nghiem-mach-dien-xoay-chieu\/","title":{"rendered":"B\u1ed9 th\u00ed nghi\u1ec7m m\u1ea1ch \u0111i\u1ec7n xoay chi\u1ec1u"},"content":{"rendered":"<p><span style=\"color: #000000;\">B\u1ed9 th\u00ed nghi\u1ec7m m\u1ea1ch \u0111i\u1ec7n xoay chi\u1ec1u (Alternating Current (AC) Circuits Module)<\/span><\/p>\n<p><span style=\"color: #000000;\">Model: N-M2<\/span><\/p>\n<p><span style=\"color: #000000;\">H\u00e3ng s\u1ea3n xu\u1ea5t: Edibon-T\u00e2y Ban Nha<\/span><\/p>\n<p><span style=\"color: #000000;\">Xu\u1ea5t x\u1ee9: T\u00e2y Ban Nha<\/span><\/p>\n<p><span style=\"color: #000000;\">Th\u00f4ng tin:<\/span><\/p>\n<p><span style=\"color: #000000;\">V\u1edbi M\u00f4-\u0111un M\u1ea1ch \u0111i\u1ec7n xoay chi\u1ec1u (AC), \u201cN-M2\u201d, do EDIBON thi\u1ebft k\u1ebf, b\u1ea1n c\u00f3 th\u1ec3 b\u1eaft \u0111\u1ea7u nghi\u00ean c\u1ee9u c\u00e1c nguy\u00ean l\u00fd c\u01a1 b\u1ea3n trong d\u00f2ng \u0111i\u1ec7n xoay chi\u1ec1u, ch\u1eb3ng h\u1ea1n nh\u01b0:<\/span><\/p>\n<ul>\n<li><span style=\"color: #000000;\">\u0110\u1eb7c \u0111i\u1ec3m c\u1ee7a t\u00edn hi\u1ec7u xoay chi\u1ec1u: nghi\u00ean c\u1ee9u c\u00e1c d\u1ea1ng s\u00f3ng AC kh\u00e1c nhau, m\u1ed1i quan h\u1ec7 gi\u1eefa gi\u00e1 tr\u1ecb \u0111\u1ec9nh v\u00e0 gi\u00e1 tr\u1ecb RMS \u0111\u1ed1i v\u1edbi s\u00f3ng seinodal, \u0111i\u1ec7n tr\u1edf n\u1ed1i ti\u1ebfp v\u00e0 song song.<\/span><\/li>\n<li><span style=\"color: #000000;\">\u0110\u1eb7c \u0111i\u1ec3m c\u1ee7a t\u1ee5 \u0111i\u1ec7n v\u00e0 cu\u1ed9n d\u00e2y trong AC: s\u1ef1 thay \u0111\u1ed5i c\u1ee7a \u0111i\u1ec7n kh\u00e1ng, \u0111i\u1ec7n dung v\u00e0 \u0111\u1ed9 t\u1ef1 c\u1ea3m, \u0111i\u1ec7n dung n\u1ed1i ti\u1ebfp\/song song, nghi\u00ean c\u1ee9u v\u1ec1 \u0111i\u1ec7n kh\u00e1ng ph\u1ea3n kh\u00e1ng, v.v.<\/span><\/li>\n<li><span style=\"color: #000000;\">Nghi\u00ean c\u1ee9u c\u00e1c \u0111\u1ecbnh l\u00fd c\u01a1 b\u1ea3n v\u00e0 m\u1ea1ch \u0111i\u1ec7n dung v\u00e0 c\u1ea3m \u1ee9ng (tr\u1edf kh\u00e1ng v\u00e0 \u0110\u1ecbnh lu\u1eadt Ohm, m\u1ea1ch n\u1ed1i ti\u1ebfp\/song song RC, m\u1ea1ch song song RL, v.v.).<\/span><\/li>\n<li><span style=\"color: #000000;\">Ngo\u00e0i ra, c\u00f3 th\u1ec3 m\u00f4 ph\u1ecfng l\u1ed7i trong h\u1ea7u h\u1ebft c\u00e1c m\u1ea1ch \u0111ang nghi\u00ean c\u1ee9u. H\u1ecdc vi\u00ean ph\u1ea3i t\u00ecm hi\u1ec3u \u0111i\u1ec1u g\u00ec \u0111ang x\u1ea3y ra trong m\u1ea1ch v\u00e0 t\u1ea1i sao m\u1ea1ch kh\u00f4ng ho\u1ea1t \u0111\u1ed9ng b\u00ecnh th\u01b0\u1eddng. C\u00e1c m\u00f4 ph\u1ecfng l\u1ed7i n\u00e0y c\u00f3 th\u1ec3 c\u00f3 nhi\u1ec1u lo\u1ea1i, t\u1eeb c\u00e1c th\u00e0nh ph\u1ea7n h\u01b0 h\u1ecfng \u0111\u1ebfn c\u1ee5m m\u1ea1ch gi\u1ea3 \u0111\u1ecbnh kh\u00f4ng ch\u00ednh x\u00e1c<\/span><\/li>\n<\/ul>","protected":false},"excerpt":{"rendered":"<p><span style=\"color: #000000;\">B\u1ed9 th\u00ed nghi\u1ec7m m\u1ea1ch \u0111i\u1ec7n xoay chi\u1ec1u \u0111\u01b0\u1ee3c thi\u1ebft k\u1ebf b\u1edfi EDIBON gi\u00fap nghi\u00ean c\u1ee9u c\u00e1c nguy\u00ean l\u00fd c\u01a1 b\u1ea3n trong d\u00f2ng \u0111i\u1ec7n xoay chi\u1ec1u ch\u1ea3 h\u1ea1n nh\u01b0: \u0111\u1eb7c \u0111i\u1ec3m c\u1ee7a t\u00edn hi\u1ec7u xoay chi\u1ec1u, t\u1ee5 \u0111i\u1ec7n v\u00e0 cu\u1ed9n d\u00e2y trong AC, nghi\u00ean c\u1ee9u c\u00e1c \u0111\u1ecbnh l\u00fd c\u01a1 b\u1ea3n v\u00e0 m\u1ea1ch \u0111i\u1ec7n d\u00f9ng v\u00e0 c\u1ea3m \u1ee9ng.<\/span><\/p>","protected":false},"featured_media":1868,"template":"","meta":{"inline_featured_image":false},"product_brand":[47],"product_cat":[99,90],"product_tag":[],"class_list":{"0":"post-1867","1":"product","2":"type-product","3":"status-publish","4":"has-post-thumbnail","6":"product_brand-edibon","7":"product_cat-dien-tu","8":"product_cat-thiet-bi-giao-duc","10":"first","11":"instock","12":"shipping-taxable","13":"product-type-simple"},"yoast_head":"<!-- This site is optimized with the Yoast SEO plugin v24.7 - https:\/\/yoast.com\/wordpress\/plugins\/seo\/ -->\n<title>B\u1ed9 th\u00ed nghi\u1ec7m m\u1ea1ch \u0111i\u1ec7n xoay chi\u1ec1u - HTI Scientific<\/title>\n<meta name=\"description\" content=\"B\u1ed9 th\u00ed nghi\u1ec7m m\u1ea1ch \u0111i\u1ec7n xoay chi\u1ec1u \u0111\u01b0\u1ee3c thi\u1ebft k\u1ebf b\u1edfi EDIBON gi\u00fap nghi\u00ean c\u1ee9u c\u00e1c nguy\u00ean l\u00fd c\u01a1 b\u1ea3n trong d\u00f2ng \u0111i\u1ec7n xoay chi\u1ec1u\" \/>\n<meta name=\"robots\" content=\"index, follow, max-snippet:-1, max-image-preview:large, max-video-preview:-1\" \/>\n<link rel=\"canonical\" href=\"https:\/\/htiscientific.vn\/en\/product\/bo-thi-nghiem-mach-dien-xoay-chieu\/\" \/>\n<meta property=\"og:locale\" content=\"en_US\" \/>\n<meta property=\"og:type\" content=\"article\" \/>\n<meta property=\"og:title\" content=\"B\u1ed9 th\u00ed nghi\u1ec7m m\u1ea1ch \u0111i\u1ec7n xoay chi\u1ec1u - HTI Scientific\" \/>\n<meta property=\"og:description\" content=\"B\u1ed9 th\u00ed nghi\u1ec7m m\u1ea1ch \u0111i\u1ec7n xoay chi\u1ec1u \u0111\u01b0\u1ee3c thi\u1ebft k\u1ebf b\u1edfi EDIBON gi\u00fap nghi\u00ean c\u1ee9u c\u00e1c nguy\u00ean l\u00fd c\u01a1 b\u1ea3n trong d\u00f2ng \u0111i\u1ec7n xoay chi\u1ec1u\" \/>\n<meta property=\"og:url\" content=\"https:\/\/htiscientific.vn\/en\/product\/bo-thi-nghiem-mach-dien-xoay-chieu\/\" \/>\n<meta property=\"og:site_name\" content=\"HTI Scientific\" \/>\n<meta property=\"article:publisher\" content=\"https:\/\/www.facebook.com\/htiscientific.vn\" \/>\n<meta property=\"og:image\" content=\"https:\/\/htiscientific.vn\/wp-content\/uploads\/2025\/06\/58.jpg\" \/>\n\t<meta property=\"og:image:width\" content=\"1000\" \/>\n\t<meta property=\"og:image:height\" content=\"1000\" \/>\n\t<meta property=\"og:image:type\" content=\"image\/jpeg\" \/>\n<meta name=\"twitter:card\" content=\"summary_large_image\" \/>\n<meta name=\"twitter:label1\" content=\"Est. reading time\" \/>\n\t<meta name=\"twitter:data1\" content=\"2 minutes\" \/>\n<script type=\"application\/ld+json\" class=\"yoast-schema-graph\">{\"@context\":\"https:\/\/schema.org\",\"@graph\":[{\"@type\":\"WebPage\",\"@id\":\"https:\/\/htiscientific.vn\/san-pham\/bo-thi-nghiem-mach-dien-xoay-chieu\/\",\"url\":\"https:\/\/htiscientific.vn\/san-pham\/bo-thi-nghiem-mach-dien-xoay-chieu\/\",\"name\":\"B\u1ed9 th\u00ed nghi\u1ec7m m\u1ea1ch \u0111i\u1ec7n xoay chi\u1ec1u - HTI Scientific\",\"isPartOf\":{\"@id\":\"https:\/\/htiscientific.vn\/#website\"},\"primaryImageOfPage\":{\"@id\":\"https:\/\/htiscientific.vn\/san-pham\/bo-thi-nghiem-mach-dien-xoay-chieu\/#primaryimage\"},\"image\":{\"@id\":\"https:\/\/htiscientific.vn\/san-pham\/bo-thi-nghiem-mach-dien-xoay-chieu\/#primaryimage\"},\"thumbnailUrl\":\"https:\/\/htiscientific.vn\/wp-content\/uploads\/2025\/06\/58.jpg\",\"datePublished\":\"2025-06-25T08:15:49+00:00\",\"description\":\"B\u1ed9 th\u00ed nghi\u1ec7m m\u1ea1ch \u0111i\u1ec7n xoay chi\u1ec1u \u0111\u01b0\u1ee3c thi\u1ebft k\u1ebf b\u1edfi EDIBON gi\u00fap nghi\u00ean c\u1ee9u c\u00e1c nguy\u00ean l\u00fd c\u01a1 b\u1ea3n trong d\u00f2ng \u0111i\u1ec7n xoay chi\u1ec1u\",\"breadcrumb\":{\"@id\":\"https:\/\/htiscientific.vn\/san-pham\/bo-thi-nghiem-mach-dien-xoay-chieu\/#breadcrumb\"},\"inLanguage\":\"en-US\",\"potentialAction\":[{\"@type\":\"ReadAction\",\"target\":[\"https:\/\/htiscientific.vn\/san-pham\/bo-thi-nghiem-mach-dien-xoay-chieu\/\"]}]},{\"@type\":\"ImageObject\",\"inLanguage\":\"en-US\",\"@id\":\"https:\/\/htiscientific.vn\/san-pham\/bo-thi-nghiem-mach-dien-xoay-chieu\/#primaryimage\",\"url\":\"https:\/\/htiscientific.vn\/wp-content\/uploads\/2025\/06\/58.jpg\",\"contentUrl\":\"https:\/\/htiscientific.vn\/wp-content\/uploads\/2025\/06\/58.jpg\",\"width\":1000,\"height\":1000,\"caption\":\"bo-thi-nghiem-mach-dien-xoay-chieu\"},{\"@type\":\"BreadcrumbList\",\"@id\":\"https:\/\/htiscientific.vn\/san-pham\/bo-thi-nghiem-mach-dien-xoay-chieu\/#breadcrumb\",\"itemListElement\":[{\"@type\":\"ListItem\",\"position\":1,\"name\":\"Trang ch\u1ee7\",\"item\":\"https:\/\/htiscientific.vn\/\"},{\"@type\":\"ListItem\",\"position\":2,\"name\":\"C\u1eeda h\u00e0ng\",\"item\":\"https:\/\/htiscientific.vn\/cua-hang\/\"},{\"@type\":\"ListItem\",\"position\":3,\"name\":\"Thi\u1ebft b\u1ecb gi\u00e1o d\u1ee5c\",\"item\":\"https:\/\/htiscientific.vn\/danh-muc-san-pham\/thiet-bi-giao-duc\/\"},{\"@type\":\"ListItem\",\"position\":4,\"name\":\"\u0110i\u1ec7n t\u1eed\",\"item\":\"https:\/\/htiscientific.vn\/danh-muc-san-pham\/thiet-bi-giao-duc\/dien-tu\/\"},{\"@type\":\"ListItem\",\"position\":5,\"name\":\"B\u1ed9 th\u00ed nghi\u1ec7m m\u1ea1ch \u0111i\u1ec7n xoay chi\u1ec1u\"}]},{\"@type\":\"WebSite\",\"@id\":\"https:\/\/htiscientific.vn\/#website\",\"url\":\"https:\/\/htiscientific.vn\/\",\"name\":\"HTI Scientific\",\"description\":\"HTI Scientific\",\"publisher\":{\"@id\":\"https:\/\/htiscientific.vn\/#organization\"},\"potentialAction\":[{\"@type\":\"SearchAction\",\"target\":{\"@type\":\"EntryPoint\",\"urlTemplate\":\"https:\/\/htiscientific.vn\/?s={search_term_string}\"},\"query-input\":{\"@type\":\"PropertyValueSpecification\",\"valueRequired\":true,\"valueName\":\"search_term_string\"}}],\"inLanguage\":\"en-US\"},{\"@type\":\"Organization\",\"@id\":\"https:\/\/htiscientific.vn\/#organization\",\"name\":\"HTI Scientific\",\"alternateName\":\"HTI Scientific\",\"url\":\"https:\/\/htiscientific.vn\/\",\"logo\":{\"@type\":\"ImageObject\",\"inLanguage\":\"en-US\",\"@id\":\"https:\/\/htiscientific.vn\/#\/schema\/logo\/image\/\",\"url\":\"https:\/\/htiscientific.vn\/wp-content\/uploads\/2025\/03\/ava-hti-copy.jpg\",\"contentUrl\":\"https:\/\/htiscientific.vn\/wp-content\/uploads\/2025\/03\/ava-hti-copy.jpg\",\"width\":700,\"height\":450,\"caption\":\"HTI Scientific\"},\"image\":{\"@id\":\"https:\/\/htiscientific.vn\/#\/schema\/logo\/image\/\"},\"sameAs\":[\"https:\/\/www.facebook.com\/htiscientific.vn\"]}]}<\/script>\n<!-- \/ Yoast SEO plugin. -->","yoast_head_json":{"title":"B\u1ed9 th\u00ed nghi\u1ec7m m\u1ea1ch \u0111i\u1ec7n xoay chi\u1ec1u - HTI Scientific","description":"B\u1ed9 th\u00ed nghi\u1ec7m m\u1ea1ch \u0111i\u1ec7n xoay chi\u1ec1u \u0111\u01b0\u1ee3c thi\u1ebft k\u1ebf b\u1edfi EDIBON gi\u00fap nghi\u00ean c\u1ee9u c\u00e1c nguy\u00ean l\u00fd c\u01a1 b\u1ea3n trong d\u00f2ng \u0111i\u1ec7n xoay chi\u1ec1u","robots":{"index":"index","follow":"follow","max-snippet":"max-snippet:-1","max-image-preview":"max-image-preview:large","max-video-preview":"max-video-preview:-1"},"canonical":"https:\/\/htiscientific.vn\/en\/product\/bo-thi-nghiem-mach-dien-xoay-chieu\/","og_locale":"en_US","og_type":"article","og_title":"B\u1ed9 th\u00ed nghi\u1ec7m m\u1ea1ch \u0111i\u1ec7n xoay chi\u1ec1u - HTI Scientific","og_description":"B\u1ed9 th\u00ed nghi\u1ec7m m\u1ea1ch \u0111i\u1ec7n xoay chi\u1ec1u \u0111\u01b0\u1ee3c thi\u1ebft k\u1ebf b\u1edfi EDIBON gi\u00fap nghi\u00ean c\u1ee9u c\u00e1c nguy\u00ean l\u00fd c\u01a1 b\u1ea3n trong d\u00f2ng \u0111i\u1ec7n xoay chi\u1ec1u","og_url":"https:\/\/htiscientific.vn\/en\/product\/bo-thi-nghiem-mach-dien-xoay-chieu\/","og_site_name":"HTI Scientific","article_publisher":"https:\/\/www.facebook.com\/htiscientific.vn","og_image":[{"width":1000,"height":1000,"url":"https:\/\/htiscientific.vn\/wp-content\/uploads\/2025\/06\/58.jpg","type":"image\/jpeg"}],"twitter_card":"summary_large_image","twitter_misc":{"Est. reading time":"2 minutes"},"schema":{"@context":"https:\/\/schema.org","@graph":[{"@type":"WebPage","@id":"https:\/\/htiscientific.vn\/san-pham\/bo-thi-nghiem-mach-dien-xoay-chieu\/","url":"https:\/\/htiscientific.vn\/san-pham\/bo-thi-nghiem-mach-dien-xoay-chieu\/","name":"B\u1ed9 th\u00ed nghi\u1ec7m m\u1ea1ch \u0111i\u1ec7n xoay chi\u1ec1u - HTI Scientific","isPartOf":{"@id":"https:\/\/htiscientific.vn\/#website"},"primaryImageOfPage":{"@id":"https:\/\/htiscientific.vn\/san-pham\/bo-thi-nghiem-mach-dien-xoay-chieu\/#primaryimage"},"image":{"@id":"https:\/\/htiscientific.vn\/san-pham\/bo-thi-nghiem-mach-dien-xoay-chieu\/#primaryimage"},"thumbnailUrl":"https:\/\/htiscientific.vn\/wp-content\/uploads\/2025\/06\/58.jpg","datePublished":"2025-06-25T08:15:49+00:00","description":"B\u1ed9 th\u00ed nghi\u1ec7m m\u1ea1ch \u0111i\u1ec7n xoay chi\u1ec1u \u0111\u01b0\u1ee3c thi\u1ebft k\u1ebf b\u1edfi EDIBON gi\u00fap nghi\u00ean c\u1ee9u c\u00e1c nguy\u00ean l\u00fd c\u01a1 b\u1ea3n trong d\u00f2ng \u0111i\u1ec7n xoay chi\u1ec1u","breadcrumb":{"@id":"https:\/\/htiscientific.vn\/san-pham\/bo-thi-nghiem-mach-dien-xoay-chieu\/#breadcrumb"},"inLanguage":"en-US","potentialAction":[{"@type":"ReadAction","target":["https:\/\/htiscientific.vn\/san-pham\/bo-thi-nghiem-mach-dien-xoay-chieu\/"]}]},{"@type":"ImageObject","inLanguage":"en-US","@id":"https:\/\/htiscientific.vn\/san-pham\/bo-thi-nghiem-mach-dien-xoay-chieu\/#primaryimage","url":"https:\/\/htiscientific.vn\/wp-content\/uploads\/2025\/06\/58.jpg","contentUrl":"https:\/\/htiscientific.vn\/wp-content\/uploads\/2025\/06\/58.jpg","width":1000,"height":1000,"caption":"bo-thi-nghiem-mach-dien-xoay-chieu"},{"@type":"BreadcrumbList","@id":"https:\/\/htiscientific.vn\/san-pham\/bo-thi-nghiem-mach-dien-xoay-chieu\/#breadcrumb","itemListElement":[{"@type":"ListItem","position":1,"name":"Trang ch\u1ee7","item":"https:\/\/htiscientific.vn\/"},{"@type":"ListItem","position":2,"name":"C\u1eeda h\u00e0ng","item":"https:\/\/htiscientific.vn\/cua-hang\/"},{"@type":"ListItem","position":3,"name":"Thi\u1ebft b\u1ecb gi\u00e1o d\u1ee5c","item":"https:\/\/htiscientific.vn\/danh-muc-san-pham\/thiet-bi-giao-duc\/"},{"@type":"ListItem","position":4,"name":"\u0110i\u1ec7n t\u1eed","item":"https:\/\/htiscientific.vn\/danh-muc-san-pham\/thiet-bi-giao-duc\/dien-tu\/"},{"@type":"ListItem","position":5,"name":"B\u1ed9 th\u00ed nghi\u1ec7m m\u1ea1ch \u0111i\u1ec7n xoay chi\u1ec1u"}]},{"@type":"WebSite","@id":"https:\/\/htiscientific.vn\/#website","url":"https:\/\/htiscientific.vn\/","name":"HTI Scientific","description":"HTI Scientific","publisher":{"@id":"https:\/\/htiscientific.vn\/#organization"},"potentialAction":[{"@type":"SearchAction","target":{"@type":"EntryPoint","urlTemplate":"https:\/\/htiscientific.vn\/?s={search_term_string}"},"query-input":{"@type":"PropertyValueSpecification","valueRequired":true,"valueName":"search_term_string"}}],"inLanguage":"en-US"},{"@type":"Organization","@id":"https:\/\/htiscientific.vn\/#organization","name":"HTI Scientific","alternateName":"HTI Scientific","url":"https:\/\/htiscientific.vn\/","logo":{"@type":"ImageObject","inLanguage":"en-US","@id":"https:\/\/htiscientific.vn\/#\/schema\/logo\/image\/","url":"https:\/\/htiscientific.vn\/wp-content\/uploads\/2025\/03\/ava-hti-copy.jpg","contentUrl":"https:\/\/htiscientific.vn\/wp-content\/uploads\/2025\/03\/ava-hti-copy.jpg","width":700,"height":450,"caption":"HTI Scientific"},"image":{"@id":"https:\/\/htiscientific.vn\/#\/schema\/logo\/image\/"},"sameAs":["https:\/\/www.facebook.com\/htiscientific.vn"]}]}},"_links":{"self":[{"href":"https:\/\/htiscientific.vn\/en\/wp-json\/wp\/v2\/product\/1867","targetHints":{"allow":["GET"]}}],"collection":[{"href":"https:\/\/htiscientific.vn\/en\/wp-json\/wp\/v2\/product"}],"about":[{"href":"https:\/\/htiscientific.vn\/en\/wp-json\/wp\/v2\/types\/product"}],"wp:featuredmedia":[{"embeddable":true,"href":"https:\/\/htiscientific.vn\/en\/wp-json\/wp\/v2\/media\/1868"}],"wp:attachment":[{"href":"https:\/\/htiscientific.vn\/en\/wp-json\/wp\/v2\/media?parent=1867"}],"wp:term":[{"taxonomy":"product_brand","embeddable":true,"href":"https:\/\/htiscientific.vn\/en\/wp-json\/wp\/v2\/product_brand?post=1867"},{"taxonomy":"product_cat","embeddable":true,"href":"https:\/\/htiscientific.vn\/en\/wp-json\/wp\/v2\/product_cat?post=1867"},{"taxonomy":"product_tag","embeddable":true,"href":"https:\/\/htiscientific.vn\/en\/wp-json\/wp\/v2\/product_tag?post=1867"}],"curies":[{"name":"wp","href":"https:\/\/api.w.org\/{rel}","templated":true}]}}