{"id":1865,"date":"2025-06-25T15:04:46","date_gmt":"2025-06-25T08:04:46","guid":{"rendered":"https:\/\/htiscientific.vn\/?post_type=product&#038;p=1865"},"modified":"2025-06-25T15:04:47","modified_gmt":"2025-06-25T08:04:47","slug":"bo-thi-nghiem-mach-dien-mot-chieu","status":"publish","type":"product","link":"https:\/\/htiscientific.vn\/en\/product\/bo-thi-nghiem-mach-dien-mot-chieu\/","title":{"rendered":"B\u1ed9 th\u00ed nghi\u1ec7m m\u1ea1ch \u0111i\u1ec7n m\u1ed9t chi\u1ec1u"},"content":{"rendered":"<p><span style=\"color: #000000;\">B\u1ed9 th\u00ed nghi\u1ec7m m\u1ea1ch \u0111i\u1ec7n m\u1ed9t chi\u1ec1u (Direct Current (DC) Circuits Module<\/span><\/p>\n<p><span style=\"color: #000000;\">Model: N-M1<\/span><\/p>\n<p><span style=\"color: #000000;\">H\u00e3ng s\u1ea3n xu\u1ea5t: <a href=\"https:\/\/htiscientific.vn\/en\/hang-san-xuat\/edibon\/\">Edibon<\/a>-T\u00e2y Ban Nha<\/span><\/p>\n<p><span style=\"color: #000000;\">Xu\u1ea5t x\u1ee9: T\u00e2y Ban Nha<\/span><\/p>\n<p><span style=\"color: #000000;\">Th\u00f4ng tin <a href=\"https:\/\/www.edibon.com\/en\/electronics\/theoretical-practical-fundamentals\">B\u1ed9 th\u00ed nghi\u1ec7m m\u1ea1ch \u0111i\u1ec7n m\u1ed9t chi\u1ec1u<\/a><\/span><\/p>\n<ul>\n<li><span style=\"color: #000000;\">Thi\u1ebft k\u1ebf \u0111\u1ec3 b\u1eaft \u0111\u1ea7u nghi\u00ean c\u1ee9u c\u00e1c nguy\u00ean l\u00fd c\u01a1 b\u1ea3n c\u1ee7a d\u00f2ng \u0111i\u1ec7n m\u1ed9t chi\u1ec1u, ch\u1eb3ng h\u1ea1n nh\u01b0:<\/span><\/li>\n<li><span style=\"color: #000000;\">Th\u1ef1c h\u00e0nh c\u00e1c d\u1ee5ng c\u1ee5 \u0111o l\u01b0\u1eddng v\u00e0 th\u1eed nghi\u1ec7m (ampe k\u1ebf, v\u00f4n k\u1ebf, \u00f4m k\u1ebf v\u00e0 v\u1ea1n n\u0103ng k\u1ebf).<\/span><\/li>\n<li><span style=\"color: #000000;\">Nghi\u00ean c\u1ee9u \u0111\u1ecbnh lu\u1eadt Ohm v\u00e0 th\u1eed nghi\u1ec7m th\u1ef1c t\u1ebf.<\/span><\/li>\n<li><span style=\"color: #000000;\">Nghi\u00ean c\u1ee9u c\u00e1c \u0111i\u1ec7n tr\u1edf kh\u00e1c nhau: \u0111i\u1ec7n tr\u1edf, \u0111\u1eb7c \u0111i\u1ec3m c\u1ee7a \u0111i\u1ec7n tr\u1edf, nghi\u00ean c\u1ee9u kh\u00e1i ni\u1ec7m v\u1ec1 \u0111i\u1ec7n tr\u1edf su\u1ea5t, \u0111\u1ed9 d\u1eabn \u0111i\u1ec7n, v\u00e0 c\u00e1ch \u0111o \u0111i\u1ec7n tr\u1edf.<\/span><\/li>\n<li><span style=\"color: #000000;\">Li\u00ean k\u1ebft c\u00e1c \u0111i\u1ec7n tr\u1edf (m\u1ea1ch n\u1ed1i ti\u1ebfp, song song, m\u1ea1ch h\u1ed7n h\u1ee3p) v\u00e0 c\u1ea7u Wheatstone.<\/span><\/li>\n<li><span style=\"color: #000000;\">Nghi\u00ean c\u1ee9u \u0111\u1ecbnh lu\u1eadt Kirchhoff<\/span><\/li>\n<\/ul>\n<p><span style=\"color: #000000;\">Ngo\u00e0i ra, l\u1ed7i c\u00f3 th\u1ec3 \u0111\u01b0\u1ee3c m\u00f4 ph\u1ecfng trong h\u1ea7u h\u1ebft c\u00e1c m\u1ea1ch \u0111ang nghi\u00ean c\u1ee9u. H\u1ecdc sinh ph\u1ea3i \u0111i\u1ec1u tra nh\u1eefng g\u00ec \u0111ang x\u1ea3y ra trong m\u1ea1ch v\u00e0 t\u1ea1i sao n\u00f3 kh\u00f4ng ho\u1ea1t \u0111\u1ed9ng b\u00ecnh th\u01b0\u1eddng. C\u00e1c m\u00f4 ph\u1ecfng l\u1ed7i n\u00e0y c\u00f3 th\u1ec3 c\u00f3 nhi\u1ec1u lo\u1ea1i, t\u1eeb c\u00e1c th\u00e0nh ph\u1ea7n h\u01b0 h\u1ecfng \u0111\u1ebfn m\u1ed9t c\u1ee5m m\u1ea1ch kh\u00f4ng \u0111\u00fang gi\u1ea3 \u0111\u1ecbnh.<\/span><\/p>","protected":false},"excerpt":{"rendered":"<p><span style=\"color: #000000;\">B\u1ed9 th\u00ed nghi\u1ec7m m\u1ea1ch \u0111i\u1ec7n m\u1ed9t chi\u1ec1u \u0111\u01b0\u1ee3c thi\u1ebft k\u1ebf b\u1edfi EDIBON nghi\u00ean c\u1ee9u c\u00e1c nguy\u00ean l\u00fd c\u01a1 b\u1ea3n c\u1ee7a d\u00f2ng \u0111i\u1ec7n m\u1ed9t chi\u1ec1u ch\u1eb3ng h\u1ea1n nh\u01b0: \u0111\u1ecbnh lu\u1eadt Ohm, \u0111\u1ecbnh lu\u1eadt Kirchhoff, nghi\u00ean c\u1ee9u c\u00e1c \u0111i\u1ec7n tr\u1edf kh\u00e1c nhau<\/span><\/p>","protected":false},"featured_media":1866,"template":"","meta":{"inline_featured_image":false},"product_brand":[47],"product_cat":[99,90],"product_tag":[],"class_list":{"0":"post-1865","1":"product","2":"type-product","3":"status-publish","4":"has-post-thumbnail","6":"product_brand-edibon","7":"product_cat-dien-tu","8":"product_cat-thiet-bi-giao-duc","10":"first","11":"instock","12":"shipping-taxable","13":"product-type-simple"},"yoast_head":"<!-- This site is optimized with the Yoast SEO plugin v24.7 - https:\/\/yoast.com\/wordpress\/plugins\/seo\/ -->\n<title>B\u1ed9 th\u00ed nghi\u1ec7m m\u1ea1ch \u0111i\u1ec7n m\u1ed9t chi\u1ec1u - HTI Scientific<\/title>\n<meta name=\"description\" content=\"B\u1ed9 th\u00ed nghi\u1ec7m m\u1ea1ch \u0111i\u1ec7n m\u1ed9t chi\u1ec1u \u0111\u01b0\u1ee3c thi\u1ebft k\u1ebf b\u1edfi EDIBON nghi\u00ean c\u1ee9u c\u00e1c nguy\u00ean l\u00fd c\u01a1 b\u1ea3n c\u1ee7a d\u00f2ng \u0111i\u1ec7n m\u1ed9t chi\u1ec1u nh\u01b0 \u0111\u1ecbnh lu\u1eadt Ohm, \u0111\u1ecbnh lu\u1eadt Kirchhoff...\" \/>\n<meta name=\"robots\" content=\"index, follow, max-snippet:-1, max-image-preview:large, max-video-preview:-1\" \/>\n<link rel=\"canonical\" href=\"https:\/\/htiscientific.vn\/en\/product\/bo-thi-nghiem-mach-dien-mot-chieu\/\" \/>\n<meta property=\"og:locale\" content=\"en_US\" \/>\n<meta property=\"og:type\" content=\"article\" \/>\n<meta property=\"og:title\" content=\"B\u1ed9 th\u00ed nghi\u1ec7m m\u1ea1ch \u0111i\u1ec7n m\u1ed9t chi\u1ec1u - HTI Scientific\" \/>\n<meta property=\"og:description\" content=\"B\u1ed9 th\u00ed nghi\u1ec7m m\u1ea1ch \u0111i\u1ec7n m\u1ed9t chi\u1ec1u \u0111\u01b0\u1ee3c thi\u1ebft k\u1ebf b\u1edfi EDIBON nghi\u00ean c\u1ee9u c\u00e1c nguy\u00ean l\u00fd c\u01a1 b\u1ea3n c\u1ee7a d\u00f2ng \u0111i\u1ec7n m\u1ed9t chi\u1ec1u nh\u01b0 \u0111\u1ecbnh lu\u1eadt Ohm, \u0111\u1ecbnh lu\u1eadt Kirchhoff...\" \/>\n<meta property=\"og:url\" content=\"https:\/\/htiscientific.vn\/en\/product\/bo-thi-nghiem-mach-dien-mot-chieu\/\" \/>\n<meta property=\"og:site_name\" content=\"HTI Scientific\" \/>\n<meta property=\"article:publisher\" content=\"https:\/\/www.facebook.com\/htiscientific.vn\" \/>\n<meta property=\"article:modified_time\" content=\"2025-06-25T08:04:47+00:00\" \/>\n<meta property=\"og:image\" content=\"https:\/\/htiscientific.vn\/wp-content\/uploads\/2025\/06\/57.jpg\" \/>\n\t<meta property=\"og:image:width\" content=\"1000\" \/>\n\t<meta property=\"og:image:height\" content=\"1000\" \/>\n\t<meta property=\"og:image:type\" content=\"image\/jpeg\" \/>\n<meta name=\"twitter:card\" content=\"summary_large_image\" \/>\n<meta name=\"twitter:label1\" content=\"Est. reading time\" \/>\n\t<meta name=\"twitter:data1\" content=\"2 minutes\" \/>\n<script type=\"application\/ld+json\" class=\"yoast-schema-graph\">{\"@context\":\"https:\/\/schema.org\",\"@graph\":[{\"@type\":\"WebPage\",\"@id\":\"https:\/\/htiscientific.vn\/san-pham\/bo-thi-nghiem-mach-dien-mot-chieu\/\",\"url\":\"https:\/\/htiscientific.vn\/san-pham\/bo-thi-nghiem-mach-dien-mot-chieu\/\",\"name\":\"B\u1ed9 th\u00ed nghi\u1ec7m m\u1ea1ch \u0111i\u1ec7n m\u1ed9t chi\u1ec1u - HTI Scientific\",\"isPartOf\":{\"@id\":\"https:\/\/htiscientific.vn\/#website\"},\"primaryImageOfPage\":{\"@id\":\"https:\/\/htiscientific.vn\/san-pham\/bo-thi-nghiem-mach-dien-mot-chieu\/#primaryimage\"},\"image\":{\"@id\":\"https:\/\/htiscientific.vn\/san-pham\/bo-thi-nghiem-mach-dien-mot-chieu\/#primaryimage\"},\"thumbnailUrl\":\"https:\/\/htiscientific.vn\/wp-content\/uploads\/2025\/06\/57.jpg\",\"datePublished\":\"2025-06-25T08:04:46+00:00\",\"dateModified\":\"2025-06-25T08:04:47+00:00\",\"description\":\"B\u1ed9 th\u00ed nghi\u1ec7m m\u1ea1ch \u0111i\u1ec7n m\u1ed9t chi\u1ec1u \u0111\u01b0\u1ee3c thi\u1ebft k\u1ebf b\u1edfi EDIBON nghi\u00ean c\u1ee9u c\u00e1c nguy\u00ean l\u00fd c\u01a1 b\u1ea3n c\u1ee7a d\u00f2ng \u0111i\u1ec7n m\u1ed9t chi\u1ec1u nh\u01b0 \u0111\u1ecbnh lu\u1eadt Ohm, \u0111\u1ecbnh lu\u1eadt Kirchhoff...\",\"breadcrumb\":{\"@id\":\"https:\/\/htiscientific.vn\/san-pham\/bo-thi-nghiem-mach-dien-mot-chieu\/#breadcrumb\"},\"inLanguage\":\"en-US\",\"potentialAction\":[{\"@type\":\"ReadAction\",\"target\":[\"https:\/\/htiscientific.vn\/san-pham\/bo-thi-nghiem-mach-dien-mot-chieu\/\"]}]},{\"@type\":\"ImageObject\",\"inLanguage\":\"en-US\",\"@id\":\"https:\/\/htiscientific.vn\/san-pham\/bo-thi-nghiem-mach-dien-mot-chieu\/#primaryimage\",\"url\":\"https:\/\/htiscientific.vn\/wp-content\/uploads\/2025\/06\/57.jpg\",\"contentUrl\":\"https:\/\/htiscientific.vn\/wp-content\/uploads\/2025\/06\/57.jpg\",\"width\":1000,\"height\":1000,\"caption\":\"bo-thi-nghiem-mach-dien-mot-chieu\"},{\"@type\":\"BreadcrumbList\",\"@id\":\"https:\/\/htiscientific.vn\/san-pham\/bo-thi-nghiem-mach-dien-mot-chieu\/#breadcrumb\",\"itemListElement\":[{\"@type\":\"ListItem\",\"position\":1,\"name\":\"Trang ch\u1ee7\",\"item\":\"https:\/\/htiscientific.vn\/\"},{\"@type\":\"ListItem\",\"position\":2,\"name\":\"C\u1eeda h\u00e0ng\",\"item\":\"https:\/\/htiscientific.vn\/cua-hang\/\"},{\"@type\":\"ListItem\",\"position\":3,\"name\":\"Thi\u1ebft b\u1ecb gi\u00e1o d\u1ee5c\",\"item\":\"https:\/\/htiscientific.vn\/danh-muc-san-pham\/thiet-bi-giao-duc\/\"},{\"@type\":\"ListItem\",\"position\":4,\"name\":\"\u0110i\u1ec7n t\u1eed\",\"item\":\"https:\/\/htiscientific.vn\/danh-muc-san-pham\/thiet-bi-giao-duc\/dien-tu\/\"},{\"@type\":\"ListItem\",\"position\":5,\"name\":\"B\u1ed9 th\u00ed nghi\u1ec7m m\u1ea1ch \u0111i\u1ec7n m\u1ed9t chi\u1ec1u\"}]},{\"@type\":\"WebSite\",\"@id\":\"https:\/\/htiscientific.vn\/#website\",\"url\":\"https:\/\/htiscientific.vn\/\",\"name\":\"HTI Scientific\",\"description\":\"HTI Scientific\",\"publisher\":{\"@id\":\"https:\/\/htiscientific.vn\/#organization\"},\"potentialAction\":[{\"@type\":\"SearchAction\",\"target\":{\"@type\":\"EntryPoint\",\"urlTemplate\":\"https:\/\/htiscientific.vn\/?s={search_term_string}\"},\"query-input\":{\"@type\":\"PropertyValueSpecification\",\"valueRequired\":true,\"valueName\":\"search_term_string\"}}],\"inLanguage\":\"en-US\"},{\"@type\":\"Organization\",\"@id\":\"https:\/\/htiscientific.vn\/#organization\",\"name\":\"HTI Scientific\",\"alternateName\":\"HTI Scientific\",\"url\":\"https:\/\/htiscientific.vn\/\",\"logo\":{\"@type\":\"ImageObject\",\"inLanguage\":\"en-US\",\"@id\":\"https:\/\/htiscientific.vn\/#\/schema\/logo\/image\/\",\"url\":\"https:\/\/htiscientific.vn\/wp-content\/uploads\/2025\/03\/ava-hti-copy.jpg\",\"contentUrl\":\"https:\/\/htiscientific.vn\/wp-content\/uploads\/2025\/03\/ava-hti-copy.jpg\",\"width\":700,\"height\":450,\"caption\":\"HTI Scientific\"},\"image\":{\"@id\":\"https:\/\/htiscientific.vn\/#\/schema\/logo\/image\/\"},\"sameAs\":[\"https:\/\/www.facebook.com\/htiscientific.vn\"]}]}<\/script>\n<!-- \/ Yoast SEO plugin. -->","yoast_head_json":{"title":"B\u1ed9 th\u00ed nghi\u1ec7m m\u1ea1ch \u0111i\u1ec7n m\u1ed9t chi\u1ec1u - HTI Scientific","description":"B\u1ed9 th\u00ed nghi\u1ec7m m\u1ea1ch \u0111i\u1ec7n m\u1ed9t chi\u1ec1u \u0111\u01b0\u1ee3c thi\u1ebft k\u1ebf b\u1edfi EDIBON nghi\u00ean c\u1ee9u c\u00e1c nguy\u00ean l\u00fd c\u01a1 b\u1ea3n c\u1ee7a d\u00f2ng \u0111i\u1ec7n m\u1ed9t chi\u1ec1u nh\u01b0 \u0111\u1ecbnh lu\u1eadt Ohm, \u0111\u1ecbnh lu\u1eadt Kirchhoff...","robots":{"index":"index","follow":"follow","max-snippet":"max-snippet:-1","max-image-preview":"max-image-preview:large","max-video-preview":"max-video-preview:-1"},"canonical":"https:\/\/htiscientific.vn\/en\/product\/bo-thi-nghiem-mach-dien-mot-chieu\/","og_locale":"en_US","og_type":"article","og_title":"B\u1ed9 th\u00ed nghi\u1ec7m m\u1ea1ch \u0111i\u1ec7n m\u1ed9t chi\u1ec1u - HTI Scientific","og_description":"B\u1ed9 th\u00ed nghi\u1ec7m m\u1ea1ch \u0111i\u1ec7n m\u1ed9t chi\u1ec1u \u0111\u01b0\u1ee3c thi\u1ebft k\u1ebf b\u1edfi EDIBON nghi\u00ean c\u1ee9u c\u00e1c nguy\u00ean l\u00fd c\u01a1 b\u1ea3n c\u1ee7a d\u00f2ng \u0111i\u1ec7n m\u1ed9t chi\u1ec1u nh\u01b0 \u0111\u1ecbnh lu\u1eadt Ohm, \u0111\u1ecbnh lu\u1eadt Kirchhoff...","og_url":"https:\/\/htiscientific.vn\/en\/product\/bo-thi-nghiem-mach-dien-mot-chieu\/","og_site_name":"HTI Scientific","article_publisher":"https:\/\/www.facebook.com\/htiscientific.vn","article_modified_time":"2025-06-25T08:04:47+00:00","og_image":[{"width":1000,"height":1000,"url":"https:\/\/htiscientific.vn\/wp-content\/uploads\/2025\/06\/57.jpg","type":"image\/jpeg"}],"twitter_card":"summary_large_image","twitter_misc":{"Est. reading time":"2 minutes"},"schema":{"@context":"https:\/\/schema.org","@graph":[{"@type":"WebPage","@id":"https:\/\/htiscientific.vn\/san-pham\/bo-thi-nghiem-mach-dien-mot-chieu\/","url":"https:\/\/htiscientific.vn\/san-pham\/bo-thi-nghiem-mach-dien-mot-chieu\/","name":"B\u1ed9 th\u00ed nghi\u1ec7m m\u1ea1ch \u0111i\u1ec7n m\u1ed9t chi\u1ec1u - HTI Scientific","isPartOf":{"@id":"https:\/\/htiscientific.vn\/#website"},"primaryImageOfPage":{"@id":"https:\/\/htiscientific.vn\/san-pham\/bo-thi-nghiem-mach-dien-mot-chieu\/#primaryimage"},"image":{"@id":"https:\/\/htiscientific.vn\/san-pham\/bo-thi-nghiem-mach-dien-mot-chieu\/#primaryimage"},"thumbnailUrl":"https:\/\/htiscientific.vn\/wp-content\/uploads\/2025\/06\/57.jpg","datePublished":"2025-06-25T08:04:46+00:00","dateModified":"2025-06-25T08:04:47+00:00","description":"B\u1ed9 th\u00ed nghi\u1ec7m m\u1ea1ch \u0111i\u1ec7n m\u1ed9t chi\u1ec1u \u0111\u01b0\u1ee3c thi\u1ebft k\u1ebf b\u1edfi EDIBON nghi\u00ean c\u1ee9u c\u00e1c nguy\u00ean l\u00fd c\u01a1 b\u1ea3n c\u1ee7a d\u00f2ng \u0111i\u1ec7n m\u1ed9t chi\u1ec1u nh\u01b0 \u0111\u1ecbnh lu\u1eadt Ohm, \u0111\u1ecbnh lu\u1eadt Kirchhoff...","breadcrumb":{"@id":"https:\/\/htiscientific.vn\/san-pham\/bo-thi-nghiem-mach-dien-mot-chieu\/#breadcrumb"},"inLanguage":"en-US","potentialAction":[{"@type":"ReadAction","target":["https:\/\/htiscientific.vn\/san-pham\/bo-thi-nghiem-mach-dien-mot-chieu\/"]}]},{"@type":"ImageObject","inLanguage":"en-US","@id":"https:\/\/htiscientific.vn\/san-pham\/bo-thi-nghiem-mach-dien-mot-chieu\/#primaryimage","url":"https:\/\/htiscientific.vn\/wp-content\/uploads\/2025\/06\/57.jpg","contentUrl":"https:\/\/htiscientific.vn\/wp-content\/uploads\/2025\/06\/57.jpg","width":1000,"height":1000,"caption":"bo-thi-nghiem-mach-dien-mot-chieu"},{"@type":"BreadcrumbList","@id":"https:\/\/htiscientific.vn\/san-pham\/bo-thi-nghiem-mach-dien-mot-chieu\/#breadcrumb","itemListElement":[{"@type":"ListItem","position":1,"name":"Trang ch\u1ee7","item":"https:\/\/htiscientific.vn\/"},{"@type":"ListItem","position":2,"name":"C\u1eeda h\u00e0ng","item":"https:\/\/htiscientific.vn\/cua-hang\/"},{"@type":"ListItem","position":3,"name":"Thi\u1ebft b\u1ecb gi\u00e1o d\u1ee5c","item":"https:\/\/htiscientific.vn\/danh-muc-san-pham\/thiet-bi-giao-duc\/"},{"@type":"ListItem","position":4,"name":"\u0110i\u1ec7n t\u1eed","item":"https:\/\/htiscientific.vn\/danh-muc-san-pham\/thiet-bi-giao-duc\/dien-tu\/"},{"@type":"ListItem","position":5,"name":"B\u1ed9 th\u00ed nghi\u1ec7m m\u1ea1ch \u0111i\u1ec7n m\u1ed9t chi\u1ec1u"}]},{"@type":"WebSite","@id":"https:\/\/htiscientific.vn\/#website","url":"https:\/\/htiscientific.vn\/","name":"HTI Scientific","description":"HTI Scientific","publisher":{"@id":"https:\/\/htiscientific.vn\/#organization"},"potentialAction":[{"@type":"SearchAction","target":{"@type":"EntryPoint","urlTemplate":"https:\/\/htiscientific.vn\/?s={search_term_string}"},"query-input":{"@type":"PropertyValueSpecification","valueRequired":true,"valueName":"search_term_string"}}],"inLanguage":"en-US"},{"@type":"Organization","@id":"https:\/\/htiscientific.vn\/#organization","name":"HTI Scientific","alternateName":"HTI Scientific","url":"https:\/\/htiscientific.vn\/","logo":{"@type":"ImageObject","inLanguage":"en-US","@id":"https:\/\/htiscientific.vn\/#\/schema\/logo\/image\/","url":"https:\/\/htiscientific.vn\/wp-content\/uploads\/2025\/03\/ava-hti-copy.jpg","contentUrl":"https:\/\/htiscientific.vn\/wp-content\/uploads\/2025\/03\/ava-hti-copy.jpg","width":700,"height":450,"caption":"HTI Scientific"},"image":{"@id":"https:\/\/htiscientific.vn\/#\/schema\/logo\/image\/"},"sameAs":["https:\/\/www.facebook.com\/htiscientific.vn"]}]}},"_links":{"self":[{"href":"https:\/\/htiscientific.vn\/en\/wp-json\/wp\/v2\/product\/1865","targetHints":{"allow":["GET"]}}],"collection":[{"href":"https:\/\/htiscientific.vn\/en\/wp-json\/wp\/v2\/product"}],"about":[{"href":"https:\/\/htiscientific.vn\/en\/wp-json\/wp\/v2\/types\/product"}],"wp:featuredmedia":[{"embeddable":true,"href":"https:\/\/htiscientific.vn\/en\/wp-json\/wp\/v2\/media\/1866"}],"wp:attachment":[{"href":"https:\/\/htiscientific.vn\/en\/wp-json\/wp\/v2\/media?parent=1865"}],"wp:term":[{"taxonomy":"product_brand","embeddable":true,"href":"https:\/\/htiscientific.vn\/en\/wp-json\/wp\/v2\/product_brand?post=1865"},{"taxonomy":"product_cat","embeddable":true,"href":"https:\/\/htiscientific.vn\/en\/wp-json\/wp\/v2\/product_cat?post=1865"},{"taxonomy":"product_tag","embeddable":true,"href":"https:\/\/htiscientific.vn\/en\/wp-json\/wp\/v2\/product_tag?post=1865"}],"curies":[{"name":"wp","href":"https:\/\/api.w.org\/{rel}","templated":true}]}}