{"id":1859,"date":"2025-06-25T13:47:09","date_gmt":"2025-06-25T06:47:09","guid":{"rendered":"https:\/\/htiscientific.vn\/?post_type=product&#038;p=1859"},"modified":"2025-06-25T13:47:09","modified_gmt":"2025-06-25T06:47:09","slug":"bo-thi-nghiem-vat-ly-am-hoc","status":"publish","type":"product","link":"https:\/\/htiscientific.vn\/en\/product\/bo-thi-nghiem-vat-ly-am-hoc\/","title":{"rendered":"B\u1ed9 th\u00ed nghi\u1ec7m v\u1eadt l\u00fd \u00e2m h\u1ecdc"},"content":{"rendered":"<p><span style=\"color: #000000;\">B\u1ed9 th\u00ed nghi\u1ec7m v\u1eadt l\u00fd \u00e2m h\u1ecdc (The Acoustics Study Set)<\/span><\/p>\n<p><span style=\"color: #000000;\">Model: EFAC- FAC<\/span><\/p>\n<p><span style=\"color: #000000;\">H\u00e3ng s\u1ea3n xu\u1ea5t: Edibon-T\u00e2y Ban Nha<\/span><\/p>\n<p><span style=\"color: #000000;\">Xu\u1ea5t x\u1ee9: T\u00e2y Ban Nha<\/span><\/p>\n<p><span style=\"color: #000000;\"><a href=\"https:\/\/www.google.com\/url?q=https:\/\/www.edibon.com\/en\/physics\/3d-physics&amp;sa=D&amp;source=editors&amp;ust=1750837069822070&amp;usg=AOvVaw1TzvTYJCUyvQq4j1GM78Js\">B\u1ed9 t\u00ed nghi\u1ec7m v\u1eadt l\u00fd \u00e2m h\u1ecdc<\/a> \u0111\u01b0\u1ee3c thi\u1ebft k\u1ebf b\u1edfi <a href=\"https:\/\/htiscientific.vn\/en\/hang-san-xuat\/edibon\/\">EDIBON<\/a> cho ph\u00e9p th\u1ef1c hi\u1ec7n t\u1ea5t c\u1ea3 c\u00e1c lo\u1ea1i th\u00ed nghi\u1ec7m li\u00ean quan \u0111\u1ebfn s\u00f3ng \u00e2m (lan truy\u1ec1n, giao thoa, m\u1eb7t tr\u1eadn s\u00f3ng, v.v.). C\u00e1nh tay r\u00f4-b\u1ed1t \u0111i\u1ec1u khi\u1ec3n b\u1eb1ng m\u00e1y t\u00ednh qu\u00e9t m\u1ed9t v\u00f9ng kh\u00f4ng gian \u0111\u1ec3 \u0111o c\u01b0\u1eddng \u0111\u1ed9 s\u00f3ng \u00e2m t\u1ea1i c\u00e1c \u0111i\u1ec3m c\u00e1ch \u0111\u1ec1u nhau. S\u1ef1 \u0111\u1ed3ng b\u1ed9 ho\u00e0n h\u1ea3o gi\u1eefa m\u00e1y ph\u00e1t v\u00e0 m\u00e1y thu, c\u00f9ng v\u1edbi ph\u1ea7n m\u1ec1m \u0111i\u1ec1u khi\u1ec3n v\u00e0 qu\u1ea3n l\u00fd, cho ph\u00e9p sinh vi\u00ean h\u00ecnh dung s\u1ef1 lan truy\u1ec1n c\u1ee7a s\u00f3ng \u00e2m trong kh\u00f4ng gian. Vi\u1ec7c s\u1eed d\u1ee5ng h\u1ec7 th\u1ed1ng \u0111i\u1ec1u khi\u1ec3n v\u1edbi nhi\u1ec1u h\u01a1n m\u1ed9t b\u1ed9 ph\u00e1t cho ph\u00e9p ch\u00fang ta nghi\u00ean c\u1ee9u c\u00e1c qu\u00e1 tr\u00ecnh giao thoa mang t\u00ednh x\u00e2y d\u1ef1ng v\u00e0 ph\u00e1 h\u1ee7y<\/span><\/p>","protected":false},"excerpt":{"rendered":"<p><span style=\"color: #000000;\">B\u1ed9 th\u00ed nghi\u1ec7m v\u1eadt l\u00fd \u00e2m h\u1ecdc \u0111\u01b0\u1ee3c thi\u1ebft k\u1ebf b\u1edfi EDIBON cho ph\u00e9p th\u1ef1c hi\u1ec7n t\u1ea5t c\u1ea3 c\u00e1c lo\u1ea1i th\u00ed nghi\u1ec7m li\u00ean quan \u0111\u1ebfn s\u00f3ng \u00e2m (lan truy\u1ec1n, giao thoa, m\u1eb7t tr\u1eadn s\u00f3ng,&#8230;). B\u1ed9 th\u00ed nghi\u1ec7m gi\u00fap nghi\u00ean c\u1ee9u c\u00e1c qu\u00e1 tr\u00ecnh giao thoa mang t\u00ednh x\u00e2y d\u1ef1ng v\u00e0 ph\u00e1 h\u1ee7y<\/span><\/p>","protected":false},"featured_media":1860,"template":"","meta":{"inline_featured_image":false},"product_brand":[47],"product_cat":[90,98],"product_tag":[],"class_list":{"0":"post-1859","1":"product","2":"type-product","3":"status-publish","4":"has-post-thumbnail","6":"product_brand-edibon","7":"product_cat-thiet-bi-giao-duc","8":"product_cat-vat-ly-3d","10":"first","11":"instock","12":"shipping-taxable","13":"product-type-simple"},"yoast_head":"<!-- This site is optimized with the Yoast SEO plugin v24.7 - https:\/\/yoast.com\/wordpress\/plugins\/seo\/ -->\n<title>B\u1ed9 th\u00ed nghi\u1ec7m v\u1eadt l\u00fd \u00e2m h\u1ecdc - HTI Scientific<\/title>\n<meta name=\"description\" content=\"B\u1ed9 th\u00ed nghi\u1ec7m v\u1eadt l\u00fd \u00e2m h\u1ecdc th\u1ef1c hi\u1ec7n t\u1ea5t c\u1ea3 c\u00e1c lo\u1ea1i th\u00ed nghi\u1ec7m li\u00ean quan \u0111\u1ebfn s\u00f3ng \u00e2m (lan truy\u1ec1n, giao thoa, m\u1eb7t tr\u1eadn s\u00f3ng,...)\" \/>\n<meta name=\"robots\" content=\"index, follow, max-snippet:-1, max-image-preview:large, max-video-preview:-1\" \/>\n<link rel=\"canonical\" href=\"https:\/\/htiscientific.vn\/en\/product\/bo-thi-nghiem-vat-ly-am-hoc\/\" \/>\n<meta property=\"og:locale\" content=\"en_US\" \/>\n<meta property=\"og:type\" content=\"article\" \/>\n<meta property=\"og:title\" content=\"B\u1ed9 th\u00ed nghi\u1ec7m v\u1eadt l\u00fd \u00e2m h\u1ecdc - HTI Scientific\" \/>\n<meta property=\"og:description\" content=\"B\u1ed9 th\u00ed nghi\u1ec7m v\u1eadt l\u00fd \u00e2m h\u1ecdc th\u1ef1c hi\u1ec7n t\u1ea5t c\u1ea3 c\u00e1c lo\u1ea1i th\u00ed nghi\u1ec7m li\u00ean quan \u0111\u1ebfn s\u00f3ng \u00e2m (lan truy\u1ec1n, giao thoa, m\u1eb7t tr\u1eadn s\u00f3ng,...)\" \/>\n<meta property=\"og:url\" content=\"https:\/\/htiscientific.vn\/en\/product\/bo-thi-nghiem-vat-ly-am-hoc\/\" \/>\n<meta property=\"og:site_name\" content=\"HTI Scientific\" \/>\n<meta property=\"article:publisher\" content=\"https:\/\/www.facebook.com\/htiscientific.vn\" \/>\n<meta property=\"og:image\" content=\"https:\/\/htiscientific.vn\/wp-content\/uploads\/2025\/06\/45.jpg\" \/>\n\t<meta property=\"og:image:width\" content=\"1000\" \/>\n\t<meta property=\"og:image:height\" content=\"1000\" \/>\n\t<meta property=\"og:image:type\" content=\"image\/jpeg\" \/>\n<meta name=\"twitter:card\" content=\"summary_large_image\" \/>\n<meta name=\"twitter:label1\" content=\"Est. reading time\" \/>\n\t<meta name=\"twitter:data1\" content=\"2 minutes\" \/>\n<script type=\"application\/ld+json\" class=\"yoast-schema-graph\">{\"@context\":\"https:\/\/schema.org\",\"@graph\":[{\"@type\":\"WebPage\",\"@id\":\"https:\/\/htiscientific.vn\/san-pham\/bo-thi-nghiem-vat-ly-am-hoc\/\",\"url\":\"https:\/\/htiscientific.vn\/san-pham\/bo-thi-nghiem-vat-ly-am-hoc\/\",\"name\":\"B\u1ed9 th\u00ed nghi\u1ec7m v\u1eadt l\u00fd \u00e2m h\u1ecdc - HTI Scientific\",\"isPartOf\":{\"@id\":\"https:\/\/htiscientific.vn\/#website\"},\"primaryImageOfPage\":{\"@id\":\"https:\/\/htiscientific.vn\/san-pham\/bo-thi-nghiem-vat-ly-am-hoc\/#primaryimage\"},\"image\":{\"@id\":\"https:\/\/htiscientific.vn\/san-pham\/bo-thi-nghiem-vat-ly-am-hoc\/#primaryimage\"},\"thumbnailUrl\":\"https:\/\/htiscientific.vn\/wp-content\/uploads\/2025\/06\/45.jpg\",\"datePublished\":\"2025-06-25T06:47:09+00:00\",\"description\":\"B\u1ed9 th\u00ed nghi\u1ec7m v\u1eadt l\u00fd \u00e2m h\u1ecdc th\u1ef1c hi\u1ec7n t\u1ea5t c\u1ea3 c\u00e1c lo\u1ea1i th\u00ed nghi\u1ec7m li\u00ean quan \u0111\u1ebfn s\u00f3ng \u00e2m (lan truy\u1ec1n, giao thoa, m\u1eb7t tr\u1eadn s\u00f3ng,...)\",\"breadcrumb\":{\"@id\":\"https:\/\/htiscientific.vn\/san-pham\/bo-thi-nghiem-vat-ly-am-hoc\/#breadcrumb\"},\"inLanguage\":\"en-US\",\"potentialAction\":[{\"@type\":\"ReadAction\",\"target\":[\"https:\/\/htiscientific.vn\/san-pham\/bo-thi-nghiem-vat-ly-am-hoc\/\"]}]},{\"@type\":\"ImageObject\",\"inLanguage\":\"en-US\",\"@id\":\"https:\/\/htiscientific.vn\/san-pham\/bo-thi-nghiem-vat-ly-am-hoc\/#primaryimage\",\"url\":\"https:\/\/htiscientific.vn\/wp-content\/uploads\/2025\/06\/45.jpg\",\"contentUrl\":\"https:\/\/htiscientific.vn\/wp-content\/uploads\/2025\/06\/45.jpg\",\"width\":1000,\"height\":1000,\"caption\":\"vat-ly-am-hoc\"},{\"@type\":\"BreadcrumbList\",\"@id\":\"https:\/\/htiscientific.vn\/san-pham\/bo-thi-nghiem-vat-ly-am-hoc\/#breadcrumb\",\"itemListElement\":[{\"@type\":\"ListItem\",\"position\":1,\"name\":\"Trang ch\u1ee7\",\"item\":\"https:\/\/htiscientific.vn\/\"},{\"@type\":\"ListItem\",\"position\":2,\"name\":\"C\u1eeda h\u00e0ng\",\"item\":\"https:\/\/htiscientific.vn\/cua-hang\/\"},{\"@type\":\"ListItem\",\"position\":3,\"name\":\"Thi\u1ebft b\u1ecb gi\u00e1o d\u1ee5c\",\"item\":\"https:\/\/htiscientific.vn\/danh-muc-san-pham\/thiet-bi-giao-duc\/\"},{\"@type\":\"ListItem\",\"position\":4,\"name\":\"V\u1eadt l\u00fd 3D\",\"item\":\"https:\/\/htiscientific.vn\/danh-muc-san-pham\/thiet-bi-giao-duc\/vat-ly-3d\/\"},{\"@type\":\"ListItem\",\"position\":5,\"name\":\"B\u1ed9 th\u00ed nghi\u1ec7m v\u1eadt l\u00fd \u00e2m h\u1ecdc\"}]},{\"@type\":\"WebSite\",\"@id\":\"https:\/\/htiscientific.vn\/#website\",\"url\":\"https:\/\/htiscientific.vn\/\",\"name\":\"HTI Scientific\",\"description\":\"HTI Scientific\",\"publisher\":{\"@id\":\"https:\/\/htiscientific.vn\/#organization\"},\"potentialAction\":[{\"@type\":\"SearchAction\",\"target\":{\"@type\":\"EntryPoint\",\"urlTemplate\":\"https:\/\/htiscientific.vn\/?s={search_term_string}\"},\"query-input\":{\"@type\":\"PropertyValueSpecification\",\"valueRequired\":true,\"valueName\":\"search_term_string\"}}],\"inLanguage\":\"en-US\"},{\"@type\":\"Organization\",\"@id\":\"https:\/\/htiscientific.vn\/#organization\",\"name\":\"HTI Scientific\",\"alternateName\":\"HTI Scientific\",\"url\":\"https:\/\/htiscientific.vn\/\",\"logo\":{\"@type\":\"ImageObject\",\"inLanguage\":\"en-US\",\"@id\":\"https:\/\/htiscientific.vn\/#\/schema\/logo\/image\/\",\"url\":\"https:\/\/htiscientific.vn\/wp-content\/uploads\/2025\/03\/ava-hti-copy.jpg\",\"contentUrl\":\"https:\/\/htiscientific.vn\/wp-content\/uploads\/2025\/03\/ava-hti-copy.jpg\",\"width\":700,\"height\":450,\"caption\":\"HTI Scientific\"},\"image\":{\"@id\":\"https:\/\/htiscientific.vn\/#\/schema\/logo\/image\/\"},\"sameAs\":[\"https:\/\/www.facebook.com\/htiscientific.vn\"]}]}<\/script>\n<!-- \/ Yoast SEO plugin. -->","yoast_head_json":{"title":"B\u1ed9 th\u00ed nghi\u1ec7m v\u1eadt l\u00fd \u00e2m h\u1ecdc - HTI Scientific","description":"B\u1ed9 th\u00ed nghi\u1ec7m v\u1eadt l\u00fd \u00e2m h\u1ecdc th\u1ef1c hi\u1ec7n t\u1ea5t c\u1ea3 c\u00e1c lo\u1ea1i th\u00ed nghi\u1ec7m li\u00ean quan \u0111\u1ebfn s\u00f3ng \u00e2m (lan truy\u1ec1n, giao thoa, m\u1eb7t tr\u1eadn s\u00f3ng,...)","robots":{"index":"index","follow":"follow","max-snippet":"max-snippet:-1","max-image-preview":"max-image-preview:large","max-video-preview":"max-video-preview:-1"},"canonical":"https:\/\/htiscientific.vn\/en\/product\/bo-thi-nghiem-vat-ly-am-hoc\/","og_locale":"en_US","og_type":"article","og_title":"B\u1ed9 th\u00ed nghi\u1ec7m v\u1eadt l\u00fd \u00e2m h\u1ecdc - HTI Scientific","og_description":"B\u1ed9 th\u00ed nghi\u1ec7m v\u1eadt l\u00fd \u00e2m h\u1ecdc th\u1ef1c hi\u1ec7n t\u1ea5t c\u1ea3 c\u00e1c lo\u1ea1i th\u00ed nghi\u1ec7m li\u00ean quan \u0111\u1ebfn s\u00f3ng \u00e2m (lan truy\u1ec1n, giao thoa, m\u1eb7t tr\u1eadn s\u00f3ng,...)","og_url":"https:\/\/htiscientific.vn\/en\/product\/bo-thi-nghiem-vat-ly-am-hoc\/","og_site_name":"HTI Scientific","article_publisher":"https:\/\/www.facebook.com\/htiscientific.vn","og_image":[{"width":1000,"height":1000,"url":"https:\/\/htiscientific.vn\/wp-content\/uploads\/2025\/06\/45.jpg","type":"image\/jpeg"}],"twitter_card":"summary_large_image","twitter_misc":{"Est. reading time":"2 minutes"},"schema":{"@context":"https:\/\/schema.org","@graph":[{"@type":"WebPage","@id":"https:\/\/htiscientific.vn\/san-pham\/bo-thi-nghiem-vat-ly-am-hoc\/","url":"https:\/\/htiscientific.vn\/san-pham\/bo-thi-nghiem-vat-ly-am-hoc\/","name":"B\u1ed9 th\u00ed nghi\u1ec7m v\u1eadt l\u00fd \u00e2m h\u1ecdc - HTI Scientific","isPartOf":{"@id":"https:\/\/htiscientific.vn\/#website"},"primaryImageOfPage":{"@id":"https:\/\/htiscientific.vn\/san-pham\/bo-thi-nghiem-vat-ly-am-hoc\/#primaryimage"},"image":{"@id":"https:\/\/htiscientific.vn\/san-pham\/bo-thi-nghiem-vat-ly-am-hoc\/#primaryimage"},"thumbnailUrl":"https:\/\/htiscientific.vn\/wp-content\/uploads\/2025\/06\/45.jpg","datePublished":"2025-06-25T06:47:09+00:00","description":"B\u1ed9 th\u00ed nghi\u1ec7m v\u1eadt l\u00fd \u00e2m h\u1ecdc th\u1ef1c hi\u1ec7n t\u1ea5t c\u1ea3 c\u00e1c lo\u1ea1i th\u00ed nghi\u1ec7m li\u00ean quan \u0111\u1ebfn s\u00f3ng \u00e2m (lan truy\u1ec1n, giao thoa, m\u1eb7t tr\u1eadn s\u00f3ng,...)","breadcrumb":{"@id":"https:\/\/htiscientific.vn\/san-pham\/bo-thi-nghiem-vat-ly-am-hoc\/#breadcrumb"},"inLanguage":"en-US","potentialAction":[{"@type":"ReadAction","target":["https:\/\/htiscientific.vn\/san-pham\/bo-thi-nghiem-vat-ly-am-hoc\/"]}]},{"@type":"ImageObject","inLanguage":"en-US","@id":"https:\/\/htiscientific.vn\/san-pham\/bo-thi-nghiem-vat-ly-am-hoc\/#primaryimage","url":"https:\/\/htiscientific.vn\/wp-content\/uploads\/2025\/06\/45.jpg","contentUrl":"https:\/\/htiscientific.vn\/wp-content\/uploads\/2025\/06\/45.jpg","width":1000,"height":1000,"caption":"vat-ly-am-hoc"},{"@type":"BreadcrumbList","@id":"https:\/\/htiscientific.vn\/san-pham\/bo-thi-nghiem-vat-ly-am-hoc\/#breadcrumb","itemListElement":[{"@type":"ListItem","position":1,"name":"Trang ch\u1ee7","item":"https:\/\/htiscientific.vn\/"},{"@type":"ListItem","position":2,"name":"C\u1eeda h\u00e0ng","item":"https:\/\/htiscientific.vn\/cua-hang\/"},{"@type":"ListItem","position":3,"name":"Thi\u1ebft b\u1ecb gi\u00e1o d\u1ee5c","item":"https:\/\/htiscientific.vn\/danh-muc-san-pham\/thiet-bi-giao-duc\/"},{"@type":"ListItem","position":4,"name":"V\u1eadt l\u00fd 3D","item":"https:\/\/htiscientific.vn\/danh-muc-san-pham\/thiet-bi-giao-duc\/vat-ly-3d\/"},{"@type":"ListItem","position":5,"name":"B\u1ed9 th\u00ed nghi\u1ec7m v\u1eadt l\u00fd \u00e2m h\u1ecdc"}]},{"@type":"WebSite","@id":"https:\/\/htiscientific.vn\/#website","url":"https:\/\/htiscientific.vn\/","name":"HTI Scientific","description":"HTI Scientific","publisher":{"@id":"https:\/\/htiscientific.vn\/#organization"},"potentialAction":[{"@type":"SearchAction","target":{"@type":"EntryPoint","urlTemplate":"https:\/\/htiscientific.vn\/?s={search_term_string}"},"query-input":{"@type":"PropertyValueSpecification","valueRequired":true,"valueName":"search_term_string"}}],"inLanguage":"en-US"},{"@type":"Organization","@id":"https:\/\/htiscientific.vn\/#organization","name":"HTI Scientific","alternateName":"HTI Scientific","url":"https:\/\/htiscientific.vn\/","logo":{"@type":"ImageObject","inLanguage":"en-US","@id":"https:\/\/htiscientific.vn\/#\/schema\/logo\/image\/","url":"https:\/\/htiscientific.vn\/wp-content\/uploads\/2025\/03\/ava-hti-copy.jpg","contentUrl":"https:\/\/htiscientific.vn\/wp-content\/uploads\/2025\/03\/ava-hti-copy.jpg","width":700,"height":450,"caption":"HTI Scientific"},"image":{"@id":"https:\/\/htiscientific.vn\/#\/schema\/logo\/image\/"},"sameAs":["https:\/\/www.facebook.com\/htiscientific.vn"]}]}},"_links":{"self":[{"href":"https:\/\/htiscientific.vn\/en\/wp-json\/wp\/v2\/product\/1859","targetHints":{"allow":["GET"]}}],"collection":[{"href":"https:\/\/htiscientific.vn\/en\/wp-json\/wp\/v2\/product"}],"about":[{"href":"https:\/\/htiscientific.vn\/en\/wp-json\/wp\/v2\/types\/product"}],"wp:featuredmedia":[{"embeddable":true,"href":"https:\/\/htiscientific.vn\/en\/wp-json\/wp\/v2\/media\/1860"}],"wp:attachment":[{"href":"https:\/\/htiscientific.vn\/en\/wp-json\/wp\/v2\/media?parent=1859"}],"wp:term":[{"taxonomy":"product_brand","embeddable":true,"href":"https:\/\/htiscientific.vn\/en\/wp-json\/wp\/v2\/product_brand?post=1859"},{"taxonomy":"product_cat","embeddable":true,"href":"https:\/\/htiscientific.vn\/en\/wp-json\/wp\/v2\/product_cat?post=1859"},{"taxonomy":"product_tag","embeddable":true,"href":"https:\/\/htiscientific.vn\/en\/wp-json\/wp\/v2\/product_tag?post=1859"}],"curies":[{"name":"wp","href":"https:\/\/api.w.org\/{rel}","templated":true}]}}