{"id":1855,"date":"2025-06-25T11:55:01","date_gmt":"2025-06-25T04:55:01","guid":{"rendered":"https:\/\/htiscientific.vn\/?post_type=product&#038;p=1855"},"modified":"2025-06-25T11:55:01","modified_gmt":"2025-06-25T04:55:01","slug":"bo-thi-nghiem-vat-ly-co-hoc","status":"publish","type":"product","link":"https:\/\/htiscientific.vn\/en\/product\/bo-thi-nghiem-vat-ly-co-hoc\/","title":{"rendered":"B\u1ed9 th\u00ed nghi\u1ec7m v\u1eadt l\u00fd c\u01a1 h\u1ecdc"},"content":{"rendered":"<p><span style=\"color: #000000;\">B\u1ed9 th\u00ed nghi\u1ec7m v\u1eadt l\u00fd c\u01a1 h\u1ecdc (The Mechanics Study Set)<\/span><\/p>\n<p><span style=\"color: #000000;\">Model: EFAC-FM<\/span><\/p>\n<p><span style=\"color: #000000;\">H\u00e3ng s\u1ea3n xu\u1ea5t: <a href=\"https:\/\/htiscientific.vn\/en\/hang-san-xuat\/edibon\/\">Edibon-T\u00e2y Ban Nha<\/a><\/span><\/p>\n<p><span style=\"color: #000000;\">Xu\u1ea5t x\u1ee9: T\u00e2y Ban Nha<\/span><\/p>\n<p><span style=\"color: #000000;\"><a href=\"https:\/\/www.google.com\/url?q=https:\/\/www.edibon.com\/en\/physics\/3d-physics&amp;sa=D&amp;source=editors&amp;ust=1750830874012431&amp;usg=AOvVaw0Cf9Mtic_1K1VlSj_CVrD-\">B\u1ed9 th\u00ed nghi\u1ec7m v\u1eadt l\u00fd c\u01a1 h\u1ecdc<\/a> cho ph\u00e9p ch\u00fang ta nghi\u00ean c\u1ee9u c\u00e1c chuy\u1ec3n \u0111\u1ed9ng m\u00e0 th\u00f4ng th\u01b0\u1eddng s\u1ebd m\u1ea5t h\u00e0ng gi\u1edd t\u00ednh to\u00e1n theo c\u00e1ch nhanh ch\u00f3ng v\u00e0 \u0111\u01a1n gi\u1ea3n trong l\u0129nh v\u1ef1c c\u01a1 h\u1ecdc, b\u00ean c\u1ea1nh vi\u1ec7c x\u00e1c nh\u1eadn c\u00e1c k\u1ebft qu\u1ea3 l\u00fd thuy\u1ebft c\u1ee7a c\u00e1c chuy\u1ec3n \u0111\u1ed9ng \u0111\u01a1n gi\u1ea3n h\u01a1n kh\u00e1c. V\u1edbi m\u1ee5c \u0111\u00edch n\u00e0y, c\u00f4ng ngh\u1ec7 m\u1edbi nh\u1ea5t \u0111\u01b0\u1ee3c s\u1eed d\u1ee5ng khi ph\u00e1t hi\u1ec7n v\u00e0 \u0111\u1ecbnh v\u1ecb c\u00e1c v\u1eadt th\u1ec3, d\u1ef1a tr\u00ean th\u1ecb gi\u00e1c nh\u00e2n t\u1ea1o. \u0110i\u1ec1u n\u00e0y cho ph\u00e9p ch\u00fang ta x\u00e1c \u0111\u1ecbnh v\u1ecb tr\u00ed c\u1ee7a v\u1eadt th\u1ec3 c\u1ea7n nghi\u00ean c\u1ee9u trong m\u1ed9t ph\u1ea1m vi gi\u1edbi h\u1ea1n, t\u1eeb \u0111\u00f3 s\u1ebd d\u1eabn \u0111\u1ebfn vi\u1ec7c thu \u0111\u01b0\u1ee3c c\u00e1c \u0111\u1ed9 l\u1edbn c\u1ee7a chuy\u1ec3n \u0111\u1ed9ng, ch\u1eb3ng h\u1ea1n nh\u01b0 v\u1eadn t\u1ed1c v\u00e0 gia t\u1ed1c.<\/span><\/p>","protected":false},"excerpt":{"rendered":"<p><span style=\"color: #000000;\">B\u1ed9 th\u00ed nghi\u1ec7m v\u1eadt l\u00fd c\u01a1 h\u1ecdc cho ph\u00e9p nghi\u00ean c\u1ee9u c\u00e1c chuy\u1ec3n \u0111\u1ed9ng. C\u00f4ng ngh\u1ec7 s\u1eed d\u1ee5ng khi ph\u00e1t hi\u1ec7n v\u00e0 \u0111\u1ecbnh v\u1ecb c\u00e1c v\u1eadt th\u1ec3, d\u1ef1a tr\u00ean th\u1ecb gi\u00e1c nh\u00e2n t\u1ea1o cho ph\u00e9p x\u00e1c \u0111\u1ecbnh v\u1ecb tr\u00ed c\u1ee7a v\u1eadt th\u1ec3 c\u1ea7n nghi\u00ean c\u1ee9u trong ph\u1ea1m vi gi\u1edbi h\u1ea1n.\u00a0<\/span><\/p>","protected":false},"featured_media":1856,"template":"","meta":{"inline_featured_image":false},"product_brand":[47],"product_cat":[90,98],"product_tag":[],"class_list":{"0":"post-1855","1":"product","2":"type-product","3":"status-publish","4":"has-post-thumbnail","6":"product_brand-edibon","7":"product_cat-thiet-bi-giao-duc","8":"product_cat-vat-ly-3d","10":"first","11":"instock","12":"shipping-taxable","13":"product-type-simple"},"yoast_head":"<!-- This site is optimized with the Yoast SEO plugin v24.7 - https:\/\/yoast.com\/wordpress\/plugins\/seo\/ -->\n<title>B\u1ed9 th\u00ed nghi\u1ec7m v\u1eadt l\u00fd c\u01a1 h\u1ecdc - HTI Scientific<\/title>\n<meta name=\"description\" content=\"B\u1ed9 th\u00ed nghi\u1ec7m v\u1eadt l\u00fd c\u01a1 h\u1ecdc cho ph\u00e9p nghi\u00ean c\u1ee9u c\u00e1c chuy\u1ec3n \u0111\u1ed9ng, x\u00e1c \u0111\u1ecbnh v\u1ecb tr\u00ed v\u1eadt th\u1ec3, \u0111o \u0111\u1ed9 l\u1edbn chuy\u1ec3n \u0111\u1ed9ng nh\u01b0 v\u1eadn t\u1ed1c v\u00e0 gia t\u1ed1c\" \/>\n<meta name=\"robots\" content=\"index, follow, max-snippet:-1, max-image-preview:large, max-video-preview:-1\" \/>\n<link rel=\"canonical\" href=\"https:\/\/htiscientific.vn\/en\/product\/bo-thi-nghiem-vat-ly-co-hoc\/\" \/>\n<meta property=\"og:locale\" content=\"en_US\" \/>\n<meta property=\"og:type\" content=\"article\" \/>\n<meta property=\"og:title\" content=\"B\u1ed9 th\u00ed nghi\u1ec7m v\u1eadt l\u00fd c\u01a1 h\u1ecdc - HTI Scientific\" \/>\n<meta property=\"og:description\" content=\"B\u1ed9 th\u00ed nghi\u1ec7m v\u1eadt l\u00fd c\u01a1 h\u1ecdc cho ph\u00e9p nghi\u00ean c\u1ee9u c\u00e1c chuy\u1ec3n \u0111\u1ed9ng, x\u00e1c \u0111\u1ecbnh v\u1ecb tr\u00ed v\u1eadt th\u1ec3, \u0111o \u0111\u1ed9 l\u1edbn chuy\u1ec3n \u0111\u1ed9ng nh\u01b0 v\u1eadn t\u1ed1c v\u00e0 gia t\u1ed1c\" \/>\n<meta property=\"og:url\" content=\"https:\/\/htiscientific.vn\/en\/product\/bo-thi-nghiem-vat-ly-co-hoc\/\" \/>\n<meta property=\"og:site_name\" content=\"HTI Scientific\" \/>\n<meta property=\"article:publisher\" content=\"https:\/\/www.facebook.com\/htiscientific.vn\" \/>\n<meta property=\"og:image\" content=\"https:\/\/htiscientific.vn\/wp-content\/uploads\/2025\/06\/44.jpg\" \/>\n\t<meta property=\"og:image:width\" content=\"1000\" \/>\n\t<meta property=\"og:image:height\" content=\"1000\" \/>\n\t<meta property=\"og:image:type\" content=\"image\/jpeg\" \/>\n<meta name=\"twitter:card\" content=\"summary_large_image\" \/>\n<meta name=\"twitter:label1\" content=\"Est. reading time\" \/>\n\t<meta name=\"twitter:data1\" content=\"2 minutes\" \/>\n<script type=\"application\/ld+json\" class=\"yoast-schema-graph\">{\"@context\":\"https:\/\/schema.org\",\"@graph\":[{\"@type\":\"WebPage\",\"@id\":\"https:\/\/htiscientific.vn\/san-pham\/bo-thi-nghiem-vat-ly-co-hoc\/\",\"url\":\"https:\/\/htiscientific.vn\/san-pham\/bo-thi-nghiem-vat-ly-co-hoc\/\",\"name\":\"B\u1ed9 th\u00ed nghi\u1ec7m v\u1eadt l\u00fd c\u01a1 h\u1ecdc - HTI Scientific\",\"isPartOf\":{\"@id\":\"https:\/\/htiscientific.vn\/#website\"},\"primaryImageOfPage\":{\"@id\":\"https:\/\/htiscientific.vn\/san-pham\/bo-thi-nghiem-vat-ly-co-hoc\/#primaryimage\"},\"image\":{\"@id\":\"https:\/\/htiscientific.vn\/san-pham\/bo-thi-nghiem-vat-ly-co-hoc\/#primaryimage\"},\"thumbnailUrl\":\"https:\/\/htiscientific.vn\/wp-content\/uploads\/2025\/06\/44.jpg\",\"datePublished\":\"2025-06-25T04:55:01+00:00\",\"description\":\"B\u1ed9 th\u00ed nghi\u1ec7m v\u1eadt l\u00fd c\u01a1 h\u1ecdc cho ph\u00e9p nghi\u00ean c\u1ee9u c\u00e1c chuy\u1ec3n \u0111\u1ed9ng, x\u00e1c \u0111\u1ecbnh v\u1ecb tr\u00ed v\u1eadt th\u1ec3, \u0111o \u0111\u1ed9 l\u1edbn chuy\u1ec3n \u0111\u1ed9ng nh\u01b0 v\u1eadn t\u1ed1c v\u00e0 gia t\u1ed1c\",\"breadcrumb\":{\"@id\":\"https:\/\/htiscientific.vn\/san-pham\/bo-thi-nghiem-vat-ly-co-hoc\/#breadcrumb\"},\"inLanguage\":\"en-US\",\"potentialAction\":[{\"@type\":\"ReadAction\",\"target\":[\"https:\/\/htiscientific.vn\/san-pham\/bo-thi-nghiem-vat-ly-co-hoc\/\"]}]},{\"@type\":\"ImageObject\",\"inLanguage\":\"en-US\",\"@id\":\"https:\/\/htiscientific.vn\/san-pham\/bo-thi-nghiem-vat-ly-co-hoc\/#primaryimage\",\"url\":\"https:\/\/htiscientific.vn\/wp-content\/uploads\/2025\/06\/44.jpg\",\"contentUrl\":\"https:\/\/htiscientific.vn\/wp-content\/uploads\/2025\/06\/44.jpg\",\"width\":1000,\"height\":1000,\"caption\":\"vat-ly-co-hoc\"},{\"@type\":\"BreadcrumbList\",\"@id\":\"https:\/\/htiscientific.vn\/san-pham\/bo-thi-nghiem-vat-ly-co-hoc\/#breadcrumb\",\"itemListElement\":[{\"@type\":\"ListItem\",\"position\":1,\"name\":\"Trang ch\u1ee7\",\"item\":\"https:\/\/htiscientific.vn\/\"},{\"@type\":\"ListItem\",\"position\":2,\"name\":\"C\u1eeda h\u00e0ng\",\"item\":\"https:\/\/htiscientific.vn\/cua-hang\/\"},{\"@type\":\"ListItem\",\"position\":3,\"name\":\"Thi\u1ebft b\u1ecb gi\u00e1o d\u1ee5c\",\"item\":\"https:\/\/htiscientific.vn\/danh-muc-san-pham\/thiet-bi-giao-duc\/\"},{\"@type\":\"ListItem\",\"position\":4,\"name\":\"V\u1eadt l\u00fd 3D\",\"item\":\"https:\/\/htiscientific.vn\/danh-muc-san-pham\/thiet-bi-giao-duc\/vat-ly-3d\/\"},{\"@type\":\"ListItem\",\"position\":5,\"name\":\"B\u1ed9 th\u00ed nghi\u1ec7m v\u1eadt l\u00fd c\u01a1 h\u1ecdc\"}]},{\"@type\":\"WebSite\",\"@id\":\"https:\/\/htiscientific.vn\/#website\",\"url\":\"https:\/\/htiscientific.vn\/\",\"name\":\"HTI Scientific\",\"description\":\"HTI Scientific\",\"publisher\":{\"@id\":\"https:\/\/htiscientific.vn\/#organization\"},\"potentialAction\":[{\"@type\":\"SearchAction\",\"target\":{\"@type\":\"EntryPoint\",\"urlTemplate\":\"https:\/\/htiscientific.vn\/?s={search_term_string}\"},\"query-input\":{\"@type\":\"PropertyValueSpecification\",\"valueRequired\":true,\"valueName\":\"search_term_string\"}}],\"inLanguage\":\"en-US\"},{\"@type\":\"Organization\",\"@id\":\"https:\/\/htiscientific.vn\/#organization\",\"name\":\"HTI Scientific\",\"alternateName\":\"HTI Scientific\",\"url\":\"https:\/\/htiscientific.vn\/\",\"logo\":{\"@type\":\"ImageObject\",\"inLanguage\":\"en-US\",\"@id\":\"https:\/\/htiscientific.vn\/#\/schema\/logo\/image\/\",\"url\":\"https:\/\/htiscientific.vn\/wp-content\/uploads\/2025\/03\/ava-hti-copy.jpg\",\"contentUrl\":\"https:\/\/htiscientific.vn\/wp-content\/uploads\/2025\/03\/ava-hti-copy.jpg\",\"width\":700,\"height\":450,\"caption\":\"HTI Scientific\"},\"image\":{\"@id\":\"https:\/\/htiscientific.vn\/#\/schema\/logo\/image\/\"},\"sameAs\":[\"https:\/\/www.facebook.com\/htiscientific.vn\"]}]}<\/script>\n<!-- \/ Yoast SEO plugin. -->","yoast_head_json":{"title":"B\u1ed9 th\u00ed nghi\u1ec7m v\u1eadt l\u00fd c\u01a1 h\u1ecdc - HTI Scientific","description":"B\u1ed9 th\u00ed nghi\u1ec7m v\u1eadt l\u00fd c\u01a1 h\u1ecdc cho ph\u00e9p nghi\u00ean c\u1ee9u c\u00e1c chuy\u1ec3n \u0111\u1ed9ng, x\u00e1c \u0111\u1ecbnh v\u1ecb tr\u00ed v\u1eadt th\u1ec3, \u0111o \u0111\u1ed9 l\u1edbn chuy\u1ec3n \u0111\u1ed9ng nh\u01b0 v\u1eadn t\u1ed1c v\u00e0 gia t\u1ed1c","robots":{"index":"index","follow":"follow","max-snippet":"max-snippet:-1","max-image-preview":"max-image-preview:large","max-video-preview":"max-video-preview:-1"},"canonical":"https:\/\/htiscientific.vn\/en\/product\/bo-thi-nghiem-vat-ly-co-hoc\/","og_locale":"en_US","og_type":"article","og_title":"B\u1ed9 th\u00ed nghi\u1ec7m v\u1eadt l\u00fd c\u01a1 h\u1ecdc - HTI Scientific","og_description":"B\u1ed9 th\u00ed nghi\u1ec7m v\u1eadt l\u00fd c\u01a1 h\u1ecdc cho ph\u00e9p nghi\u00ean c\u1ee9u c\u00e1c chuy\u1ec3n \u0111\u1ed9ng, x\u00e1c \u0111\u1ecbnh v\u1ecb tr\u00ed v\u1eadt th\u1ec3, \u0111o \u0111\u1ed9 l\u1edbn chuy\u1ec3n \u0111\u1ed9ng nh\u01b0 v\u1eadn t\u1ed1c v\u00e0 gia t\u1ed1c","og_url":"https:\/\/htiscientific.vn\/en\/product\/bo-thi-nghiem-vat-ly-co-hoc\/","og_site_name":"HTI Scientific","article_publisher":"https:\/\/www.facebook.com\/htiscientific.vn","og_image":[{"width":1000,"height":1000,"url":"https:\/\/htiscientific.vn\/wp-content\/uploads\/2025\/06\/44.jpg","type":"image\/jpeg"}],"twitter_card":"summary_large_image","twitter_misc":{"Est. reading time":"2 minutes"},"schema":{"@context":"https:\/\/schema.org","@graph":[{"@type":"WebPage","@id":"https:\/\/htiscientific.vn\/san-pham\/bo-thi-nghiem-vat-ly-co-hoc\/","url":"https:\/\/htiscientific.vn\/san-pham\/bo-thi-nghiem-vat-ly-co-hoc\/","name":"B\u1ed9 th\u00ed nghi\u1ec7m v\u1eadt l\u00fd c\u01a1 h\u1ecdc - HTI Scientific","isPartOf":{"@id":"https:\/\/htiscientific.vn\/#website"},"primaryImageOfPage":{"@id":"https:\/\/htiscientific.vn\/san-pham\/bo-thi-nghiem-vat-ly-co-hoc\/#primaryimage"},"image":{"@id":"https:\/\/htiscientific.vn\/san-pham\/bo-thi-nghiem-vat-ly-co-hoc\/#primaryimage"},"thumbnailUrl":"https:\/\/htiscientific.vn\/wp-content\/uploads\/2025\/06\/44.jpg","datePublished":"2025-06-25T04:55:01+00:00","description":"B\u1ed9 th\u00ed nghi\u1ec7m v\u1eadt l\u00fd c\u01a1 h\u1ecdc cho ph\u00e9p nghi\u00ean c\u1ee9u c\u00e1c chuy\u1ec3n \u0111\u1ed9ng, x\u00e1c \u0111\u1ecbnh v\u1ecb tr\u00ed v\u1eadt th\u1ec3, \u0111o \u0111\u1ed9 l\u1edbn chuy\u1ec3n \u0111\u1ed9ng nh\u01b0 v\u1eadn t\u1ed1c v\u00e0 gia t\u1ed1c","breadcrumb":{"@id":"https:\/\/htiscientific.vn\/san-pham\/bo-thi-nghiem-vat-ly-co-hoc\/#breadcrumb"},"inLanguage":"en-US","potentialAction":[{"@type":"ReadAction","target":["https:\/\/htiscientific.vn\/san-pham\/bo-thi-nghiem-vat-ly-co-hoc\/"]}]},{"@type":"ImageObject","inLanguage":"en-US","@id":"https:\/\/htiscientific.vn\/san-pham\/bo-thi-nghiem-vat-ly-co-hoc\/#primaryimage","url":"https:\/\/htiscientific.vn\/wp-content\/uploads\/2025\/06\/44.jpg","contentUrl":"https:\/\/htiscientific.vn\/wp-content\/uploads\/2025\/06\/44.jpg","width":1000,"height":1000,"caption":"vat-ly-co-hoc"},{"@type":"BreadcrumbList","@id":"https:\/\/htiscientific.vn\/san-pham\/bo-thi-nghiem-vat-ly-co-hoc\/#breadcrumb","itemListElement":[{"@type":"ListItem","position":1,"name":"Trang ch\u1ee7","item":"https:\/\/htiscientific.vn\/"},{"@type":"ListItem","position":2,"name":"C\u1eeda h\u00e0ng","item":"https:\/\/htiscientific.vn\/cua-hang\/"},{"@type":"ListItem","position":3,"name":"Thi\u1ebft b\u1ecb gi\u00e1o d\u1ee5c","item":"https:\/\/htiscientific.vn\/danh-muc-san-pham\/thiet-bi-giao-duc\/"},{"@type":"ListItem","position":4,"name":"V\u1eadt l\u00fd 3D","item":"https:\/\/htiscientific.vn\/danh-muc-san-pham\/thiet-bi-giao-duc\/vat-ly-3d\/"},{"@type":"ListItem","position":5,"name":"B\u1ed9 th\u00ed nghi\u1ec7m v\u1eadt l\u00fd c\u01a1 h\u1ecdc"}]},{"@type":"WebSite","@id":"https:\/\/htiscientific.vn\/#website","url":"https:\/\/htiscientific.vn\/","name":"HTI Scientific","description":"HTI Scientific","publisher":{"@id":"https:\/\/htiscientific.vn\/#organization"},"potentialAction":[{"@type":"SearchAction","target":{"@type":"EntryPoint","urlTemplate":"https:\/\/htiscientific.vn\/?s={search_term_string}"},"query-input":{"@type":"PropertyValueSpecification","valueRequired":true,"valueName":"search_term_string"}}],"inLanguage":"en-US"},{"@type":"Organization","@id":"https:\/\/htiscientific.vn\/#organization","name":"HTI Scientific","alternateName":"HTI Scientific","url":"https:\/\/htiscientific.vn\/","logo":{"@type":"ImageObject","inLanguage":"en-US","@id":"https:\/\/htiscientific.vn\/#\/schema\/logo\/image\/","url":"https:\/\/htiscientific.vn\/wp-content\/uploads\/2025\/03\/ava-hti-copy.jpg","contentUrl":"https:\/\/htiscientific.vn\/wp-content\/uploads\/2025\/03\/ava-hti-copy.jpg","width":700,"height":450,"caption":"HTI Scientific"},"image":{"@id":"https:\/\/htiscientific.vn\/#\/schema\/logo\/image\/"},"sameAs":["https:\/\/www.facebook.com\/htiscientific.vn"]}]}},"_links":{"self":[{"href":"https:\/\/htiscientific.vn\/en\/wp-json\/wp\/v2\/product\/1855","targetHints":{"allow":["GET"]}}],"collection":[{"href":"https:\/\/htiscientific.vn\/en\/wp-json\/wp\/v2\/product"}],"about":[{"href":"https:\/\/htiscientific.vn\/en\/wp-json\/wp\/v2\/types\/product"}],"wp:featuredmedia":[{"embeddable":true,"href":"https:\/\/htiscientific.vn\/en\/wp-json\/wp\/v2\/media\/1856"}],"wp:attachment":[{"href":"https:\/\/htiscientific.vn\/en\/wp-json\/wp\/v2\/media?parent=1855"}],"wp:term":[{"taxonomy":"product_brand","embeddable":true,"href":"https:\/\/htiscientific.vn\/en\/wp-json\/wp\/v2\/product_brand?post=1855"},{"taxonomy":"product_cat","embeddable":true,"href":"https:\/\/htiscientific.vn\/en\/wp-json\/wp\/v2\/product_cat?post=1855"},{"taxonomy":"product_tag","embeddable":true,"href":"https:\/\/htiscientific.vn\/en\/wp-json\/wp\/v2\/product_tag?post=1855"}],"curies":[{"name":"wp","href":"https:\/\/api.w.org\/{rel}","templated":true}]}}