{"id":1852,"date":"2025-06-25T11:45:48","date_gmt":"2025-06-25T04:45:48","guid":{"rendered":"https:\/\/htiscientific.vn\/?post_type=product&#038;p=1852"},"modified":"2025-06-25T11:45:48","modified_gmt":"2025-06-25T04:45:48","slug":"bo-thi-nghiem-vat-ly-truong-dien","status":"publish","type":"product","link":"https:\/\/htiscientific.vn\/en\/product\/bo-thi-nghiem-vat-ly-truong-dien\/","title":{"rendered":"B\u1ed9 th\u00ed nghi\u1ec7m v\u1eadt l\u00fd tr\u01b0\u1eddng \u0111i\u1ec7n"},"content":{"rendered":"<p><span style=\"color: #000000;\">B\u1ed9 th\u00ed nghi\u1ec7m v\u1eadt l\u00fd tr\u01b0\u1eddng \u0111i\u1ec7n (The Electric Fields Study Set)<\/span><\/p>\n<p><span style=\"color: #000000;\">Model: EFAC-FCE<\/span><\/p>\n<p><span style=\"color: #000000;\">H\u00e3ng s\u1ea3n xu\u1ea5t: <a href=\"https:\/\/htiscientific.vn\/en\/hang-san-xuat\/edibon\/\">Edibon-T\u00e2y Ban Nha<\/a><\/span><\/p>\n<p><span style=\"color: #000000;\">Xu\u1ea5t x\u1ee9: T\u00e2y Ban Nha<\/span><\/p>\n<p><span style=\"color: #000000;\">B\u1ed9 th\u00ed nghi\u1ec7m v\u1eadt l\u00fd tr\u01b0\u1eddng \u0111i\u1ec7n cho ph\u00e9p nghi\u00ean c\u1ee9u kh\u00f4ng gian c\u1ee7a tr\u01b0\u1eddng \u0111i\u1ec7n \u1edf m\u1ecdi chi\u1ec1u c\u1ee7a n\u00f3 (t\u00ednh to\u00e1n c\u01b0\u1eddng \u0111\u1ed9, \u0111\u01b0\u1eddng s\u1ee9c v\u00e0 b\u1ec1 m\u1eb7t \u0111\u1eb3ng th\u1ebf trong c\u1ea3 tr\u01b0\u1eddng t\u0129nh v\u00e0 tr\u01b0\u1eddng \u0111\u1ed9ng) cung c\u1ea5p cho sinh vi\u00ean t\u1ea7m nh\u00ecn kh\u00f4ng gian r\u1ed9ng h\u01a1n m\u00e0 c\u00e1c ph\u01b0\u01a1ng ph\u00e1p kh\u00e1c kh\u00f4ng cung c\u1ea5p.<\/span><\/p>\n<p><span style=\"color: #000000;\">Vi\u1ec7c cung c\u1ea5p c\u00e1c qu\u1ea3 c\u1ea7u, h\u00ecnh tr\u1ee5, d\u00e2y v\u00e0 m\u1eb7t ph\u1eb3ng d\u1eabn \u0111i\u1ec7n c\u00f9ng v\u1edbi c\u00e1c ngu\u1ed3n \u0111i\u1ec7n t\u00edch cho ph\u00e9p sinh vi\u00ean nghi\u00ean c\u1ee9u \u0111\u1ecbnh lu\u1eadt Coulomb, l\u1ef1c \u0111i\u1ec7n gi\u1eefa c\u00e1c qu\u1ea3 c\u1ea7u d\u1eabn \u0111i\u1ec7n, \u0111\u1ecbnh l\u00fd Gauss v\u00e0 nguy\u00ean l\u00fd ch\u1ed3ng ch\u1eadp. Vi\u1ec7c t\u00ednh to\u00e1n th\u00f4ng l\u01b0\u1ee3ng \u0111i\u1ec7n cho ph\u00e9p ch\u00fang ta x\u00e1c \u0111\u1ecbnh b\u1eb1ng th\u1ef1c nghi\u1ec7m s\u1ef1 ph\u00e2n b\u1ed1 l\u1ea1i c\u00e1c \u0111i\u1ec7n t\u00edch \u0111\u01b0\u1ee3c t\u1ea1o ra trong c\u00e1c t\u1ee5 \u0111i\u1ec7n song song ph\u1eb3ng trong c\u1ea5u h\u00ecnh n\u1ed1i ti\u1ebfp v\u00e0 song song. C\u00e1c t\u00e1c \u0111\u1ed9ng c\u1ee7a ch\u1ea5t \u0111i\u1ec7n m\u00f4i l\u00ean t\u1ee5 \u0111i\u1ec7n s\u1ebd \u0111\u01b0\u1ee3c th\u1ef1c hi\u1ec7n b\u1eb1ng c\u00e1c v\u1eadt li\u1ec7u kh\u00e1c nhau: g\u1ed7, th\u1ee7y tinh v\u00e0 kh\u1ed1i nh\u1ef1a, cho ph\u00e9p ch\u00fang ta nghi\u00ean c\u1ee9u c\u1ea5u h\u00ecnh n\u1ed1i ti\u1ebfp\/song song.<\/span><\/p>\n<p>&nbsp;<\/p>","protected":false},"excerpt":{"rendered":"<p><span style=\"color: #000000;\">B\u1ed9 th\u00ed nghi\u1ec7m v\u1eadt l\u00fd tr\u01b0\u1eddng \u0111i\u1ec7n cho ph\u00e9p nghi\u00ean c\u1ee9u kh\u00f4ng gian c\u1ee7a tr\u01b0\u1eddng \u0111i\u1ec7n \u1edf m\u1ecdi chi\u1ec1u c\u1ee7a n\u00f3 (t\u00ednh to\u00e1n c\u01b0\u1eddng \u0111\u1ed9, \u0111\u01b0\u1eddng s\u1ee9c v\u00e0 b\u1ec1 m\u1eb7t \u0111\u1eb3ng th\u1ebf trong c\u1ea3 tr\u01b0\u1eddng t\u0129nh v\u00e0 tr\u01b0\u1eddng \u0111\u1ed9ng) cung c\u1ea5p cho sinh vi\u00ean t\u1ea7m nh\u00ecn kh\u00f4ng gian r\u1ed9ng h\u01a1n m\u00e0 c\u00e1c ph\u01b0\u01a1ng ph\u00e1p kh\u00e1c kh\u00f4ng cung c\u1ea5p.<\/span><\/p>","protected":false},"featured_media":1853,"template":"","meta":{"inline_featured_image":false},"product_brand":[47],"product_cat":[90,98],"product_tag":[],"class_list":{"0":"post-1852","1":"product","2":"type-product","3":"status-publish","4":"has-post-thumbnail","6":"product_brand-edibon","7":"product_cat-thiet-bi-giao-duc","8":"product_cat-vat-ly-3d","10":"first","11":"instock","12":"shipping-taxable","13":"product-type-simple"},"yoast_head":"<!-- This site is optimized with the Yoast SEO plugin v24.7 - https:\/\/yoast.com\/wordpress\/plugins\/seo\/ -->\n<title>B\u1ed9 th\u00ed nghi\u1ec7m v\u1eadt l\u00fd tr\u01b0\u1eddng \u0111i\u1ec7n - HTI Scientific<\/title>\n<meta name=\"description\" content=\"B\u1ed9 th\u00ed nghi\u1ec7m v\u1eadt l\u00fd tr\u01b0\u1eddng \u0111i\u1ec7n nghi\u00ean c\u1ee9u kh\u00f4ng gian c\u1ee7a tr\u01b0\u1eddng \u0111i\u1ec7n \u1edf m\u1ecdi chi\u1ec1u c\u1ee7a n\u00f3, bao g\u1ed3m: t\u00ednh to\u00e1n c\u01b0\u1eddng \u0111\u1ed9, \u0111\u01b0\u1eddng s\u1ee9c v\u00e0 b\u1ec1 m\u1eb7t \u0111\u1eb3ng th\u1ebf trong..\" \/>\n<meta name=\"robots\" content=\"index, follow, max-snippet:-1, max-image-preview:large, max-video-preview:-1\" \/>\n<link rel=\"canonical\" href=\"https:\/\/htiscientific.vn\/en\/product\/bo-thi-nghiem-vat-ly-truong-dien\/\" \/>\n<meta property=\"og:locale\" content=\"en_US\" \/>\n<meta property=\"og:type\" content=\"article\" \/>\n<meta property=\"og:title\" content=\"B\u1ed9 th\u00ed nghi\u1ec7m v\u1eadt l\u00fd tr\u01b0\u1eddng \u0111i\u1ec7n - HTI Scientific\" \/>\n<meta property=\"og:description\" content=\"B\u1ed9 th\u00ed nghi\u1ec7m v\u1eadt l\u00fd tr\u01b0\u1eddng \u0111i\u1ec7n nghi\u00ean c\u1ee9u kh\u00f4ng gian c\u1ee7a tr\u01b0\u1eddng \u0111i\u1ec7n \u1edf m\u1ecdi chi\u1ec1u c\u1ee7a n\u00f3, bao g\u1ed3m: t\u00ednh to\u00e1n c\u01b0\u1eddng \u0111\u1ed9, \u0111\u01b0\u1eddng s\u1ee9c v\u00e0 b\u1ec1 m\u1eb7t \u0111\u1eb3ng th\u1ebf trong..\" \/>\n<meta property=\"og:url\" content=\"https:\/\/htiscientific.vn\/en\/product\/bo-thi-nghiem-vat-ly-truong-dien\/\" \/>\n<meta property=\"og:site_name\" content=\"HTI Scientific\" \/>\n<meta property=\"article:publisher\" content=\"https:\/\/www.facebook.com\/htiscientific.vn\" \/>\n<meta property=\"og:image\" content=\"https:\/\/htiscientific.vn\/wp-content\/uploads\/2025\/06\/42.jpg\" \/>\n\t<meta property=\"og:image:width\" content=\"1000\" \/>\n\t<meta property=\"og:image:height\" content=\"1000\" \/>\n\t<meta property=\"og:image:type\" content=\"image\/jpeg\" \/>\n<meta name=\"twitter:card\" content=\"summary_large_image\" \/>\n<meta name=\"twitter:label1\" content=\"Est. reading time\" \/>\n\t<meta name=\"twitter:data1\" content=\"2 minutes\" \/>\n<script type=\"application\/ld+json\" class=\"yoast-schema-graph\">{\"@context\":\"https:\/\/schema.org\",\"@graph\":[{\"@type\":\"WebPage\",\"@id\":\"https:\/\/htiscientific.vn\/san-pham\/bo-thi-nghiem-vat-ly-truong-dien\/\",\"url\":\"https:\/\/htiscientific.vn\/san-pham\/bo-thi-nghiem-vat-ly-truong-dien\/\",\"name\":\"B\u1ed9 th\u00ed nghi\u1ec7m v\u1eadt l\u00fd tr\u01b0\u1eddng \u0111i\u1ec7n - HTI Scientific\",\"isPartOf\":{\"@id\":\"https:\/\/htiscientific.vn\/#website\"},\"primaryImageOfPage\":{\"@id\":\"https:\/\/htiscientific.vn\/san-pham\/bo-thi-nghiem-vat-ly-truong-dien\/#primaryimage\"},\"image\":{\"@id\":\"https:\/\/htiscientific.vn\/san-pham\/bo-thi-nghiem-vat-ly-truong-dien\/#primaryimage\"},\"thumbnailUrl\":\"https:\/\/htiscientific.vn\/wp-content\/uploads\/2025\/06\/42.jpg\",\"datePublished\":\"2025-06-25T04:45:48+00:00\",\"description\":\"B\u1ed9 th\u00ed nghi\u1ec7m v\u1eadt l\u00fd tr\u01b0\u1eddng \u0111i\u1ec7n nghi\u00ean c\u1ee9u kh\u00f4ng gian c\u1ee7a tr\u01b0\u1eddng \u0111i\u1ec7n \u1edf m\u1ecdi chi\u1ec1u c\u1ee7a n\u00f3, bao g\u1ed3m: t\u00ednh to\u00e1n c\u01b0\u1eddng \u0111\u1ed9, \u0111\u01b0\u1eddng s\u1ee9c v\u00e0 b\u1ec1 m\u1eb7t \u0111\u1eb3ng th\u1ebf trong..\",\"breadcrumb\":{\"@id\":\"https:\/\/htiscientific.vn\/san-pham\/bo-thi-nghiem-vat-ly-truong-dien\/#breadcrumb\"},\"inLanguage\":\"en-US\",\"potentialAction\":[{\"@type\":\"ReadAction\",\"target\":[\"https:\/\/htiscientific.vn\/san-pham\/bo-thi-nghiem-vat-ly-truong-dien\/\"]}]},{\"@type\":\"ImageObject\",\"inLanguage\":\"en-US\",\"@id\":\"https:\/\/htiscientific.vn\/san-pham\/bo-thi-nghiem-vat-ly-truong-dien\/#primaryimage\",\"url\":\"https:\/\/htiscientific.vn\/wp-content\/uploads\/2025\/06\/42.jpg\",\"contentUrl\":\"https:\/\/htiscientific.vn\/wp-content\/uploads\/2025\/06\/42.jpg\",\"width\":1000,\"height\":1000,\"caption\":\"vat-li-truong-dien\"},{\"@type\":\"BreadcrumbList\",\"@id\":\"https:\/\/htiscientific.vn\/san-pham\/bo-thi-nghiem-vat-ly-truong-dien\/#breadcrumb\",\"itemListElement\":[{\"@type\":\"ListItem\",\"position\":1,\"name\":\"Trang ch\u1ee7\",\"item\":\"https:\/\/htiscientific.vn\/\"},{\"@type\":\"ListItem\",\"position\":2,\"name\":\"C\u1eeda h\u00e0ng\",\"item\":\"https:\/\/htiscientific.vn\/cua-hang\/\"},{\"@type\":\"ListItem\",\"position\":3,\"name\":\"Thi\u1ebft b\u1ecb gi\u00e1o d\u1ee5c\",\"item\":\"https:\/\/htiscientific.vn\/danh-muc-san-pham\/thiet-bi-giao-duc\/\"},{\"@type\":\"ListItem\",\"position\":4,\"name\":\"V\u1eadt l\u00fd 3D\",\"item\":\"https:\/\/htiscientific.vn\/danh-muc-san-pham\/thiet-bi-giao-duc\/vat-ly-3d\/\"},{\"@type\":\"ListItem\",\"position\":5,\"name\":\"B\u1ed9 th\u00ed nghi\u1ec7m v\u1eadt l\u00fd tr\u01b0\u1eddng \u0111i\u1ec7n\"}]},{\"@type\":\"WebSite\",\"@id\":\"https:\/\/htiscientific.vn\/#website\",\"url\":\"https:\/\/htiscientific.vn\/\",\"name\":\"HTI Scientific\",\"description\":\"HTI Scientific\",\"publisher\":{\"@id\":\"https:\/\/htiscientific.vn\/#organization\"},\"potentialAction\":[{\"@type\":\"SearchAction\",\"target\":{\"@type\":\"EntryPoint\",\"urlTemplate\":\"https:\/\/htiscientific.vn\/?s={search_term_string}\"},\"query-input\":{\"@type\":\"PropertyValueSpecification\",\"valueRequired\":true,\"valueName\":\"search_term_string\"}}],\"inLanguage\":\"en-US\"},{\"@type\":\"Organization\",\"@id\":\"https:\/\/htiscientific.vn\/#organization\",\"name\":\"HTI Scientific\",\"alternateName\":\"HTI Scientific\",\"url\":\"https:\/\/htiscientific.vn\/\",\"logo\":{\"@type\":\"ImageObject\",\"inLanguage\":\"en-US\",\"@id\":\"https:\/\/htiscientific.vn\/#\/schema\/logo\/image\/\",\"url\":\"https:\/\/htiscientific.vn\/wp-content\/uploads\/2025\/03\/ava-hti-copy.jpg\",\"contentUrl\":\"https:\/\/htiscientific.vn\/wp-content\/uploads\/2025\/03\/ava-hti-copy.jpg\",\"width\":700,\"height\":450,\"caption\":\"HTI Scientific\"},\"image\":{\"@id\":\"https:\/\/htiscientific.vn\/#\/schema\/logo\/image\/\"},\"sameAs\":[\"https:\/\/www.facebook.com\/htiscientific.vn\"]}]}<\/script>\n<!-- \/ Yoast SEO plugin. -->","yoast_head_json":{"title":"B\u1ed9 th\u00ed nghi\u1ec7m v\u1eadt l\u00fd tr\u01b0\u1eddng \u0111i\u1ec7n - HTI Scientific","description":"B\u1ed9 th\u00ed nghi\u1ec7m v\u1eadt l\u00fd tr\u01b0\u1eddng \u0111i\u1ec7n nghi\u00ean c\u1ee9u kh\u00f4ng gian c\u1ee7a tr\u01b0\u1eddng \u0111i\u1ec7n \u1edf m\u1ecdi chi\u1ec1u c\u1ee7a n\u00f3, bao g\u1ed3m: t\u00ednh to\u00e1n c\u01b0\u1eddng \u0111\u1ed9, \u0111\u01b0\u1eddng s\u1ee9c v\u00e0 b\u1ec1 m\u1eb7t \u0111\u1eb3ng th\u1ebf trong..","robots":{"index":"index","follow":"follow","max-snippet":"max-snippet:-1","max-image-preview":"max-image-preview:large","max-video-preview":"max-video-preview:-1"},"canonical":"https:\/\/htiscientific.vn\/en\/product\/bo-thi-nghiem-vat-ly-truong-dien\/","og_locale":"en_US","og_type":"article","og_title":"B\u1ed9 th\u00ed nghi\u1ec7m v\u1eadt l\u00fd tr\u01b0\u1eddng \u0111i\u1ec7n - HTI Scientific","og_description":"B\u1ed9 th\u00ed nghi\u1ec7m v\u1eadt l\u00fd tr\u01b0\u1eddng \u0111i\u1ec7n nghi\u00ean c\u1ee9u kh\u00f4ng gian c\u1ee7a tr\u01b0\u1eddng \u0111i\u1ec7n \u1edf m\u1ecdi chi\u1ec1u c\u1ee7a n\u00f3, bao g\u1ed3m: t\u00ednh to\u00e1n c\u01b0\u1eddng \u0111\u1ed9, \u0111\u01b0\u1eddng s\u1ee9c v\u00e0 b\u1ec1 m\u1eb7t \u0111\u1eb3ng th\u1ebf trong..","og_url":"https:\/\/htiscientific.vn\/en\/product\/bo-thi-nghiem-vat-ly-truong-dien\/","og_site_name":"HTI Scientific","article_publisher":"https:\/\/www.facebook.com\/htiscientific.vn","og_image":[{"width":1000,"height":1000,"url":"https:\/\/htiscientific.vn\/wp-content\/uploads\/2025\/06\/42.jpg","type":"image\/jpeg"}],"twitter_card":"summary_large_image","twitter_misc":{"Est. reading time":"2 minutes"},"schema":{"@context":"https:\/\/schema.org","@graph":[{"@type":"WebPage","@id":"https:\/\/htiscientific.vn\/san-pham\/bo-thi-nghiem-vat-ly-truong-dien\/","url":"https:\/\/htiscientific.vn\/san-pham\/bo-thi-nghiem-vat-ly-truong-dien\/","name":"B\u1ed9 th\u00ed nghi\u1ec7m v\u1eadt l\u00fd tr\u01b0\u1eddng \u0111i\u1ec7n - HTI Scientific","isPartOf":{"@id":"https:\/\/htiscientific.vn\/#website"},"primaryImageOfPage":{"@id":"https:\/\/htiscientific.vn\/san-pham\/bo-thi-nghiem-vat-ly-truong-dien\/#primaryimage"},"image":{"@id":"https:\/\/htiscientific.vn\/san-pham\/bo-thi-nghiem-vat-ly-truong-dien\/#primaryimage"},"thumbnailUrl":"https:\/\/htiscientific.vn\/wp-content\/uploads\/2025\/06\/42.jpg","datePublished":"2025-06-25T04:45:48+00:00","description":"B\u1ed9 th\u00ed nghi\u1ec7m v\u1eadt l\u00fd tr\u01b0\u1eddng \u0111i\u1ec7n nghi\u00ean c\u1ee9u kh\u00f4ng gian c\u1ee7a tr\u01b0\u1eddng \u0111i\u1ec7n \u1edf m\u1ecdi chi\u1ec1u c\u1ee7a n\u00f3, bao g\u1ed3m: t\u00ednh to\u00e1n c\u01b0\u1eddng \u0111\u1ed9, \u0111\u01b0\u1eddng s\u1ee9c v\u00e0 b\u1ec1 m\u1eb7t \u0111\u1eb3ng th\u1ebf trong..","breadcrumb":{"@id":"https:\/\/htiscientific.vn\/san-pham\/bo-thi-nghiem-vat-ly-truong-dien\/#breadcrumb"},"inLanguage":"en-US","potentialAction":[{"@type":"ReadAction","target":["https:\/\/htiscientific.vn\/san-pham\/bo-thi-nghiem-vat-ly-truong-dien\/"]}]},{"@type":"ImageObject","inLanguage":"en-US","@id":"https:\/\/htiscientific.vn\/san-pham\/bo-thi-nghiem-vat-ly-truong-dien\/#primaryimage","url":"https:\/\/htiscientific.vn\/wp-content\/uploads\/2025\/06\/42.jpg","contentUrl":"https:\/\/htiscientific.vn\/wp-content\/uploads\/2025\/06\/42.jpg","width":1000,"height":1000,"caption":"vat-li-truong-dien"},{"@type":"BreadcrumbList","@id":"https:\/\/htiscientific.vn\/san-pham\/bo-thi-nghiem-vat-ly-truong-dien\/#breadcrumb","itemListElement":[{"@type":"ListItem","position":1,"name":"Trang ch\u1ee7","item":"https:\/\/htiscientific.vn\/"},{"@type":"ListItem","position":2,"name":"C\u1eeda h\u00e0ng","item":"https:\/\/htiscientific.vn\/cua-hang\/"},{"@type":"ListItem","position":3,"name":"Thi\u1ebft b\u1ecb gi\u00e1o d\u1ee5c","item":"https:\/\/htiscientific.vn\/danh-muc-san-pham\/thiet-bi-giao-duc\/"},{"@type":"ListItem","position":4,"name":"V\u1eadt l\u00fd 3D","item":"https:\/\/htiscientific.vn\/danh-muc-san-pham\/thiet-bi-giao-duc\/vat-ly-3d\/"},{"@type":"ListItem","position":5,"name":"B\u1ed9 th\u00ed nghi\u1ec7m v\u1eadt l\u00fd tr\u01b0\u1eddng \u0111i\u1ec7n"}]},{"@type":"WebSite","@id":"https:\/\/htiscientific.vn\/#website","url":"https:\/\/htiscientific.vn\/","name":"HTI Scientific","description":"HTI Scientific","publisher":{"@id":"https:\/\/htiscientific.vn\/#organization"},"potentialAction":[{"@type":"SearchAction","target":{"@type":"EntryPoint","urlTemplate":"https:\/\/htiscientific.vn\/?s={search_term_string}"},"query-input":{"@type":"PropertyValueSpecification","valueRequired":true,"valueName":"search_term_string"}}],"inLanguage":"en-US"},{"@type":"Organization","@id":"https:\/\/htiscientific.vn\/#organization","name":"HTI Scientific","alternateName":"HTI Scientific","url":"https:\/\/htiscientific.vn\/","logo":{"@type":"ImageObject","inLanguage":"en-US","@id":"https:\/\/htiscientific.vn\/#\/schema\/logo\/image\/","url":"https:\/\/htiscientific.vn\/wp-content\/uploads\/2025\/03\/ava-hti-copy.jpg","contentUrl":"https:\/\/htiscientific.vn\/wp-content\/uploads\/2025\/03\/ava-hti-copy.jpg","width":700,"height":450,"caption":"HTI Scientific"},"image":{"@id":"https:\/\/htiscientific.vn\/#\/schema\/logo\/image\/"},"sameAs":["https:\/\/www.facebook.com\/htiscientific.vn"]}]}},"_links":{"self":[{"href":"https:\/\/htiscientific.vn\/en\/wp-json\/wp\/v2\/product\/1852","targetHints":{"allow":["GET"]}}],"collection":[{"href":"https:\/\/htiscientific.vn\/en\/wp-json\/wp\/v2\/product"}],"about":[{"href":"https:\/\/htiscientific.vn\/en\/wp-json\/wp\/v2\/types\/product"}],"wp:featuredmedia":[{"embeddable":true,"href":"https:\/\/htiscientific.vn\/en\/wp-json\/wp\/v2\/media\/1853"}],"wp:attachment":[{"href":"https:\/\/htiscientific.vn\/en\/wp-json\/wp\/v2\/media?parent=1852"}],"wp:term":[{"taxonomy":"product_brand","embeddable":true,"href":"https:\/\/htiscientific.vn\/en\/wp-json\/wp\/v2\/product_brand?post=1852"},{"taxonomy":"product_cat","embeddable":true,"href":"https:\/\/htiscientific.vn\/en\/wp-json\/wp\/v2\/product_cat?post=1852"},{"taxonomy":"product_tag","embeddable":true,"href":"https:\/\/htiscientific.vn\/en\/wp-json\/wp\/v2\/product_tag?post=1852"}],"curies":[{"name":"wp","href":"https:\/\/api.w.org\/{rel}","templated":true}]}}