{"id":1838,"date":"2025-06-24T16:41:05","date_gmt":"2025-06-24T09:41:05","guid":{"rendered":"https:\/\/htiscientific.vn\/?post_type=product&#038;p=1838"},"modified":"2025-06-24T16:41:05","modified_gmt":"2025-06-24T09:41:05","slug":"phong-thi-nghiem-dien-va-dien-tu-co-ban","status":"publish","type":"product","link":"https:\/\/htiscientific.vn\/en\/product\/phong-thi-nghiem-dien-va-dien-tu-co-ban\/","title":{"rendered":"Ph\u00f2ng Th\u00ed Nghi\u1ec7m \u0110i\u1ec7n v\u00e0 \u0110i\u1ec7n T\u1eed C\u01a1 B\u1ea3n"},"content":{"rendered":"<p><span style=\"color: #000000;\">Ph\u00f2ng th\u00ed nghi\u1ec7m \u0111i\u1ec7n v\u00e0 \u0111i\u1ec7n t\u1eed (LIEBA &#8211; Basic Electronics and Electricity Laboratory) l\u00e0 m\u1ed9t h\u1ec7 th\u1ed1ng linh ho\u1ea1t v\u00e0 theo m\u00f4-\u0111un \u0111\u1ec3 h\u1ecdc \u0111i\u1ec7n t\u1eed c\u01a1 b\u1ea3n, \u0111i\u1ec7n c\u01a1 b\u1ea3n v\u00e0 l\u00fd thuy\u1ebft m\u1ea1ch.<\/span><\/p>\n<p><span style=\"color: #000000;\"><strong>C\u00e1c M\u00f4-\u0111un<\/strong><\/span><\/p>\n<p><span style=\"color: #000000;\"><strong>N-M1 &#8211; M\u00f4-\u0111un M\u1ea1ch \u0110i\u1ec7n M\u1ed9t Chi\u1ec1u (DC)<\/strong><\/span><br \/>\n<span style=\"color: #000000;\">C\u00e1c kh\u1ed1i m\u1ea1ch:<\/span><\/p>\n<ul>\n<li><span style=\"color: #000000;\">M\u1ea1ch \u0111i\u1ec7n tr\u1edf (M\u1ea1ch #1).<\/span><\/li>\n<li><span style=\"color: #000000;\">M\u1ea1ch \u0111i\u1ec7n tr\u1edf n\u1ed1i ti\u1ebfp\/song song (M\u1ea1ch #2).<\/span><\/li>\n<li><span style=\"color: #000000;\">M\u1ea1ch \u0111i\u1ec7n tr\u1edf n\u1ed1i ti\u1ebfp\/song song v\u1edbi ngu\u1ed3n (M\u1ea1ch #3).<\/span><\/li>\n<li><span style=\"color: #000000;\">\u0110i\u1ec1u ch\u1ec9nh c\u01b0\u1eddng \u0111\u1ed9 d\u00f2ng \u0111i\u1ec7n (M\u1ea1ch #4).<\/span><\/li>\n<li><span style=\"color: #000000;\">C\u1ea7u Wheatstone (M\u1ea1ch #5).<\/span><\/li>\n<li><span style=\"color: #000000;\">Nghi\u00ean c\u1ee9u l\u1ed7i (M\u1ea1ch #6).<\/span><\/li>\n<\/ul>\n<p><span style=\"color: #000000;\"><strong>Y\u00eau C\u1ea7u C\u00e1c Th\u00e0nh Ph\u1ea7n (\u00edt nh\u1ea5t m\u1ed9t, kh\u00f4ng bao g\u1ed3m):<\/strong><\/span><\/p>\n<ul>\n<li><span style=\"color: #000000;\"><strong>FACO &#8211; B\u1ed9 Ngu\u1ed3n \u0110i\u1ec7n:<\/strong><\/span>\n<ul>\n<li><span style=\"color: #000000;\">Ng\u00f5 ra DC c\u1ed1 \u0111\u1ecbnh: +5 V, \u00b112 V, 1 A.<\/span><\/li>\n<li><span style=\"color: #000000;\">Ng\u00f5 ra DC \u0111i\u1ec1u ch\u1ec9nh: \u00b112 V, 0.5 A.<\/span><\/li>\n<li><span style=\"color: #000000;\">Ng\u00f5 ra AC: 12 V ho\u1eb7c 24 V.<\/span><\/li>\n<li><span style=\"color: #000000;\">Ng\u00f5 ra qua c\u00e1c \u0111\u1ea7u n\u1ed1i 2 mm ho\u1eb7c \u0111\u1ea7u n\u1ed1i Sub-D 25 ch\u00e2n (2 ng\u00f5 ra).<\/span><\/li>\n<li><span style=\"color: #000000;\">\u0110\u00e8n LED hi\u1ec3n th\u1ecb \u0111i\u1ec7n \u00e1p.<\/span><\/li>\n<li><span style=\"color: #000000;\">K\u1ebft c\u1ea5u b\u1ec1n v\u1eefng.<\/span><\/li>\n<li><span style=\"color: #000000;\">Ngu\u1ed3n \u0111i\u1ec7n: 110\/220 VAC.<\/span><\/li>\n<li><span style=\"color: #000000;\">T\u1ea7n s\u1ed1: 50\/60 Hz.<\/span><\/li>\n<\/ul>\n<\/li>\n<li><span style=\"color: #000000;\"><strong>EBC100 &#8211; Khung C\u01a1 B\u1ea3n v\u1edbi B\u1ed9 Ngu\u1ed3n T\u00edch H\u1ee3p:<\/strong><\/span>\n<ul>\n<li><span style=\"color: #000000;\">Khung h\u1ed7 tr\u1ee3 ph\u1ea7n c\u1ee9ng v\u00e0 b\u1ed9 ngu\u1ed3n.<\/span><\/li>\n<li><span style=\"color: #000000;\">\u0110\u1ebf l\u1eafp \u0111\u1eb7t c\u00e1c m\u00f4-\u0111un.<\/span><\/li>\n<li><span style=\"color: #000000;\">Ng\u00f5 ra DC c\u1ed1 \u0111\u1ecbnh: +5 V, +12 V, -12 V.<\/span><\/li>\n<li><span style=\"color: #000000;\">Ng\u00f5 ra DC \u0111i\u1ec1u ch\u1ec9nh: \u00b112 V.<\/span><\/li>\n<li><span style=\"color: #000000;\">Ng\u00f5 ra AC: 12 V ho\u1eb7c 24 V.<\/span><\/li>\n<li><span style=\"color: #000000;\">Ng\u00f5 ra qua c\u00e1c \u0111\u1ea7u n\u1ed1i 2 mm ho\u1eb7c \u0111\u1ea7u n\u1ed1i Sub-D 25 ch\u00e2n.<\/span><\/li>\n<li><span style=\"color: #000000;\">\u0110\u00e8n LED hi\u1ec3n th\u1ecb \u0111i\u1ec7n \u00e1p.<\/span><\/li>\n<\/ul>\n<\/li>\n<\/ul>\n<p><span style=\"color: #000000;\"><strong>C\u00e1c Th\u00e0nh Ph\u1ea7n Khuy\u1ebfn Ngh\u1ecb B\u1ed5 Sung (ch\u1ec9 c\u1ea7n m\u1ed9t, kh\u00f4ng bao g\u1ed3m):<\/strong><\/span><\/p>\n<ul>\n<li><span style=\"color: #000000;\"><strong>EDAS\/VIS-0.25:<\/strong> H\u1ec7 th\u1ed1ng Thu Th\u1eadp D\u1eef Li\u1ec7u v\u00e0 D\u1ee5ng C\u1ee5 \u0110o \u1ea2o c\u1ee7a EDIBON (t\u1ed1c \u0111\u1ed9: 250.000 m\u1eabu\/gi\u00e2y).<\/span><br \/>\n<span style=\"color: #000000;\"><em>ho\u1eb7c<\/em><\/span><\/li>\n<li><span style=\"color: #000000;\"><strong>EDAS\/VIS-1.25:<\/strong> H\u1ec7 th\u1ed1ng Thu Th\u1eadp D\u1eef Li\u1ec7u v\u00e0 D\u1ee5ng C\u1ee5 \u0110o \u1ea2o c\u1ee7a EDIBON (t\u1ed1c \u0111\u1ed9: 1.250.000 m\u1eabu\/gi\u00e2y).<\/span><\/li>\n<\/ul>\n<p><span style=\"color: #000000;\">K\u00edch th\u01b0\u1edbc: 300 x 210 x 45 mm (x\u1ea5p x\u1ec9 11.81 x 8.26 x 1.77 inch).<\/span><br \/>\n<span style=\"color: #000000;\">Kh\u1ed1i l\u01b0\u1ee3ng: 300 g (x\u1ea5p x\u1ec9 0.66 pound).<\/span><\/p>","protected":false},"excerpt":{"rendered":"<p><span style=\"color: #000000;\">Ph\u00f2ng th\u00ed nghi\u1ec7m \u0111i\u1ec7n v\u00e0 \u0111i\u1ec7n t\u1eed (LIEBA &#8211; Basic Electronics and Electricity Laboratory) l\u00e0 m\u1ed9t h\u1ec7 th\u1ed1ng linh ho\u1ea1t v\u00e0 theo m\u00f4-\u0111un \u0111\u1ec3 h\u1ecdc \u0111i\u1ec7n t\u1eed c\u01a1 b\u1ea3n, \u0111i\u1ec7n c\u01a1 b\u1ea3n v\u00e0 l\u00fd thuy\u1ebft m\u1ea1ch.<\/span><\/p>","protected":false},"featured_media":1839,"template":"","meta":{"inline_featured_image":false},"product_brand":[47],"product_cat":[97,90],"product_tag":[],"class_list":{"0":"post-1838","1":"product","2":"type-product","3":"status-publish","4":"has-post-thumbnail","6":"product_brand-edibon","7":"product_cat-ky-thuat-y-sinh","8":"product_cat-thiet-bi-giao-duc","10":"first","11":"instock","12":"shipping-taxable","13":"product-type-simple"},"yoast_head":"<!-- This site is optimized with the Yoast SEO plugin v24.7 - https:\/\/yoast.com\/wordpress\/plugins\/seo\/ -->\n<title>Ph\u00f2ng Th\u00ed Nghi\u1ec7m \u0110i\u1ec7n v\u00e0 \u0110i\u1ec7n T\u1eed C\u01a1 B\u1ea3n - HTI Scientific<\/title>\n<meta name=\"description\" content=\"Ph\u00f2ng th\u00ed nghi\u1ec7m \u0111i\u1ec7n v\u00e0 \u0111i\u1ec7n t\u1eed (LIEBA - Basic Electronics and Electricity Laboratory) \u0111\u1ec3 h\u1ecdc \u0111i\u1ec7n t\u1eed c\u01a1 b\u1ea3n, \u0111i\u1ec7n c\u01a1 b\u1ea3n v\u00e0 l\u00fd thuy\u1ebft m\u1ea1ch.\" \/>\n<meta name=\"robots\" content=\"index, follow, max-snippet:-1, max-image-preview:large, max-video-preview:-1\" \/>\n<link rel=\"canonical\" href=\"https:\/\/htiscientific.vn\/en\/product\/phong-thi-nghiem-dien-va-dien-tu-co-ban\/\" \/>\n<meta property=\"og:locale\" content=\"en_US\" \/>\n<meta property=\"og:type\" content=\"article\" \/>\n<meta property=\"og:title\" content=\"Ph\u00f2ng Th\u00ed Nghi\u1ec7m \u0110i\u1ec7n v\u00e0 \u0110i\u1ec7n T\u1eed C\u01a1 B\u1ea3n - HTI Scientific\" \/>\n<meta property=\"og:description\" content=\"Ph\u00f2ng th\u00ed nghi\u1ec7m \u0111i\u1ec7n v\u00e0 \u0111i\u1ec7n t\u1eed (LIEBA - Basic Electronics and Electricity Laboratory) \u0111\u1ec3 h\u1ecdc \u0111i\u1ec7n t\u1eed c\u01a1 b\u1ea3n, \u0111i\u1ec7n c\u01a1 b\u1ea3n v\u00e0 l\u00fd thuy\u1ebft m\u1ea1ch.\" \/>\n<meta property=\"og:url\" content=\"https:\/\/htiscientific.vn\/en\/product\/phong-thi-nghiem-dien-va-dien-tu-co-ban\/\" \/>\n<meta property=\"og:site_name\" content=\"HTI Scientific\" \/>\n<meta property=\"article:publisher\" content=\"https:\/\/www.facebook.com\/htiscientific.vn\" \/>\n<meta property=\"og:image\" content=\"https:\/\/htiscientific.vn\/wp-content\/uploads\/2025\/06\/5-1.jpg\" \/>\n\t<meta property=\"og:image:width\" content=\"1000\" \/>\n\t<meta property=\"og:image:height\" content=\"1000\" \/>\n\t<meta property=\"og:image:type\" content=\"image\/jpeg\" \/>\n<meta name=\"twitter:card\" content=\"summary_large_image\" \/>\n<meta name=\"twitter:label1\" content=\"Est. reading time\" \/>\n\t<meta name=\"twitter:data1\" content=\"2 minutes\" \/>\n<script type=\"application\/ld+json\" class=\"yoast-schema-graph\">{\"@context\":\"https:\/\/schema.org\",\"@graph\":[{\"@type\":\"WebPage\",\"@id\":\"https:\/\/htiscientific.vn\/san-pham\/phong-thi-nghiem-dien-va-dien-tu-co-ban\/\",\"url\":\"https:\/\/htiscientific.vn\/san-pham\/phong-thi-nghiem-dien-va-dien-tu-co-ban\/\",\"name\":\"Ph\u00f2ng Th\u00ed Nghi\u1ec7m \u0110i\u1ec7n v\u00e0 \u0110i\u1ec7n T\u1eed C\u01a1 B\u1ea3n - HTI Scientific\",\"isPartOf\":{\"@id\":\"https:\/\/htiscientific.vn\/#website\"},\"primaryImageOfPage\":{\"@id\":\"https:\/\/htiscientific.vn\/san-pham\/phong-thi-nghiem-dien-va-dien-tu-co-ban\/#primaryimage\"},\"image\":{\"@id\":\"https:\/\/htiscientific.vn\/san-pham\/phong-thi-nghiem-dien-va-dien-tu-co-ban\/#primaryimage\"},\"thumbnailUrl\":\"https:\/\/htiscientific.vn\/wp-content\/uploads\/2025\/06\/5-1.jpg\",\"datePublished\":\"2025-06-24T09:41:05+00:00\",\"description\":\"Ph\u00f2ng th\u00ed nghi\u1ec7m \u0111i\u1ec7n v\u00e0 \u0111i\u1ec7n t\u1eed (LIEBA - Basic Electronics and Electricity Laboratory) \u0111\u1ec3 h\u1ecdc \u0111i\u1ec7n t\u1eed c\u01a1 b\u1ea3n, \u0111i\u1ec7n c\u01a1 b\u1ea3n v\u00e0 l\u00fd thuy\u1ebft m\u1ea1ch.\",\"breadcrumb\":{\"@id\":\"https:\/\/htiscientific.vn\/san-pham\/phong-thi-nghiem-dien-va-dien-tu-co-ban\/#breadcrumb\"},\"inLanguage\":\"en-US\",\"potentialAction\":[{\"@type\":\"ReadAction\",\"target\":[\"https:\/\/htiscientific.vn\/san-pham\/phong-thi-nghiem-dien-va-dien-tu-co-ban\/\"]}]},{\"@type\":\"ImageObject\",\"inLanguage\":\"en-US\",\"@id\":\"https:\/\/htiscientific.vn\/san-pham\/phong-thi-nghiem-dien-va-dien-tu-co-ban\/#primaryimage\",\"url\":\"https:\/\/htiscientific.vn\/wp-content\/uploads\/2025\/06\/5-1.jpg\",\"contentUrl\":\"https:\/\/htiscientific.vn\/wp-content\/uploads\/2025\/06\/5-1.jpg\",\"width\":1000,\"height\":1000,\"caption\":\"thi-nghiem-dien\"},{\"@type\":\"BreadcrumbList\",\"@id\":\"https:\/\/htiscientific.vn\/san-pham\/phong-thi-nghiem-dien-va-dien-tu-co-ban\/#breadcrumb\",\"itemListElement\":[{\"@type\":\"ListItem\",\"position\":1,\"name\":\"Trang ch\u1ee7\",\"item\":\"https:\/\/htiscientific.vn\/\"},{\"@type\":\"ListItem\",\"position\":2,\"name\":\"C\u1eeda h\u00e0ng\",\"item\":\"https:\/\/htiscientific.vn\/cua-hang\/\"},{\"@type\":\"ListItem\",\"position\":3,\"name\":\"Thi\u1ebft b\u1ecb gi\u00e1o d\u1ee5c\",\"item\":\"https:\/\/htiscientific.vn\/danh-muc-san-pham\/thiet-bi-giao-duc\/\"},{\"@type\":\"ListItem\",\"position\":4,\"name\":\"K\u1ef9 thu\u1eadt y sinh\",\"item\":\"https:\/\/htiscientific.vn\/danh-muc-san-pham\/thiet-bi-giao-duc\/ky-thuat-y-sinh\/\"},{\"@type\":\"ListItem\",\"position\":5,\"name\":\"Ph\u00f2ng Th\u00ed Nghi\u1ec7m \u0110i\u1ec7n v\u00e0 \u0110i\u1ec7n T\u1eed C\u01a1 B\u1ea3n\"}]},{\"@type\":\"WebSite\",\"@id\":\"https:\/\/htiscientific.vn\/#website\",\"url\":\"https:\/\/htiscientific.vn\/\",\"name\":\"HTI Scientific\",\"description\":\"HTI Scientific\",\"publisher\":{\"@id\":\"https:\/\/htiscientific.vn\/#organization\"},\"potentialAction\":[{\"@type\":\"SearchAction\",\"target\":{\"@type\":\"EntryPoint\",\"urlTemplate\":\"https:\/\/htiscientific.vn\/?s={search_term_string}\"},\"query-input\":{\"@type\":\"PropertyValueSpecification\",\"valueRequired\":true,\"valueName\":\"search_term_string\"}}],\"inLanguage\":\"en-US\"},{\"@type\":\"Organization\",\"@id\":\"https:\/\/htiscientific.vn\/#organization\",\"name\":\"HTI Scientific\",\"alternateName\":\"HTI Scientific\",\"url\":\"https:\/\/htiscientific.vn\/\",\"logo\":{\"@type\":\"ImageObject\",\"inLanguage\":\"en-US\",\"@id\":\"https:\/\/htiscientific.vn\/#\/schema\/logo\/image\/\",\"url\":\"https:\/\/htiscientific.vn\/wp-content\/uploads\/2025\/03\/ava-hti-copy.jpg\",\"contentUrl\":\"https:\/\/htiscientific.vn\/wp-content\/uploads\/2025\/03\/ava-hti-copy.jpg\",\"width\":700,\"height\":450,\"caption\":\"HTI Scientific\"},\"image\":{\"@id\":\"https:\/\/htiscientific.vn\/#\/schema\/logo\/image\/\"},\"sameAs\":[\"https:\/\/www.facebook.com\/htiscientific.vn\"]}]}<\/script>\n<!-- \/ Yoast SEO plugin. -->","yoast_head_json":{"title":"Ph\u00f2ng Th\u00ed Nghi\u1ec7m \u0110i\u1ec7n v\u00e0 \u0110i\u1ec7n T\u1eed C\u01a1 B\u1ea3n - HTI Scientific","description":"Ph\u00f2ng th\u00ed nghi\u1ec7m \u0111i\u1ec7n v\u00e0 \u0111i\u1ec7n t\u1eed (LIEBA - Basic Electronics and Electricity Laboratory) \u0111\u1ec3 h\u1ecdc \u0111i\u1ec7n t\u1eed c\u01a1 b\u1ea3n, \u0111i\u1ec7n c\u01a1 b\u1ea3n v\u00e0 l\u00fd thuy\u1ebft m\u1ea1ch.","robots":{"index":"index","follow":"follow","max-snippet":"max-snippet:-1","max-image-preview":"max-image-preview:large","max-video-preview":"max-video-preview:-1"},"canonical":"https:\/\/htiscientific.vn\/en\/product\/phong-thi-nghiem-dien-va-dien-tu-co-ban\/","og_locale":"en_US","og_type":"article","og_title":"Ph\u00f2ng Th\u00ed Nghi\u1ec7m \u0110i\u1ec7n v\u00e0 \u0110i\u1ec7n T\u1eed C\u01a1 B\u1ea3n - HTI Scientific","og_description":"Ph\u00f2ng th\u00ed nghi\u1ec7m \u0111i\u1ec7n v\u00e0 \u0111i\u1ec7n t\u1eed (LIEBA - Basic Electronics and Electricity Laboratory) \u0111\u1ec3 h\u1ecdc \u0111i\u1ec7n t\u1eed c\u01a1 b\u1ea3n, \u0111i\u1ec7n c\u01a1 b\u1ea3n v\u00e0 l\u00fd thuy\u1ebft m\u1ea1ch.","og_url":"https:\/\/htiscientific.vn\/en\/product\/phong-thi-nghiem-dien-va-dien-tu-co-ban\/","og_site_name":"HTI Scientific","article_publisher":"https:\/\/www.facebook.com\/htiscientific.vn","og_image":[{"width":1000,"height":1000,"url":"https:\/\/htiscientific.vn\/wp-content\/uploads\/2025\/06\/5-1.jpg","type":"image\/jpeg"}],"twitter_card":"summary_large_image","twitter_misc":{"Est. reading time":"2 minutes"},"schema":{"@context":"https:\/\/schema.org","@graph":[{"@type":"WebPage","@id":"https:\/\/htiscientific.vn\/san-pham\/phong-thi-nghiem-dien-va-dien-tu-co-ban\/","url":"https:\/\/htiscientific.vn\/san-pham\/phong-thi-nghiem-dien-va-dien-tu-co-ban\/","name":"Ph\u00f2ng Th\u00ed Nghi\u1ec7m \u0110i\u1ec7n v\u00e0 \u0110i\u1ec7n T\u1eed C\u01a1 B\u1ea3n - HTI Scientific","isPartOf":{"@id":"https:\/\/htiscientific.vn\/#website"},"primaryImageOfPage":{"@id":"https:\/\/htiscientific.vn\/san-pham\/phong-thi-nghiem-dien-va-dien-tu-co-ban\/#primaryimage"},"image":{"@id":"https:\/\/htiscientific.vn\/san-pham\/phong-thi-nghiem-dien-va-dien-tu-co-ban\/#primaryimage"},"thumbnailUrl":"https:\/\/htiscientific.vn\/wp-content\/uploads\/2025\/06\/5-1.jpg","datePublished":"2025-06-24T09:41:05+00:00","description":"Ph\u00f2ng th\u00ed nghi\u1ec7m \u0111i\u1ec7n v\u00e0 \u0111i\u1ec7n t\u1eed (LIEBA - Basic Electronics and Electricity Laboratory) \u0111\u1ec3 h\u1ecdc \u0111i\u1ec7n t\u1eed c\u01a1 b\u1ea3n, \u0111i\u1ec7n c\u01a1 b\u1ea3n v\u00e0 l\u00fd thuy\u1ebft m\u1ea1ch.","breadcrumb":{"@id":"https:\/\/htiscientific.vn\/san-pham\/phong-thi-nghiem-dien-va-dien-tu-co-ban\/#breadcrumb"},"inLanguage":"en-US","potentialAction":[{"@type":"ReadAction","target":["https:\/\/htiscientific.vn\/san-pham\/phong-thi-nghiem-dien-va-dien-tu-co-ban\/"]}]},{"@type":"ImageObject","inLanguage":"en-US","@id":"https:\/\/htiscientific.vn\/san-pham\/phong-thi-nghiem-dien-va-dien-tu-co-ban\/#primaryimage","url":"https:\/\/htiscientific.vn\/wp-content\/uploads\/2025\/06\/5-1.jpg","contentUrl":"https:\/\/htiscientific.vn\/wp-content\/uploads\/2025\/06\/5-1.jpg","width":1000,"height":1000,"caption":"thi-nghiem-dien"},{"@type":"BreadcrumbList","@id":"https:\/\/htiscientific.vn\/san-pham\/phong-thi-nghiem-dien-va-dien-tu-co-ban\/#breadcrumb","itemListElement":[{"@type":"ListItem","position":1,"name":"Trang ch\u1ee7","item":"https:\/\/htiscientific.vn\/"},{"@type":"ListItem","position":2,"name":"C\u1eeda h\u00e0ng","item":"https:\/\/htiscientific.vn\/cua-hang\/"},{"@type":"ListItem","position":3,"name":"Thi\u1ebft b\u1ecb gi\u00e1o d\u1ee5c","item":"https:\/\/htiscientific.vn\/danh-muc-san-pham\/thiet-bi-giao-duc\/"},{"@type":"ListItem","position":4,"name":"K\u1ef9 thu\u1eadt y sinh","item":"https:\/\/htiscientific.vn\/danh-muc-san-pham\/thiet-bi-giao-duc\/ky-thuat-y-sinh\/"},{"@type":"ListItem","position":5,"name":"Ph\u00f2ng Th\u00ed Nghi\u1ec7m \u0110i\u1ec7n v\u00e0 \u0110i\u1ec7n T\u1eed C\u01a1 B\u1ea3n"}]},{"@type":"WebSite","@id":"https:\/\/htiscientific.vn\/#website","url":"https:\/\/htiscientific.vn\/","name":"HTI Scientific","description":"HTI Scientific","publisher":{"@id":"https:\/\/htiscientific.vn\/#organization"},"potentialAction":[{"@type":"SearchAction","target":{"@type":"EntryPoint","urlTemplate":"https:\/\/htiscientific.vn\/?s={search_term_string}"},"query-input":{"@type":"PropertyValueSpecification","valueRequired":true,"valueName":"search_term_string"}}],"inLanguage":"en-US"},{"@type":"Organization","@id":"https:\/\/htiscientific.vn\/#organization","name":"HTI Scientific","alternateName":"HTI Scientific","url":"https:\/\/htiscientific.vn\/","logo":{"@type":"ImageObject","inLanguage":"en-US","@id":"https:\/\/htiscientific.vn\/#\/schema\/logo\/image\/","url":"https:\/\/htiscientific.vn\/wp-content\/uploads\/2025\/03\/ava-hti-copy.jpg","contentUrl":"https:\/\/htiscientific.vn\/wp-content\/uploads\/2025\/03\/ava-hti-copy.jpg","width":700,"height":450,"caption":"HTI Scientific"},"image":{"@id":"https:\/\/htiscientific.vn\/#\/schema\/logo\/image\/"},"sameAs":["https:\/\/www.facebook.com\/htiscientific.vn"]}]}},"_links":{"self":[{"href":"https:\/\/htiscientific.vn\/en\/wp-json\/wp\/v2\/product\/1838","targetHints":{"allow":["GET"]}}],"collection":[{"href":"https:\/\/htiscientific.vn\/en\/wp-json\/wp\/v2\/product"}],"about":[{"href":"https:\/\/htiscientific.vn\/en\/wp-json\/wp\/v2\/types\/product"}],"wp:featuredmedia":[{"embeddable":true,"href":"https:\/\/htiscientific.vn\/en\/wp-json\/wp\/v2\/media\/1839"}],"wp:attachment":[{"href":"https:\/\/htiscientific.vn\/en\/wp-json\/wp\/v2\/media?parent=1838"}],"wp:term":[{"taxonomy":"product_brand","embeddable":true,"href":"https:\/\/htiscientific.vn\/en\/wp-json\/wp\/v2\/product_brand?post=1838"},{"taxonomy":"product_cat","embeddable":true,"href":"https:\/\/htiscientific.vn\/en\/wp-json\/wp\/v2\/product_cat?post=1838"},{"taxonomy":"product_tag","embeddable":true,"href":"https:\/\/htiscientific.vn\/en\/wp-json\/wp\/v2\/product_tag?post=1838"}],"curies":[{"name":"wp","href":"https:\/\/api.w.org\/{rel}","templated":true}]}}