{"id":1836,"date":"2025-06-24T16:37:19","date_gmt":"2025-06-24T09:37:19","guid":{"rendered":"https:\/\/htiscientific.vn\/?post_type=product&#038;p=1836"},"modified":"2025-06-24T16:37:19","modified_gmt":"2025-06-24T09:37:19","slug":"phong-thi-nghiem-co-hoc-co-ban-tich-hop","status":"publish","type":"product","link":"https:\/\/htiscientific.vn\/en\/product\/phong-thi-nghiem-co-hoc-co-ban-tich-hop\/","title":{"rendered":"Ph\u00f2ng th\u00ed nghi\u1ec7m c\u01a1 h\u1ecdc c\u01a1 b\u1ea3n t\u00edch h\u1ee3p"},"content":{"rendered":"<p><span style=\"color: #000000;\">Thi\u1ebft b\u1ecb Ph\u00f2ng th\u00ed nghi\u1ec7m c\u01a1 h\u1ecdc c\u01a1 b\u1ea3n t\u00edch h\u1ee3p (LIMEBA &#8211; Basic Mechanics Integrated Laboratory) do EDIBON thi\u1ebft k\u1ebf cho ph\u00e9p th\u1ef1c hi\u1ec7n c\u00e1c th\u00ed nghi\u1ec7m kh\u00e1c nhau tr\u00ean b\u1ea3ng c\u01a1 s\u1edf, trong \u0111\u00f3 c\u00e1c ph\u00e9p \u0111o chi\u1ec1u d\u00e0i c\u00f3 th\u1ec3 th\u1ef1c hi\u1ec7n \u0111\u01b0\u1ee3c nh\u1edd v\u00e0o kho\u1ea3ng c\u00e1ch gi\u1eefa c\u00e1c t\u00e2m l\u1ed7 khoan tr\u00ean b\u1ea3ng.<\/span><\/p>\n<p><span style=\"color: #000000;\"><strong>B\u1ed9 thi\u1ebft b\u1ecb th\u00ed nghi\u1ec7m c\u01a1 h\u1ecdc ho\u00e0n ch\u1ec9nh &#8220;MECA\/T&#8221;<\/strong> bao g\u1ed3m c\u00e1c th\u00e0nh ph\u1ea7n sau:<\/span><\/p>\n<ol>\n<li><span style=\"color: #000000;\"><strong>MECA\/EC<\/strong>: B\u1ea3ng th\u00ed nghi\u1ec7m v\u00e0 h\u1ed9p ch\u1ee9a c\u00e1c ph\u1ea7n t\u1eed chung cho LIMEBA.<\/span><\/li>\n<li><span style=\"color: #000000;\"><strong>MECA1<\/strong>: Th\u00ed nghi\u1ec7m v\u1ec1 t\u0129nh h\u1ecdc.<\/span><\/li>\n<li><span style=\"color: #000000;\"><strong>MECA2<\/strong>: Th\u00ed nghi\u1ec7m v\u1ec1 c\u01a1 c\u1ea5u n\u00e2ng t\u1ea3i.<\/span><\/li>\n<li><span style=\"color: #000000;\"><strong>MECA3<\/strong>: Th\u00ed nghi\u1ec7m v\u1ec1 truy\u1ec1n \u0111\u1ed9ng.<\/span><\/li>\n<li><span style=\"color: #000000;\"><strong>MECA4<\/strong>: Th\u00ed nghi\u1ec7m v\u1ec1 ma s\u00e1t.<\/span><\/li>\n<li><span style=\"color: #000000;\"><strong>MECA5<\/strong>: Th\u00ed nghi\u1ec7m v\u1ec1 ma s\u00e1t.<\/span><\/li>\n<li><span style=\"color: #000000;\"><strong>MECA6<\/strong>: Th\u00ed nghi\u1ec7m v\u1ec1 c\u01a1 c\u1ea5u \u0111\u1eb7c bi\u1ec7t.<\/span><\/li>\n<\/ol>\n<p><span style=\"color: #000000;\"><strong>MECA\/EC. B\u1ea3ng v\u00e0 B\u1ed9 ph\u1eadn Chung cho LIMEBA<\/strong><\/span><\/p>\n<ul>\n<li><span style=\"color: #000000;\">Thi\u1ebft b\u1ecb \u0111\u1eb7t tr\u00ean b\u00e0n.<\/span><\/li>\n<li><span style=\"color: #000000;\">Khung b\u1eb1ng nh\u00f4m anod v\u00e0 c\u00e1c t\u1ea5m th\u00e9p s\u01a1n t\u0129nh \u0111i\u1ec7n.<\/span><\/li>\n<li><span style=\"color: #000000;\">C\u00e1c l\u1ed7 tr\u00ean b\u1ea3ng c\u01a1 s\u1edf \u0111\u01b0\u1ee3c b\u1ed1 tr\u00ed ch\u00ednh x\u00e1c v\u1edbi kho\u1ea3ng c\u00e1ch gi\u1eefa c\u00e1c t\u00e2m l\u00e0 <strong>25 mm<\/strong>.<\/span><\/li>\n<li><span style=\"color: #000000;\">Bao g\u1ed3m c\u00e1c gi\u00e1 \u0111\u1ee1, khung v\u00e0 c\u00e1c b\u1ed9 ph\u1eadn c\u1ea7n thi\u1ebft \u0111\u1ec3 th\u1ef1c hi\u1ec7n th\u00ed nghi\u1ec7m v\u1edbi c\u00e1c m\u00f4-\u0111un tr\u00ean b\u1ea3ng c\u01a1 s\u1edf.<\/span><\/li>\n<\/ul>\n<p><span style=\"color: #000000;\"><strong>Ph\u1ee5 ki\u1ec7n \u0111i k\u00e8m:<\/strong><\/span><\/p>\n<ul>\n<li><span style=\"color: #000000;\">Con l\u1eafc \u0111\u01a1n.<\/span><\/li>\n<li><span style=\"color: #000000;\">V\u00edt tr\u1ee5c quay.<\/span><\/li>\n<li><span style=\"color: #000000;\">M\u00f3c treo c\u00f3 th\u1ec3 \u0111i\u1ec1u ch\u1ec9nh.<\/span><\/li>\n<\/ul>\n<p><span style=\"color: #000000;\"><strong>B\u1ed9 qu\u1ea3 n\u1eb7ng:<\/strong><\/span><\/p>\n<ul>\n<li><span style=\"color: #000000;\">10 qu\u1ea3 n\u1eb7ng: 0,01 N.<\/span><\/li>\n<li><span style=\"color: #000000;\">4 qu\u1ea3 n\u1eb7ng: 0,05 N.<\/span><\/li>\n<li><span style=\"color: #000000;\">10 qu\u1ea3 n\u1eb7ng: 0,1 N.<\/span><\/li>\n<li><span style=\"color: #000000;\">2 qu\u1ea3 n\u1eb7ng: 0,5 N.<\/span><\/li>\n<li><span style=\"color: #000000;\">4 qu\u1ea3 n\u1eb7ng: 1 N.<\/span><\/li>\n<li><span style=\"color: #000000;\">2 qu\u1ea3 n\u1eb7ng: 2 N.<\/span><\/li>\n<li><span style=\"color: #000000;\">1 qu\u1ea3 n\u1eb7ng: 5 N.<\/span><\/li>\n<li><span style=\"color: #000000;\">M\u00f3c treo qu\u1ea3 n\u1eb7ng.<\/span><\/li>\n<\/ul>\n<p><span style=\"color: #000000;\"><strong>C\u00e1c ph\u1ee5 ki\u1ec7n kh\u00e1c:<\/strong><\/span><\/p>\n<ul>\n<li><span style=\"color: #000000;\">R\u00f2ng r\u1ecdc.<\/span><\/li>\n<li><span style=\"color: #000000;\">V\u00edt v\u00e0 \u0111ai \u1ed1c v\u1eb7n tay.<\/span><\/li>\n<li><span style=\"color: #000000;\">L\u00f2 xo k\u00e9o gi\u00e3n l\u1edbn v\u00e0 nh\u1ecf.<\/span><\/li>\n<li><span style=\"color: #000000;\">L\u1ef1c k\u1ebf (dynamometer).<\/span><\/li>\n<li><span style=\"color: #000000;\">D\u00e2y d\u1ef1 ph\u00f2ng.<\/span><\/li>\n<\/ul>\n<p><span style=\"color: #000000;\"><strong>T\u00e0i li\u1ec7u h\u01b0\u1edbng d\u1eabn \u0111i k\u00e8m:<\/strong><\/span><\/p>\n<ul>\n<li><span style=\"color: #000000;\">H\u01b0\u1edbng d\u1eabn y\u00eau c\u1ea7u k\u1ef9 thu\u1eadt.<\/span><\/li>\n<li><span style=\"color: #000000;\">H\u01b0\u1edbng d\u1eabn l\u1eafp r\u00e1p v\u00e0 c\u00e0i \u0111\u1eb7t.<\/span><\/li>\n<li><span style=\"color: #000000;\">H\u01b0\u1edbng d\u1eabn v\u1eadn h\u00e0nh.<\/span><\/li>\n<li><span style=\"color: #000000;\">H\u01b0\u1edbng d\u1eabn an to\u00e0n.<\/span><\/li>\n<li><span style=\"color: #000000;\">H\u01b0\u1edbng d\u1eabn b\u1ea3o tr\u00ec v\u00e0 th\u1ef1c h\u00e0nh th\u00ed nghi\u1ec7m.<\/span><\/li>\n<\/ul>\n<p><span style=\"color: #000000;\"><strong>C\u00e1c m\u00f4-\u0111un y\u00eau c\u1ea7u (\u00edt nh\u1ea5t m\u1ed9t m\u00f4-\u0111un, kh\u00f4ng bao g\u1ed3m):<\/strong><\/span><\/p>\n<ul>\n<li><span style=\"color: #000000;\"><strong>MECA1<\/strong>: Th\u00ed nghi\u1ec7m t\u0129nh h\u1ecdc.<\/span><\/li>\n<li><span style=\"color: #000000;\"><strong>MECA2<\/strong>: Th\u00ed nghi\u1ec7m c\u01a1 c\u1ea5u n\u00e2ng t\u1ea3i.<\/span><\/li>\n<li><span style=\"color: #000000;\"><strong>MECA3<\/strong>: Th\u00ed nghi\u1ec7m truy\u1ec1n \u0111\u1ed9ng.<\/span><\/li>\n<li><span style=\"color: #000000;\"><strong>MECA4<\/strong>: Th\u00ed nghi\u1ec7m \u0111\u1ed9ng h\u1ecdc.<\/span><\/li>\n<li><span style=\"color: #000000;\"><strong>MECA5<\/strong>: Th\u00ed nghi\u1ec7m ma s\u00e1t.<\/span><\/li>\n<li><span style=\"color: #000000;\"><strong>MECA6<\/strong>: Th\u00ed nghi\u1ec7m c\u01a1 c\u1ea5u \u0111\u1eb7c bi\u1ec7t.<\/span><\/li>\n<\/ul>\n<p><span style=\"color: #000000;\"><strong>Ph\u1ee5 ki\u1ec7n khuy\u1ebfn ngh\u1ecb th\u00eam (kh\u00f4ng bao g\u1ed3m):<\/strong><\/span><\/p>\n<ul>\n<li><span style=\"color: #000000;\"><strong>MECA\/PA<\/strong>: B\u1ea3ng m\u1edf r\u1ed9ng cho LIMEBA.<\/span><\/li>\n<\/ul>","protected":false},"excerpt":{"rendered":"<p><span style=\"color: #000000;\">Thi\u1ebft b\u1ecb Ph\u00f2ng th\u00ed nghi\u1ec7m c\u01a1 h\u1ecdc c\u01a1 b\u1ea3n t\u00edch h\u1ee3p (LIMEBA &#8211; Basic Mechanics Integrated Laboratory) do EDIBON thi\u1ebft k\u1ebf cho ph\u00e9p th\u1ef1c hi\u1ec7n c\u00e1c th\u00ed nghi\u1ec7m kh\u00e1c nhau tr\u00ean b\u1ea3ng c\u01a1 s\u1edf, trong \u0111\u00f3 c\u00e1c ph\u00e9p \u0111o chi\u1ec1u d\u00e0i c\u00f3 th\u1ec3 th\u1ef1c hi\u1ec7n \u0111\u01b0\u1ee3c nh\u1edd v\u00e0o kho\u1ea3ng c\u00e1ch gi\u1eefa c\u00e1c t\u00e2m l\u1ed7 khoan tr\u00ean b\u1ea3ng.<\/span><\/p>","protected":false},"featured_media":1837,"template":"","meta":{"inline_featured_image":false},"product_brand":[47],"product_cat":[97,90],"product_tag":[],"class_list":{"0":"post-1836","1":"product","2":"type-product","3":"status-publish","4":"has-post-thumbnail","6":"product_brand-edibon","7":"product_cat-ky-thuat-y-sinh","8":"product_cat-thiet-bi-giao-duc","10":"first","11":"instock","12":"shipping-taxable","13":"product-type-simple"},"yoast_head":"<!-- This site is optimized with the Yoast SEO plugin v24.7 - https:\/\/yoast.com\/wordpress\/plugins\/seo\/ -->\n<title>Ph\u00f2ng th\u00ed nghi\u1ec7m c\u01a1 h\u1ecdc c\u01a1 b\u1ea3n t\u00edch h\u1ee3p - HTI Scientific<\/title>\n<meta name=\"description\" content=\"Thi\u1ebft b\u1ecb Ph\u00f2ng th\u00ed nghi\u1ec7m c\u01a1 h\u1ecdc c\u01a1 b\u1ea3n t\u00edch h\u1ee3p (LIMEBA - Basic Mechanics Integrated Laboratory) th\u1ef1c hi\u1ec7n c\u00e1c th\u00ed nghi\u1ec7m kh\u00e1c nhau tr\u00ean b\u1ea3ng c\u01a1 s\u1edf...\" \/>\n<meta name=\"robots\" content=\"index, follow, max-snippet:-1, max-image-preview:large, max-video-preview:-1\" \/>\n<link rel=\"canonical\" href=\"https:\/\/htiscientific.vn\/en\/product\/phong-thi-nghiem-co-hoc-co-ban-tich-hop\/\" \/>\n<meta property=\"og:locale\" content=\"en_US\" \/>\n<meta property=\"og:type\" content=\"article\" \/>\n<meta property=\"og:title\" content=\"Ph\u00f2ng th\u00ed nghi\u1ec7m c\u01a1 h\u1ecdc c\u01a1 b\u1ea3n t\u00edch h\u1ee3p - HTI Scientific\" \/>\n<meta property=\"og:description\" content=\"Thi\u1ebft b\u1ecb Ph\u00f2ng th\u00ed nghi\u1ec7m c\u01a1 h\u1ecdc c\u01a1 b\u1ea3n t\u00edch h\u1ee3p (LIMEBA - Basic Mechanics Integrated Laboratory) th\u1ef1c hi\u1ec7n c\u00e1c th\u00ed nghi\u1ec7m kh\u00e1c nhau tr\u00ean b\u1ea3ng c\u01a1 s\u1edf...\" \/>\n<meta property=\"og:url\" content=\"https:\/\/htiscientific.vn\/en\/product\/phong-thi-nghiem-co-hoc-co-ban-tich-hop\/\" \/>\n<meta property=\"og:site_name\" content=\"HTI Scientific\" \/>\n<meta property=\"article:publisher\" content=\"https:\/\/www.facebook.com\/htiscientific.vn\" \/>\n<meta property=\"og:image\" content=\"https:\/\/htiscientific.vn\/wp-content\/uploads\/2025\/06\/4-1.jpg\" \/>\n\t<meta property=\"og:image:width\" content=\"1000\" \/>\n\t<meta property=\"og:image:height\" content=\"1000\" \/>\n\t<meta property=\"og:image:type\" content=\"image\/jpeg\" \/>\n<meta name=\"twitter:card\" content=\"summary_large_image\" \/>\n<meta name=\"twitter:label1\" content=\"Est. reading time\" \/>\n\t<meta name=\"twitter:data1\" content=\"3 minutes\" \/>\n<script type=\"application\/ld+json\" class=\"yoast-schema-graph\">{\"@context\":\"https:\/\/schema.org\",\"@graph\":[{\"@type\":\"WebPage\",\"@id\":\"https:\/\/htiscientific.vn\/san-pham\/phong-thi-nghiem-co-hoc-co-ban-tich-hop\/\",\"url\":\"https:\/\/htiscientific.vn\/san-pham\/phong-thi-nghiem-co-hoc-co-ban-tich-hop\/\",\"name\":\"Ph\u00f2ng th\u00ed nghi\u1ec7m c\u01a1 h\u1ecdc c\u01a1 b\u1ea3n t\u00edch h\u1ee3p - HTI Scientific\",\"isPartOf\":{\"@id\":\"https:\/\/htiscientific.vn\/#website\"},\"primaryImageOfPage\":{\"@id\":\"https:\/\/htiscientific.vn\/san-pham\/phong-thi-nghiem-co-hoc-co-ban-tich-hop\/#primaryimage\"},\"image\":{\"@id\":\"https:\/\/htiscientific.vn\/san-pham\/phong-thi-nghiem-co-hoc-co-ban-tich-hop\/#primaryimage\"},\"thumbnailUrl\":\"https:\/\/htiscientific.vn\/wp-content\/uploads\/2025\/06\/4-1.jpg\",\"datePublished\":\"2025-06-24T09:37:19+00:00\",\"description\":\"Thi\u1ebft b\u1ecb Ph\u00f2ng th\u00ed nghi\u1ec7m c\u01a1 h\u1ecdc c\u01a1 b\u1ea3n t\u00edch h\u1ee3p (LIMEBA - Basic Mechanics Integrated Laboratory) th\u1ef1c hi\u1ec7n c\u00e1c th\u00ed nghi\u1ec7m kh\u00e1c nhau tr\u00ean b\u1ea3ng c\u01a1 s\u1edf...\",\"breadcrumb\":{\"@id\":\"https:\/\/htiscientific.vn\/san-pham\/phong-thi-nghiem-co-hoc-co-ban-tich-hop\/#breadcrumb\"},\"inLanguage\":\"en-US\",\"potentialAction\":[{\"@type\":\"ReadAction\",\"target\":[\"https:\/\/htiscientific.vn\/san-pham\/phong-thi-nghiem-co-hoc-co-ban-tich-hop\/\"]}]},{\"@type\":\"ImageObject\",\"inLanguage\":\"en-US\",\"@id\":\"https:\/\/htiscientific.vn\/san-pham\/phong-thi-nghiem-co-hoc-co-ban-tich-hop\/#primaryimage\",\"url\":\"https:\/\/htiscientific.vn\/wp-content\/uploads\/2025\/06\/4-1.jpg\",\"contentUrl\":\"https:\/\/htiscientific.vn\/wp-content\/uploads\/2025\/06\/4-1.jpg\",\"width\":1000,\"height\":1000,\"caption\":\"thi-nghiem-co-hoc\"},{\"@type\":\"BreadcrumbList\",\"@id\":\"https:\/\/htiscientific.vn\/san-pham\/phong-thi-nghiem-co-hoc-co-ban-tich-hop\/#breadcrumb\",\"itemListElement\":[{\"@type\":\"ListItem\",\"position\":1,\"name\":\"Trang ch\u1ee7\",\"item\":\"https:\/\/htiscientific.vn\/\"},{\"@type\":\"ListItem\",\"position\":2,\"name\":\"C\u1eeda h\u00e0ng\",\"item\":\"https:\/\/htiscientific.vn\/cua-hang\/\"},{\"@type\":\"ListItem\",\"position\":3,\"name\":\"Thi\u1ebft b\u1ecb gi\u00e1o d\u1ee5c\",\"item\":\"https:\/\/htiscientific.vn\/danh-muc-san-pham\/thiet-bi-giao-duc\/\"},{\"@type\":\"ListItem\",\"position\":4,\"name\":\"K\u1ef9 thu\u1eadt y sinh\",\"item\":\"https:\/\/htiscientific.vn\/danh-muc-san-pham\/thiet-bi-giao-duc\/ky-thuat-y-sinh\/\"},{\"@type\":\"ListItem\",\"position\":5,\"name\":\"Ph\u00f2ng th\u00ed nghi\u1ec7m c\u01a1 h\u1ecdc c\u01a1 b\u1ea3n t\u00edch h\u1ee3p\"}]},{\"@type\":\"WebSite\",\"@id\":\"https:\/\/htiscientific.vn\/#website\",\"url\":\"https:\/\/htiscientific.vn\/\",\"name\":\"HTI Scientific\",\"description\":\"HTI Scientific\",\"publisher\":{\"@id\":\"https:\/\/htiscientific.vn\/#organization\"},\"potentialAction\":[{\"@type\":\"SearchAction\",\"target\":{\"@type\":\"EntryPoint\",\"urlTemplate\":\"https:\/\/htiscientific.vn\/?s={search_term_string}\"},\"query-input\":{\"@type\":\"PropertyValueSpecification\",\"valueRequired\":true,\"valueName\":\"search_term_string\"}}],\"inLanguage\":\"en-US\"},{\"@type\":\"Organization\",\"@id\":\"https:\/\/htiscientific.vn\/#organization\",\"name\":\"HTI Scientific\",\"alternateName\":\"HTI Scientific\",\"url\":\"https:\/\/htiscientific.vn\/\",\"logo\":{\"@type\":\"ImageObject\",\"inLanguage\":\"en-US\",\"@id\":\"https:\/\/htiscientific.vn\/#\/schema\/logo\/image\/\",\"url\":\"https:\/\/htiscientific.vn\/wp-content\/uploads\/2025\/03\/ava-hti-copy.jpg\",\"contentUrl\":\"https:\/\/htiscientific.vn\/wp-content\/uploads\/2025\/03\/ava-hti-copy.jpg\",\"width\":700,\"height\":450,\"caption\":\"HTI Scientific\"},\"image\":{\"@id\":\"https:\/\/htiscientific.vn\/#\/schema\/logo\/image\/\"},\"sameAs\":[\"https:\/\/www.facebook.com\/htiscientific.vn\"]}]}<\/script>\n<!-- \/ Yoast SEO plugin. -->","yoast_head_json":{"title":"Ph\u00f2ng th\u00ed nghi\u1ec7m c\u01a1 h\u1ecdc c\u01a1 b\u1ea3n t\u00edch h\u1ee3p - HTI Scientific","description":"Thi\u1ebft b\u1ecb Ph\u00f2ng th\u00ed nghi\u1ec7m c\u01a1 h\u1ecdc c\u01a1 b\u1ea3n t\u00edch h\u1ee3p (LIMEBA - Basic Mechanics Integrated Laboratory) th\u1ef1c hi\u1ec7n c\u00e1c th\u00ed nghi\u1ec7m kh\u00e1c nhau tr\u00ean b\u1ea3ng c\u01a1 s\u1edf...","robots":{"index":"index","follow":"follow","max-snippet":"max-snippet:-1","max-image-preview":"max-image-preview:large","max-video-preview":"max-video-preview:-1"},"canonical":"https:\/\/htiscientific.vn\/en\/product\/phong-thi-nghiem-co-hoc-co-ban-tich-hop\/","og_locale":"en_US","og_type":"article","og_title":"Ph\u00f2ng th\u00ed nghi\u1ec7m c\u01a1 h\u1ecdc c\u01a1 b\u1ea3n t\u00edch h\u1ee3p - HTI Scientific","og_description":"Thi\u1ebft b\u1ecb Ph\u00f2ng th\u00ed nghi\u1ec7m c\u01a1 h\u1ecdc c\u01a1 b\u1ea3n t\u00edch h\u1ee3p (LIMEBA - Basic Mechanics Integrated Laboratory) th\u1ef1c hi\u1ec7n c\u00e1c th\u00ed nghi\u1ec7m kh\u00e1c nhau tr\u00ean b\u1ea3ng c\u01a1 s\u1edf...","og_url":"https:\/\/htiscientific.vn\/en\/product\/phong-thi-nghiem-co-hoc-co-ban-tich-hop\/","og_site_name":"HTI Scientific","article_publisher":"https:\/\/www.facebook.com\/htiscientific.vn","og_image":[{"width":1000,"height":1000,"url":"https:\/\/htiscientific.vn\/wp-content\/uploads\/2025\/06\/4-1.jpg","type":"image\/jpeg"}],"twitter_card":"summary_large_image","twitter_misc":{"Est. reading time":"3 minutes"},"schema":{"@context":"https:\/\/schema.org","@graph":[{"@type":"WebPage","@id":"https:\/\/htiscientific.vn\/san-pham\/phong-thi-nghiem-co-hoc-co-ban-tich-hop\/","url":"https:\/\/htiscientific.vn\/san-pham\/phong-thi-nghiem-co-hoc-co-ban-tich-hop\/","name":"Ph\u00f2ng th\u00ed nghi\u1ec7m c\u01a1 h\u1ecdc c\u01a1 b\u1ea3n t\u00edch h\u1ee3p - HTI Scientific","isPartOf":{"@id":"https:\/\/htiscientific.vn\/#website"},"primaryImageOfPage":{"@id":"https:\/\/htiscientific.vn\/san-pham\/phong-thi-nghiem-co-hoc-co-ban-tich-hop\/#primaryimage"},"image":{"@id":"https:\/\/htiscientific.vn\/san-pham\/phong-thi-nghiem-co-hoc-co-ban-tich-hop\/#primaryimage"},"thumbnailUrl":"https:\/\/htiscientific.vn\/wp-content\/uploads\/2025\/06\/4-1.jpg","datePublished":"2025-06-24T09:37:19+00:00","description":"Thi\u1ebft b\u1ecb Ph\u00f2ng th\u00ed nghi\u1ec7m c\u01a1 h\u1ecdc c\u01a1 b\u1ea3n t\u00edch h\u1ee3p (LIMEBA - Basic Mechanics Integrated Laboratory) th\u1ef1c hi\u1ec7n c\u00e1c th\u00ed nghi\u1ec7m kh\u00e1c nhau tr\u00ean b\u1ea3ng c\u01a1 s\u1edf...","breadcrumb":{"@id":"https:\/\/htiscientific.vn\/san-pham\/phong-thi-nghiem-co-hoc-co-ban-tich-hop\/#breadcrumb"},"inLanguage":"en-US","potentialAction":[{"@type":"ReadAction","target":["https:\/\/htiscientific.vn\/san-pham\/phong-thi-nghiem-co-hoc-co-ban-tich-hop\/"]}]},{"@type":"ImageObject","inLanguage":"en-US","@id":"https:\/\/htiscientific.vn\/san-pham\/phong-thi-nghiem-co-hoc-co-ban-tich-hop\/#primaryimage","url":"https:\/\/htiscientific.vn\/wp-content\/uploads\/2025\/06\/4-1.jpg","contentUrl":"https:\/\/htiscientific.vn\/wp-content\/uploads\/2025\/06\/4-1.jpg","width":1000,"height":1000,"caption":"thi-nghiem-co-hoc"},{"@type":"BreadcrumbList","@id":"https:\/\/htiscientific.vn\/san-pham\/phong-thi-nghiem-co-hoc-co-ban-tich-hop\/#breadcrumb","itemListElement":[{"@type":"ListItem","position":1,"name":"Trang ch\u1ee7","item":"https:\/\/htiscientific.vn\/"},{"@type":"ListItem","position":2,"name":"C\u1eeda h\u00e0ng","item":"https:\/\/htiscientific.vn\/cua-hang\/"},{"@type":"ListItem","position":3,"name":"Thi\u1ebft b\u1ecb gi\u00e1o d\u1ee5c","item":"https:\/\/htiscientific.vn\/danh-muc-san-pham\/thiet-bi-giao-duc\/"},{"@type":"ListItem","position":4,"name":"K\u1ef9 thu\u1eadt y sinh","item":"https:\/\/htiscientific.vn\/danh-muc-san-pham\/thiet-bi-giao-duc\/ky-thuat-y-sinh\/"},{"@type":"ListItem","position":5,"name":"Ph\u00f2ng th\u00ed nghi\u1ec7m c\u01a1 h\u1ecdc c\u01a1 b\u1ea3n t\u00edch h\u1ee3p"}]},{"@type":"WebSite","@id":"https:\/\/htiscientific.vn\/#website","url":"https:\/\/htiscientific.vn\/","name":"HTI Scientific","description":"HTI Scientific","publisher":{"@id":"https:\/\/htiscientific.vn\/#organization"},"potentialAction":[{"@type":"SearchAction","target":{"@type":"EntryPoint","urlTemplate":"https:\/\/htiscientific.vn\/?s={search_term_string}"},"query-input":{"@type":"PropertyValueSpecification","valueRequired":true,"valueName":"search_term_string"}}],"inLanguage":"en-US"},{"@type":"Organization","@id":"https:\/\/htiscientific.vn\/#organization","name":"HTI Scientific","alternateName":"HTI Scientific","url":"https:\/\/htiscientific.vn\/","logo":{"@type":"ImageObject","inLanguage":"en-US","@id":"https:\/\/htiscientific.vn\/#\/schema\/logo\/image\/","url":"https:\/\/htiscientific.vn\/wp-content\/uploads\/2025\/03\/ava-hti-copy.jpg","contentUrl":"https:\/\/htiscientific.vn\/wp-content\/uploads\/2025\/03\/ava-hti-copy.jpg","width":700,"height":450,"caption":"HTI Scientific"},"image":{"@id":"https:\/\/htiscientific.vn\/#\/schema\/logo\/image\/"},"sameAs":["https:\/\/www.facebook.com\/htiscientific.vn"]}]}},"_links":{"self":[{"href":"https:\/\/htiscientific.vn\/en\/wp-json\/wp\/v2\/product\/1836","targetHints":{"allow":["GET"]}}],"collection":[{"href":"https:\/\/htiscientific.vn\/en\/wp-json\/wp\/v2\/product"}],"about":[{"href":"https:\/\/htiscientific.vn\/en\/wp-json\/wp\/v2\/types\/product"}],"wp:featuredmedia":[{"embeddable":true,"href":"https:\/\/htiscientific.vn\/en\/wp-json\/wp\/v2\/media\/1837"}],"wp:attachment":[{"href":"https:\/\/htiscientific.vn\/en\/wp-json\/wp\/v2\/media?parent=1836"}],"wp:term":[{"taxonomy":"product_brand","embeddable":true,"href":"https:\/\/htiscientific.vn\/en\/wp-json\/wp\/v2\/product_brand?post=1836"},{"taxonomy":"product_cat","embeddable":true,"href":"https:\/\/htiscientific.vn\/en\/wp-json\/wp\/v2\/product_cat?post=1836"},{"taxonomy":"product_tag","embeddable":true,"href":"https:\/\/htiscientific.vn\/en\/wp-json\/wp\/v2\/product_tag?post=1836"}],"curies":[{"name":"wp","href":"https:\/\/api.w.org\/{rel}","templated":true}]}}