{"id":1833,"date":"2025-06-24T16:34:36","date_gmt":"2025-06-24T09:34:36","guid":{"rendered":"https:\/\/htiscientific.vn\/?post_type=product&#038;p=1833"},"modified":"2025-06-24T16:34:36","modified_gmt":"2025-06-24T09:34:36","slug":"thiet-bi-tach-tu-dieu-khien-bang-may-tinh","status":"publish","type":"product","link":"https:\/\/htiscientific.vn\/en\/product\/thiet-bi-tach-tu-dieu-khien-bang-may-tinh\/","title":{"rendered":"Thi\u1ebft b\u1ecb t\u00e1ch t\u1eeb &#8211; \u0111i\u1ec1u khi\u1ec3n b\u1eb1ng m\u00e1y t\u00ednh"},"content":{"rendered":"<p><span style=\"color: #000000;\">Thi\u1ebft b\u1ecb t\u00e1ch T\u1eeb (PSMC &#8211; Computer Controlled Magnetic Separation Unit) \u0111\u01b0\u1ee3c thi\u1ebft k\u1ebf \u0111\u1ec3 gi\u00fap hi\u1ec3u r\u00f5 nguy\u00ean l\u00fd ho\u1ea1t \u0111\u1ed9ng c\u1ee7a tr\u1ed1ng t\u1eeb quay, \u0111\u01b0\u1ee3c s\u1eed d\u1ee5ng \u0111\u1ec3 ph\u00e2n lo\u1ea1i c\u00e1c v\u1eadt li\u1ec7u c\u00f3 \u0111\u1eb7c t\u00ednh t\u1eeb t\u00ednh kh\u00e1c nhau.<\/span><\/p>\n<p><span style=\"color: #000000;\"><strong>Thi\u1ebft b\u1ecb PSMC:<\/strong><\/span><\/p>\n<ul>\n<li><span style=\"color: #000000;\">Khung v\u00e0 t\u1ea5m panel b\u1eb1ng nh\u00f4m anot h\u00f3a, th\u00e9p s\u01a1n t\u0129nh \u0111i\u1ec7n.<\/span><\/li>\n<li><span style=\"color: #000000;\">B\u00e1nh xe gi\u00fap d\u1ec5 d\u00e0ng di chuy\u1ec3n thi\u1ebft b\u1ecb.<\/span><\/li>\n<li><span style=\"color: #000000;\">C\u00e1c b\u1ed9 ph\u1eadn kim lo\u1ea1i ch\u00ednh \u0111\u01b0\u1ee3c l\u00e0m b\u1eb1ng th\u00e9p kh\u00f4ng g\u1ec9.<\/span><\/li>\n<li><span style=\"color: #000000;\">S\u01a1 \u0111\u1ed3 b\u1ed1 tr\u00ed linh ki\u1ec7n tr\u00ean b\u1ea3ng \u0111i\u1ec1u khi\u1ec3n ph\u00eda tr\u01b0\u1edbc, t\u01b0\u01a1ng t\u1ef1 v\u1edbi thi\u1ebft b\u1ecb th\u1ef1c t\u1ebf.<\/span><\/li>\n<\/ul>\n<p><span style=\"color: #000000;\"><strong>Ph\u1ec5u c\u1ea5p li\u1ec7u \u0111i\u1ec1u khi\u1ec3n b\u1eb1ng m\u00e1y t\u00ednh v\u1edbi m\u00e1ng rung:<\/strong><\/span><\/p>\n<ul>\n<li><span style=\"color: #000000;\">Dung t\u00edch ph\u1ec5u: 25 l\u00edt.<\/span><\/li>\n<li><span style=\"color: #000000;\">T\u1ea7n s\u1ed1 rung c\u00f3 th\u1ec3 \u0111i\u1ec1u ch\u1ec9nh.<\/span><\/li>\n<li><span style=\"color: #000000;\">\u0110i\u1ec1u ch\u1ec9nh th\u1ee7 c\u00f4ng \u0111\u1ed9 cao c\u1ee7a ph\u1ec5u.<\/span><\/li>\n<\/ul>\n<p><span style=\"color: #000000;\"><strong>Tr\u1ed1ng t\u1eeb quay \u0111i\u1ec1u khi\u1ec3n b\u1eb1ng m\u00e1y t\u00ednh:<\/strong><\/span><\/p>\n<ul>\n<li><span style=\"color: #000000;\">\u0110\u01b0\u1eddng k\u00ednh: 220 mm.<\/span><\/li>\n<li><span style=\"color: #000000;\">Chi\u1ec1u d\u00e0i: 300 mm.<\/span><\/li>\n<li><span style=\"color: #000000;\">C\u1ea3m bi\u1ebfn t\u1ed1c \u0111\u1ed9 g\u1eafn tr\u00ean \u0111\u1ed9ng c\u01a1 tr\u1ed1ng quay.<\/span><\/li>\n<li><span style=\"color: #000000;\">T\u1ed1c \u0111\u1ed9 quay c\u00f3 th\u1ec3 \u0111i\u1ec1u ch\u1ec9nh: 0 \u2013 30 v\u00f2ng\/ph\u00fat.<\/span><\/li>\n<li><span style=\"color: #000000;\">C\u00f4ng su\u1ea5t \u0111\u1ed9ng c\u01a1: 250 W.<\/span><\/li>\n<li><span style=\"color: #000000;\">\u0110\u1ed9 d\u00e0y t\u1ed1i \u0111a c\u1ee7a h\u1ea1t v\u1eadt li\u1ec7u: 20 mm.<\/span><\/li>\n<li><span style=\"color: #000000;\">Nam ch\u00e2m v\u0129nh c\u1eedu ho\u1ea1t \u0111\u1ed9ng tr\u00ean b\u1ec1 m\u1eb7t 180\u00b0.<\/span><\/li>\n<\/ul>\n<p><span style=\"color: #000000;\"><strong>C\u00e1c b\u1ec3 ch\u1ee9a:<\/strong><\/span><\/p>\n<ul>\n<li><span style=\"color: #000000;\">B\u1ec3 ch\u1ee9a nguy\u00ean li\u1ec7u c\u1ea5p v\u00e0o, dung t\u00edch: 20 l\u00edt.<\/span><\/li>\n<li><span style=\"color: #000000;\">Hai b\u1ec3 ch\u1ee9a s\u1ea3n ph\u1ea9m t\u00e1ch ra, dung t\u00edch: 15 l\u00edt m\u1ed7i b\u1ec3.<\/span><\/li>\n<li><span style=\"color: #000000;\">Ba c\u1ea3m bi\u1ebfn t\u1ea3i tr\u1ecdng (load cell) trong c\u00e1c b\u1ec3 ch\u1ee9a \u0111\u1ec3 x\u00e1c \u0111\u1ecbnh kh\u1ed1i l\u01b0\u1ee3ng v\u1eadt li\u1ec7u.<\/span><\/li>\n<\/ul>\n<p><span style=\"color: #000000;\"><strong>H\u1ec7 th\u1ed1ng \u0111i\u1ec1u khi\u1ec3n v\u00e0 ph\u1ea7n m\u1ec1m:<\/strong><\/span><\/p>\n<ul>\n<li><span style=\"color: #000000;\">SCADA th\u1eddi gian th\u1ef1c ti\u00ean ti\u1ebfn.<\/span><\/li>\n<li><span style=\"color: #000000;\">Ch\u1ebf \u0111\u1ed9 \u0111i\u1ec1u khi\u1ec3n m\u1edf, \u0111a \u0111i\u1ec3m v\u00e0 th\u1eddi gian th\u1ef1c.<\/span><\/li>\n<li><span style=\"color: #000000;\">Ph\u1ea7n m\u1ec1m \u0111i\u1ec1u khi\u1ec3n chuy\u00ean d\u1ee5ng c\u1ee7a EDIBON d\u1ef1a tr\u00ean n\u1ec1n t\u1ea3ng LabVIEW.<\/span><\/li>\n<li><span style=\"color: #000000;\">Bo m\u1ea1ch thu th\u1eadp d\u1eef li\u1ec7u c\u1ee7a National Instruments (t\u1ed1c \u0111\u1ed9 250 KS\/s).<\/span><\/li>\n<\/ul>\n<p><span style=\"color: #000000;\"><strong>T\u00ednh n\u0103ng b\u1ed5 sung:<\/strong><\/span><\/p>\n<ul>\n<li><span style=\"color: #000000;\">B\u00e0i t\u1eadp hi\u1ec7u chu\u1ea9n gi\u00fap ng\u01b0\u1eddi d\u00f9ng h\u1ecdc c\u00e1ch hi\u1ec7u chu\u1ea9n c\u1ea3m bi\u1ebfn v\u00e0 hi\u1ec3u t\u1ea7m quan tr\u1ecdng c\u1ee7a vi\u1ec7c ki\u1ec3m tra \u0111\u1ed9 ch\u00ednh x\u00e1c tr\u01b0\u1edbc khi \u0111o l\u01b0\u1eddng.<\/span><\/li>\n<li><span style=\"color: #000000;\">T\u01b0\u01a1ng th\u00edch v\u1edbi m\u00e1y chi\u1ebfu v\u00e0 b\u1ea3ng \u0111i\u1ec7n t\u1eed, h\u1ed7 tr\u1ee3 gi\u1ea3ng d\u1ea1y v\u00e0 tr\u00ecnh di\u1ec5n cho c\u1ea3 l\u1edbp h\u1ecdc.<\/span><\/li>\n<li><span style=\"color: #000000;\">Th\u1ef1c hi\u1ec7n nghi\u00ean c\u1ee9u \u1ee9ng d\u1ee5ng, m\u00f4 ph\u1ecfng quy tr\u00ecnh c\u00f4ng nghi\u1ec7p th\u1ef1c t\u1ebf, \u0111\u00e0o t\u1ea1o k\u1ef9 thu\u1eadt, v.v.<\/span><\/li>\n<li><span style=\"color: #000000;\">\u0110i\u1ec1u khi\u1ec3n v\u00e0 v\u1eadn h\u00e0nh t\u1eeb xa cho ng\u01b0\u1eddi d\u00f9ng, h\u1ed7 tr\u1ee3 k\u1ef9 thu\u1eadt tr\u1ef1c tuy\u1ebfn t\u1eeb EDIBON.<\/span><\/li>\n<li><span style=\"color: #000000;\">An to\u00e0n tuy\u1ec7t \u0111\u1ed1i v\u1edbi 4 h\u1ec7 th\u1ed1ng b\u1ea3o v\u1ec7 (C\u01a1 kh\u00ed, \u0110i\u1ec7n, \u0110i\u1ec7n t\u1eed v\u00e0 Ph\u1ea7n m\u1ec1m).<\/span><\/li>\n<li><span style=\"color: #000000;\">Thi\u1ebft k\u1ebf v\u00e0 s\u1ea3n xu\u1ea5t theo c\u00e1c ti\u00eau chu\u1ea9n ch\u1ea5t l\u01b0\u1ee3ng cao.<\/span><\/li>\n<\/ul>\n<p><span style=\"color: #000000;\"><strong>T\u00f9y ch\u1ecdn m\u1edf r\u1ed9ng:<\/strong><\/span><\/p>\n<ul>\n<li><span style=\"color: #000000;\">Ph\u1ea7n m\u1ec1m ICAI cho ph\u00e9p t\u1ea1o, ch\u1ec9nh s\u1eeda v\u00e0 th\u1ef1c hi\u1ec7n c\u00e1c b\u00e0i t\u1eadp th\u1ef1c h\u00e0nh, ki\u1ec3m tra, t\u00ednh to\u00e1n, \u0111\u00e1nh gi\u00e1 ki\u1ebfn th\u1ee9c v\u00e0 theo d\u00f5i ti\u1ebfn \u0111\u1ed9 c\u1ee7a ng\u01b0\u1eddi h\u1ecdc.<\/span><\/li>\n<li><span style=\"color: #000000;\">Kh\u1ea3 n\u0103ng m\u1edf r\u1ed9ng v\u00e0 t\u00edch h\u1ee3p v\u1edbi h\u1ec7 th\u1ed1ng Scada-Net (ESN) c\u1ee7a EDIBON, cho ph\u00e9p nhi\u1ec1u sinh vi\u00ean v\u1eadn h\u00e0nh \u0111\u1ed3ng th\u1eddi nhi\u1ec1u thi\u1ebft b\u1ecb trong m\u1ed9t m\u1ea1ng l\u01b0\u1edbi.<\/span><\/li>\n<\/ul>","protected":false},"excerpt":{"rendered":"<p><span style=\"color: #000000;\">Thi\u1ebft b\u1ecb t\u00e1ch T\u1eeb (PSMC &#8211; Computer Controlled Magnetic Separation Unit) \u0111\u01b0\u1ee3c thi\u1ebft k\u1ebf \u0111\u1ec3 gi\u00fap hi\u1ec3u r\u00f5 nguy\u00ean l\u00fd ho\u1ea1t \u0111\u1ed9ng c\u1ee7a tr\u1ed1ng t\u1eeb quay, \u0111\u01b0\u1ee3c s\u1eed d\u1ee5ng \u0111\u1ec3 ph\u00e2n lo\u1ea1i c\u00e1c v\u1eadt li\u1ec7u c\u00f3 \u0111\u1eb7c t\u00ednh t\u1eeb t\u00ednh kh\u00e1c nhau.<\/span><\/p>","protected":false},"featured_media":1834,"template":"","meta":{"inline_featured_image":false},"product_brand":[47],"product_cat":[96,90],"product_tag":[],"class_list":{"0":"post-1833","1":"product","2":"type-product","3":"status-publish","4":"has-post-thumbnail","6":"product_brand-edibon","7":"product_cat-moi-truong","8":"product_cat-thiet-bi-giao-duc","10":"first","11":"instock","12":"shipping-taxable","13":"product-type-simple"},"yoast_head":"<!-- This site is optimized with the Yoast SEO plugin v24.7 - https:\/\/yoast.com\/wordpress\/plugins\/seo\/ -->\n<title>Thi\u1ebft b\u1ecb t\u00e1ch t\u1eeb - \u0111i\u1ec1u khi\u1ec3n b\u1eb1ng m\u00e1y t\u00ednh - HTI Scientific<\/title>\n<meta name=\"description\" content=\"Thi\u1ebft b\u1ecb t\u00e1ch T\u1eeb (PSMC - Computer Controlled Magnetic Separation Unit) gi\u00fap hi\u1ec3u r\u00f5 nguy\u00ean l\u00fd ho\u1ea1t \u0111\u1ed9ng c\u1ee7a tr\u1ed1ng t\u1eeb quay, ph\u00e2n lo\u1ea1i c\u00e1c v\u1eadt li\u1ec7u c\u00f3 t\u1eeb t\u00ednh\" \/>\n<meta name=\"robots\" content=\"index, follow, max-snippet:-1, max-image-preview:large, max-video-preview:-1\" \/>\n<link rel=\"canonical\" href=\"https:\/\/htiscientific.vn\/en\/product\/thiet-bi-tach-tu-dieu-khien-bang-may-tinh\/\" \/>\n<meta property=\"og:locale\" content=\"en_US\" \/>\n<meta property=\"og:type\" content=\"article\" \/>\n<meta property=\"og:title\" content=\"Thi\u1ebft b\u1ecb t\u00e1ch t\u1eeb - \u0111i\u1ec1u khi\u1ec3n b\u1eb1ng m\u00e1y t\u00ednh - HTI Scientific\" \/>\n<meta property=\"og:description\" content=\"Thi\u1ebft b\u1ecb t\u00e1ch T\u1eeb (PSMC - Computer Controlled Magnetic Separation Unit) gi\u00fap hi\u1ec3u r\u00f5 nguy\u00ean l\u00fd ho\u1ea1t \u0111\u1ed9ng c\u1ee7a tr\u1ed1ng t\u1eeb quay, ph\u00e2n lo\u1ea1i c\u00e1c v\u1eadt li\u1ec7u c\u00f3 t\u1eeb t\u00ednh\" \/>\n<meta property=\"og:url\" content=\"https:\/\/htiscientific.vn\/en\/product\/thiet-bi-tach-tu-dieu-khien-bang-may-tinh\/\" \/>\n<meta property=\"og:site_name\" content=\"HTI Scientific\" \/>\n<meta property=\"article:publisher\" content=\"https:\/\/www.facebook.com\/htiscientific.vn\" \/>\n<meta property=\"og:image\" content=\"https:\/\/htiscientific.vn\/wp-content\/uploads\/2025\/06\/27.jpg\" \/>\n\t<meta property=\"og:image:width\" content=\"1000\" \/>\n\t<meta property=\"og:image:height\" content=\"1000\" \/>\n\t<meta property=\"og:image:type\" content=\"image\/jpeg\" \/>\n<meta name=\"twitter:card\" content=\"summary_large_image\" \/>\n<meta name=\"twitter:label1\" content=\"Est. reading time\" \/>\n\t<meta name=\"twitter:data1\" content=\"3 minutes\" \/>\n<script type=\"application\/ld+json\" class=\"yoast-schema-graph\">{\"@context\":\"https:\/\/schema.org\",\"@graph\":[{\"@type\":\"WebPage\",\"@id\":\"https:\/\/htiscientific.vn\/san-pham\/thiet-bi-tach-tu-dieu-khien-bang-may-tinh\/\",\"url\":\"https:\/\/htiscientific.vn\/san-pham\/thiet-bi-tach-tu-dieu-khien-bang-may-tinh\/\",\"name\":\"Thi\u1ebft b\u1ecb t\u00e1ch t\u1eeb - \u0111i\u1ec1u khi\u1ec3n b\u1eb1ng m\u00e1y t\u00ednh - HTI Scientific\",\"isPartOf\":{\"@id\":\"https:\/\/htiscientific.vn\/#website\"},\"primaryImageOfPage\":{\"@id\":\"https:\/\/htiscientific.vn\/san-pham\/thiet-bi-tach-tu-dieu-khien-bang-may-tinh\/#primaryimage\"},\"image\":{\"@id\":\"https:\/\/htiscientific.vn\/san-pham\/thiet-bi-tach-tu-dieu-khien-bang-may-tinh\/#primaryimage\"},\"thumbnailUrl\":\"https:\/\/htiscientific.vn\/wp-content\/uploads\/2025\/06\/27.jpg\",\"datePublished\":\"2025-06-24T09:34:36+00:00\",\"description\":\"Thi\u1ebft b\u1ecb t\u00e1ch T\u1eeb (PSMC - Computer Controlled Magnetic Separation Unit) gi\u00fap hi\u1ec3u r\u00f5 nguy\u00ean l\u00fd ho\u1ea1t \u0111\u1ed9ng c\u1ee7a tr\u1ed1ng t\u1eeb quay, ph\u00e2n lo\u1ea1i c\u00e1c v\u1eadt li\u1ec7u c\u00f3 t\u1eeb t\u00ednh\",\"breadcrumb\":{\"@id\":\"https:\/\/htiscientific.vn\/san-pham\/thiet-bi-tach-tu-dieu-khien-bang-may-tinh\/#breadcrumb\"},\"inLanguage\":\"en-US\",\"potentialAction\":[{\"@type\":\"ReadAction\",\"target\":[\"https:\/\/htiscientific.vn\/san-pham\/thiet-bi-tach-tu-dieu-khien-bang-may-tinh\/\"]}]},{\"@type\":\"ImageObject\",\"inLanguage\":\"en-US\",\"@id\":\"https:\/\/htiscientific.vn\/san-pham\/thiet-bi-tach-tu-dieu-khien-bang-may-tinh\/#primaryimage\",\"url\":\"https:\/\/htiscientific.vn\/wp-content\/uploads\/2025\/06\/27.jpg\",\"contentUrl\":\"https:\/\/htiscientific.vn\/wp-content\/uploads\/2025\/06\/27.jpg\",\"width\":1000,\"height\":1000,\"caption\":\"thiet-bi-tach-tu\"},{\"@type\":\"BreadcrumbList\",\"@id\":\"https:\/\/htiscientific.vn\/san-pham\/thiet-bi-tach-tu-dieu-khien-bang-may-tinh\/#breadcrumb\",\"itemListElement\":[{\"@type\":\"ListItem\",\"position\":1,\"name\":\"Trang ch\u1ee7\",\"item\":\"https:\/\/htiscientific.vn\/\"},{\"@type\":\"ListItem\",\"position\":2,\"name\":\"C\u1eeda h\u00e0ng\",\"item\":\"https:\/\/htiscientific.vn\/cua-hang\/\"},{\"@type\":\"ListItem\",\"position\":3,\"name\":\"Thi\u1ebft b\u1ecb gi\u00e1o d\u1ee5c\",\"item\":\"https:\/\/htiscientific.vn\/danh-muc-san-pham\/thiet-bi-giao-duc\/\"},{\"@type\":\"ListItem\",\"position\":4,\"name\":\"M\u00f4i tr\u01b0\u1eddng\",\"item\":\"https:\/\/htiscientific.vn\/danh-muc-san-pham\/thiet-bi-giao-duc\/moi-truong\/\"},{\"@type\":\"ListItem\",\"position\":5,\"name\":\"Thi\u1ebft b\u1ecb t\u00e1ch t\u1eeb &#8211; \u0111i\u1ec1u khi\u1ec3n b\u1eb1ng m\u00e1y t\u00ednh\"}]},{\"@type\":\"WebSite\",\"@id\":\"https:\/\/htiscientific.vn\/#website\",\"url\":\"https:\/\/htiscientific.vn\/\",\"name\":\"HTI Scientific\",\"description\":\"HTI Scientific\",\"publisher\":{\"@id\":\"https:\/\/htiscientific.vn\/#organization\"},\"potentialAction\":[{\"@type\":\"SearchAction\",\"target\":{\"@type\":\"EntryPoint\",\"urlTemplate\":\"https:\/\/htiscientific.vn\/?s={search_term_string}\"},\"query-input\":{\"@type\":\"PropertyValueSpecification\",\"valueRequired\":true,\"valueName\":\"search_term_string\"}}],\"inLanguage\":\"en-US\"},{\"@type\":\"Organization\",\"@id\":\"https:\/\/htiscientific.vn\/#organization\",\"name\":\"HTI Scientific\",\"alternateName\":\"HTI Scientific\",\"url\":\"https:\/\/htiscientific.vn\/\",\"logo\":{\"@type\":\"ImageObject\",\"inLanguage\":\"en-US\",\"@id\":\"https:\/\/htiscientific.vn\/#\/schema\/logo\/image\/\",\"url\":\"https:\/\/htiscientific.vn\/wp-content\/uploads\/2025\/03\/ava-hti-copy.jpg\",\"contentUrl\":\"https:\/\/htiscientific.vn\/wp-content\/uploads\/2025\/03\/ava-hti-copy.jpg\",\"width\":700,\"height\":450,\"caption\":\"HTI Scientific\"},\"image\":{\"@id\":\"https:\/\/htiscientific.vn\/#\/schema\/logo\/image\/\"},\"sameAs\":[\"https:\/\/www.facebook.com\/htiscientific.vn\"]}]}<\/script>\n<!-- \/ Yoast SEO plugin. -->","yoast_head_json":{"title":"Thi\u1ebft b\u1ecb t\u00e1ch t\u1eeb - \u0111i\u1ec1u khi\u1ec3n b\u1eb1ng m\u00e1y t\u00ednh - HTI Scientific","description":"Thi\u1ebft b\u1ecb t\u00e1ch T\u1eeb (PSMC - Computer Controlled Magnetic Separation Unit) gi\u00fap hi\u1ec3u r\u00f5 nguy\u00ean l\u00fd ho\u1ea1t \u0111\u1ed9ng c\u1ee7a tr\u1ed1ng t\u1eeb quay, ph\u00e2n lo\u1ea1i c\u00e1c v\u1eadt li\u1ec7u c\u00f3 t\u1eeb t\u00ednh","robots":{"index":"index","follow":"follow","max-snippet":"max-snippet:-1","max-image-preview":"max-image-preview:large","max-video-preview":"max-video-preview:-1"},"canonical":"https:\/\/htiscientific.vn\/en\/product\/thiet-bi-tach-tu-dieu-khien-bang-may-tinh\/","og_locale":"en_US","og_type":"article","og_title":"Thi\u1ebft b\u1ecb t\u00e1ch t\u1eeb - \u0111i\u1ec1u khi\u1ec3n b\u1eb1ng m\u00e1y t\u00ednh - HTI Scientific","og_description":"Thi\u1ebft b\u1ecb t\u00e1ch T\u1eeb (PSMC - Computer Controlled Magnetic Separation Unit) gi\u00fap hi\u1ec3u r\u00f5 nguy\u00ean l\u00fd ho\u1ea1t \u0111\u1ed9ng c\u1ee7a tr\u1ed1ng t\u1eeb quay, ph\u00e2n lo\u1ea1i c\u00e1c v\u1eadt li\u1ec7u c\u00f3 t\u1eeb t\u00ednh","og_url":"https:\/\/htiscientific.vn\/en\/product\/thiet-bi-tach-tu-dieu-khien-bang-may-tinh\/","og_site_name":"HTI Scientific","article_publisher":"https:\/\/www.facebook.com\/htiscientific.vn","og_image":[{"width":1000,"height":1000,"url":"https:\/\/htiscientific.vn\/wp-content\/uploads\/2025\/06\/27.jpg","type":"image\/jpeg"}],"twitter_card":"summary_large_image","twitter_misc":{"Est. reading time":"3 minutes"},"schema":{"@context":"https:\/\/schema.org","@graph":[{"@type":"WebPage","@id":"https:\/\/htiscientific.vn\/san-pham\/thiet-bi-tach-tu-dieu-khien-bang-may-tinh\/","url":"https:\/\/htiscientific.vn\/san-pham\/thiet-bi-tach-tu-dieu-khien-bang-may-tinh\/","name":"Thi\u1ebft b\u1ecb t\u00e1ch t\u1eeb - \u0111i\u1ec1u khi\u1ec3n b\u1eb1ng m\u00e1y t\u00ednh - HTI Scientific","isPartOf":{"@id":"https:\/\/htiscientific.vn\/#website"},"primaryImageOfPage":{"@id":"https:\/\/htiscientific.vn\/san-pham\/thiet-bi-tach-tu-dieu-khien-bang-may-tinh\/#primaryimage"},"image":{"@id":"https:\/\/htiscientific.vn\/san-pham\/thiet-bi-tach-tu-dieu-khien-bang-may-tinh\/#primaryimage"},"thumbnailUrl":"https:\/\/htiscientific.vn\/wp-content\/uploads\/2025\/06\/27.jpg","datePublished":"2025-06-24T09:34:36+00:00","description":"Thi\u1ebft b\u1ecb t\u00e1ch T\u1eeb (PSMC - Computer Controlled Magnetic Separation Unit) gi\u00fap hi\u1ec3u r\u00f5 nguy\u00ean l\u00fd ho\u1ea1t \u0111\u1ed9ng c\u1ee7a tr\u1ed1ng t\u1eeb quay, ph\u00e2n lo\u1ea1i c\u00e1c v\u1eadt li\u1ec7u c\u00f3 t\u1eeb t\u00ednh","breadcrumb":{"@id":"https:\/\/htiscientific.vn\/san-pham\/thiet-bi-tach-tu-dieu-khien-bang-may-tinh\/#breadcrumb"},"inLanguage":"en-US","potentialAction":[{"@type":"ReadAction","target":["https:\/\/htiscientific.vn\/san-pham\/thiet-bi-tach-tu-dieu-khien-bang-may-tinh\/"]}]},{"@type":"ImageObject","inLanguage":"en-US","@id":"https:\/\/htiscientific.vn\/san-pham\/thiet-bi-tach-tu-dieu-khien-bang-may-tinh\/#primaryimage","url":"https:\/\/htiscientific.vn\/wp-content\/uploads\/2025\/06\/27.jpg","contentUrl":"https:\/\/htiscientific.vn\/wp-content\/uploads\/2025\/06\/27.jpg","width":1000,"height":1000,"caption":"thiet-bi-tach-tu"},{"@type":"BreadcrumbList","@id":"https:\/\/htiscientific.vn\/san-pham\/thiet-bi-tach-tu-dieu-khien-bang-may-tinh\/#breadcrumb","itemListElement":[{"@type":"ListItem","position":1,"name":"Trang ch\u1ee7","item":"https:\/\/htiscientific.vn\/"},{"@type":"ListItem","position":2,"name":"C\u1eeda h\u00e0ng","item":"https:\/\/htiscientific.vn\/cua-hang\/"},{"@type":"ListItem","position":3,"name":"Thi\u1ebft b\u1ecb gi\u00e1o d\u1ee5c","item":"https:\/\/htiscientific.vn\/danh-muc-san-pham\/thiet-bi-giao-duc\/"},{"@type":"ListItem","position":4,"name":"M\u00f4i tr\u01b0\u1eddng","item":"https:\/\/htiscientific.vn\/danh-muc-san-pham\/thiet-bi-giao-duc\/moi-truong\/"},{"@type":"ListItem","position":5,"name":"Thi\u1ebft b\u1ecb t\u00e1ch t\u1eeb &#8211; \u0111i\u1ec1u khi\u1ec3n b\u1eb1ng m\u00e1y t\u00ednh"}]},{"@type":"WebSite","@id":"https:\/\/htiscientific.vn\/#website","url":"https:\/\/htiscientific.vn\/","name":"HTI Scientific","description":"HTI Scientific","publisher":{"@id":"https:\/\/htiscientific.vn\/#organization"},"potentialAction":[{"@type":"SearchAction","target":{"@type":"EntryPoint","urlTemplate":"https:\/\/htiscientific.vn\/?s={search_term_string}"},"query-input":{"@type":"PropertyValueSpecification","valueRequired":true,"valueName":"search_term_string"}}],"inLanguage":"en-US"},{"@type":"Organization","@id":"https:\/\/htiscientific.vn\/#organization","name":"HTI Scientific","alternateName":"HTI Scientific","url":"https:\/\/htiscientific.vn\/","logo":{"@type":"ImageObject","inLanguage":"en-US","@id":"https:\/\/htiscientific.vn\/#\/schema\/logo\/image\/","url":"https:\/\/htiscientific.vn\/wp-content\/uploads\/2025\/03\/ava-hti-copy.jpg","contentUrl":"https:\/\/htiscientific.vn\/wp-content\/uploads\/2025\/03\/ava-hti-copy.jpg","width":700,"height":450,"caption":"HTI Scientific"},"image":{"@id":"https:\/\/htiscientific.vn\/#\/schema\/logo\/image\/"},"sameAs":["https:\/\/www.facebook.com\/htiscientific.vn"]}]}},"_links":{"self":[{"href":"https:\/\/htiscientific.vn\/en\/wp-json\/wp\/v2\/product\/1833","targetHints":{"allow":["GET"]}}],"collection":[{"href":"https:\/\/htiscientific.vn\/en\/wp-json\/wp\/v2\/product"}],"about":[{"href":"https:\/\/htiscientific.vn\/en\/wp-json\/wp\/v2\/types\/product"}],"wp:featuredmedia":[{"embeddable":true,"href":"https:\/\/htiscientific.vn\/en\/wp-json\/wp\/v2\/media\/1834"}],"wp:attachment":[{"href":"https:\/\/htiscientific.vn\/en\/wp-json\/wp\/v2\/media?parent=1833"}],"wp:term":[{"taxonomy":"product_brand","embeddable":true,"href":"https:\/\/htiscientific.vn\/en\/wp-json\/wp\/v2\/product_brand?post=1833"},{"taxonomy":"product_cat","embeddable":true,"href":"https:\/\/htiscientific.vn\/en\/wp-json\/wp\/v2\/product_cat?post=1833"},{"taxonomy":"product_tag","embeddable":true,"href":"https:\/\/htiscientific.vn\/en\/wp-json\/wp\/v2\/product_tag?post=1833"}],"curies":[{"name":"wp","href":"https:\/\/api.w.org\/{rel}","templated":true}]}}