{"id":1829,"date":"2025-06-24T16:30:04","date_gmt":"2025-06-24T09:30:04","guid":{"rendered":"https:\/\/htiscientific.vn\/?post_type=product&#038;p=1829"},"modified":"2025-06-24T16:30:05","modified_gmt":"2025-06-24T09:30:05","slug":"thiet-bi-tach-ly-tam-ban-lien-tuc-dung-tich-60-lit-dieu-khien-bang-may-tinh-va-man-hinh-cam-ung","status":"publish","type":"product","link":"https:\/\/htiscientific.vn\/en\/product\/thiet-bi-tach-ly-tam-ban-lien-tuc-dung-tich-60-lit-dieu-khien-bang-may-tinh-va-man-hinh-cam-ung\/","title":{"rendered":"Thi\u1ebft b\u1ecb T\u00e1ch Ly T\u00e2m B\u00e1n Li\u00ean T\u1ee5c Dung T\u00edch 60 l\u00edt \u0110i\u1ec1u Khi\u1ec3n b\u1eb1ng M\u00e1y T\u00ednh v\u00e0 M\u00e0n H\u00ecnh C\u1ea3m \u1ee8ng"},"content":{"rendered":"<p><span style=\"color: #000000;\">Thi\u1ebft b\u1ecb t\u00e1ch ly t\u00e2m b\u00e1n li\u00ean t\u1ee5c v\u1edbi m\u00e0n c\u1ea3m \u1ee9ng (SCS\/60\/CTS &#8211; Computer Controlled and Touch Screen 60 l Semicontinuous Centrifugal Separator) c\u1ee7a <a href=\"https:\/\/htiscientific.vn\/en\/hang-san-xuat\/edibon\/\">EDIBON<\/a> c\u00f3 kh\u1ea3 n\u0103ng m\u00f4 ph\u1ecfng qu\u00e1 tr\u00ecnh thu nh\u1eadn lignin t\u1eeb sinh kh\u1ed1i lignocellulose, ph\u1ee5c v\u1ee5 cho m\u1ee5c \u0111\u00edch nghi\u00ean c\u1ee9u v\u00e0 h\u1ecdc t\u1eadp chuy\u00ean s\u00e2u.<\/span><\/p>\n<p><span style=\"color: #000000;\"><strong>Thi\u1ebft b\u1ecb SCS\/60\/CTS:<\/strong><\/span><\/p>\n<ul>\n<li><span style=\"color: #000000;\">K\u1ebft c\u1ea5u: Th\u00e9p kh\u00f4ng g\u1ec9.<\/span><\/li>\n<li><span style=\"color: #000000;\">Di chuy\u1ec3n linh ho\u1ea1t: Thi\u1ebft b\u1ecb c\u00f3 b\u00e1nh xe \u0111\u1ec3 d\u1ec5 d\u00e0ng di chuy\u1ec3n.<\/span><\/li>\n<li><span style=\"color: #000000;\">M\u00f4 h\u00ecnh tr\u1ef1c quan: M\u1eb7t tr\u01b0\u1edbc c\u00f3 s\u01a1 \u0111\u1ed3 ph\u00e2n b\u1ed1 c\u00e1c b\u1ed9 ph\u1eadn t\u01b0\u01a1ng t\u1ef1 thi\u1ebft b\u1ecb th\u1ef1c t\u1ebf.<\/span><\/li>\n<li><span style=\"color: #000000;\">V\u1eadt li\u1ec7u ch\u00ednh: Th\u00e9p kh\u00f4ng g\u1ec9 AISI-304, AISI-316 v\u00e0 polypropylene (PP), ch\u1ecbu \u0111\u01b0\u1ee3c c\u00e1c \u0111i\u1ec1u ki\u1ec7n v\u1eadn h\u00e0nh.<\/span><\/li>\n<\/ul>\n<p><span style=\"color: #000000;\"><strong>C\u00e1c th\u00e0nh ph\u1ea7n ch\u00ednh:<\/strong><\/span><\/p>\n<ul>\n<li><span style=\"color: #000000;\">B\u1ec3 c\u1ea5p li\u1ec7u b\u1eb1ng polypropylene: Dung t\u00edch 60 l\u00edt.<\/span><\/li>\n<li><span style=\"color: #000000;\">B\u01a1m \u0111\u1ecbnh l\u01b0\u1ee3ng c\u1ea5p li\u1ec7u:<\/span>\n<ul>\n<li><span style=\"color: #000000;\">L\u01b0u l\u01b0\u1ee3ng t\u1ed1i \u0111a: 60 l\/h.<\/span><\/li>\n<li><span style=\"color: #000000;\">\u00c1p su\u1ea5t t\u1ed1i \u0111a: 10 bar.<\/span><\/li>\n<li><span style=\"color: #000000;\">C\u00f4ng su\u1ea5t: 0,37 kW.<\/span><\/li>\n<\/ul>\n<\/li>\n<li><span style=\"color: #000000;\">M\u00e1y ly t\u00e2m \u1ed1ng th\u00e9p kh\u00f4ng g\u1ec9 AISI-316:<\/span>\n<ul>\n<li><span style=\"color: #000000;\">T\u1ed1c \u0111\u1ed9 rotor: 20.000 v\u00f2ng\/ph\u00fat.<\/span><\/li>\n<li><span style=\"color: #000000;\">Th\u1ec3 t\u00edch rotor: 2 l\u00edt.<\/span><\/li>\n<li><span style=\"color: #000000;\">C\u00f4ng su\u1ea5t th\u1ee7y l\u1ef1c: 0,6 m\u00b3\/h.<\/span><\/li>\n<li><span style=\"color: #000000;\">C\u00f4ng su\u1ea5t: 1,5 kW.<\/span><\/li>\n<\/ul>\n<\/li>\n<li><span style=\"color: #000000;\">B\u1ec3 ch\u1ee9a s\u1ea3n ph\u1ea9m b\u1eb1ng polypropylene: Dung t\u00edch 60 l\u00edt.<\/span><\/li>\n<\/ul>\n<p><span style=\"color: #000000;\"><strong>H\u1ec7 th\u1ed1ng \u0111i\u1ec1u khi\u1ec3n v\u00e0 ph\u1ea7n m\u1ec1m \u0111i k\u00e8m:<\/strong><\/span><\/p>\n<ul>\n<li><span style=\"color: #000000;\">SCADA th\u1eddi gian th\u1ef1c ti\u00ean ti\u1ebfn: \u0110i\u1ec1u khi\u1ec3n, gi\u00e1m s\u00e1t v\u00e0 thu th\u1eadp d\u1eef li\u1ec7u.<\/span><\/li>\n<li><span style=\"color: #000000;\">\u0110i\u1ec1u khi\u1ec3n m\u1edf + \u0110i\u1ec1u khi\u1ec3n \u0111a ch\u1ee9c n\u0103ng + \u0110i\u1ec1u khi\u1ec3n th\u1eddi gian th\u1ef1c.<\/span><\/li>\n<li><span style=\"color: #000000;\">Ph\u1ea7n m\u1ec1m \u0111i\u1ec1u khi\u1ec3n chuy\u00ean d\u1ee5ng EDIBON, d\u1ef1a tr\u00ean LabVIEW.<\/span><\/li>\n<li><span style=\"color: #000000;\">Bo m\u1ea1ch thu th\u1eadp d\u1eef li\u1ec7u c\u1ee7a National Instruments (250 KS\/s).<\/span><\/li>\n<\/ul>\n<p><span style=\"color: #000000;\"><strong>Ch\u1ee9c n\u0103ng v\u00e0 t\u00ednh n\u0103ng b\u1ed5 sung:<\/strong><\/span><\/p>\n<ul>\n<li><span style=\"color: #000000;\">B\u00e0i t\u1eadp hi\u1ec7u chu\u1ea9n: H\u01b0\u1edbng d\u1eabn c\u00e1ch hi\u1ec7u chu\u1ea9n c\u1ea3m bi\u1ebfn v\u00e0 ki\u1ec3m tra \u0111\u1ed9 ch\u00ednh x\u00e1c tr\u01b0\u1edbc khi \u0111o.<\/span><\/li>\n<li><span style=\"color: #000000;\">T\u01b0\u01a1ng th\u00edch v\u1edbi m\u00e1y chi\u1ebfu\/b\u1ea3ng tr\u1eafng \u0111i\u1ec7n t\u1eed: H\u1ed7 tr\u1ee3 tr\u00ecnh b\u00e0y v\u00e0 gi\u1ea3ng d\u1ea1y cho c\u1ea3 l\u1edbp.<\/span><\/li>\n<li><span style=\"color: #000000;\">\u1ee8ng d\u1ee5ng nghi\u00ean c\u1ee9u v\u00e0 \u0111\u00e0o t\u1ea1o: M\u00f4 ph\u1ecfng quy tr\u00ecnh c\u00f4ng nghi\u1ec7p th\u1ef1c t\u1ebf, \u0111\u00e0o t\u1ea1o chuy\u00ean s\u00e2u.<\/span><\/li>\n<li><span style=\"color: #000000;\">\u0110i\u1ec1u khi\u1ec3n t\u1eeb xa: Ng\u01b0\u1eddi d\u00f9ng c\u00f3 th\u1ec3 v\u1eadn h\u00e0nh v\u00e0 EDIBON cung c\u1ea5p h\u1ed7 tr\u1ee3 k\u1ef9 thu\u1eadt t\u1eeb xa.<\/span><\/li>\n<li><span style=\"color: #000000;\">An to\u00e0n tuy\u1ec7t \u0111\u1ed1i: T\u00edch h\u1ee3p 4 h\u1ec7 th\u1ed1ng an to\u00e0n (C\u01a1 kh\u00ed, \u0110i\u1ec7n, \u0110i\u1ec7n t\u1eed v\u00e0 Ph\u1ea7n m\u1ec1m).<\/span><\/li>\n<li><span style=\"color: #000000;\">Thi\u1ebft k\u1ebf m\u1edf r\u1ed9ng v\u00e0 t\u00edch h\u1ee3p t\u01b0\u01a1ng lai:<\/span>\n<ul>\n<li><span style=\"color: #000000;\">T\u00f9y ch\u1ecdn ph\u1ea7n m\u1ec1m ICAI: T\u1ea1o, ch\u1ec9nh s\u1eeda b\u00e0i th\u1ef1c h\u00e0nh, ki\u1ec3m tra v\u00e0 theo d\u00f5i ti\u1ebfn \u0111\u1ed9 h\u1ecdc t\u1eadp.<\/span><\/li>\n<li><span style=\"color: #000000;\">H\u1ed7 tr\u1ee3 m\u1edf r\u1ed9ng v\u1edbi h\u1ec7 th\u1ed1ng EDIBON Scada-Net (ESN): Cho ph\u00e9p nhi\u1ec1u sinh vi\u00ean v\u1eadn h\u00e0nh \u0111\u1ed3ng th\u1eddi nhi\u1ec1u thi\u1ebft b\u1ecb trong c\u00f9ng m\u1ed9t m\u1ea1ng.<\/span><\/li>\n<\/ul>\n<\/li>\n<\/ul>","protected":false},"excerpt":{"rendered":"<p><span style=\"color: #000000;\">Thi\u1ebft b\u1ecb t\u00e1ch ly t\u00e2m b\u00e1n li\u00ean t\u1ee5c v\u1edbi m\u00e0n c\u1ea3m \u1ee9ng (SCS\/60\/CTS &#8211; Computer Controlled and Touch Screen 60 l Semicontinuous Centrifugal Separator) c\u00f3 kh\u1ea3 n\u0103ng m\u00f4 ph\u1ecfng qu\u00e1 tr\u00ecnh thu nh\u1eadn lignin t\u1eeb sinh kh\u1ed1i lignocellulose, ph\u1ee5c v\u1ee5 cho m\u1ee5c \u0111\u00edch nghi\u00ean c\u1ee9u v\u00e0 h\u1ecdc t\u1eadp chuy\u00ean s\u00e2u.<\/span><\/p>\n<p><span style=\"color: #000000;\"><strong>Thi\u1ebft b\u1ecb SCS\/60\/CTS:<\/strong><\/span><\/p>\n<ul>\n<li><span style=\"color: #000000;\">K\u1ebft c\u1ea5u: Th\u00e9p kh\u00f4ng g\u1ec9.<\/span><\/li>\n<li><span style=\"color: #000000;\">Di chuy\u1ec3n linh ho\u1ea1t: Thi\u1ebft b\u1ecb c\u00f3 b\u00e1nh xe \u0111\u1ec3 d\u1ec5 d\u00e0ng di chuy\u1ec3n.<\/span><\/li>\n<li><span style=\"color: #000000;\">M\u00f4 h\u00ecnh tr\u1ef1c quan: M\u1eb7t tr\u01b0\u1edbc c\u00f3 s\u01a1 \u0111\u1ed3 ph\u00e2n b\u1ed1 c\u00e1c b\u1ed9 ph\u1eadn t\u01b0\u01a1ng t\u1ef1 thi\u1ebft b\u1ecb th\u1ef1c t\u1ebf.<\/span><\/li>\n<li><span style=\"color: #000000;\">V\u1eadt li\u1ec7u ch\u00ednh: Th\u00e9p kh\u00f4ng g\u1ec9 AISI-304, AISI-316 v\u00e0 polypropylene (PP), ch\u1ecbu \u0111\u01b0\u1ee3c c\u00e1c \u0111i\u1ec1u ki\u1ec7n v\u1eadn h\u00e0nh.<\/span><\/li>\n<\/ul>","protected":false},"featured_media":1830,"template":"","meta":{"inline_featured_image":false},"product_brand":[47],"product_cat":[96,90],"product_tag":[],"class_list":{"0":"post-1829","1":"product","2":"type-product","3":"status-publish","4":"has-post-thumbnail","6":"product_brand-edibon","7":"product_cat-moi-truong","8":"product_cat-thiet-bi-giao-duc","10":"first","11":"instock","12":"shipping-taxable","13":"product-type-simple"},"yoast_head":"<!-- This site is optimized with the Yoast SEO plugin v24.7 - https:\/\/yoast.com\/wordpress\/plugins\/seo\/ -->\n<title>Thi\u1ebft b\u1ecb T\u00e1ch Ly T\u00e2m B\u00e1n Li\u00ean T\u1ee5c Dung T\u00edch 60 l\u00edt \u0110i\u1ec1u Khi\u1ec3n b\u1eb1ng M\u00e1y T\u00ednh v\u00e0 M\u00e0n H\u00ecnh C\u1ea3m \u1ee8ng - HTI Scientific<\/title>\n<meta name=\"description\" content=\"Thi\u1ebft b\u1ecb t\u00e1ch ly t\u00e2m b\u00e1n li\u00ean t\u1ee5c v\u1edbi m\u00e0n c\u1ea3m \u1ee9ng (SCS\/60\/CTS) m\u00f4 ph\u1ecfng qu\u00e1 tr\u00ecnh thu nh\u1eadn lignin t\u1eeb sinh kh\u1ed1i lignocellulose, ph\u1ee5c v\u1ee5 nghi\u00ean c\u1ee9u v\u00e0 h\u1ecdc t\u1eadp\" \/>\n<meta name=\"robots\" content=\"index, follow, max-snippet:-1, max-image-preview:large, max-video-preview:-1\" \/>\n<link rel=\"canonical\" href=\"https:\/\/htiscientific.vn\/en\/product\/thiet-bi-tach-ly-tam-ban-lien-tuc-dung-tich-60-lit-dieu-khien-bang-may-tinh-va-man-hinh-cam-ung\/\" \/>\n<meta property=\"og:locale\" content=\"en_US\" \/>\n<meta property=\"og:type\" content=\"article\" \/>\n<meta property=\"og:title\" content=\"Thi\u1ebft b\u1ecb T\u00e1ch Ly T\u00e2m B\u00e1n Li\u00ean T\u1ee5c Dung T\u00edch 60 l\u00edt \u0110i\u1ec1u Khi\u1ec3n b\u1eb1ng M\u00e1y T\u00ednh v\u00e0 M\u00e0n H\u00ecnh C\u1ea3m \u1ee8ng - HTI Scientific\" \/>\n<meta property=\"og:description\" content=\"Thi\u1ebft b\u1ecb t\u00e1ch ly t\u00e2m b\u00e1n li\u00ean t\u1ee5c v\u1edbi m\u00e0n c\u1ea3m \u1ee9ng (SCS\/60\/CTS) m\u00f4 ph\u1ecfng qu\u00e1 tr\u00ecnh thu nh\u1eadn lignin t\u1eeb sinh kh\u1ed1i lignocellulose, ph\u1ee5c v\u1ee5 nghi\u00ean c\u1ee9u v\u00e0 h\u1ecdc t\u1eadp\" \/>\n<meta property=\"og:url\" content=\"https:\/\/htiscientific.vn\/en\/product\/thiet-bi-tach-ly-tam-ban-lien-tuc-dung-tich-60-lit-dieu-khien-bang-may-tinh-va-man-hinh-cam-ung\/\" \/>\n<meta property=\"og:site_name\" content=\"HTI Scientific\" \/>\n<meta property=\"article:publisher\" content=\"https:\/\/www.facebook.com\/htiscientific.vn\" \/>\n<meta property=\"article:modified_time\" content=\"2025-06-24T09:30:05+00:00\" \/>\n<meta property=\"og:image\" content=\"https:\/\/htiscientific.vn\/wp-content\/uploads\/2025\/06\/29.jpg\" \/>\n\t<meta property=\"og:image:width\" content=\"1000\" \/>\n\t<meta property=\"og:image:height\" content=\"1000\" \/>\n\t<meta property=\"og:image:type\" content=\"image\/jpeg\" \/>\n<meta name=\"twitter:card\" content=\"summary_large_image\" \/>\n<meta name=\"twitter:label1\" content=\"Est. reading time\" \/>\n\t<meta name=\"twitter:data1\" content=\"3 minutes\" \/>\n<script type=\"application\/ld+json\" class=\"yoast-schema-graph\">{\"@context\":\"https:\/\/schema.org\",\"@graph\":[{\"@type\":\"WebPage\",\"@id\":\"https:\/\/htiscientific.vn\/san-pham\/thiet-bi-tach-ly-tam-ban-lien-tuc-dung-tich-60-lit-dieu-khien-bang-may-tinh-va-man-hinh-cam-ung\/\",\"url\":\"https:\/\/htiscientific.vn\/san-pham\/thiet-bi-tach-ly-tam-ban-lien-tuc-dung-tich-60-lit-dieu-khien-bang-may-tinh-va-man-hinh-cam-ung\/\",\"name\":\"Thi\u1ebft b\u1ecb T\u00e1ch Ly T\u00e2m B\u00e1n Li\u00ean T\u1ee5c Dung T\u00edch 60 l\u00edt \u0110i\u1ec1u Khi\u1ec3n b\u1eb1ng M\u00e1y T\u00ednh v\u00e0 M\u00e0n H\u00ecnh C\u1ea3m \u1ee8ng - HTI Scientific\",\"isPartOf\":{\"@id\":\"https:\/\/htiscientific.vn\/#website\"},\"primaryImageOfPage\":{\"@id\":\"https:\/\/htiscientific.vn\/san-pham\/thiet-bi-tach-ly-tam-ban-lien-tuc-dung-tich-60-lit-dieu-khien-bang-may-tinh-va-man-hinh-cam-ung\/#primaryimage\"},\"image\":{\"@id\":\"https:\/\/htiscientific.vn\/san-pham\/thiet-bi-tach-ly-tam-ban-lien-tuc-dung-tich-60-lit-dieu-khien-bang-may-tinh-va-man-hinh-cam-ung\/#primaryimage\"},\"thumbnailUrl\":\"https:\/\/htiscientific.vn\/wp-content\/uploads\/2025\/06\/29.jpg\",\"datePublished\":\"2025-06-24T09:30:04+00:00\",\"dateModified\":\"2025-06-24T09:30:05+00:00\",\"description\":\"Thi\u1ebft b\u1ecb t\u00e1ch ly t\u00e2m b\u00e1n li\u00ean t\u1ee5c v\u1edbi m\u00e0n c\u1ea3m \u1ee9ng (SCS\/60\/CTS) m\u00f4 ph\u1ecfng qu\u00e1 tr\u00ecnh thu nh\u1eadn lignin t\u1eeb sinh kh\u1ed1i lignocellulose, ph\u1ee5c v\u1ee5 nghi\u00ean c\u1ee9u v\u00e0 h\u1ecdc t\u1eadp\",\"breadcrumb\":{\"@id\":\"https:\/\/htiscientific.vn\/san-pham\/thiet-bi-tach-ly-tam-ban-lien-tuc-dung-tich-60-lit-dieu-khien-bang-may-tinh-va-man-hinh-cam-ung\/#breadcrumb\"},\"inLanguage\":\"en-US\",\"potentialAction\":[{\"@type\":\"ReadAction\",\"target\":[\"https:\/\/htiscientific.vn\/san-pham\/thiet-bi-tach-ly-tam-ban-lien-tuc-dung-tich-60-lit-dieu-khien-bang-may-tinh-va-man-hinh-cam-ung\/\"]}]},{\"@type\":\"ImageObject\",\"inLanguage\":\"en-US\",\"@id\":\"https:\/\/htiscientific.vn\/san-pham\/thiet-bi-tach-ly-tam-ban-lien-tuc-dung-tich-60-lit-dieu-khien-bang-may-tinh-va-man-hinh-cam-ung\/#primaryimage\",\"url\":\"https:\/\/htiscientific.vn\/wp-content\/uploads\/2025\/06\/29.jpg\",\"contentUrl\":\"https:\/\/htiscientific.vn\/wp-content\/uploads\/2025\/06\/29.jpg\",\"width\":1000,\"height\":1000,\"caption\":\"tach-ly-tam-ban-lien-tuc\"},{\"@type\":\"BreadcrumbList\",\"@id\":\"https:\/\/htiscientific.vn\/san-pham\/thiet-bi-tach-ly-tam-ban-lien-tuc-dung-tich-60-lit-dieu-khien-bang-may-tinh-va-man-hinh-cam-ung\/#breadcrumb\",\"itemListElement\":[{\"@type\":\"ListItem\",\"position\":1,\"name\":\"Trang ch\u1ee7\",\"item\":\"https:\/\/htiscientific.vn\/\"},{\"@type\":\"ListItem\",\"position\":2,\"name\":\"C\u1eeda h\u00e0ng\",\"item\":\"https:\/\/htiscientific.vn\/cua-hang\/\"},{\"@type\":\"ListItem\",\"position\":3,\"name\":\"Thi\u1ebft b\u1ecb gi\u00e1o d\u1ee5c\",\"item\":\"https:\/\/htiscientific.vn\/danh-muc-san-pham\/thiet-bi-giao-duc\/\"},{\"@type\":\"ListItem\",\"position\":4,\"name\":\"M\u00f4i tr\u01b0\u1eddng\",\"item\":\"https:\/\/htiscientific.vn\/danh-muc-san-pham\/thiet-bi-giao-duc\/moi-truong\/\"},{\"@type\":\"ListItem\",\"position\":5,\"name\":\"Thi\u1ebft b\u1ecb T\u00e1ch Ly T\u00e2m B\u00e1n Li\u00ean T\u1ee5c Dung T\u00edch 60 l\u00edt \u0110i\u1ec1u Khi\u1ec3n b\u1eb1ng M\u00e1y T\u00ednh v\u00e0 M\u00e0n H\u00ecnh C\u1ea3m \u1ee8ng\"}]},{\"@type\":\"WebSite\",\"@id\":\"https:\/\/htiscientific.vn\/#website\",\"url\":\"https:\/\/htiscientific.vn\/\",\"name\":\"HTI Scientific\",\"description\":\"HTI Scientific\",\"publisher\":{\"@id\":\"https:\/\/htiscientific.vn\/#organization\"},\"potentialAction\":[{\"@type\":\"SearchAction\",\"target\":{\"@type\":\"EntryPoint\",\"urlTemplate\":\"https:\/\/htiscientific.vn\/?s={search_term_string}\"},\"query-input\":{\"@type\":\"PropertyValueSpecification\",\"valueRequired\":true,\"valueName\":\"search_term_string\"}}],\"inLanguage\":\"en-US\"},{\"@type\":\"Organization\",\"@id\":\"https:\/\/htiscientific.vn\/#organization\",\"name\":\"HTI Scientific\",\"alternateName\":\"HTI Scientific\",\"url\":\"https:\/\/htiscientific.vn\/\",\"logo\":{\"@type\":\"ImageObject\",\"inLanguage\":\"en-US\",\"@id\":\"https:\/\/htiscientific.vn\/#\/schema\/logo\/image\/\",\"url\":\"https:\/\/htiscientific.vn\/wp-content\/uploads\/2025\/03\/ava-hti-copy.jpg\",\"contentUrl\":\"https:\/\/htiscientific.vn\/wp-content\/uploads\/2025\/03\/ava-hti-copy.jpg\",\"width\":700,\"height\":450,\"caption\":\"HTI Scientific\"},\"image\":{\"@id\":\"https:\/\/htiscientific.vn\/#\/schema\/logo\/image\/\"},\"sameAs\":[\"https:\/\/www.facebook.com\/htiscientific.vn\"]}]}<\/script>\n<!-- \/ Yoast SEO plugin. -->","yoast_head_json":{"title":"Thi\u1ebft b\u1ecb T\u00e1ch Ly T\u00e2m B\u00e1n Li\u00ean T\u1ee5c Dung T\u00edch 60 l\u00edt \u0110i\u1ec1u Khi\u1ec3n b\u1eb1ng M\u00e1y T\u00ednh v\u00e0 M\u00e0n H\u00ecnh C\u1ea3m \u1ee8ng - HTI Scientific","description":"Thi\u1ebft b\u1ecb t\u00e1ch ly t\u00e2m b\u00e1n li\u00ean t\u1ee5c v\u1edbi m\u00e0n c\u1ea3m \u1ee9ng (SCS\/60\/CTS) m\u00f4 ph\u1ecfng qu\u00e1 tr\u00ecnh thu nh\u1eadn lignin t\u1eeb sinh kh\u1ed1i lignocellulose, ph\u1ee5c v\u1ee5 nghi\u00ean c\u1ee9u v\u00e0 h\u1ecdc t\u1eadp","robots":{"index":"index","follow":"follow","max-snippet":"max-snippet:-1","max-image-preview":"max-image-preview:large","max-video-preview":"max-video-preview:-1"},"canonical":"https:\/\/htiscientific.vn\/en\/product\/thiet-bi-tach-ly-tam-ban-lien-tuc-dung-tich-60-lit-dieu-khien-bang-may-tinh-va-man-hinh-cam-ung\/","og_locale":"en_US","og_type":"article","og_title":"Thi\u1ebft b\u1ecb T\u00e1ch Ly T\u00e2m B\u00e1n Li\u00ean T\u1ee5c Dung T\u00edch 60 l\u00edt \u0110i\u1ec1u Khi\u1ec3n b\u1eb1ng M\u00e1y T\u00ednh v\u00e0 M\u00e0n H\u00ecnh C\u1ea3m \u1ee8ng - HTI Scientific","og_description":"Thi\u1ebft b\u1ecb t\u00e1ch ly t\u00e2m b\u00e1n li\u00ean t\u1ee5c v\u1edbi m\u00e0n c\u1ea3m \u1ee9ng (SCS\/60\/CTS) m\u00f4 ph\u1ecfng qu\u00e1 tr\u00ecnh thu nh\u1eadn lignin t\u1eeb sinh kh\u1ed1i lignocellulose, ph\u1ee5c v\u1ee5 nghi\u00ean c\u1ee9u v\u00e0 h\u1ecdc t\u1eadp","og_url":"https:\/\/htiscientific.vn\/en\/product\/thiet-bi-tach-ly-tam-ban-lien-tuc-dung-tich-60-lit-dieu-khien-bang-may-tinh-va-man-hinh-cam-ung\/","og_site_name":"HTI Scientific","article_publisher":"https:\/\/www.facebook.com\/htiscientific.vn","article_modified_time":"2025-06-24T09:30:05+00:00","og_image":[{"width":1000,"height":1000,"url":"https:\/\/htiscientific.vn\/wp-content\/uploads\/2025\/06\/29.jpg","type":"image\/jpeg"}],"twitter_card":"summary_large_image","twitter_misc":{"Est. reading time":"3 minutes"},"schema":{"@context":"https:\/\/schema.org","@graph":[{"@type":"WebPage","@id":"https:\/\/htiscientific.vn\/san-pham\/thiet-bi-tach-ly-tam-ban-lien-tuc-dung-tich-60-lit-dieu-khien-bang-may-tinh-va-man-hinh-cam-ung\/","url":"https:\/\/htiscientific.vn\/san-pham\/thiet-bi-tach-ly-tam-ban-lien-tuc-dung-tich-60-lit-dieu-khien-bang-may-tinh-va-man-hinh-cam-ung\/","name":"Thi\u1ebft b\u1ecb T\u00e1ch Ly T\u00e2m B\u00e1n Li\u00ean T\u1ee5c Dung T\u00edch 60 l\u00edt \u0110i\u1ec1u Khi\u1ec3n b\u1eb1ng M\u00e1y T\u00ednh v\u00e0 M\u00e0n H\u00ecnh C\u1ea3m \u1ee8ng - HTI Scientific","isPartOf":{"@id":"https:\/\/htiscientific.vn\/#website"},"primaryImageOfPage":{"@id":"https:\/\/htiscientific.vn\/san-pham\/thiet-bi-tach-ly-tam-ban-lien-tuc-dung-tich-60-lit-dieu-khien-bang-may-tinh-va-man-hinh-cam-ung\/#primaryimage"},"image":{"@id":"https:\/\/htiscientific.vn\/san-pham\/thiet-bi-tach-ly-tam-ban-lien-tuc-dung-tich-60-lit-dieu-khien-bang-may-tinh-va-man-hinh-cam-ung\/#primaryimage"},"thumbnailUrl":"https:\/\/htiscientific.vn\/wp-content\/uploads\/2025\/06\/29.jpg","datePublished":"2025-06-24T09:30:04+00:00","dateModified":"2025-06-24T09:30:05+00:00","description":"Thi\u1ebft b\u1ecb t\u00e1ch ly t\u00e2m b\u00e1n li\u00ean t\u1ee5c v\u1edbi m\u00e0n c\u1ea3m \u1ee9ng (SCS\/60\/CTS) m\u00f4 ph\u1ecfng qu\u00e1 tr\u00ecnh thu nh\u1eadn lignin t\u1eeb sinh kh\u1ed1i lignocellulose, ph\u1ee5c v\u1ee5 nghi\u00ean c\u1ee9u v\u00e0 h\u1ecdc t\u1eadp","breadcrumb":{"@id":"https:\/\/htiscientific.vn\/san-pham\/thiet-bi-tach-ly-tam-ban-lien-tuc-dung-tich-60-lit-dieu-khien-bang-may-tinh-va-man-hinh-cam-ung\/#breadcrumb"},"inLanguage":"en-US","potentialAction":[{"@type":"ReadAction","target":["https:\/\/htiscientific.vn\/san-pham\/thiet-bi-tach-ly-tam-ban-lien-tuc-dung-tich-60-lit-dieu-khien-bang-may-tinh-va-man-hinh-cam-ung\/"]}]},{"@type":"ImageObject","inLanguage":"en-US","@id":"https:\/\/htiscientific.vn\/san-pham\/thiet-bi-tach-ly-tam-ban-lien-tuc-dung-tich-60-lit-dieu-khien-bang-may-tinh-va-man-hinh-cam-ung\/#primaryimage","url":"https:\/\/htiscientific.vn\/wp-content\/uploads\/2025\/06\/29.jpg","contentUrl":"https:\/\/htiscientific.vn\/wp-content\/uploads\/2025\/06\/29.jpg","width":1000,"height":1000,"caption":"tach-ly-tam-ban-lien-tuc"},{"@type":"BreadcrumbList","@id":"https:\/\/htiscientific.vn\/san-pham\/thiet-bi-tach-ly-tam-ban-lien-tuc-dung-tich-60-lit-dieu-khien-bang-may-tinh-va-man-hinh-cam-ung\/#breadcrumb","itemListElement":[{"@type":"ListItem","position":1,"name":"Trang ch\u1ee7","item":"https:\/\/htiscientific.vn\/"},{"@type":"ListItem","position":2,"name":"C\u1eeda h\u00e0ng","item":"https:\/\/htiscientific.vn\/cua-hang\/"},{"@type":"ListItem","position":3,"name":"Thi\u1ebft b\u1ecb gi\u00e1o d\u1ee5c","item":"https:\/\/htiscientific.vn\/danh-muc-san-pham\/thiet-bi-giao-duc\/"},{"@type":"ListItem","position":4,"name":"M\u00f4i tr\u01b0\u1eddng","item":"https:\/\/htiscientific.vn\/danh-muc-san-pham\/thiet-bi-giao-duc\/moi-truong\/"},{"@type":"ListItem","position":5,"name":"Thi\u1ebft b\u1ecb T\u00e1ch Ly T\u00e2m B\u00e1n Li\u00ean T\u1ee5c Dung T\u00edch 60 l\u00edt \u0110i\u1ec1u Khi\u1ec3n b\u1eb1ng M\u00e1y T\u00ednh v\u00e0 M\u00e0n H\u00ecnh C\u1ea3m \u1ee8ng"}]},{"@type":"WebSite","@id":"https:\/\/htiscientific.vn\/#website","url":"https:\/\/htiscientific.vn\/","name":"HTI Scientific","description":"HTI Scientific","publisher":{"@id":"https:\/\/htiscientific.vn\/#organization"},"potentialAction":[{"@type":"SearchAction","target":{"@type":"EntryPoint","urlTemplate":"https:\/\/htiscientific.vn\/?s={search_term_string}"},"query-input":{"@type":"PropertyValueSpecification","valueRequired":true,"valueName":"search_term_string"}}],"inLanguage":"en-US"},{"@type":"Organization","@id":"https:\/\/htiscientific.vn\/#organization","name":"HTI Scientific","alternateName":"HTI Scientific","url":"https:\/\/htiscientific.vn\/","logo":{"@type":"ImageObject","inLanguage":"en-US","@id":"https:\/\/htiscientific.vn\/#\/schema\/logo\/image\/","url":"https:\/\/htiscientific.vn\/wp-content\/uploads\/2025\/03\/ava-hti-copy.jpg","contentUrl":"https:\/\/htiscientific.vn\/wp-content\/uploads\/2025\/03\/ava-hti-copy.jpg","width":700,"height":450,"caption":"HTI Scientific"},"image":{"@id":"https:\/\/htiscientific.vn\/#\/schema\/logo\/image\/"},"sameAs":["https:\/\/www.facebook.com\/htiscientific.vn"]}]}},"_links":{"self":[{"href":"https:\/\/htiscientific.vn\/en\/wp-json\/wp\/v2\/product\/1829","targetHints":{"allow":["GET"]}}],"collection":[{"href":"https:\/\/htiscientific.vn\/en\/wp-json\/wp\/v2\/product"}],"about":[{"href":"https:\/\/htiscientific.vn\/en\/wp-json\/wp\/v2\/types\/product"}],"wp:featuredmedia":[{"embeddable":true,"href":"https:\/\/htiscientific.vn\/en\/wp-json\/wp\/v2\/media\/1830"}],"wp:attachment":[{"href":"https:\/\/htiscientific.vn\/en\/wp-json\/wp\/v2\/media?parent=1829"}],"wp:term":[{"taxonomy":"product_brand","embeddable":true,"href":"https:\/\/htiscientific.vn\/en\/wp-json\/wp\/v2\/product_brand?post=1829"},{"taxonomy":"product_cat","embeddable":true,"href":"https:\/\/htiscientific.vn\/en\/wp-json\/wp\/v2\/product_cat?post=1829"},{"taxonomy":"product_tag","embeddable":true,"href":"https:\/\/htiscientific.vn\/en\/wp-json\/wp\/v2\/product_tag?post=1829"}],"curies":[{"name":"wp","href":"https:\/\/api.w.org\/{rel}","templated":true}]}}