{"id":1827,"date":"2025-06-24T16:21:36","date_gmt":"2025-06-24T09:21:36","guid":{"rendered":"https:\/\/htiscientific.vn\/?post_type=product&#038;p=1827"},"modified":"2025-06-24T16:21:36","modified_gmt":"2025-06-24T09:21:36","slug":"he-thong-xu-ly-rua-khi-dieu-khien-bang-may-tinh","status":"publish","type":"product","link":"https:\/\/htiscientific.vn\/en\/product\/he-thong-xu-ly-rua-khi-dieu-khien-bang-may-tinh\/","title":{"rendered":"H\u1ec7 th\u1ed1ng X\u1eed l\u00fd R\u1eeda Kh\u00ed \u0110i\u1ec1u khi\u1ec3n b\u1eb1ng M\u00e1y t\u00ednh"},"content":{"rendered":"<p><span style=\"color: #000000;\">Thi\u1ebft b\u1ecb x\u1eed l\u00fd r\u1eeda kh\u00ed (PLGC &#8211; Computer Controlled Gas Washing Processing Plant) do EDIBON thi\u1ebft k\u1ebf cho ph\u00e9p \u0111\u00e1nh gi\u00e1 ho\u1ea1t \u0111\u1ed9ng c\u1ee7a h\u1ec7 th\u1ed1ng r\u1eeda kh\u00ed v\u00e0 ph\u00e2n t\u00edch hi\u1ec7u su\u1ea5t c\u1ee7a qu\u00e1 tr\u00ecnh n\u00e0y.<\/span><\/p>\n<p><span style=\"color: #000000;\"><strong>PLGC \u2013 H\u1ec7 th\u1ed1ng X\u1eed l\u00fd R\u1eeda Kh\u00ed \u0110i\u1ec1u khi\u1ec3n b\u1eb1ng M\u00e1y t\u00ednh<\/strong><\/span><\/p>\n<p><span style=\"color: #000000;\"><strong>C\u1ea5u tr\u00fac thi\u1ebft b\u1ecb:<\/strong><\/span><\/p>\n<ul>\n<li><span style=\"color: #000000;\">Khung nh\u00f4m anot h\u00f3a v\u00e0 c\u00e1c t\u1ea5m panel b\u1eb1ng th\u00e9p s\u01a1n t\u0129nh \u0111i\u1ec7n.<\/span><\/li>\n<li><span style=\"color: #000000;\">Thi\u1ebft b\u1ecb c\u00f3 b\u00e1nh xe gi\u00fap di chuy\u1ec3n d\u1ec5 d\u00e0ng.<\/span><\/li>\n<li><span style=\"color: #000000;\">C\u00e1c b\u1ed9 ph\u1eadn kim lo\u1ea1i ch\u00ednh \u0111\u01b0\u1ee3c l\u00e0m b\u1eb1ng th\u00e9p kh\u00f4ng g\u1ec9.<\/span><\/li>\n<li><span style=\"color: #000000;\">S\u01a1 \u0111\u1ed3 b\u1ed1 tr\u00ed c\u00e1c th\u00e0nh ph\u1ea7n tr\u00ean b\u1ea3ng \u0111i\u1ec1u khi\u1ec3n ph\u00eda tr\u01b0\u1edbc m\u00f4 ph\u1ecfng t\u01b0\u01a1ng t\u1ef1 nh\u01b0 h\u1ec7 th\u1ed1ng th\u1ef1c t\u1ebf.<\/span><\/li>\n<\/ul>\n<p><span style=\"color: #000000;\"><strong>C\u1ed9t \u0111\u1ec7m (Packed Column):<\/strong><\/span><\/p>\n<ul>\n<li><span style=\"color: #000000;\">C\u1ed9t \u0111\u01b0\u1ee3c t\u1ea1o th\u00e0nh t\u1eeb m\u1ed9t \u1ed1ng h\u00ecnh tr\u1ee5 b\u1eb1ng th\u1ee7y tinh d\u00e0i 1200 mm, \u0111\u01b0\u1eddng k\u00ednh trong 100 mm.<\/span><\/li>\n<li><span style=\"color: #000000;\">B\u00ean trong c\u1ed9t ch\u1ee9a c\u00e1c v\u00f2ng Raschig \u0111\u01b0\u1eddng k\u00ednh 8 mm, \u0111\u01b0\u1ee3c n\u00e2ng \u0111\u1ee1 b\u1edfi m\u1ed9t t\u1ea5m PVC.<\/span><\/li>\n<\/ul>\n<p><span style=\"color: #000000;\"><strong>B\u1ec3 ph\u1ea3n \u1ee9ng v\u00e0 l\u1eafng (Settler):<\/strong><\/span><\/p>\n<ul>\n<li><span style=\"color: #000000;\">K\u1ebft c\u1ea5u b\u1ec3 h\u00ecnh ch\u1eef nh\u1eadt b\u1eb1ng methacrylate, chi\u1ec1u cao 300 mm, chi\u1ec1u d\u00e0i 440 mm.<\/span><\/li>\n<\/ul>\n<p><span style=\"color: #000000;\"><strong>B\u1ec3 ch\u1ee9a n\u01b0\u1edbc c\u1ea5p:<\/strong><\/span><\/p>\n<ul>\n<li><span style=\"color: #000000;\">H\u00ecnh tr\u1ee5, chi\u1ec1u cao 300 mm, \u0111\u01b0\u1eddng k\u00ednh 300 mm.<\/span><\/li>\n<\/ul>\n<p><span style=\"color: #000000;\"><strong>C\u00e1c b\u01a1m \u0111i\u1ec1u khi\u1ec3n b\u1eb1ng m\u00e1y t\u00ednh:<\/strong><\/span><\/p>\n<ul>\n<li><span style=\"color: #000000;\">B\u01a1m c\u1ea5p n\u01b0\u1edbc v\u00e0o c\u1ed9t: l\u01b0u l\u01b0\u1ee3ng 4 m \u2013 20 l\/min, t\u1ed1c \u0111\u1ed9 quay 2700\/3100 v\u00f2ng\/ph\u00fat (rpm).<\/span><\/li>\n<li><span style=\"color: #000000;\">B\u01a1m c\u1ea5p ch\u1ea5t keo t\u1ee5 v\u00e0o b\u1ec3 ph\u1ea3n \u1ee9ng.<\/span><\/li>\n<\/ul>\n<p><span style=\"color: #000000;\"><strong>H\u1ec7 th\u1ed1ng c\u1ea5p ch\u1ea5t r\u1eafn:<\/strong><\/span><\/p>\n<ul>\n<li><span style=\"color: #000000;\">D\u00f9ng \u0111\u1ec3 \u0111\u01b0a b\u1ed9t v\u00e0o \u0111\u01b0\u1eddng d\u1eabn kh\u00ed.<\/span><\/li>\n<\/ul>\n<p><span style=\"color: #000000;\"><strong>M\u00e1y n\u00e9n kh\u00ed (blower) \u0111i\u1ec1u khi\u1ec3n b\u1eb1ng m\u00e1y t\u00ednh:<\/strong><\/span><\/p>\n<ul>\n<li><span style=\"color: #000000;\">T\u1ed1c \u0111\u1ed9 quay 2700 v\u00f2ng\/ph\u00fat, c\u00f4ng su\u1ea5t 0.25 kW.<\/span><\/li>\n<\/ul>\n<p><span style=\"color: #000000;\"><strong>Thi\u1ebft b\u1ecb khu\u1ea5y \u0111i\u1ec1u khi\u1ec3n b\u1eb1ng m\u00e1y t\u00ednh:<\/strong><\/span><\/p>\n<ul>\n<li><span style=\"color: #000000;\">D\u00f9ng \u0111\u1ec3 tr\u1ed9n n\u01b0\u1edbc ra kh\u1ecfi c\u1ed9t v\u1edbi ch\u1ea5t keo t\u1ee5.<\/span><\/li>\n<\/ul>\n<p><span style=\"color: #000000;\"><strong>Van v\u00e0 h\u1ec7 th\u1ed1ng \u0111i\u1ec1u ch\u1ec9nh d\u00f2ng ch\u1ea3y:<\/strong><\/span><\/p>\n<ul>\n<li><span style=\"color: #000000;\">Hai van hai chi\u1ec1u \u0111\u1ec3 \u0111i\u1ec1u ch\u1ec9nh l\u01b0u l\u01b0\u1ee3ng, \u0111\u1eb7t tr\u01b0\u1edbc l\u01b0u l\u01b0\u1ee3ng k\u1ebf c\u1ee7a kh\u00ed v\u00e0 n\u01b0\u1edbc.<\/span><\/li>\n<li><span style=\"color: #000000;\">Van bi d\u00f9ng \u0111\u1ec3 x\u1ea3 b\u00f9n.<\/span><\/li>\n<\/ul>\n<p><span style=\"color: #000000;\"><strong>C\u1ea3m bi\u1ebfn:<\/strong><\/span><\/p>\n<ul>\n<li><span style=\"color: #000000;\">C\u1ea3m bi\u1ebfn l\u01b0u l\u01b0\u1ee3ng kh\u00ed: d\u1ea3i \u0111o 0 \u2013 4 m\u00b3\/h.<\/span><\/li>\n<li><span style=\"color: #000000;\">C\u1ea3m bi\u1ebfn l\u01b0u l\u01b0\u1ee3ng n\u01b0\u1edbc: d\u1ea3i \u0111o 0.2 \u2013 6 l\/min.<\/span><\/li>\n<li><span style=\"color: #000000;\">Hai l\u01b0u l\u01b0\u1ee3ng k\u1ebf.<\/span><\/li>\n<li><span style=\"color: #000000;\">C\u1ea3m bi\u1ebfn ch\u00eanh \u00e1p tr\u00ean c\u1ed9t: d\u1ea3i \u0111o 0 \u2013 1 psi.<\/span><\/li>\n<li><span style=\"color: #000000;\">C\u1ea3m bi\u1ebfn pH.<\/span><\/li>\n<\/ul>\n<p><span style=\"color: #000000;\"><strong>Thi\u1ebft b\u1ecb bao g\u1ed3m:<\/strong><\/span><\/p>\n<ul>\n<li><span style=\"color: #000000;\">SCADA th\u1eddi gian th\u1ef1c ti\u00ean ti\u1ebfn.<\/span><\/li>\n<li><span style=\"color: #000000;\">\u0110i\u1ec1u khi\u1ec3n m\u1edf + \u0110i\u1ec1u khi\u1ec3n \u0111a k\u00eanh + \u0110i\u1ec1u khi\u1ec3n th\u1eddi gian th\u1ef1c.<\/span><\/li>\n<li><span style=\"color: #000000;\">Ph\u1ea7n m\u1ec1m \u0111i\u1ec1u khi\u1ec3n chuy\u00ean d\u1ee5ng c\u1ee7a EDIBON d\u1ef1a tr\u00ean LabVIEW.<\/span><\/li>\n<li><span style=\"color: #000000;\">Bo m\u1ea1ch thu th\u1eadp d\u1eef li\u1ec7u c\u1ee7a National Instruments: t\u1ed1c \u0111\u1ed9 250 KS\/s (kilo m\u1eabu\/gi\u00e2y).<\/span><\/li>\n<li><span style=\"color: #000000;\">B\u00e0i t\u1eadp hi\u1ec7u chu\u1ea9n h\u01b0\u1edbng d\u1eabn ng\u01b0\u1eddi d\u00f9ng c\u00e1ch hi\u1ec7u chu\u1ea9n c\u1ea3m bi\u1ebfn v\u00e0 t\u1ea7m quan tr\u1ecdng c\u1ee7a vi\u1ec7c ki\u1ec3m tra \u0111\u1ed9 ch\u00ednh x\u00e1c tr\u01b0\u1edbc khi \u0111o.<\/span><\/li>\n<li><span style=\"color: #000000;\">T\u01b0\u01a1ng th\u00edch v\u1edbi m\u00e1y chi\u1ebfu ho\u1eb7c b\u1ea3ng tr\u1eafng \u0111i\u1ec7n t\u1eed gi\u00fap tr\u00ecnh b\u00e0y v\u00e0 gi\u1ea3i th\u00edch tr\u1ef1c ti\u1ebfp cho c\u1ea3 l\u1edbp h\u1ecdc.<\/span><\/li>\n<li><span style=\"color: #000000;\">H\u1ed7 tr\u1ee3 nghi\u00ean c\u1ee9u \u1ee9ng d\u1ee5ng, m\u00f4 ph\u1ecfng c\u00f4ng nghi\u1ec7p th\u1ef1c t\u1ebf v\u00e0 \u0111\u00e0o t\u1ea1o chuy\u00ean s\u00e2u.<\/span><\/li>\n<li><span style=\"color: #000000;\">\u0110i\u1ec1u khi\u1ec3n t\u1eeb xa cho ng\u01b0\u1eddi d\u00f9ng v\u00e0 h\u1ed7 tr\u1ee3 k\u1ef9 thu\u1eadt t\u1eeb xa c\u1ee7a EDIBON.<\/span><\/li>\n<li><span style=\"color: #000000;\">H\u1ec7 th\u1ed1ng an to\u00e0n 4 c\u1ea5p (C\u01a1 kh\u00ed, \u0110i\u1ec7n, \u0110i\u1ec7n t\u1eed, Ph\u1ea7n m\u1ec1m).<\/span><\/li>\n<li><span style=\"color: #000000;\">Thi\u1ebft k\u1ebf v\u00e0 s\u1ea3n xu\u1ea5t theo nhi\u1ec1u ti\u00eau chu\u1ea9n ch\u1ea5t l\u01b0\u1ee3ng.<\/span><\/li>\n<li><span style=\"color: #000000;\">Ph\u1ea7n m\u1ec1m ICAI (t\u00f9y ch\u1ecdn): t\u1ea1o, ch\u1ec9nh s\u1eeda v\u00e0 th\u1ef1c hi\u1ec7n c\u00e1c b\u00e0i th\u1ef1c h\u00e0nh, ki\u1ec3m tra, t\u00ednh to\u00e1n\u2026 \u0111\u1ed3ng th\u1eddi theo d\u00f5i qu\u00e1 tr\u00ecnh h\u1ecdc t\u1eadp v\u00e0 ti\u1ebfn b\u1ed9 c\u1ee7a ng\u01b0\u1eddi d\u00f9ng.<\/span><\/li>\n<li><span style=\"color: #000000;\">M\u1edf r\u1ed9ng v\u00e0 t\u00edch h\u1ee3p trong t\u01b0\u01a1ng lai: h\u1ed7 tr\u1ee3 m\u1edf r\u1ed9ng b\u1eb1ng h\u1ec7 th\u1ed1ng EDIBON Scada-Net (ESN), cho ph\u00e9p nhi\u1ec1u sinh vi\u00ean v\u1eadn h\u00e0nh nhi\u1ec1u thi\u1ebft b\u1ecb \u0111\u1ed3ng th\u1eddi qua m\u1ea1ng.<\/span><\/li>\n<\/ul>","protected":false},"excerpt":{"rendered":"<p><span style=\"color: #000000;\">Thi\u1ebft b\u1ecb x\u1eed l\u00fd r\u1eeda kh\u00ed (PLGC &#8211; Computer Controlled Gas Washing Processing Plant) do EDIBON thi\u1ebft k\u1ebf cho ph\u00e9p \u0111\u00e1nh gi\u00e1 ho\u1ea1t \u0111\u1ed9ng c\u1ee7a h\u1ec7 th\u1ed1ng r\u1eeda kh\u00ed v\u00e0 ph\u00e2n t\u00edch hi\u1ec7u su\u1ea5t c\u1ee7a qu\u00e1 tr\u00ecnh n\u00e0y.<\/span><\/p>","protected":false},"featured_media":1828,"template":"","meta":{"inline_featured_image":false},"product_brand":[47],"product_cat":[96,90],"product_tag":[],"class_list":{"0":"post-1827","1":"product","2":"type-product","3":"status-publish","4":"has-post-thumbnail","6":"product_brand-edibon","7":"product_cat-moi-truong","8":"product_cat-thiet-bi-giao-duc","10":"first","11":"instock","12":"shipping-taxable","13":"product-type-simple"},"yoast_head":"<!-- This site is optimized with the Yoast SEO plugin v24.7 - https:\/\/yoast.com\/wordpress\/plugins\/seo\/ -->\n<title>H\u1ec7 th\u1ed1ng X\u1eed l\u00fd R\u1eeda Kh\u00ed \u0110i\u1ec1u khi\u1ec3n b\u1eb1ng M\u00e1y t\u00ednh - HTI Scientific<\/title>\n<meta name=\"description\" content=\"Thi\u1ebft b\u1ecb x\u1eed l\u00fd r\u1eeda kh\u00ed \u0111\u00e1nh gi\u00e1 ho\u1ea1t \u0111\u1ed9ng c\u1ee7a h\u1ec7 th\u1ed1ng r\u1eeda kh\u00ed v\u00e0 ph\u00e2n t\u00edch hi\u1ec7u qu\u1ea3. C\u1ea5u tr\u00fac bao g\u1ed3m: khung nh\u00f4m, c\u00e1c t\u1ea5m panel, c\u1ed9t \u0111\u1ec7m, b\u1ec1 m\u1eb7t ph\u1ea3n \u1ee9ng\" \/>\n<meta name=\"robots\" content=\"index, follow, max-snippet:-1, max-image-preview:large, max-video-preview:-1\" \/>\n<link rel=\"canonical\" href=\"https:\/\/htiscientific.vn\/en\/product\/he-thong-xu-ly-rua-khi-dieu-khien-bang-may-tinh\/\" \/>\n<meta property=\"og:locale\" content=\"en_US\" \/>\n<meta property=\"og:type\" content=\"article\" \/>\n<meta property=\"og:title\" content=\"H\u1ec7 th\u1ed1ng X\u1eed l\u00fd R\u1eeda Kh\u00ed \u0110i\u1ec1u khi\u1ec3n b\u1eb1ng M\u00e1y t\u00ednh - HTI Scientific\" \/>\n<meta property=\"og:description\" content=\"Thi\u1ebft b\u1ecb x\u1eed l\u00fd r\u1eeda kh\u00ed \u0111\u00e1nh gi\u00e1 ho\u1ea1t \u0111\u1ed9ng c\u1ee7a h\u1ec7 th\u1ed1ng r\u1eeda kh\u00ed v\u00e0 ph\u00e2n t\u00edch hi\u1ec7u qu\u1ea3. C\u1ea5u tr\u00fac bao g\u1ed3m: khung nh\u00f4m, c\u00e1c t\u1ea5m panel, c\u1ed9t \u0111\u1ec7m, b\u1ec1 m\u1eb7t ph\u1ea3n \u1ee9ng\" \/>\n<meta property=\"og:url\" content=\"https:\/\/htiscientific.vn\/en\/product\/he-thong-xu-ly-rua-khi-dieu-khien-bang-may-tinh\/\" \/>\n<meta property=\"og:site_name\" content=\"HTI Scientific\" \/>\n<meta property=\"article:publisher\" content=\"https:\/\/www.facebook.com\/htiscientific.vn\" \/>\n<meta property=\"og:image\" content=\"https:\/\/htiscientific.vn\/wp-content\/uploads\/2025\/06\/25.jpg\" \/>\n\t<meta property=\"og:image:width\" content=\"1000\" \/>\n\t<meta property=\"og:image:height\" content=\"1000\" \/>\n\t<meta property=\"og:image:type\" content=\"image\/jpeg\" \/>\n<meta name=\"twitter:card\" content=\"summary_large_image\" \/>\n<meta name=\"twitter:label1\" content=\"Est. reading time\" \/>\n\t<meta name=\"twitter:data1\" content=\"4 minutes\" \/>\n<script type=\"application\/ld+json\" class=\"yoast-schema-graph\">{\"@context\":\"https:\/\/schema.org\",\"@graph\":[{\"@type\":\"WebPage\",\"@id\":\"https:\/\/htiscientific.vn\/san-pham\/he-thong-xu-ly-rua-khi-dieu-khien-bang-may-tinh\/\",\"url\":\"https:\/\/htiscientific.vn\/san-pham\/he-thong-xu-ly-rua-khi-dieu-khien-bang-may-tinh\/\",\"name\":\"H\u1ec7 th\u1ed1ng X\u1eed l\u00fd R\u1eeda Kh\u00ed \u0110i\u1ec1u khi\u1ec3n b\u1eb1ng M\u00e1y t\u00ednh - HTI Scientific\",\"isPartOf\":{\"@id\":\"https:\/\/htiscientific.vn\/#website\"},\"primaryImageOfPage\":{\"@id\":\"https:\/\/htiscientific.vn\/san-pham\/he-thong-xu-ly-rua-khi-dieu-khien-bang-may-tinh\/#primaryimage\"},\"image\":{\"@id\":\"https:\/\/htiscientific.vn\/san-pham\/he-thong-xu-ly-rua-khi-dieu-khien-bang-may-tinh\/#primaryimage\"},\"thumbnailUrl\":\"https:\/\/htiscientific.vn\/wp-content\/uploads\/2025\/06\/25.jpg\",\"datePublished\":\"2025-06-24T09:21:36+00:00\",\"description\":\"Thi\u1ebft b\u1ecb x\u1eed l\u00fd r\u1eeda kh\u00ed \u0111\u00e1nh gi\u00e1 ho\u1ea1t \u0111\u1ed9ng c\u1ee7a h\u1ec7 th\u1ed1ng r\u1eeda kh\u00ed v\u00e0 ph\u00e2n t\u00edch hi\u1ec7u qu\u1ea3. C\u1ea5u tr\u00fac bao g\u1ed3m: khung nh\u00f4m, c\u00e1c t\u1ea5m panel, c\u1ed9t \u0111\u1ec7m, b\u1ec1 m\u1eb7t ph\u1ea3n \u1ee9ng\",\"breadcrumb\":{\"@id\":\"https:\/\/htiscientific.vn\/san-pham\/he-thong-xu-ly-rua-khi-dieu-khien-bang-may-tinh\/#breadcrumb\"},\"inLanguage\":\"en-US\",\"potentialAction\":[{\"@type\":\"ReadAction\",\"target\":[\"https:\/\/htiscientific.vn\/san-pham\/he-thong-xu-ly-rua-khi-dieu-khien-bang-may-tinh\/\"]}]},{\"@type\":\"ImageObject\",\"inLanguage\":\"en-US\",\"@id\":\"https:\/\/htiscientific.vn\/san-pham\/he-thong-xu-ly-rua-khi-dieu-khien-bang-may-tinh\/#primaryimage\",\"url\":\"https:\/\/htiscientific.vn\/wp-content\/uploads\/2025\/06\/25.jpg\",\"contentUrl\":\"https:\/\/htiscientific.vn\/wp-content\/uploads\/2025\/06\/25.jpg\",\"width\":1000,\"height\":1000,\"caption\":\"xu-ly-rua-khi\"},{\"@type\":\"BreadcrumbList\",\"@id\":\"https:\/\/htiscientific.vn\/san-pham\/he-thong-xu-ly-rua-khi-dieu-khien-bang-may-tinh\/#breadcrumb\",\"itemListElement\":[{\"@type\":\"ListItem\",\"position\":1,\"name\":\"Trang ch\u1ee7\",\"item\":\"https:\/\/htiscientific.vn\/\"},{\"@type\":\"ListItem\",\"position\":2,\"name\":\"C\u1eeda h\u00e0ng\",\"item\":\"https:\/\/htiscientific.vn\/cua-hang\/\"},{\"@type\":\"ListItem\",\"position\":3,\"name\":\"Thi\u1ebft b\u1ecb gi\u00e1o d\u1ee5c\",\"item\":\"https:\/\/htiscientific.vn\/danh-muc-san-pham\/thiet-bi-giao-duc\/\"},{\"@type\":\"ListItem\",\"position\":4,\"name\":\"M\u00f4i tr\u01b0\u1eddng\",\"item\":\"https:\/\/htiscientific.vn\/danh-muc-san-pham\/thiet-bi-giao-duc\/moi-truong\/\"},{\"@type\":\"ListItem\",\"position\":5,\"name\":\"H\u1ec7 th\u1ed1ng X\u1eed l\u00fd R\u1eeda Kh\u00ed \u0110i\u1ec1u khi\u1ec3n b\u1eb1ng M\u00e1y t\u00ednh\"}]},{\"@type\":\"WebSite\",\"@id\":\"https:\/\/htiscientific.vn\/#website\",\"url\":\"https:\/\/htiscientific.vn\/\",\"name\":\"HTI Scientific\",\"description\":\"HTI Scientific\",\"publisher\":{\"@id\":\"https:\/\/htiscientific.vn\/#organization\"},\"potentialAction\":[{\"@type\":\"SearchAction\",\"target\":{\"@type\":\"EntryPoint\",\"urlTemplate\":\"https:\/\/htiscientific.vn\/?s={search_term_string}\"},\"query-input\":{\"@type\":\"PropertyValueSpecification\",\"valueRequired\":true,\"valueName\":\"search_term_string\"}}],\"inLanguage\":\"en-US\"},{\"@type\":\"Organization\",\"@id\":\"https:\/\/htiscientific.vn\/#organization\",\"name\":\"HTI Scientific\",\"alternateName\":\"HTI Scientific\",\"url\":\"https:\/\/htiscientific.vn\/\",\"logo\":{\"@type\":\"ImageObject\",\"inLanguage\":\"en-US\",\"@id\":\"https:\/\/htiscientific.vn\/#\/schema\/logo\/image\/\",\"url\":\"https:\/\/htiscientific.vn\/wp-content\/uploads\/2025\/03\/ava-hti-copy.jpg\",\"contentUrl\":\"https:\/\/htiscientific.vn\/wp-content\/uploads\/2025\/03\/ava-hti-copy.jpg\",\"width\":700,\"height\":450,\"caption\":\"HTI Scientific\"},\"image\":{\"@id\":\"https:\/\/htiscientific.vn\/#\/schema\/logo\/image\/\"},\"sameAs\":[\"https:\/\/www.facebook.com\/htiscientific.vn\"]}]}<\/script>\n<!-- \/ Yoast SEO plugin. -->","yoast_head_json":{"title":"H\u1ec7 th\u1ed1ng X\u1eed l\u00fd R\u1eeda Kh\u00ed \u0110i\u1ec1u khi\u1ec3n b\u1eb1ng M\u00e1y t\u00ednh - HTI Scientific","description":"Thi\u1ebft b\u1ecb x\u1eed l\u00fd r\u1eeda kh\u00ed \u0111\u00e1nh gi\u00e1 ho\u1ea1t \u0111\u1ed9ng c\u1ee7a h\u1ec7 th\u1ed1ng r\u1eeda kh\u00ed v\u00e0 ph\u00e2n t\u00edch hi\u1ec7u qu\u1ea3. C\u1ea5u tr\u00fac bao g\u1ed3m: khung nh\u00f4m, c\u00e1c t\u1ea5m panel, c\u1ed9t \u0111\u1ec7m, b\u1ec1 m\u1eb7t ph\u1ea3n \u1ee9ng","robots":{"index":"index","follow":"follow","max-snippet":"max-snippet:-1","max-image-preview":"max-image-preview:large","max-video-preview":"max-video-preview:-1"},"canonical":"https:\/\/htiscientific.vn\/en\/product\/he-thong-xu-ly-rua-khi-dieu-khien-bang-may-tinh\/","og_locale":"en_US","og_type":"article","og_title":"H\u1ec7 th\u1ed1ng X\u1eed l\u00fd R\u1eeda Kh\u00ed \u0110i\u1ec1u khi\u1ec3n b\u1eb1ng M\u00e1y t\u00ednh - HTI Scientific","og_description":"Thi\u1ebft b\u1ecb x\u1eed l\u00fd r\u1eeda kh\u00ed \u0111\u00e1nh gi\u00e1 ho\u1ea1t \u0111\u1ed9ng c\u1ee7a h\u1ec7 th\u1ed1ng r\u1eeda kh\u00ed v\u00e0 ph\u00e2n t\u00edch hi\u1ec7u qu\u1ea3. C\u1ea5u tr\u00fac bao g\u1ed3m: khung nh\u00f4m, c\u00e1c t\u1ea5m panel, c\u1ed9t \u0111\u1ec7m, b\u1ec1 m\u1eb7t ph\u1ea3n \u1ee9ng","og_url":"https:\/\/htiscientific.vn\/en\/product\/he-thong-xu-ly-rua-khi-dieu-khien-bang-may-tinh\/","og_site_name":"HTI Scientific","article_publisher":"https:\/\/www.facebook.com\/htiscientific.vn","og_image":[{"width":1000,"height":1000,"url":"https:\/\/htiscientific.vn\/wp-content\/uploads\/2025\/06\/25.jpg","type":"image\/jpeg"}],"twitter_card":"summary_large_image","twitter_misc":{"Est. reading time":"4 minutes"},"schema":{"@context":"https:\/\/schema.org","@graph":[{"@type":"WebPage","@id":"https:\/\/htiscientific.vn\/san-pham\/he-thong-xu-ly-rua-khi-dieu-khien-bang-may-tinh\/","url":"https:\/\/htiscientific.vn\/san-pham\/he-thong-xu-ly-rua-khi-dieu-khien-bang-may-tinh\/","name":"H\u1ec7 th\u1ed1ng X\u1eed l\u00fd R\u1eeda Kh\u00ed \u0110i\u1ec1u khi\u1ec3n b\u1eb1ng M\u00e1y t\u00ednh - HTI Scientific","isPartOf":{"@id":"https:\/\/htiscientific.vn\/#website"},"primaryImageOfPage":{"@id":"https:\/\/htiscientific.vn\/san-pham\/he-thong-xu-ly-rua-khi-dieu-khien-bang-may-tinh\/#primaryimage"},"image":{"@id":"https:\/\/htiscientific.vn\/san-pham\/he-thong-xu-ly-rua-khi-dieu-khien-bang-may-tinh\/#primaryimage"},"thumbnailUrl":"https:\/\/htiscientific.vn\/wp-content\/uploads\/2025\/06\/25.jpg","datePublished":"2025-06-24T09:21:36+00:00","description":"Thi\u1ebft b\u1ecb x\u1eed l\u00fd r\u1eeda kh\u00ed \u0111\u00e1nh gi\u00e1 ho\u1ea1t \u0111\u1ed9ng c\u1ee7a h\u1ec7 th\u1ed1ng r\u1eeda kh\u00ed v\u00e0 ph\u00e2n t\u00edch hi\u1ec7u qu\u1ea3. C\u1ea5u tr\u00fac bao g\u1ed3m: khung nh\u00f4m, c\u00e1c t\u1ea5m panel, c\u1ed9t \u0111\u1ec7m, b\u1ec1 m\u1eb7t ph\u1ea3n \u1ee9ng","breadcrumb":{"@id":"https:\/\/htiscientific.vn\/san-pham\/he-thong-xu-ly-rua-khi-dieu-khien-bang-may-tinh\/#breadcrumb"},"inLanguage":"en-US","potentialAction":[{"@type":"ReadAction","target":["https:\/\/htiscientific.vn\/san-pham\/he-thong-xu-ly-rua-khi-dieu-khien-bang-may-tinh\/"]}]},{"@type":"ImageObject","inLanguage":"en-US","@id":"https:\/\/htiscientific.vn\/san-pham\/he-thong-xu-ly-rua-khi-dieu-khien-bang-may-tinh\/#primaryimage","url":"https:\/\/htiscientific.vn\/wp-content\/uploads\/2025\/06\/25.jpg","contentUrl":"https:\/\/htiscientific.vn\/wp-content\/uploads\/2025\/06\/25.jpg","width":1000,"height":1000,"caption":"xu-ly-rua-khi"},{"@type":"BreadcrumbList","@id":"https:\/\/htiscientific.vn\/san-pham\/he-thong-xu-ly-rua-khi-dieu-khien-bang-may-tinh\/#breadcrumb","itemListElement":[{"@type":"ListItem","position":1,"name":"Trang ch\u1ee7","item":"https:\/\/htiscientific.vn\/"},{"@type":"ListItem","position":2,"name":"C\u1eeda h\u00e0ng","item":"https:\/\/htiscientific.vn\/cua-hang\/"},{"@type":"ListItem","position":3,"name":"Thi\u1ebft b\u1ecb gi\u00e1o d\u1ee5c","item":"https:\/\/htiscientific.vn\/danh-muc-san-pham\/thiet-bi-giao-duc\/"},{"@type":"ListItem","position":4,"name":"M\u00f4i tr\u01b0\u1eddng","item":"https:\/\/htiscientific.vn\/danh-muc-san-pham\/thiet-bi-giao-duc\/moi-truong\/"},{"@type":"ListItem","position":5,"name":"H\u1ec7 th\u1ed1ng X\u1eed l\u00fd R\u1eeda Kh\u00ed \u0110i\u1ec1u khi\u1ec3n b\u1eb1ng M\u00e1y t\u00ednh"}]},{"@type":"WebSite","@id":"https:\/\/htiscientific.vn\/#website","url":"https:\/\/htiscientific.vn\/","name":"HTI Scientific","description":"HTI Scientific","publisher":{"@id":"https:\/\/htiscientific.vn\/#organization"},"potentialAction":[{"@type":"SearchAction","target":{"@type":"EntryPoint","urlTemplate":"https:\/\/htiscientific.vn\/?s={search_term_string}"},"query-input":{"@type":"PropertyValueSpecification","valueRequired":true,"valueName":"search_term_string"}}],"inLanguage":"en-US"},{"@type":"Organization","@id":"https:\/\/htiscientific.vn\/#organization","name":"HTI Scientific","alternateName":"HTI Scientific","url":"https:\/\/htiscientific.vn\/","logo":{"@type":"ImageObject","inLanguage":"en-US","@id":"https:\/\/htiscientific.vn\/#\/schema\/logo\/image\/","url":"https:\/\/htiscientific.vn\/wp-content\/uploads\/2025\/03\/ava-hti-copy.jpg","contentUrl":"https:\/\/htiscientific.vn\/wp-content\/uploads\/2025\/03\/ava-hti-copy.jpg","width":700,"height":450,"caption":"HTI Scientific"},"image":{"@id":"https:\/\/htiscientific.vn\/#\/schema\/logo\/image\/"},"sameAs":["https:\/\/www.facebook.com\/htiscientific.vn"]}]}},"_links":{"self":[{"href":"https:\/\/htiscientific.vn\/en\/wp-json\/wp\/v2\/product\/1827","targetHints":{"allow":["GET"]}}],"collection":[{"href":"https:\/\/htiscientific.vn\/en\/wp-json\/wp\/v2\/product"}],"about":[{"href":"https:\/\/htiscientific.vn\/en\/wp-json\/wp\/v2\/types\/product"}],"wp:featuredmedia":[{"embeddable":true,"href":"https:\/\/htiscientific.vn\/en\/wp-json\/wp\/v2\/media\/1828"}],"wp:attachment":[{"href":"https:\/\/htiscientific.vn\/en\/wp-json\/wp\/v2\/media?parent=1827"}],"wp:term":[{"taxonomy":"product_brand","embeddable":true,"href":"https:\/\/htiscientific.vn\/en\/wp-json\/wp\/v2\/product_brand?post=1827"},{"taxonomy":"product_cat","embeddable":true,"href":"https:\/\/htiscientific.vn\/en\/wp-json\/wp\/v2\/product_cat?post=1827"},{"taxonomy":"product_tag","embeddable":true,"href":"https:\/\/htiscientific.vn\/en\/wp-json\/wp\/v2\/product_tag?post=1827"}],"curies":[{"name":"wp","href":"https:\/\/api.w.org\/{rel}","templated":true}]}}