{"id":1823,"date":"2025-06-24T16:05:24","date_gmt":"2025-06-24T09:05:24","guid":{"rendered":"https:\/\/htiscientific.vn\/?post_type=product&#038;p=1823"},"modified":"2025-06-24T16:05:24","modified_gmt":"2025-06-24T09:05:24","slug":"thiet-bi-kiem-tra-keo-tu-va-tao-bong-dieu-khien-bang-may-tinh","status":"publish","type":"product","link":"https:\/\/htiscientific.vn\/en\/product\/thiet-bi-kiem-tra-keo-tu-va-tao-bong-dieu-khien-bang-may-tinh\/","title":{"rendered":"Thi\u1ebft b\u1ecb ki\u1ec3m tra keo t\u1ee5 v\u00e0 t\u1ea1o b\u00f4ng \u0111i\u1ec1u khi\u1ec3n b\u1eb1ng m\u00e1y t\u00ednh"},"content":{"rendered":"<p><span style=\"color: #000000;\">Thi\u1ebft b\u1ecb ki\u1ec3m tra keo t\u1ee5 v\u00e0 t\u1ea1o b\u00f4ng \u0111i\u1ec1u khi\u1ec3n b\u1eb1ng m\u00e1y t\u00ednh (PEFC &#8211; Computer Controlled Flocculation Test Unit) cho ph\u00e9p nghi\u00ean c\u1ee9u c\u00e1c qu\u00e1 tr\u00ecnh keo t\u1ee5 v\u00e0 t\u1ea1o b\u00f4ng, \u0111\u1ed3ng th\u1eddi ph\u00e2n t\u00edch c\u00e1c th\u00f4ng s\u1ed1 ch\u00ednh \u1ea3nh h\u01b0\u1edfng \u0111\u1ebfn qu\u00e1 tr\u00ecnh lo\u1ea1i b\u1ecf c\u00e1c h\u1ea1t keo.<\/span><\/p>\n<p><span style=\"color: #000000;\"><strong>Thi\u1ebft b\u1ecb PEFC:<\/strong><\/span><\/p>\n<ul>\n<li><span style=\"color: #000000;\">Thi\u1ebft b\u1ecb d\u1ea1ng \u0111\u1ec3 b\u00e0n.<\/span><\/li>\n<li><span style=\"color: #000000;\">C\u00e1c th\u00e0nh ph\u1ea7n kim lo\u1ea1i ch\u00ednh \u0111\u01b0\u1ee3c l\u00e0m b\u1eb1ng th\u00e9p kh\u00f4ng g\u1ec9.<\/span><\/li>\n<li><span style=\"color: #000000;\">S\u01a1 \u0111\u1ed3 b\u1ed1 tr\u00ed c\u00e1c b\u1ed9 ph\u1eadn tr\u00ean b\u1ea3ng \u0111i\u1ec1u khi\u1ec3n ph\u00eda tr\u01b0\u1edbc t\u01b0\u01a1ng t\u1ef1 nh\u01b0 thi\u1ebft b\u1ecb th\u1ef1c t\u1ebf.<\/span><\/li>\n<\/ul>\n<p><span style=\"color: #000000;\"><strong>H\u1ec7 th\u1ed1ng ki\u1ec3m tra keo t\u1ee5 v\u00e0 t\u1ea1o b\u00f4ng \u0111\u01b0\u1ee3c chi\u1ebfu s\u00e1ng t\u1eeb ph\u00eda sau:<\/strong><\/span><\/p>\n<ul>\n<li><span style=\"color: #000000;\">S\u00e1u c\u00e1nh khu\u1ea5y b\u1eb1ng th\u00e9p kh\u00f4ng g\u1ec9 v\u1edbi kh\u1ea3 n\u0103ng \u0111i\u1ec1u ch\u1ec9nh t\u1ed1c \u0111\u1ed9 khu\u1ea5y: 10 \u2013 300 v\u00f2ng\/ph\u00fat (rpm).<\/span><\/li>\n<li><span style=\"color: #000000;\">S\u00e1u b\u00ecnh \u0111o cho qu\u00e1 tr\u00ecnh t\u1ea1o b\u00f4ng.<\/span><\/li>\n<li><span style=\"color: #000000;\">Dung t\u00edch m\u1eabu m\u1ed7i b\u00ecnh: 1 l\u00edt.<\/span><\/li>\n<\/ul>\n<p><span style=\"color: #000000;\"><strong>B\u1ea3ng \u0111i\u1ec1u khi\u1ec3n:<\/strong><\/span><\/p>\n<ul>\n<li><span style=\"color: #000000;\">B\u1ed9 h\u1eb9n gi\u1edd, d\u1ea3i \u0111o: 0 \u2013 999 ph\u00fat \/ 0 \u2013 99 gi\u1edd.<\/span><\/li>\n<li><span style=\"color: #000000;\">C\u00f4ng t\u1eafc \u0111\u00e8n chi\u1ebfu s\u00e1ng.<\/span><\/li>\n<li><span style=\"color: #000000;\">B\u1ed9 \u0111i\u1ec1u ch\u1ec9nh t\u1ed1c \u0111\u1ed9 (rpm) v\u00e0 m\u00e0n h\u00ecnh hi\u1ec3n th\u1ecb t\u1ed1c \u0111\u1ed9.<\/span><\/li>\n<\/ul>\n<p><span style=\"color: #000000;\"><strong>Thi\u1ebft b\u1ecb \u0111o l\u01b0\u1eddng:<\/strong><\/span><\/p>\n<ul>\n<li><span style=\"color: #000000;\">C\u1ea3m bi\u1ebfn pH.<\/span><\/li>\n<li><span style=\"color: #000000;\">C\u1ea3m bi\u1ebfn \u0111\u1ed9 d\u1eabn \u0111i\u1ec7n, d\u1ea3i \u0111o: 0 \u2013 6000 mS\/cm.<\/span><\/li>\n<li><span style=\"color: #000000;\">C\u1ea3m bi\u1ebfn nhi\u1ec7t \u0111\u1ed9 lo\u1ea1i &#8220;J&#8221;.<\/span><\/li>\n<li><span style=\"color: #000000;\">C\u1ea3m bi\u1ebfn t\u1ed5ng ch\u1ea5t r\u1eafn h\u00f2a tan (TDS), d\u1ea3i \u0111o: 0 \u2013 3000 ppm.<\/span><\/li>\n<\/ul>\n<p><span style=\"color: #000000;\"><strong>H\u1ec7 th\u1ed1ng ho\u00e0n ch\u1ec9nh bao g\u1ed3m:<\/strong><\/span><\/p>\n<ul>\n<li><span style=\"color: #000000;\">SCADA th\u1eddi gian th\u1ef1c ti\u00ean ti\u1ebfn.<\/span><\/li>\n<li><span style=\"color: #000000;\">\u0110i\u1ec1u khi\u1ec3n m\u1edf + \u0110i\u1ec1u khi\u1ec3n \u0111a \u0111i\u1ec3m + \u0110i\u1ec1u khi\u1ec3n th\u1eddi gian th\u1ef1c.<\/span><\/li>\n<li><span style=\"color: #000000;\">Ph\u1ea7n m\u1ec1m \u0111i\u1ec1u khi\u1ec3n chuy\u00ean d\u1ee5ng c\u1ee7a EDIBON, d\u1ef1a tr\u00ean n\u1ec1n t\u1ea3ng LabVIEW.<\/span><\/li>\n<li><span style=\"color: #000000;\">Bo m\u1ea1ch thu th\u1eadp d\u1eef li\u1ec7u c\u1ee7a National Instruments (t\u1ed1c \u0111\u1ed9 250 KS\/s, kilo m\u1eabu\/gi\u00e2y).<\/span><\/li>\n<li><span style=\"color: #000000;\">B\u00e0i t\u1eadp hi\u1ec7u chu\u1ea9n gi\u00fap ng\u01b0\u1eddi d\u00f9ng hi\u1ec3u c\u00e1ch hi\u1ec7u chu\u1ea9n c\u1ea3m bi\u1ebfn v\u00e0 t\u1ea7m quan tr\u1ecdng c\u1ee7a vi\u1ec7c ki\u1ec3m tra \u0111\u1ed9 ch\u00ednh x\u00e1c tr\u01b0\u1edbc khi \u0111o.<\/span><\/li>\n<li><span style=\"color: #000000;\">T\u01b0\u01a1ng th\u00edch v\u1edbi m\u00e1y chi\u1ebfu v\u00e0\/ho\u1eb7c b\u1ea3ng tr\u1eafng \u0111i\u1ec7n t\u1eed, cho ph\u00e9p gi\u1ea3i th\u00edch v\u00e0 tr\u00ecnh b\u00e0y thi\u1ebft b\u1ecb tr\u01b0\u1edbc c\u1ea3 l\u1edbp h\u1ecdc c\u00f9ng l\u00fac.<\/span><\/li>\n<li><span style=\"color: #000000;\">C\u00f3 kh\u1ea3 n\u0103ng th\u1ef1c hi\u1ec7n nghi\u00ean c\u1ee9u \u1ee9ng d\u1ee5ng, m\u00f4 ph\u1ecfng quy tr\u00ecnh c\u00f4ng nghi\u1ec7p th\u1ef1c t\u1ebf, \u0111\u00e0o t\u1ea1o chuy\u00ean s\u00e2u, v.v.<\/span><\/li>\n<li><span style=\"color: #000000;\">\u0110i\u1ec1u khi\u1ec3n v\u00e0 v\u1eadn h\u00e0nh t\u1eeb xa b\u1edfi ng\u01b0\u1eddi d\u00f9ng v\u00e0 h\u1ed7 tr\u1ee3 k\u1ef9 thu\u1eadt t\u1eeb xa c\u1ee7a EDIBON lu\u00f4n \u0111\u01b0\u1ee3c t\u00edch h\u1ee3p s\u1eb5n.<\/span><\/li>\n<li><span style=\"color: #000000;\">An to\u00e0n tuy\u1ec7t \u0111\u1ed1i v\u1edbi 4 h\u1ec7 th\u1ed1ng b\u1ea3o v\u1ec7: C\u01a1 kh\u00ed, \u0110i\u1ec7n, \u0110i\u1ec7n t\u1eed v\u00e0 Ph\u1ea7n m\u1ec1m.<\/span><\/li>\n<li><span style=\"color: #000000;\">Thi\u1ebft k\u1ebf v\u00e0 s\u1ea3n xu\u1ea5t tu\u00e2n theo nhi\u1ec1u ti\u00eau chu\u1ea9n ch\u1ea5t l\u01b0\u1ee3ng qu\u1ed1c t\u1ebf.<\/span><\/li>\n<\/ul>\n<p><span style=\"color: #000000;\"><strong>T\u00f9y ch\u1ecdn m\u1edf r\u1ed9ng (kh\u00f4ng bao g\u1ed3m trong thi\u1ebft b\u1ecb ti\u00eau chu\u1ea9n):<\/strong><\/span><\/p>\n<ul>\n<li><span style=\"color: #000000;\">Ph\u1ea7n m\u1ec1m ICAI: Cho ph\u00e9p t\u1ea1o, ch\u1ec9nh s\u1eeda v\u00e0 th\u1ef1c hi\u1ec7n c\u00e1c b\u00e0i th\u1ef1c h\u00e0nh, ki\u1ec3m tra, t\u00ednh to\u00e1n, theo d\u00f5i ki\u1ebfn th\u1ee9c v\u00e0 ti\u1ebfn \u0111\u1ed9 c\u1ee7a ng\u01b0\u1eddi d\u00f9ng.<\/span><\/li>\n<li><span style=\"color: #000000;\">Kh\u1ea3 n\u0103ng m\u1edf r\u1ed9ng v\u00e0 t\u00edch h\u1ee3p trong t\u01b0\u01a1ng lai: H\u1ed7 tr\u1ee3 m\u1edf r\u1ed9ng v\u1edbi h\u1ec7 th\u1ed1ng Scada-Net (ESN) c\u1ee7a EDIBON, cho ph\u00e9p nhi\u1ec1u sinh vi\u00ean v\u1eadn h\u00e0nh nhi\u1ec1u thi\u1ebft b\u1ecb c\u00f9ng l\u00fac tr\u00ean m\u1ed9t m\u1ea1ng l\u01b0\u1edbi.<\/span><\/li>\n<\/ul>","protected":false},"excerpt":{"rendered":"<p><span style=\"color: #000000;\">Thi\u1ebft b\u1ecb ki\u1ec3m tra keo t\u1ee5 v\u00e0 t\u1ea1o b\u00f4ng \u0111i\u1ec1u khi\u1ec3n b\u1eb1ng m\u00e1y t\u00ednh (PEFC &#8211; Computer Controlled Flocculation Test Unit) cho ph\u00e9p nghi\u00ean c\u1ee9u c\u00e1c qu\u00e1 tr\u00ecnh keo t\u1ee5 v\u00e0 t\u1ea1o b\u00f4ng, \u0111\u1ed3ng th\u1eddi ph\u00e2n t\u00edch c\u00e1c th\u00f4ng s\u1ed1 ch\u00ednh \u1ea3nh h\u01b0\u1edfng \u0111\u1ebfn qu\u00e1 tr\u00ecnh lo\u1ea1i b\u1ecf c\u00e1c h\u1ea1t keo.<\/span><\/p>\n<p><span style=\"color: #000000;\"><strong>Thi\u1ebft b\u1ecb PEFC:<\/strong><\/span><\/p>\n<ul>\n<li><span style=\"color: #000000;\">Thi\u1ebft b\u1ecb d\u1ea1ng \u0111\u1ec3 b\u00e0n.<\/span><\/li>\n<li><span style=\"color: #000000;\">C\u00e1c th\u00e0nh ph\u1ea7n kim lo\u1ea1i ch\u00ednh \u0111\u01b0\u1ee3c l\u00e0m b\u1eb1ng th\u00e9p kh\u00f4ng g\u1ec9.<\/span><\/li>\n<li><span style=\"color: #000000;\">S\u01a1 \u0111\u1ed3 b\u1ed1 tr\u00ed c\u00e1c b\u1ed9 ph\u1eadn tr\u00ean b\u1ea3ng \u0111i\u1ec1u khi\u1ec3n ph\u00eda tr\u01b0\u1edbc t\u01b0\u01a1ng t\u1ef1 nh\u01b0 thi\u1ebft b\u1ecb th\u1ef1c t\u1ebf.<\/span><\/li>\n<\/ul>","protected":false},"featured_media":1824,"template":"","meta":{"inline_featured_image":false},"product_brand":[47],"product_cat":[95,90],"product_tag":[],"class_list":{"0":"post-1823","1":"product","2":"type-product","3":"status-publish","4":"has-post-thumbnail","6":"product_brand-edibon","7":"product_cat-cong-nghe-thuc-pham-va-nuoc","8":"product_cat-thiet-bi-giao-duc","10":"first","11":"instock","12":"shipping-taxable","13":"product-type-simple"},"yoast_head":"<!-- This site is optimized with the Yoast SEO plugin v24.7 - https:\/\/yoast.com\/wordpress\/plugins\/seo\/ -->\n<title>Thi\u1ebft b\u1ecb ki\u1ec3m tra keo t\u1ee5 v\u00e0 t\u1ea1o b\u00f4ng \u0111i\u1ec1u khi\u1ec3n b\u1eb1ng m\u00e1y t\u00ednh - HTI Scientific<\/title>\n<meta name=\"description\" content=\"Thi\u1ebft b\u1ecb ki\u1ec3m tra keo t\u1ee5 v\u00e0 t\u1ea1o b\u00f4ng \u0111i\u1ec1u khi\u1ec3n b\u1eb1ng m\u00e1y t\u00ednh (PEFC - Computer Controlled Flocculation Test Unit) nghi\u00ean c\u1ee9u qu\u00e1 tr\u00ecnh keo t\u1ee5 v\u00e0 t\u1ea1o b\u00f4ng\" \/>\n<meta name=\"robots\" content=\"index, follow, max-snippet:-1, max-image-preview:large, max-video-preview:-1\" \/>\n<link rel=\"canonical\" href=\"https:\/\/htiscientific.vn\/en\/product\/thiet-bi-kiem-tra-keo-tu-va-tao-bong-dieu-khien-bang-may-tinh\/\" \/>\n<meta property=\"og:locale\" content=\"en_US\" \/>\n<meta property=\"og:type\" content=\"article\" \/>\n<meta property=\"og:title\" content=\"Thi\u1ebft b\u1ecb ki\u1ec3m tra keo t\u1ee5 v\u00e0 t\u1ea1o b\u00f4ng \u0111i\u1ec1u khi\u1ec3n b\u1eb1ng m\u00e1y t\u00ednh - HTI Scientific\" \/>\n<meta property=\"og:description\" content=\"Thi\u1ebft b\u1ecb ki\u1ec3m tra keo t\u1ee5 v\u00e0 t\u1ea1o b\u00f4ng \u0111i\u1ec1u khi\u1ec3n b\u1eb1ng m\u00e1y t\u00ednh (PEFC - Computer Controlled Flocculation Test Unit) nghi\u00ean c\u1ee9u qu\u00e1 tr\u00ecnh keo t\u1ee5 v\u00e0 t\u1ea1o b\u00f4ng\" \/>\n<meta property=\"og:url\" content=\"https:\/\/htiscientific.vn\/en\/product\/thiet-bi-kiem-tra-keo-tu-va-tao-bong-dieu-khien-bang-may-tinh\/\" \/>\n<meta property=\"og:site_name\" content=\"HTI Scientific\" \/>\n<meta property=\"article:publisher\" content=\"https:\/\/www.facebook.com\/htiscientific.vn\" \/>\n<meta property=\"og:image\" content=\"https:\/\/htiscientific.vn\/wp-content\/uploads\/2025\/06\/24.jpg\" \/>\n\t<meta property=\"og:image:width\" content=\"1000\" \/>\n\t<meta property=\"og:image:height\" content=\"1000\" \/>\n\t<meta property=\"og:image:type\" content=\"image\/jpeg\" \/>\n<meta name=\"twitter:card\" content=\"summary_large_image\" \/>\n<meta name=\"twitter:label1\" content=\"Est. reading time\" \/>\n\t<meta name=\"twitter:data1\" content=\"3 minutes\" \/>\n<script type=\"application\/ld+json\" class=\"yoast-schema-graph\">{\"@context\":\"https:\/\/schema.org\",\"@graph\":[{\"@type\":\"WebPage\",\"@id\":\"https:\/\/htiscientific.vn\/san-pham\/thiet-bi-kiem-tra-keo-tu-va-tao-bong-dieu-khien-bang-may-tinh\/\",\"url\":\"https:\/\/htiscientific.vn\/san-pham\/thiet-bi-kiem-tra-keo-tu-va-tao-bong-dieu-khien-bang-may-tinh\/\",\"name\":\"Thi\u1ebft b\u1ecb ki\u1ec3m tra keo t\u1ee5 v\u00e0 t\u1ea1o b\u00f4ng \u0111i\u1ec1u khi\u1ec3n b\u1eb1ng m\u00e1y t\u00ednh - HTI Scientific\",\"isPartOf\":{\"@id\":\"https:\/\/htiscientific.vn\/#website\"},\"primaryImageOfPage\":{\"@id\":\"https:\/\/htiscientific.vn\/san-pham\/thiet-bi-kiem-tra-keo-tu-va-tao-bong-dieu-khien-bang-may-tinh\/#primaryimage\"},\"image\":{\"@id\":\"https:\/\/htiscientific.vn\/san-pham\/thiet-bi-kiem-tra-keo-tu-va-tao-bong-dieu-khien-bang-may-tinh\/#primaryimage\"},\"thumbnailUrl\":\"https:\/\/htiscientific.vn\/wp-content\/uploads\/2025\/06\/24.jpg\",\"datePublished\":\"2025-06-24T09:05:24+00:00\",\"description\":\"Thi\u1ebft b\u1ecb ki\u1ec3m tra keo t\u1ee5 v\u00e0 t\u1ea1o b\u00f4ng \u0111i\u1ec1u khi\u1ec3n b\u1eb1ng m\u00e1y t\u00ednh (PEFC - Computer Controlled Flocculation Test Unit) nghi\u00ean c\u1ee9u qu\u00e1 tr\u00ecnh keo t\u1ee5 v\u00e0 t\u1ea1o b\u00f4ng\",\"breadcrumb\":{\"@id\":\"https:\/\/htiscientific.vn\/san-pham\/thiet-bi-kiem-tra-keo-tu-va-tao-bong-dieu-khien-bang-may-tinh\/#breadcrumb\"},\"inLanguage\":\"en-US\",\"potentialAction\":[{\"@type\":\"ReadAction\",\"target\":[\"https:\/\/htiscientific.vn\/san-pham\/thiet-bi-kiem-tra-keo-tu-va-tao-bong-dieu-khien-bang-may-tinh\/\"]}]},{\"@type\":\"ImageObject\",\"inLanguage\":\"en-US\",\"@id\":\"https:\/\/htiscientific.vn\/san-pham\/thiet-bi-kiem-tra-keo-tu-va-tao-bong-dieu-khien-bang-may-tinh\/#primaryimage\",\"url\":\"https:\/\/htiscientific.vn\/wp-content\/uploads\/2025\/06\/24.jpg\",\"contentUrl\":\"https:\/\/htiscientific.vn\/wp-content\/uploads\/2025\/06\/24.jpg\",\"width\":1000,\"height\":1000,\"caption\":\"thiet-bi-kiem-tra-keo-tu-va-keo-bong\"},{\"@type\":\"BreadcrumbList\",\"@id\":\"https:\/\/htiscientific.vn\/san-pham\/thiet-bi-kiem-tra-keo-tu-va-tao-bong-dieu-khien-bang-may-tinh\/#breadcrumb\",\"itemListElement\":[{\"@type\":\"ListItem\",\"position\":1,\"name\":\"Trang ch\u1ee7\",\"item\":\"https:\/\/htiscientific.vn\/\"},{\"@type\":\"ListItem\",\"position\":2,\"name\":\"C\u1eeda h\u00e0ng\",\"item\":\"https:\/\/htiscientific.vn\/cua-hang\/\"},{\"@type\":\"ListItem\",\"position\":3,\"name\":\"Thi\u1ebft b\u1ecb gi\u00e1o d\u1ee5c\",\"item\":\"https:\/\/htiscientific.vn\/danh-muc-san-pham\/thiet-bi-giao-duc\/\"},{\"@type\":\"ListItem\",\"position\":4,\"name\":\"C\u00f4ng ngh\u1ec7 th\u1ef1c ph\u1ea9m v\u00e0 n\u01b0\u1edbc\",\"item\":\"https:\/\/htiscientific.vn\/danh-muc-san-pham\/thiet-bi-giao-duc\/cong-nghe-thuc-pham-va-nuoc\/\"},{\"@type\":\"ListItem\",\"position\":5,\"name\":\"Thi\u1ebft b\u1ecb ki\u1ec3m tra keo t\u1ee5 v\u00e0 t\u1ea1o b\u00f4ng \u0111i\u1ec1u khi\u1ec3n b\u1eb1ng m\u00e1y t\u00ednh\"}]},{\"@type\":\"WebSite\",\"@id\":\"https:\/\/htiscientific.vn\/#website\",\"url\":\"https:\/\/htiscientific.vn\/\",\"name\":\"HTI Scientific\",\"description\":\"HTI Scientific\",\"publisher\":{\"@id\":\"https:\/\/htiscientific.vn\/#organization\"},\"potentialAction\":[{\"@type\":\"SearchAction\",\"target\":{\"@type\":\"EntryPoint\",\"urlTemplate\":\"https:\/\/htiscientific.vn\/?s={search_term_string}\"},\"query-input\":{\"@type\":\"PropertyValueSpecification\",\"valueRequired\":true,\"valueName\":\"search_term_string\"}}],\"inLanguage\":\"en-US\"},{\"@type\":\"Organization\",\"@id\":\"https:\/\/htiscientific.vn\/#organization\",\"name\":\"HTI Scientific\",\"alternateName\":\"HTI Scientific\",\"url\":\"https:\/\/htiscientific.vn\/\",\"logo\":{\"@type\":\"ImageObject\",\"inLanguage\":\"en-US\",\"@id\":\"https:\/\/htiscientific.vn\/#\/schema\/logo\/image\/\",\"url\":\"https:\/\/htiscientific.vn\/wp-content\/uploads\/2025\/03\/ava-hti-copy.jpg\",\"contentUrl\":\"https:\/\/htiscientific.vn\/wp-content\/uploads\/2025\/03\/ava-hti-copy.jpg\",\"width\":700,\"height\":450,\"caption\":\"HTI Scientific\"},\"image\":{\"@id\":\"https:\/\/htiscientific.vn\/#\/schema\/logo\/image\/\"},\"sameAs\":[\"https:\/\/www.facebook.com\/htiscientific.vn\"]}]}<\/script>\n<!-- \/ Yoast SEO plugin. -->","yoast_head_json":{"title":"Thi\u1ebft b\u1ecb ki\u1ec3m tra keo t\u1ee5 v\u00e0 t\u1ea1o b\u00f4ng \u0111i\u1ec1u khi\u1ec3n b\u1eb1ng m\u00e1y t\u00ednh - HTI Scientific","description":"Thi\u1ebft b\u1ecb ki\u1ec3m tra keo t\u1ee5 v\u00e0 t\u1ea1o b\u00f4ng \u0111i\u1ec1u khi\u1ec3n b\u1eb1ng m\u00e1y t\u00ednh (PEFC - Computer Controlled Flocculation Test Unit) nghi\u00ean c\u1ee9u qu\u00e1 tr\u00ecnh keo t\u1ee5 v\u00e0 t\u1ea1o b\u00f4ng","robots":{"index":"index","follow":"follow","max-snippet":"max-snippet:-1","max-image-preview":"max-image-preview:large","max-video-preview":"max-video-preview:-1"},"canonical":"https:\/\/htiscientific.vn\/en\/product\/thiet-bi-kiem-tra-keo-tu-va-tao-bong-dieu-khien-bang-may-tinh\/","og_locale":"en_US","og_type":"article","og_title":"Thi\u1ebft b\u1ecb ki\u1ec3m tra keo t\u1ee5 v\u00e0 t\u1ea1o b\u00f4ng \u0111i\u1ec1u khi\u1ec3n b\u1eb1ng m\u00e1y t\u00ednh - HTI Scientific","og_description":"Thi\u1ebft b\u1ecb ki\u1ec3m tra keo t\u1ee5 v\u00e0 t\u1ea1o b\u00f4ng \u0111i\u1ec1u khi\u1ec3n b\u1eb1ng m\u00e1y t\u00ednh (PEFC - Computer Controlled Flocculation Test Unit) nghi\u00ean c\u1ee9u qu\u00e1 tr\u00ecnh keo t\u1ee5 v\u00e0 t\u1ea1o b\u00f4ng","og_url":"https:\/\/htiscientific.vn\/en\/product\/thiet-bi-kiem-tra-keo-tu-va-tao-bong-dieu-khien-bang-may-tinh\/","og_site_name":"HTI Scientific","article_publisher":"https:\/\/www.facebook.com\/htiscientific.vn","og_image":[{"width":1000,"height":1000,"url":"https:\/\/htiscientific.vn\/wp-content\/uploads\/2025\/06\/24.jpg","type":"image\/jpeg"}],"twitter_card":"summary_large_image","twitter_misc":{"Est. reading time":"3 minutes"},"schema":{"@context":"https:\/\/schema.org","@graph":[{"@type":"WebPage","@id":"https:\/\/htiscientific.vn\/san-pham\/thiet-bi-kiem-tra-keo-tu-va-tao-bong-dieu-khien-bang-may-tinh\/","url":"https:\/\/htiscientific.vn\/san-pham\/thiet-bi-kiem-tra-keo-tu-va-tao-bong-dieu-khien-bang-may-tinh\/","name":"Thi\u1ebft b\u1ecb ki\u1ec3m tra keo t\u1ee5 v\u00e0 t\u1ea1o b\u00f4ng \u0111i\u1ec1u khi\u1ec3n b\u1eb1ng m\u00e1y t\u00ednh - HTI Scientific","isPartOf":{"@id":"https:\/\/htiscientific.vn\/#website"},"primaryImageOfPage":{"@id":"https:\/\/htiscientific.vn\/san-pham\/thiet-bi-kiem-tra-keo-tu-va-tao-bong-dieu-khien-bang-may-tinh\/#primaryimage"},"image":{"@id":"https:\/\/htiscientific.vn\/san-pham\/thiet-bi-kiem-tra-keo-tu-va-tao-bong-dieu-khien-bang-may-tinh\/#primaryimage"},"thumbnailUrl":"https:\/\/htiscientific.vn\/wp-content\/uploads\/2025\/06\/24.jpg","datePublished":"2025-06-24T09:05:24+00:00","description":"Thi\u1ebft b\u1ecb ki\u1ec3m tra keo t\u1ee5 v\u00e0 t\u1ea1o b\u00f4ng \u0111i\u1ec1u khi\u1ec3n b\u1eb1ng m\u00e1y t\u00ednh (PEFC - Computer Controlled Flocculation Test Unit) nghi\u00ean c\u1ee9u qu\u00e1 tr\u00ecnh keo t\u1ee5 v\u00e0 t\u1ea1o b\u00f4ng","breadcrumb":{"@id":"https:\/\/htiscientific.vn\/san-pham\/thiet-bi-kiem-tra-keo-tu-va-tao-bong-dieu-khien-bang-may-tinh\/#breadcrumb"},"inLanguage":"en-US","potentialAction":[{"@type":"ReadAction","target":["https:\/\/htiscientific.vn\/san-pham\/thiet-bi-kiem-tra-keo-tu-va-tao-bong-dieu-khien-bang-may-tinh\/"]}]},{"@type":"ImageObject","inLanguage":"en-US","@id":"https:\/\/htiscientific.vn\/san-pham\/thiet-bi-kiem-tra-keo-tu-va-tao-bong-dieu-khien-bang-may-tinh\/#primaryimage","url":"https:\/\/htiscientific.vn\/wp-content\/uploads\/2025\/06\/24.jpg","contentUrl":"https:\/\/htiscientific.vn\/wp-content\/uploads\/2025\/06\/24.jpg","width":1000,"height":1000,"caption":"thiet-bi-kiem-tra-keo-tu-va-keo-bong"},{"@type":"BreadcrumbList","@id":"https:\/\/htiscientific.vn\/san-pham\/thiet-bi-kiem-tra-keo-tu-va-tao-bong-dieu-khien-bang-may-tinh\/#breadcrumb","itemListElement":[{"@type":"ListItem","position":1,"name":"Trang ch\u1ee7","item":"https:\/\/htiscientific.vn\/"},{"@type":"ListItem","position":2,"name":"C\u1eeda h\u00e0ng","item":"https:\/\/htiscientific.vn\/cua-hang\/"},{"@type":"ListItem","position":3,"name":"Thi\u1ebft b\u1ecb gi\u00e1o d\u1ee5c","item":"https:\/\/htiscientific.vn\/danh-muc-san-pham\/thiet-bi-giao-duc\/"},{"@type":"ListItem","position":4,"name":"C\u00f4ng ngh\u1ec7 th\u1ef1c ph\u1ea9m v\u00e0 n\u01b0\u1edbc","item":"https:\/\/htiscientific.vn\/danh-muc-san-pham\/thiet-bi-giao-duc\/cong-nghe-thuc-pham-va-nuoc\/"},{"@type":"ListItem","position":5,"name":"Thi\u1ebft b\u1ecb ki\u1ec3m tra keo t\u1ee5 v\u00e0 t\u1ea1o b\u00f4ng \u0111i\u1ec1u khi\u1ec3n b\u1eb1ng m\u00e1y t\u00ednh"}]},{"@type":"WebSite","@id":"https:\/\/htiscientific.vn\/#website","url":"https:\/\/htiscientific.vn\/","name":"HTI Scientific","description":"HTI Scientific","publisher":{"@id":"https:\/\/htiscientific.vn\/#organization"},"potentialAction":[{"@type":"SearchAction","target":{"@type":"EntryPoint","urlTemplate":"https:\/\/htiscientific.vn\/?s={search_term_string}"},"query-input":{"@type":"PropertyValueSpecification","valueRequired":true,"valueName":"search_term_string"}}],"inLanguage":"en-US"},{"@type":"Organization","@id":"https:\/\/htiscientific.vn\/#organization","name":"HTI Scientific","alternateName":"HTI Scientific","url":"https:\/\/htiscientific.vn\/","logo":{"@type":"ImageObject","inLanguage":"en-US","@id":"https:\/\/htiscientific.vn\/#\/schema\/logo\/image\/","url":"https:\/\/htiscientific.vn\/wp-content\/uploads\/2025\/03\/ava-hti-copy.jpg","contentUrl":"https:\/\/htiscientific.vn\/wp-content\/uploads\/2025\/03\/ava-hti-copy.jpg","width":700,"height":450,"caption":"HTI Scientific"},"image":{"@id":"https:\/\/htiscientific.vn\/#\/schema\/logo\/image\/"},"sameAs":["https:\/\/www.facebook.com\/htiscientific.vn"]}]}},"_links":{"self":[{"href":"https:\/\/htiscientific.vn\/en\/wp-json\/wp\/v2\/product\/1823","targetHints":{"allow":["GET"]}}],"collection":[{"href":"https:\/\/htiscientific.vn\/en\/wp-json\/wp\/v2\/product"}],"about":[{"href":"https:\/\/htiscientific.vn\/en\/wp-json\/wp\/v2\/types\/product"}],"wp:featuredmedia":[{"embeddable":true,"href":"https:\/\/htiscientific.vn\/en\/wp-json\/wp\/v2\/media\/1824"}],"wp:attachment":[{"href":"https:\/\/htiscientific.vn\/en\/wp-json\/wp\/v2\/media?parent=1823"}],"wp:term":[{"taxonomy":"product_brand","embeddable":true,"href":"https:\/\/htiscientific.vn\/en\/wp-json\/wp\/v2\/product_brand?post=1823"},{"taxonomy":"product_cat","embeddable":true,"href":"https:\/\/htiscientific.vn\/en\/wp-json\/wp\/v2\/product_cat?post=1823"},{"taxonomy":"product_tag","embeddable":true,"href":"https:\/\/htiscientific.vn\/en\/wp-json\/wp\/v2\/product_tag?post=1823"}],"curies":[{"name":"wp","href":"https:\/\/api.w.org\/{rel}","templated":true}]}}