{"id":1819,"date":"2025-06-24T15:55:23","date_gmt":"2025-06-24T08:55:23","guid":{"rendered":"https:\/\/htiscientific.vn\/?post_type=product&#038;p=1819"},"modified":"2025-06-24T15:55:23","modified_gmt":"2025-06-24T08:55:23","slug":"he-thong-say-khay-dieu-khien-bang-may-tinh","status":"publish","type":"product","link":"https:\/\/htiscientific.vn\/en\/product\/he-thong-say-khay-dieu-khien-bang-may-tinh\/","title":{"rendered":"H\u1ec7 th\u1ed1ng s\u1ea5y khay \u0111i\u1ec1u khi\u1ec3n b\u1eb1ng m\u00e1y t\u00ednh"},"content":{"rendered":"<p><span style=\"color: #000000;\">H\u1ec7 th\u1ed1ng s\u1ea5y khay \u0111i\u1ec1u khi\u1ec3n b\u1eb1ng m\u00e1y t\u00ednh (SBANC &#8211; Computer Controlled Tray Drier) do EDIBON ph\u00e1t tri\u1ec3n, s\u1eed d\u1ee5ng m\u1ed9t trong nh\u1eefng ph\u01b0\u01a1ng ph\u00e1p s\u1ea5y kh\u00f4 ph\u1ed5 bi\u1ebfn nh\u1ea5t. Ph\u01b0\u01a1ng ph\u00e1p n\u00e0y ho\u1ea1t \u0111\u1ed9ng b\u1eb1ng c\u00e1ch t\u1ea1o d\u00f2ng kh\u00f4ng kh\u00ed l\u01b0u th\u00f4ng qua v\u1eadt li\u1ec7u c\u1ea7n s\u1ea5y.<\/span><\/p>\n<p><span style=\"color: #000000;\"><strong>Thi\u1ebft b\u1ecb SBANC:<\/strong><\/span><\/p>\n<ul>\n<li><span style=\"color: #000000;\">Lo\u1ea1i thi\u1ebft b\u1ecb: \u0110\u1eb7t tr\u00ean b\u00e0n.<\/span><\/li>\n<li><span style=\"color: #000000;\"><strong>C\u1ea5u tr\u00fac:<\/strong><\/span>\n<ul>\n<li><span style=\"color: #000000;\">Khung b\u1eb1ng nh\u00f4m anod v\u00e0 c\u00e1c t\u1ea5m che b\u1eb1ng th\u00e9p s\u01a1n t\u0129nh \u0111i\u1ec7n.<\/span><\/li>\n<li><span style=\"color: #000000;\">C\u00e1c b\u1ed9 ph\u1eadn kim lo\u1ea1i ch\u00ednh \u0111\u01b0\u1ee3c l\u00e0m b\u1eb1ng th\u00e9p kh\u00f4ng g\u1ec9.<\/span><\/li>\n<li><span style=\"color: #000000;\">S\u01a1 \u0111\u1ed3 b\u1ed1 tr\u00ed c\u00e1c th\u00e0nh ph\u1ea7n \u0111\u01b0\u1ee3c th\u1ec3 hi\u1ec7n tr\u00ean b\u1ea3ng \u0111i\u1ec1u khi\u1ec3n ph\u00eda tr\u01b0\u1edbc, m\u00f4 ph\u1ecfng t\u01b0\u01a1ng t\u1ef1 thi\u1ebft b\u1ecb th\u1ef1c t\u1ebf.<\/span><\/li>\n<\/ul>\n<\/li>\n<li><span style=\"color: #000000;\"><strong>Bu\u1ed3ng s\u1ea5y d\u1ea1ng h\u00ecnh ch\u1eef nh\u1eadt:<\/strong><\/span>\n<ul>\n<li><span style=\"color: #000000;\">Ch\u1ea5t li\u1ec7u: th\u00e9p kh\u00f4ng g\u1ec9.<\/span><\/li>\n<li><span style=\"color: #000000;\">K\u00edch th\u01b0\u1edbc: 1000 x 320 x 320 mm.<\/span><\/li>\n<li><span style=\"color: #000000;\">Bao g\u1ed3m:<\/span>\n<ul>\n<li><span style=\"color: #000000;\">Bu\u1ed3ng s\u1ea5y: c\u00f3 c\u1eeda s\u1ed5 trong su\u1ed1t \u0111\u1ec3 quan s\u00e1t v\u00e0 gi\u00e1 \u0111\u1ee1 khay s\u1ea5y. K\u00edch th\u01b0\u1edbc c\u1eeda: 360 x 275 mm.<\/span><\/li>\n<li><span style=\"color: #000000;\">V\u00f2i phun vu\u00f4ng: d\u00e0i 300 mm, ti\u1ebft di\u1ec7n thay \u0111\u1ed5i d\u1ea7n t\u1eeb 315 mm xu\u1ed1ng 100 mm.<\/span><\/li>\n<li><span style=\"color: #000000;\">Ba \u1ea9m k\u1ebf (hygrometer): \u0111\u1eb7t d\u1ecdc theo bu\u1ed3ng s\u1ea5y, m\u1ed7i \u1ea9m k\u1ebf bao g\u1ed3m 2 c\u1ea3m bi\u1ebfn nhi\u1ec7t \u0111\u1ed9 (b\u1ea7u kh\u00f4 v\u00e0 b\u1ea7u \u01b0\u1edbt).<\/span><\/li>\n<li><span style=\"color: #000000;\">Hai \u0111\u01b0\u1eddng d\u1eabn h\u01a1i n\u01b0\u1edbc: \u0111\u01b0a h\u01a1i t\u1eeb m\u00e1y t\u1ea1o h\u01a1i n\u01b0\u1edbc (kh\u00f4ng bao g\u1ed3m) v\u00e0o bu\u1ed3ng s\u1ea5y \u0111\u1ec3 \u0111i\u1ec1u ch\u1ec9nh \u0111\u1eb7c t\u00ednh kh\u00f4ng kh\u00ed.<\/span><\/li>\n<li><span style=\"color: #000000;\">Qu\u1ea1t h\u01b0\u1edbng tr\u1ee5c: \u0111i\u1ec1u khi\u1ec3n t\u1ed1c \u0111\u1ed9 b\u1eb1ng m\u00e1y t\u00ednh:<\/span>\n<ul>\n<li><span style=\"color: #000000;\">D\u1ea3i t\u1ed1c \u0111\u1ed9: 0 \u2013 2500 v\u00f2ng\/ph\u00fat.<\/span><\/li>\n<li><span style=\"color: #000000;\">L\u01b0u l\u01b0\u1ee3ng: 0 \u2013 2200 m\u00b3\/h (0 \u2013 611 l\/s).<\/span><\/li>\n<li><span style=\"color: #000000;\">Bao g\u1ed3m l\u01b0\u1edbi b\u1ea3o v\u1ec7 qu\u1ea1t.<\/span><\/li>\n<\/ul>\n<\/li>\n<li><span style=\"color: #000000;\">B\u1ed9 gia nhi\u1ec7t: \u0111i\u1ec1u khi\u1ec3n b\u1eb1ng m\u00e1y t\u00ednh qua b\u1ed9 \u0111i\u1ec1u khi\u1ec3n PID, c\u00f4ng su\u1ea5t 3000 W. (*) T\u00f9y ch\u1ecdn c\u00f4ng su\u1ea5t 6800 W (ki\u1ec3m tra gi\u00e1 v\u00e0 th\u1eddi gian giao h\u00e0ng).<\/span><\/li>\n<li><span style=\"color: #000000;\">B\u1ed1n khay th\u00e9p kh\u00f4ng g\u1ec9: \u0111\u1ec3 \u0111\u1eb7t v\u1eadt li\u1ec7u s\u1ea5y. K\u00edch th\u01b0\u1edbc m\u1ed7i khay: 270 x 170 x 40 mm.<\/span><\/li>\n<li><span style=\"color: #000000;\">B\u1ea3y c\u1ea3m bi\u1ebfn nhi\u1ec7t \u0111\u1ed9 lo\u1ea1i \u201cJ\u201d:<\/span>\n<ul>\n<li><span style=\"color: #000000;\">S\u00e1u c\u1ea3m bi\u1ebfn nhi\u1ec7t \u0111\u1ed9 (ba b\u1ea7u kh\u00f4 v\u00e0 ba b\u1ea7u \u01b0\u1edbt t\u1ea1o th\u00e0nh ba \u1ea9m k\u1ebf).<\/span><\/li>\n<li><span style=\"color: #000000;\">M\u1ed9t c\u1ea3m bi\u1ebfn nhi\u1ec7t \u0111\u1ed9 cho b\u1ed9 gia nhi\u1ec7t.<\/span><\/li>\n<\/ul>\n<\/li>\n<li><span style=\"color: #000000;\">C\u1ea3m bi\u1ebfn l\u01b0u l\u01b0\u1ee3ng: \u0111o l\u01b0u l\u01b0\u1ee3ng kh\u00ed v\u00e0o bu\u1ed3ng s\u1ea5y, d\u1ea3i \u0111o 0 \u2013 650 l\/s. (*) T\u00f9y ch\u1ecdn c\u1ea3m bi\u1ebfn d\u1ea3i \u0111o 2,5 m\/s (ki\u1ec3m tra gi\u00e1 v\u00e0 th\u1eddi gian giao h\u00e0ng).<\/span><\/li>\n<li><span style=\"color: #000000;\">C\u1ea3m bi\u1ebfn l\u1ef1c (load cell): \u0111o tr\u1ecdng l\u01b0\u1ee3ng v\u1eadt li\u1ec7u s\u1ea5y trong qu\u00e1 tr\u00ecnh s\u1ea5y, d\u1ea3i \u0111o 0 \u2013 5 kg. (*) T\u00f9y ch\u1ecdn d\u1ea3i \u0111o 0 \u2013 10 kg (ki\u1ec3m tra gi\u00e1 v\u00e0 th\u1eddi gian giao h\u00e0ng).<\/span><\/li>\n<li><span style=\"color: #000000;\">C\u1ea3m bi\u1ebfn \u0111\u1ed9 \u1ea9m: \u0111o \u0111\u1ed9 \u1ea9m c\u1ee7a kh\u00f4ng kh\u00ed g\u1ea7n v\u1eadt li\u1ec7u s\u1ea5y, d\u1ea3i \u0111o 0 \u2013 100% RH.<\/span><\/li>\n<li><span style=\"color: #000000;\">Bi\u1ec3u \u0111\u1ed3 t\u00e2m l\u00fd (psychrometric chart): h\u1ed7 tr\u1ee3 ph\u00e2n t\u00edch c\u00e1c th\u00f4ng s\u1ed1 kh\u00f4ng kh\u00ed.<\/span><\/li>\n<\/ul>\n<\/li>\n<\/ul>\n<\/li>\n<\/ul>\n<p><span style=\"color: #000000;\"><strong>Thi\u1ebft b\u1ecb bao g\u1ed3m:<\/strong><\/span><\/p>\n<ul>\n<li><span style=\"color: #000000;\">H\u1ec7 th\u1ed1ng SCADA th\u1eddi gian th\u1ef1c v\u00e0 \u0111i\u1ec1u khi\u1ec3n PID ti\u00ean ti\u1ebfn.<\/span><\/li>\n<li><span style=\"color: #000000;\">\u0110i\u1ec1u khi\u1ec3n m\u1edf + \u0110i\u1ec1u khi\u1ec3n \u0111a ch\u1ebf \u0111\u1ed9 + \u0110i\u1ec1u khi\u1ec3n th\u1eddi gian th\u1ef1c.<\/span><\/li>\n<li><span style=\"color: #000000;\">Ph\u1ea7n m\u1ec1m \u0111i\u1ec1u khi\u1ec3n chuy\u00ean d\u1ee5ng c\u1ee7a EDIBON d\u1ef1a tr\u00ean n\u1ec1n t\u1ea3ng LabVIEW.<\/span><\/li>\n<li><span style=\"color: #000000;\">Bo m\u1ea1ch thu th\u1eadp d\u1eef li\u1ec7u National Instruments (250 KS\/s &#8211; kilo m\u1eabu\/gi\u00e2y).<\/span><\/li>\n<li><span style=\"color: #000000;\">B\u00e0i t\u1eadp hi\u1ec7u chu\u1ea9n: h\u01b0\u1edbng d\u1eabn c\u00e1ch hi\u1ec7u chu\u1ea9n c\u1ea3m bi\u1ebfn v\u00e0 t\u1ea7m quan tr\u1ecdng c\u1ee7a ki\u1ec3m tra \u0111\u1ed9 ch\u00ednh x\u00e1c tr\u01b0\u1edbc khi \u0111o.<\/span><\/li>\n<li><span style=\"color: #000000;\">T\u01b0\u01a1ng th\u00edch v\u1edbi m\u00e1y chi\u1ebfu v\u00e0 b\u1ea3ng tr\u1eafng \u0111i\u1ec7n t\u1eed: h\u1ed7 tr\u1ee3 tr\u00ecnh b\u00e0y v\u00e0 gi\u1ea3ng d\u1ea1y cho c\u1ea3 l\u1edbp c\u00f9ng l\u00fac.<\/span><\/li>\n<li><span style=\"color: #000000;\">Kh\u1ea3 n\u0103ng nghi\u00ean c\u1ee9u \u1ee9ng d\u1ee5ng, m\u00f4 ph\u1ecfng c\u00f4ng nghi\u1ec7p th\u1ef1c t\u1ebf, v\u00e0 t\u1ed5 ch\u1ee9c c\u00e1c kh\u00f3a \u0111\u00e0o t\u1ea1o.<\/span><\/li>\n<li><span style=\"color: #000000;\">\u0110i\u1ec1u khi\u1ec3n v\u00e0 v\u1eadn h\u00e0nh t\u1eeb xa, bao g\u1ed3m h\u1ed7 tr\u1ee3 k\u1ef9 thu\u1eadt t\u1eeb EDIBON.<\/span><\/li>\n<li><span style=\"color: #000000;\">An to\u00e0n tuy\u1ec7t \u0111\u1ed1i v\u1edbi 4 h\u1ec7 th\u1ed1ng b\u1ea3o v\u1ec7 (C\u01a1 kh\u00ed, \u0110i\u1ec7n, \u0110i\u1ec7n t\u1eed, v\u00e0 Ph\u1ea7n m\u1ec1m).<\/span><\/li>\n<li><span style=\"color: #000000;\">Thi\u1ebft k\u1ebf v\u00e0 s\u1ea3n xu\u1ea5t theo nhi\u1ec1u ti\u00eau chu\u1ea9n ch\u1ea5t l\u01b0\u1ee3ng.<\/span><\/li>\n<li><span style=\"color: #000000;\">Ph\u1ea7n m\u1ec1m ICAI t\u00f9y ch\u1ecdn: h\u1ed7 tr\u1ee3 t\u1ea1o, ch\u1ec9nh s\u1eeda v\u00e0 th\u1ef1c hi\u1ec7n c\u00e1c b\u00e0i th\u1ef1c h\u00e0nh, ki\u1ec3m tra, t\u00ednh to\u00e1n, theo d\u00f5i ti\u1ebfn \u0111\u1ed9 h\u1ecdc t\u1eadp c\u1ee7a ng\u01b0\u1eddi d\u00f9ng.<\/span><\/li>\n<li><span style=\"color: #000000;\">Kh\u1ea3 n\u0103ng m\u1edf r\u1ed9ng v\u00e0 t\u00edch h\u1ee3p trong t\u01b0\u01a1ng lai: c\u00f3 th\u1ec3 k\u1ebft n\u1ed1i v\u1edbi H\u1ec7 th\u1ed1ng Scada-Net (ESN) c\u1ee7a EDIBON \u0111\u1ec3 nhi\u1ec1u sinh vi\u00ean v\u1eadn h\u00e0nh \u0111\u1ed3ng th\u1eddi c\u00e1c thi\u1ebft b\u1ecb trong m\u1ea1ng.<\/span><\/li>\n<\/ul>\n<p><span style=\"color: #000000;\"><strong>Thi\u1ebft b\u1ecb y\u00eau c\u1ea7u (Kh\u00f4ng bao g\u1ed3m):<\/strong><\/span><\/p>\n<ul>\n<li><span style=\"color: #000000;\">TGV. M\u00e1y t\u1ea1o h\u01a1i n\u01b0\u1edbc (3 kW): d\u00f9ng \u0111\u1ec3 thay \u0111\u1ed5i \u0111i\u1ec1u ki\u1ec7n \u0111\u1ed9 \u1ea9m trong qu\u00e1 tr\u00ecnh s\u1ea5y.<\/span><\/li>\n<\/ul>","protected":false},"excerpt":{"rendered":"<p><span style=\"color: #000000;\">H\u1ec7 th\u1ed1ng s\u1ea5y khay \u0111i\u1ec1u khi\u1ec3n b\u1eb1ng m\u00e1y t\u00ednh (SBANC &#8211; Computer Controlled Tray Drier) do EDIBON ph\u00e1t tri\u1ec3n, s\u1eed d\u1ee5ng m\u1ed9t trong nh\u1eefng ph\u01b0\u01a1ng ph\u00e1p s\u1ea5y kh\u00f4 ph\u1ed5 bi\u1ebfn nh\u1ea5t. Ph\u01b0\u01a1ng ph\u00e1p n\u00e0y ho\u1ea1t \u0111\u1ed9ng b\u1eb1ng c\u00e1ch t\u1ea1o d\u00f2ng kh\u00f4ng kh\u00ed l\u01b0u th\u00f4ng qua v\u1eadt li\u1ec7u c\u1ea7n s\u1ea5y.<\/span><\/p>","protected":false},"featured_media":1820,"template":"","meta":{"inline_featured_image":false},"product_brand":[47],"product_cat":[95,90],"product_tag":[],"class_list":{"0":"post-1819","1":"product","2":"type-product","3":"status-publish","4":"has-post-thumbnail","6":"product_brand-edibon","7":"product_cat-cong-nghe-thuc-pham-va-nuoc","8":"product_cat-thiet-bi-giao-duc","10":"first","11":"instock","12":"shipping-taxable","13":"product-type-simple"},"yoast_head":"<!-- This site is optimized with the Yoast SEO plugin v24.7 - https:\/\/yoast.com\/wordpress\/plugins\/seo\/ -->\n<title>H\u1ec7 th\u1ed1ng s\u1ea5y khay \u0111i\u1ec1u khi\u1ec3n b\u1eb1ng m\u00e1y t\u00ednh - HTI Scientific<\/title>\n<meta name=\"description\" content=\"H\u1ec7 th\u1ed1ng s\u1ea5y khay \u0111i\u1ec1u khi\u1ec3n b\u1eb1ng m\u00e1y t\u00ednh (SBANC - Computer Controlled Tray Drier) bao g\u1ed3m h\u1ec7 th\u1ed1ng SCADA th\u1eddi gian th\u1ef1c, \u0111i\u1ec1u khi\u1ec3n PID, t\u01b0\u01a1ng th\u00edch v\u1edbi..\" \/>\n<meta name=\"robots\" content=\"index, follow, max-snippet:-1, max-image-preview:large, max-video-preview:-1\" \/>\n<link rel=\"canonical\" href=\"https:\/\/htiscientific.vn\/en\/product\/he-thong-say-khay-dieu-khien-bang-may-tinh\/\" \/>\n<meta property=\"og:locale\" content=\"en_US\" \/>\n<meta property=\"og:type\" content=\"article\" \/>\n<meta property=\"og:title\" content=\"H\u1ec7 th\u1ed1ng s\u1ea5y khay \u0111i\u1ec1u khi\u1ec3n b\u1eb1ng m\u00e1y t\u00ednh - HTI Scientific\" \/>\n<meta property=\"og:description\" content=\"H\u1ec7 th\u1ed1ng s\u1ea5y khay \u0111i\u1ec1u khi\u1ec3n b\u1eb1ng m\u00e1y t\u00ednh (SBANC - Computer Controlled Tray Drier) bao g\u1ed3m h\u1ec7 th\u1ed1ng SCADA th\u1eddi gian th\u1ef1c, \u0111i\u1ec1u khi\u1ec3n PID, t\u01b0\u01a1ng th\u00edch v\u1edbi..\" \/>\n<meta property=\"og:url\" content=\"https:\/\/htiscientific.vn\/en\/product\/he-thong-say-khay-dieu-khien-bang-may-tinh\/\" \/>\n<meta property=\"og:site_name\" content=\"HTI Scientific\" \/>\n<meta property=\"article:publisher\" content=\"https:\/\/www.facebook.com\/htiscientific.vn\" \/>\n<meta property=\"og:image\" content=\"https:\/\/htiscientific.vn\/wp-content\/uploads\/2025\/06\/22.jpg\" \/>\n\t<meta property=\"og:image:width\" content=\"1000\" \/>\n\t<meta property=\"og:image:height\" content=\"1000\" \/>\n\t<meta property=\"og:image:type\" content=\"image\/jpeg\" \/>\n<meta name=\"twitter:card\" content=\"summary_large_image\" \/>\n<meta name=\"twitter:label1\" content=\"Est. reading time\" \/>\n\t<meta name=\"twitter:data1\" content=\"4 minutes\" \/>\n<script type=\"application\/ld+json\" class=\"yoast-schema-graph\">{\"@context\":\"https:\/\/schema.org\",\"@graph\":[{\"@type\":\"WebPage\",\"@id\":\"https:\/\/htiscientific.vn\/san-pham\/he-thong-say-khay-dieu-khien-bang-may-tinh\/\",\"url\":\"https:\/\/htiscientific.vn\/san-pham\/he-thong-say-khay-dieu-khien-bang-may-tinh\/\",\"name\":\"H\u1ec7 th\u1ed1ng s\u1ea5y khay \u0111i\u1ec1u khi\u1ec3n b\u1eb1ng m\u00e1y t\u00ednh - HTI Scientific\",\"isPartOf\":{\"@id\":\"https:\/\/htiscientific.vn\/#website\"},\"primaryImageOfPage\":{\"@id\":\"https:\/\/htiscientific.vn\/san-pham\/he-thong-say-khay-dieu-khien-bang-may-tinh\/#primaryimage\"},\"image\":{\"@id\":\"https:\/\/htiscientific.vn\/san-pham\/he-thong-say-khay-dieu-khien-bang-may-tinh\/#primaryimage\"},\"thumbnailUrl\":\"https:\/\/htiscientific.vn\/wp-content\/uploads\/2025\/06\/22.jpg\",\"datePublished\":\"2025-06-24T08:55:23+00:00\",\"description\":\"H\u1ec7 th\u1ed1ng s\u1ea5y khay \u0111i\u1ec1u khi\u1ec3n b\u1eb1ng m\u00e1y t\u00ednh (SBANC - Computer Controlled Tray Drier) bao g\u1ed3m h\u1ec7 th\u1ed1ng SCADA th\u1eddi gian th\u1ef1c, \u0111i\u1ec1u khi\u1ec3n PID, t\u01b0\u01a1ng th\u00edch v\u1edbi..\",\"breadcrumb\":{\"@id\":\"https:\/\/htiscientific.vn\/san-pham\/he-thong-say-khay-dieu-khien-bang-may-tinh\/#breadcrumb\"},\"inLanguage\":\"en-US\",\"potentialAction\":[{\"@type\":\"ReadAction\",\"target\":[\"https:\/\/htiscientific.vn\/san-pham\/he-thong-say-khay-dieu-khien-bang-may-tinh\/\"]}]},{\"@type\":\"ImageObject\",\"inLanguage\":\"en-US\",\"@id\":\"https:\/\/htiscientific.vn\/san-pham\/he-thong-say-khay-dieu-khien-bang-may-tinh\/#primaryimage\",\"url\":\"https:\/\/htiscientific.vn\/wp-content\/uploads\/2025\/06\/22.jpg\",\"contentUrl\":\"https:\/\/htiscientific.vn\/wp-content\/uploads\/2025\/06\/22.jpg\",\"width\":1000,\"height\":1000,\"caption\":\"he-thong-say-khay\"},{\"@type\":\"BreadcrumbList\",\"@id\":\"https:\/\/htiscientific.vn\/san-pham\/he-thong-say-khay-dieu-khien-bang-may-tinh\/#breadcrumb\",\"itemListElement\":[{\"@type\":\"ListItem\",\"position\":1,\"name\":\"Trang ch\u1ee7\",\"item\":\"https:\/\/htiscientific.vn\/\"},{\"@type\":\"ListItem\",\"position\":2,\"name\":\"C\u1eeda h\u00e0ng\",\"item\":\"https:\/\/htiscientific.vn\/cua-hang\/\"},{\"@type\":\"ListItem\",\"position\":3,\"name\":\"Thi\u1ebft b\u1ecb gi\u00e1o d\u1ee5c\",\"item\":\"https:\/\/htiscientific.vn\/danh-muc-san-pham\/thiet-bi-giao-duc\/\"},{\"@type\":\"ListItem\",\"position\":4,\"name\":\"C\u00f4ng ngh\u1ec7 th\u1ef1c ph\u1ea9m v\u00e0 n\u01b0\u1edbc\",\"item\":\"https:\/\/htiscientific.vn\/danh-muc-san-pham\/thiet-bi-giao-duc\/cong-nghe-thuc-pham-va-nuoc\/\"},{\"@type\":\"ListItem\",\"position\":5,\"name\":\"H\u1ec7 th\u1ed1ng s\u1ea5y khay \u0111i\u1ec1u khi\u1ec3n b\u1eb1ng m\u00e1y t\u00ednh\"}]},{\"@type\":\"WebSite\",\"@id\":\"https:\/\/htiscientific.vn\/#website\",\"url\":\"https:\/\/htiscientific.vn\/\",\"name\":\"HTI Scientific\",\"description\":\"HTI Scientific\",\"publisher\":{\"@id\":\"https:\/\/htiscientific.vn\/#organization\"},\"potentialAction\":[{\"@type\":\"SearchAction\",\"target\":{\"@type\":\"EntryPoint\",\"urlTemplate\":\"https:\/\/htiscientific.vn\/?s={search_term_string}\"},\"query-input\":{\"@type\":\"PropertyValueSpecification\",\"valueRequired\":true,\"valueName\":\"search_term_string\"}}],\"inLanguage\":\"en-US\"},{\"@type\":\"Organization\",\"@id\":\"https:\/\/htiscientific.vn\/#organization\",\"name\":\"HTI Scientific\",\"alternateName\":\"HTI Scientific\",\"url\":\"https:\/\/htiscientific.vn\/\",\"logo\":{\"@type\":\"ImageObject\",\"inLanguage\":\"en-US\",\"@id\":\"https:\/\/htiscientific.vn\/#\/schema\/logo\/image\/\",\"url\":\"https:\/\/htiscientific.vn\/wp-content\/uploads\/2025\/03\/ava-hti-copy.jpg\",\"contentUrl\":\"https:\/\/htiscientific.vn\/wp-content\/uploads\/2025\/03\/ava-hti-copy.jpg\",\"width\":700,\"height\":450,\"caption\":\"HTI Scientific\"},\"image\":{\"@id\":\"https:\/\/htiscientific.vn\/#\/schema\/logo\/image\/\"},\"sameAs\":[\"https:\/\/www.facebook.com\/htiscientific.vn\"]}]}<\/script>\n<!-- \/ Yoast SEO plugin. -->","yoast_head_json":{"title":"H\u1ec7 th\u1ed1ng s\u1ea5y khay \u0111i\u1ec1u khi\u1ec3n b\u1eb1ng m\u00e1y t\u00ednh - HTI Scientific","description":"H\u1ec7 th\u1ed1ng s\u1ea5y khay \u0111i\u1ec1u khi\u1ec3n b\u1eb1ng m\u00e1y t\u00ednh (SBANC - Computer Controlled Tray Drier) bao g\u1ed3m h\u1ec7 th\u1ed1ng SCADA th\u1eddi gian th\u1ef1c, \u0111i\u1ec1u khi\u1ec3n PID, t\u01b0\u01a1ng th\u00edch v\u1edbi..","robots":{"index":"index","follow":"follow","max-snippet":"max-snippet:-1","max-image-preview":"max-image-preview:large","max-video-preview":"max-video-preview:-1"},"canonical":"https:\/\/htiscientific.vn\/en\/product\/he-thong-say-khay-dieu-khien-bang-may-tinh\/","og_locale":"en_US","og_type":"article","og_title":"H\u1ec7 th\u1ed1ng s\u1ea5y khay \u0111i\u1ec1u khi\u1ec3n b\u1eb1ng m\u00e1y t\u00ednh - HTI Scientific","og_description":"H\u1ec7 th\u1ed1ng s\u1ea5y khay \u0111i\u1ec1u khi\u1ec3n b\u1eb1ng m\u00e1y t\u00ednh (SBANC - Computer Controlled Tray Drier) bao g\u1ed3m h\u1ec7 th\u1ed1ng SCADA th\u1eddi gian th\u1ef1c, \u0111i\u1ec1u khi\u1ec3n PID, t\u01b0\u01a1ng th\u00edch v\u1edbi..","og_url":"https:\/\/htiscientific.vn\/en\/product\/he-thong-say-khay-dieu-khien-bang-may-tinh\/","og_site_name":"HTI Scientific","article_publisher":"https:\/\/www.facebook.com\/htiscientific.vn","og_image":[{"width":1000,"height":1000,"url":"https:\/\/htiscientific.vn\/wp-content\/uploads\/2025\/06\/22.jpg","type":"image\/jpeg"}],"twitter_card":"summary_large_image","twitter_misc":{"Est. reading time":"4 minutes"},"schema":{"@context":"https:\/\/schema.org","@graph":[{"@type":"WebPage","@id":"https:\/\/htiscientific.vn\/san-pham\/he-thong-say-khay-dieu-khien-bang-may-tinh\/","url":"https:\/\/htiscientific.vn\/san-pham\/he-thong-say-khay-dieu-khien-bang-may-tinh\/","name":"H\u1ec7 th\u1ed1ng s\u1ea5y khay \u0111i\u1ec1u khi\u1ec3n b\u1eb1ng m\u00e1y t\u00ednh - HTI Scientific","isPartOf":{"@id":"https:\/\/htiscientific.vn\/#website"},"primaryImageOfPage":{"@id":"https:\/\/htiscientific.vn\/san-pham\/he-thong-say-khay-dieu-khien-bang-may-tinh\/#primaryimage"},"image":{"@id":"https:\/\/htiscientific.vn\/san-pham\/he-thong-say-khay-dieu-khien-bang-may-tinh\/#primaryimage"},"thumbnailUrl":"https:\/\/htiscientific.vn\/wp-content\/uploads\/2025\/06\/22.jpg","datePublished":"2025-06-24T08:55:23+00:00","description":"H\u1ec7 th\u1ed1ng s\u1ea5y khay \u0111i\u1ec1u khi\u1ec3n b\u1eb1ng m\u00e1y t\u00ednh (SBANC - Computer Controlled Tray Drier) bao g\u1ed3m h\u1ec7 th\u1ed1ng SCADA th\u1eddi gian th\u1ef1c, \u0111i\u1ec1u khi\u1ec3n PID, t\u01b0\u01a1ng th\u00edch v\u1edbi..","breadcrumb":{"@id":"https:\/\/htiscientific.vn\/san-pham\/he-thong-say-khay-dieu-khien-bang-may-tinh\/#breadcrumb"},"inLanguage":"en-US","potentialAction":[{"@type":"ReadAction","target":["https:\/\/htiscientific.vn\/san-pham\/he-thong-say-khay-dieu-khien-bang-may-tinh\/"]}]},{"@type":"ImageObject","inLanguage":"en-US","@id":"https:\/\/htiscientific.vn\/san-pham\/he-thong-say-khay-dieu-khien-bang-may-tinh\/#primaryimage","url":"https:\/\/htiscientific.vn\/wp-content\/uploads\/2025\/06\/22.jpg","contentUrl":"https:\/\/htiscientific.vn\/wp-content\/uploads\/2025\/06\/22.jpg","width":1000,"height":1000,"caption":"he-thong-say-khay"},{"@type":"BreadcrumbList","@id":"https:\/\/htiscientific.vn\/san-pham\/he-thong-say-khay-dieu-khien-bang-may-tinh\/#breadcrumb","itemListElement":[{"@type":"ListItem","position":1,"name":"Trang ch\u1ee7","item":"https:\/\/htiscientific.vn\/"},{"@type":"ListItem","position":2,"name":"C\u1eeda h\u00e0ng","item":"https:\/\/htiscientific.vn\/cua-hang\/"},{"@type":"ListItem","position":3,"name":"Thi\u1ebft b\u1ecb gi\u00e1o d\u1ee5c","item":"https:\/\/htiscientific.vn\/danh-muc-san-pham\/thiet-bi-giao-duc\/"},{"@type":"ListItem","position":4,"name":"C\u00f4ng ngh\u1ec7 th\u1ef1c ph\u1ea9m v\u00e0 n\u01b0\u1edbc","item":"https:\/\/htiscientific.vn\/danh-muc-san-pham\/thiet-bi-giao-duc\/cong-nghe-thuc-pham-va-nuoc\/"},{"@type":"ListItem","position":5,"name":"H\u1ec7 th\u1ed1ng s\u1ea5y khay \u0111i\u1ec1u khi\u1ec3n b\u1eb1ng m\u00e1y t\u00ednh"}]},{"@type":"WebSite","@id":"https:\/\/htiscientific.vn\/#website","url":"https:\/\/htiscientific.vn\/","name":"HTI Scientific","description":"HTI Scientific","publisher":{"@id":"https:\/\/htiscientific.vn\/#organization"},"potentialAction":[{"@type":"SearchAction","target":{"@type":"EntryPoint","urlTemplate":"https:\/\/htiscientific.vn\/?s={search_term_string}"},"query-input":{"@type":"PropertyValueSpecification","valueRequired":true,"valueName":"search_term_string"}}],"inLanguage":"en-US"},{"@type":"Organization","@id":"https:\/\/htiscientific.vn\/#organization","name":"HTI Scientific","alternateName":"HTI Scientific","url":"https:\/\/htiscientific.vn\/","logo":{"@type":"ImageObject","inLanguage":"en-US","@id":"https:\/\/htiscientific.vn\/#\/schema\/logo\/image\/","url":"https:\/\/htiscientific.vn\/wp-content\/uploads\/2025\/03\/ava-hti-copy.jpg","contentUrl":"https:\/\/htiscientific.vn\/wp-content\/uploads\/2025\/03\/ava-hti-copy.jpg","width":700,"height":450,"caption":"HTI Scientific"},"image":{"@id":"https:\/\/htiscientific.vn\/#\/schema\/logo\/image\/"},"sameAs":["https:\/\/www.facebook.com\/htiscientific.vn"]}]}},"_links":{"self":[{"href":"https:\/\/htiscientific.vn\/en\/wp-json\/wp\/v2\/product\/1819","targetHints":{"allow":["GET"]}}],"collection":[{"href":"https:\/\/htiscientific.vn\/en\/wp-json\/wp\/v2\/product"}],"about":[{"href":"https:\/\/htiscientific.vn\/en\/wp-json\/wp\/v2\/types\/product"}],"wp:featuredmedia":[{"embeddable":true,"href":"https:\/\/htiscientific.vn\/en\/wp-json\/wp\/v2\/media\/1820"}],"wp:attachment":[{"href":"https:\/\/htiscientific.vn\/en\/wp-json\/wp\/v2\/media?parent=1819"}],"wp:term":[{"taxonomy":"product_brand","embeddable":true,"href":"https:\/\/htiscientific.vn\/en\/wp-json\/wp\/v2\/product_brand?post=1819"},{"taxonomy":"product_cat","embeddable":true,"href":"https:\/\/htiscientific.vn\/en\/wp-json\/wp\/v2\/product_cat?post=1819"},{"taxonomy":"product_tag","embeddable":true,"href":"https:\/\/htiscientific.vn\/en\/wp-json\/wp\/v2\/product_tag?post=1819"}],"curies":[{"name":"wp","href":"https:\/\/api.w.org\/{rel}","templated":true}]}}