{"id":1817,"date":"2025-06-24T15:51:33","date_gmt":"2025-06-24T08:51:33","guid":{"rendered":"https:\/\/htiscientific.vn\/?post_type=product&#038;p=1817"},"modified":"2025-06-24T15:51:33","modified_gmt":"2025-06-24T08:51:33","slug":"he-thong-dao-tao-ve-cac-loai-thiet-bi-phan-ung-hoa-hoc-dieu-khien-bang-may-tinh","status":"publish","type":"product","link":"https:\/\/htiscientific.vn\/en\/product\/he-thong-dao-tao-ve-cac-loai-thiet-bi-phan-ung-hoa-hoc-dieu-khien-bang-may-tinh\/","title":{"rendered":"H\u1ec7 th\u1ed1ng \u0111\u00e0o t\u1ea1o v\u1ec1 c\u00e1c lo\u1ea1i thi\u1ebft b\u1ecb ph\u1ea3n \u1ee9ng h\u00f3a h\u1ecdc \u0111i\u1ec1u khi\u1ec3n b\u1eb1ng m\u00e1y t\u00ednh"},"content":{"rendered":"<p><span style=\"color: #000000;\">Thi\u1ebft b\u1ecb ph\u1ea3n \u1ee9ng h\u00f3a h\u1ecdc (QRQC &#8211; Computer Controlled Chemical Reactors Training System) \u0111\u01b0\u1ee3c thi\u1ebft k\u1ebf b\u1edfi EDIBON nh\u1eb1m h\u1ed7 tr\u1ee3 sinh vi\u00ean, gi\u1ea3ng vi\u00ean v\u00e0 c\u00e1c nh\u00e0 nghi\u00ean c\u1ee9u th\u1ef1c hi\u1ec7n c\u00e1c nghi\u00ean c\u1ee9u n\u00e2ng cao v\u1ec1 \u0111\u1eb7c t\u00ednh, m\u00f4 ph\u1ecfng c\u00e1c t\u00ecnh hu\u1ed1ng th\u1ef1c t\u1ebf v\u00e0 c\u00e1c lo\u1ea1i thi\u1ebft b\u1ecb ph\u1ea3n \u1ee9ng kh\u00e1c nhau \u0111\u01b0\u1ee3c s\u1eed d\u1ee5ng ph\u1ed5 bi\u1ebfn trong ng\u00e0nh c\u00f4ng nghi\u1ec7p h\u00f3a ch\u1ea5t.<\/span><\/p>\n<p><span style=\"color: #000000;\"><strong>H\u1ec7 QRUBI c\u01a1 b\u1ea3n:<\/strong><\/span><\/p>\n<ul>\n<li><span style=\"color: #000000;\">Khung b\u1eb1ng nh\u00f4m anod v\u00e0 c\u00e1c t\u1ea5m th\u00e9p s\u01a1n t\u0129nh \u0111i\u1ec7n.<\/span><\/li>\n<li><span style=\"color: #000000;\">Thi\u1ebft b\u1ecb c\u00f3 b\u00e1nh xe \u0111\u1ec3 d\u1ec5 d\u00e0ng di chuy\u1ec3n.<\/span><\/li>\n<li><span style=\"color: #000000;\">C\u00e1c b\u1ed9 ph\u1eadn kim lo\u1ea1i ch\u00ednh \u0111\u01b0\u1ee3c l\u00e0m b\u1eb1ng th\u00e9p kh\u00f4ng g\u1ec9.<\/span><\/li>\n<li><span style=\"color: #000000;\">S\u01a1 \u0111\u1ed3 b\u1ed1 tr\u00ed c\u00e1c th\u00e0nh ph\u1ea7n t\u01b0\u01a1ng t\u1ef1 nh\u01b0 thi\u1ebft b\u1ecb th\u1ef1c t\u1ebf \u0111\u01b0\u1ee3c hi\u1ec3n th\u1ecb tr\u00ean b\u1ea3ng \u0111i\u1ec1u khi\u1ec3n ph\u00eda tr\u01b0\u1edbc.<\/span><\/li>\n<li><span style=\"color: #000000;\">Thi\u1ebft b\u1ecb n\u00e0y d\u00f9ng chung cho c\u00e1c th\u00e0nh ph\u1ea7n c\u1ea7n thi\u1ebft (\u00edt nh\u1ea5t m\u1ed9t th\u00e0nh ph\u1ea7n) (kh\u00f4ng bao g\u1ed3m).<\/span><\/li>\n<li><span style=\"color: #000000;\">H\u1ec7 th\u1ed1ng l\u1eafp \u0111\u1eb7t v\u00e0 thay \u0111\u1ed5i c\u00e1c thi\u1ebft b\u1ecb ph\u1ea3n \u1ee9ng nhanh ch\u00f3ng, d\u1ec5 d\u00e0ng v\u1eadn h\u00e0nh.<\/span><\/li>\n<li><span style=\"color: #000000;\">Cung c\u1ea5p t\u1ea5t c\u1ea3 c\u00e1c d\u1ecbch v\u1ee5 c\u1ea7n thi\u1ebft cho ho\u1ea1t \u0111\u1ed9ng c\u1ee7a t\u1eebng thi\u1ebft b\u1ecb ph\u1ea3n \u1ee9ng.<\/span><\/li>\n<li><span style=\"color: #000000;\">K\u1ebft n\u1ed1i an to\u00e0n, d\u1ec5 d\u00e0ng v\u00e0 nhanh ch\u00f3ng.<\/span><\/li>\n<li><span style=\"color: #000000;\">T\u1ea5t c\u1ea3 c\u00e1c b\u1ed9 ph\u1eadn c\u1ee7a thi\u1ebft b\u1ecb \u0111\u1ec1u c\u00f3 kh\u1ea3 n\u0103ng ch\u1ecbu h\u00f3a ch\u1ea5t.<\/span><\/li>\n<\/ul>\n<p><span style=\"color: #000000;\"><strong>Thi\u1ebft b\u1ecb &#8220;QRUBI&#8221; bao g\u1ed3m:<\/strong><\/span><\/p>\n<ul>\n<li><span style=\"color: #000000;\">Ba b\u00ecnh th\u1ee7y tinh Pyrex dung t\u00edch 10 l\u00edt: hai b\u00ecnh d\u00f9ng \u0111\u1ec3 ch\u1ee9a thu\u1ed1c th\u1eed, m\u1ed9t b\u00ecnh d\u00f9ng \u0111\u1ec3 ch\u1ee9a s\u1ea3n ph\u1ea9m.<\/span><\/li>\n<li><span style=\"color: #000000;\">B\u1ec3 \u0111i\u1ec1u nhi\u1ec7t dung t\u00edch 6 l\u00edt: ki\u1ec3m so\u00e1t nhi\u1ec7t \u0111\u1ed9 trong kho\u1ea3ng t\u1eeb (nhi\u1ec7t \u0111\u1ed9 ph\u00f2ng + 5\u00baC) \u0111\u1ebfn 70\u00baC. Bao g\u1ed3m b\u1ed9 gia nhi\u1ec7t \u0111i\u1ec1u khi\u1ec3n b\u1eb1ng m\u00e1y t\u00ednh, c\u00f4ng su\u1ea5t 600 W, ki\u1ec3m so\u00e1t nhi\u1ec7t \u0111\u1ed9 b\u1eb1ng PID.<\/span><\/li>\n<li><span style=\"color: #000000;\">Ba b\u01a1m \u0111i\u1ec1u khi\u1ec3n b\u1eb1ng m\u00e1y t\u00ednh:<\/span>\n<ul>\n<li><span style=\"color: #000000;\">B\u01a1m tu\u1ea7n ho\u00e0n n\u01b0\u1edbc t\u1eeb b\u1ec3 \u0111i\u1ec1u nhi\u1ec7t \u0111\u1ebfn thi\u1ebft b\u1ecb ph\u1ea3n \u1ee9ng, c\u00f4ng su\u1ea5t 0.37 kW, l\u01b0u l\u01b0\u1ee3ng t\u1ed1i \u0111a 80 l\u00edt\/ph\u00fat \u2013 \u00e1p su\u1ea5t t\u1ed1i \u0111a 12.8 m.w.c.<\/span><\/li>\n<li><span style=\"color: #000000;\">Hai b\u01a1m \u0111\u1ecbnh l\u01b0\u1ee3ng, l\u01b0u l\u01b0\u1ee3ng t\u1ed1i \u0111a 7 l\u00edt\/gi\u1edd.<\/span><\/li>\n<\/ul>\n<\/li>\n<li><span style=\"color: #000000;\">C\u1ea3m bi\u1ebfn nhi\u1ec7t \u0111\u1ed9 lo\u1ea1i \u201cJ\u201d: \u0111o nhi\u1ec7t \u0111\u1ed9 n\u01b0\u1edbc trong b\u1ec3 \u0111i\u1ec1u nhi\u1ec7t li\u00ean t\u1ee5c.<\/span><\/li>\n<li><span style=\"color: #000000;\">C\u1ea3m bi\u1ebfn \u0111\u1ed9 d\u1eabn \u0111i\u1ec7n v\u00e0 m\u00e1y \u0111o \u0111\u1ed9 d\u1eabn \u0111i\u1ec7n: \u0111o \u0111\u1ed9 d\u1eabn c\u1ee7a s\u1ea3n ph\u1ea9m trong qu\u00e1 tr\u00ecnh ph\u1ea3n \u1ee9ng, d\u1ea3i \u0111o t\u1eeb 30 \u00b5S\/cm \u0111\u1ebfn 20 mS\/cm.<\/span>\n<ul>\n<li><span style=\"color: #000000;\">Nhi\u1ec7t \u0111\u1ed9 l\u00e0m vi\u1ec7c: 0 \u2013 100 \u00baC.<\/span><\/li>\n<li><span style=\"color: #000000;\">Ph\u1ea7n m\u1ec1m c\u00f3 ch\u1ee9c n\u0103ng b\u00f9 tr\u1eeb nhi\u1ec7t \u0111\u1ed9 \u0111\u1ec3 lo\u1ea1i b\u1ecf \u1ea3nh h\u01b0\u1edfng c\u1ee7a nhi\u1ec7t \u0111\u1ed9 \u0111\u1ed1i v\u1edbi ph\u00e9p \u0111o \u0111\u1ed9 d\u1eabn.<\/span><\/li>\n<\/ul>\n<\/li>\n<li><span style=\"color: #000000;\">Ba l\u01b0u l\u01b0\u1ee3ng k\u1ebf:<\/span>\n<ul>\n<li><span style=\"color: #000000;\">\u0110o l\u01b0u l\u01b0\u1ee3ng CO\u2082: 0 \u2013 1440 Nl\/gi\u1edd, \u00e1p su\u1ea5t t\u1ed1i \u0111a 0.5 kg\/cm\u00b2.<\/span><\/li>\n<li><span style=\"color: #000000;\">\u0110o l\u01b0u l\u01b0\u1ee3ng natri axetat: 0.54 \u2013 5.4 l\u00edt\/gi\u1edd.<\/span><\/li>\n<li><span style=\"color: #000000;\">\u0110o l\u01b0u l\u01b0\u1ee3ng etyl axetat: 0.7 \u2013 7 l\u00edt\/gi\u1edd.<\/span><\/li>\n<\/ul>\n<\/li>\n<li><span style=\"color: #000000;\">Hai van ba ng\u1ea3: chuy\u1ec3n h\u01b0\u1edbng thu\u1ed1c th\u1eed gi\u1eefa thi\u1ebft b\u1ecb ph\u1ea3n \u1ee9ng v\u00e0 b\u00ecnh ch\u1ee9a thu\u1ed1c th\u1eed (\u0111\u01b0\u1eddng v\u00f2ng).<\/span><\/li>\n<\/ul>\n<p><span style=\"color: #000000;\"><strong>Thi\u1ebft b\u1ecb ph\u1ea3n \u1ee9ng h\u00f3a h\u1ecdc bao g\u1ed3m c\u00e1c t\u00ednh n\u0103ng n\u00e2ng cao:<\/strong><\/span><\/p>\n<ul>\n<li><span style=\"color: #000000;\">SCADA th\u1eddi gian th\u1ef1c v\u00e0 ki\u1ec3m so\u00e1t PID ti\u00ean ti\u1ebfn.<\/span><\/li>\n<li><span style=\"color: #000000;\">Ki\u1ec3m so\u00e1t m\u1edf + Ki\u1ec3m so\u00e1t \u0111a bi\u1ebfn + Ki\u1ec3m so\u00e1t th\u1eddi gian th\u1ef1c.<\/span><\/li>\n<li><span style=\"color: #000000;\">Ph\u1ea7n m\u1ec1m \u0111i\u1ec1u khi\u1ec3n chuy\u00ean d\u1ee5ng c\u1ee7a EDIBON d\u1ef1a tr\u00ean n\u1ec1n t\u1ea3ng LabVIEW.<\/span><\/li>\n<li><span style=\"color: #000000;\">Bo m\u1ea1ch thu th\u1eadp d\u1eef li\u1ec7u National Instruments (250 KS\/s, kilo m\u1eabu\/gi\u00e2y).<\/span><\/li>\n<li><span style=\"color: #000000;\">B\u00e0i t\u1eadp hi\u1ec7u chu\u1ea9n: h\u01b0\u1edbng d\u1eabn ng\u01b0\u1eddi d\u00f9ng c\u00e1ch hi\u1ec7u chu\u1ea9n c\u1ea3m bi\u1ebfn v\u00e0 t\u1ea7m quan tr\u1ecdng c\u1ee7a vi\u1ec7c ki\u1ec3m tra \u0111\u1ed9 ch\u00ednh x\u00e1c c\u1ee7a c\u1ea3m bi\u1ebfn tr\u01b0\u1edbc khi \u0111o l\u01b0\u1eddng.<\/span><\/li>\n<li><span style=\"color: #000000;\">T\u01b0\u01a1ng th\u00edch v\u1edbi m\u00e1y chi\u1ebfu v\u00e0\/ho\u1eb7c b\u1ea3ng tr\u1eafng \u0111i\u1ec7n t\u1eed: h\u1ed7 tr\u1ee3 gi\u1ea3ng d\u1ea1y v\u00e0 tr\u00ecnh b\u00e0y tr\u1ef1c quan cho c\u1ea3 l\u1edbp h\u1ecdc.<\/span><\/li>\n<li><span style=\"color: #000000;\">Kh\u1ea3 n\u0103ng th\u1ef1c hi\u1ec7n nghi\u00ean c\u1ee9u \u1ee9ng d\u1ee5ng, m\u00f4 ph\u1ecfng c\u00f4ng nghi\u1ec7p th\u1ef1c t\u1ebf, \u0111\u00e0o t\u1ea1o chuy\u00ean s\u00e2u, v.v.<\/span><\/li>\n<li><span style=\"color: #000000;\">H\u1ed7 tr\u1ee3 v\u1eadn h\u00e0nh v\u00e0 \u0111i\u1ec1u khi\u1ec3n t\u1eeb xa cho ng\u01b0\u1eddi d\u00f9ng v\u00e0 h\u1ed7 tr\u1ee3 k\u1ef9 thu\u1eadt t\u1eeb EDIBON.<\/span><\/li>\n<li><span style=\"color: #000000;\">An to\u00e0n tuy\u1ec7t \u0111\u1ed1i v\u1edbi 4 h\u1ec7 th\u1ed1ng b\u1ea3o v\u1ec7 (C\u01a1 kh\u00ed, \u0110i\u1ec7n, \u0110i\u1ec7n t\u1eed v\u00e0 Ph\u1ea7n m\u1ec1m).<\/span><\/li>\n<li><span style=\"color: #000000;\">Thi\u1ebft k\u1ebf v\u00e0 s\u1ea3n xu\u1ea5t theo c\u00e1c ti\u00eau chu\u1ea9n ch\u1ea5t l\u01b0\u1ee3ng kh\u00e1c nhau.<\/span><\/li>\n<li><span style=\"color: #000000;\">T\u00f9y ch\u1ecdn ph\u1ea7n m\u1ec1m ICAI: t\u1ea1o, ch\u1ec9nh s\u1eeda v\u00e0 th\u1ef1c hi\u1ec7n c\u00e1c b\u00e0i th\u1ef1c h\u00e0nh, ki\u1ec3m tra, b\u00e0i thi, t\u00ednh to\u00e1n, \u0111\u1ed3ng th\u1eddi theo d\u00f5i ki\u1ebfn th\u1ee9c v\u00e0 ti\u1ebfn \u0111\u1ed9 c\u1ee7a ng\u01b0\u1eddi d\u00f9ng.<\/span><\/li>\n<li><span style=\"color: #000000;\">Thi\u1ebft b\u1ecb \u0111\u01b0\u1ee3c thi\u1ebft k\u1ebf cho kh\u1ea3 n\u0103ng m\u1edf r\u1ed9ng v\u00e0 t\u00edch h\u1ee3p trong t\u01b0\u01a1ng lai: C\u00f3 th\u1ec3 m\u1edf r\u1ed9ng v\u1edbi h\u1ec7 th\u1ed1ng EDIBON Scada-Net (ESN), cho ph\u00e9p nhi\u1ec1u sinh vi\u00ean v\u1eadn h\u00e0nh \u0111\u1ed3ng th\u1eddi nhi\u1ec1u thi\u1ebft b\u1ecb trong c\u00f9ng m\u1ed9t m\u1ea1ng l\u01b0\u1edbi.<\/span><\/li>\n<\/ul>","protected":false},"excerpt":{"rendered":"<p><span style=\"color: #000000;\">Thi\u1ebft b\u1ecb ph\u1ea3n \u1ee9ng h\u00f3a h\u1ecdc (QRQC &#8211; Computer Controlled Chemical Reactors Training System) \u0111\u01b0\u1ee3c thi\u1ebft k\u1ebf b\u1edfi EDIBON nh\u1eb1m h\u1ed7 tr\u1ee3 sinh vi\u00ean, gi\u1ea3ng vi\u00ean v\u00e0 c\u00e1c nh\u00e0 nghi\u00ean c\u1ee9u th\u1ef1c hi\u1ec7n c\u00e1c nghi\u00ean c\u1ee9u n\u00e2ng cao v\u1ec1 \u0111\u1eb7c t\u00ednh, m\u00f4 ph\u1ecfng c\u00e1c t\u00ecnh hu\u1ed1ng th\u1ef1c t\u1ebf v\u00e0 c\u00e1c lo\u1ea1i thi\u1ebft b\u1ecb ph\u1ea3n \u1ee9ng kh\u00e1c nhau \u0111\u01b0\u1ee3c s\u1eed d\u1ee5ng ph\u1ed5 bi\u1ebfn trong ng\u00e0nh c\u00f4ng nghi\u1ec7p h\u00f3a ch\u1ea5t.<\/span><\/p>","protected":false},"featured_media":1818,"template":"","meta":{"inline_featured_image":false},"product_brand":[47],"product_cat":[94,90],"product_tag":[],"class_list":{"0":"post-1817","1":"product","2":"type-product","3":"status-publish","4":"has-post-thumbnail","6":"product_brand-edibon","7":"product_cat-ky-thuat-hoa-hoc","8":"product_cat-thiet-bi-giao-duc","10":"first","11":"instock","12":"shipping-taxable","13":"product-type-simple"},"yoast_head":"<!-- This site is optimized with the Yoast SEO plugin v24.7 - https:\/\/yoast.com\/wordpress\/plugins\/seo\/ -->\n<title>H\u1ec7 th\u1ed1ng \u0111\u00e0o t\u1ea1o v\u1ec1 c\u00e1c lo\u1ea1i thi\u1ebft b\u1ecb ph\u1ea3n \u1ee9ng h\u00f3a h\u1ecdc \u0111i\u1ec1u khi\u1ec3n b\u1eb1ng m\u00e1y t\u00ednh - HTI Scientific<\/title>\n<meta name=\"description\" content=\"Thi\u1ebft b\u1ecb ph\u1ea3n \u1ee9ng h\u00f3a h\u1ecdc (QRQC - Computer Controlled Chemical Reactors Training System) th\u1ef1c hi\u1ec7n c\u00e1c nghi\u00ean c\u1ee9u trong ng\u00e0nh c\u00f4ng nghi\u1ec7p h\u00f3a ch\u1ea5t..\" \/>\n<meta name=\"robots\" content=\"index, follow, max-snippet:-1, max-image-preview:large, max-video-preview:-1\" \/>\n<link rel=\"canonical\" href=\"https:\/\/htiscientific.vn\/en\/product\/he-thong-dao-tao-ve-cac-loai-thiet-bi-phan-ung-hoa-hoc-dieu-khien-bang-may-tinh\/\" \/>\n<meta property=\"og:locale\" content=\"en_US\" \/>\n<meta property=\"og:type\" content=\"article\" \/>\n<meta property=\"og:title\" content=\"H\u1ec7 th\u1ed1ng \u0111\u00e0o t\u1ea1o v\u1ec1 c\u00e1c lo\u1ea1i thi\u1ebft b\u1ecb ph\u1ea3n \u1ee9ng h\u00f3a h\u1ecdc \u0111i\u1ec1u khi\u1ec3n b\u1eb1ng m\u00e1y t\u00ednh - HTI Scientific\" \/>\n<meta property=\"og:description\" content=\"Thi\u1ebft b\u1ecb ph\u1ea3n \u1ee9ng h\u00f3a h\u1ecdc (QRQC - Computer Controlled Chemical Reactors Training System) th\u1ef1c hi\u1ec7n c\u00e1c nghi\u00ean c\u1ee9u trong ng\u00e0nh c\u00f4ng nghi\u1ec7p h\u00f3a ch\u1ea5t..\" \/>\n<meta property=\"og:url\" content=\"https:\/\/htiscientific.vn\/en\/product\/he-thong-dao-tao-ve-cac-loai-thiet-bi-phan-ung-hoa-hoc-dieu-khien-bang-may-tinh\/\" \/>\n<meta property=\"og:site_name\" content=\"HTI Scientific\" \/>\n<meta property=\"article:publisher\" content=\"https:\/\/www.facebook.com\/htiscientific.vn\" \/>\n<meta property=\"og:image\" content=\"https:\/\/htiscientific.vn\/wp-content\/uploads\/2025\/06\/21.jpg\" \/>\n\t<meta property=\"og:image:width\" content=\"1000\" \/>\n\t<meta property=\"og:image:height\" content=\"1000\" \/>\n\t<meta property=\"og:image:type\" content=\"image\/jpeg\" \/>\n<meta name=\"twitter:card\" content=\"summary_large_image\" \/>\n<meta name=\"twitter:label1\" content=\"Est. reading time\" \/>\n\t<meta name=\"twitter:data1\" content=\"5 minutes\" \/>\n<script type=\"application\/ld+json\" class=\"yoast-schema-graph\">{\"@context\":\"https:\/\/schema.org\",\"@graph\":[{\"@type\":\"WebPage\",\"@id\":\"https:\/\/htiscientific.vn\/san-pham\/he-thong-dao-tao-ve-cac-loai-thiet-bi-phan-ung-hoa-hoc-dieu-khien-bang-may-tinh\/\",\"url\":\"https:\/\/htiscientific.vn\/san-pham\/he-thong-dao-tao-ve-cac-loai-thiet-bi-phan-ung-hoa-hoc-dieu-khien-bang-may-tinh\/\",\"name\":\"H\u1ec7 th\u1ed1ng \u0111\u00e0o t\u1ea1o v\u1ec1 c\u00e1c lo\u1ea1i thi\u1ebft b\u1ecb ph\u1ea3n \u1ee9ng h\u00f3a h\u1ecdc \u0111i\u1ec1u khi\u1ec3n b\u1eb1ng m\u00e1y t\u00ednh - HTI Scientific\",\"isPartOf\":{\"@id\":\"https:\/\/htiscientific.vn\/#website\"},\"primaryImageOfPage\":{\"@id\":\"https:\/\/htiscientific.vn\/san-pham\/he-thong-dao-tao-ve-cac-loai-thiet-bi-phan-ung-hoa-hoc-dieu-khien-bang-may-tinh\/#primaryimage\"},\"image\":{\"@id\":\"https:\/\/htiscientific.vn\/san-pham\/he-thong-dao-tao-ve-cac-loai-thiet-bi-phan-ung-hoa-hoc-dieu-khien-bang-may-tinh\/#primaryimage\"},\"thumbnailUrl\":\"https:\/\/htiscientific.vn\/wp-content\/uploads\/2025\/06\/21.jpg\",\"datePublished\":\"2025-06-24T08:51:33+00:00\",\"description\":\"Thi\u1ebft b\u1ecb ph\u1ea3n \u1ee9ng h\u00f3a h\u1ecdc (QRQC - Computer Controlled Chemical Reactors Training System) th\u1ef1c hi\u1ec7n c\u00e1c nghi\u00ean c\u1ee9u trong ng\u00e0nh c\u00f4ng nghi\u1ec7p h\u00f3a ch\u1ea5t..\",\"breadcrumb\":{\"@id\":\"https:\/\/htiscientific.vn\/san-pham\/he-thong-dao-tao-ve-cac-loai-thiet-bi-phan-ung-hoa-hoc-dieu-khien-bang-may-tinh\/#breadcrumb\"},\"inLanguage\":\"en-US\",\"potentialAction\":[{\"@type\":\"ReadAction\",\"target\":[\"https:\/\/htiscientific.vn\/san-pham\/he-thong-dao-tao-ve-cac-loai-thiet-bi-phan-ung-hoa-hoc-dieu-khien-bang-may-tinh\/\"]}]},{\"@type\":\"ImageObject\",\"inLanguage\":\"en-US\",\"@id\":\"https:\/\/htiscientific.vn\/san-pham\/he-thong-dao-tao-ve-cac-loai-thiet-bi-phan-ung-hoa-hoc-dieu-khien-bang-may-tinh\/#primaryimage\",\"url\":\"https:\/\/htiscientific.vn\/wp-content\/uploads\/2025\/06\/21.jpg\",\"contentUrl\":\"https:\/\/htiscientific.vn\/wp-content\/uploads\/2025\/06\/21.jpg\",\"width\":1000,\"height\":1000,\"caption\":\"thiet-bi-phan-ung-hoa-hoc\"},{\"@type\":\"BreadcrumbList\",\"@id\":\"https:\/\/htiscientific.vn\/san-pham\/he-thong-dao-tao-ve-cac-loai-thiet-bi-phan-ung-hoa-hoc-dieu-khien-bang-may-tinh\/#breadcrumb\",\"itemListElement\":[{\"@type\":\"ListItem\",\"position\":1,\"name\":\"Trang ch\u1ee7\",\"item\":\"https:\/\/htiscientific.vn\/\"},{\"@type\":\"ListItem\",\"position\":2,\"name\":\"C\u1eeda h\u00e0ng\",\"item\":\"https:\/\/htiscientific.vn\/cua-hang\/\"},{\"@type\":\"ListItem\",\"position\":3,\"name\":\"Thi\u1ebft b\u1ecb gi\u00e1o d\u1ee5c\",\"item\":\"https:\/\/htiscientific.vn\/danh-muc-san-pham\/thiet-bi-giao-duc\/\"},{\"@type\":\"ListItem\",\"position\":4,\"name\":\"K\u1ef9 thu\u1eadt h\u00f3a h\u1ecdc\",\"item\":\"https:\/\/htiscientific.vn\/danh-muc-san-pham\/thiet-bi-giao-duc\/ky-thuat-hoa-hoc\/\"},{\"@type\":\"ListItem\",\"position\":5,\"name\":\"H\u1ec7 th\u1ed1ng \u0111\u00e0o t\u1ea1o v\u1ec1 c\u00e1c lo\u1ea1i thi\u1ebft b\u1ecb ph\u1ea3n \u1ee9ng h\u00f3a h\u1ecdc \u0111i\u1ec1u khi\u1ec3n b\u1eb1ng m\u00e1y t\u00ednh\"}]},{\"@type\":\"WebSite\",\"@id\":\"https:\/\/htiscientific.vn\/#website\",\"url\":\"https:\/\/htiscientific.vn\/\",\"name\":\"HTI Scientific\",\"description\":\"HTI Scientific\",\"publisher\":{\"@id\":\"https:\/\/htiscientific.vn\/#organization\"},\"potentialAction\":[{\"@type\":\"SearchAction\",\"target\":{\"@type\":\"EntryPoint\",\"urlTemplate\":\"https:\/\/htiscientific.vn\/?s={search_term_string}\"},\"query-input\":{\"@type\":\"PropertyValueSpecification\",\"valueRequired\":true,\"valueName\":\"search_term_string\"}}],\"inLanguage\":\"en-US\"},{\"@type\":\"Organization\",\"@id\":\"https:\/\/htiscientific.vn\/#organization\",\"name\":\"HTI Scientific\",\"alternateName\":\"HTI Scientific\",\"url\":\"https:\/\/htiscientific.vn\/\",\"logo\":{\"@type\":\"ImageObject\",\"inLanguage\":\"en-US\",\"@id\":\"https:\/\/htiscientific.vn\/#\/schema\/logo\/image\/\",\"url\":\"https:\/\/htiscientific.vn\/wp-content\/uploads\/2025\/03\/ava-hti-copy.jpg\",\"contentUrl\":\"https:\/\/htiscientific.vn\/wp-content\/uploads\/2025\/03\/ava-hti-copy.jpg\",\"width\":700,\"height\":450,\"caption\":\"HTI Scientific\"},\"image\":{\"@id\":\"https:\/\/htiscientific.vn\/#\/schema\/logo\/image\/\"},\"sameAs\":[\"https:\/\/www.facebook.com\/htiscientific.vn\"]}]}<\/script>\n<!-- \/ Yoast SEO plugin. -->","yoast_head_json":{"title":"H\u1ec7 th\u1ed1ng \u0111\u00e0o t\u1ea1o v\u1ec1 c\u00e1c lo\u1ea1i thi\u1ebft b\u1ecb ph\u1ea3n \u1ee9ng h\u00f3a h\u1ecdc \u0111i\u1ec1u khi\u1ec3n b\u1eb1ng m\u00e1y t\u00ednh - HTI Scientific","description":"Thi\u1ebft b\u1ecb ph\u1ea3n \u1ee9ng h\u00f3a h\u1ecdc (QRQC - Computer Controlled Chemical Reactors Training System) th\u1ef1c hi\u1ec7n c\u00e1c nghi\u00ean c\u1ee9u trong ng\u00e0nh c\u00f4ng nghi\u1ec7p h\u00f3a ch\u1ea5t..","robots":{"index":"index","follow":"follow","max-snippet":"max-snippet:-1","max-image-preview":"max-image-preview:large","max-video-preview":"max-video-preview:-1"},"canonical":"https:\/\/htiscientific.vn\/en\/product\/he-thong-dao-tao-ve-cac-loai-thiet-bi-phan-ung-hoa-hoc-dieu-khien-bang-may-tinh\/","og_locale":"en_US","og_type":"article","og_title":"H\u1ec7 th\u1ed1ng \u0111\u00e0o t\u1ea1o v\u1ec1 c\u00e1c lo\u1ea1i thi\u1ebft b\u1ecb ph\u1ea3n \u1ee9ng h\u00f3a h\u1ecdc \u0111i\u1ec1u khi\u1ec3n b\u1eb1ng m\u00e1y t\u00ednh - HTI Scientific","og_description":"Thi\u1ebft b\u1ecb ph\u1ea3n \u1ee9ng h\u00f3a h\u1ecdc (QRQC - Computer Controlled Chemical Reactors Training System) th\u1ef1c hi\u1ec7n c\u00e1c nghi\u00ean c\u1ee9u trong ng\u00e0nh c\u00f4ng nghi\u1ec7p h\u00f3a ch\u1ea5t..","og_url":"https:\/\/htiscientific.vn\/en\/product\/he-thong-dao-tao-ve-cac-loai-thiet-bi-phan-ung-hoa-hoc-dieu-khien-bang-may-tinh\/","og_site_name":"HTI Scientific","article_publisher":"https:\/\/www.facebook.com\/htiscientific.vn","og_image":[{"width":1000,"height":1000,"url":"https:\/\/htiscientific.vn\/wp-content\/uploads\/2025\/06\/21.jpg","type":"image\/jpeg"}],"twitter_card":"summary_large_image","twitter_misc":{"Est. reading time":"5 minutes"},"schema":{"@context":"https:\/\/schema.org","@graph":[{"@type":"WebPage","@id":"https:\/\/htiscientific.vn\/san-pham\/he-thong-dao-tao-ve-cac-loai-thiet-bi-phan-ung-hoa-hoc-dieu-khien-bang-may-tinh\/","url":"https:\/\/htiscientific.vn\/san-pham\/he-thong-dao-tao-ve-cac-loai-thiet-bi-phan-ung-hoa-hoc-dieu-khien-bang-may-tinh\/","name":"H\u1ec7 th\u1ed1ng \u0111\u00e0o t\u1ea1o v\u1ec1 c\u00e1c lo\u1ea1i thi\u1ebft b\u1ecb ph\u1ea3n \u1ee9ng h\u00f3a h\u1ecdc \u0111i\u1ec1u khi\u1ec3n b\u1eb1ng m\u00e1y t\u00ednh - HTI Scientific","isPartOf":{"@id":"https:\/\/htiscientific.vn\/#website"},"primaryImageOfPage":{"@id":"https:\/\/htiscientific.vn\/san-pham\/he-thong-dao-tao-ve-cac-loai-thiet-bi-phan-ung-hoa-hoc-dieu-khien-bang-may-tinh\/#primaryimage"},"image":{"@id":"https:\/\/htiscientific.vn\/san-pham\/he-thong-dao-tao-ve-cac-loai-thiet-bi-phan-ung-hoa-hoc-dieu-khien-bang-may-tinh\/#primaryimage"},"thumbnailUrl":"https:\/\/htiscientific.vn\/wp-content\/uploads\/2025\/06\/21.jpg","datePublished":"2025-06-24T08:51:33+00:00","description":"Thi\u1ebft b\u1ecb ph\u1ea3n \u1ee9ng h\u00f3a h\u1ecdc (QRQC - Computer Controlled Chemical Reactors Training System) th\u1ef1c hi\u1ec7n c\u00e1c nghi\u00ean c\u1ee9u trong ng\u00e0nh c\u00f4ng nghi\u1ec7p h\u00f3a ch\u1ea5t..","breadcrumb":{"@id":"https:\/\/htiscientific.vn\/san-pham\/he-thong-dao-tao-ve-cac-loai-thiet-bi-phan-ung-hoa-hoc-dieu-khien-bang-may-tinh\/#breadcrumb"},"inLanguage":"en-US","potentialAction":[{"@type":"ReadAction","target":["https:\/\/htiscientific.vn\/san-pham\/he-thong-dao-tao-ve-cac-loai-thiet-bi-phan-ung-hoa-hoc-dieu-khien-bang-may-tinh\/"]}]},{"@type":"ImageObject","inLanguage":"en-US","@id":"https:\/\/htiscientific.vn\/san-pham\/he-thong-dao-tao-ve-cac-loai-thiet-bi-phan-ung-hoa-hoc-dieu-khien-bang-may-tinh\/#primaryimage","url":"https:\/\/htiscientific.vn\/wp-content\/uploads\/2025\/06\/21.jpg","contentUrl":"https:\/\/htiscientific.vn\/wp-content\/uploads\/2025\/06\/21.jpg","width":1000,"height":1000,"caption":"thiet-bi-phan-ung-hoa-hoc"},{"@type":"BreadcrumbList","@id":"https:\/\/htiscientific.vn\/san-pham\/he-thong-dao-tao-ve-cac-loai-thiet-bi-phan-ung-hoa-hoc-dieu-khien-bang-may-tinh\/#breadcrumb","itemListElement":[{"@type":"ListItem","position":1,"name":"Trang ch\u1ee7","item":"https:\/\/htiscientific.vn\/"},{"@type":"ListItem","position":2,"name":"C\u1eeda h\u00e0ng","item":"https:\/\/htiscientific.vn\/cua-hang\/"},{"@type":"ListItem","position":3,"name":"Thi\u1ebft b\u1ecb gi\u00e1o d\u1ee5c","item":"https:\/\/htiscientific.vn\/danh-muc-san-pham\/thiet-bi-giao-duc\/"},{"@type":"ListItem","position":4,"name":"K\u1ef9 thu\u1eadt h\u00f3a h\u1ecdc","item":"https:\/\/htiscientific.vn\/danh-muc-san-pham\/thiet-bi-giao-duc\/ky-thuat-hoa-hoc\/"},{"@type":"ListItem","position":5,"name":"H\u1ec7 th\u1ed1ng \u0111\u00e0o t\u1ea1o v\u1ec1 c\u00e1c lo\u1ea1i thi\u1ebft b\u1ecb ph\u1ea3n \u1ee9ng h\u00f3a h\u1ecdc \u0111i\u1ec1u khi\u1ec3n b\u1eb1ng m\u00e1y t\u00ednh"}]},{"@type":"WebSite","@id":"https:\/\/htiscientific.vn\/#website","url":"https:\/\/htiscientific.vn\/","name":"HTI Scientific","description":"HTI Scientific","publisher":{"@id":"https:\/\/htiscientific.vn\/#organization"},"potentialAction":[{"@type":"SearchAction","target":{"@type":"EntryPoint","urlTemplate":"https:\/\/htiscientific.vn\/?s={search_term_string}"},"query-input":{"@type":"PropertyValueSpecification","valueRequired":true,"valueName":"search_term_string"}}],"inLanguage":"en-US"},{"@type":"Organization","@id":"https:\/\/htiscientific.vn\/#organization","name":"HTI Scientific","alternateName":"HTI Scientific","url":"https:\/\/htiscientific.vn\/","logo":{"@type":"ImageObject","inLanguage":"en-US","@id":"https:\/\/htiscientific.vn\/#\/schema\/logo\/image\/","url":"https:\/\/htiscientific.vn\/wp-content\/uploads\/2025\/03\/ava-hti-copy.jpg","contentUrl":"https:\/\/htiscientific.vn\/wp-content\/uploads\/2025\/03\/ava-hti-copy.jpg","width":700,"height":450,"caption":"HTI Scientific"},"image":{"@id":"https:\/\/htiscientific.vn\/#\/schema\/logo\/image\/"},"sameAs":["https:\/\/www.facebook.com\/htiscientific.vn"]}]}},"_links":{"self":[{"href":"https:\/\/htiscientific.vn\/en\/wp-json\/wp\/v2\/product\/1817","targetHints":{"allow":["GET"]}}],"collection":[{"href":"https:\/\/htiscientific.vn\/en\/wp-json\/wp\/v2\/product"}],"about":[{"href":"https:\/\/htiscientific.vn\/en\/wp-json\/wp\/v2\/types\/product"}],"wp:featuredmedia":[{"embeddable":true,"href":"https:\/\/htiscientific.vn\/en\/wp-json\/wp\/v2\/media\/1818"}],"wp:attachment":[{"href":"https:\/\/htiscientific.vn\/en\/wp-json\/wp\/v2\/media?parent=1817"}],"wp:term":[{"taxonomy":"product_brand","embeddable":true,"href":"https:\/\/htiscientific.vn\/en\/wp-json\/wp\/v2\/product_brand?post=1817"},{"taxonomy":"product_cat","embeddable":true,"href":"https:\/\/htiscientific.vn\/en\/wp-json\/wp\/v2\/product_cat?post=1817"},{"taxonomy":"product_tag","embeddable":true,"href":"https:\/\/htiscientific.vn\/en\/wp-json\/wp\/v2\/product_tag?post=1817"}],"curies":[{"name":"wp","href":"https:\/\/api.w.org\/{rel}","templated":true}]}}