{"id":1815,"date":"2025-06-24T15:48:30","date_gmt":"2025-06-24T08:48:30","guid":{"rendered":"https:\/\/htiscientific.vn\/?post_type=product&#038;p=1815"},"modified":"2025-06-24T15:48:30","modified_gmt":"2025-06-24T08:48:30","slug":"thiet-bi-nghien-cuu-tang-co-dinh-va-tang-soi-dieu-khien-bang-may-tinh","status":"publish","type":"product","link":"https:\/\/htiscientific.vn\/en\/product\/thiet-bi-nghien-cuu-tang-co-dinh-va-tang-soi-dieu-khien-bang-may-tinh\/","title":{"rendered":"Thi\u1ebft b\u1ecb nghi\u00ean c\u1ee9u t\u1ea7ng c\u1ed1 \u0111\u1ecbnh v\u00e0 t\u1ea7ng s\u00f4i \u0111i\u1ec1u khi\u1ec3n b\u1eb1ng m\u00e1y t\u00ednh"},"content":{"rendered":"<p><span style=\"color: #000000;\">Thi\u1ebft b\u1ecb nghi\u00ean c\u1ee9u d\u00f2ng ch\u1ea3y t\u1ea7ng (LFFC &#8211; Computer Controlled Fixed and Fluidized Bed Unit) c\u1ee7a <a href=\"https:\/\/htiscientific.vn\/en\/hang-san-xuat\/edibon\/\">EDIBON<\/a> cho ph\u00e9p nghi\u00ean c\u1ee9u to\u00e0n di\u1ec7n v\u1ec1 d\u00f2ng ch\u1ea3y c\u1ee7a ch\u1ea5t l\u1ecfng qua l\u1edbp h\u1ea1t, bao g\u1ed3m c\u1ea3 t\u1ea7ng c\u1ed1 \u0111\u1ecbnh v\u00e0 t\u1ea7ng s\u00f4i.<\/span><\/p>\n<p><span style=\"color: #000000;\"><strong>Thi\u1ebft b\u1ecb LFFC:<\/strong><\/span><\/p>\n<ul>\n<li><span style=\"color: #000000;\">Thi\u1ebft b\u1ecb \u0111\u1ec3 b\u00e0n.<\/span><\/li>\n<li><span style=\"color: #000000;\">Khung nh\u00f4m anod v\u00e0 c\u00e1c t\u1ea5m panel b\u1eb1ng th\u00e9p s\u01a1n t\u0129nh \u0111i\u1ec7n.<\/span><\/li>\n<li><span style=\"color: #000000;\">C\u00e1c th\u00e0nh ph\u1ea7n kim lo\u1ea1i ch\u00ednh \u0111\u01b0\u1ee3c l\u00e0m b\u1eb1ng th\u00e9p kh\u00f4ng g\u1ec9.<\/span><\/li>\n<li><span style=\"color: #000000;\">S\u01a1 \u0111\u1ed3 tr\u00ean b\u1ea3ng \u0111i\u1ec1u khi\u1ec3n ph\u00eda tr\u01b0\u1edbc hi\u1ec3n th\u1ecb b\u1ed1 tr\u00ed c\u00e1c th\u00e0nh ph\u1ea7n t\u01b0\u01a1ng t\u1ef1 nh\u01b0 h\u1ec7 th\u1ed1ng th\u1ef1c t\u1ebf.<\/span><\/li>\n<\/ul>\n<p><span style=\"color: #000000;\"><strong>Hai c\u1ed9t tr\u1ee5 h\u00ecnh tr\u1ee5 trong su\u1ed1t (m\u1ed9t cho kh\u00f4ng kh\u00ed, m\u1ed9t cho n\u01b0\u1edbc):<\/strong><\/span><\/p>\n<ul>\n<li><span style=\"color: #000000;\">\u0110\u01b0\u1eddng k\u00ednh: 50 mm.<\/span><\/li>\n<li><span style=\"color: #000000;\">Chi\u1ec1u cao: 550 mm.<\/span><\/li>\n<li><span style=\"color: #000000;\">T\u1ea5m \u0111\u1ee1 l\u1edbp h\u1ea1t.<\/span><\/li>\n<li><span style=\"color: #000000;\">Cung c\u1ea5p hai lo\u1ea1i v\u1eadt li\u1ec7u l\u1edbp h\u1ea1t (h\u1ea1t th\u1ee7y tinh):<\/span>\n<ul>\n<li><span style=\"color: #000000;\">170\/300 micron.<\/span><\/li>\n<li><span style=\"color: #000000;\">250\/420 micron.<\/span><\/li>\n<\/ul>\n<\/li>\n<li><span style=\"color: #000000;\">C\u00e1c c\u1ed9t c\u00f3 th\u1ec3 th\u00e1o r\u1eddi \u0111\u1ec3 lo\u1ea1i b\u1ecf l\u1edbp h\u1ea1t.<\/span><\/li>\n<li><span style=\"color: #000000;\">B\u1ec3 ch\u1ee9a n\u01b0\u1edbc dung t\u00edch 10 l\u00edt.<\/span><\/li>\n<li><span style=\"color: #000000;\">B\u01a1m n\u01b0\u1edbc \u0111i\u1ec1u khi\u1ec3n b\u1eb1ng m\u00e1y t\u00ednh.<\/span><\/li>\n<li><span style=\"color: #000000;\">M\u00e1y n\u00e9n kh\u00ed \u0111i\u1ec1u khi\u1ec3n b\u1eb1ng m\u00e1y t\u00ednh.<\/span><\/li>\n<li><span style=\"color: #000000;\">Van \u0111i\u1ec1u ch\u1ec9nh d\u00f2ng n\u01b0\u1edbc.<\/span><\/li>\n<li><span style=\"color: #000000;\">C\u1ea3m bi\u1ebfn l\u01b0u l\u01b0\u1ee3ng n\u01b0\u1edbc, d\u1ea3i \u0111o: 0.1 \u2013 2.5 l\u00edt\/ph\u00fat.<\/span><\/li>\n<li><span style=\"color: #000000;\">Van \u0111i\u1ec1u ch\u1ec9nh d\u00f2ng kh\u00ed.<\/span><\/li>\n<li><span style=\"color: #000000;\">C\u1ea3m bi\u1ebfn l\u01b0u l\u01b0\u1ee3ng kh\u00ed, d\u1ea3i \u0111o: 0 \u2013 20 l\u00edt\/ph\u00fat.<\/span><\/li>\n<li><span style=\"color: #000000;\">Hai c\u1ea3m bi\u1ebfn \u00e1p su\u1ea5t vi sai (m\u1ed9t cho n\u01b0\u1edbc, m\u1ed9t cho kh\u00f4ng kh\u00ed).<\/span><\/li>\n<\/ul>\n<p><span style=\"color: #000000;\"><strong>Thi\u1ebft b\u1ecb bao g\u1ed3m:<\/strong><\/span><\/p>\n<ul>\n<li><span style=\"color: #000000;\">H\u1ec7 th\u1ed1ng SCADA th\u1eddi gian th\u1ef1c ti\u00ean ti\u1ebfn.<\/span><\/li>\n<li><span style=\"color: #000000;\">\u0110i\u1ec1u khi\u1ec3n m\u1edf + \u0110i\u1ec1u khi\u1ec3n \u0111a ch\u1ebf \u0111\u1ed9 + \u0110i\u1ec1u khi\u1ec3n th\u1eddi gian th\u1ef1c.<\/span><\/li>\n<li><span style=\"color: #000000;\">Ph\u1ea7n m\u1ec1m \u0111i\u1ec1u khi\u1ec3n chuy\u00ean d\u1ee5ng EDIBON d\u1ef1a tr\u00ean LabVIEW.<\/span><\/li>\n<li><span style=\"color: #000000;\">Bo m\u1ea1ch thu th\u1eadp d\u1eef li\u1ec7u National Instruments (t\u1ed1c \u0111\u1ed9 l\u1ea5y m\u1eabu 250 KS\/s).<\/span><\/li>\n<li><span style=\"color: #000000;\">C\u00e1c b\u00e0i t\u1eadp hi\u1ec7u chu\u1ea9n \u0111i k\u00e8m gi\u00fap ng\u01b0\u1eddi d\u00f9ng h\u1ecdc c\u00e1ch hi\u1ec7u chu\u1ea9n c\u1ea3m bi\u1ebfn v\u00e0 hi\u1ec3u t\u1ea7m quan tr\u1ecdng c\u1ee7a vi\u1ec7c ki\u1ec3m tra \u0111\u1ed9 ch\u00ednh x\u00e1c tr\u01b0\u1edbc khi \u0111o l\u01b0\u1eddng.<\/span><\/li>\n<li><span style=\"color: #000000;\">T\u01b0\u01a1ng th\u00edch v\u1edbi m\u00e1y chi\u1ebfu v\u00e0\/ho\u1eb7c b\u1ea3ng tr\u1eafng \u0111i\u1ec7n t\u1eed, cho ph\u00e9p tr\u00ecnh b\u00e0y v\u00e0 minh h\u1ecda thi\u1ebft b\u1ecb cho c\u1ea3 l\u1edbp h\u1ecdc c\u00f9ng l\u00fac.<\/span><\/li>\n<li><span style=\"color: #000000;\">Kh\u1ea3 n\u0103ng th\u1ef1c hi\u1ec7n nghi\u00ean c\u1ee9u \u1ee9ng d\u1ee5ng, m\u00f4 ph\u1ecfng c\u00f4ng nghi\u1ec7p th\u1ef1c t\u1ebf, c\u00e1c kh\u00f3a \u0111\u00e0o t\u1ea1o, v.v.<\/span><\/li>\n<li><span style=\"color: #000000;\">H\u1ed7 tr\u1ee3 v\u1eadn h\u00e0nh v\u00e0 \u0111i\u1ec1u khi\u1ec3n t\u1eeb xa cho ng\u01b0\u1eddi d\u00f9ng v\u00e0 k\u1ef9 thu\u1eadt vi\u00ean c\u1ee7a EDIBON lu\u00f4n \u0111\u01b0\u1ee3c bao g\u1ed3m.<\/span><\/li>\n<li><span style=\"color: #000000;\">An to\u00e0n tuy\u1ec7t \u0111\u1ed1i v\u1edbi 4 h\u1ec7 th\u1ed1ng b\u1ea3o v\u1ec7 (C\u01a1 kh\u00ed, \u0110i\u1ec7n, \u0110i\u1ec7n t\u1eed &amp; Ph\u1ea7n m\u1ec1m).<\/span><\/li>\n<li><span style=\"color: #000000;\">Thi\u1ebft k\u1ebf v\u00e0 s\u1ea3n xu\u1ea5t theo nhi\u1ec1u ti\u00eau chu\u1ea9n ch\u1ea5t l\u01b0\u1ee3ng.<\/span><\/li>\n<li><span style=\"color: #000000;\">Ph\u1ea7n m\u1ec1m ICAI t\u00f9y ch\u1ecdn h\u1ed7 tr\u1ee3 t\u1ea1o, ch\u1ec9nh s\u1eeda v\u00e0 th\u1ef1c hi\u1ec7n c\u00e1c b\u00e0i t\u1eadp th\u1ef1c h\u00e0nh, ki\u1ec3m tra, t\u00ednh to\u00e1n, \u0111\u1ed3ng th\u1eddi theo d\u00f5i ki\u1ebfn th\u1ee9c v\u00e0 ti\u1ebfn \u0111\u1ed9 c\u1ee7a ng\u01b0\u1eddi d\u00f9ng.<\/span><\/li>\n<li><span style=\"color: #000000;\">Thi\u1ebft b\u1ecb \u0111\u01b0\u1ee3c thi\u1ebft k\u1ebf \u0111\u1ec3 m\u1edf r\u1ed9ng v\u00e0 t\u00edch h\u1ee3p trong t\u01b0\u01a1ng lai. M\u1ed9t trong nh\u1eefng m\u1edf r\u1ed9ng ph\u1ed5 bi\u1ebfn l\u00e0 h\u1ec7 th\u1ed1ng EDIBON Scada-Net (ESN), cho ph\u00e9p nhi\u1ec1u sinh vi\u00ean v\u1eadn h\u00e0nh \u0111\u1ed3ng th\u1eddi nhi\u1ec1u thi\u1ebft b\u1ecb trong c\u00f9ng m\u1ed9t m\u1ea1ng l\u01b0\u1edbi.<\/span><\/li>\n<\/ul>","protected":false},"excerpt":{"rendered":"<p><span style=\"color: #000000;\">Thi\u1ebft b\u1ecb nghi\u00ean c\u1ee9u d\u00f2ng ch\u1ea3y t\u1ea7ng (LFFC &#8211; Computer Controlled Fixed and Fluidized Bed Unit) cho ph\u00e9p nghi\u00ean c\u1ee9u to\u00e0n di\u1ec7n v\u1ec1 d\u00f2ng ch\u1ea3y c\u1ee7a ch\u1ea5t l\u1ecfng qua l\u1edbp h\u1ea1t, bao g\u1ed3m c\u1ea3 t\u1ea7ng c\u1ed1 \u0111\u1ecbnh v\u00e0 t\u1ea7ng s\u00f4i.<\/span><\/p>\n<p><span style=\"color: #000000;\"><strong>Thi\u1ebft b\u1ecb LFFC:<\/strong><\/span><\/p>\n<ul>\n<li><span style=\"color: #000000;\">Thi\u1ebft b\u1ecb \u0111\u1ec3 b\u00e0n.<\/span><\/li>\n<li><span style=\"color: #000000;\">Khung nh\u00f4m anod v\u00e0 c\u00e1c t\u1ea5m panel b\u1eb1ng th\u00e9p s\u01a1n t\u0129nh \u0111i\u1ec7n.<\/span><\/li>\n<li><span style=\"color: #000000;\">C\u00e1c th\u00e0nh ph\u1ea7n kim lo\u1ea1i ch\u00ednh \u0111\u01b0\u1ee3c l\u00e0m b\u1eb1ng th\u00e9p kh\u00f4ng g\u1ec9.<\/span><\/li>\n<li><span style=\"color: #000000;\">S\u01a1 \u0111\u1ed3 tr\u00ean b\u1ea3ng \u0111i\u1ec1u khi\u1ec3n ph\u00eda tr\u01b0\u1edbc hi\u1ec3n th\u1ecb b\u1ed1 tr\u00ed c\u00e1c th\u00e0nh ph\u1ea7n t\u01b0\u01a1ng t\u1ef1 nh\u01b0 h\u1ec7 th\u1ed1ng th\u1ef1c t\u1ebf.<\/span><\/li>\n<\/ul>","protected":false},"featured_media":1816,"template":"","meta":{"inline_featured_image":false},"product_brand":[47],"product_cat":[94,90],"product_tag":[],"class_list":{"0":"post-1815","1":"product","2":"type-product","3":"status-publish","4":"has-post-thumbnail","6":"product_brand-edibon","7":"product_cat-ky-thuat-hoa-hoc","8":"product_cat-thiet-bi-giao-duc","10":"first","11":"instock","12":"shipping-taxable","13":"product-type-simple"},"yoast_head":"<!-- This site is optimized with the Yoast SEO plugin v24.7 - https:\/\/yoast.com\/wordpress\/plugins\/seo\/ -->\n<title>Thi\u1ebft b\u1ecb nghi\u00ean c\u1ee9u t\u1ea7ng c\u1ed1 \u0111\u1ecbnh v\u00e0 t\u1ea7ng s\u00f4i \u0111i\u1ec1u khi\u1ec3n b\u1eb1ng m\u00e1y t\u00ednh - HTI Scientific<\/title>\n<meta name=\"description\" content=\"Thi\u1ebft b\u1ecb nghi\u00ean c\u1ee9u d\u00f2ng ch\u1ea3y t\u1ea7ng (LFFC - Computer Controlled Fixed and Fluidized Bed Unit) nghi\u00ean c\u1ee9u to\u00e0n di\u1ec7n v\u1ec1 d\u00f2ng ch\u1ea3y c\u1ee7a ch\u1ea5t l\u1ecfng qua l\u1edbp h\u1ea1t\" \/>\n<meta name=\"robots\" content=\"index, follow, max-snippet:-1, max-image-preview:large, max-video-preview:-1\" \/>\n<link rel=\"canonical\" href=\"https:\/\/htiscientific.vn\/en\/product\/thiet-bi-nghien-cuu-tang-co-dinh-va-tang-soi-dieu-khien-bang-may-tinh\/\" \/>\n<meta property=\"og:locale\" content=\"en_US\" \/>\n<meta property=\"og:type\" content=\"article\" \/>\n<meta property=\"og:title\" content=\"Thi\u1ebft b\u1ecb nghi\u00ean c\u1ee9u t\u1ea7ng c\u1ed1 \u0111\u1ecbnh v\u00e0 t\u1ea7ng s\u00f4i \u0111i\u1ec1u khi\u1ec3n b\u1eb1ng m\u00e1y t\u00ednh - HTI Scientific\" \/>\n<meta property=\"og:description\" content=\"Thi\u1ebft b\u1ecb nghi\u00ean c\u1ee9u d\u00f2ng ch\u1ea3y t\u1ea7ng (LFFC - Computer Controlled Fixed and Fluidized Bed Unit) nghi\u00ean c\u1ee9u to\u00e0n di\u1ec7n v\u1ec1 d\u00f2ng ch\u1ea3y c\u1ee7a ch\u1ea5t l\u1ecfng qua l\u1edbp h\u1ea1t\" \/>\n<meta property=\"og:url\" content=\"https:\/\/htiscientific.vn\/en\/product\/thiet-bi-nghien-cuu-tang-co-dinh-va-tang-soi-dieu-khien-bang-may-tinh\/\" \/>\n<meta property=\"og:site_name\" content=\"HTI Scientific\" \/>\n<meta property=\"article:publisher\" content=\"https:\/\/www.facebook.com\/htiscientific.vn\" \/>\n<meta property=\"og:image\" content=\"https:\/\/htiscientific.vn\/wp-content\/uploads\/2025\/06\/20.jpg\" \/>\n\t<meta property=\"og:image:width\" content=\"1000\" \/>\n\t<meta property=\"og:image:height\" content=\"1000\" \/>\n\t<meta property=\"og:image:type\" content=\"image\/jpeg\" \/>\n<meta name=\"twitter:card\" content=\"summary_large_image\" \/>\n<meta name=\"twitter:label1\" content=\"Est. reading time\" \/>\n\t<meta name=\"twitter:data1\" content=\"3 minutes\" \/>\n<script type=\"application\/ld+json\" class=\"yoast-schema-graph\">{\"@context\":\"https:\/\/schema.org\",\"@graph\":[{\"@type\":\"WebPage\",\"@id\":\"https:\/\/htiscientific.vn\/san-pham\/thiet-bi-nghien-cuu-tang-co-dinh-va-tang-soi-dieu-khien-bang-may-tinh\/\",\"url\":\"https:\/\/htiscientific.vn\/san-pham\/thiet-bi-nghien-cuu-tang-co-dinh-va-tang-soi-dieu-khien-bang-may-tinh\/\",\"name\":\"Thi\u1ebft b\u1ecb nghi\u00ean c\u1ee9u t\u1ea7ng c\u1ed1 \u0111\u1ecbnh v\u00e0 t\u1ea7ng s\u00f4i \u0111i\u1ec1u khi\u1ec3n b\u1eb1ng m\u00e1y t\u00ednh - HTI Scientific\",\"isPartOf\":{\"@id\":\"https:\/\/htiscientific.vn\/#website\"},\"primaryImageOfPage\":{\"@id\":\"https:\/\/htiscientific.vn\/san-pham\/thiet-bi-nghien-cuu-tang-co-dinh-va-tang-soi-dieu-khien-bang-may-tinh\/#primaryimage\"},\"image\":{\"@id\":\"https:\/\/htiscientific.vn\/san-pham\/thiet-bi-nghien-cuu-tang-co-dinh-va-tang-soi-dieu-khien-bang-may-tinh\/#primaryimage\"},\"thumbnailUrl\":\"https:\/\/htiscientific.vn\/wp-content\/uploads\/2025\/06\/20.jpg\",\"datePublished\":\"2025-06-24T08:48:30+00:00\",\"description\":\"Thi\u1ebft b\u1ecb nghi\u00ean c\u1ee9u d\u00f2ng ch\u1ea3y t\u1ea7ng (LFFC - Computer Controlled Fixed and Fluidized Bed Unit) nghi\u00ean c\u1ee9u to\u00e0n di\u1ec7n v\u1ec1 d\u00f2ng ch\u1ea3y c\u1ee7a ch\u1ea5t l\u1ecfng qua l\u1edbp h\u1ea1t\",\"breadcrumb\":{\"@id\":\"https:\/\/htiscientific.vn\/san-pham\/thiet-bi-nghien-cuu-tang-co-dinh-va-tang-soi-dieu-khien-bang-may-tinh\/#breadcrumb\"},\"inLanguage\":\"en-US\",\"potentialAction\":[{\"@type\":\"ReadAction\",\"target\":[\"https:\/\/htiscientific.vn\/san-pham\/thiet-bi-nghien-cuu-tang-co-dinh-va-tang-soi-dieu-khien-bang-may-tinh\/\"]}]},{\"@type\":\"ImageObject\",\"inLanguage\":\"en-US\",\"@id\":\"https:\/\/htiscientific.vn\/san-pham\/thiet-bi-nghien-cuu-tang-co-dinh-va-tang-soi-dieu-khien-bang-may-tinh\/#primaryimage\",\"url\":\"https:\/\/htiscientific.vn\/wp-content\/uploads\/2025\/06\/20.jpg\",\"contentUrl\":\"https:\/\/htiscientific.vn\/wp-content\/uploads\/2025\/06\/20.jpg\",\"width\":1000,\"height\":1000,\"caption\":\"nghien-cuu-dong-chay-tang\"},{\"@type\":\"BreadcrumbList\",\"@id\":\"https:\/\/htiscientific.vn\/san-pham\/thiet-bi-nghien-cuu-tang-co-dinh-va-tang-soi-dieu-khien-bang-may-tinh\/#breadcrumb\",\"itemListElement\":[{\"@type\":\"ListItem\",\"position\":1,\"name\":\"Trang ch\u1ee7\",\"item\":\"https:\/\/htiscientific.vn\/\"},{\"@type\":\"ListItem\",\"position\":2,\"name\":\"C\u1eeda h\u00e0ng\",\"item\":\"https:\/\/htiscientific.vn\/cua-hang\/\"},{\"@type\":\"ListItem\",\"position\":3,\"name\":\"Thi\u1ebft b\u1ecb gi\u00e1o d\u1ee5c\",\"item\":\"https:\/\/htiscientific.vn\/danh-muc-san-pham\/thiet-bi-giao-duc\/\"},{\"@type\":\"ListItem\",\"position\":4,\"name\":\"K\u1ef9 thu\u1eadt h\u00f3a h\u1ecdc\",\"item\":\"https:\/\/htiscientific.vn\/danh-muc-san-pham\/thiet-bi-giao-duc\/ky-thuat-hoa-hoc\/\"},{\"@type\":\"ListItem\",\"position\":5,\"name\":\"Thi\u1ebft b\u1ecb nghi\u00ean c\u1ee9u t\u1ea7ng c\u1ed1 \u0111\u1ecbnh v\u00e0 t\u1ea7ng s\u00f4i \u0111i\u1ec1u khi\u1ec3n b\u1eb1ng m\u00e1y t\u00ednh\"}]},{\"@type\":\"WebSite\",\"@id\":\"https:\/\/htiscientific.vn\/#website\",\"url\":\"https:\/\/htiscientific.vn\/\",\"name\":\"HTI Scientific\",\"description\":\"HTI Scientific\",\"publisher\":{\"@id\":\"https:\/\/htiscientific.vn\/#organization\"},\"potentialAction\":[{\"@type\":\"SearchAction\",\"target\":{\"@type\":\"EntryPoint\",\"urlTemplate\":\"https:\/\/htiscientific.vn\/?s={search_term_string}\"},\"query-input\":{\"@type\":\"PropertyValueSpecification\",\"valueRequired\":true,\"valueName\":\"search_term_string\"}}],\"inLanguage\":\"en-US\"},{\"@type\":\"Organization\",\"@id\":\"https:\/\/htiscientific.vn\/#organization\",\"name\":\"HTI Scientific\",\"alternateName\":\"HTI Scientific\",\"url\":\"https:\/\/htiscientific.vn\/\",\"logo\":{\"@type\":\"ImageObject\",\"inLanguage\":\"en-US\",\"@id\":\"https:\/\/htiscientific.vn\/#\/schema\/logo\/image\/\",\"url\":\"https:\/\/htiscientific.vn\/wp-content\/uploads\/2025\/03\/ava-hti-copy.jpg\",\"contentUrl\":\"https:\/\/htiscientific.vn\/wp-content\/uploads\/2025\/03\/ava-hti-copy.jpg\",\"width\":700,\"height\":450,\"caption\":\"HTI Scientific\"},\"image\":{\"@id\":\"https:\/\/htiscientific.vn\/#\/schema\/logo\/image\/\"},\"sameAs\":[\"https:\/\/www.facebook.com\/htiscientific.vn\"]}]}<\/script>\n<!-- \/ Yoast SEO plugin. -->","yoast_head_json":{"title":"Thi\u1ebft b\u1ecb nghi\u00ean c\u1ee9u t\u1ea7ng c\u1ed1 \u0111\u1ecbnh v\u00e0 t\u1ea7ng s\u00f4i \u0111i\u1ec1u khi\u1ec3n b\u1eb1ng m\u00e1y t\u00ednh - HTI Scientific","description":"Thi\u1ebft b\u1ecb nghi\u00ean c\u1ee9u d\u00f2ng ch\u1ea3y t\u1ea7ng (LFFC - Computer Controlled Fixed and Fluidized Bed Unit) nghi\u00ean c\u1ee9u to\u00e0n di\u1ec7n v\u1ec1 d\u00f2ng ch\u1ea3y c\u1ee7a ch\u1ea5t l\u1ecfng qua l\u1edbp h\u1ea1t","robots":{"index":"index","follow":"follow","max-snippet":"max-snippet:-1","max-image-preview":"max-image-preview:large","max-video-preview":"max-video-preview:-1"},"canonical":"https:\/\/htiscientific.vn\/en\/product\/thiet-bi-nghien-cuu-tang-co-dinh-va-tang-soi-dieu-khien-bang-may-tinh\/","og_locale":"en_US","og_type":"article","og_title":"Thi\u1ebft b\u1ecb nghi\u00ean c\u1ee9u t\u1ea7ng c\u1ed1 \u0111\u1ecbnh v\u00e0 t\u1ea7ng s\u00f4i \u0111i\u1ec1u khi\u1ec3n b\u1eb1ng m\u00e1y t\u00ednh - HTI Scientific","og_description":"Thi\u1ebft b\u1ecb nghi\u00ean c\u1ee9u d\u00f2ng ch\u1ea3y t\u1ea7ng (LFFC - Computer Controlled Fixed and Fluidized Bed Unit) nghi\u00ean c\u1ee9u to\u00e0n di\u1ec7n v\u1ec1 d\u00f2ng ch\u1ea3y c\u1ee7a ch\u1ea5t l\u1ecfng qua l\u1edbp h\u1ea1t","og_url":"https:\/\/htiscientific.vn\/en\/product\/thiet-bi-nghien-cuu-tang-co-dinh-va-tang-soi-dieu-khien-bang-may-tinh\/","og_site_name":"HTI Scientific","article_publisher":"https:\/\/www.facebook.com\/htiscientific.vn","og_image":[{"width":1000,"height":1000,"url":"https:\/\/htiscientific.vn\/wp-content\/uploads\/2025\/06\/20.jpg","type":"image\/jpeg"}],"twitter_card":"summary_large_image","twitter_misc":{"Est. reading time":"3 minutes"},"schema":{"@context":"https:\/\/schema.org","@graph":[{"@type":"WebPage","@id":"https:\/\/htiscientific.vn\/san-pham\/thiet-bi-nghien-cuu-tang-co-dinh-va-tang-soi-dieu-khien-bang-may-tinh\/","url":"https:\/\/htiscientific.vn\/san-pham\/thiet-bi-nghien-cuu-tang-co-dinh-va-tang-soi-dieu-khien-bang-may-tinh\/","name":"Thi\u1ebft b\u1ecb nghi\u00ean c\u1ee9u t\u1ea7ng c\u1ed1 \u0111\u1ecbnh v\u00e0 t\u1ea7ng s\u00f4i \u0111i\u1ec1u khi\u1ec3n b\u1eb1ng m\u00e1y t\u00ednh - HTI Scientific","isPartOf":{"@id":"https:\/\/htiscientific.vn\/#website"},"primaryImageOfPage":{"@id":"https:\/\/htiscientific.vn\/san-pham\/thiet-bi-nghien-cuu-tang-co-dinh-va-tang-soi-dieu-khien-bang-may-tinh\/#primaryimage"},"image":{"@id":"https:\/\/htiscientific.vn\/san-pham\/thiet-bi-nghien-cuu-tang-co-dinh-va-tang-soi-dieu-khien-bang-may-tinh\/#primaryimage"},"thumbnailUrl":"https:\/\/htiscientific.vn\/wp-content\/uploads\/2025\/06\/20.jpg","datePublished":"2025-06-24T08:48:30+00:00","description":"Thi\u1ebft b\u1ecb nghi\u00ean c\u1ee9u d\u00f2ng ch\u1ea3y t\u1ea7ng (LFFC - Computer Controlled Fixed and Fluidized Bed Unit) nghi\u00ean c\u1ee9u to\u00e0n di\u1ec7n v\u1ec1 d\u00f2ng ch\u1ea3y c\u1ee7a ch\u1ea5t l\u1ecfng qua l\u1edbp h\u1ea1t","breadcrumb":{"@id":"https:\/\/htiscientific.vn\/san-pham\/thiet-bi-nghien-cuu-tang-co-dinh-va-tang-soi-dieu-khien-bang-may-tinh\/#breadcrumb"},"inLanguage":"en-US","potentialAction":[{"@type":"ReadAction","target":["https:\/\/htiscientific.vn\/san-pham\/thiet-bi-nghien-cuu-tang-co-dinh-va-tang-soi-dieu-khien-bang-may-tinh\/"]}]},{"@type":"ImageObject","inLanguage":"en-US","@id":"https:\/\/htiscientific.vn\/san-pham\/thiet-bi-nghien-cuu-tang-co-dinh-va-tang-soi-dieu-khien-bang-may-tinh\/#primaryimage","url":"https:\/\/htiscientific.vn\/wp-content\/uploads\/2025\/06\/20.jpg","contentUrl":"https:\/\/htiscientific.vn\/wp-content\/uploads\/2025\/06\/20.jpg","width":1000,"height":1000,"caption":"nghien-cuu-dong-chay-tang"},{"@type":"BreadcrumbList","@id":"https:\/\/htiscientific.vn\/san-pham\/thiet-bi-nghien-cuu-tang-co-dinh-va-tang-soi-dieu-khien-bang-may-tinh\/#breadcrumb","itemListElement":[{"@type":"ListItem","position":1,"name":"Trang ch\u1ee7","item":"https:\/\/htiscientific.vn\/"},{"@type":"ListItem","position":2,"name":"C\u1eeda h\u00e0ng","item":"https:\/\/htiscientific.vn\/cua-hang\/"},{"@type":"ListItem","position":3,"name":"Thi\u1ebft b\u1ecb gi\u00e1o d\u1ee5c","item":"https:\/\/htiscientific.vn\/danh-muc-san-pham\/thiet-bi-giao-duc\/"},{"@type":"ListItem","position":4,"name":"K\u1ef9 thu\u1eadt h\u00f3a h\u1ecdc","item":"https:\/\/htiscientific.vn\/danh-muc-san-pham\/thiet-bi-giao-duc\/ky-thuat-hoa-hoc\/"},{"@type":"ListItem","position":5,"name":"Thi\u1ebft b\u1ecb nghi\u00ean c\u1ee9u t\u1ea7ng c\u1ed1 \u0111\u1ecbnh v\u00e0 t\u1ea7ng s\u00f4i \u0111i\u1ec1u khi\u1ec3n b\u1eb1ng m\u00e1y t\u00ednh"}]},{"@type":"WebSite","@id":"https:\/\/htiscientific.vn\/#website","url":"https:\/\/htiscientific.vn\/","name":"HTI Scientific","description":"HTI Scientific","publisher":{"@id":"https:\/\/htiscientific.vn\/#organization"},"potentialAction":[{"@type":"SearchAction","target":{"@type":"EntryPoint","urlTemplate":"https:\/\/htiscientific.vn\/?s={search_term_string}"},"query-input":{"@type":"PropertyValueSpecification","valueRequired":true,"valueName":"search_term_string"}}],"inLanguage":"en-US"},{"@type":"Organization","@id":"https:\/\/htiscientific.vn\/#organization","name":"HTI Scientific","alternateName":"HTI Scientific","url":"https:\/\/htiscientific.vn\/","logo":{"@type":"ImageObject","inLanguage":"en-US","@id":"https:\/\/htiscientific.vn\/#\/schema\/logo\/image\/","url":"https:\/\/htiscientific.vn\/wp-content\/uploads\/2025\/03\/ava-hti-copy.jpg","contentUrl":"https:\/\/htiscientific.vn\/wp-content\/uploads\/2025\/03\/ava-hti-copy.jpg","width":700,"height":450,"caption":"HTI Scientific"},"image":{"@id":"https:\/\/htiscientific.vn\/#\/schema\/logo\/image\/"},"sameAs":["https:\/\/www.facebook.com\/htiscientific.vn"]}]}},"_links":{"self":[{"href":"https:\/\/htiscientific.vn\/en\/wp-json\/wp\/v2\/product\/1815","targetHints":{"allow":["GET"]}}],"collection":[{"href":"https:\/\/htiscientific.vn\/en\/wp-json\/wp\/v2\/product"}],"about":[{"href":"https:\/\/htiscientific.vn\/en\/wp-json\/wp\/v2\/types\/product"}],"wp:featuredmedia":[{"embeddable":true,"href":"https:\/\/htiscientific.vn\/en\/wp-json\/wp\/v2\/media\/1816"}],"wp:attachment":[{"href":"https:\/\/htiscientific.vn\/en\/wp-json\/wp\/v2\/media?parent=1815"}],"wp:term":[{"taxonomy":"product_brand","embeddable":true,"href":"https:\/\/htiscientific.vn\/en\/wp-json\/wp\/v2\/product_brand?post=1815"},{"taxonomy":"product_cat","embeddable":true,"href":"https:\/\/htiscientific.vn\/en\/wp-json\/wp\/v2\/product_cat?post=1815"},{"taxonomy":"product_tag","embeddable":true,"href":"https:\/\/htiscientific.vn\/en\/wp-json\/wp\/v2\/product_tag?post=1815"}],"curies":[{"name":"wp","href":"https:\/\/api.w.org\/{rel}","templated":true}]}}