{"id":1814,"date":"2025-06-24T14:25:38","date_gmt":"2025-06-24T07:25:38","guid":{"rendered":"https:\/\/htiscientific.vn\/?post_type=product&#038;p=1814"},"modified":"2025-06-24T14:25:38","modified_gmt":"2025-06-24T07:25:38","slug":"thiet-bi-ung-dung-dieu-khien-qua-trinh","status":"publish","type":"product","link":"https:\/\/htiscientific.vn\/en\/product\/thiet-bi-ung-dung-dieu-khien-qua-trinh\/","title":{"rendered":"Thi\u1ebft b\u1ecb \u1ee9ng d\u1ee5ng \u0111i\u1ec1u khi\u1ec3n qu\u00e1 tr\u00ecnh"},"content":{"rendered":"<p><span style=\"color: #000000;\">B\u1ed9 \u1ee9ng d\u1ee5ng \u0111i\u1ec1u khi\u1ec3n qu\u00e1 tr\u00ecnh (APC &#8211; Applications for Process Control) do <a href=\"https:\/\/htiscientific.vn\/en\/hang-san-xuat\/edibon\/\">EDIBON<\/a> thi\u1ebft k\u1ebf cho ph\u00e9p sinh vi\u00ean thi\u1ebft k\u1ebf, l\u1eafp r\u00e1p v\u00e0 c\u1ea5u h\u00ecnh c\u00e1c h\u1ec7 th\u1ed1ng \u0111i\u1ec1u khi\u1ec3n kh\u00e1c nhau, \u0111\u1ed3ng th\u1eddi nghi\u00ean c\u1ee9u c\u00e1c nguy\u00ean l\u00fd c\u01a1 b\u1ea3n c\u1ee7a k\u1ef9 thu\u1eadt \u0111i\u1ec1u khi\u1ec3n l\u00e0m n\u1ec1n t\u1ea3ng cho c\u00e1c h\u1ec7 th\u1ed1ng n\u00e0y.<\/span><\/p>\n<p><span style=\"color: #000000;\">C\u00e1c \u1ee9ng d\u1ee5ng n\u00e0y bao g\u1ed3m t\u1eeb c\u00e1c h\u1ec7 th\u1ed1ng \u0111i\u1ec1u khi\u1ec3n \u0111\u01a1n gi\u1ea3n nh\u01b0 l\u01b0u l\u01b0\u1ee3ng, m\u1ee9c, \u00e1p su\u1ea5t, nhi\u1ec7t \u0111\u1ed9 v\u00e0 pH \u0111\u1ebfn c\u00e1c h\u1ec7 th\u1ed1ng ph\u1ee9c t\u1ea1p h\u01a1n, \u0111\u01b0\u1ee3c t\u1ea1o th\u00e0nh t\u1eeb s\u1ef1 k\u1ebft h\u1ee3p c\u1ee7a nhi\u1ec1u bi\u1ebfn s\u1ed1.<\/span><\/p>\n<p><span style=\"color: #000000;\"><strong>C\u00e1c t\u00ednh n\u0103ng ch\u00ednh B\u1ed9 \u1ee9ng d\u1ee5ng \u0111i\u1ec1u khi\u1ec3n qu\u00e1 tr\u00ecnh:<\/strong><\/span><\/p>\n<ul>\n<li><span style=\"color: #000000;\">SCADA ti\u00ean ti\u1ebfn th\u1eddi gian th\u1ef1c.<\/span><\/li>\n<li><span style=\"color: #000000;\">\u0110i\u1ec1u khi\u1ec3n m\u1edf + \u0110i\u1ec1u khi\u1ec3n \u0111a k\u00eanh + \u0110i\u1ec1u khi\u1ec3n th\u1eddi gian th\u1ef1c.<\/span><\/li>\n<li><span style=\"color: #000000;\">Ph\u1ea7n m\u1ec1m \u0111i\u1ec1u khi\u1ec3n chuy\u00ean d\u1ee5ng c\u1ee7a EDIBON d\u1ef1a tr\u00ean LabVIEW.<\/span><\/li>\n<li><span style=\"color: #000000;\">B\u1ed9 thu th\u1eadp d\u1eef li\u1ec7u c\u1ee7a National Instruments (250 KS\/s, kilo m\u1eabu\/gi\u00e2y).<\/span><\/li>\n<li><span style=\"color: #000000;\">B\u00e0i t\u1eadp hi\u1ec7u chu\u1ea9n \u0111i k\u00e8m h\u01b0\u1edbng d\u1eabn ng\u01b0\u1eddi d\u00f9ng c\u00e1ch hi\u1ec7u chu\u1ea9n c\u1ea3m bi\u1ebfn v\u00e0 t\u1ea7m quan tr\u1ecdng c\u1ee7a vi\u1ec7c ki\u1ec3m tra \u0111\u1ed9 ch\u00ednh x\u00e1c c\u1ee7a c\u1ea3m bi\u1ebfn tr\u01b0\u1edbc khi \u0111o.<\/span><\/li>\n<li><span style=\"color: #000000;\">T\u01b0\u01a1ng th\u00edch v\u1edbi m\u00e1y chi\u1ebfu v\u00e0\/ho\u1eb7c b\u1ea3ng tr\u1eafng \u0111i\u1ec7n t\u1eed, cho ph\u00e9p tr\u00ecnh b\u00e0y v\u00e0 minh h\u1ecda thi\u1ebft b\u1ecb cho c\u1ea3 l\u1edbp h\u1ecdc c\u00f9ng l\u00fac.<\/span><\/li>\n<li><span style=\"color: #000000;\">C\u00f3 kh\u1ea3 n\u0103ng th\u1ef1c hi\u1ec7n nghi\u00ean c\u1ee9u \u1ee9ng d\u1ee5ng, m\u00f4 ph\u1ecfng c\u00f4ng nghi\u1ec7p th\u1ef1c t\u1ebf, c\u00e1c kh\u00f3a \u0111\u00e0o t\u1ea1o, v.v.<\/span><\/li>\n<\/ul>","protected":false},"excerpt":{"rendered":"<p><span style=\"color: #000000;\">B\u1ed9 \u1ee9ng d\u1ee5ng \u0111i\u1ec1u khi\u1ec3n qu\u00e1 tr\u00ecnh (APC &#8211; Applications for Process Control) do EDIBON thi\u1ebft k\u1ebf cho ph\u00e9p sinh vi\u00ean thi\u1ebft k\u1ebf, l\u1eafp r\u00e1p v\u00e0 c\u1ea5u h\u00ecnh c\u00e1c h\u1ec7 th\u1ed1ng \u0111i\u1ec1u khi\u1ec3n kh\u00e1c nhau, \u0111\u1ed3ng th\u1eddi nghi\u00ean c\u1ee9u c\u00e1c nguy\u00ean l\u00fd c\u01a1 b\u1ea3n c\u1ee7a k\u1ef9 thu\u1eadt \u0111i\u1ec1u khi\u1ec3n l\u00e0m n\u1ec1n t\u1ea3ng cho c\u00e1c h\u1ec7 th\u1ed1ng n\u00e0y.<\/span><\/p>","protected":false},"featured_media":1811,"template":"","meta":{"inline_featured_image":false},"product_brand":[47],"product_cat":[93,90],"product_tag":[],"class_list":{"0":"post-1814","1":"product","2":"type-product","3":"status-publish","4":"has-post-thumbnail","6":"product_brand-edibon","7":"product_cat-dieu-khien-qua-trinh","8":"product_cat-thiet-bi-giao-duc","10":"first","11":"instock","12":"shipping-taxable","13":"product-type-simple"},"yoast_head":"<!-- This site is optimized with the Yoast SEO plugin v24.7 - https:\/\/yoast.com\/wordpress\/plugins\/seo\/ -->\n<title>Thi\u1ebft b\u1ecb \u1ee9ng d\u1ee5ng \u0111i\u1ec1u khi\u1ec3n qu\u00e1 tr\u00ecnh - HTI Scientific<\/title>\n<meta name=\"description\" content=\"B\u1ed9 \u1ee9ng d\u1ee5ng \u0111i\u1ec1u khi\u1ec3n quy tr\u00ecnh cho ph\u00e9p thi\u1ebft k\u1ebf, l\u1eafp r\u00e1p v\u00e0 c\u1ea5u h\u00ecnh c\u00e1c h\u1ec7 th\u1ed1ng \u0111i\u1ec1u khi\u1ec3n kh\u00e1c nhau, nghi\u00ean c\u1ee9u c\u00e1c nguy\u00ean l\u00fd c\u01a1 b\u1ea3n c\u1ee7a k\u1ef9 thu\u1eadt \u0111i\u1ec1u\" \/>\n<meta name=\"robots\" content=\"index, follow, max-snippet:-1, max-image-preview:large, max-video-preview:-1\" \/>\n<link rel=\"canonical\" href=\"https:\/\/htiscientific.vn\/en\/product\/thiet-bi-ung-dung-dieu-khien-qua-trinh\/\" \/>\n<meta property=\"og:locale\" content=\"en_US\" \/>\n<meta property=\"og:type\" content=\"article\" \/>\n<meta property=\"og:title\" content=\"Thi\u1ebft b\u1ecb \u1ee9ng d\u1ee5ng \u0111i\u1ec1u khi\u1ec3n qu\u00e1 tr\u00ecnh - HTI Scientific\" \/>\n<meta property=\"og:description\" content=\"B\u1ed9 \u1ee9ng d\u1ee5ng \u0111i\u1ec1u khi\u1ec3n quy tr\u00ecnh cho ph\u00e9p thi\u1ebft k\u1ebf, l\u1eafp r\u00e1p v\u00e0 c\u1ea5u h\u00ecnh c\u00e1c h\u1ec7 th\u1ed1ng \u0111i\u1ec1u khi\u1ec3n kh\u00e1c nhau, nghi\u00ean c\u1ee9u c\u00e1c nguy\u00ean l\u00fd c\u01a1 b\u1ea3n c\u1ee7a k\u1ef9 thu\u1eadt \u0111i\u1ec1u\" \/>\n<meta property=\"og:url\" content=\"https:\/\/htiscientific.vn\/en\/product\/thiet-bi-ung-dung-dieu-khien-qua-trinh\/\" \/>\n<meta property=\"og:site_name\" content=\"HTI Scientific\" \/>\n<meta property=\"article:publisher\" content=\"https:\/\/www.facebook.com\/htiscientific.vn\" \/>\n<meta property=\"og:image\" content=\"https:\/\/htiscientific.vn\/wp-content\/uploads\/2025\/06\/18.jpg\" \/>\n\t<meta property=\"og:image:width\" content=\"1000\" \/>\n\t<meta property=\"og:image:height\" content=\"1000\" \/>\n\t<meta property=\"og:image:type\" content=\"image\/jpeg\" \/>\n<meta name=\"twitter:card\" content=\"summary_large_image\" \/>\n<meta name=\"twitter:label1\" content=\"Est. reading time\" \/>\n\t<meta name=\"twitter:data1\" content=\"2 minutes\" \/>\n<script type=\"application\/ld+json\" class=\"yoast-schema-graph\">{\"@context\":\"https:\/\/schema.org\",\"@graph\":[{\"@type\":\"WebPage\",\"@id\":\"https:\/\/htiscientific.vn\/san-pham\/thiet-bi-ung-dung-dieu-khien-qua-trinh\/\",\"url\":\"https:\/\/htiscientific.vn\/san-pham\/thiet-bi-ung-dung-dieu-khien-qua-trinh\/\",\"name\":\"Thi\u1ebft b\u1ecb \u1ee9ng d\u1ee5ng \u0111i\u1ec1u khi\u1ec3n qu\u00e1 tr\u00ecnh - HTI Scientific\",\"isPartOf\":{\"@id\":\"https:\/\/htiscientific.vn\/#website\"},\"primaryImageOfPage\":{\"@id\":\"https:\/\/htiscientific.vn\/san-pham\/thiet-bi-ung-dung-dieu-khien-qua-trinh\/#primaryimage\"},\"image\":{\"@id\":\"https:\/\/htiscientific.vn\/san-pham\/thiet-bi-ung-dung-dieu-khien-qua-trinh\/#primaryimage\"},\"thumbnailUrl\":\"https:\/\/htiscientific.vn\/wp-content\/uploads\/2025\/06\/18.jpg\",\"datePublished\":\"2025-06-24T07:25:38+00:00\",\"description\":\"B\u1ed9 \u1ee9ng d\u1ee5ng \u0111i\u1ec1u khi\u1ec3n quy tr\u00ecnh cho ph\u00e9p thi\u1ebft k\u1ebf, l\u1eafp r\u00e1p v\u00e0 c\u1ea5u h\u00ecnh c\u00e1c h\u1ec7 th\u1ed1ng \u0111i\u1ec1u khi\u1ec3n kh\u00e1c nhau, nghi\u00ean c\u1ee9u c\u00e1c nguy\u00ean l\u00fd c\u01a1 b\u1ea3n c\u1ee7a k\u1ef9 thu\u1eadt \u0111i\u1ec1u\",\"breadcrumb\":{\"@id\":\"https:\/\/htiscientific.vn\/san-pham\/thiet-bi-ung-dung-dieu-khien-qua-trinh\/#breadcrumb\"},\"inLanguage\":\"en-US\",\"potentialAction\":[{\"@type\":\"ReadAction\",\"target\":[\"https:\/\/htiscientific.vn\/san-pham\/thiet-bi-ung-dung-dieu-khien-qua-trinh\/\"]}]},{\"@type\":\"ImageObject\",\"inLanguage\":\"en-US\",\"@id\":\"https:\/\/htiscientific.vn\/san-pham\/thiet-bi-ung-dung-dieu-khien-qua-trinh\/#primaryimage\",\"url\":\"https:\/\/htiscientific.vn\/wp-content\/uploads\/2025\/06\/18.jpg\",\"contentUrl\":\"https:\/\/htiscientific.vn\/wp-content\/uploads\/2025\/06\/18.jpg\",\"width\":1000,\"height\":1000,\"caption\":\"thiet-bi-ung-dung-dieu-khien-qua-trinh\"},{\"@type\":\"BreadcrumbList\",\"@id\":\"https:\/\/htiscientific.vn\/san-pham\/thiet-bi-ung-dung-dieu-khien-qua-trinh\/#breadcrumb\",\"itemListElement\":[{\"@type\":\"ListItem\",\"position\":1,\"name\":\"Trang ch\u1ee7\",\"item\":\"https:\/\/htiscientific.vn\/\"},{\"@type\":\"ListItem\",\"position\":2,\"name\":\"C\u1eeda h\u00e0ng\",\"item\":\"https:\/\/htiscientific.vn\/cua-hang\/\"},{\"@type\":\"ListItem\",\"position\":3,\"name\":\"Thi\u1ebft b\u1ecb gi\u00e1o d\u1ee5c\",\"item\":\"https:\/\/htiscientific.vn\/danh-muc-san-pham\/thiet-bi-giao-duc\/\"},{\"@type\":\"ListItem\",\"position\":4,\"name\":\"Thi\u1ebft b\u1ecb \u1ee9ng d\u1ee5ng \u0111i\u1ec1u khi\u1ec3n qu\u00e1 tr\u00ecnh\"}]},{\"@type\":\"WebSite\",\"@id\":\"https:\/\/htiscientific.vn\/#website\",\"url\":\"https:\/\/htiscientific.vn\/\",\"name\":\"HTI Scientific\",\"description\":\"HTI Scientific\",\"publisher\":{\"@id\":\"https:\/\/htiscientific.vn\/#organization\"},\"potentialAction\":[{\"@type\":\"SearchAction\",\"target\":{\"@type\":\"EntryPoint\",\"urlTemplate\":\"https:\/\/htiscientific.vn\/?s={search_term_string}\"},\"query-input\":{\"@type\":\"PropertyValueSpecification\",\"valueRequired\":true,\"valueName\":\"search_term_string\"}}],\"inLanguage\":\"en-US\"},{\"@type\":\"Organization\",\"@id\":\"https:\/\/htiscientific.vn\/#organization\",\"name\":\"HTI Scientific\",\"alternateName\":\"HTI Scientific\",\"url\":\"https:\/\/htiscientific.vn\/\",\"logo\":{\"@type\":\"ImageObject\",\"inLanguage\":\"en-US\",\"@id\":\"https:\/\/htiscientific.vn\/#\/schema\/logo\/image\/\",\"url\":\"https:\/\/htiscientific.vn\/wp-content\/uploads\/2025\/03\/ava-hti-copy.jpg\",\"contentUrl\":\"https:\/\/htiscientific.vn\/wp-content\/uploads\/2025\/03\/ava-hti-copy.jpg\",\"width\":700,\"height\":450,\"caption\":\"HTI Scientific\"},\"image\":{\"@id\":\"https:\/\/htiscientific.vn\/#\/schema\/logo\/image\/\"},\"sameAs\":[\"https:\/\/www.facebook.com\/htiscientific.vn\"]}]}<\/script>\n<!-- \/ Yoast SEO plugin. -->","yoast_head_json":{"title":"Thi\u1ebft b\u1ecb \u1ee9ng d\u1ee5ng \u0111i\u1ec1u khi\u1ec3n qu\u00e1 tr\u00ecnh - HTI Scientific","description":"B\u1ed9 \u1ee9ng d\u1ee5ng \u0111i\u1ec1u khi\u1ec3n quy tr\u00ecnh cho ph\u00e9p thi\u1ebft k\u1ebf, l\u1eafp r\u00e1p v\u00e0 c\u1ea5u h\u00ecnh c\u00e1c h\u1ec7 th\u1ed1ng \u0111i\u1ec1u khi\u1ec3n kh\u00e1c nhau, nghi\u00ean c\u1ee9u c\u00e1c nguy\u00ean l\u00fd c\u01a1 b\u1ea3n c\u1ee7a k\u1ef9 thu\u1eadt \u0111i\u1ec1u","robots":{"index":"index","follow":"follow","max-snippet":"max-snippet:-1","max-image-preview":"max-image-preview:large","max-video-preview":"max-video-preview:-1"},"canonical":"https:\/\/htiscientific.vn\/en\/product\/thiet-bi-ung-dung-dieu-khien-qua-trinh\/","og_locale":"en_US","og_type":"article","og_title":"Thi\u1ebft b\u1ecb \u1ee9ng d\u1ee5ng \u0111i\u1ec1u khi\u1ec3n qu\u00e1 tr\u00ecnh - HTI Scientific","og_description":"B\u1ed9 \u1ee9ng d\u1ee5ng \u0111i\u1ec1u khi\u1ec3n quy tr\u00ecnh cho ph\u00e9p thi\u1ebft k\u1ebf, l\u1eafp r\u00e1p v\u00e0 c\u1ea5u h\u00ecnh c\u00e1c h\u1ec7 th\u1ed1ng \u0111i\u1ec1u khi\u1ec3n kh\u00e1c nhau, nghi\u00ean c\u1ee9u c\u00e1c nguy\u00ean l\u00fd c\u01a1 b\u1ea3n c\u1ee7a k\u1ef9 thu\u1eadt \u0111i\u1ec1u","og_url":"https:\/\/htiscientific.vn\/en\/product\/thiet-bi-ung-dung-dieu-khien-qua-trinh\/","og_site_name":"HTI Scientific","article_publisher":"https:\/\/www.facebook.com\/htiscientific.vn","og_image":[{"width":1000,"height":1000,"url":"https:\/\/htiscientific.vn\/wp-content\/uploads\/2025\/06\/18.jpg","type":"image\/jpeg"}],"twitter_card":"summary_large_image","twitter_misc":{"Est. reading time":"2 minutes"},"schema":{"@context":"https:\/\/schema.org","@graph":[{"@type":"WebPage","@id":"https:\/\/htiscientific.vn\/san-pham\/thiet-bi-ung-dung-dieu-khien-qua-trinh\/","url":"https:\/\/htiscientific.vn\/san-pham\/thiet-bi-ung-dung-dieu-khien-qua-trinh\/","name":"Thi\u1ebft b\u1ecb \u1ee9ng d\u1ee5ng \u0111i\u1ec1u khi\u1ec3n qu\u00e1 tr\u00ecnh - HTI Scientific","isPartOf":{"@id":"https:\/\/htiscientific.vn\/#website"},"primaryImageOfPage":{"@id":"https:\/\/htiscientific.vn\/san-pham\/thiet-bi-ung-dung-dieu-khien-qua-trinh\/#primaryimage"},"image":{"@id":"https:\/\/htiscientific.vn\/san-pham\/thiet-bi-ung-dung-dieu-khien-qua-trinh\/#primaryimage"},"thumbnailUrl":"https:\/\/htiscientific.vn\/wp-content\/uploads\/2025\/06\/18.jpg","datePublished":"2025-06-24T07:25:38+00:00","description":"B\u1ed9 \u1ee9ng d\u1ee5ng \u0111i\u1ec1u khi\u1ec3n quy tr\u00ecnh cho ph\u00e9p thi\u1ebft k\u1ebf, l\u1eafp r\u00e1p v\u00e0 c\u1ea5u h\u00ecnh c\u00e1c h\u1ec7 th\u1ed1ng \u0111i\u1ec1u khi\u1ec3n kh\u00e1c nhau, nghi\u00ean c\u1ee9u c\u00e1c nguy\u00ean l\u00fd c\u01a1 b\u1ea3n c\u1ee7a k\u1ef9 thu\u1eadt \u0111i\u1ec1u","breadcrumb":{"@id":"https:\/\/htiscientific.vn\/san-pham\/thiet-bi-ung-dung-dieu-khien-qua-trinh\/#breadcrumb"},"inLanguage":"en-US","potentialAction":[{"@type":"ReadAction","target":["https:\/\/htiscientific.vn\/san-pham\/thiet-bi-ung-dung-dieu-khien-qua-trinh\/"]}]},{"@type":"ImageObject","inLanguage":"en-US","@id":"https:\/\/htiscientific.vn\/san-pham\/thiet-bi-ung-dung-dieu-khien-qua-trinh\/#primaryimage","url":"https:\/\/htiscientific.vn\/wp-content\/uploads\/2025\/06\/18.jpg","contentUrl":"https:\/\/htiscientific.vn\/wp-content\/uploads\/2025\/06\/18.jpg","width":1000,"height":1000,"caption":"thiet-bi-ung-dung-dieu-khien-qua-trinh"},{"@type":"BreadcrumbList","@id":"https:\/\/htiscientific.vn\/san-pham\/thiet-bi-ung-dung-dieu-khien-qua-trinh\/#breadcrumb","itemListElement":[{"@type":"ListItem","position":1,"name":"Trang ch\u1ee7","item":"https:\/\/htiscientific.vn\/"},{"@type":"ListItem","position":2,"name":"C\u1eeda h\u00e0ng","item":"https:\/\/htiscientific.vn\/cua-hang\/"},{"@type":"ListItem","position":3,"name":"Thi\u1ebft b\u1ecb gi\u00e1o d\u1ee5c","item":"https:\/\/htiscientific.vn\/danh-muc-san-pham\/thiet-bi-giao-duc\/"},{"@type":"ListItem","position":4,"name":"Thi\u1ebft b\u1ecb \u1ee9ng d\u1ee5ng \u0111i\u1ec1u khi\u1ec3n qu\u00e1 tr\u00ecnh"}]},{"@type":"WebSite","@id":"https:\/\/htiscientific.vn\/#website","url":"https:\/\/htiscientific.vn\/","name":"HTI Scientific","description":"HTI Scientific","publisher":{"@id":"https:\/\/htiscientific.vn\/#organization"},"potentialAction":[{"@type":"SearchAction","target":{"@type":"EntryPoint","urlTemplate":"https:\/\/htiscientific.vn\/?s={search_term_string}"},"query-input":{"@type":"PropertyValueSpecification","valueRequired":true,"valueName":"search_term_string"}}],"inLanguage":"en-US"},{"@type":"Organization","@id":"https:\/\/htiscientific.vn\/#organization","name":"HTI Scientific","alternateName":"HTI Scientific","url":"https:\/\/htiscientific.vn\/","logo":{"@type":"ImageObject","inLanguage":"en-US","@id":"https:\/\/htiscientific.vn\/#\/schema\/logo\/image\/","url":"https:\/\/htiscientific.vn\/wp-content\/uploads\/2025\/03\/ava-hti-copy.jpg","contentUrl":"https:\/\/htiscientific.vn\/wp-content\/uploads\/2025\/03\/ava-hti-copy.jpg","width":700,"height":450,"caption":"HTI Scientific"},"image":{"@id":"https:\/\/htiscientific.vn\/#\/schema\/logo\/image\/"},"sameAs":["https:\/\/www.facebook.com\/htiscientific.vn"]}]}},"_links":{"self":[{"href":"https:\/\/htiscientific.vn\/en\/wp-json\/wp\/v2\/product\/1814","targetHints":{"allow":["GET"]}}],"collection":[{"href":"https:\/\/htiscientific.vn\/en\/wp-json\/wp\/v2\/product"}],"about":[{"href":"https:\/\/htiscientific.vn\/en\/wp-json\/wp\/v2\/types\/product"}],"wp:featuredmedia":[{"embeddable":true,"href":"https:\/\/htiscientific.vn\/en\/wp-json\/wp\/v2\/media\/1811"}],"wp:attachment":[{"href":"https:\/\/htiscientific.vn\/en\/wp-json\/wp\/v2\/media?parent=1814"}],"wp:term":[{"taxonomy":"product_brand","embeddable":true,"href":"https:\/\/htiscientific.vn\/en\/wp-json\/wp\/v2\/product_brand?post=1814"},{"taxonomy":"product_cat","embeddable":true,"href":"https:\/\/htiscientific.vn\/en\/wp-json\/wp\/v2\/product_cat?post=1814"},{"taxonomy":"product_tag","embeddable":true,"href":"https:\/\/htiscientific.vn\/en\/wp-json\/wp\/v2\/product_tag?post=1814"}],"curies":[{"name":"wp","href":"https:\/\/api.w.org\/{rel}","templated":true}]}}