{"id":1813,"date":"2025-06-24T14:10:42","date_gmt":"2025-06-24T07:10:42","guid":{"rendered":"https:\/\/htiscientific.vn\/?post_type=product&#038;p=1813"},"modified":"2025-06-24T14:10:42","modified_gmt":"2025-06-24T07:10:42","slug":"thiet-bi-dieu-khien-cong-nghiep","status":"publish","type":"product","link":"https:\/\/htiscientific.vn\/en\/product\/thiet-bi-dieu-khien-cong-nghiep\/","title":{"rendered":"Thi\u1ebft b\u1ecb \u0111i\u1ec1u khi\u1ec3n c\u00f4ng nghi\u1ec7p"},"content":{"rendered":"<p><span style=\"color: #000000;\">Thi\u1ebft b\u1ecb \u0111i\u1ec1u khi\u1ec3n c\u00f4ng nghi\u1ec7p (CECI &#8211; Industrial Controllers Unit) \u0111\u01b0\u1ee3c thi\u1ebft k\u1ebf theo c\u1ea5u tr\u00fac m\u00f4-\u0111un, v\u1edbi c\u00e1c ch\u1ee9c n\u0103ng \u0111\u01b0\u1ee3c chia th\u00e0nh c\u00e1c m\u00f4-\u0111un ri\u00eang bi\u1ec7t nh\u1eb1m gi\u00fap sinh vi\u00ean hi\u1ec3u r\u00f5 h\u01a1n v\u1ec1 thi\u1ebft b\u1ecb. C\u00e1c m\u00f4-\u0111un bao g\u1ed3m:<\/span><\/p>\n<ul>\n<li><span style=\"color: #000000;\">B\u1ed9 \u0111i\u1ec1u khi\u1ec3n c\u00f4ng nghi\u1ec7p<\/span><\/li>\n<li><span style=\"color: #000000;\">V\u00f4n k\u1ebf k\u1ef9 thu\u1eadt s\u1ed1<\/span><\/li>\n<li><span style=\"color: #000000;\">B\u1ed9 t\u1ea1o \u0111i\u1ec3m \u0111\u1eb7t<\/span><\/li>\n<li><span style=\"color: #000000;\">B\u1ed9 m\u00f4 ph\u1ecfng h\u1ec7 th\u1ed1ng<\/span><\/li>\n<\/ul>\n<p><span style=\"color: #000000;\"><strong>Thi\u1ebft b\u1ecb ch\u00ednh (trong h\u1ed9p kim lo\u1ea1i) bao g\u1ed3m:<\/strong><\/span><\/p>\n<ol>\n<li><span style=\"color: #000000;\"><strong> B\u1ed9 \u0111i\u1ec1u khi\u1ec3n c\u00f4ng nghi\u1ec7p:<\/strong><\/span><\/li>\n<\/ol>\n<ul>\n<li><span style=\"color: #000000;\"><strong>B\u1ed9 \u0111i\u1ec1u khi\u1ec3n ABB Cm30.<\/strong><\/span><\/li>\n<li><span style=\"color: #000000;\"><strong>M\u00e0n h\u00ecnh hi\u1ec3n th\u1ecb:<\/strong> M\u00e0n h\u00ecnh m\u00e0u 1\/4 VGA TFT, m\u00e0n h\u00ecnh tinh th\u1ec3 l\u1ecfng (LCD) c\u00f3 \u0111\u00e8n n\u1ec1n t\u00edch h\u1ee3p.<\/span><\/li>\n<li><span style=\"color: #000000;\"><strong>Ng\u00f4n ng\u1eef:<\/strong> Ti\u1ebfng Anh, \u0110\u1ee9c, Ph\u00e1p, \u00dd v\u00e0 T\u00e2y Ban Nha.<\/span><\/li>\n<li><span style=\"color: #000000;\"><strong>B\u00e0n ph\u00edm \u0111i\u1ec1u khi\u1ec3n:<\/strong> 6 ph\u00edm b\u1ea5m c\u1ea3m \u1ee9ng.<\/span><\/li>\n<li><span style=\"color: #000000;\"><strong>B\u1ea3o v\u1ec7 b\u1eb1ng m\u1eadt kh\u1ea9u:<\/strong> M\u1eadt kh\u1ea9u ng\u01b0\u1eddi d\u00f9ng c\u01a1 b\u1ea3n\/n\u00e2ng cao \u0111\u01b0\u1ee3c g\u00e1n th\u1ee7 c\u00f4ng.<\/span><\/li>\n<\/ul>\n<p><span style=\"color: #000000;\"><strong>&#8211; Hi\u1ec3n th\u1ecb xu h\u01b0\u1edbng (Trend display):<\/strong><\/span><\/p>\n<ul>\n<li><span style=\"color: #000000;\">Ghi nh\u1eadn \u0111\u1ed3ng th\u1eddi 2 bi\u1ebfn s\u1ed1.<\/span><\/li>\n<li><span style=\"color: #000000;\">T\u1ed1c \u0111\u1ed9 l\u1ea5y m\u1eabu c\u00f3 th\u1ec3 c\u1ea5u h\u00ecnh (1 gi\u00e2y \u0111\u1ebfn 5 ph\u00fat).<\/span><\/li>\n<\/ul>\n<p><span style=\"color: #000000;\"><strong>&#8211; Th\u00f4ng s\u1ed1 \u0111i\u1ec1u khi\u1ec3n:<\/strong><\/span><\/p>\n<ul>\n<li><span style=\"color: #000000;\">D\u1ea3i t\u1ec9 l\u1ec7 (Proportional band): 0 \u2013 999,9 %.<\/span><\/li>\n<li><span style=\"color: #000000;\">Th\u00e0nh ph\u1ea7n t\u00edch ph\u00e2n (Integral): 0 \u2013 10000 s.<\/span><\/li>\n<li><span style=\"color: #000000;\">Th\u00e0nh ph\u1ea7n vi ph\u00e2n (Derivative): 0 \u2013 999,9 s.<\/span><\/li>\n<li><span style=\"color: #000000;\">C\u00e0i \u0111\u1eb7t th\u1ee7 c\u00f4ng (Manual Reset): 0,0 \u2013 100 %.<\/span><\/li>\n<\/ul>\n<p><span style=\"color: #000000;\"><strong>&#8211; Ch\u1ee9c n\u0103ng t\u1ef1 \u0111\u1ed9ng hi\u1ec7u ch\u1ec9nh (Autotune):<\/strong><\/span><\/p>\n<ul>\n<li><span style=\"color: #000000;\">T\u00ednh to\u00e1n th\u00f4ng s\u1ed1 \u0111i\u1ec1u khi\u1ec3n theo y\u00eau c\u1ea7u.<\/span><\/li>\n<\/ul>\n<p><span style=\"color: #000000;\"><strong>&#8211; C\u1ea3nh b\u00e1o quy tr\u00ecnh (Process alarms):<\/strong><\/span><\/p>\n<ul>\n<li><span style=\"color: #000000;\">S\u1ed1 l\u01b0\u1ee3ng: 8.<\/span><\/li>\n<li><span style=\"color: #000000;\">Lo\u1ea1i: C\u1ea3nh b\u00e1o cao\/th\u1ea5p v\u00e0 c\u1ea3nh b\u00e1o kh\u00f3a cao\/th\u1ea5p.<\/span><\/li>\n<li><span style=\"color: #000000;\">X\u00e1c nh\u1eadn: Th\u00f4ng qua ph\u00edm tr\u00ean b\u1ea3ng \u0111i\u1ec1u khi\u1ec3n ho\u1eb7c t\u00edn hi\u1ec7u s\u1ed1.<\/span><\/li>\n<li><span style=\"color: #000000;\">Ngu\u1ed3n c\u1ea3nh b\u00e1o: C\u00f3 th\u1ec3 c\u1ea5u h\u00ecnh \u0111\u1ea7y \u0111\u1ee7 (v\u00ed d\u1ee5: gi\u00e1 tr\u1ecb \u0111o, \u0111\u1ea7u v\u00e0o t\u01b0\u01a1ng t\u1ef1, kh\u1ed1i to\u00e1n h\u1ecdc n\u1ed9i b\u1ed9, \u0111\u1ed9 l\u1ec7ch v\u00f2ng \u0111i\u1ec1u khi\u1ec3n \u0111\u1ea7u ra).<\/span><\/li>\n<li><span style=\"color: #000000;\">\u0110\u1ed9 tr\u1ec5 (Hysteresis): \u0110i\u1ec1u ch\u1ec9nh m\u1ee9c v\u00e0 th\u1eddi gian.<\/span><\/li>\n<li><span style=\"color: #000000;\">K\u00edch ho\u1ea1t c\u1ea3nh b\u00e1o: B\u1eadt\/t\u1eaft t\u1eebng c\u1ea3nh b\u00e1o th\u00f4ng qua t\u00edn hi\u1ec7u s\u1ed1.<\/span><\/li>\n<\/ul>\n<p><span style=\"color: #000000;\"><strong>&#8211; \u0110\u1ea7u v\u00e0o t\u01b0\u01a1ng t\u1ef1 (Analog inputs):<\/strong><\/span><\/p>\n<ul>\n<li><span style=\"color: #000000;\">S\u1ed1 l\u01b0\u1ee3ng: 2.<\/span><\/li>\n<li><span style=\"color: #000000;\">Lo\u1ea1i \u0111\u1ea7u v\u00e0o: \u0110i\u1ec7n \u00e1p (V ho\u1eb7c mV), d\u00f2ng \u0111i\u1ec7n (mA), \u0111i\u1ec7n tr\u1edf (ohm), c\u1eb7p nhi\u1ec7t \u0111i\u1ec7n (Thermocouple), RTD 3 d\u00e2y, t\u1ea7n s\u1ed1, xung, \u0111\u1ea7u v\u00e0o k\u1ef9 thu\u1eadt s\u1ed1 kh\u00f4ng \u0111i\u1ec7n \u00e1p v\u00e0 \u0111\u1ea7u v\u00e0o k\u1ef9 thu\u1eadt s\u1ed1 24 V.<\/span><\/li>\n<li><span style=\"color: #000000;\">\u0110i\u1ec3m \u0111\u1eb7t c\u00f3 th\u1ec3 ch\u1ecdn qua ph\u1ea7n m\u1ec1m (\u0111i\u1ec1u khi\u1ec3n t\u1eeb xa) ho\u1eb7c b\u1ea3ng \u0111i\u1ec1u khi\u1ec3n ph\u00eda tr\u01b0\u1edbc.<\/span><\/li>\n<\/ul>\n<p><span style=\"color: #000000;\"><strong>&#8211; \u0110\u1ea7u ra t\u01b0\u01a1ng t\u1ef1\/k\u1ef9 thu\u1eadt s\u1ed1 (Analog\/Digital output):<\/strong><\/span><\/p>\n<ul>\n<li><span style=\"color: #000000;\">S\u1ed1 l\u01b0\u1ee3ng: 1.<\/span><\/li>\n<li><span style=\"color: #000000;\">Lo\u1ea1i: C\u00f3 th\u1ec3 c\u1ea5u h\u00ecnh l\u00e0 \u0111\u1ea7u ra t\u01b0\u01a1ng t\u1ef1 ho\u1eb7c xung s\u1ed1.<\/span><\/li>\n<li><span style=\"color: #000000;\">D\u1ea3i t\u01b0\u01a1ng t\u1ef1: 0 \u2013 20 mA (c\u00f3 th\u1ec3 l\u1eadp tr\u00ecnh).<\/span><\/li>\n<\/ul>\n<p><span style=\"color: #000000;\"><strong>Lo\u1ea1i \u0111\u1ea7u ra \u0111i\u1ec1u khi\u1ec3n (C\u1ea5u h\u00ecnh qua ph\u1ea7n m\u1ec1m):<\/strong><\/span><\/p>\n<ul>\n<li><span style=\"color: #000000;\">\u0110i\u1ec1u khi\u1ec3n t\u1ec9 l\u1ec7 d\u00f2ng \u0111i\u1ec7n\/\u0111i\u1ec7n \u00e1p (c\u00f3 \u0111i\u1ec7n tr\u1edf).<\/span><\/li>\n<li><span style=\"color: #000000;\">\u0110i\u1ec1u khi\u1ec3n t\u1ec9 l\u1ec7 th\u1eddi gian.<\/span><\/li>\n<li><span style=\"color: #000000;\">\u0110i\u1ec1u khi\u1ec3n B\u1eadt\/T\u1eaft (On\/Off).<\/span><\/li>\n<li><span style=\"color: #000000;\">Van \u0111\u1ed9ng c\u01a1 c\u00f3 ph\u1ea3n h\u1ed3i.<\/span><\/li>\n<li><span style=\"color: #000000;\">Van \u0111\u1ed9ng c\u01a1 kh\u00f4ng c\u00f3 ph\u1ea3n h\u1ed3i.<\/span><\/li>\n<li><span style=\"color: #000000;\">\u0110\u1ea7u ra chia t\u00e1ch v\u1edbi t\u1ed5 h\u1ee3p r\u01a1-le k\u1ef9 thu\u1eadt s\u1ed1 v\u00e0 \u0111\u1ea7u ra d\u00f2ng \u0111i\u1ec7n.<\/span><\/li>\n<\/ul>\n<p><span style=\"color: #000000;\"><strong>&#8211; R\u01a1-le (Relays):<\/strong><\/span><\/p>\n<ul>\n<li><span style=\"color: #000000;\">S\u1ed1 l\u01b0\u1ee3ng: 2.<\/span><\/li>\n<li><span style=\"color: #000000;\">Lo\u1ea1i: Ti\u1ebfp \u0111i\u1ec3m th\u01b0\u1eddng m\u1edf (N\/O).<\/span><\/li>\n<li><span style=\"color: #000000;\">C\u00f4ng su\u1ea5t ti\u1ebfp \u0111i\u1ec3m: 5 A, 240 V.<\/span><\/li>\n<\/ul>\n<ol start=\"2\">\n<li><span style=\"color: #000000;\"><strong> V\u00f4n k\u1ebf k\u1ef9 thu\u1eadt s\u1ed1 (Digital Voltmeter):<\/strong><\/span><\/li>\n<\/ol>\n<ul>\n<li><span style=\"color: #000000;\">D\u1ea3i \u0111o: 0 \u2013 10 VDC.<\/span><\/li>\n<li><span style=\"color: #000000;\">\u0110\u1ed9 ph\u00e2n gi\u1ea3i: 10 mVDC.<\/span><\/li>\n<\/ul>\n<ol start=\"3\">\n<li><span style=\"color: #000000;\"><strong> B\u1ed9 t\u1ea1o \u0111i\u1ec3m \u0111\u1eb7t (Set Point Generator):<\/strong><\/span><\/li>\n<\/ol>\n<ul>\n<li><span style=\"color: #000000;\">Hai m\u1ee9c \u0111i\u1ec7n \u00e1p c\u00f3 th\u1ec3 ch\u1ecdn th\u00f4ng qua c\u00f4ng t\u1eafc, cho ph\u00e9p t\u1ea1o t\u00edn hi\u1ec7u b\u1eadc thang.<\/span><\/li>\n<li><span style=\"color: #000000;\">Bi\u00ean \u0111\u1ed9: 0 \u2013 10 VDC.<\/span><\/li>\n<\/ul>\n<ol start=\"4\">\n<li><span style=\"color: #000000;\"><strong> B\u1ed9 m\u00f4 ph\u1ecfng h\u1ec7 th\u1ed1ng (System Simulator):<\/strong><\/span><\/li>\n<\/ol>\n<ul>\n<li><span style=\"color: #000000;\">M\u00f4 ph\u1ecfng h\u1ec7 th\u1ed1ng tr\u1ec5 b\u1eadc nh\u1ea5t.<\/span><\/li>\n<li><span style=\"color: #000000;\">H\u1eb1ng s\u1ed1 th\u1eddi gian (T): 20 s.<\/span><\/li>\n<li><span style=\"color: #000000;\">H\u1ec7 s\u1ed1 khu\u1ebfch \u0111\u1ea1i: 1 \u0111\u1ebfn 10 (xoay theo chi\u1ec1u kim \u0111\u1ed3ng h\u1ed3).<\/span><\/li>\n<\/ul>\n<ol start=\"5\">\n<li><span style=\"color: #000000;\"><strong> M\u00f4-\u0111un truy\u1ec1n th\u00f4ng (Communication Module):<\/strong><\/span><\/li>\n<\/ol>\n<ul>\n<li><span style=\"color: #000000;\">Cho ph\u00e9p k\u1ebft n\u1ed1i m\u00e1y t\u00ednh s\u1eed d\u1ee5ng giao th\u1ee9c IrDA.<\/span><\/li>\n<\/ul>\n<ol start=\"6\">\n<li><span style=\"color: #000000;\"><strong> Ph\u1ea7n m\u1ec1m (Software):<\/strong><\/span><\/li>\n<\/ol>\n<ul>\n<li><span style=\"color: #000000;\">ABB Device Type Manager (DTM): Ph\u1ea7n m\u1ec1m c\u1ea5u h\u00ecnh cho b\u1ed9 \u0111i\u1ec1u khi\u1ec3n c\u00f4ng nghi\u1ec7p Control Master.<\/span><\/li>\n<li><span style=\"color: #000000;\">Ph\u1ea7n m\u1ec1m cho ph\u00e9p:<\/span>\n<ul>\n<li><span style=\"color: #000000;\">L\u1ef1a ch\u1ecdn ki\u1ec3u \u0111i\u1ec1u khi\u1ec3n.<\/span><\/li>\n<li><span style=\"color: #000000;\">Thi\u1ebft l\u1eadp th\u00f4ng s\u1ed1 b\u1ed9 \u0111i\u1ec1u khi\u1ec3n c\u00f4ng nghi\u1ec7p.<\/span><\/li>\n<li><span style=\"color: #000000;\">C\u00e0i \u0111\u1eb7t c\u1ea3nh b\u00e1o v\u00e0 b\u00e1o \u0111\u1ed9ng.<\/span><\/li>\n<li><span style=\"color: #000000;\">C\u1ea5u h\u00ecnh v\u00f2ng \u0111i\u1ec1u khi\u1ec3n h\u1ec7 th\u1ed1ng.<\/span><\/li>\n<li><span style=\"color: #000000;\">Truy c\u1eadp th\u00f4ng s\u1ed1 qua s\u01a1 \u0111\u1ed3 kh\u1ed1i tr\u1ef1c quan c\u1ee7a quy tr\u00ecnh h\u1ec7 th\u1ed1ng.<\/span><\/li>\n<\/ul>\n<\/li>\n<\/ul>\n<ol start=\"7\">\n<li><span style=\"color: #000000;\"><strong> C\u00e1p v\u00e0 ph\u1ee5 ki\u1ec7n:<\/strong><\/span><\/li>\n<\/ol>\n<ul>\n<li><span style=\"color: #000000;\">Bao g\u1ed3m \u0111\u1ea7y \u0111\u1ee7 c\u00e1c c\u00e1p v\u00e0 ph\u1ee5 ki\u1ec7n c\u1ea7n thi\u1ebft cho qu\u00e1 tr\u00ecnh v\u1eadn h\u00e0nh.<\/span><\/li>\n<\/ul>\n<ol start=\"8\">\n<li><span style=\"color: #000000;\"><strong> T\u00e0i li\u1ec7u h\u01b0\u1edbng d\u1eabn (Manuals):<\/strong><\/span><\/li>\n<\/ol>\n<p><span style=\"color: #000000;\">Thi\u1ebft b\u1ecb \u0111\u01b0\u1ee3c cung c\u1ea5p k\u00e8m theo c\u00e1c t\u00e0i li\u1ec7u:<\/span><\/p>\n<ul>\n<li><span style=\"color: #000000;\">Y\u00eau c\u1ea7u d\u1ecbch v\u1ee5.<\/span><\/li>\n<li><span style=\"color: #000000;\">L\u1eafp r\u00e1p v\u00e0 c\u00e0i \u0111\u1eb7t.<\/span><\/li>\n<li><span style=\"color: #000000;\">Kh\u1edfi \u0111\u1ed9ng.<\/span><\/li>\n<li><span style=\"color: #000000;\">An to\u00e0n.<\/span><\/li>\n<li><span style=\"color: #000000;\">B\u1ea3o tr\u00ec v\u00e0 th\u1ef1c h\u00e0nh.<\/span><\/li>\n<\/ul>\n<p><span style=\"color: #000000;\"><strong>K\u00edch th\u01b0\u1edbc v\u00e0 tr\u1ecdng l\u01b0\u1ee3ng:<\/strong><\/span><\/p>\n<ul>\n<li><span style=\"color: #000000;\">Thi\u1ebft b\u1ecb ch\u00ednh: 490 x 330 x 310 mm (19,29 x 12,99 x 12,20 inch).<\/span>\n<ul>\n<li><span style=\"color: #000000;\">Tr\u1ecdng l\u01b0\u1ee3ng: 10 kg (22 pounds).<\/span><\/li>\n<\/ul>\n<\/li>\n<li><span style=\"color: #000000;\">M\u00f4-\u0111un truy\u1ec1n th\u00f4ng: 100 x 100 x 310 mm (3,93 x 3,93 x 12,20 inch).<\/span>\n<ul>\n<li><span style=\"color: #000000;\">Tr\u1ecdng l\u01b0\u1ee3ng: 1 kg (2,2 pounds).<\/span><\/li>\n<\/ul>\n<\/li>\n<\/ul>","protected":false},"excerpt":{"rendered":"<p><span style=\"color: #000000;\">Thi\u1ebft b\u1ecb \u0111i\u1ec1u khi\u1ec3n c\u00f4ng nghi\u1ec7p (CECI &#8211; Industrial Controllers Unit) \u0111\u01b0\u1ee3c thi\u1ebft k\u1ebf theo c\u1ea5u tr\u00fac m\u00f4-\u0111un, v\u1edbi c\u00e1c ch\u1ee9c n\u0103ng \u0111\u01b0\u1ee3c chia th\u00e0nh c\u00e1c m\u00f4-\u0111un ri\u00eang bi\u1ec7t nh\u1eb1m gi\u00fap sinh vi\u00ean hi\u1ec3u r\u00f5 h\u01a1n v\u1ec1 thi\u1ebft b\u1ecb. C\u00e1c m\u00f4-\u0111un bao g\u1ed3m:<\/span><\/p>\n<ul>\n<li><span style=\"color: #000000;\">B\u1ed9 \u0111i\u1ec1u khi\u1ec3n c\u00f4ng nghi\u1ec7p<\/span><\/li>\n<li><span style=\"color: #000000;\">V\u00f4n k\u1ebf k\u1ef9 thu\u1eadt s\u1ed1<\/span><\/li>\n<li><span style=\"color: #000000;\">B\u1ed9 t\u1ea1o \u0111i\u1ec3m \u0111\u1eb7t<\/span><\/li>\n<li><span style=\"color: #000000;\">B\u1ed9 m\u00f4 ph\u1ecfng h\u1ec7 th\u1ed1ng<\/span><\/li>\n<\/ul>","protected":false},"featured_media":1810,"template":"","meta":{"inline_featured_image":false},"product_brand":[47],"product_cat":[93,90],"product_tag":[],"class_list":{"0":"post-1813","1":"product","2":"type-product","3":"status-publish","4":"has-post-thumbnail","6":"product_brand-edibon","7":"product_cat-dieu-khien-qua-trinh","8":"product_cat-thiet-bi-giao-duc","10":"first","11":"instock","12":"shipping-taxable","13":"product-type-simple"},"yoast_head":"<!-- This site is optimized with the Yoast SEO plugin v24.7 - https:\/\/yoast.com\/wordpress\/plugins\/seo\/ -->\n<title>Thi\u1ebft b\u1ecb \u0111i\u1ec1u khi\u1ec3n c\u00f4ng nghi\u1ec7p - HTI Scientific<\/title>\n<meta name=\"description\" content=\"Thi\u1ebft b\u1ecb \u0111i\u1ec1u khi\u1ec3n c\u00f4ng nghi\u1ec7p (CECI - Industrial Controllers Unit) \u0111\u01b0\u1ee3c chia th\u00e0nh c\u00e1c m\u00f4-\u0111un ri\u00eang bi\u1ec7t nh\u1eb1m gi\u00fap sinh vi\u00ean hi\u1ec3u r\u00f5 h\u01a1n v\u1ec1 thi\u1ebft b\u1ecb...\" \/>\n<meta name=\"robots\" content=\"index, follow, max-snippet:-1, max-image-preview:large, max-video-preview:-1\" \/>\n<link rel=\"canonical\" href=\"https:\/\/htiscientific.vn\/en\/product\/thiet-bi-dieu-khien-cong-nghiep\/\" \/>\n<meta property=\"og:locale\" content=\"en_US\" \/>\n<meta property=\"og:type\" content=\"article\" \/>\n<meta property=\"og:title\" content=\"Thi\u1ebft b\u1ecb \u0111i\u1ec1u khi\u1ec3n c\u00f4ng nghi\u1ec7p - HTI Scientific\" \/>\n<meta property=\"og:description\" content=\"Thi\u1ebft b\u1ecb \u0111i\u1ec1u khi\u1ec3n c\u00f4ng nghi\u1ec7p (CECI - Industrial Controllers Unit) \u0111\u01b0\u1ee3c chia th\u00e0nh c\u00e1c m\u00f4-\u0111un ri\u00eang bi\u1ec7t nh\u1eb1m gi\u00fap sinh vi\u00ean hi\u1ec3u r\u00f5 h\u01a1n v\u1ec1 thi\u1ebft b\u1ecb...\" \/>\n<meta property=\"og:url\" content=\"https:\/\/htiscientific.vn\/en\/product\/thiet-bi-dieu-khien-cong-nghiep\/\" \/>\n<meta property=\"og:site_name\" content=\"HTI Scientific\" \/>\n<meta property=\"article:publisher\" content=\"https:\/\/www.facebook.com\/htiscientific.vn\" \/>\n<meta property=\"og:image\" content=\"https:\/\/htiscientific.vn\/wp-content\/uploads\/2025\/06\/17.jpg\" \/>\n\t<meta property=\"og:image:width\" content=\"1000\" \/>\n\t<meta property=\"og:image:height\" content=\"1000\" \/>\n\t<meta property=\"og:image:type\" content=\"image\/jpeg\" \/>\n<meta name=\"twitter:card\" content=\"summary_large_image\" \/>\n<meta name=\"twitter:label1\" content=\"Est. reading time\" \/>\n\t<meta name=\"twitter:data1\" content=\"5 minutes\" \/>\n<script type=\"application\/ld+json\" class=\"yoast-schema-graph\">{\"@context\":\"https:\/\/schema.org\",\"@graph\":[{\"@type\":\"WebPage\",\"@id\":\"https:\/\/htiscientific.vn\/san-pham\/thiet-bi-dieu-khien-cong-nghiep\/\",\"url\":\"https:\/\/htiscientific.vn\/san-pham\/thiet-bi-dieu-khien-cong-nghiep\/\",\"name\":\"Thi\u1ebft b\u1ecb \u0111i\u1ec1u khi\u1ec3n c\u00f4ng nghi\u1ec7p - HTI Scientific\",\"isPartOf\":{\"@id\":\"https:\/\/htiscientific.vn\/#website\"},\"primaryImageOfPage\":{\"@id\":\"https:\/\/htiscientific.vn\/san-pham\/thiet-bi-dieu-khien-cong-nghiep\/#primaryimage\"},\"image\":{\"@id\":\"https:\/\/htiscientific.vn\/san-pham\/thiet-bi-dieu-khien-cong-nghiep\/#primaryimage\"},\"thumbnailUrl\":\"https:\/\/htiscientific.vn\/wp-content\/uploads\/2025\/06\/17.jpg\",\"datePublished\":\"2025-06-24T07:10:42+00:00\",\"description\":\"Thi\u1ebft b\u1ecb \u0111i\u1ec1u khi\u1ec3n c\u00f4ng nghi\u1ec7p (CECI - Industrial Controllers Unit) \u0111\u01b0\u1ee3c chia th\u00e0nh c\u00e1c m\u00f4-\u0111un ri\u00eang bi\u1ec7t nh\u1eb1m gi\u00fap sinh vi\u00ean hi\u1ec3u r\u00f5 h\u01a1n v\u1ec1 thi\u1ebft b\u1ecb...\",\"breadcrumb\":{\"@id\":\"https:\/\/htiscientific.vn\/san-pham\/thiet-bi-dieu-khien-cong-nghiep\/#breadcrumb\"},\"inLanguage\":\"en-US\",\"potentialAction\":[{\"@type\":\"ReadAction\",\"target\":[\"https:\/\/htiscientific.vn\/san-pham\/thiet-bi-dieu-khien-cong-nghiep\/\"]}]},{\"@type\":\"ImageObject\",\"inLanguage\":\"en-US\",\"@id\":\"https:\/\/htiscientific.vn\/san-pham\/thiet-bi-dieu-khien-cong-nghiep\/#primaryimage\",\"url\":\"https:\/\/htiscientific.vn\/wp-content\/uploads\/2025\/06\/17.jpg\",\"contentUrl\":\"https:\/\/htiscientific.vn\/wp-content\/uploads\/2025\/06\/17.jpg\",\"width\":1000,\"height\":1000,\"caption\":\"thiet-bi-dieu-khien-cong-nghiep\"},{\"@type\":\"BreadcrumbList\",\"@id\":\"https:\/\/htiscientific.vn\/san-pham\/thiet-bi-dieu-khien-cong-nghiep\/#breadcrumb\",\"itemListElement\":[{\"@type\":\"ListItem\",\"position\":1,\"name\":\"Trang ch\u1ee7\",\"item\":\"https:\/\/htiscientific.vn\/\"},{\"@type\":\"ListItem\",\"position\":2,\"name\":\"C\u1eeda h\u00e0ng\",\"item\":\"https:\/\/htiscientific.vn\/cua-hang\/\"},{\"@type\":\"ListItem\",\"position\":3,\"name\":\"Thi\u1ebft b\u1ecb gi\u00e1o d\u1ee5c\",\"item\":\"https:\/\/htiscientific.vn\/danh-muc-san-pham\/thiet-bi-giao-duc\/\"},{\"@type\":\"ListItem\",\"position\":4,\"name\":\"\u0110i\u1ec1u khi\u1ec3n qu\u00e1 tr\u00ecnh\",\"item\":\"https:\/\/htiscientific.vn\/danh-muc-san-pham\/thiet-bi-giao-duc\/dieu-khien-qua-trinh\/\"},{\"@type\":\"ListItem\",\"position\":5,\"name\":\"Thi\u1ebft b\u1ecb \u0111i\u1ec1u khi\u1ec3n c\u00f4ng nghi\u1ec7p\"}]},{\"@type\":\"WebSite\",\"@id\":\"https:\/\/htiscientific.vn\/#website\",\"url\":\"https:\/\/htiscientific.vn\/\",\"name\":\"HTI Scientific\",\"description\":\"HTI Scientific\",\"publisher\":{\"@id\":\"https:\/\/htiscientific.vn\/#organization\"},\"potentialAction\":[{\"@type\":\"SearchAction\",\"target\":{\"@type\":\"EntryPoint\",\"urlTemplate\":\"https:\/\/htiscientific.vn\/?s={search_term_string}\"},\"query-input\":{\"@type\":\"PropertyValueSpecification\",\"valueRequired\":true,\"valueName\":\"search_term_string\"}}],\"inLanguage\":\"en-US\"},{\"@type\":\"Organization\",\"@id\":\"https:\/\/htiscientific.vn\/#organization\",\"name\":\"HTI Scientific\",\"alternateName\":\"HTI Scientific\",\"url\":\"https:\/\/htiscientific.vn\/\",\"logo\":{\"@type\":\"ImageObject\",\"inLanguage\":\"en-US\",\"@id\":\"https:\/\/htiscientific.vn\/#\/schema\/logo\/image\/\",\"url\":\"https:\/\/htiscientific.vn\/wp-content\/uploads\/2025\/03\/ava-hti-copy.jpg\",\"contentUrl\":\"https:\/\/htiscientific.vn\/wp-content\/uploads\/2025\/03\/ava-hti-copy.jpg\",\"width\":700,\"height\":450,\"caption\":\"HTI Scientific\"},\"image\":{\"@id\":\"https:\/\/htiscientific.vn\/#\/schema\/logo\/image\/\"},\"sameAs\":[\"https:\/\/www.facebook.com\/htiscientific.vn\"]}]}<\/script>\n<!-- \/ Yoast SEO plugin. -->","yoast_head_json":{"title":"Thi\u1ebft b\u1ecb \u0111i\u1ec1u khi\u1ec3n c\u00f4ng nghi\u1ec7p - HTI Scientific","description":"Thi\u1ebft b\u1ecb \u0111i\u1ec1u khi\u1ec3n c\u00f4ng nghi\u1ec7p (CECI - Industrial Controllers Unit) \u0111\u01b0\u1ee3c chia th\u00e0nh c\u00e1c m\u00f4-\u0111un ri\u00eang bi\u1ec7t nh\u1eb1m gi\u00fap sinh vi\u00ean hi\u1ec3u r\u00f5 h\u01a1n v\u1ec1 thi\u1ebft b\u1ecb...","robots":{"index":"index","follow":"follow","max-snippet":"max-snippet:-1","max-image-preview":"max-image-preview:large","max-video-preview":"max-video-preview:-1"},"canonical":"https:\/\/htiscientific.vn\/en\/product\/thiet-bi-dieu-khien-cong-nghiep\/","og_locale":"en_US","og_type":"article","og_title":"Thi\u1ebft b\u1ecb \u0111i\u1ec1u khi\u1ec3n c\u00f4ng nghi\u1ec7p - HTI Scientific","og_description":"Thi\u1ebft b\u1ecb \u0111i\u1ec1u khi\u1ec3n c\u00f4ng nghi\u1ec7p (CECI - Industrial Controllers Unit) \u0111\u01b0\u1ee3c chia th\u00e0nh c\u00e1c m\u00f4-\u0111un ri\u00eang bi\u1ec7t nh\u1eb1m gi\u00fap sinh vi\u00ean hi\u1ec3u r\u00f5 h\u01a1n v\u1ec1 thi\u1ebft b\u1ecb...","og_url":"https:\/\/htiscientific.vn\/en\/product\/thiet-bi-dieu-khien-cong-nghiep\/","og_site_name":"HTI Scientific","article_publisher":"https:\/\/www.facebook.com\/htiscientific.vn","og_image":[{"width":1000,"height":1000,"url":"https:\/\/htiscientific.vn\/wp-content\/uploads\/2025\/06\/17.jpg","type":"image\/jpeg"}],"twitter_card":"summary_large_image","twitter_misc":{"Est. reading time":"5 minutes"},"schema":{"@context":"https:\/\/schema.org","@graph":[{"@type":"WebPage","@id":"https:\/\/htiscientific.vn\/san-pham\/thiet-bi-dieu-khien-cong-nghiep\/","url":"https:\/\/htiscientific.vn\/san-pham\/thiet-bi-dieu-khien-cong-nghiep\/","name":"Thi\u1ebft b\u1ecb \u0111i\u1ec1u khi\u1ec3n c\u00f4ng nghi\u1ec7p - HTI Scientific","isPartOf":{"@id":"https:\/\/htiscientific.vn\/#website"},"primaryImageOfPage":{"@id":"https:\/\/htiscientific.vn\/san-pham\/thiet-bi-dieu-khien-cong-nghiep\/#primaryimage"},"image":{"@id":"https:\/\/htiscientific.vn\/san-pham\/thiet-bi-dieu-khien-cong-nghiep\/#primaryimage"},"thumbnailUrl":"https:\/\/htiscientific.vn\/wp-content\/uploads\/2025\/06\/17.jpg","datePublished":"2025-06-24T07:10:42+00:00","description":"Thi\u1ebft b\u1ecb \u0111i\u1ec1u khi\u1ec3n c\u00f4ng nghi\u1ec7p (CECI - Industrial Controllers Unit) \u0111\u01b0\u1ee3c chia th\u00e0nh c\u00e1c m\u00f4-\u0111un ri\u00eang bi\u1ec7t nh\u1eb1m gi\u00fap sinh vi\u00ean hi\u1ec3u r\u00f5 h\u01a1n v\u1ec1 thi\u1ebft b\u1ecb...","breadcrumb":{"@id":"https:\/\/htiscientific.vn\/san-pham\/thiet-bi-dieu-khien-cong-nghiep\/#breadcrumb"},"inLanguage":"en-US","potentialAction":[{"@type":"ReadAction","target":["https:\/\/htiscientific.vn\/san-pham\/thiet-bi-dieu-khien-cong-nghiep\/"]}]},{"@type":"ImageObject","inLanguage":"en-US","@id":"https:\/\/htiscientific.vn\/san-pham\/thiet-bi-dieu-khien-cong-nghiep\/#primaryimage","url":"https:\/\/htiscientific.vn\/wp-content\/uploads\/2025\/06\/17.jpg","contentUrl":"https:\/\/htiscientific.vn\/wp-content\/uploads\/2025\/06\/17.jpg","width":1000,"height":1000,"caption":"thiet-bi-dieu-khien-cong-nghiep"},{"@type":"BreadcrumbList","@id":"https:\/\/htiscientific.vn\/san-pham\/thiet-bi-dieu-khien-cong-nghiep\/#breadcrumb","itemListElement":[{"@type":"ListItem","position":1,"name":"Trang ch\u1ee7","item":"https:\/\/htiscientific.vn\/"},{"@type":"ListItem","position":2,"name":"C\u1eeda h\u00e0ng","item":"https:\/\/htiscientific.vn\/cua-hang\/"},{"@type":"ListItem","position":3,"name":"Thi\u1ebft b\u1ecb gi\u00e1o d\u1ee5c","item":"https:\/\/htiscientific.vn\/danh-muc-san-pham\/thiet-bi-giao-duc\/"},{"@type":"ListItem","position":4,"name":"\u0110i\u1ec1u khi\u1ec3n qu\u00e1 tr\u00ecnh","item":"https:\/\/htiscientific.vn\/danh-muc-san-pham\/thiet-bi-giao-duc\/dieu-khien-qua-trinh\/"},{"@type":"ListItem","position":5,"name":"Thi\u1ebft b\u1ecb \u0111i\u1ec1u khi\u1ec3n c\u00f4ng nghi\u1ec7p"}]},{"@type":"WebSite","@id":"https:\/\/htiscientific.vn\/#website","url":"https:\/\/htiscientific.vn\/","name":"HTI Scientific","description":"HTI Scientific","publisher":{"@id":"https:\/\/htiscientific.vn\/#organization"},"potentialAction":[{"@type":"SearchAction","target":{"@type":"EntryPoint","urlTemplate":"https:\/\/htiscientific.vn\/?s={search_term_string}"},"query-input":{"@type":"PropertyValueSpecification","valueRequired":true,"valueName":"search_term_string"}}],"inLanguage":"en-US"},{"@type":"Organization","@id":"https:\/\/htiscientific.vn\/#organization","name":"HTI Scientific","alternateName":"HTI Scientific","url":"https:\/\/htiscientific.vn\/","logo":{"@type":"ImageObject","inLanguage":"en-US","@id":"https:\/\/htiscientific.vn\/#\/schema\/logo\/image\/","url":"https:\/\/htiscientific.vn\/wp-content\/uploads\/2025\/03\/ava-hti-copy.jpg","contentUrl":"https:\/\/htiscientific.vn\/wp-content\/uploads\/2025\/03\/ava-hti-copy.jpg","width":700,"height":450,"caption":"HTI Scientific"},"image":{"@id":"https:\/\/htiscientific.vn\/#\/schema\/logo\/image\/"},"sameAs":["https:\/\/www.facebook.com\/htiscientific.vn"]}]}},"_links":{"self":[{"href":"https:\/\/htiscientific.vn\/en\/wp-json\/wp\/v2\/product\/1813","targetHints":{"allow":["GET"]}}],"collection":[{"href":"https:\/\/htiscientific.vn\/en\/wp-json\/wp\/v2\/product"}],"about":[{"href":"https:\/\/htiscientific.vn\/en\/wp-json\/wp\/v2\/types\/product"}],"wp:featuredmedia":[{"embeddable":true,"href":"https:\/\/htiscientific.vn\/en\/wp-json\/wp\/v2\/media\/1810"}],"wp:attachment":[{"href":"https:\/\/htiscientific.vn\/en\/wp-json\/wp\/v2\/media?parent=1813"}],"wp:term":[{"taxonomy":"product_brand","embeddable":true,"href":"https:\/\/htiscientific.vn\/en\/wp-json\/wp\/v2\/product_brand?post=1813"},{"taxonomy":"product_cat","embeddable":true,"href":"https:\/\/htiscientific.vn\/en\/wp-json\/wp\/v2\/product_cat?post=1813"},{"taxonomy":"product_tag","embeddable":true,"href":"https:\/\/htiscientific.vn\/en\/wp-json\/wp\/v2\/product_tag?post=1813"}],"curies":[{"name":"wp","href":"https:\/\/api.w.org\/{rel}","templated":true}]}}