{"id":1809,"date":"2025-06-24T14:07:55","date_gmt":"2025-06-24T07:07:55","guid":{"rendered":"https:\/\/htiscientific.vn\/?post_type=product&#038;p=1809"},"modified":"2025-06-24T14:07:55","modified_gmt":"2025-06-24T07:07:55","slug":"thiet-bi-giang-day-co-ban-de-nghien-cuu-dieu-khien-va-dieu-chinh","status":"publish","type":"product","link":"https:\/\/htiscientific.vn\/en\/product\/thiet-bi-giang-day-co-ban-de-nghien-cuu-dieu-khien-va-dieu-chinh\/","title":{"rendered":"Thi\u1ebft b\u1ecb gi\u1ea3ng d\u1ea1y c\u01a1 b\u1ea3n \u0111\u1ec3 nghi\u00ean c\u1ee9u \u0111i\u1ec1u khi\u1ec3n v\u00e0 \u0111i\u1ec1u ch\u1ec9nh"},"content":{"rendered":"<p><span style=\"color: #000000;\">Thi\u1ebft b\u1ecb gi\u1ea3ng d\u1ea1y c\u01a1 b\u1ea3n \u0111\u1ec3 nghi\u00ean c\u1ee9u \u0111i\u1ec1u khi\u1ec3n v\u00e0 \u0111i\u1ec1u ch\u1ec9nh (RYC\/B &#8211; Basic Teaching Unit for the Study of Regulation and Control) \u0111\u01b0\u1ee3c thi\u1ebft k\u1ebf b\u1edfi EDIBON, gi\u00fap sinh vi\u00ean h\u1ecdc c\u00e1c kh\u00e1i ni\u1ec7m quan tr\u1ecdng nh\u1ea5t v\u1ec1 \u0111i\u1ec1u khi\u1ec3n v\u00e0 \u0111i\u1ec1u ch\u1ec9nh m\u1ed9t c\u00e1ch d\u1ec5 d\u00e0ng v\u00e0 to\u00e0n di\u1ec7n.<\/span><\/p>\n<p><span style=\"color: #000000;\">H\u1ed9p kim lo\u1ea1i, bao g\u1ed3m t\u1ea5t c\u1ea3 c\u00e1c m\u00f4-\u0111un v\u00e0 th\u00e0nh ph\u1ea7n.<\/span><\/p>\n<ul>\n<li><span style=\"color: #000000;\">Ngu\u1ed3n c\u1ea5p \u0111i\u1ec7n.<\/span><\/li>\n<li><span style=\"color: #000000;\">C\u1ea7u ch\u00ec b\u1ea3o v\u1ec7.<\/span><\/li>\n<li><span style=\"color: #000000;\">S\u01a1 \u0111\u1ed3 kh\u1ed1i tr\u00ean b\u1ea3ng \u0111i\u1ec1u khi\u1ec3n ph\u00eda tr\u01b0\u1edbc.<\/span><\/li>\n<\/ul>\n<p><span style=\"color: #000000;\"><strong>C\u00e1c m\u00f4-\u0111un:<\/strong><\/span><\/p>\n<ul>\n<li><span style=\"color: #000000;\"><strong>T\u00edn hi\u1ec7u tham chi\u1ebfu:<\/strong><\/span>\n<ul>\n<li><span style=\"color: #000000;\">D\u1ea1ng b\u01b0\u1edbc (Step): Bi\u00ean \u0111\u1ed9: \u00b110 V. T\u1ea7n s\u1ed1: 0 Hz \u0111\u1ebfn 1000 Hz.<\/span><\/li>\n<li><span style=\"color: #000000;\">D\u1ea1ng d\u1ed1c (Ramp): Bi\u00ean \u0111\u1ed9: \u00b110 V. T\u1ea7n s\u1ed1: 0 Hz \u0111\u1ebfn 1000 Hz.<\/span><\/li>\n<li><span style=\"color: #000000;\">D\u1ea1ng sin (Sine): Bi\u00ean \u0111\u1ed9: \u00b110 V. T\u1ea7n s\u1ed1: 0 Hz \u0111\u1ebfn 1000 Hz.<\/span><\/li>\n<\/ul>\n<\/li>\n<li><span style=\"color: #000000;\"><strong>B\u1ed9 \u0111i\u1ec1u khi\u1ec3n PID:<\/strong><\/span>\n<ul>\n<li><span style=\"color: #000000;\">B\u1ed9 \u0111i\u1ec1u khi\u1ec3n t\u1ef7 l\u1ec7 (P): Kp: 0 \u0111\u1ebfn 10.<\/span><\/li>\n<li><span style=\"color: #000000;\">B\u1ed9 \u0111i\u1ec1u khi\u1ec3n t\u00edch ph\u00e2n (I): Ti: 1 ms \u0111\u1ebfn 10 ms.<\/span><\/li>\n<li><span style=\"color: #000000;\">B\u1ed9 \u0111i\u1ec1u khi\u1ec3n vi ph\u00e2n (D): Td: 1 ms \u0111\u1ebfn 10 ms.<\/span><\/li>\n<\/ul>\n<\/li>\n<li><span style=\"color: #000000;\"><strong>C\u00e1c h\u1ec7 th\u1ed1ng:<\/strong><\/span>\n<ul>\n<li><span style=\"color: #000000;\">H\u1ec7 th\u1ed1ng b\u1eadc nh\u1ea5t:<\/span>\n<ul>\n<li><span style=\"color: #000000;\">H\u1eb1ng s\u1ed1 th\u1eddi gian (x): 1 ms \u0111\u1ebfn 100 ms.<\/span><\/li>\n<\/ul>\n<\/li>\n<li><span style=\"color: #000000;\">H\u1ec7 th\u1ed1ng b\u1eadc hai:<\/span>\n<ul>\n<li><span style=\"color: #000000;\">H\u1ec7 s\u1ed1 suy gi\u1ea3m (x): 0 \u0111\u1ebfn 1.5.<\/span><\/li>\n<li><span style=\"color: #000000;\">T\u1ea7n s\u1ed1 t\u1ef1 nhi\u00ean (wn): 1 Hz \u0111\u1ebfn 2p*100 rad\/s (100 Hz).<\/span><\/li>\n<\/ul>\n<\/li>\n<\/ul>\n<\/li>\n<li><span style=\"color: #000000;\"><strong>C\u00e1p v\u00e0 ph\u1ee5 ki\u1ec7n<\/strong> ph\u1ee5c v\u1ee5 v\u1eadn h\u00e0nh b\u00ecnh th\u01b0\u1eddng.<\/span><\/li>\n<\/ul>\n<p><span style=\"color: #000000;\"><strong>H\u01b0\u1edbng d\u1eabn s\u1eed d\u1ee5ng:<\/strong><\/span><\/p>\n<p><span style=\"color: #000000;\">Thi\u1ebft b\u1ecb n\u00e0y \u0111i k\u00e8m v\u1edbi c\u00e1c t\u00e0i li\u1ec7u h\u01b0\u1edbng d\u1eabn: D\u1ecbch v\u1ee5 y\u00eau c\u1ea7u, l\u1eafp r\u00e1p v\u00e0 c\u00e0i \u0111\u1eb7t, kh\u1edfi \u0111\u1ed9ng, an to\u00e0n, b\u1ea3o tr\u00ec v\u00e0 th\u1ef1c h\u00e0nh.<\/span><\/p>\n<ul>\n<li><span style=\"color: #000000;\">K\u00edch th\u01b0\u1edbc: 490 x 330 x 310 mm (x\u1ea5p x\u1ec9).<\/span><\/li>\n<li><span style=\"color: #000000;\">Kh\u1ed1i l\u01b0\u1ee3ng: 10 kg (x\u1ea5p x\u1ec9).<\/span><\/li>\n<\/ul>\n<p><span style=\"color: #000000;\"><strong>C\u00e1c th\u00e0nh ph\u1ea7n b\u1eaft bu\u1ed9c (kh\u00f4ng bao g\u1ed3m):<\/strong><\/span><\/p>\n<ul>\n<li><span style=\"color: #000000;\"><strong>MED87:<\/strong> M\u00e1y hi\u1ec7n s\u00f3ng k\u1ef9 thu\u1eadt s\u1ed1 hai k\u00eanh, 70 MHz.<\/span><\/li>\n<\/ul>","protected":false},"excerpt":{"rendered":"<p><span style=\"color: #000000;\">Thi\u1ebft b\u1ecb gi\u1ea3ng d\u1ea1y c\u01a1 b\u1ea3n \u0111\u1ec3 nghi\u00ean c\u1ee9u \u0111i\u1ec1u khi\u1ec3n v\u00e0 \u0111i\u1ec1u ch\u1ec9nh (RYC\/B &#8211; Basic Teaching Unit for the Study of Regulation and Control) \u0111\u01b0\u1ee3c thi\u1ebft k\u1ebf b\u1edfi EDIBON, gi\u00fap sinh vi\u00ean h\u1ecdc c\u00e1c kh\u00e1i ni\u1ec7m quan tr\u1ecdng nh\u1ea5t v\u1ec1 \u0111i\u1ec1u khi\u1ec3n v\u00e0 \u0111i\u1ec1u ch\u1ec9nh m\u1ed9t c\u00e1ch d\u1ec5 d\u00e0ng v\u00e0 to\u00e0n di\u1ec7n.<\/span><\/p>\n<p><span style=\"color: #000000;\">H\u1ed9p kim lo\u1ea1i, bao g\u1ed3m t\u1ea5t c\u1ea3 c\u00e1c m\u00f4-\u0111un v\u00e0 th\u00e0nh ph\u1ea7n.<\/span><\/p>\n<ul>\n<li><span style=\"color: #000000;\">Ngu\u1ed3n c\u1ea5p \u0111i\u1ec7n.<\/span><\/li>\n<li><span style=\"color: #000000;\">C\u1ea7u ch\u00ec b\u1ea3o v\u1ec7.<\/span><\/li>\n<li><span style=\"color: #000000;\">S\u01a1 \u0111\u1ed3 kh\u1ed1i tr\u00ean b\u1ea3ng \u0111i\u1ec1u khi\u1ec3n ph\u00eda tr\u01b0\u1edbc.<\/span><\/li>\n<\/ul>","protected":false},"featured_media":1812,"template":"","meta":{"inline_featured_image":false},"product_brand":[47],"product_cat":[93,90],"product_tag":[],"class_list":{"0":"post-1809","1":"product","2":"type-product","3":"status-publish","4":"has-post-thumbnail","6":"product_brand-edibon","7":"product_cat-dieu-khien-qua-trinh","8":"product_cat-thiet-bi-giao-duc","10":"first","11":"instock","12":"shipping-taxable","13":"product-type-simple"},"yoast_head":"<!-- This site is optimized with the Yoast SEO plugin v24.7 - https:\/\/yoast.com\/wordpress\/plugins\/seo\/ -->\n<title>Thi\u1ebft b\u1ecb gi\u1ea3ng d\u1ea1y c\u01a1 b\u1ea3n \u0111\u1ec3 nghi\u00ean c\u1ee9u \u0111i\u1ec1u khi\u1ec3n v\u00e0 \u0111i\u1ec1u ch\u1ec9nh - HTI Scientific<\/title>\n<meta name=\"description\" content=\"Thi\u1ebft b\u1ecb gi\u1ea3ng d\u1ea1y c\u01a1 b\u1ea3n \u0111\u1ec3 nghi\u00ean c\u1ee9u \u0111i\u1ec1u khi\u1ec3n v\u00e0 \u0111i\u1ec1u ch\u1ec9nh gi\u00fap h\u1ecdc c\u00e1c kh\u00e1i ni\u1ec7m quan tr\u1ecdng nh\u1ea5t v\u1ec1 \u0111i\u1ec1u khi\u1ec3n v\u00e0 \u0111i\u1ec1u ch\u1ec9nh. Bao g\u1ed3m: ngu\u1ed3n \u0111i\u1ec7n c\u1ea5p\" \/>\n<meta name=\"robots\" content=\"index, follow, max-snippet:-1, max-image-preview:large, max-video-preview:-1\" \/>\n<link rel=\"canonical\" href=\"https:\/\/htiscientific.vn\/en\/product\/thiet-bi-giang-day-co-ban-de-nghien-cuu-dieu-khien-va-dieu-chinh\/\" \/>\n<meta property=\"og:locale\" content=\"en_US\" \/>\n<meta property=\"og:type\" content=\"article\" \/>\n<meta property=\"og:title\" content=\"Thi\u1ebft b\u1ecb gi\u1ea3ng d\u1ea1y c\u01a1 b\u1ea3n \u0111\u1ec3 nghi\u00ean c\u1ee9u \u0111i\u1ec1u khi\u1ec3n v\u00e0 \u0111i\u1ec1u ch\u1ec9nh - HTI Scientific\" \/>\n<meta property=\"og:description\" content=\"Thi\u1ebft b\u1ecb gi\u1ea3ng d\u1ea1y c\u01a1 b\u1ea3n \u0111\u1ec3 nghi\u00ean c\u1ee9u \u0111i\u1ec1u khi\u1ec3n v\u00e0 \u0111i\u1ec1u ch\u1ec9nh gi\u00fap h\u1ecdc c\u00e1c kh\u00e1i ni\u1ec7m quan tr\u1ecdng nh\u1ea5t v\u1ec1 \u0111i\u1ec1u khi\u1ec3n v\u00e0 \u0111i\u1ec1u ch\u1ec9nh. Bao g\u1ed3m: ngu\u1ed3n \u0111i\u1ec7n c\u1ea5p\" \/>\n<meta property=\"og:url\" content=\"https:\/\/htiscientific.vn\/en\/product\/thiet-bi-giang-day-co-ban-de-nghien-cuu-dieu-khien-va-dieu-chinh\/\" \/>\n<meta property=\"og:site_name\" content=\"HTI Scientific\" \/>\n<meta property=\"article:publisher\" content=\"https:\/\/www.facebook.com\/htiscientific.vn\" \/>\n<meta property=\"og:image\" content=\"https:\/\/htiscientific.vn\/wp-content\/uploads\/2025\/06\/19.jpg\" \/>\n\t<meta property=\"og:image:width\" content=\"1000\" \/>\n\t<meta property=\"og:image:height\" content=\"1000\" \/>\n\t<meta property=\"og:image:type\" content=\"image\/jpeg\" \/>\n<meta name=\"twitter:card\" content=\"summary_large_image\" \/>\n<meta name=\"twitter:label1\" content=\"Est. reading time\" \/>\n\t<meta name=\"twitter:data1\" content=\"2 minutes\" \/>\n<script type=\"application\/ld+json\" class=\"yoast-schema-graph\">{\"@context\":\"https:\/\/schema.org\",\"@graph\":[{\"@type\":\"WebPage\",\"@id\":\"https:\/\/htiscientific.vn\/san-pham\/thiet-bi-giang-day-co-ban-de-nghien-cuu-dieu-khien-va-dieu-chinh\/\",\"url\":\"https:\/\/htiscientific.vn\/san-pham\/thiet-bi-giang-day-co-ban-de-nghien-cuu-dieu-khien-va-dieu-chinh\/\",\"name\":\"Thi\u1ebft b\u1ecb gi\u1ea3ng d\u1ea1y c\u01a1 b\u1ea3n \u0111\u1ec3 nghi\u00ean c\u1ee9u \u0111i\u1ec1u khi\u1ec3n v\u00e0 \u0111i\u1ec1u ch\u1ec9nh - HTI Scientific\",\"isPartOf\":{\"@id\":\"https:\/\/htiscientific.vn\/#website\"},\"primaryImageOfPage\":{\"@id\":\"https:\/\/htiscientific.vn\/san-pham\/thiet-bi-giang-day-co-ban-de-nghien-cuu-dieu-khien-va-dieu-chinh\/#primaryimage\"},\"image\":{\"@id\":\"https:\/\/htiscientific.vn\/san-pham\/thiet-bi-giang-day-co-ban-de-nghien-cuu-dieu-khien-va-dieu-chinh\/#primaryimage\"},\"thumbnailUrl\":\"https:\/\/htiscientific.vn\/wp-content\/uploads\/2025\/06\/19.jpg\",\"datePublished\":\"2025-06-24T07:07:55+00:00\",\"description\":\"Thi\u1ebft b\u1ecb gi\u1ea3ng d\u1ea1y c\u01a1 b\u1ea3n \u0111\u1ec3 nghi\u00ean c\u1ee9u \u0111i\u1ec1u khi\u1ec3n v\u00e0 \u0111i\u1ec1u ch\u1ec9nh gi\u00fap h\u1ecdc c\u00e1c kh\u00e1i ni\u1ec7m quan tr\u1ecdng nh\u1ea5t v\u1ec1 \u0111i\u1ec1u khi\u1ec3n v\u00e0 \u0111i\u1ec1u ch\u1ec9nh. Bao g\u1ed3m: ngu\u1ed3n \u0111i\u1ec7n c\u1ea5p\",\"breadcrumb\":{\"@id\":\"https:\/\/htiscientific.vn\/san-pham\/thiet-bi-giang-day-co-ban-de-nghien-cuu-dieu-khien-va-dieu-chinh\/#breadcrumb\"},\"inLanguage\":\"en-US\",\"potentialAction\":[{\"@type\":\"ReadAction\",\"target\":[\"https:\/\/htiscientific.vn\/san-pham\/thiet-bi-giang-day-co-ban-de-nghien-cuu-dieu-khien-va-dieu-chinh\/\"]}]},{\"@type\":\"ImageObject\",\"inLanguage\":\"en-US\",\"@id\":\"https:\/\/htiscientific.vn\/san-pham\/thiet-bi-giang-day-co-ban-de-nghien-cuu-dieu-khien-va-dieu-chinh\/#primaryimage\",\"url\":\"https:\/\/htiscientific.vn\/wp-content\/uploads\/2025\/06\/19.jpg\",\"contentUrl\":\"https:\/\/htiscientific.vn\/wp-content\/uploads\/2025\/06\/19.jpg\",\"width\":1000,\"height\":1000,\"caption\":\"thiet-bi-giang-day\"},{\"@type\":\"BreadcrumbList\",\"@id\":\"https:\/\/htiscientific.vn\/san-pham\/thiet-bi-giang-day-co-ban-de-nghien-cuu-dieu-khien-va-dieu-chinh\/#breadcrumb\",\"itemListElement\":[{\"@type\":\"ListItem\",\"position\":1,\"name\":\"Trang ch\u1ee7\",\"item\":\"https:\/\/htiscientific.vn\/\"},{\"@type\":\"ListItem\",\"position\":2,\"name\":\"C\u1eeda h\u00e0ng\",\"item\":\"https:\/\/htiscientific.vn\/cua-hang\/\"},{\"@type\":\"ListItem\",\"position\":3,\"name\":\"Thi\u1ebft b\u1ecb gi\u00e1o d\u1ee5c\",\"item\":\"https:\/\/htiscientific.vn\/danh-muc-san-pham\/thiet-bi-giao-duc\/\"},{\"@type\":\"ListItem\",\"position\":4,\"name\":\"\u0110i\u1ec1u khi\u1ec3n qu\u00e1 tr\u00ecnh\",\"item\":\"https:\/\/htiscientific.vn\/danh-muc-san-pham\/thiet-bi-giao-duc\/dieu-khien-qua-trinh\/\"},{\"@type\":\"ListItem\",\"position\":5,\"name\":\"Thi\u1ebft b\u1ecb gi\u1ea3ng d\u1ea1y c\u01a1 b\u1ea3n \u0111\u1ec3 nghi\u00ean c\u1ee9u \u0111i\u1ec1u khi\u1ec3n v\u00e0 \u0111i\u1ec1u ch\u1ec9nh\"}]},{\"@type\":\"WebSite\",\"@id\":\"https:\/\/htiscientific.vn\/#website\",\"url\":\"https:\/\/htiscientific.vn\/\",\"name\":\"HTI Scientific\",\"description\":\"HTI Scientific\",\"publisher\":{\"@id\":\"https:\/\/htiscientific.vn\/#organization\"},\"potentialAction\":[{\"@type\":\"SearchAction\",\"target\":{\"@type\":\"EntryPoint\",\"urlTemplate\":\"https:\/\/htiscientific.vn\/?s={search_term_string}\"},\"query-input\":{\"@type\":\"PropertyValueSpecification\",\"valueRequired\":true,\"valueName\":\"search_term_string\"}}],\"inLanguage\":\"en-US\"},{\"@type\":\"Organization\",\"@id\":\"https:\/\/htiscientific.vn\/#organization\",\"name\":\"HTI Scientific\",\"alternateName\":\"HTI Scientific\",\"url\":\"https:\/\/htiscientific.vn\/\",\"logo\":{\"@type\":\"ImageObject\",\"inLanguage\":\"en-US\",\"@id\":\"https:\/\/htiscientific.vn\/#\/schema\/logo\/image\/\",\"url\":\"https:\/\/htiscientific.vn\/wp-content\/uploads\/2025\/03\/ava-hti-copy.jpg\",\"contentUrl\":\"https:\/\/htiscientific.vn\/wp-content\/uploads\/2025\/03\/ava-hti-copy.jpg\",\"width\":700,\"height\":450,\"caption\":\"HTI Scientific\"},\"image\":{\"@id\":\"https:\/\/htiscientific.vn\/#\/schema\/logo\/image\/\"},\"sameAs\":[\"https:\/\/www.facebook.com\/htiscientific.vn\"]}]}<\/script>\n<!-- \/ Yoast SEO plugin. -->","yoast_head_json":{"title":"Thi\u1ebft b\u1ecb gi\u1ea3ng d\u1ea1y c\u01a1 b\u1ea3n \u0111\u1ec3 nghi\u00ean c\u1ee9u \u0111i\u1ec1u khi\u1ec3n v\u00e0 \u0111i\u1ec1u ch\u1ec9nh - HTI Scientific","description":"Thi\u1ebft b\u1ecb gi\u1ea3ng d\u1ea1y c\u01a1 b\u1ea3n \u0111\u1ec3 nghi\u00ean c\u1ee9u \u0111i\u1ec1u khi\u1ec3n v\u00e0 \u0111i\u1ec1u ch\u1ec9nh gi\u00fap h\u1ecdc c\u00e1c kh\u00e1i ni\u1ec7m quan tr\u1ecdng nh\u1ea5t v\u1ec1 \u0111i\u1ec1u khi\u1ec3n v\u00e0 \u0111i\u1ec1u ch\u1ec9nh. Bao g\u1ed3m: ngu\u1ed3n \u0111i\u1ec7n c\u1ea5p","robots":{"index":"index","follow":"follow","max-snippet":"max-snippet:-1","max-image-preview":"max-image-preview:large","max-video-preview":"max-video-preview:-1"},"canonical":"https:\/\/htiscientific.vn\/en\/product\/thiet-bi-giang-day-co-ban-de-nghien-cuu-dieu-khien-va-dieu-chinh\/","og_locale":"en_US","og_type":"article","og_title":"Thi\u1ebft b\u1ecb gi\u1ea3ng d\u1ea1y c\u01a1 b\u1ea3n \u0111\u1ec3 nghi\u00ean c\u1ee9u \u0111i\u1ec1u khi\u1ec3n v\u00e0 \u0111i\u1ec1u ch\u1ec9nh - HTI Scientific","og_description":"Thi\u1ebft b\u1ecb gi\u1ea3ng d\u1ea1y c\u01a1 b\u1ea3n \u0111\u1ec3 nghi\u00ean c\u1ee9u \u0111i\u1ec1u khi\u1ec3n v\u00e0 \u0111i\u1ec1u ch\u1ec9nh gi\u00fap h\u1ecdc c\u00e1c kh\u00e1i ni\u1ec7m quan tr\u1ecdng nh\u1ea5t v\u1ec1 \u0111i\u1ec1u khi\u1ec3n v\u00e0 \u0111i\u1ec1u ch\u1ec9nh. Bao g\u1ed3m: ngu\u1ed3n \u0111i\u1ec7n c\u1ea5p","og_url":"https:\/\/htiscientific.vn\/en\/product\/thiet-bi-giang-day-co-ban-de-nghien-cuu-dieu-khien-va-dieu-chinh\/","og_site_name":"HTI Scientific","article_publisher":"https:\/\/www.facebook.com\/htiscientific.vn","og_image":[{"width":1000,"height":1000,"url":"https:\/\/htiscientific.vn\/wp-content\/uploads\/2025\/06\/19.jpg","type":"image\/jpeg"}],"twitter_card":"summary_large_image","twitter_misc":{"Est. reading time":"2 minutes"},"schema":{"@context":"https:\/\/schema.org","@graph":[{"@type":"WebPage","@id":"https:\/\/htiscientific.vn\/san-pham\/thiet-bi-giang-day-co-ban-de-nghien-cuu-dieu-khien-va-dieu-chinh\/","url":"https:\/\/htiscientific.vn\/san-pham\/thiet-bi-giang-day-co-ban-de-nghien-cuu-dieu-khien-va-dieu-chinh\/","name":"Thi\u1ebft b\u1ecb gi\u1ea3ng d\u1ea1y c\u01a1 b\u1ea3n \u0111\u1ec3 nghi\u00ean c\u1ee9u \u0111i\u1ec1u khi\u1ec3n v\u00e0 \u0111i\u1ec1u ch\u1ec9nh - HTI Scientific","isPartOf":{"@id":"https:\/\/htiscientific.vn\/#website"},"primaryImageOfPage":{"@id":"https:\/\/htiscientific.vn\/san-pham\/thiet-bi-giang-day-co-ban-de-nghien-cuu-dieu-khien-va-dieu-chinh\/#primaryimage"},"image":{"@id":"https:\/\/htiscientific.vn\/san-pham\/thiet-bi-giang-day-co-ban-de-nghien-cuu-dieu-khien-va-dieu-chinh\/#primaryimage"},"thumbnailUrl":"https:\/\/htiscientific.vn\/wp-content\/uploads\/2025\/06\/19.jpg","datePublished":"2025-06-24T07:07:55+00:00","description":"Thi\u1ebft b\u1ecb gi\u1ea3ng d\u1ea1y c\u01a1 b\u1ea3n \u0111\u1ec3 nghi\u00ean c\u1ee9u \u0111i\u1ec1u khi\u1ec3n v\u00e0 \u0111i\u1ec1u ch\u1ec9nh gi\u00fap h\u1ecdc c\u00e1c kh\u00e1i ni\u1ec7m quan tr\u1ecdng nh\u1ea5t v\u1ec1 \u0111i\u1ec1u khi\u1ec3n v\u00e0 \u0111i\u1ec1u ch\u1ec9nh. Bao g\u1ed3m: ngu\u1ed3n \u0111i\u1ec7n c\u1ea5p","breadcrumb":{"@id":"https:\/\/htiscientific.vn\/san-pham\/thiet-bi-giang-day-co-ban-de-nghien-cuu-dieu-khien-va-dieu-chinh\/#breadcrumb"},"inLanguage":"en-US","potentialAction":[{"@type":"ReadAction","target":["https:\/\/htiscientific.vn\/san-pham\/thiet-bi-giang-day-co-ban-de-nghien-cuu-dieu-khien-va-dieu-chinh\/"]}]},{"@type":"ImageObject","inLanguage":"en-US","@id":"https:\/\/htiscientific.vn\/san-pham\/thiet-bi-giang-day-co-ban-de-nghien-cuu-dieu-khien-va-dieu-chinh\/#primaryimage","url":"https:\/\/htiscientific.vn\/wp-content\/uploads\/2025\/06\/19.jpg","contentUrl":"https:\/\/htiscientific.vn\/wp-content\/uploads\/2025\/06\/19.jpg","width":1000,"height":1000,"caption":"thiet-bi-giang-day"},{"@type":"BreadcrumbList","@id":"https:\/\/htiscientific.vn\/san-pham\/thiet-bi-giang-day-co-ban-de-nghien-cuu-dieu-khien-va-dieu-chinh\/#breadcrumb","itemListElement":[{"@type":"ListItem","position":1,"name":"Trang ch\u1ee7","item":"https:\/\/htiscientific.vn\/"},{"@type":"ListItem","position":2,"name":"C\u1eeda h\u00e0ng","item":"https:\/\/htiscientific.vn\/cua-hang\/"},{"@type":"ListItem","position":3,"name":"Thi\u1ebft b\u1ecb gi\u00e1o d\u1ee5c","item":"https:\/\/htiscientific.vn\/danh-muc-san-pham\/thiet-bi-giao-duc\/"},{"@type":"ListItem","position":4,"name":"\u0110i\u1ec1u khi\u1ec3n qu\u00e1 tr\u00ecnh","item":"https:\/\/htiscientific.vn\/danh-muc-san-pham\/thiet-bi-giao-duc\/dieu-khien-qua-trinh\/"},{"@type":"ListItem","position":5,"name":"Thi\u1ebft b\u1ecb gi\u1ea3ng d\u1ea1y c\u01a1 b\u1ea3n \u0111\u1ec3 nghi\u00ean c\u1ee9u \u0111i\u1ec1u khi\u1ec3n v\u00e0 \u0111i\u1ec1u ch\u1ec9nh"}]},{"@type":"WebSite","@id":"https:\/\/htiscientific.vn\/#website","url":"https:\/\/htiscientific.vn\/","name":"HTI Scientific","description":"HTI Scientific","publisher":{"@id":"https:\/\/htiscientific.vn\/#organization"},"potentialAction":[{"@type":"SearchAction","target":{"@type":"EntryPoint","urlTemplate":"https:\/\/htiscientific.vn\/?s={search_term_string}"},"query-input":{"@type":"PropertyValueSpecification","valueRequired":true,"valueName":"search_term_string"}}],"inLanguage":"en-US"},{"@type":"Organization","@id":"https:\/\/htiscientific.vn\/#organization","name":"HTI Scientific","alternateName":"HTI Scientific","url":"https:\/\/htiscientific.vn\/","logo":{"@type":"ImageObject","inLanguage":"en-US","@id":"https:\/\/htiscientific.vn\/#\/schema\/logo\/image\/","url":"https:\/\/htiscientific.vn\/wp-content\/uploads\/2025\/03\/ava-hti-copy.jpg","contentUrl":"https:\/\/htiscientific.vn\/wp-content\/uploads\/2025\/03\/ava-hti-copy.jpg","width":700,"height":450,"caption":"HTI Scientific"},"image":{"@id":"https:\/\/htiscientific.vn\/#\/schema\/logo\/image\/"},"sameAs":["https:\/\/www.facebook.com\/htiscientific.vn"]}]}},"_links":{"self":[{"href":"https:\/\/htiscientific.vn\/en\/wp-json\/wp\/v2\/product\/1809","targetHints":{"allow":["GET"]}}],"collection":[{"href":"https:\/\/htiscientific.vn\/en\/wp-json\/wp\/v2\/product"}],"about":[{"href":"https:\/\/htiscientific.vn\/en\/wp-json\/wp\/v2\/types\/product"}],"wp:featuredmedia":[{"embeddable":true,"href":"https:\/\/htiscientific.vn\/en\/wp-json\/wp\/v2\/media\/1812"}],"wp:attachment":[{"href":"https:\/\/htiscientific.vn\/en\/wp-json\/wp\/v2\/media?parent=1809"}],"wp:term":[{"taxonomy":"product_brand","embeddable":true,"href":"https:\/\/htiscientific.vn\/en\/wp-json\/wp\/v2\/product_brand?post=1809"},{"taxonomy":"product_cat","embeddable":true,"href":"https:\/\/htiscientific.vn\/en\/wp-json\/wp\/v2\/product_cat?post=1809"},{"taxonomy":"product_tag","embeddable":true,"href":"https:\/\/htiscientific.vn\/en\/wp-json\/wp\/v2\/product_tag?post=1809"}],"curies":[{"name":"wp","href":"https:\/\/api.w.org\/{rel}","templated":true}]}}