{"id":1808,"date":"2025-06-24T11:48:50","date_gmt":"2025-06-24T04:48:50","guid":{"rendered":"https:\/\/htiscientific.vn\/?post_type=product&#038;p=1808"},"modified":"2025-06-24T11:48:50","modified_gmt":"2025-06-24T04:48:50","slug":"thiet-bi-nghien-cuu-mo-hinh-cat-bo-cua-bo-loc-say","status":"publish","type":"product","link":"https:\/\/htiscientific.vn\/en\/product\/thiet-bi-nghien-cuu-mo-hinh-cat-bo-cua-bo-loc-say\/","title":{"rendered":"Thi\u1ebft b\u1ecb nghi\u00ean c\u1ee9u m\u00f4 h\u00ecnh c\u1eaft b\u1ed5 c\u1ee7a b\u1ed9 l\u1ecdc s\u1ea5y"},"content":{"rendered":"<p><span style=\"color: #000000;\">Thi\u1ebft b\u1ecb nghi\u00ean c\u1ee9u m\u00f4 h\u00ecnh c\u1eaft b\u1ed5 c\u1ee7a b\u1ed9 l\u1ecdc s\u1ea5y (DFCM &#8211; Unit to Study a Filter Drier Cutaway Model) c\u1ee7a <a href=\"https:\/\/htiscientific.vn\/en\/hang-san-xuat\/edibon\/\">EDIBON<\/a> cho ph\u00e9p sinh vi\u00ean quan s\u00e1t c\u00e1c b\u1ed9 ph\u1eadn b\u00ean trong c\u1ee7a b\u1ed9 l\u1ecdc s\u1ea5y, \u0111\u00e1nh gi\u00e1 m\u1ed1i quan h\u1ec7 gi\u1eefa c\u00e1c th\u00e0nh ph\u1ea7n m\u1ed9t c\u00e1ch ch\u00ednh x\u00e1c v\u00e0 hi\u1ec3u r\u00f5 ch\u1ee9c n\u0103ng c\u1ee7a ch\u00fang.<\/span><\/p>\n<p><span style=\"color: #000000;\"><strong>Thi\u1ebft b\u1ecb DFCM:<\/strong><\/span><\/p>\n<ul>\n<li><span style=\"color: #000000;\">Thi\u1ebft b\u1ecb \u0111\u1ec3 b\u00e0n v\u1edbi ch\u00e2n c\u00f3 th\u1ec3 \u0111i\u1ec1u ch\u1ec9nh.<\/span><\/li>\n<li><span style=\"color: #000000;\">Khung b\u1eb1ng nh\u00f4m anod h\u00f3a v\u00e0 c\u00e1c t\u1ea5m th\u00e9p s\u01a1n t\u0129nh \u0111i\u1ec7n.<\/span><\/li>\n<li><span style=\"color: #000000;\">C\u00e1c b\u1ed9 ph\u1eadn \u0111\u01b0\u1ee3c c\u1ed1 \u0111\u1ecbnh tr\u00ean t\u1ea5m \u0111\u1ebf c\u00f3 tay c\u1ea7m \u0111\u1ec3 d\u1ec5 d\u00e0ng di chuy\u1ec3n.<\/span><\/li>\n<\/ul>\n<p><span style=\"color: #000000;\"><strong>B\u1ed9 l\u1ecdc s\u1ea5y:<\/strong><\/span><\/p>\n<ul>\n<li><span style=\"color: #000000;\">C\u00f4ng su\u1ea5t ch\u1ea5t l\u1ecfng khuy\u1ebfn ngh\u1ecb (R134a): kho\u1ea3ng 40 kW.<\/span><\/li>\n<li><span style=\"color: #000000;\">Nhi\u1ec7t \u0111\u1ed9 m\u00f4i tr\u01b0\u1eddng t\u1ed1i thi\u1ec3u\/t\u1ed1i \u0111a: -30 \u00b0C \/ 55 \u00b0C.<\/span><\/li>\n<li><span style=\"color: #000000;\">Nhi\u1ec7t \u0111\u1ed9 ch\u1ea5t l\u1ecfng l\u00e0m vi\u1ec7c t\u1ed1i thi\u1ec3u\/t\u1ed1i \u0111a: -30 \u00b0C \/ 120 \u00b0C.<\/span><\/li>\n<li><span style=\"color: #000000;\">Th\u1ec3 t\u00edch: 492 cm\u00b3.<\/span><\/li>\n<li><span style=\"color: #000000;\">Kh\u1ed1i l\u01b0\u1ee3ng: kho\u1ea3ng 3 kg.<\/span><\/li>\n<li><span style=\"color: #000000;\">Ph\u00f9 h\u1ee3p v\u1edbi t\u1ea5t c\u1ea3 c\u00e1c m\u00f4i ch\u1ea5t l\u1ea1nh HCFC, HFC, HC v\u00e0 HFO.<\/span><\/li>\n<li><span style=\"color: #000000;\">Ch\u1ea5t h\u00fat \u1ea9m d\u1ea1ng lai.<\/span><\/li>\n<\/ul>\n<p><span style=\"color: #000000;\"><strong>T\u00e0i li\u1ec7u h\u01b0\u1edbng d\u1eabn:<\/strong><\/span><br \/>\n<span style=\"color: #000000;\">Thi\u1ebft b\u1ecb \u0111i k\u00e8m v\u1edbi c\u00e1c t\u00e0i li\u1ec7u sau: D\u1ecbch v\u1ee5 y\u00eau c\u1ea7u, L\u1eafp r\u00e1p v\u00e0 C\u00e0i \u0111\u1eb7t, Kh\u1edfi \u0111\u1ed9ng, An to\u00e0n, B\u1ea3o tr\u00ec v\u00e0 H\u01b0\u1edbng d\u1eabn th\u1ef1c h\u00e0nh.<\/span><\/p>\n<p><span style=\"color: #000000;\">K\u00edch th\u01b0\u1edbc: 350 x 300 x 250 mm (kho\u1ea3ng 13,78 x 11,81 x 9,84 inch).<\/span><\/p>\n<p><span style=\"color: #000000;\">Kh\u1ed1i l\u01b0\u1ee3ng: kho\u1ea3ng 10 kg (kho\u1ea3ng 22 pound).<\/span><\/p>","protected":false},"excerpt":{"rendered":"<p><span style=\"color: #000000;\">Thi\u1ebft b\u1ecb nghi\u00ean c\u1ee9u m\u00f4 h\u00ecnh c\u1eaft b\u1ed5 c\u1ee7a b\u1ed9 l\u1ecdc s\u1ea5y (DFCM &#8211; Unit to Study a Filter Drier Cutaway Model) c\u1ee7a EDIBON cho ph\u00e9p sinh vi\u00ean quan s\u00e1t c\u00e1c b\u1ed9 ph\u1eadn b\u00ean trong c\u1ee7a b\u1ed9 l\u1ecdc s\u1ea5y, \u0111\u00e1nh gi\u00e1 m\u1ed1i quan h\u1ec7 gi\u1eefa c\u00e1c th\u00e0nh ph\u1ea7n m\u1ed9t c\u00e1ch ch\u00ednh x\u00e1c v\u00e0 hi\u1ec3u r\u00f5 ch\u1ee9c n\u0103ng c\u1ee7a ch\u00fang.<\/span><\/p>","protected":false},"featured_media":1787,"template":"","meta":{"inline_featured_image":false},"product_brand":[47],"product_cat":[92,90],"product_tag":[],"class_list":{"0":"post-1808","1":"product","2":"type-product","3":"status-publish","4":"has-post-thumbnail","6":"product_brand-edibon","7":"product_cat-nhiet-dong-luc-hoc-va-ky-thuat-nhiet","8":"product_cat-thiet-bi-giao-duc","10":"first","11":"instock","12":"shipping-taxable","13":"product-type-simple"},"yoast_head":"<!-- This site is optimized with the Yoast SEO plugin v24.7 - https:\/\/yoast.com\/wordpress\/plugins\/seo\/ -->\n<title>Thi\u1ebft b\u1ecb nghi\u00ean c\u1ee9u m\u00f4 h\u00ecnh c\u1eaft b\u1ed5 c\u1ee7a b\u1ed9 l\u1ecdc s\u1ea5y - HTI Scientific<\/title>\n<meta name=\"description\" content=\"Thi\u1ebft b\u1ecb nghi\u00ean c\u1ee9u m\u00f4 h\u00ecnh c\u1eaft b\u1ed5 c\u1ee7a b\u1ed9 l\u1ecdc s\u1ea5y cho ph\u00e9p quan s\u00e1t c\u00e1c b\u1ed9 ph\u00e2n b\u00ean trong c\u1ee7a b\u1ed9 l\u1ecdc s\u1ea5y. Bao g\u1ed3m: b\u1ed9 l\u1ecdc s\u1ea5y, thi\u1ebft b\u1ecb DFCM...\" \/>\n<meta name=\"robots\" content=\"index, follow, max-snippet:-1, max-image-preview:large, max-video-preview:-1\" \/>\n<link rel=\"canonical\" href=\"https:\/\/htiscientific.vn\/en\/product\/thiet-bi-nghien-cuu-mo-hinh-cat-bo-cua-bo-loc-say\/\" \/>\n<meta property=\"og:locale\" content=\"en_US\" \/>\n<meta property=\"og:type\" content=\"article\" \/>\n<meta property=\"og:title\" content=\"Thi\u1ebft b\u1ecb nghi\u00ean c\u1ee9u m\u00f4 h\u00ecnh c\u1eaft b\u1ed5 c\u1ee7a b\u1ed9 l\u1ecdc s\u1ea5y - HTI Scientific\" \/>\n<meta property=\"og:description\" content=\"Thi\u1ebft b\u1ecb nghi\u00ean c\u1ee9u m\u00f4 h\u00ecnh c\u1eaft b\u1ed5 c\u1ee7a b\u1ed9 l\u1ecdc s\u1ea5y cho ph\u00e9p quan s\u00e1t c\u00e1c b\u1ed9 ph\u00e2n b\u00ean trong c\u1ee7a b\u1ed9 l\u1ecdc s\u1ea5y. Bao g\u1ed3m: b\u1ed9 l\u1ecdc s\u1ea5y, thi\u1ebft b\u1ecb DFCM...\" \/>\n<meta property=\"og:url\" content=\"https:\/\/htiscientific.vn\/en\/product\/thiet-bi-nghien-cuu-mo-hinh-cat-bo-cua-bo-loc-say\/\" \/>\n<meta property=\"og:site_name\" content=\"HTI Scientific\" \/>\n<meta property=\"article:publisher\" content=\"https:\/\/www.facebook.com\/htiscientific.vn\" \/>\n<meta property=\"og:image\" content=\"https:\/\/htiscientific.vn\/wp-content\/uploads\/2025\/06\/7.jpg\" \/>\n\t<meta property=\"og:image:width\" content=\"1000\" \/>\n\t<meta property=\"og:image:height\" content=\"1000\" \/>\n\t<meta property=\"og:image:type\" content=\"image\/jpeg\" \/>\n<meta name=\"twitter:card\" content=\"summary_large_image\" \/>\n<meta name=\"twitter:label1\" content=\"Est. reading time\" \/>\n\t<meta name=\"twitter:data1\" content=\"2 minutes\" \/>\n<script type=\"application\/ld+json\" class=\"yoast-schema-graph\">{\"@context\":\"https:\/\/schema.org\",\"@graph\":[{\"@type\":\"WebPage\",\"@id\":\"https:\/\/htiscientific.vn\/san-pham\/thiet-bi-nghien-cuu-mo-hinh-cat-bo-cua-bo-loc-say\/\",\"url\":\"https:\/\/htiscientific.vn\/san-pham\/thiet-bi-nghien-cuu-mo-hinh-cat-bo-cua-bo-loc-say\/\",\"name\":\"Thi\u1ebft b\u1ecb nghi\u00ean c\u1ee9u m\u00f4 h\u00ecnh c\u1eaft b\u1ed5 c\u1ee7a b\u1ed9 l\u1ecdc s\u1ea5y - HTI Scientific\",\"isPartOf\":{\"@id\":\"https:\/\/htiscientific.vn\/#website\"},\"primaryImageOfPage\":{\"@id\":\"https:\/\/htiscientific.vn\/san-pham\/thiet-bi-nghien-cuu-mo-hinh-cat-bo-cua-bo-loc-say\/#primaryimage\"},\"image\":{\"@id\":\"https:\/\/htiscientific.vn\/san-pham\/thiet-bi-nghien-cuu-mo-hinh-cat-bo-cua-bo-loc-say\/#primaryimage\"},\"thumbnailUrl\":\"https:\/\/htiscientific.vn\/wp-content\/uploads\/2025\/06\/7.jpg\",\"datePublished\":\"2025-06-24T04:48:50+00:00\",\"description\":\"Thi\u1ebft b\u1ecb nghi\u00ean c\u1ee9u m\u00f4 h\u00ecnh c\u1eaft b\u1ed5 c\u1ee7a b\u1ed9 l\u1ecdc s\u1ea5y cho ph\u00e9p quan s\u00e1t c\u00e1c b\u1ed9 ph\u00e2n b\u00ean trong c\u1ee7a b\u1ed9 l\u1ecdc s\u1ea5y. Bao g\u1ed3m: b\u1ed9 l\u1ecdc s\u1ea5y, thi\u1ebft b\u1ecb DFCM...\",\"breadcrumb\":{\"@id\":\"https:\/\/htiscientific.vn\/san-pham\/thiet-bi-nghien-cuu-mo-hinh-cat-bo-cua-bo-loc-say\/#breadcrumb\"},\"inLanguage\":\"en-US\",\"potentialAction\":[{\"@type\":\"ReadAction\",\"target\":[\"https:\/\/htiscientific.vn\/san-pham\/thiet-bi-nghien-cuu-mo-hinh-cat-bo-cua-bo-loc-say\/\"]}]},{\"@type\":\"ImageObject\",\"inLanguage\":\"en-US\",\"@id\":\"https:\/\/htiscientific.vn\/san-pham\/thiet-bi-nghien-cuu-mo-hinh-cat-bo-cua-bo-loc-say\/#primaryimage\",\"url\":\"https:\/\/htiscientific.vn\/wp-content\/uploads\/2025\/06\/7.jpg\",\"contentUrl\":\"https:\/\/htiscientific.vn\/wp-content\/uploads\/2025\/06\/7.jpg\",\"width\":1000,\"height\":1000,\"caption\":\"bo-loc-say\"},{\"@type\":\"BreadcrumbList\",\"@id\":\"https:\/\/htiscientific.vn\/san-pham\/thiet-bi-nghien-cuu-mo-hinh-cat-bo-cua-bo-loc-say\/#breadcrumb\",\"itemListElement\":[{\"@type\":\"ListItem\",\"position\":1,\"name\":\"Trang ch\u1ee7\",\"item\":\"https:\/\/htiscientific.vn\/\"},{\"@type\":\"ListItem\",\"position\":2,\"name\":\"C\u1eeda h\u00e0ng\",\"item\":\"https:\/\/htiscientific.vn\/cua-hang\/\"},{\"@type\":\"ListItem\",\"position\":3,\"name\":\"Thi\u1ebft b\u1ecb gi\u00e1o d\u1ee5c\",\"item\":\"https:\/\/htiscientific.vn\/danh-muc-san-pham\/thiet-bi-giao-duc\/\"},{\"@type\":\"ListItem\",\"position\":4,\"name\":\"Nhi\u1ec7t \u0111\u1ed9ng l\u1ef1c h\u1ecdc v\u00e0 k\u1ef9 thu\u1eadt nhi\u1ec7t\",\"item\":\"https:\/\/htiscientific.vn\/danh-muc-san-pham\/thiet-bi-giao-duc\/nhiet-dong-luc-hoc-va-ky-thuat-nhiet\/\"},{\"@type\":\"ListItem\",\"position\":5,\"name\":\"Thi\u1ebft b\u1ecb nghi\u00ean c\u1ee9u m\u00f4 h\u00ecnh c\u1eaft b\u1ed5 c\u1ee7a b\u1ed9 l\u1ecdc s\u1ea5y\"}]},{\"@type\":\"WebSite\",\"@id\":\"https:\/\/htiscientific.vn\/#website\",\"url\":\"https:\/\/htiscientific.vn\/\",\"name\":\"HTI Scientific\",\"description\":\"HTI Scientific\",\"publisher\":{\"@id\":\"https:\/\/htiscientific.vn\/#organization\"},\"potentialAction\":[{\"@type\":\"SearchAction\",\"target\":{\"@type\":\"EntryPoint\",\"urlTemplate\":\"https:\/\/htiscientific.vn\/?s={search_term_string}\"},\"query-input\":{\"@type\":\"PropertyValueSpecification\",\"valueRequired\":true,\"valueName\":\"search_term_string\"}}],\"inLanguage\":\"en-US\"},{\"@type\":\"Organization\",\"@id\":\"https:\/\/htiscientific.vn\/#organization\",\"name\":\"HTI Scientific\",\"alternateName\":\"HTI Scientific\",\"url\":\"https:\/\/htiscientific.vn\/\",\"logo\":{\"@type\":\"ImageObject\",\"inLanguage\":\"en-US\",\"@id\":\"https:\/\/htiscientific.vn\/#\/schema\/logo\/image\/\",\"url\":\"https:\/\/htiscientific.vn\/wp-content\/uploads\/2025\/03\/ava-hti-copy.jpg\",\"contentUrl\":\"https:\/\/htiscientific.vn\/wp-content\/uploads\/2025\/03\/ava-hti-copy.jpg\",\"width\":700,\"height\":450,\"caption\":\"HTI Scientific\"},\"image\":{\"@id\":\"https:\/\/htiscientific.vn\/#\/schema\/logo\/image\/\"},\"sameAs\":[\"https:\/\/www.facebook.com\/htiscientific.vn\"]}]}<\/script>\n<!-- \/ Yoast SEO plugin. -->","yoast_head_json":{"title":"Thi\u1ebft b\u1ecb nghi\u00ean c\u1ee9u m\u00f4 h\u00ecnh c\u1eaft b\u1ed5 c\u1ee7a b\u1ed9 l\u1ecdc s\u1ea5y - HTI Scientific","description":"Thi\u1ebft b\u1ecb nghi\u00ean c\u1ee9u m\u00f4 h\u00ecnh c\u1eaft b\u1ed5 c\u1ee7a b\u1ed9 l\u1ecdc s\u1ea5y cho ph\u00e9p quan s\u00e1t c\u00e1c b\u1ed9 ph\u00e2n b\u00ean trong c\u1ee7a b\u1ed9 l\u1ecdc s\u1ea5y. Bao g\u1ed3m: b\u1ed9 l\u1ecdc s\u1ea5y, thi\u1ebft b\u1ecb DFCM...","robots":{"index":"index","follow":"follow","max-snippet":"max-snippet:-1","max-image-preview":"max-image-preview:large","max-video-preview":"max-video-preview:-1"},"canonical":"https:\/\/htiscientific.vn\/en\/product\/thiet-bi-nghien-cuu-mo-hinh-cat-bo-cua-bo-loc-say\/","og_locale":"en_US","og_type":"article","og_title":"Thi\u1ebft b\u1ecb nghi\u00ean c\u1ee9u m\u00f4 h\u00ecnh c\u1eaft b\u1ed5 c\u1ee7a b\u1ed9 l\u1ecdc s\u1ea5y - HTI Scientific","og_description":"Thi\u1ebft b\u1ecb nghi\u00ean c\u1ee9u m\u00f4 h\u00ecnh c\u1eaft b\u1ed5 c\u1ee7a b\u1ed9 l\u1ecdc s\u1ea5y cho ph\u00e9p quan s\u00e1t c\u00e1c b\u1ed9 ph\u00e2n b\u00ean trong c\u1ee7a b\u1ed9 l\u1ecdc s\u1ea5y. Bao g\u1ed3m: b\u1ed9 l\u1ecdc s\u1ea5y, thi\u1ebft b\u1ecb DFCM...","og_url":"https:\/\/htiscientific.vn\/en\/product\/thiet-bi-nghien-cuu-mo-hinh-cat-bo-cua-bo-loc-say\/","og_site_name":"HTI Scientific","article_publisher":"https:\/\/www.facebook.com\/htiscientific.vn","og_image":[{"width":1000,"height":1000,"url":"https:\/\/htiscientific.vn\/wp-content\/uploads\/2025\/06\/7.jpg","type":"image\/jpeg"}],"twitter_card":"summary_large_image","twitter_misc":{"Est. reading time":"2 minutes"},"schema":{"@context":"https:\/\/schema.org","@graph":[{"@type":"WebPage","@id":"https:\/\/htiscientific.vn\/san-pham\/thiet-bi-nghien-cuu-mo-hinh-cat-bo-cua-bo-loc-say\/","url":"https:\/\/htiscientific.vn\/san-pham\/thiet-bi-nghien-cuu-mo-hinh-cat-bo-cua-bo-loc-say\/","name":"Thi\u1ebft b\u1ecb nghi\u00ean c\u1ee9u m\u00f4 h\u00ecnh c\u1eaft b\u1ed5 c\u1ee7a b\u1ed9 l\u1ecdc s\u1ea5y - HTI Scientific","isPartOf":{"@id":"https:\/\/htiscientific.vn\/#website"},"primaryImageOfPage":{"@id":"https:\/\/htiscientific.vn\/san-pham\/thiet-bi-nghien-cuu-mo-hinh-cat-bo-cua-bo-loc-say\/#primaryimage"},"image":{"@id":"https:\/\/htiscientific.vn\/san-pham\/thiet-bi-nghien-cuu-mo-hinh-cat-bo-cua-bo-loc-say\/#primaryimage"},"thumbnailUrl":"https:\/\/htiscientific.vn\/wp-content\/uploads\/2025\/06\/7.jpg","datePublished":"2025-06-24T04:48:50+00:00","description":"Thi\u1ebft b\u1ecb nghi\u00ean c\u1ee9u m\u00f4 h\u00ecnh c\u1eaft b\u1ed5 c\u1ee7a b\u1ed9 l\u1ecdc s\u1ea5y cho ph\u00e9p quan s\u00e1t c\u00e1c b\u1ed9 ph\u00e2n b\u00ean trong c\u1ee7a b\u1ed9 l\u1ecdc s\u1ea5y. Bao g\u1ed3m: b\u1ed9 l\u1ecdc s\u1ea5y, thi\u1ebft b\u1ecb DFCM...","breadcrumb":{"@id":"https:\/\/htiscientific.vn\/san-pham\/thiet-bi-nghien-cuu-mo-hinh-cat-bo-cua-bo-loc-say\/#breadcrumb"},"inLanguage":"en-US","potentialAction":[{"@type":"ReadAction","target":["https:\/\/htiscientific.vn\/san-pham\/thiet-bi-nghien-cuu-mo-hinh-cat-bo-cua-bo-loc-say\/"]}]},{"@type":"ImageObject","inLanguage":"en-US","@id":"https:\/\/htiscientific.vn\/san-pham\/thiet-bi-nghien-cuu-mo-hinh-cat-bo-cua-bo-loc-say\/#primaryimage","url":"https:\/\/htiscientific.vn\/wp-content\/uploads\/2025\/06\/7.jpg","contentUrl":"https:\/\/htiscientific.vn\/wp-content\/uploads\/2025\/06\/7.jpg","width":1000,"height":1000,"caption":"bo-loc-say"},{"@type":"BreadcrumbList","@id":"https:\/\/htiscientific.vn\/san-pham\/thiet-bi-nghien-cuu-mo-hinh-cat-bo-cua-bo-loc-say\/#breadcrumb","itemListElement":[{"@type":"ListItem","position":1,"name":"Trang ch\u1ee7","item":"https:\/\/htiscientific.vn\/"},{"@type":"ListItem","position":2,"name":"C\u1eeda h\u00e0ng","item":"https:\/\/htiscientific.vn\/cua-hang\/"},{"@type":"ListItem","position":3,"name":"Thi\u1ebft b\u1ecb gi\u00e1o d\u1ee5c","item":"https:\/\/htiscientific.vn\/danh-muc-san-pham\/thiet-bi-giao-duc\/"},{"@type":"ListItem","position":4,"name":"Nhi\u1ec7t \u0111\u1ed9ng l\u1ef1c h\u1ecdc v\u00e0 k\u1ef9 thu\u1eadt nhi\u1ec7t","item":"https:\/\/htiscientific.vn\/danh-muc-san-pham\/thiet-bi-giao-duc\/nhiet-dong-luc-hoc-va-ky-thuat-nhiet\/"},{"@type":"ListItem","position":5,"name":"Thi\u1ebft b\u1ecb nghi\u00ean c\u1ee9u m\u00f4 h\u00ecnh c\u1eaft b\u1ed5 c\u1ee7a b\u1ed9 l\u1ecdc s\u1ea5y"}]},{"@type":"WebSite","@id":"https:\/\/htiscientific.vn\/#website","url":"https:\/\/htiscientific.vn\/","name":"HTI Scientific","description":"HTI Scientific","publisher":{"@id":"https:\/\/htiscientific.vn\/#organization"},"potentialAction":[{"@type":"SearchAction","target":{"@type":"EntryPoint","urlTemplate":"https:\/\/htiscientific.vn\/?s={search_term_string}"},"query-input":{"@type":"PropertyValueSpecification","valueRequired":true,"valueName":"search_term_string"}}],"inLanguage":"en-US"},{"@type":"Organization","@id":"https:\/\/htiscientific.vn\/#organization","name":"HTI Scientific","alternateName":"HTI Scientific","url":"https:\/\/htiscientific.vn\/","logo":{"@type":"ImageObject","inLanguage":"en-US","@id":"https:\/\/htiscientific.vn\/#\/schema\/logo\/image\/","url":"https:\/\/htiscientific.vn\/wp-content\/uploads\/2025\/03\/ava-hti-copy.jpg","contentUrl":"https:\/\/htiscientific.vn\/wp-content\/uploads\/2025\/03\/ava-hti-copy.jpg","width":700,"height":450,"caption":"HTI Scientific"},"image":{"@id":"https:\/\/htiscientific.vn\/#\/schema\/logo\/image\/"},"sameAs":["https:\/\/www.facebook.com\/htiscientific.vn"]}]}},"_links":{"self":[{"href":"https:\/\/htiscientific.vn\/en\/wp-json\/wp\/v2\/product\/1808","targetHints":{"allow":["GET"]}}],"collection":[{"href":"https:\/\/htiscientific.vn\/en\/wp-json\/wp\/v2\/product"}],"about":[{"href":"https:\/\/htiscientific.vn\/en\/wp-json\/wp\/v2\/types\/product"}],"wp:featuredmedia":[{"embeddable":true,"href":"https:\/\/htiscientific.vn\/en\/wp-json\/wp\/v2\/media\/1787"}],"wp:attachment":[{"href":"https:\/\/htiscientific.vn\/en\/wp-json\/wp\/v2\/media?parent=1808"}],"wp:term":[{"taxonomy":"product_brand","embeddable":true,"href":"https:\/\/htiscientific.vn\/en\/wp-json\/wp\/v2\/product_brand?post=1808"},{"taxonomy":"product_cat","embeddable":true,"href":"https:\/\/htiscientific.vn\/en\/wp-json\/wp\/v2\/product_cat?post=1808"},{"taxonomy":"product_tag","embeddable":true,"href":"https:\/\/htiscientific.vn\/en\/wp-json\/wp\/v2\/product_tag?post=1808"}],"curies":[{"name":"wp","href":"https:\/\/api.w.org\/{rel}","templated":true}]}}