{"id":1807,"date":"2025-06-24T11:44:15","date_gmt":"2025-06-24T04:44:15","guid":{"rendered":"https:\/\/htiscientific.vn\/?post_type=product&#038;p=1807"},"modified":"2025-06-24T11:44:15","modified_gmt":"2025-06-24T04:44:15","slug":"ban-thu-nghiem-dong-co-2-2-kw-dieu-khien-bang-may-tinh","status":"publish","type":"product","link":"https:\/\/htiscientific.vn\/en\/product\/ban-thu-nghiem-dong-co-2-2-kw-dieu-khien-bang-may-tinh\/","title":{"rendered":"B\u00e0n th\u1eed nghi\u1ec7m \u0111\u1ed9ng c\u01a1 2.2 kW \u0111i\u1ec1u khi\u1ec3n b\u1eb1ng m\u00e1y t\u00ednh"},"content":{"rendered":"<p><span style=\"color: #000000;\">B\u00e0n th\u1eed nghi\u1ec7m \u0111\u1ed9ng c\u01a1 2.2 kW (TBMC3 &#8211; Computer Controlled Test Bench for 2.2 kW Engines) do EDIBON thi\u1ebft k\u1ebf, l\u00e0 thi\u1ebft b\u1ecb gi\u1ea3ng d\u1ea1y d\u00f9ng \u0111\u1ec3 ki\u1ec3m tra c\u00e1c \u0111\u1ed9ng c\u01a1 \u0111\u1ed1t trong c\u00f3 c\u00f4ng su\u1ea5t l\u00ean \u0111\u1ebfn 2.2 kW.<\/span><\/p>\n<p><span style=\"color: #000000;\"><strong>Thi\u1ebft b\u1ecb TBMC3:<\/strong><\/span><\/p>\n<p><span style=\"color: #000000;\">B\u00e0n th\u1eed nghi\u1ec7m \u0111\u1ed9ng c\u01a1 \u0111\u1ed1t trong c\u00f4ng su\u1ea5t l\u00ean \u0111\u1ebfn 2.2 kW, c\u00f3 b\u00e1nh xe \u0111\u1ec3 d\u1ec5 d\u00e0ng di chuy\u1ec3n:<\/span><\/p>\n<ul>\n<li><span style=\"color: #000000;\">Khung b\u1eb1ng nh\u00f4m anot h\u00f3a v\u00e0 c\u00e1c t\u1ea5m panel b\u1eb1ng th\u00e9p s\u01a1n t\u0129nh \u0111i\u1ec7n.<\/span><\/li>\n<li><span style=\"color: #000000;\">C\u00e1c b\u1ed9 ph\u1eadn kim lo\u1ea1i ch\u00ednh \u0111\u01b0\u1ee3c l\u00e0m b\u1eb1ng th\u00e9p kh\u00f4ng g\u1ec9.<\/span><\/li>\n<li><span style=\"color: #000000;\">S\u01a1 \u0111\u1ed3 b\u1ed1 tr\u00ed c\u00e1c th\u00e0nh ph\u1ea7n \u0111\u01b0\u1ee3c in tr\u00ean b\u1ea3ng \u0111i\u1ec1u khi\u1ec3n ph\u00eda tr\u01b0\u1edbc, t\u01b0\u01a1ng t\u1ef1 nh\u01b0 h\u1ec7 th\u1ed1ng th\u1ef1c t\u1ebf.<\/span><\/li>\n<li><span style=\"color: #000000;\">\u0110\u1ebf l\u1eafp \u0111\u1ed9ng c\u01a1 th\u1eed nghi\u1ec7m c\u00f3 thi\u1ebft b\u1ecb gi\u1ea3m rung.<\/span><\/li>\n<li><span style=\"color: #000000;\">C\u00e1c t\u1ea5m ch\u1eafn trong su\u1ed1t cho ph\u00e9p quan s\u00e1t qu\u00e1 tr\u00ecnh v\u1eadn h\u00e0nh c\u1ee7a thi\u1ebft b\u1ecb.<\/span><\/li>\n<\/ul>\n<p><span style=\"color: #000000;\"><strong>\u0110\u1ed9ng c\u01a1 \u0111i\u1ec7n \u0111i\u1ec1u khi\u1ec3n b\u1eb1ng m\u00e1y t\u00ednh<\/strong> \u0111\u1ec3 t\u1ea1o t\u1ea3i:<\/span><\/p>\n<ul>\n<li><span style=\"color: #000000;\">M\u00f4-men xo\u1eafn phanh: 8 N\u00b7m.<\/span><\/li>\n<li><span style=\"color: #000000;\">T\u1ed1c \u0111\u1ed9 t\u1ed1i \u0111a: 3600 rpm.<\/span><\/li>\n<li><span style=\"color: #000000;\">\u0110\u1ed9ng c\u01a1 n\u00e0y c\u0169ng ho\u1ea1t \u0111\u1ed9ng nh\u01b0 b\u1ed9 kh\u1edfi \u0111\u1ed9ng \u0111\u1ed9ng c\u01a1 \u0111\u1ed1t trong.<\/span><\/li>\n<li><span style=\"color: #000000;\">Truy\u1ec1n \u0111\u1ed9ng gi\u1eefa \u0111\u1ed9ng c\u01a1 \u0111\u1ed1t trong v\u00e0 phanh th\u00f4ng qua kh\u1edbp n\u1ed1i \u0111\u00e0n h\u1ed3i.<\/span><\/li>\n<li><span style=\"color: #000000;\">\u0110i\u1ec1u khi\u1ec3n gia t\u1ed1c c\u1ee7a \u0111\u1ed9ng c\u01a1 \u0111\u1ed1t trong th\u00f4ng qua van nhi\u00ean li\u1ec7u \u0111i\u1ec1u khi\u1ec3n b\u1eb1ng m\u00e1y t\u00ednh (t\u0103ng\/gi\u1ea3m t\u1ed1c).<\/span><\/li>\n<\/ul>\n<p><span style=\"color: #000000;\">B\u00ecnh nhi\u00ean li\u1ec7u dung t\u00edch 5 l\u00edt: d\u00f9ng cho x\u0103ng ho\u1eb7c d\u1ea7u diesel (t\u00f9y thu\u1ed9c v\u00e0o lo\u1ea1i \u0111\u1ed9ng c\u01a1 th\u1eed nghi\u1ec7m \u0111\u01b0\u1ee3c mua).<\/span><\/p>\n<p><span style=\"color: #000000;\"><strong>M\u1ea1ch kh\u00ed n\u1ea1p:<\/strong><\/span><\/p>\n<ul>\n<li><span style=\"color: #000000;\">B\u1ed9 l\u1ecdc kh\u00ed.<\/span><\/li>\n<li><span style=\"color: #000000;\">\u1ed0ng k\u1ebft n\u1ed1i nhanh \u0111\u01b0\u1eddng k\u00ednh 40 mm.<\/span><\/li>\n<\/ul>\n<p><span style=\"color: #000000;\"><strong>M\u1ea1ch kh\u00ed th\u1ea3i:<\/strong><\/span><\/p>\n<ul>\n<li><span style=\"color: #000000;\">\u1ed0ng k\u1ebft n\u1ed1i nhanh \u0111\u01b0\u1eddng k\u00ednh 40 mm.<\/span><\/li>\n<\/ul>\n<p><span style=\"color: #000000;\"><strong>H\u1ec7 th\u1ed1ng \u0111o l\u01b0\u1eddng:<\/strong><\/span><\/p>\n<ul>\n<li><span style=\"color: #000000;\">C\u1ea3m bi\u1ebfn t\u1ed1c \u0111\u1ed9 \u0111o t\u1ed1c \u0111\u1ed9 quay c\u1ee7a \u0111\u1ed9ng c\u01a1, ph\u1ea1m vi: 0 \u2013 6000 rpm.<\/span><\/li>\n<li><span style=\"color: #000000;\">\u0110o m\u00f4-men xo\u1eafn phanh c\u1ee7a \u0111\u1ed9ng c\u01a1 \u0111i\u1ec7n.<\/span><\/li>\n<li><span style=\"color: #000000;\">4 c\u1ea3m bi\u1ebfn nhi\u1ec7t \u0111\u1ed9 lo\u1ea1i \u201cJ\u201d t\u1ea1i c\u00e1c v\u1ecb tr\u00ed:<\/span>\n<ul>\n<li><span style=\"color: #000000;\">Nhi\u1ec7t \u0111\u1ed9 kh\u00ed n\u1ea1p.<\/span><\/li>\n<li><span style=\"color: #000000;\">Nhi\u1ec7t \u0111\u1ed9 kh\u00ed th\u1ea3i.<\/span><\/li>\n<li><span style=\"color: #000000;\">Nhi\u1ec7t \u0111\u1ed9 nhi\u00ean li\u1ec7u.<\/span><\/li>\n<li><span style=\"color: #000000;\">Nhi\u1ec7t \u0111\u1ed9 d\u1ea7u b\u00f4i tr\u01a1n \u0111\u1ed9ng c\u01a1.<\/span><\/li>\n<\/ul>\n<\/li>\n<li><span style=\"color: #000000;\">L\u01b0u l\u01b0\u1ee3ng k\u1ebf \u0111o m\u1ee9c ti\u00eau th\u1ee5 nhi\u00ean li\u1ec7u (t\u00f9y thu\u1ed9c v\u00e0o lo\u1ea1i \u0111\u1ed9ng c\u01a1 th\u1eed nghi\u1ec7m), ph\u1ea1m vi: 2 \u2013 30 ml\/ph\u00fat.<\/span><\/li>\n<li><span style=\"color: #000000;\">2 c\u1ea3m bi\u1ebfn l\u01b0u l\u01b0\u1ee3ng \u0111o:<\/span>\n<ul>\n<li><span style=\"color: #000000;\">L\u01b0u l\u01b0\u1ee3ng kh\u00ed n\u1ea1p v\u00e0o \u0111\u1ed9ng c\u01a1, ph\u1ea1m vi: 0 \u2013 300 m\u00b3\/h.<\/span><\/li>\n<li><span style=\"color: #000000;\">L\u01b0u l\u01b0\u1ee3ng kh\u00ed th\u1ea3i, ph\u1ea1m vi: 0 \u2013 300 m\u00b3\/h.<\/span><\/li>\n<\/ul>\n<\/li>\n<li><span style=\"color: #000000;\">\u0110\u1ec3 t\u00ednh to\u00e1n ch\u00ednh x\u00e1c c\u00f4ng su\u1ea5t \u0111\u1ed9ng c\u01a1, c\u1ea7n \u0111o c\u00e1c \u0111i\u1ec1u ki\u1ec7n m\u00f4i tr\u01b0\u1eddng v\u1edbi:<\/span>\n<ul>\n<li><span style=\"color: #000000;\">C\u1ea3m bi\u1ebfn nhi\u1ec7t \u0111\u1ed9 lo\u1ea1i \u201cJ\u201d.<\/span><\/li>\n<li><span style=\"color: #000000;\">C\u1ea3m bi\u1ebfn \u00e1p su\u1ea5t, ph\u1ea1m vi: 0 \u2013 1 bar.<\/span><\/li>\n<\/ul>\n<\/li>\n<\/ul>\n<p><span style=\"color: #000000;\"><strong>H\u1ec7 th\u1ed1ng an to\u00e0n:<\/strong><\/span><\/p>\n<ul>\n<li><span style=\"color: #000000;\">C\u1ea3nh b\u00e1o gi\u1edbi h\u1ea1n nhi\u1ec7t \u0111\u1ed9.<\/span><\/li>\n<li><span style=\"color: #000000;\">C\u00f4ng t\u1eafc gi\u1edbi h\u1ea1n ki\u1ec3m so\u00e1t khi b\u1ea5t k\u1ef3 t\u1ea5m b\u1ea3o v\u1ec7 n\u00e0o b\u1ecb m\u1edf.<\/span><\/li>\n<li><span style=\"color: #000000;\">B\u1ea3o v\u1ec7 th\u00ednh gi\u00e1c c\u00e1 nh\u00e2n cho ng\u01b0\u1eddi s\u1eed d\u1ee5ng trong qu\u00e1 tr\u00ecnh th\u1ef1c h\u00e0nh.<\/span><\/li>\n<\/ul>\n<p><span style=\"color: #000000;\"><strong>Ph\u1ea7n m\u1ec1m thu th\u1eadp v\u00e0 \u0111i\u1ec1u khi\u1ec3n d\u1eef li\u1ec7u (DAQ) c\u1ee7a thi\u1ebft b\u1ecb TBMC3<\/strong> cho ph\u00e9p:<\/span><\/p>\n<ul>\n<li><span style=\"color: #000000;\">T\u00ednh to\u00e1n c\u00e1c \u0111\u1ea1i l\u01b0\u1ee3ng \u0111\u1eb7c tr\u01b0ng: c\u00f4ng su\u1ea5t c\u1ee7a \u0111\u1ed9ng c\u01a1 \u0111\u1ed1t trong.<\/span><\/li>\n<li><span style=\"color: #000000;\">Bi\u1ec3u di\u1ec5n c\u00e1c \u0111\u01b0\u1eddng \u0111\u1eb7c t\u00ednh c\u1ee7a \u0111\u1ed9ng c\u01a1: m\u00f4-men xo\u1eafn ho\u1eb7c c\u00f4ng su\u1ea5t theo t\u1ed1c \u0111\u1ed9 \u0111\u1ed9ng c\u01a1.<\/span><\/li>\n<li><span style=\"color: #000000;\">Hi\u1ec3n th\u1ecb bi\u1ec3u \u0111\u1ed3 c\u00e1c \u0111\u1ea1i l\u01b0\u1ee3ng \u0111o v\u00e0 t\u00ednh to\u00e1n trong th\u1eddi gian th\u1ef1c.<\/span><\/li>\n<li><span style=\"color: #000000;\">Ghi l\u1ea1i d\u1eef li\u1ec7u \u0111o theo th\u1eddi gian v\u00e0 xu\u1ea5t file t\u01b0\u01a1ng th\u00edch v\u1edbi c\u00e1c \u1ee9ng d\u1ee5ng b\u1ea3ng t\u00ednh.<\/span><\/li>\n<\/ul>\n<p><span style=\"color: #000000;\"><strong>Thi\u1ebft b\u1ecb bao g\u1ed3m:<\/strong><\/span><\/p>\n<ul>\n<li><span style=\"color: #000000;\">H\u1ec7 th\u1ed1ng SCADA th\u1eddi gian th\u1ef1c ti\u00ean ti\u1ebfn.<\/span><\/li>\n<li><span style=\"color: #000000;\">\u0110i\u1ec1u khi\u1ec3n m\u1edf + \u0110i\u1ec1u khi\u1ec3n \u0111a k\u00eanh + \u0110i\u1ec1u khi\u1ec3n th\u1eddi gian th\u1ef1c.<\/span><\/li>\n<li><span style=\"color: #000000;\">Ph\u1ea7n m\u1ec1m \u0111i\u1ec1u khi\u1ec3n chuy\u00ean d\u1ee5ng c\u1ee7a EDIBON d\u1ef1a tr\u00ean LabVIEW.<\/span><\/li>\n<li><span style=\"color: #000000;\">Bo m\u1ea1ch thu th\u1eadp d\u1eef li\u1ec7u c\u1ee7a National Instruments (250 KS\/s \u2013 kilo m\u1eabu\/gi\u00e2y).<\/span><\/li>\n<li><span style=\"color: #000000;\">B\u00e0i th\u1ef1c h\u00e0nh hi\u1ec7u chu\u1ea9n gi\u00fap ng\u01b0\u1eddi d\u00f9ng h\u1ecdc c\u00e1ch hi\u1ec7u chu\u1ea9n c\u1ea3m bi\u1ebfn v\u00e0 ki\u1ec3m tra \u0111\u1ed9 ch\u00ednh x\u00e1c tr\u01b0\u1edbc khi \u0111o.<\/span><\/li>\n<li><span style=\"color: #000000;\">T\u01b0\u01a1ng th\u00edch v\u1edbi m\u00e1y chi\u1ebfu v\u00e0 b\u1ea3ng \u0111i\u1ec7n t\u1eed, thu\u1eadn ti\u1ec7n cho gi\u1ea3ng d\u1ea1y nh\u00f3m l\u1edbn.<\/span><\/li>\n<li><span style=\"color: #000000;\">H\u1ed7 tr\u1ee3 nghi\u00ean c\u1ee9u \u1ee9ng d\u1ee5ng, m\u00f4 ph\u1ecfng c\u00f4ng nghi\u1ec7p th\u1ef1c t\u1ebf v\u00e0 c\u00e1c kh\u00f3a \u0111\u00e0o t\u1ea1o.<\/span><\/li>\n<li><span style=\"color: #000000;\">\u0110i\u1ec1u khi\u1ec3n v\u00e0 v\u1eadn h\u00e0nh t\u1eeb xa cho ng\u01b0\u1eddi d\u00f9ng v\u00e0 h\u1ed7 tr\u1ee3 k\u1ef9 thu\u1eadt t\u1eeb EDIBON.<\/span><\/li>\n<li><span style=\"color: #000000;\">An to\u00e0n tuy\u1ec7t \u0111\u1ed1i v\u1edbi 4 h\u1ec7 th\u1ed1ng an to\u00e0n (C\u01a1 kh\u00ed, \u0110i\u1ec7n, \u0110i\u1ec7n t\u1eed v\u00e0 Ph\u1ea7n m\u1ec1m).<\/span><\/li>\n<li><span style=\"color: #000000;\">T\u00f9y ch\u1ecdn ph\u1ea7n m\u1ec1m ICAI \u0111\u1ec3 t\u1ea1o, ch\u1ec9nh s\u1eeda v\u00e0 th\u1ef1c hi\u1ec7n c\u00e1c b\u00e0i th\u1ef1c h\u00e0nh, b\u00e0i ki\u1ec3m tra, t\u00ednh to\u00e1n, \u0111\u1ed3ng th\u1eddi gi\u00e1m s\u00e1t ti\u1ebfn \u0111\u1ed9 h\u1ecdc t\u1eadp c\u1ee7a ng\u01b0\u1eddi d\u00f9ng.<\/span><\/li>\n<\/ul>\n<p><span style=\"color: #000000;\">Thi\u1ebft b\u1ecb n\u00e0y \u0111\u01b0\u1ee3c thi\u1ebft k\u1ebf \u0111\u1ec3 m\u1edf r\u1ed9ng v\u00e0 t\u00edch h\u1ee3p trong t\u01b0\u01a1ng lai. M\u1ed9t m\u1edf r\u1ed9ng ph\u1ed5 bi\u1ebfn l\u00e0 H\u1ec7 th\u1ed1ng Scada-Net (ESN) c\u1ee7a EDIBON, cho ph\u00e9p nhi\u1ec1u sinh vi\u00ean v\u1eadn h\u00e0nh \u0111\u1ed3ng th\u1eddi nhi\u1ec1u thi\u1ebft b\u1ecb tr\u00ean c\u00f9ng m\u1ed9t m\u1ea1ng.<\/span><\/p>","protected":false},"excerpt":{"rendered":"<p><span style=\"color: #000000;\">B\u00e0n th\u1eed nghi\u1ec7m \u0111\u1ed9ng c\u01a1 2.2 kW (TBMC3 &#8211; Computer Controlled Test Bench for 2.2 kW Engines) do EDIBON thi\u1ebft k\u1ebf, l\u00e0 thi\u1ebft b\u1ecb gi\u1ea3ng d\u1ea1y d\u00f9ng \u0111\u1ec3 ki\u1ec3m tra c\u00e1c \u0111\u1ed9ng c\u01a1 \u0111\u1ed1t trong c\u00f3 c\u00f4ng su\u1ea5t l\u00ean \u0111\u1ebfn 2.2 kW.<\/span><\/p>","protected":false},"featured_media":1793,"template":"","meta":{"inline_featured_image":false},"product_brand":[47],"product_cat":[92,90],"product_tag":[],"class_list":{"0":"post-1807","1":"product","2":"type-product","3":"status-publish","4":"has-post-thumbnail","6":"product_brand-edibon","7":"product_cat-nhiet-dong-luc-hoc-va-ky-thuat-nhiet","8":"product_cat-thiet-bi-giao-duc","10":"first","11":"instock","12":"shipping-taxable","13":"product-type-simple"},"yoast_head":"<!-- This site is optimized with the Yoast SEO plugin v24.7 - https:\/\/yoast.com\/wordpress\/plugins\/seo\/ -->\n<title>B\u00e0n th\u1eed nghi\u1ec7m \u0111\u1ed9ng c\u01a1 2.2 kW \u0111i\u1ec1u khi\u1ec3n b\u1eb1ng m\u00e1y t\u00ednh - HTI Scientific<\/title>\n<meta name=\"description\" content=\"B\u00e0n th\u1eed nghi\u1ec7m \u0111\u1ed9ng c\u01a1 2.2 kW ki\u1ec3m tra c\u00e1c \u0111\u1ed9ng c\u01a1 \u0111\u1ed1t trong c\u00f4ng su\u1ea5t l\u00ean \u0111\u1ebfn 2.2kW. Bao g\u1ed3m: \u0111\u1ed9ng c\u01a1 \u0111i\u1ec7n \u0111i\u1ec1u khi\u1ebfn b\u1eb1ng m\u00e1y t\u00ednh, m\u1ea1ch kh\u00ed n\u1ea1p...\" \/>\n<meta name=\"robots\" content=\"index, follow, max-snippet:-1, max-image-preview:large, max-video-preview:-1\" \/>\n<link rel=\"canonical\" href=\"https:\/\/htiscientific.vn\/en\/product\/ban-thu-nghiem-dong-co-2-2-kw-dieu-khien-bang-may-tinh\/\" \/>\n<meta property=\"og:locale\" content=\"en_US\" \/>\n<meta property=\"og:type\" content=\"article\" \/>\n<meta property=\"og:title\" content=\"B\u00e0n th\u1eed nghi\u1ec7m \u0111\u1ed9ng c\u01a1 2.2 kW \u0111i\u1ec1u khi\u1ec3n b\u1eb1ng m\u00e1y t\u00ednh - HTI Scientific\" \/>\n<meta property=\"og:description\" content=\"B\u00e0n th\u1eed nghi\u1ec7m \u0111\u1ed9ng c\u01a1 2.2 kW ki\u1ec3m tra c\u00e1c \u0111\u1ed9ng c\u01a1 \u0111\u1ed1t trong c\u00f4ng su\u1ea5t l\u00ean \u0111\u1ebfn 2.2kW. Bao g\u1ed3m: \u0111\u1ed9ng c\u01a1 \u0111i\u1ec7n \u0111i\u1ec1u khi\u1ebfn b\u1eb1ng m\u00e1y t\u00ednh, m\u1ea1ch kh\u00ed n\u1ea1p...\" \/>\n<meta property=\"og:url\" content=\"https:\/\/htiscientific.vn\/en\/product\/ban-thu-nghiem-dong-co-2-2-kw-dieu-khien-bang-may-tinh\/\" \/>\n<meta property=\"og:site_name\" content=\"HTI Scientific\" \/>\n<meta property=\"article:publisher\" content=\"https:\/\/www.facebook.com\/htiscientific.vn\" \/>\n<meta property=\"og:image\" content=\"https:\/\/htiscientific.vn\/wp-content\/uploads\/2025\/06\/13.jpg\" \/>\n\t<meta property=\"og:image:width\" content=\"1000\" \/>\n\t<meta property=\"og:image:height\" content=\"1000\" \/>\n\t<meta property=\"og:image:type\" content=\"image\/jpeg\" \/>\n<meta name=\"twitter:card\" content=\"summary_large_image\" \/>\n<meta name=\"twitter:label1\" content=\"Est. reading time\" \/>\n\t<meta name=\"twitter:data1\" content=\"5 minutes\" \/>\n<script type=\"application\/ld+json\" class=\"yoast-schema-graph\">{\"@context\":\"https:\/\/schema.org\",\"@graph\":[{\"@type\":\"WebPage\",\"@id\":\"https:\/\/htiscientific.vn\/san-pham\/ban-thu-nghiem-dong-co-2-2-kw-dieu-khien-bang-may-tinh\/\",\"url\":\"https:\/\/htiscientific.vn\/san-pham\/ban-thu-nghiem-dong-co-2-2-kw-dieu-khien-bang-may-tinh\/\",\"name\":\"B\u00e0n th\u1eed nghi\u1ec7m \u0111\u1ed9ng c\u01a1 2.2 kW \u0111i\u1ec1u khi\u1ec3n b\u1eb1ng m\u00e1y t\u00ednh - HTI Scientific\",\"isPartOf\":{\"@id\":\"https:\/\/htiscientific.vn\/#website\"},\"primaryImageOfPage\":{\"@id\":\"https:\/\/htiscientific.vn\/san-pham\/ban-thu-nghiem-dong-co-2-2-kw-dieu-khien-bang-may-tinh\/#primaryimage\"},\"image\":{\"@id\":\"https:\/\/htiscientific.vn\/san-pham\/ban-thu-nghiem-dong-co-2-2-kw-dieu-khien-bang-may-tinh\/#primaryimage\"},\"thumbnailUrl\":\"https:\/\/htiscientific.vn\/wp-content\/uploads\/2025\/06\/13.jpg\",\"datePublished\":\"2025-06-24T04:44:15+00:00\",\"description\":\"B\u00e0n th\u1eed nghi\u1ec7m \u0111\u1ed9ng c\u01a1 2.2 kW ki\u1ec3m tra c\u00e1c \u0111\u1ed9ng c\u01a1 \u0111\u1ed1t trong c\u00f4ng su\u1ea5t l\u00ean \u0111\u1ebfn 2.2kW. Bao g\u1ed3m: \u0111\u1ed9ng c\u01a1 \u0111i\u1ec7n \u0111i\u1ec1u khi\u1ebfn b\u1eb1ng m\u00e1y t\u00ednh, m\u1ea1ch kh\u00ed n\u1ea1p...\",\"breadcrumb\":{\"@id\":\"https:\/\/htiscientific.vn\/san-pham\/ban-thu-nghiem-dong-co-2-2-kw-dieu-khien-bang-may-tinh\/#breadcrumb\"},\"inLanguage\":\"en-US\",\"potentialAction\":[{\"@type\":\"ReadAction\",\"target\":[\"https:\/\/htiscientific.vn\/san-pham\/ban-thu-nghiem-dong-co-2-2-kw-dieu-khien-bang-may-tinh\/\"]}]},{\"@type\":\"ImageObject\",\"inLanguage\":\"en-US\",\"@id\":\"https:\/\/htiscientific.vn\/san-pham\/ban-thu-nghiem-dong-co-2-2-kw-dieu-khien-bang-may-tinh\/#primaryimage\",\"url\":\"https:\/\/htiscientific.vn\/wp-content\/uploads\/2025\/06\/13.jpg\",\"contentUrl\":\"https:\/\/htiscientific.vn\/wp-content\/uploads\/2025\/06\/13.jpg\",\"width\":1000,\"height\":1000,\"caption\":\"ban-thu-nghiem-dong-co\"},{\"@type\":\"BreadcrumbList\",\"@id\":\"https:\/\/htiscientific.vn\/san-pham\/ban-thu-nghiem-dong-co-2-2-kw-dieu-khien-bang-may-tinh\/#breadcrumb\",\"itemListElement\":[{\"@type\":\"ListItem\",\"position\":1,\"name\":\"Trang ch\u1ee7\",\"item\":\"https:\/\/htiscientific.vn\/\"},{\"@type\":\"ListItem\",\"position\":2,\"name\":\"C\u1eeda h\u00e0ng\",\"item\":\"https:\/\/htiscientific.vn\/cua-hang\/\"},{\"@type\":\"ListItem\",\"position\":3,\"name\":\"Thi\u1ebft b\u1ecb gi\u00e1o d\u1ee5c\",\"item\":\"https:\/\/htiscientific.vn\/danh-muc-san-pham\/thiet-bi-giao-duc\/\"},{\"@type\":\"ListItem\",\"position\":4,\"name\":\"Nhi\u1ec7t \u0111\u1ed9ng l\u1ef1c h\u1ecdc v\u00e0 k\u1ef9 thu\u1eadt nhi\u1ec7t\",\"item\":\"https:\/\/htiscientific.vn\/danh-muc-san-pham\/thiet-bi-giao-duc\/nhiet-dong-luc-hoc-va-ky-thuat-nhiet\/\"},{\"@type\":\"ListItem\",\"position\":5,\"name\":\"B\u00e0n th\u1eed nghi\u1ec7m \u0111\u1ed9ng c\u01a1 2.2 kW \u0111i\u1ec1u khi\u1ec3n b\u1eb1ng m\u00e1y t\u00ednh\"}]},{\"@type\":\"WebSite\",\"@id\":\"https:\/\/htiscientific.vn\/#website\",\"url\":\"https:\/\/htiscientific.vn\/\",\"name\":\"HTI Scientific\",\"description\":\"HTI Scientific\",\"publisher\":{\"@id\":\"https:\/\/htiscientific.vn\/#organization\"},\"potentialAction\":[{\"@type\":\"SearchAction\",\"target\":{\"@type\":\"EntryPoint\",\"urlTemplate\":\"https:\/\/htiscientific.vn\/?s={search_term_string}\"},\"query-input\":{\"@type\":\"PropertyValueSpecification\",\"valueRequired\":true,\"valueName\":\"search_term_string\"}}],\"inLanguage\":\"en-US\"},{\"@type\":\"Organization\",\"@id\":\"https:\/\/htiscientific.vn\/#organization\",\"name\":\"HTI Scientific\",\"alternateName\":\"HTI Scientific\",\"url\":\"https:\/\/htiscientific.vn\/\",\"logo\":{\"@type\":\"ImageObject\",\"inLanguage\":\"en-US\",\"@id\":\"https:\/\/htiscientific.vn\/#\/schema\/logo\/image\/\",\"url\":\"https:\/\/htiscientific.vn\/wp-content\/uploads\/2025\/03\/ava-hti-copy.jpg\",\"contentUrl\":\"https:\/\/htiscientific.vn\/wp-content\/uploads\/2025\/03\/ava-hti-copy.jpg\",\"width\":700,\"height\":450,\"caption\":\"HTI Scientific\"},\"image\":{\"@id\":\"https:\/\/htiscientific.vn\/#\/schema\/logo\/image\/\"},\"sameAs\":[\"https:\/\/www.facebook.com\/htiscientific.vn\"]}]}<\/script>\n<!-- \/ Yoast SEO plugin. -->","yoast_head_json":{"title":"B\u00e0n th\u1eed nghi\u1ec7m \u0111\u1ed9ng c\u01a1 2.2 kW \u0111i\u1ec1u khi\u1ec3n b\u1eb1ng m\u00e1y t\u00ednh - HTI Scientific","description":"B\u00e0n th\u1eed nghi\u1ec7m \u0111\u1ed9ng c\u01a1 2.2 kW ki\u1ec3m tra c\u00e1c \u0111\u1ed9ng c\u01a1 \u0111\u1ed1t trong c\u00f4ng su\u1ea5t l\u00ean \u0111\u1ebfn 2.2kW. Bao g\u1ed3m: \u0111\u1ed9ng c\u01a1 \u0111i\u1ec7n \u0111i\u1ec1u khi\u1ebfn b\u1eb1ng m\u00e1y t\u00ednh, m\u1ea1ch kh\u00ed n\u1ea1p...","robots":{"index":"index","follow":"follow","max-snippet":"max-snippet:-1","max-image-preview":"max-image-preview:large","max-video-preview":"max-video-preview:-1"},"canonical":"https:\/\/htiscientific.vn\/en\/product\/ban-thu-nghiem-dong-co-2-2-kw-dieu-khien-bang-may-tinh\/","og_locale":"en_US","og_type":"article","og_title":"B\u00e0n th\u1eed nghi\u1ec7m \u0111\u1ed9ng c\u01a1 2.2 kW \u0111i\u1ec1u khi\u1ec3n b\u1eb1ng m\u00e1y t\u00ednh - HTI Scientific","og_description":"B\u00e0n th\u1eed nghi\u1ec7m \u0111\u1ed9ng c\u01a1 2.2 kW ki\u1ec3m tra c\u00e1c \u0111\u1ed9ng c\u01a1 \u0111\u1ed1t trong c\u00f4ng su\u1ea5t l\u00ean \u0111\u1ebfn 2.2kW. Bao g\u1ed3m: \u0111\u1ed9ng c\u01a1 \u0111i\u1ec7n \u0111i\u1ec1u khi\u1ebfn b\u1eb1ng m\u00e1y t\u00ednh, m\u1ea1ch kh\u00ed n\u1ea1p...","og_url":"https:\/\/htiscientific.vn\/en\/product\/ban-thu-nghiem-dong-co-2-2-kw-dieu-khien-bang-may-tinh\/","og_site_name":"HTI Scientific","article_publisher":"https:\/\/www.facebook.com\/htiscientific.vn","og_image":[{"width":1000,"height":1000,"url":"https:\/\/htiscientific.vn\/wp-content\/uploads\/2025\/06\/13.jpg","type":"image\/jpeg"}],"twitter_card":"summary_large_image","twitter_misc":{"Est. reading time":"5 minutes"},"schema":{"@context":"https:\/\/schema.org","@graph":[{"@type":"WebPage","@id":"https:\/\/htiscientific.vn\/san-pham\/ban-thu-nghiem-dong-co-2-2-kw-dieu-khien-bang-may-tinh\/","url":"https:\/\/htiscientific.vn\/san-pham\/ban-thu-nghiem-dong-co-2-2-kw-dieu-khien-bang-may-tinh\/","name":"B\u00e0n th\u1eed nghi\u1ec7m \u0111\u1ed9ng c\u01a1 2.2 kW \u0111i\u1ec1u khi\u1ec3n b\u1eb1ng m\u00e1y t\u00ednh - HTI Scientific","isPartOf":{"@id":"https:\/\/htiscientific.vn\/#website"},"primaryImageOfPage":{"@id":"https:\/\/htiscientific.vn\/san-pham\/ban-thu-nghiem-dong-co-2-2-kw-dieu-khien-bang-may-tinh\/#primaryimage"},"image":{"@id":"https:\/\/htiscientific.vn\/san-pham\/ban-thu-nghiem-dong-co-2-2-kw-dieu-khien-bang-may-tinh\/#primaryimage"},"thumbnailUrl":"https:\/\/htiscientific.vn\/wp-content\/uploads\/2025\/06\/13.jpg","datePublished":"2025-06-24T04:44:15+00:00","description":"B\u00e0n th\u1eed nghi\u1ec7m \u0111\u1ed9ng c\u01a1 2.2 kW ki\u1ec3m tra c\u00e1c \u0111\u1ed9ng c\u01a1 \u0111\u1ed1t trong c\u00f4ng su\u1ea5t l\u00ean \u0111\u1ebfn 2.2kW. Bao g\u1ed3m: \u0111\u1ed9ng c\u01a1 \u0111i\u1ec7n \u0111i\u1ec1u khi\u1ebfn b\u1eb1ng m\u00e1y t\u00ednh, m\u1ea1ch kh\u00ed n\u1ea1p...","breadcrumb":{"@id":"https:\/\/htiscientific.vn\/san-pham\/ban-thu-nghiem-dong-co-2-2-kw-dieu-khien-bang-may-tinh\/#breadcrumb"},"inLanguage":"en-US","potentialAction":[{"@type":"ReadAction","target":["https:\/\/htiscientific.vn\/san-pham\/ban-thu-nghiem-dong-co-2-2-kw-dieu-khien-bang-may-tinh\/"]}]},{"@type":"ImageObject","inLanguage":"en-US","@id":"https:\/\/htiscientific.vn\/san-pham\/ban-thu-nghiem-dong-co-2-2-kw-dieu-khien-bang-may-tinh\/#primaryimage","url":"https:\/\/htiscientific.vn\/wp-content\/uploads\/2025\/06\/13.jpg","contentUrl":"https:\/\/htiscientific.vn\/wp-content\/uploads\/2025\/06\/13.jpg","width":1000,"height":1000,"caption":"ban-thu-nghiem-dong-co"},{"@type":"BreadcrumbList","@id":"https:\/\/htiscientific.vn\/san-pham\/ban-thu-nghiem-dong-co-2-2-kw-dieu-khien-bang-may-tinh\/#breadcrumb","itemListElement":[{"@type":"ListItem","position":1,"name":"Trang ch\u1ee7","item":"https:\/\/htiscientific.vn\/"},{"@type":"ListItem","position":2,"name":"C\u1eeda h\u00e0ng","item":"https:\/\/htiscientific.vn\/cua-hang\/"},{"@type":"ListItem","position":3,"name":"Thi\u1ebft b\u1ecb gi\u00e1o d\u1ee5c","item":"https:\/\/htiscientific.vn\/danh-muc-san-pham\/thiet-bi-giao-duc\/"},{"@type":"ListItem","position":4,"name":"Nhi\u1ec7t \u0111\u1ed9ng l\u1ef1c h\u1ecdc v\u00e0 k\u1ef9 thu\u1eadt nhi\u1ec7t","item":"https:\/\/htiscientific.vn\/danh-muc-san-pham\/thiet-bi-giao-duc\/nhiet-dong-luc-hoc-va-ky-thuat-nhiet\/"},{"@type":"ListItem","position":5,"name":"B\u00e0n th\u1eed nghi\u1ec7m \u0111\u1ed9ng c\u01a1 2.2 kW \u0111i\u1ec1u khi\u1ec3n b\u1eb1ng m\u00e1y t\u00ednh"}]},{"@type":"WebSite","@id":"https:\/\/htiscientific.vn\/#website","url":"https:\/\/htiscientific.vn\/","name":"HTI Scientific","description":"HTI Scientific","publisher":{"@id":"https:\/\/htiscientific.vn\/#organization"},"potentialAction":[{"@type":"SearchAction","target":{"@type":"EntryPoint","urlTemplate":"https:\/\/htiscientific.vn\/?s={search_term_string}"},"query-input":{"@type":"PropertyValueSpecification","valueRequired":true,"valueName":"search_term_string"}}],"inLanguage":"en-US"},{"@type":"Organization","@id":"https:\/\/htiscientific.vn\/#organization","name":"HTI Scientific","alternateName":"HTI Scientific","url":"https:\/\/htiscientific.vn\/","logo":{"@type":"ImageObject","inLanguage":"en-US","@id":"https:\/\/htiscientific.vn\/#\/schema\/logo\/image\/","url":"https:\/\/htiscientific.vn\/wp-content\/uploads\/2025\/03\/ava-hti-copy.jpg","contentUrl":"https:\/\/htiscientific.vn\/wp-content\/uploads\/2025\/03\/ava-hti-copy.jpg","width":700,"height":450,"caption":"HTI Scientific"},"image":{"@id":"https:\/\/htiscientific.vn\/#\/schema\/logo\/image\/"},"sameAs":["https:\/\/www.facebook.com\/htiscientific.vn"]}]}},"_links":{"self":[{"href":"https:\/\/htiscientific.vn\/en\/wp-json\/wp\/v2\/product\/1807","targetHints":{"allow":["GET"]}}],"collection":[{"href":"https:\/\/htiscientific.vn\/en\/wp-json\/wp\/v2\/product"}],"about":[{"href":"https:\/\/htiscientific.vn\/en\/wp-json\/wp\/v2\/types\/product"}],"wp:featuredmedia":[{"embeddable":true,"href":"https:\/\/htiscientific.vn\/en\/wp-json\/wp\/v2\/media\/1793"}],"wp:attachment":[{"href":"https:\/\/htiscientific.vn\/en\/wp-json\/wp\/v2\/media?parent=1807"}],"wp:term":[{"taxonomy":"product_brand","embeddable":true,"href":"https:\/\/htiscientific.vn\/en\/wp-json\/wp\/v2\/product_brand?post=1807"},{"taxonomy":"product_cat","embeddable":true,"href":"https:\/\/htiscientific.vn\/en\/wp-json\/wp\/v2\/product_cat?post=1807"},{"taxonomy":"product_tag","embeddable":true,"href":"https:\/\/htiscientific.vn\/en\/wp-json\/wp\/v2\/product_tag?post=1807"}],"curies":[{"name":"wp","href":"https:\/\/api.w.org\/{rel}","templated":true}]}}