{"id":1805,"date":"2025-06-24T11:40:25","date_gmt":"2025-06-24T04:40:25","guid":{"rendered":"https:\/\/htiscientific.vn\/?post_type=product&#038;p=1805"},"modified":"2025-06-24T11:40:25","modified_gmt":"2025-06-24T04:40:25","slug":"mo-hinh-tua-bin-khi-hai-truc-dieu-khien-bang-may-tinh","status":"publish","type":"product","link":"https:\/\/htiscientific.vn\/en\/product\/mo-hinh-tua-bin-khi-hai-truc-dieu-khien-bang-may-tinh\/","title":{"rendered":"M\u00f4 h\u00ecnh tua-bin kh\u00ed hai tr\u1ee5c \u0111i\u1ec1u khi\u1ec3n b\u1eb1ng m\u00e1y t\u00ednh"},"content":{"rendered":"<p><span style=\"color: #000000;\">Thi\u1ebft b\u1ecb m\u00f4 h\u00ecnh tua-bin kh\u00ed hai tr\u1ee5c (TGDEC &#8211; Computer Controlled Two -Shaft Gas Turbine) do EDIBON ph\u00e1t tri\u1ec3n l\u00e0 m\u00f4 h\u00ecnh gi\u1ea3ng d\u1ea1y d\u00f9ng \u0111\u1ec3 tr\u00ecnh di\u1ec5n nguy\u00ean l\u00fd ho\u1ea1t \u0111\u1ed9ng c\u1ee7a tua-bin kh\u00ed hai tr\u1ee5c ph\u1ee5c v\u1ee5 cho vi\u1ec7c ph\u00e1t \u0111i\u1ec7n v\u00e0 c\u00e1c \u1ee9ng d\u1ee5ng kh\u00e1c.<\/span><\/p>\n<p><span style=\"color: #000000;\"><strong>Thi\u1ebft b\u1ecb TGDEC:<\/strong><\/span><\/p>\n<ul>\n<li><span style=\"color: #000000;\"><strong>Khung v\u00e0 k\u1ebft c\u1ea5u:<\/strong><\/span>\n<ul>\n<li><span style=\"color: #000000;\">Khung nh\u00f4m anod h\u00f3a v\u00e0 c\u00e1c t\u1ea5m panel b\u1eb1ng th\u00e9p s\u01a1n t\u0129nh \u0111i\u1ec7n.<\/span><\/li>\n<li><span style=\"color: #000000;\">Thi\u1ebft b\u1ecb c\u00f3 b\u00e1nh xe \u0111\u1ec3 d\u1ec5 d\u00e0ng di chuy\u1ec3n.<\/span><\/li>\n<li><span style=\"color: #000000;\">C\u00e1c b\u1ed9 ph\u1eadn kim lo\u1ea1i ch\u00ednh \u0111\u01b0\u1ee3c l\u00e0m t\u1eeb th\u00e9p kh\u00f4ng g\u1ec9.<\/span><\/li>\n<li><span style=\"color: #000000;\">S\u01a1 \u0111\u1ed3 quy tr\u00ecnh \u0111\u01b0\u1ee3c b\u1ed1 tr\u00ed tr\u00ean b\u1ea3ng \u0111i\u1ec1u khi\u1ec3n ph\u00eda tr\u01b0\u1edbc, m\u00f4 ph\u1ecfng c\u1ea5u tr\u00fac th\u1ef1c t\u1ebf.<\/span><\/li>\n<\/ul>\n<\/li>\n<li><span style=\"color: #000000;\"><strong>H\u1ec7 th\u1ed1ng tua-bin kh\u00ed hai tr\u1ee5c ph\u1ee5c v\u1ee5 ph\u00e1t \u0111i\u1ec7n:<\/strong><\/span><\/li>\n<\/ul>\n<ol>\n<li><span style=\"color: #000000;\">Tua-bin \u00e1p su\u1ea5t cao (Tua-bin t\u1ea1o kh\u00ed):<\/span>\n<ul>\n<li><span style=\"color: #000000;\">M\u00e1y n\u00e9n kh\u00ed ly t\u00e2m.<\/span><\/li>\n<li><span style=\"color: #000000;\">Bu\u1ed3ng \u0111\u1ed1t d\u1ea1ng \u1ed1ng.<\/span><\/li>\n<li><span style=\"color: #000000;\">Tua-bin gi\u00e3n n\u1edf.<\/span><\/li>\n<li><span style=\"color: #000000;\">D\u1ea3i t\u1ed1c \u0111\u1ed9 v\u1eadn h\u00e0nh: 70.000 \u2013 90.000 v\u00f2ng\/ph\u00fat (rpm).<\/span><\/li>\n<li><span style=\"color: #000000;\">T\u1ef7 s\u1ed1 n\u00e9n t\u1ed1i \u0111a: 2:1.<\/span><\/li>\n<li><span style=\"color: #000000;\">L\u01b0u l\u01b0\u1ee3ng ti\u00eau th\u1ee5 nhi\u00ean li\u1ec7u t\u1ed1i \u0111a: 20 kg\/gi\u1edd.<\/span><\/li>\n<\/ul>\n<\/li>\n<li><span style=\"color: #000000;\">Tua-bin \u00e1p su\u1ea5t th\u1ea5p (Tua-bin c\u00f4ng su\u1ea5t):<\/span>\n<ul>\n<li><span style=\"color: #000000;\">D\u1ea3i t\u1ed1c \u0111\u1ed9 v\u1eadn h\u00e0nh: 15.000 \u2013 25.000 v\u00f2ng\/ph\u00fat (rpm).<\/span><\/li>\n<li><span style=\"color: #000000;\">C\u00f4ng su\u1ea5t \u0111i\u1ec7n \u0111o \u0111\u01b0\u1ee3c: 0 \u2013 500 W.<\/span><\/li>\n<\/ul>\n<\/li>\n<li><span style=\"color: #000000;\">M\u00e1y ph\u00e1t \u0111i\u1ec7n kh\u00f4ng \u0111\u1ed3ng b\u1ed9 (\u0111i\u1ec1u khi\u1ec3n b\u1eb1ng m\u00e1y t\u00ednh):<\/span>\n<ul>\n<li><span style=\"color: #000000;\">D\u1ea3i t\u1ed1c \u0111\u1ed9: 1.500 \u2013 3.000 v\u00f2ng\/ph\u00fat (rpm).<\/span><\/li>\n<li><span style=\"color: #000000;\">C\u00f4ng su\u1ea5t: 1,5 kW.<\/span><\/li>\n<\/ul>\n<\/li>\n<li><span style=\"color: #000000;\">H\u1ec7 th\u1ed1ng kh\u1edfi \u0111\u1ed9ng v\u00e0 l\u00e0m m\u00e1t:<\/span>\n<ul>\n<li><span style=\"color: #000000;\">Qu\u1ea1t kh\u1edfi \u0111\u1ed9ng \u0111\u01b0\u1ee3c d\u1eabn \u0111\u1ed9ng b\u1eb1ng \u0111\u1ed9ng c\u01a1 \u0111i\u1ec7n, \u0111i\u1ec1u khi\u1ec3n t\u1ef1 \u0111\u1ed9ng b\u1eb1ng m\u00e1y t\u00ednh, d\u00f9ng \u0111\u1ec3 kh\u1edfi \u0111\u1ed9ng tua-bin v\u00e0 qu\u00e9t kh\u00ed.<\/span><\/li>\n<li><span style=\"color: #000000;\">B\u1ed9 gi\u1ea3m \u00e2m \u0111\u1ea7u v\u00e0o.<\/span><\/li>\n<\/ul>\n<\/li>\n<li><span style=\"color: #000000;\">H\u1ec7 th\u1ed1ng cung c\u1ea5p nhi\u00ean li\u1ec7u kh\u00ed:<\/span>\n<ul>\n<li><span style=\"color: #000000;\">Van \u0111\u00f3ng\/m\u1edf ngu\u1ed3n c\u1ea5p.<\/span><\/li>\n<li><span style=\"color: #000000;\">Van \u0111i\u1ec1u ch\u1ec9nh \u00e1p su\u1ea5t.<\/span><\/li>\n<li><span style=\"color: #000000;\">C\u1ea3m bi\u1ebfn l\u01b0u l\u01b0\u1ee3ng, d\u1ea3i \u0111o: 12 \u2013 80 l\/ph\u00fat.<\/span><\/li>\n<li><span style=\"color: #000000;\">Van \u0111i\u1ec7n t\u1eeb, \u0111i\u1ec1u khi\u1ec3n t\u1ef1 \u0111\u1ed9ng b\u1eb1ng m\u00e1y t\u00ednh.<\/span><\/li>\n<li><span style=\"color: #000000;\">B\u1ed9 phun kh\u00ed v\u00e0 van \u0111i\u1ec7n t\u1eeb t\u1ef7 l\u1ec7 \u0111i\u1ec1u khi\u1ec3n l\u01b0u l\u01b0\u1ee3ng nhi\u00ean li\u1ec7u.<\/span><\/li>\n<\/ul>\n<\/li>\n<li><span style=\"color: #000000;\">H\u1ec7 th\u1ed1ng \u0111\u00e1nh l\u1eeda v\u00e0 an to\u00e0n:<\/span>\n<ul>\n<li><span style=\"color: #000000;\">Bugi \u0111\u00e1nh l\u1eeda, t\u1ef1 \u0111\u1ed9ng \u0111i\u1ec1u khi\u1ec3n b\u1eb1ng m\u00e1y t\u00ednh, c\u1ea5p ngu\u1ed3n b\u1edfi b\u1ed9 bi\u1ebfn \u00e1p \u0111\u00e1nh l\u1eeda.<\/span><\/li>\n<li><span style=\"color: #000000;\">\u0110i\u1ec7n c\u1ef1c ion h\u00f3a ph\u00e1t hi\u1ec7n ng\u1ecdn l\u1eeda, ho\u1ea1t \u0111\u1ed9ng nh\u01b0 m\u1ed9t c\u01a1 ch\u1ebf an to\u00e0n.<\/span><\/li>\n<\/ul>\n<\/li>\n<li><span style=\"color: #000000;\">H\u1ec7 th\u1ed1ng b\u00f4i tr\u01a1n:<\/span>\n<ul>\n<li><span style=\"color: #000000;\">B\u00ecnh ch\u1ee9a d\u1ea7u: 5 l\u00edt.<\/span><\/li>\n<li><span style=\"color: #000000;\">B\u01a1m b\u00e1nh r\u0103ng (\u0111i\u1ec1u khi\u1ec3n t\u1ef1 \u0111\u1ed9ng) \u0111\u1ec3 b\u01a1m d\u1ea7u b\u00f4i tr\u01a1n cho c\u1ea3 hai tr\u1ee5c tua-bin.<\/span><\/li>\n<li><span style=\"color: #000000;\">B\u1ed9 l\u1ecdc d\u1ea7u v\u00e0 hai van \u0111i\u1ec1u ch\u1ec9nh l\u01b0u l\u01b0\u1ee3ng d\u1ea7u.<\/span><\/li>\n<li><span style=\"color: #000000;\">B\u1ed9 trao \u0111\u1ed5i nhi\u1ec7t d\u1ea1ng t\u1ea5m \u0111\u1ec3 l\u00e0m m\u00e1t d\u1ea7u ra kh\u1ecfi tua-bin.<\/span><\/li>\n<li><span style=\"color: #000000;\">B\u1ed9 trao \u0111\u1ed5i nhi\u1ec7t \u1ed1ng \u0111\u1ec3 l\u00e0m m\u00e1t d\u1ea7u v\u00e0o tua-bin.<\/span><\/li>\n<\/ul>\n<\/li>\n<li><span style=\"color: #000000;\">H\u1ec7 th\u1ed1ng kh\u00ed th\u1ea3i:<\/span>\n<ul>\n<li><span style=\"color: #000000;\">\u1ed0ng tho\u00e1t kh\u00ed v\u00e0 b\u1ed9 gi\u1ea3m \u00e2m \u0111\u1ea7u ra.<\/span><\/li>\n<\/ul>\n<\/li>\n<li><span style=\"color: #000000;\">T\u1ea3i \u0111i\u1ec7n tr\u1edf:<\/span>\n<ul>\n<li><span style=\"color: #000000;\">\u0110i\u1ec7n tr\u1edf \u0111i\u1ec1u ch\u1ec9nh: 1000 W, 40 Ohm.<\/span><\/li>\n<\/ul>\n<\/li>\n<\/ol>\n<ul>\n<li><span style=\"color: #000000;\">C\u1ea3m bi\u1ebfn v\u00e0 thi\u1ebft b\u1ecb \u0111o l\u01b0\u1eddng:<\/span>\n<ul>\n<li><span style=\"color: #000000;\">8 c\u1ea3m bi\u1ebfn nhi\u1ec7t \u0111\u1ed9 lo\u1ea1i &#8220;K&#8221; (d\u1ea3i \u0111o: 0 \u2013 1100 \u00b0C), \u0111\u1eb7t t\u1ea1i:<\/span>\n<ul>\n<li><span style=\"color: #000000;\">Kh\u00f4ng kh\u00ed v\u00e0o m\u00e1y n\u00e9n.<\/span><\/li>\n<li><span style=\"color: #000000;\">Kh\u00f4ng kh\u00ed v\u00e0o bu\u1ed3ng \u0111\u1ed1t.<\/span><\/li>\n<li><span style=\"color: #000000;\">Kh\u00ed v\u00e0o tua-bin t\u1ea1o kh\u00ed.<\/span><\/li>\n<li><span style=\"color: #000000;\">Kh\u00ed v\u00e0o tua-bin c\u00f4ng su\u1ea5t.<\/span><\/li>\n<li><span style=\"color: #000000;\">Kh\u00ed th\u1ea3i.<\/span><\/li>\n<li><span style=\"color: #000000;\">D\u1ea7u b\u00f4i tr\u01a1n v\u00f2ng bi.<\/span><\/li>\n<li><span style=\"color: #000000;\">N\u01b0\u1edbc l\u00e0m m\u00e1t \u0111\u1ea7u v\u00e0o\/\u0111\u1ea7u ra.<\/span><\/li>\n<\/ul>\n<\/li>\n<li><span style=\"color: #000000;\">2 c\u1ea3m bi\u1ebfn t\u1ed1c \u0111\u1ed9 (d\u1ea3i \u0111o: 0 \u2013 200.000 v\u00f2ng\/ph\u00fat), \u0111o t\u1ed1c \u0111\u1ed9 c\u1ee7a t\u1eebng tua-bin.<\/span><\/li>\n<li><span style=\"color: #000000;\">5 c\u1ea3m bi\u1ebfn \u00e1p su\u1ea5t:<\/span>\n<ul>\n<li><span style=\"color: #000000;\">\u00c1p su\u1ea5t kh\u00ed propane v\u00e0o bu\u1ed3ng \u0111\u1ed1t: 0 \u2013 2 bar.<\/span><\/li>\n<li><span style=\"color: #000000;\">\u00c1p su\u1ea5t trong bu\u1ed3ng \u0111\u1ed1t: 0 \u2013 2 bar.<\/span><\/li>\n<li><span style=\"color: #000000;\">\u00c1p su\u1ea5t t\u1ea1i \u0111\u1ea7u ra tua-bin: 0 \u2013 2 bar.<\/span><\/li>\n<li><span style=\"color: #000000;\">\u00c1p su\u1ea5t \u0111\u1ea7u ra m\u00e1y n\u00e9n: 0 \u2013 2 bar.<\/span><\/li>\n<li><span style=\"color: #000000;\">\u00c1p su\u1ea5t \u0111\u1ea7u v\u00e0o m\u00e1y n\u00e9n: 0 \u2013 100 mbar.<\/span><\/li>\n<\/ul>\n<\/li>\n<li><span style=\"color: #000000;\">3 c\u1ea3m bi\u1ebfn l\u01b0u l\u01b0\u1ee3ng:<\/span>\n<ul>\n<li><span style=\"color: #000000;\">Kh\u00f4ng kh\u00ed v\u00e0o: 0 \u2013 3000 m\u00b3\/h.<\/span><\/li>\n<li><span style=\"color: #000000;\">Kh\u00ed th\u1ea3i: 0 \u2013 3000 m\u00b3\/h.<\/span><\/li>\n<li><span style=\"color: #000000;\">Kh\u00ed propane: 12 \u2013 80 l\/ph\u00fat.<\/span><\/li>\n<\/ul>\n<\/li>\n<li><span style=\"color: #000000;\">1 c\u1ea3m bi\u1ebfn l\u1ef1c (load cell) \u0111o t\u1ea3i c\u1ee7a m\u00e1y ph\u00e1t \u0111i\u1ec7n.<\/span><\/li>\n<li><span style=\"color: #000000;\">4 \u0111\u1ed3ng h\u1ed3 \u00e1p l\u1ef1c (d\u1ea3i \u0111o: 0 \u2013 2 bar).<\/span><\/li>\n<li><span style=\"color: #000000;\">3 c\u00f4ng t\u1eafc \u00e1p su\u1ea5t \u0111\u1ec3 ki\u1ec3m so\u00e1t c\u00e1c m\u1ea1ch kh\u00ed v\u00e0 d\u1ea7u.<\/span><\/li>\n<li><span style=\"color: #000000;\">L\u01b0u l\u01b0\u1ee3ng k\u1ebf ATEX \u0111o ti\u00eau th\u1ee5 kh\u00ed propane.<\/span><\/li>\n<li><span style=\"color: #000000;\">\u0110o \u0111i\u1ec7n \u00e1p v\u00e0 d\u00f2ng \u0111i\u1ec7n ph\u00e1t ra.<\/span><\/li>\n<\/ul>\n<\/li>\n<li><span style=\"color: #000000;\"><strong>B\u1ea3ng \u0111i\u1ec1u khi\u1ec3n (c\u00f3 PLC):<\/strong><\/span>\n<ul>\n<li><span style=\"color: #000000;\">\u0110\u00e8n LED hi\u1ec3n th\u1ecb tr\u1ea1ng th\u00e1i ho\u1ea1t \u0111\u1ed9ng.<\/span><\/li>\n<li><span style=\"color: #000000;\">M\u00e0n h\u00ecnh hi\u1ec3n th\u1ecb nhi\u1ec7t \u0111\u1ed9 d\u1ea7u.<\/span><\/li>\n<li><span style=\"color: #000000;\">H\u1ec7 th\u1ed1ng an to\u00e0n ch\u1ed1ng s\u1ef1 c\u1ed1.<\/span><\/li>\n<\/ul>\n<\/li>\n<li><span style=\"color: #000000;\"><strong>Ph\u1ea7n m\u1ec1m v\u00e0 \u0111i\u1ec1u khi\u1ec3n:<\/strong><\/span>\n<ul>\n<li><span style=\"color: #000000;\">SCADA th\u1eddi gian th\u1ef1c v\u1edbi kh\u1ea3 n\u0103ng ki\u1ec3m so\u00e1t PID.<\/span><\/li>\n<li><span style=\"color: #000000;\">Ph\u1ea7n m\u1ec1m \u0111i\u1ec1u khi\u1ec3n chuy\u00ean d\u1ee5ng EDIBON d\u1ef1a tr\u00ean LabVIEW.<\/span><\/li>\n<li><span style=\"color: #000000;\">Bo m\u1ea1ch thu th\u1eadp d\u1eef li\u1ec7u National Instruments (250 KS\/s).<\/span><\/li>\n<li><span style=\"color: #000000;\">H\u1ed7 tr\u1ee3 th\u1ef1c hi\u1ec7n c\u00e1c b\u00e0i t\u1eadp hi\u1ec7u chu\u1ea9n c\u1ea3m bi\u1ebfn v\u00e0 ki\u1ec3m tra \u0111\u1ed9 ch\u00ednh x\u00e1c.<\/span><\/li>\n<li><span style=\"color: #000000;\">Kh\u1ea3 n\u0103ng v\u1eadn h\u00e0nh t\u1eeb xa v\u00e0 h\u1ed7 tr\u1ee3 k\u1ef9 thu\u1eadt t\u1eeb EDIBON.<\/span><\/li>\n<li><span style=\"color: #000000;\">T\u01b0\u01a1ng th\u00edch v\u1edbi m\u00e1y chi\u1ebfu v\u00e0 b\u1ea3ng \u0111i\u1ec7n t\u1eed \u0111\u1ec3 gi\u1ea3ng d\u1ea1y.<\/span><\/li>\n<li><span style=\"color: #000000;\">C\u00f3 kh\u1ea3 n\u0103ng nghi\u00ean c\u1ee9u \u1ee9ng d\u1ee5ng, m\u00f4 ph\u1ecfng c\u00f4ng nghi\u1ec7p v\u00e0 \u0111\u00e0o t\u1ea1o.<\/span><\/li>\n<li><span style=\"color: #000000;\">An to\u00e0n tuy\u1ec7t \u0111\u1ed1i v\u1edbi 4 c\u1ea5p \u0111\u1ed9 b\u1ea3o v\u1ec7 (C\u01a1 kh\u00ed, \u0110i\u1ec7n, \u0110i\u1ec7n t\u1eed, Ph\u1ea7n m\u1ec1m).<\/span><\/li>\n<\/ul>\n<\/li>\n<li><span style=\"color: #000000;\"><strong>T\u00f9y ch\u1ecdn m\u1edf r\u1ed9ng:<\/strong><\/span>\n<ul>\n<li><span style=\"color: #000000;\">Ph\u1ea7n m\u1ec1m ICAI t\u1ea1o v\u00e0 th\u1ef1c hi\u1ec7n c\u00e1c b\u00e0i t\u1eadp th\u1ef1c h\u00e0nh, ki\u1ec3m tra v\u00e0 \u0111\u00e1nh gi\u00e1.<\/span><\/li>\n<li><span style=\"color: #000000;\">T\u00edch h\u1ee3p v\u00e0o h\u1ec7 th\u1ed1ng EDIBON Scada-Net (ESN) cho ph\u00e9p nhi\u1ec1u sinh vi\u00ean v\u1eadn h\u00e0nh \u0111\u1ed3ng th\u1eddi c\u00e1c thi\u1ebft b\u1ecb trong m\u1ed9t m\u1ea1ng l\u01b0\u1edbi.<\/span><\/li>\n<\/ul>\n<\/li>\n<\/ul>","protected":false},"excerpt":{"rendered":"<p><span style=\"color: #000000;\">Thi\u1ebft b\u1ecb m\u00f4 h\u00ecnh tua-bin kh\u00ed hai tr\u1ee5c (TGDEC &#8211; Computer Controlled Two -Shaft Gas Turbine) do EDIBON ph\u00e1t tri\u1ec3n l\u00e0 m\u00f4 h\u00ecnh gi\u1ea3ng d\u1ea1y d\u00f9ng \u0111\u1ec3 tr\u00ecnh di\u1ec5n nguy\u00ean l\u00fd ho\u1ea1t \u0111\u1ed9ng c\u1ee7a tua-bin kh\u00ed hai tr\u1ee5c ph\u1ee5c v\u1ee5 cho vi\u1ec7c ph\u00e1t \u0111i\u1ec7n v\u00e0 c\u00e1c \u1ee9ng d\u1ee5ng kh\u00e1c.<\/span><\/p>","protected":false},"featured_media":1806,"template":"","meta":{"inline_featured_image":false},"product_brand":[47],"product_cat":[92,90],"product_tag":[],"class_list":{"0":"post-1805","1":"product","2":"type-product","3":"status-publish","4":"has-post-thumbnail","6":"product_brand-edibon","7":"product_cat-nhiet-dong-luc-hoc-va-ky-thuat-nhiet","8":"product_cat-thiet-bi-giao-duc","10":"first","11":"instock","12":"shipping-taxable","13":"product-type-simple"},"yoast_head":"<!-- This site is optimized with the Yoast SEO plugin v24.7 - https:\/\/yoast.com\/wordpress\/plugins\/seo\/ -->\n<title>M\u00f4 h\u00ecnh tua-bin kh\u00ed hai tr\u1ee5c \u0111i\u1ec1u khi\u1ec3n b\u1eb1ng m\u00e1y t\u00ednh - HTI Scientific<\/title>\n<meta name=\"description\" content=\"Thi\u1ebft b\u1ecb m\u00f4 h\u00ecnh tua-bin kh\u00ed hai tr\u1ee5c tr\u00ecnh di\u1ec5n nguy\u00ean l\u00fd ho\u1ea1t \u0111\u1ed9ng c\u1ee7a tua-bin kh\u00ed hai tr\u1ee5c ph\u1ee5c v\u1ee5 ph\u00e1t \u0111i\u1ec7n. Bao g\u1ed3m: tua-bin \u00e1p su\u1ea5t cao, \u00e1p su\u1ea5t th\u1ea5p\" \/>\n<meta name=\"robots\" content=\"index, follow, max-snippet:-1, max-image-preview:large, max-video-preview:-1\" \/>\n<link rel=\"canonical\" href=\"https:\/\/htiscientific.vn\/en\/product\/mo-hinh-tua-bin-khi-hai-truc-dieu-khien-bang-may-tinh\/\" \/>\n<meta property=\"og:locale\" content=\"en_US\" \/>\n<meta property=\"og:type\" content=\"article\" \/>\n<meta property=\"og:title\" content=\"M\u00f4 h\u00ecnh tua-bin kh\u00ed hai tr\u1ee5c \u0111i\u1ec1u khi\u1ec3n b\u1eb1ng m\u00e1y t\u00ednh - HTI Scientific\" \/>\n<meta property=\"og:description\" content=\"Thi\u1ebft b\u1ecb m\u00f4 h\u00ecnh tua-bin kh\u00ed hai tr\u1ee5c tr\u00ecnh di\u1ec5n nguy\u00ean l\u00fd ho\u1ea1t \u0111\u1ed9ng c\u1ee7a tua-bin kh\u00ed hai tr\u1ee5c ph\u1ee5c v\u1ee5 ph\u00e1t \u0111i\u1ec7n. Bao g\u1ed3m: tua-bin \u00e1p su\u1ea5t cao, \u00e1p su\u1ea5t th\u1ea5p\" \/>\n<meta property=\"og:url\" content=\"https:\/\/htiscientific.vn\/en\/product\/mo-hinh-tua-bin-khi-hai-truc-dieu-khien-bang-may-tinh\/\" \/>\n<meta property=\"og:site_name\" content=\"HTI Scientific\" \/>\n<meta property=\"article:publisher\" content=\"https:\/\/www.facebook.com\/htiscientific.vn\" \/>\n<meta property=\"og:image\" content=\"https:\/\/htiscientific.vn\/wp-content\/uploads\/2025\/06\/thiet-ke-chua-co-ten-17.jpg\" \/>\n\t<meta property=\"og:image:width\" content=\"1000\" \/>\n\t<meta property=\"og:image:height\" content=\"1000\" \/>\n\t<meta property=\"og:image:type\" content=\"image\/jpeg\" \/>\n<meta name=\"twitter:card\" content=\"summary_large_image\" \/>\n<meta name=\"twitter:label1\" content=\"Est. reading time\" \/>\n\t<meta name=\"twitter:data1\" content=\"5 minutes\" \/>\n<script type=\"application\/ld+json\" class=\"yoast-schema-graph\">{\"@context\":\"https:\/\/schema.org\",\"@graph\":[{\"@type\":\"WebPage\",\"@id\":\"https:\/\/htiscientific.vn\/san-pham\/mo-hinh-tua-bin-khi-hai-truc-dieu-khien-bang-may-tinh\/\",\"url\":\"https:\/\/htiscientific.vn\/san-pham\/mo-hinh-tua-bin-khi-hai-truc-dieu-khien-bang-may-tinh\/\",\"name\":\"M\u00f4 h\u00ecnh tua-bin kh\u00ed hai tr\u1ee5c \u0111i\u1ec1u khi\u1ec3n b\u1eb1ng m\u00e1y t\u00ednh - HTI Scientific\",\"isPartOf\":{\"@id\":\"https:\/\/htiscientific.vn\/#website\"},\"primaryImageOfPage\":{\"@id\":\"https:\/\/htiscientific.vn\/san-pham\/mo-hinh-tua-bin-khi-hai-truc-dieu-khien-bang-may-tinh\/#primaryimage\"},\"image\":{\"@id\":\"https:\/\/htiscientific.vn\/san-pham\/mo-hinh-tua-bin-khi-hai-truc-dieu-khien-bang-may-tinh\/#primaryimage\"},\"thumbnailUrl\":\"https:\/\/htiscientific.vn\/wp-content\/uploads\/2025\/06\/thiet-ke-chua-co-ten-17.jpg\",\"datePublished\":\"2025-06-24T04:40:25+00:00\",\"description\":\"Thi\u1ebft b\u1ecb m\u00f4 h\u00ecnh tua-bin kh\u00ed hai tr\u1ee5c tr\u00ecnh di\u1ec5n nguy\u00ean l\u00fd ho\u1ea1t \u0111\u1ed9ng c\u1ee7a tua-bin kh\u00ed hai tr\u1ee5c ph\u1ee5c v\u1ee5 ph\u00e1t \u0111i\u1ec7n. Bao g\u1ed3m: tua-bin \u00e1p su\u1ea5t cao, \u00e1p su\u1ea5t th\u1ea5p\",\"breadcrumb\":{\"@id\":\"https:\/\/htiscientific.vn\/san-pham\/mo-hinh-tua-bin-khi-hai-truc-dieu-khien-bang-may-tinh\/#breadcrumb\"},\"inLanguage\":\"en-US\",\"potentialAction\":[{\"@type\":\"ReadAction\",\"target\":[\"https:\/\/htiscientific.vn\/san-pham\/mo-hinh-tua-bin-khi-hai-truc-dieu-khien-bang-may-tinh\/\"]}]},{\"@type\":\"ImageObject\",\"inLanguage\":\"en-US\",\"@id\":\"https:\/\/htiscientific.vn\/san-pham\/mo-hinh-tua-bin-khi-hai-truc-dieu-khien-bang-may-tinh\/#primaryimage\",\"url\":\"https:\/\/htiscientific.vn\/wp-content\/uploads\/2025\/06\/thiet-ke-chua-co-ten-17.jpg\",\"contentUrl\":\"https:\/\/htiscientific.vn\/wp-content\/uploads\/2025\/06\/thiet-ke-chua-co-ten-17.jpg\",\"width\":1000,\"height\":1000,\"caption\":\"mo-hinh-tua-bin\"},{\"@type\":\"BreadcrumbList\",\"@id\":\"https:\/\/htiscientific.vn\/san-pham\/mo-hinh-tua-bin-khi-hai-truc-dieu-khien-bang-may-tinh\/#breadcrumb\",\"itemListElement\":[{\"@type\":\"ListItem\",\"position\":1,\"name\":\"Trang ch\u1ee7\",\"item\":\"https:\/\/htiscientific.vn\/\"},{\"@type\":\"ListItem\",\"position\":2,\"name\":\"C\u1eeda h\u00e0ng\",\"item\":\"https:\/\/htiscientific.vn\/cua-hang\/\"},{\"@type\":\"ListItem\",\"position\":3,\"name\":\"Thi\u1ebft b\u1ecb gi\u00e1o d\u1ee5c\",\"item\":\"https:\/\/htiscientific.vn\/danh-muc-san-pham\/thiet-bi-giao-duc\/\"},{\"@type\":\"ListItem\",\"position\":4,\"name\":\"Nhi\u1ec7t \u0111\u1ed9ng l\u1ef1c h\u1ecdc v\u00e0 k\u1ef9 thu\u1eadt nhi\u1ec7t\",\"item\":\"https:\/\/htiscientific.vn\/danh-muc-san-pham\/thiet-bi-giao-duc\/nhiet-dong-luc-hoc-va-ky-thuat-nhiet\/\"},{\"@type\":\"ListItem\",\"position\":5,\"name\":\"M\u00f4 h\u00ecnh tua-bin kh\u00ed hai tr\u1ee5c \u0111i\u1ec1u khi\u1ec3n b\u1eb1ng m\u00e1y t\u00ednh\"}]},{\"@type\":\"WebSite\",\"@id\":\"https:\/\/htiscientific.vn\/#website\",\"url\":\"https:\/\/htiscientific.vn\/\",\"name\":\"HTI Scientific\",\"description\":\"HTI Scientific\",\"publisher\":{\"@id\":\"https:\/\/htiscientific.vn\/#organization\"},\"potentialAction\":[{\"@type\":\"SearchAction\",\"target\":{\"@type\":\"EntryPoint\",\"urlTemplate\":\"https:\/\/htiscientific.vn\/?s={search_term_string}\"},\"query-input\":{\"@type\":\"PropertyValueSpecification\",\"valueRequired\":true,\"valueName\":\"search_term_string\"}}],\"inLanguage\":\"en-US\"},{\"@type\":\"Organization\",\"@id\":\"https:\/\/htiscientific.vn\/#organization\",\"name\":\"HTI Scientific\",\"alternateName\":\"HTI Scientific\",\"url\":\"https:\/\/htiscientific.vn\/\",\"logo\":{\"@type\":\"ImageObject\",\"inLanguage\":\"en-US\",\"@id\":\"https:\/\/htiscientific.vn\/#\/schema\/logo\/image\/\",\"url\":\"https:\/\/htiscientific.vn\/wp-content\/uploads\/2025\/03\/ava-hti-copy.jpg\",\"contentUrl\":\"https:\/\/htiscientific.vn\/wp-content\/uploads\/2025\/03\/ava-hti-copy.jpg\",\"width\":700,\"height\":450,\"caption\":\"HTI Scientific\"},\"image\":{\"@id\":\"https:\/\/htiscientific.vn\/#\/schema\/logo\/image\/\"},\"sameAs\":[\"https:\/\/www.facebook.com\/htiscientific.vn\"]}]}<\/script>\n<!-- \/ Yoast SEO plugin. -->","yoast_head_json":{"title":"M\u00f4 h\u00ecnh tua-bin kh\u00ed hai tr\u1ee5c \u0111i\u1ec1u khi\u1ec3n b\u1eb1ng m\u00e1y t\u00ednh - HTI Scientific","description":"Thi\u1ebft b\u1ecb m\u00f4 h\u00ecnh tua-bin kh\u00ed hai tr\u1ee5c tr\u00ecnh di\u1ec5n nguy\u00ean l\u00fd ho\u1ea1t \u0111\u1ed9ng c\u1ee7a tua-bin kh\u00ed hai tr\u1ee5c ph\u1ee5c v\u1ee5 ph\u00e1t \u0111i\u1ec7n. Bao g\u1ed3m: tua-bin \u00e1p su\u1ea5t cao, \u00e1p su\u1ea5t th\u1ea5p","robots":{"index":"index","follow":"follow","max-snippet":"max-snippet:-1","max-image-preview":"max-image-preview:large","max-video-preview":"max-video-preview:-1"},"canonical":"https:\/\/htiscientific.vn\/en\/product\/mo-hinh-tua-bin-khi-hai-truc-dieu-khien-bang-may-tinh\/","og_locale":"en_US","og_type":"article","og_title":"M\u00f4 h\u00ecnh tua-bin kh\u00ed hai tr\u1ee5c \u0111i\u1ec1u khi\u1ec3n b\u1eb1ng m\u00e1y t\u00ednh - HTI Scientific","og_description":"Thi\u1ebft b\u1ecb m\u00f4 h\u00ecnh tua-bin kh\u00ed hai tr\u1ee5c tr\u00ecnh di\u1ec5n nguy\u00ean l\u00fd ho\u1ea1t \u0111\u1ed9ng c\u1ee7a tua-bin kh\u00ed hai tr\u1ee5c ph\u1ee5c v\u1ee5 ph\u00e1t \u0111i\u1ec7n. Bao g\u1ed3m: tua-bin \u00e1p su\u1ea5t cao, \u00e1p su\u1ea5t th\u1ea5p","og_url":"https:\/\/htiscientific.vn\/en\/product\/mo-hinh-tua-bin-khi-hai-truc-dieu-khien-bang-may-tinh\/","og_site_name":"HTI Scientific","article_publisher":"https:\/\/www.facebook.com\/htiscientific.vn","og_image":[{"width":1000,"height":1000,"url":"https:\/\/htiscientific.vn\/wp-content\/uploads\/2025\/06\/thiet-ke-chua-co-ten-17.jpg","type":"image\/jpeg"}],"twitter_card":"summary_large_image","twitter_misc":{"Est. reading time":"5 minutes"},"schema":{"@context":"https:\/\/schema.org","@graph":[{"@type":"WebPage","@id":"https:\/\/htiscientific.vn\/san-pham\/mo-hinh-tua-bin-khi-hai-truc-dieu-khien-bang-may-tinh\/","url":"https:\/\/htiscientific.vn\/san-pham\/mo-hinh-tua-bin-khi-hai-truc-dieu-khien-bang-may-tinh\/","name":"M\u00f4 h\u00ecnh tua-bin kh\u00ed hai tr\u1ee5c \u0111i\u1ec1u khi\u1ec3n b\u1eb1ng m\u00e1y t\u00ednh - HTI Scientific","isPartOf":{"@id":"https:\/\/htiscientific.vn\/#website"},"primaryImageOfPage":{"@id":"https:\/\/htiscientific.vn\/san-pham\/mo-hinh-tua-bin-khi-hai-truc-dieu-khien-bang-may-tinh\/#primaryimage"},"image":{"@id":"https:\/\/htiscientific.vn\/san-pham\/mo-hinh-tua-bin-khi-hai-truc-dieu-khien-bang-may-tinh\/#primaryimage"},"thumbnailUrl":"https:\/\/htiscientific.vn\/wp-content\/uploads\/2025\/06\/thiet-ke-chua-co-ten-17.jpg","datePublished":"2025-06-24T04:40:25+00:00","description":"Thi\u1ebft b\u1ecb m\u00f4 h\u00ecnh tua-bin kh\u00ed hai tr\u1ee5c tr\u00ecnh di\u1ec5n nguy\u00ean l\u00fd ho\u1ea1t \u0111\u1ed9ng c\u1ee7a tua-bin kh\u00ed hai tr\u1ee5c ph\u1ee5c v\u1ee5 ph\u00e1t \u0111i\u1ec7n. Bao g\u1ed3m: tua-bin \u00e1p su\u1ea5t cao, \u00e1p su\u1ea5t th\u1ea5p","breadcrumb":{"@id":"https:\/\/htiscientific.vn\/san-pham\/mo-hinh-tua-bin-khi-hai-truc-dieu-khien-bang-may-tinh\/#breadcrumb"},"inLanguage":"en-US","potentialAction":[{"@type":"ReadAction","target":["https:\/\/htiscientific.vn\/san-pham\/mo-hinh-tua-bin-khi-hai-truc-dieu-khien-bang-may-tinh\/"]}]},{"@type":"ImageObject","inLanguage":"en-US","@id":"https:\/\/htiscientific.vn\/san-pham\/mo-hinh-tua-bin-khi-hai-truc-dieu-khien-bang-may-tinh\/#primaryimage","url":"https:\/\/htiscientific.vn\/wp-content\/uploads\/2025\/06\/thiet-ke-chua-co-ten-17.jpg","contentUrl":"https:\/\/htiscientific.vn\/wp-content\/uploads\/2025\/06\/thiet-ke-chua-co-ten-17.jpg","width":1000,"height":1000,"caption":"mo-hinh-tua-bin"},{"@type":"BreadcrumbList","@id":"https:\/\/htiscientific.vn\/san-pham\/mo-hinh-tua-bin-khi-hai-truc-dieu-khien-bang-may-tinh\/#breadcrumb","itemListElement":[{"@type":"ListItem","position":1,"name":"Trang ch\u1ee7","item":"https:\/\/htiscientific.vn\/"},{"@type":"ListItem","position":2,"name":"C\u1eeda h\u00e0ng","item":"https:\/\/htiscientific.vn\/cua-hang\/"},{"@type":"ListItem","position":3,"name":"Thi\u1ebft b\u1ecb gi\u00e1o d\u1ee5c","item":"https:\/\/htiscientific.vn\/danh-muc-san-pham\/thiet-bi-giao-duc\/"},{"@type":"ListItem","position":4,"name":"Nhi\u1ec7t \u0111\u1ed9ng l\u1ef1c h\u1ecdc v\u00e0 k\u1ef9 thu\u1eadt nhi\u1ec7t","item":"https:\/\/htiscientific.vn\/danh-muc-san-pham\/thiet-bi-giao-duc\/nhiet-dong-luc-hoc-va-ky-thuat-nhiet\/"},{"@type":"ListItem","position":5,"name":"M\u00f4 h\u00ecnh tua-bin kh\u00ed hai tr\u1ee5c \u0111i\u1ec1u khi\u1ec3n b\u1eb1ng m\u00e1y t\u00ednh"}]},{"@type":"WebSite","@id":"https:\/\/htiscientific.vn\/#website","url":"https:\/\/htiscientific.vn\/","name":"HTI Scientific","description":"HTI Scientific","publisher":{"@id":"https:\/\/htiscientific.vn\/#organization"},"potentialAction":[{"@type":"SearchAction","target":{"@type":"EntryPoint","urlTemplate":"https:\/\/htiscientific.vn\/?s={search_term_string}"},"query-input":{"@type":"PropertyValueSpecification","valueRequired":true,"valueName":"search_term_string"}}],"inLanguage":"en-US"},{"@type":"Organization","@id":"https:\/\/htiscientific.vn\/#organization","name":"HTI Scientific","alternateName":"HTI Scientific","url":"https:\/\/htiscientific.vn\/","logo":{"@type":"ImageObject","inLanguage":"en-US","@id":"https:\/\/htiscientific.vn\/#\/schema\/logo\/image\/","url":"https:\/\/htiscientific.vn\/wp-content\/uploads\/2025\/03\/ava-hti-copy.jpg","contentUrl":"https:\/\/htiscientific.vn\/wp-content\/uploads\/2025\/03\/ava-hti-copy.jpg","width":700,"height":450,"caption":"HTI Scientific"},"image":{"@id":"https:\/\/htiscientific.vn\/#\/schema\/logo\/image\/"},"sameAs":["https:\/\/www.facebook.com\/htiscientific.vn"]}]}},"_links":{"self":[{"href":"https:\/\/htiscientific.vn\/en\/wp-json\/wp\/v2\/product\/1805","targetHints":{"allow":["GET"]}}],"collection":[{"href":"https:\/\/htiscientific.vn\/en\/wp-json\/wp\/v2\/product"}],"about":[{"href":"https:\/\/htiscientific.vn\/en\/wp-json\/wp\/v2\/types\/product"}],"wp:featuredmedia":[{"embeddable":true,"href":"https:\/\/htiscientific.vn\/en\/wp-json\/wp\/v2\/media\/1806"}],"wp:attachment":[{"href":"https:\/\/htiscientific.vn\/en\/wp-json\/wp\/v2\/media?parent=1805"}],"wp:term":[{"taxonomy":"product_brand","embeddable":true,"href":"https:\/\/htiscientific.vn\/en\/wp-json\/wp\/v2\/product_brand?post=1805"},{"taxonomy":"product_cat","embeddable":true,"href":"https:\/\/htiscientific.vn\/en\/wp-json\/wp\/v2\/product_cat?post=1805"},{"taxonomy":"product_tag","embeddable":true,"href":"https:\/\/htiscientific.vn\/en\/wp-json\/wp\/v2\/product_tag?post=1805"}],"curies":[{"name":"wp","href":"https:\/\/api.w.org\/{rel}","templated":true}]}}