{"id":1804,"date":"2025-06-24T11:29:06","date_gmt":"2025-06-24T04:29:06","guid":{"rendered":"https:\/\/htiscientific.vn\/?post_type=product&#038;p=1804"},"modified":"2025-06-24T11:29:06","modified_gmt":"2025-06-24T04:29:06","slug":"he-thong-dao-tao-bo-trao-doi-nhiet-dieu-khien-bang-may-tinh","status":"publish","type":"product","link":"https:\/\/htiscientific.vn\/en\/product\/he-thong-dao-tao-bo-trao-doi-nhiet-dieu-khien-bang-may-tinh\/","title":{"rendered":"H\u1ec7 th\u1ed1ng \u0111\u00e0o t\u1ea1o b\u1ed9 trao \u0111\u1ed5i nhi\u1ec7t \u0111i\u1ec1u khi\u1ec3n b\u1eb1ng m\u00e1y t\u00ednh"},"content":{"rendered":"<p><span style=\"color: #000000;\">H\u1ec7 th\u1ed1ng \u0111\u00e0o t\u1ea1o b\u1ed9 trao \u0111\u1ed5i nhi\u1ec7t \u0111i\u1ec1u khi\u1ec3n b\u1eb1ng m\u00e1y t\u00ednh (TICC &#8211; Computer Controlled Heat Exchangers Training System) \u0111\u01b0\u1ee3c thi\u1ebft k\u1ebf b\u1edfi <a href=\"https:\/\/htiscientific.vn\/en\/hang-san-xuat\/edibon\/\">EDIBON<\/a> nh\u1eb1m nghi\u00ean c\u1ee9u v\u00e0 so s\u00e1nh c\u00e1c lo\u1ea1i b\u1ed9 trao \u0111\u1ed5i nhi\u1ec7t quy m\u00f4 nh\u1ecf ho\u1ea1t \u0111\u1ed9ng theo hai ch\u1ebf \u0111\u1ed9: \u0111\u1ed3ng d\u00f2ng v\u00e0 ng\u01b0\u1ee3c d\u00f2ng.<\/span><\/p>\n<p><span style=\"color: #000000;\"><strong>H\u1ec7 th\u1ed1ng c\u01a1 b\u1ea3n:<\/strong><\/span><\/p>\n<ul>\n<li><span style=\"color: #000000;\">Thi\u1ebft b\u1ecb \u0111\u1ec3 b\u00e0n.<\/span><\/li>\n<li><span style=\"color: #000000;\">Khung b\u1eb1ng nh\u00f4m anod h\u00f3a v\u00e0 c\u00e1c t\u1ea5m che b\u1eb1ng th\u00e9p s\u01a1n t\u0129nh \u0111i\u1ec7n.<\/span><\/li>\n<li><span style=\"color: #000000;\">C\u00e1c th\u00e0nh ph\u1ea7n kim lo\u1ea1i ch\u00ednh l\u00e0m b\u1eb1ng th\u00e9p kh\u00f4ng g\u1ec9.<\/span><\/li>\n<li><span style=\"color: #000000;\">M\u1eb7t tr\u01b0\u1edbc c\u00f3 s\u01a1 \u0111\u1ed3 b\u1ed1 tr\u00ed c\u00e1c b\u1ed9 ph\u1eadn t\u01b0\u01a1ng t\u1ef1 nh\u01b0 h\u1ec7 th\u1ed1ng th\u1ef1c t\u1ebf.<\/span><\/li>\n<li><span style=\"color: #000000;\">B\u1ed9 ph\u1eadn n\u00e0y d\u00f9ng chung cho c\u00e1c m\u00f4-\u0111un y\u00eau c\u1ea7u (\u00edt nh\u1ea5t m\u1ed9t m\u00f4-\u0111un) (Kh\u00f4ng bao g\u1ed3m).<\/span><\/li>\n<\/ul>\n<p><span style=\"color: #000000;\"><strong>B\u1ed9 ph\u1eadn n\u00e0y th\u1ef1c hi\u1ec7n c\u00e1c nhi\u1ec7m v\u1ee5 sau:<\/strong><\/span><\/p>\n<ul>\n<li><span style=\"color: #000000;\">Gia nhi\u1ec7t n\u01b0\u1edbc.<\/span><\/li>\n<li><span style=\"color: #000000;\">B\u01a1m n\u01b0\u1edbc n\u00f3ng.<\/span><\/li>\n<li><span style=\"color: #000000;\">Thay \u0111\u1ed5i h\u01b0\u1edbng d\u00f2ng ch\u1ea3y c\u1ee7a n\u01b0\u1edbc l\u1ea1nh.<\/span><\/li>\n<li><span style=\"color: #000000;\">\u0110o l\u01b0\u1eddng n\u01b0\u1edbc n\u00f3ng v\u00e0 n\u01b0\u1edbc l\u1ea1nh.<\/span><\/li>\n<\/ul>\n<p><span style=\"color: #000000;\"><strong>B\u00ecnh ch\u1ee9a b\u1eb1ng th\u00e9p kh\u00f4ng g\u1ec9 (30 l\u00edt), bao g\u1ed3m:<\/strong><\/span><\/p>\n<ul>\n<li><span style=\"color: #000000;\">B\u1ed9 gia nhi\u1ec7t \u0111i\u1ec7n (3000 W) v\u1edbi b\u1ed9 \u0111i\u1ec1u nhi\u1ec7t (70 \u00baC), \u0111\u01b0\u1ee3c \u0111i\u1ec1u khi\u1ec3n b\u1eb1ng m\u00e1y t\u00ednh. \u0110i\u1ec1u khi\u1ec3n nhi\u1ec7t \u0111\u1ed9 PID.<\/span><\/li>\n<li><span style=\"color: #000000;\">C\u1ea3m bi\u1ebfn nhi\u1ec7t \u0111\u1ed9 (lo\u1ea1i \u201cJ\u201d) \u0111\u1ec3 \u0111o nhi\u1ec7t \u0111\u1ed9 n\u01b0\u1edbc.<\/span><\/li>\n<li><span style=\"color: #000000;\">C\u00f4ng t\u1eafc m\u1ee9c \u0111\u1ec3 ki\u1ec3m so\u00e1t m\u1ee9c n\u01b0\u1edbc trong b\u00ecnh.<\/span><\/li>\n<li><span style=\"color: #000000;\">N\u1eafp b\u1eb1ng th\u00e9p kh\u00f4ng g\u1ec9 gi\u00fap tr\u00e1nh ti\u1ebfp x\u00fac v\u1edbi n\u01b0\u1edbc n\u00f3ng. N\u1eafp c\u00f3 l\u1ed7 \u0111\u1ec3 quan s\u00e1t m\u1ee9c n\u01b0\u1edbc v\u00e0 \u0111\u1ed5 th\u00eam n\u01b0\u1edbc.<\/span><\/li>\n<li><span style=\"color: #000000;\">Van x\u1ea3 n\u01b0\u1edbc.<\/span><\/li>\n<\/ul>\n<p><span style=\"color: #000000;\"><strong>M\u00e1y b\u01a1m ly t\u00e2m \u0111i\u1ec1u khi\u1ec3n t\u1ed1c \u0111\u1ed9 t\u1eeb m\u00e1y t\u00ednh, ph\u1ea1m vi: 0 \u2013 3 l\u00edt\/ph\u00fat.<\/strong><\/span><\/p>\n<ul>\n<li><span style=\"color: #000000;\">Hai c\u1ea3m bi\u1ebfn l\u01b0u l\u01b0\u1ee3ng, m\u1ed9t cho n\u01b0\u1edbc n\u00f3ng v\u00e0 m\u1ed9t cho n\u01b0\u1edbc l\u1ea1nh, ph\u1ea1m vi: 0,25 \u2013 6,5 l\u00edt\/ph\u00fat.<\/span><\/li>\n<li><span style=\"color: #000000;\">C\u00e1c van \u0111i\u1ec1u khi\u1ec3n d\u00f2ng n\u01b0\u1edbc n\u00f3ng v\u00e0 n\u01b0\u1edbc l\u1ea1nh.<\/span><\/li>\n<li><span style=\"color: #000000;\">B\u1ed1n van bi, khi thay \u0111\u1ed5i tr\u1ea1ng th\u00e1i, cho ph\u00e9p t\u1ea1o d\u00f2ng ch\u1ea3y \u0111\u1ed3ng d\u00f2ng ho\u1eb7c ng\u01b0\u1ee3c d\u00f2ng trong b\u1ed9 trao \u0111\u1ed5i nhi\u1ec7t.<\/span><\/li>\n<li><span style=\"color: #000000;\">Hai van bi \u0111\u1ec3 ki\u1ec3m so\u00e1t v\u00e0 x\u1ea3 n\u01b0\u1edbc n\u00f3ng c\u1ee7a b\u1ed9 ph\u1eadn c\u01a1 b\u1ea3n.<\/span><\/li>\n<li><span style=\"color: #000000;\">B\u1ed9 \u0111i\u1ec1u \u00e1p \u0111\u1ec3 tr\u00e1nh \u00e1p su\u1ea5t qu\u00e1 m\u1ee9c trong b\u1ed9 trao \u0111\u1ed5i nhi\u1ec7t, gi\u1edbi h\u1ea1n \u1edf 0,6 bar.<\/span><\/li>\n<li><span style=\"color: #000000;\">B\u1ed1n \u1ed1ng m\u1ec1m \u0111\u1ec3 k\u1ebft n\u1ed1i v\u1edbi c\u00e1c b\u1ed9 trao \u0111\u1ed5i nhi\u1ec7t kh\u00e1c nhau.<\/span><\/li>\n<\/ul>\n<p><span style=\"color: #000000;\"><strong>Thi\u1ebft b\u1ecb \u0111\u1ea7y \u0111\u1ee7 bao g\u1ed3m:<\/strong><\/span><\/p>\n<ul>\n<li><span style=\"color: #000000;\">H\u1ec7 th\u1ed1ng SCADA ti\u00ean ti\u1ebfn v\u00e0 \u0111i\u1ec1u khi\u1ec3n PID th\u1eddi gian th\u1ef1c.<\/span><\/li>\n<li><span style=\"color: #000000;\">\u0110i\u1ec1u khi\u1ec3n m\u1edf + \u0110i\u1ec1u khi\u1ec3n \u0111a \u0111i\u1ec3m + \u0110i\u1ec1u khi\u1ec3n th\u1eddi gian th\u1ef1c.<\/span><\/li>\n<li><span style=\"color: #000000;\">Ph\u1ea7n m\u1ec1m \u0111i\u1ec1u khi\u1ec3n chuy\u00ean d\u1ee5ng c\u1ee7a EDIBON d\u1ef1a tr\u00ean LabVIEW.<\/span><\/li>\n<li><span style=\"color: #000000;\">Bo m\u1ea1ch thu th\u1eadp d\u1eef li\u1ec7u National Instruments (250 KS\/s, kilo m\u1eabu\/gi\u00e2y).<\/span><\/li>\n<li><span style=\"color: #000000;\">B\u00e0i t\u1eadp hi\u1ec7u chu\u1ea9n gi\u00fap ng\u01b0\u1eddi d\u00f9ng h\u1ecdc c\u00e1ch hi\u1ec7u chu\u1ea9n c\u1ea3m bi\u1ebfn v\u00e0 ki\u1ec3m tra \u0111\u1ed9 ch\u00ednh x\u00e1c tr\u01b0\u1edbc khi \u0111o l\u01b0\u1eddng.<\/span><\/li>\n<li><span style=\"color: #000000;\">T\u01b0\u01a1ng th\u00edch v\u1edbi m\u00e1y chi\u1ebfu v\u00e0\/ho\u1eb7c b\u1ea3ng tr\u1eafng \u0111i\u1ec7n t\u1eed, gi\u00fap tr\u00ecnh b\u00e0y v\u00e0 gi\u1ea3ng d\u1ea1y cho c\u1ea3 l\u1edbp c\u00f9ng l\u00fac.<\/span><\/li>\n<li><span style=\"color: #000000;\">C\u00f3 kh\u1ea3 n\u0103ng th\u1ef1c hi\u1ec7n nghi\u00ean c\u1ee9u \u1ee9ng d\u1ee5ng, m\u00f4 ph\u1ecfng c\u00f4ng nghi\u1ec7p th\u1ef1c t\u1ebf, kh\u00f3a \u0111\u00e0o t\u1ea1o, v.v.<\/span><\/li>\n<li><span style=\"color: #000000;\">Lu\u00f4n bao g\u1ed3m t\u00ednh n\u0103ng \u0111i\u1ec1u khi\u1ec3n v\u00e0 v\u1eadn h\u00e0nh t\u1eeb xa cho ng\u01b0\u1eddi d\u00f9ng v\u00e0 h\u1ed7 tr\u1ee3 k\u1ef9 thu\u1eadt t\u1eeb xa c\u1ee7a EDIBON.<\/span><\/li>\n<li><span style=\"color: #000000;\">An to\u00e0n tuy\u1ec7t \u0111\u1ed1i v\u1edbi 4 h\u1ec7 th\u1ed1ng an to\u00e0n (C\u01a1 kh\u00ed, \u0110i\u1ec7n, \u0110i\u1ec7n t\u1eed &amp; Ph\u1ea7n m\u1ec1m).<\/span><\/li>\n<li><span style=\"color: #000000;\">Thi\u1ebft k\u1ebf v\u00e0 s\u1ea3n xu\u1ea5t theo c\u00e1c ti\u00eau chu\u1ea9n ch\u1ea5t l\u01b0\u1ee3ng kh\u00e1c nhau.<\/span><\/li>\n<li><span style=\"color: #000000;\">T\u00f9y ch\u1ecdn ph\u1ea7n m\u1ec1m ICAI \u0111\u1ec3 t\u1ea1o, ch\u1ec9nh s\u1eeda v\u00e0 th\u1ef1c hi\u1ec7n c\u00e1c b\u00e0i t\u1eadp th\u1ef1c h\u00e0nh, ki\u1ec3m tra, t\u00ednh to\u00e1n, theo d\u00f5i ki\u1ebfn th\u1ee9c v\u00e0 ti\u1ebfn \u0111\u1ed9 c\u1ee7a ng\u01b0\u1eddi d\u00f9ng.<\/span><\/li>\n<li><span style=\"color: #000000;\">Thi\u1ebft b\u1ecb n\u00e0y \u0111\u01b0\u1ee3c thi\u1ebft k\u1ebf cho kh\u1ea3 n\u0103ng m\u1edf r\u1ed9ng v\u00e0 t\u00edch h\u1ee3p trong t\u01b0\u01a1ng lai. M\u1ed9t m\u1edf r\u1ed9ng ph\u1ed5 bi\u1ebfn l\u00e0 h\u1ec7 th\u1ed1ng EDIBON Scada-Net (ESN) cho ph\u00e9p nhi\u1ec1u sinh vi\u00ean v\u1eadn h\u00e0nh \u0111\u1ed3ng th\u1eddi nhi\u1ec1u thi\u1ebft b\u1ecb trong c\u00f9ng m\u1ed9t m\u1ea1ng l\u01b0\u1edbi.<\/span><\/li>\n<\/ul>","protected":false},"excerpt":{"rendered":"<p><span style=\"color: #000000;\">H\u1ec7 th\u1ed1ng \u0111\u00e0o t\u1ea1o b\u1ed9 trao \u0111\u1ed5i nhi\u1ec7t \u0111i\u1ec1u khi\u1ec3n b\u1eb1ng m\u00e1y t\u00ednh (TICC &#8211; Computer Controlled Heat Exchangers Training System) \u0111\u01b0\u1ee3c thi\u1ebft k\u1ebf b\u1edfi EDIBON nh\u1eb1m nghi\u00ean c\u1ee9u v\u00e0 so s\u00e1nh c\u00e1c lo\u1ea1i b\u1ed9 trao \u0111\u1ed5i nhi\u1ec7t quy m\u00f4 nh\u1ecf ho\u1ea1t \u0111\u1ed9ng theo hai ch\u1ebf \u0111\u1ed9: \u0111\u1ed3ng d\u00f2ng v\u00e0 ng\u01b0\u1ee3c d\u00f2ng.<\/span><\/p>","protected":false},"featured_media":1794,"template":"","meta":{"inline_featured_image":false},"product_brand":[47],"product_cat":[92,90],"product_tag":[],"class_list":{"0":"post-1804","1":"product","2":"type-product","3":"status-publish","4":"has-post-thumbnail","6":"product_brand-edibon","7":"product_cat-nhiet-dong-luc-hoc-va-ky-thuat-nhiet","8":"product_cat-thiet-bi-giao-duc","10":"first","11":"instock","12":"shipping-taxable","13":"product-type-simple"},"yoast_head":"<!-- This site is optimized with the Yoast SEO plugin v24.7 - https:\/\/yoast.com\/wordpress\/plugins\/seo\/ -->\n<title>H\u1ec7 th\u1ed1ng \u0111\u00e0o t\u1ea1o b\u1ed9 trao \u0111\u1ed5i nhi\u1ec7t \u0111i\u1ec1u khi\u1ec3n b\u1eb1ng m\u00e1y t\u00ednh - HTI Scientific<\/title>\n<meta name=\"description\" content=\"H\u1ec7 th\u1ed1ng \u0111\u00e0o t\u1ea1o trao \u0111\u1ed5i nhi\u1ec7t nghi\u00ean c\u1ee9u v\u00e0 so s\u00e1nh c\u00e1c lo\u1ea1i b\u1ed9 trao \u0111\u1ed5i nhi\u1ec7t quy m\u00f4 nh\u1ecf ho\u1ea1t \u0111\u1ed9ng theo hai ch\u1ebf \u0111\u1ed9 \u0111\u1ed3ng d\u00f2ng v\u00e0 ng\u01b0\u1ee3c d\u00f2ng\" \/>\n<meta name=\"robots\" content=\"index, follow, max-snippet:-1, max-image-preview:large, max-video-preview:-1\" \/>\n<link rel=\"canonical\" href=\"https:\/\/htiscientific.vn\/en\/product\/he-thong-dao-tao-bo-trao-doi-nhiet-dieu-khien-bang-may-tinh\/\" \/>\n<meta property=\"og:locale\" content=\"en_US\" \/>\n<meta property=\"og:type\" content=\"article\" \/>\n<meta property=\"og:title\" content=\"H\u1ec7 th\u1ed1ng \u0111\u00e0o t\u1ea1o b\u1ed9 trao \u0111\u1ed5i nhi\u1ec7t \u0111i\u1ec1u khi\u1ec3n b\u1eb1ng m\u00e1y t\u00ednh - HTI Scientific\" \/>\n<meta property=\"og:description\" content=\"H\u1ec7 th\u1ed1ng \u0111\u00e0o t\u1ea1o trao \u0111\u1ed5i nhi\u1ec7t nghi\u00ean c\u1ee9u v\u00e0 so s\u00e1nh c\u00e1c lo\u1ea1i b\u1ed9 trao \u0111\u1ed5i nhi\u1ec7t quy m\u00f4 nh\u1ecf ho\u1ea1t \u0111\u1ed9ng theo hai ch\u1ebf \u0111\u1ed9 \u0111\u1ed3ng d\u00f2ng v\u00e0 ng\u01b0\u1ee3c d\u00f2ng\" \/>\n<meta property=\"og:url\" content=\"https:\/\/htiscientific.vn\/en\/product\/he-thong-dao-tao-bo-trao-doi-nhiet-dieu-khien-bang-may-tinh\/\" \/>\n<meta property=\"og:site_name\" content=\"HTI Scientific\" \/>\n<meta property=\"article:publisher\" content=\"https:\/\/www.facebook.com\/htiscientific.vn\" \/>\n<meta property=\"og:image\" content=\"https:\/\/htiscientific.vn\/wp-content\/uploads\/2025\/06\/14.jpg\" \/>\n\t<meta property=\"og:image:width\" content=\"1000\" \/>\n\t<meta property=\"og:image:height\" content=\"1000\" \/>\n\t<meta property=\"og:image:type\" content=\"image\/jpeg\" \/>\n<meta name=\"twitter:card\" content=\"summary_large_image\" \/>\n<meta name=\"twitter:label1\" content=\"Est. reading time\" \/>\n\t<meta name=\"twitter:data1\" content=\"4 minutes\" \/>\n<script type=\"application\/ld+json\" class=\"yoast-schema-graph\">{\"@context\":\"https:\/\/schema.org\",\"@graph\":[{\"@type\":\"WebPage\",\"@id\":\"https:\/\/htiscientific.vn\/san-pham\/he-thong-dao-tao-bo-trao-doi-nhiet-dieu-khien-bang-may-tinh\/\",\"url\":\"https:\/\/htiscientific.vn\/san-pham\/he-thong-dao-tao-bo-trao-doi-nhiet-dieu-khien-bang-may-tinh\/\",\"name\":\"H\u1ec7 th\u1ed1ng \u0111\u00e0o t\u1ea1o b\u1ed9 trao \u0111\u1ed5i nhi\u1ec7t \u0111i\u1ec1u khi\u1ec3n b\u1eb1ng m\u00e1y t\u00ednh - HTI Scientific\",\"isPartOf\":{\"@id\":\"https:\/\/htiscientific.vn\/#website\"},\"primaryImageOfPage\":{\"@id\":\"https:\/\/htiscientific.vn\/san-pham\/he-thong-dao-tao-bo-trao-doi-nhiet-dieu-khien-bang-may-tinh\/#primaryimage\"},\"image\":{\"@id\":\"https:\/\/htiscientific.vn\/san-pham\/he-thong-dao-tao-bo-trao-doi-nhiet-dieu-khien-bang-may-tinh\/#primaryimage\"},\"thumbnailUrl\":\"https:\/\/htiscientific.vn\/wp-content\/uploads\/2025\/06\/14.jpg\",\"datePublished\":\"2025-06-24T04:29:06+00:00\",\"description\":\"H\u1ec7 th\u1ed1ng \u0111\u00e0o t\u1ea1o trao \u0111\u1ed5i nhi\u1ec7t nghi\u00ean c\u1ee9u v\u00e0 so s\u00e1nh c\u00e1c lo\u1ea1i b\u1ed9 trao \u0111\u1ed5i nhi\u1ec7t quy m\u00f4 nh\u1ecf ho\u1ea1t \u0111\u1ed9ng theo hai ch\u1ebf \u0111\u1ed9 \u0111\u1ed3ng d\u00f2ng v\u00e0 ng\u01b0\u1ee3c d\u00f2ng\",\"breadcrumb\":{\"@id\":\"https:\/\/htiscientific.vn\/san-pham\/he-thong-dao-tao-bo-trao-doi-nhiet-dieu-khien-bang-may-tinh\/#breadcrumb\"},\"inLanguage\":\"en-US\",\"potentialAction\":[{\"@type\":\"ReadAction\",\"target\":[\"https:\/\/htiscientific.vn\/san-pham\/he-thong-dao-tao-bo-trao-doi-nhiet-dieu-khien-bang-may-tinh\/\"]}]},{\"@type\":\"ImageObject\",\"inLanguage\":\"en-US\",\"@id\":\"https:\/\/htiscientific.vn\/san-pham\/he-thong-dao-tao-bo-trao-doi-nhiet-dieu-khien-bang-may-tinh\/#primaryimage\",\"url\":\"https:\/\/htiscientific.vn\/wp-content\/uploads\/2025\/06\/14.jpg\",\"contentUrl\":\"https:\/\/htiscientific.vn\/wp-content\/uploads\/2025\/06\/14.jpg\",\"width\":1000,\"height\":1000,\"caption\":\"he-thong-trao-doi-nhiet\"},{\"@type\":\"BreadcrumbList\",\"@id\":\"https:\/\/htiscientific.vn\/san-pham\/he-thong-dao-tao-bo-trao-doi-nhiet-dieu-khien-bang-may-tinh\/#breadcrumb\",\"itemListElement\":[{\"@type\":\"ListItem\",\"position\":1,\"name\":\"Trang ch\u1ee7\",\"item\":\"https:\/\/htiscientific.vn\/\"},{\"@type\":\"ListItem\",\"position\":2,\"name\":\"C\u1eeda h\u00e0ng\",\"item\":\"https:\/\/htiscientific.vn\/cua-hang\/\"},{\"@type\":\"ListItem\",\"position\":3,\"name\":\"Thi\u1ebft b\u1ecb gi\u00e1o d\u1ee5c\",\"item\":\"https:\/\/htiscientific.vn\/danh-muc-san-pham\/thiet-bi-giao-duc\/\"},{\"@type\":\"ListItem\",\"position\":4,\"name\":\"Nhi\u1ec7t \u0111\u1ed9ng l\u1ef1c h\u1ecdc v\u00e0 k\u1ef9 thu\u1eadt nhi\u1ec7t\",\"item\":\"https:\/\/htiscientific.vn\/danh-muc-san-pham\/thiet-bi-giao-duc\/nhiet-dong-luc-hoc-va-ky-thuat-nhiet\/\"},{\"@type\":\"ListItem\",\"position\":5,\"name\":\"H\u1ec7 th\u1ed1ng \u0111\u00e0o t\u1ea1o b\u1ed9 trao \u0111\u1ed5i nhi\u1ec7t \u0111i\u1ec1u khi\u1ec3n b\u1eb1ng m\u00e1y t\u00ednh\"}]},{\"@type\":\"WebSite\",\"@id\":\"https:\/\/htiscientific.vn\/#website\",\"url\":\"https:\/\/htiscientific.vn\/\",\"name\":\"HTI Scientific\",\"description\":\"HTI Scientific\",\"publisher\":{\"@id\":\"https:\/\/htiscientific.vn\/#organization\"},\"potentialAction\":[{\"@type\":\"SearchAction\",\"target\":{\"@type\":\"EntryPoint\",\"urlTemplate\":\"https:\/\/htiscientific.vn\/?s={search_term_string}\"},\"query-input\":{\"@type\":\"PropertyValueSpecification\",\"valueRequired\":true,\"valueName\":\"search_term_string\"}}],\"inLanguage\":\"en-US\"},{\"@type\":\"Organization\",\"@id\":\"https:\/\/htiscientific.vn\/#organization\",\"name\":\"HTI Scientific\",\"alternateName\":\"HTI Scientific\",\"url\":\"https:\/\/htiscientific.vn\/\",\"logo\":{\"@type\":\"ImageObject\",\"inLanguage\":\"en-US\",\"@id\":\"https:\/\/htiscientific.vn\/#\/schema\/logo\/image\/\",\"url\":\"https:\/\/htiscientific.vn\/wp-content\/uploads\/2025\/03\/ava-hti-copy.jpg\",\"contentUrl\":\"https:\/\/htiscientific.vn\/wp-content\/uploads\/2025\/03\/ava-hti-copy.jpg\",\"width\":700,\"height\":450,\"caption\":\"HTI Scientific\"},\"image\":{\"@id\":\"https:\/\/htiscientific.vn\/#\/schema\/logo\/image\/\"},\"sameAs\":[\"https:\/\/www.facebook.com\/htiscientific.vn\"]}]}<\/script>\n<!-- \/ Yoast SEO plugin. -->","yoast_head_json":{"title":"H\u1ec7 th\u1ed1ng \u0111\u00e0o t\u1ea1o b\u1ed9 trao \u0111\u1ed5i nhi\u1ec7t \u0111i\u1ec1u khi\u1ec3n b\u1eb1ng m\u00e1y t\u00ednh - HTI Scientific","description":"H\u1ec7 th\u1ed1ng \u0111\u00e0o t\u1ea1o trao \u0111\u1ed5i nhi\u1ec7t nghi\u00ean c\u1ee9u v\u00e0 so s\u00e1nh c\u00e1c lo\u1ea1i b\u1ed9 trao \u0111\u1ed5i nhi\u1ec7t quy m\u00f4 nh\u1ecf ho\u1ea1t \u0111\u1ed9ng theo hai ch\u1ebf \u0111\u1ed9 \u0111\u1ed3ng d\u00f2ng v\u00e0 ng\u01b0\u1ee3c d\u00f2ng","robots":{"index":"index","follow":"follow","max-snippet":"max-snippet:-1","max-image-preview":"max-image-preview:large","max-video-preview":"max-video-preview:-1"},"canonical":"https:\/\/htiscientific.vn\/en\/product\/he-thong-dao-tao-bo-trao-doi-nhiet-dieu-khien-bang-may-tinh\/","og_locale":"en_US","og_type":"article","og_title":"H\u1ec7 th\u1ed1ng \u0111\u00e0o t\u1ea1o b\u1ed9 trao \u0111\u1ed5i nhi\u1ec7t \u0111i\u1ec1u khi\u1ec3n b\u1eb1ng m\u00e1y t\u00ednh - HTI Scientific","og_description":"H\u1ec7 th\u1ed1ng \u0111\u00e0o t\u1ea1o trao \u0111\u1ed5i nhi\u1ec7t nghi\u00ean c\u1ee9u v\u00e0 so s\u00e1nh c\u00e1c lo\u1ea1i b\u1ed9 trao \u0111\u1ed5i nhi\u1ec7t quy m\u00f4 nh\u1ecf ho\u1ea1t \u0111\u1ed9ng theo hai ch\u1ebf \u0111\u1ed9 \u0111\u1ed3ng d\u00f2ng v\u00e0 ng\u01b0\u1ee3c d\u00f2ng","og_url":"https:\/\/htiscientific.vn\/en\/product\/he-thong-dao-tao-bo-trao-doi-nhiet-dieu-khien-bang-may-tinh\/","og_site_name":"HTI Scientific","article_publisher":"https:\/\/www.facebook.com\/htiscientific.vn","og_image":[{"width":1000,"height":1000,"url":"https:\/\/htiscientific.vn\/wp-content\/uploads\/2025\/06\/14.jpg","type":"image\/jpeg"}],"twitter_card":"summary_large_image","twitter_misc":{"Est. reading time":"4 minutes"},"schema":{"@context":"https:\/\/schema.org","@graph":[{"@type":"WebPage","@id":"https:\/\/htiscientific.vn\/san-pham\/he-thong-dao-tao-bo-trao-doi-nhiet-dieu-khien-bang-may-tinh\/","url":"https:\/\/htiscientific.vn\/san-pham\/he-thong-dao-tao-bo-trao-doi-nhiet-dieu-khien-bang-may-tinh\/","name":"H\u1ec7 th\u1ed1ng \u0111\u00e0o t\u1ea1o b\u1ed9 trao \u0111\u1ed5i nhi\u1ec7t \u0111i\u1ec1u khi\u1ec3n b\u1eb1ng m\u00e1y t\u00ednh - HTI Scientific","isPartOf":{"@id":"https:\/\/htiscientific.vn\/#website"},"primaryImageOfPage":{"@id":"https:\/\/htiscientific.vn\/san-pham\/he-thong-dao-tao-bo-trao-doi-nhiet-dieu-khien-bang-may-tinh\/#primaryimage"},"image":{"@id":"https:\/\/htiscientific.vn\/san-pham\/he-thong-dao-tao-bo-trao-doi-nhiet-dieu-khien-bang-may-tinh\/#primaryimage"},"thumbnailUrl":"https:\/\/htiscientific.vn\/wp-content\/uploads\/2025\/06\/14.jpg","datePublished":"2025-06-24T04:29:06+00:00","description":"H\u1ec7 th\u1ed1ng \u0111\u00e0o t\u1ea1o trao \u0111\u1ed5i nhi\u1ec7t nghi\u00ean c\u1ee9u v\u00e0 so s\u00e1nh c\u00e1c lo\u1ea1i b\u1ed9 trao \u0111\u1ed5i nhi\u1ec7t quy m\u00f4 nh\u1ecf ho\u1ea1t \u0111\u1ed9ng theo hai ch\u1ebf \u0111\u1ed9 \u0111\u1ed3ng d\u00f2ng v\u00e0 ng\u01b0\u1ee3c d\u00f2ng","breadcrumb":{"@id":"https:\/\/htiscientific.vn\/san-pham\/he-thong-dao-tao-bo-trao-doi-nhiet-dieu-khien-bang-may-tinh\/#breadcrumb"},"inLanguage":"en-US","potentialAction":[{"@type":"ReadAction","target":["https:\/\/htiscientific.vn\/san-pham\/he-thong-dao-tao-bo-trao-doi-nhiet-dieu-khien-bang-may-tinh\/"]}]},{"@type":"ImageObject","inLanguage":"en-US","@id":"https:\/\/htiscientific.vn\/san-pham\/he-thong-dao-tao-bo-trao-doi-nhiet-dieu-khien-bang-may-tinh\/#primaryimage","url":"https:\/\/htiscientific.vn\/wp-content\/uploads\/2025\/06\/14.jpg","contentUrl":"https:\/\/htiscientific.vn\/wp-content\/uploads\/2025\/06\/14.jpg","width":1000,"height":1000,"caption":"he-thong-trao-doi-nhiet"},{"@type":"BreadcrumbList","@id":"https:\/\/htiscientific.vn\/san-pham\/he-thong-dao-tao-bo-trao-doi-nhiet-dieu-khien-bang-may-tinh\/#breadcrumb","itemListElement":[{"@type":"ListItem","position":1,"name":"Trang ch\u1ee7","item":"https:\/\/htiscientific.vn\/"},{"@type":"ListItem","position":2,"name":"C\u1eeda h\u00e0ng","item":"https:\/\/htiscientific.vn\/cua-hang\/"},{"@type":"ListItem","position":3,"name":"Thi\u1ebft b\u1ecb gi\u00e1o d\u1ee5c","item":"https:\/\/htiscientific.vn\/danh-muc-san-pham\/thiet-bi-giao-duc\/"},{"@type":"ListItem","position":4,"name":"Nhi\u1ec7t \u0111\u1ed9ng l\u1ef1c h\u1ecdc v\u00e0 k\u1ef9 thu\u1eadt nhi\u1ec7t","item":"https:\/\/htiscientific.vn\/danh-muc-san-pham\/thiet-bi-giao-duc\/nhiet-dong-luc-hoc-va-ky-thuat-nhiet\/"},{"@type":"ListItem","position":5,"name":"H\u1ec7 th\u1ed1ng \u0111\u00e0o t\u1ea1o b\u1ed9 trao \u0111\u1ed5i nhi\u1ec7t \u0111i\u1ec1u khi\u1ec3n b\u1eb1ng m\u00e1y t\u00ednh"}]},{"@type":"WebSite","@id":"https:\/\/htiscientific.vn\/#website","url":"https:\/\/htiscientific.vn\/","name":"HTI Scientific","description":"HTI Scientific","publisher":{"@id":"https:\/\/htiscientific.vn\/#organization"},"potentialAction":[{"@type":"SearchAction","target":{"@type":"EntryPoint","urlTemplate":"https:\/\/htiscientific.vn\/?s={search_term_string}"},"query-input":{"@type":"PropertyValueSpecification","valueRequired":true,"valueName":"search_term_string"}}],"inLanguage":"en-US"},{"@type":"Organization","@id":"https:\/\/htiscientific.vn\/#organization","name":"HTI Scientific","alternateName":"HTI Scientific","url":"https:\/\/htiscientific.vn\/","logo":{"@type":"ImageObject","inLanguage":"en-US","@id":"https:\/\/htiscientific.vn\/#\/schema\/logo\/image\/","url":"https:\/\/htiscientific.vn\/wp-content\/uploads\/2025\/03\/ava-hti-copy.jpg","contentUrl":"https:\/\/htiscientific.vn\/wp-content\/uploads\/2025\/03\/ava-hti-copy.jpg","width":700,"height":450,"caption":"HTI Scientific"},"image":{"@id":"https:\/\/htiscientific.vn\/#\/schema\/logo\/image\/"},"sameAs":["https:\/\/www.facebook.com\/htiscientific.vn"]}]}},"_links":{"self":[{"href":"https:\/\/htiscientific.vn\/en\/wp-json\/wp\/v2\/product\/1804","targetHints":{"allow":["GET"]}}],"collection":[{"href":"https:\/\/htiscientific.vn\/en\/wp-json\/wp\/v2\/product"}],"about":[{"href":"https:\/\/htiscientific.vn\/en\/wp-json\/wp\/v2\/types\/product"}],"wp:featuredmedia":[{"embeddable":true,"href":"https:\/\/htiscientific.vn\/en\/wp-json\/wp\/v2\/media\/1794"}],"wp:attachment":[{"href":"https:\/\/htiscientific.vn\/en\/wp-json\/wp\/v2\/media?parent=1804"}],"wp:term":[{"taxonomy":"product_brand","embeddable":true,"href":"https:\/\/htiscientific.vn\/en\/wp-json\/wp\/v2\/product_brand?post=1804"},{"taxonomy":"product_cat","embeddable":true,"href":"https:\/\/htiscientific.vn\/en\/wp-json\/wp\/v2\/product_cat?post=1804"},{"taxonomy":"product_tag","embeddable":true,"href":"https:\/\/htiscientific.vn\/en\/wp-json\/wp\/v2\/product_tag?post=1804"}],"curies":[{"name":"wp","href":"https:\/\/api.w.org\/{rel}","templated":true}]}}