{"id":1802,"date":"2025-06-24T11:10:08","date_gmt":"2025-06-24T04:10:08","guid":{"rendered":"https:\/\/htiscientific.vn\/?post_type=product&#038;p=1802"},"modified":"2025-06-24T11:10:08","modified_gmt":"2025-06-24T04:10:08","slug":"he-thong-thi-nghiem-truyen-nhiet-dieu-khien-bang-may-tinh","status":"publish","type":"product","link":"https:\/\/htiscientific.vn\/en\/product\/he-thong-thi-nghiem-truyen-nhiet-dieu-khien-bang-may-tinh\/","title":{"rendered":"H\u1ec7 th\u1ed1ng th\u00ed nghi\u1ec7m truy\u1ec1n nhi\u1ec7t \u0111i\u1ec1u khi\u1ec3n b\u1eb1ng m\u00e1y t\u00ednh"},"content":{"rendered":"<p><span style=\"color: #000000;\">Thi\u1ebft b\u1ecb TSTCC (Computer Controlled Heat Transfer Series) c\u1ee7a EDIBON \u0111\u01b0\u1ee3c thi\u1ebft k\u1ebf b\u1edfi EDIBON nh\u1eb1m nghi\u00ean c\u1ee9u v\u00e0 so s\u00e1nh c\u00e1c ph\u01b0\u01a1ng th\u1ee9c truy\u1ec1n nhi\u1ec7t kh\u00e1c nhau \u1edf quy m\u00f4 nh\u1ecf.<\/span><\/p>\n<p><span style=\"color: #000000;\"><strong>TSTCC\/CIB. Giao di\u1ec7n \u0111i\u1ec1u khi\u1ec3n cho TSTCC (D\u00f9ng chung cho t\u1ea5t c\u1ea3 c\u00e1c m\u00f4-\u0111un lo\u1ea1i &#8220;TXC&#8221;):<\/strong><\/span><\/p>\n<ul>\n<li><span style=\"color: #000000;\">Giao di\u1ec7n \u0111i\u1ec1u khi\u1ec3n n\u00e0y d\u00f9ng chung cho c\u00e1c m\u00f4-\u0111un c\u1ea7n thi\u1ebft (\u00edt nh\u1ea5t m\u1ed9t m\u00f4-\u0111un) (Kh\u00f4ng bao g\u1ed3m).<\/span><\/li>\n<li><span style=\"color: #000000;\">H\u1ed9p giao di\u1ec7n \u0111i\u1ec1u khi\u1ec3n v\u1edbi s\u01a1 \u0111\u1ed3 quy tr\u00ecnh \u1edf m\u1eb7t tr\u01b0\u1edbc.<\/span><\/li>\n<li><span style=\"color: #000000;\">C\u00e1c ph\u1ea7n t\u1eed \u0111i\u1ec1u khi\u1ec3n c\u1ee7a thi\u1ebft b\u1ecb \u0111\u01b0\u1ee3c \u0111i\u1ec1u khi\u1ec3n ho\u00e0n to\u00e0n b\u1eb1ng m\u00e1y t\u00ednh.<\/span><\/li>\n<li><span style=\"color: #000000;\">Hi\u1ec3n th\u1ecb \u0111\u1ed3ng th\u1eddi tr\u00ean m\u00e1y t\u00ednh t\u1ea5t c\u1ea3 c\u00e1c th\u00f4ng s\u1ed1 li\u00ean quan \u0111\u1ebfn qu\u00e1 tr\u00ecnh.<\/span><\/li>\n<li><span style=\"color: #000000;\">Hi\u1ec7u chu\u1ea9n t\u1ea5t c\u1ea3 c\u00e1c c\u1ea3m bi\u1ebfn tham gia v\u00e0o qu\u00e1 tr\u00ecnh.<\/span><\/li>\n<li><span style=\"color: #000000;\">Bi\u1ec3u di\u1ec5n \u0111\u1ed3 th\u1ecb th\u1eddi gian th\u1ef1c v\u1ec1 ph\u1ea3n \u1ee9ng c\u1ee7a h\u1ec7 th\u1ed1ng.<\/span><\/li>\n<li><span style=\"color: #000000;\">T\u1ea5t c\u1ea3 c\u00e1c gi\u00e1 tr\u1ecb c\u1ee7a b\u1ed9 ch\u1ea5p h\u00e0nh c\u00f3 th\u1ec3 \u0111\u01b0\u1ee3c thay \u0111\u1ed5i b\u1ea5t k\u1ef3 l\u00fac n\u00e0o t\u1eeb b\u00e0n ph\u00edm, cho ph\u00e9p ph\u00e2n t\u00edch \u0111\u1ed3 th\u1ecb v\u00e0 ph\u1ea3n \u1ee9ng c\u1ee7a to\u00e0n b\u1ed9 qu\u00e1 tr\u00ecnh.<\/span><\/li>\n<li><span style=\"color: #000000;\">T\u00edn hi\u1ec7u \u0111\u01b0\u1ee3c che ch\u1eafn v\u00e0 l\u1ecdc \u0111\u1ec3 tr\u00e1nh nhi\u1ec5u b\u00ean ngo\u00e0i.<\/span><\/li>\n<li><span style=\"color: #000000;\">\u0110i\u1ec1u khi\u1ec3n PID th\u1eddi gian th\u1ef1c v\u1edbi kh\u1ea3 n\u0103ng thay \u0111\u1ed5i c\u00e1c th\u00f4ng s\u1ed1 PID t\u1eeb b\u00e0n ph\u00edm m\u00e1y t\u00ednh trong qu\u00e1 tr\u00ecnh ho\u1ea1t \u0111\u1ed9ng.<\/span><\/li>\n<li><span style=\"color: #000000;\">\u0110i\u1ec1u khi\u1ec3n PID th\u1eddi gian th\u1ef1c cho c\u00e1c th\u00f4ng s\u1ed1 li\u00ean quan \u0111\u1ebfn qu\u00e1 tr\u00ecnh m\u1ed9t c\u00e1ch \u0111\u1ed3ng th\u1eddi.<\/span><\/li>\n<li><span style=\"color: #000000;\">\u0110i\u1ec1u khi\u1ec3n t\u1ec9 l\u1ec7 (P), t\u00edch ph\u00e2n (I) v\u00e0 vi ph\u00e2n (D) d\u1ef1a tr\u00ean c\u00f4ng th\u1ee9c to\u00e1n h\u1ecdc PID th\u1ef1c t\u1ebf, cho ph\u00e9p thay \u0111\u1ed5i gi\u00e1 tr\u1ecb c\u1ee7a ba h\u1eb1ng s\u1ed1 \u0111i\u1ec1u khi\u1ec3n (P, I v\u00e0 D) b\u1ea5t k\u1ef3 l\u00fac n\u00e0o.<\/span><\/li>\n<li><span style=\"color: #000000;\">\u0110i\u1ec1u khi\u1ec3n m\u1edf, cho ph\u00e9p s\u1eeda \u0111\u1ed5i c\u00e1c th\u00f4ng s\u1ed1 li\u00ean quan \u0111\u1ebfn qu\u00e1 tr\u00ecnh \u0111\u1ed3ng th\u1eddi v\u00e0 trong th\u1eddi gian th\u1ef1c.<\/span><\/li>\n<li><span style=\"color: #000000;\">Ba c\u1ea5p \u0111\u1ed9 an to\u00e0n:<\/span>\n<ul>\n<li><span style=\"color: #000000;\">C\u01a1 kh\u00ed (tr\u00ean thi\u1ebft b\u1ecb).<\/span><\/li>\n<li><span style=\"color: #000000;\">\u0110i\u1ec7n t\u1eed (tr\u00ean giao di\u1ec7n \u0111i\u1ec1u khi\u1ec3n).<\/span><\/li>\n<li><span style=\"color: #000000;\">Ph\u1ea7n m\u1ec1m (tr\u00ean ph\u1ea7n m\u1ec1m \u0111i\u1ec1u khi\u1ec3n).<\/span><\/li>\n<\/ul>\n<\/li>\n<\/ul>\n<p><span style=\"color: #000000;\"><strong>Thi\u1ebft b\u1ecb bao g\u1ed3m c\u00e1c t\u00ednh n\u0103ng b\u1ed5 sung sau:<\/strong><\/span><\/p>\n<ul>\n<li><span style=\"color: #000000;\">H\u1ec7 th\u1ed1ng SCADA v\u00e0 \u0111i\u1ec1u khi\u1ec3n PID th\u1eddi gian th\u1ef1c ti\u00ean ti\u1ebfn.<\/span><\/li>\n<li><span style=\"color: #000000;\">\u0110i\u1ec1u khi\u1ec3n m\u1edf + \u0110i\u1ec1u khi\u1ec3n \u0111a \u0111i\u1ec3m + \u0110i\u1ec1u khi\u1ec3n th\u1eddi gian th\u1ef1c.<\/span><\/li>\n<li><span style=\"color: #000000;\">Ph\u1ea7n m\u1ec1m \u0111i\u1ec1u khi\u1ec3n chuy\u00ean d\u1ee5ng c\u1ee7a EDIBON d\u1ef1a tr\u00ean LabVIEW.<\/span><\/li>\n<li><span style=\"color: #000000;\">Bo m\u1ea1ch thu th\u1eadp d\u1eef li\u1ec7u c\u1ee7a National Instruments (t\u1ed1c \u0111\u1ed9 250 KS\/s \u2013 kilo m\u1eabu\/gi\u00e2y).<\/span><\/li>\n<li><span style=\"color: #000000;\">B\u00e0i t\u1eadp hi\u1ec7u chu\u1ea9n a\u0111i k\u00e8m gi\u00fap ng\u01b0\u1eddi d\u00f9ng h\u1ecdc c\u00e1ch hi\u1ec7u chu\u1ea9n c\u1ea3m bi\u1ebfn v\u00e0 hi\u1ec3u t\u1ea7m quan tr\u1ecdng c\u1ee7a vi\u1ec7c ki\u1ec3m tra \u0111\u1ed9 ch\u00ednh x\u00e1c tr\u01b0\u1edbc khi \u0111o l\u01b0\u1eddng.<\/span><\/li>\n<li><span style=\"color: #000000;\">T\u01b0\u01a1ng th\u00edch v\u1edbi m\u00e1y chi\u1ebfu v\u00e0\/ho\u1eb7c b\u1ea3ng tr\u1eafng \u0111i\u1ec7n t\u1eed, cho ph\u00e9p tr\u00ecnh b\u00e0y v\u00e0 gi\u1ea3i th\u00edch thi\u1ebft b\u1ecb cho c\u1ea3 l\u1edbp h\u1ecdc c\u00f9ng l\u00fac.<\/span><\/li>\n<li><span style=\"color: #000000;\">Kh\u1ea3 n\u0103ng th\u1ef1c hi\u1ec7n nghi\u00ean c\u1ee9u \u1ee9ng d\u1ee5ng, m\u00f4 ph\u1ecfng c\u00f4ng nghi\u1ec7p th\u1ef1c t\u1ebf, kh\u00f3a \u0111\u00e0o t\u1ea1o, v.v.<\/span><\/li>\n<li><span style=\"color: #000000;\">H\u1ed7 tr\u1ee3 v\u1eadn h\u00e0nh v\u00e0 \u0111i\u1ec1u khi\u1ec3n t\u1eeb xa cho ng\u01b0\u1eddi d\u00f9ng v\u00e0 h\u1ed7 tr\u1ee3 k\u1ef9 thu\u1eadt t\u1eeb EDIBON.<\/span><\/li>\n<li><span style=\"color: #000000;\">An to\u00e0n tuy\u1ec7t \u0111\u1ed1i v\u1edbi 4 h\u1ec7 th\u1ed1ng b\u1ea3o v\u1ec7 (C\u01a1 kh\u00ed, \u0110i\u1ec7n, \u0110i\u1ec7n t\u1eed &amp; Ph\u1ea7n m\u1ec1m).<\/span><\/li>\n<li><span style=\"color: #000000;\">Thi\u1ebft k\u1ebf v\u00e0 s\u1ea3n xu\u1ea5t tu\u00e2n th\u1ee7 c\u00e1c ti\u00eau chu\u1ea9n ch\u1ea5t l\u01b0\u1ee3ng kh\u00e1c nhau.<\/span><\/li>\n<li><span style=\"color: #000000;\">T\u00f9y ch\u1ecdn ph\u1ea7n m\u1ec1m ICAI \u0111\u1ec3 t\u1ea1o, ch\u1ec9nh s\u1eeda v\u00e0 th\u1ef1c hi\u1ec7n c\u00e1c b\u00e0i t\u1eadp th\u1ef1c h\u00e0nh, ki\u1ec3m tra, t\u00ednh to\u00e1n, v.v., \u0111\u1ed3ng th\u1eddi theo d\u00f5i ki\u1ebfn th\u1ee9c v\u00e0 ti\u1ebfn \u0111\u1ed9 c\u1ee7a ng\u01b0\u1eddi d\u00f9ng.<\/span><\/li>\n<li><span style=\"color: #000000;\">Thi\u1ebft b\u1ecb \u0111\u01b0\u1ee3c thi\u1ebft k\u1ebf \u0111\u1ec3 m\u1edf r\u1ed9ng v\u00e0 t\u00edch h\u1ee3p trong t\u01b0\u01a1ng lai. M\u1ed9t t\u00f9y ch\u1ecdn m\u1edf r\u1ed9ng ph\u1ed5 bi\u1ebfn l\u00e0 h\u1ec7 th\u1ed1ng Scada-Net (ESN) c\u1ee7a EDIBON, cho ph\u00e9p nhi\u1ec1u sinh vi\u00ean v\u1eadn h\u00e0nh \u0111\u1ed3ng th\u1eddi nhi\u1ec1u thi\u1ebft b\u1ecb trong c\u00f9ng m\u1ed9t m\u1ea1ng.<\/span><\/li>\n<\/ul>","protected":false},"excerpt":{"rendered":"<p><span style=\"color: #000000;\">Thi\u1ebft b\u1ecb TSTCC (Computer Controlled Heat Transfer Series) c\u1ee7a EDIBON \u0111\u01b0\u1ee3c thi\u1ebft k\u1ebf b\u1edfi EDIBON nh\u1eb1m nghi\u00ean c\u1ee9u v\u00e0 so s\u00e1nh c\u00e1c ph\u01b0\u01a1ng th\u1ee9c truy\u1ec1n nhi\u1ec7t kh\u00e1c nhau \u1edf quy m\u00f4 nh\u1ecf.<\/span><\/p>","protected":false},"featured_media":1803,"template":"","meta":{"inline_featured_image":false},"product_brand":[47],"product_cat":[92,90],"product_tag":[],"class_list":{"0":"post-1802","1":"product","2":"type-product","3":"status-publish","4":"has-post-thumbnail","6":"product_brand-edibon","7":"product_cat-nhiet-dong-luc-hoc-va-ky-thuat-nhiet","8":"product_cat-thiet-bi-giao-duc","10":"first","11":"instock","12":"shipping-taxable","13":"product-type-simple"},"yoast_head":"<!-- This site is optimized with the Yoast SEO plugin v24.7 - https:\/\/yoast.com\/wordpress\/plugins\/seo\/ -->\n<title>H\u1ec7 th\u1ed1ng th\u00ed nghi\u1ec7m truy\u1ec1n nhi\u1ec7t \u0111i\u1ec1u khi\u1ec3n b\u1eb1ng m\u00e1y t\u00ednh - HTI Scientific<\/title>\n<meta name=\"description\" content=\"H\u1ec7 th\u1ed1ng th\u00ed nghi\u1ec7m truy\u1ec1n nhi\u1ec7t g\u1ed3m h\u1ed9p giao di\u1ec7n \u0111i\u1ec1u khi\u1ec3n, ph\u00e2n t\u1eed \u0111i\u1ec1u khi\u1ec3n, h\u1ec7 th\u1ed1ng SCADA v\u00e0 \u0111i\u1ec1u khi\u1ec3n PID, bo m\u1ea1ch thu th\u1eadp d\u1eef li\u1ec7u...\" \/>\n<meta name=\"robots\" content=\"index, follow, max-snippet:-1, max-image-preview:large, max-video-preview:-1\" \/>\n<link rel=\"canonical\" href=\"https:\/\/htiscientific.vn\/en\/product\/he-thong-thi-nghiem-truyen-nhiet-dieu-khien-bang-may-tinh\/\" \/>\n<meta property=\"og:locale\" content=\"en_US\" \/>\n<meta property=\"og:type\" content=\"article\" \/>\n<meta property=\"og:title\" content=\"H\u1ec7 th\u1ed1ng th\u00ed nghi\u1ec7m truy\u1ec1n nhi\u1ec7t \u0111i\u1ec1u khi\u1ec3n b\u1eb1ng m\u00e1y t\u00ednh - HTI Scientific\" \/>\n<meta property=\"og:description\" content=\"H\u1ec7 th\u1ed1ng th\u00ed nghi\u1ec7m truy\u1ec1n nhi\u1ec7t g\u1ed3m h\u1ed9p giao di\u1ec7n \u0111i\u1ec1u khi\u1ec3n, ph\u00e2n t\u1eed \u0111i\u1ec1u khi\u1ec3n, h\u1ec7 th\u1ed1ng SCADA v\u00e0 \u0111i\u1ec1u khi\u1ec3n PID, bo m\u1ea1ch thu th\u1eadp d\u1eef li\u1ec7u...\" \/>\n<meta property=\"og:url\" content=\"https:\/\/htiscientific.vn\/en\/product\/he-thong-thi-nghiem-truyen-nhiet-dieu-khien-bang-may-tinh\/\" \/>\n<meta property=\"og:site_name\" content=\"HTI Scientific\" \/>\n<meta property=\"article:publisher\" content=\"https:\/\/www.facebook.com\/htiscientific.vn\" \/>\n<meta property=\"og:image\" content=\"https:\/\/htiscientific.vn\/wp-content\/uploads\/2025\/06\/thiet-ke-chua-co-ten-16.jpg\" \/>\n\t<meta property=\"og:image:width\" content=\"1000\" \/>\n\t<meta property=\"og:image:height\" content=\"1000\" \/>\n\t<meta property=\"og:image:type\" content=\"image\/jpeg\" \/>\n<meta name=\"twitter:card\" content=\"summary_large_image\" \/>\n<meta name=\"twitter:label1\" content=\"Est. reading time\" \/>\n\t<meta name=\"twitter:data1\" content=\"4 minutes\" \/>\n<script type=\"application\/ld+json\" class=\"yoast-schema-graph\">{\"@context\":\"https:\/\/schema.org\",\"@graph\":[{\"@type\":\"WebPage\",\"@id\":\"https:\/\/htiscientific.vn\/san-pham\/he-thong-thi-nghiem-truyen-nhiet-dieu-khien-bang-may-tinh\/\",\"url\":\"https:\/\/htiscientific.vn\/san-pham\/he-thong-thi-nghiem-truyen-nhiet-dieu-khien-bang-may-tinh\/\",\"name\":\"H\u1ec7 th\u1ed1ng th\u00ed nghi\u1ec7m truy\u1ec1n nhi\u1ec7t \u0111i\u1ec1u khi\u1ec3n b\u1eb1ng m\u00e1y t\u00ednh - HTI Scientific\",\"isPartOf\":{\"@id\":\"https:\/\/htiscientific.vn\/#website\"},\"primaryImageOfPage\":{\"@id\":\"https:\/\/htiscientific.vn\/san-pham\/he-thong-thi-nghiem-truyen-nhiet-dieu-khien-bang-may-tinh\/#primaryimage\"},\"image\":{\"@id\":\"https:\/\/htiscientific.vn\/san-pham\/he-thong-thi-nghiem-truyen-nhiet-dieu-khien-bang-may-tinh\/#primaryimage\"},\"thumbnailUrl\":\"https:\/\/htiscientific.vn\/wp-content\/uploads\/2025\/06\/thiet-ke-chua-co-ten-16.jpg\",\"datePublished\":\"2025-06-24T04:10:08+00:00\",\"description\":\"H\u1ec7 th\u1ed1ng th\u00ed nghi\u1ec7m truy\u1ec1n nhi\u1ec7t g\u1ed3m h\u1ed9p giao di\u1ec7n \u0111i\u1ec1u khi\u1ec3n, ph\u00e2n t\u1eed \u0111i\u1ec1u khi\u1ec3n, h\u1ec7 th\u1ed1ng SCADA v\u00e0 \u0111i\u1ec1u khi\u1ec3n PID, bo m\u1ea1ch thu th\u1eadp d\u1eef li\u1ec7u...\",\"breadcrumb\":{\"@id\":\"https:\/\/htiscientific.vn\/san-pham\/he-thong-thi-nghiem-truyen-nhiet-dieu-khien-bang-may-tinh\/#breadcrumb\"},\"inLanguage\":\"en-US\",\"potentialAction\":[{\"@type\":\"ReadAction\",\"target\":[\"https:\/\/htiscientific.vn\/san-pham\/he-thong-thi-nghiem-truyen-nhiet-dieu-khien-bang-may-tinh\/\"]}]},{\"@type\":\"ImageObject\",\"inLanguage\":\"en-US\",\"@id\":\"https:\/\/htiscientific.vn\/san-pham\/he-thong-thi-nghiem-truyen-nhiet-dieu-khien-bang-may-tinh\/#primaryimage\",\"url\":\"https:\/\/htiscientific.vn\/wp-content\/uploads\/2025\/06\/thiet-ke-chua-co-ten-16.jpg\",\"contentUrl\":\"https:\/\/htiscientific.vn\/wp-content\/uploads\/2025\/06\/thiet-ke-chua-co-ten-16.jpg\",\"width\":1000,\"height\":1000,\"caption\":\"thiet-bi-thi-nghiem-truyen-nhiet\"},{\"@type\":\"BreadcrumbList\",\"@id\":\"https:\/\/htiscientific.vn\/san-pham\/he-thong-thi-nghiem-truyen-nhiet-dieu-khien-bang-may-tinh\/#breadcrumb\",\"itemListElement\":[{\"@type\":\"ListItem\",\"position\":1,\"name\":\"Trang ch\u1ee7\",\"item\":\"https:\/\/htiscientific.vn\/\"},{\"@type\":\"ListItem\",\"position\":2,\"name\":\"C\u1eeda h\u00e0ng\",\"item\":\"https:\/\/htiscientific.vn\/cua-hang\/\"},{\"@type\":\"ListItem\",\"position\":3,\"name\":\"Thi\u1ebft b\u1ecb gi\u00e1o d\u1ee5c\",\"item\":\"https:\/\/htiscientific.vn\/danh-muc-san-pham\/thiet-bi-giao-duc\/\"},{\"@type\":\"ListItem\",\"position\":4,\"name\":\"Nhi\u1ec7t \u0111\u1ed9ng l\u1ef1c h\u1ecdc v\u00e0 k\u1ef9 thu\u1eadt nhi\u1ec7t\",\"item\":\"https:\/\/htiscientific.vn\/danh-muc-san-pham\/thiet-bi-giao-duc\/nhiet-dong-luc-hoc-va-ky-thuat-nhiet\/\"},{\"@type\":\"ListItem\",\"position\":5,\"name\":\"H\u1ec7 th\u1ed1ng th\u00ed nghi\u1ec7m truy\u1ec1n nhi\u1ec7t \u0111i\u1ec1u khi\u1ec3n b\u1eb1ng m\u00e1y t\u00ednh\"}]},{\"@type\":\"WebSite\",\"@id\":\"https:\/\/htiscientific.vn\/#website\",\"url\":\"https:\/\/htiscientific.vn\/\",\"name\":\"HTI Scientific\",\"description\":\"HTI Scientific\",\"publisher\":{\"@id\":\"https:\/\/htiscientific.vn\/#organization\"},\"potentialAction\":[{\"@type\":\"SearchAction\",\"target\":{\"@type\":\"EntryPoint\",\"urlTemplate\":\"https:\/\/htiscientific.vn\/?s={search_term_string}\"},\"query-input\":{\"@type\":\"PropertyValueSpecification\",\"valueRequired\":true,\"valueName\":\"search_term_string\"}}],\"inLanguage\":\"en-US\"},{\"@type\":\"Organization\",\"@id\":\"https:\/\/htiscientific.vn\/#organization\",\"name\":\"HTI Scientific\",\"alternateName\":\"HTI Scientific\",\"url\":\"https:\/\/htiscientific.vn\/\",\"logo\":{\"@type\":\"ImageObject\",\"inLanguage\":\"en-US\",\"@id\":\"https:\/\/htiscientific.vn\/#\/schema\/logo\/image\/\",\"url\":\"https:\/\/htiscientific.vn\/wp-content\/uploads\/2025\/03\/ava-hti-copy.jpg\",\"contentUrl\":\"https:\/\/htiscientific.vn\/wp-content\/uploads\/2025\/03\/ava-hti-copy.jpg\",\"width\":700,\"height\":450,\"caption\":\"HTI Scientific\"},\"image\":{\"@id\":\"https:\/\/htiscientific.vn\/#\/schema\/logo\/image\/\"},\"sameAs\":[\"https:\/\/www.facebook.com\/htiscientific.vn\"]}]}<\/script>\n<!-- \/ Yoast SEO plugin. -->","yoast_head_json":{"title":"H\u1ec7 th\u1ed1ng th\u00ed nghi\u1ec7m truy\u1ec1n nhi\u1ec7t \u0111i\u1ec1u khi\u1ec3n b\u1eb1ng m\u00e1y t\u00ednh - HTI Scientific","description":"H\u1ec7 th\u1ed1ng th\u00ed nghi\u1ec7m truy\u1ec1n nhi\u1ec7t g\u1ed3m h\u1ed9p giao di\u1ec7n \u0111i\u1ec1u khi\u1ec3n, ph\u00e2n t\u1eed \u0111i\u1ec1u khi\u1ec3n, h\u1ec7 th\u1ed1ng SCADA v\u00e0 \u0111i\u1ec1u khi\u1ec3n PID, bo m\u1ea1ch thu th\u1eadp d\u1eef li\u1ec7u...","robots":{"index":"index","follow":"follow","max-snippet":"max-snippet:-1","max-image-preview":"max-image-preview:large","max-video-preview":"max-video-preview:-1"},"canonical":"https:\/\/htiscientific.vn\/en\/product\/he-thong-thi-nghiem-truyen-nhiet-dieu-khien-bang-may-tinh\/","og_locale":"en_US","og_type":"article","og_title":"H\u1ec7 th\u1ed1ng th\u00ed nghi\u1ec7m truy\u1ec1n nhi\u1ec7t \u0111i\u1ec1u khi\u1ec3n b\u1eb1ng m\u00e1y t\u00ednh - HTI Scientific","og_description":"H\u1ec7 th\u1ed1ng th\u00ed nghi\u1ec7m truy\u1ec1n nhi\u1ec7t g\u1ed3m h\u1ed9p giao di\u1ec7n \u0111i\u1ec1u khi\u1ec3n, ph\u00e2n t\u1eed \u0111i\u1ec1u khi\u1ec3n, h\u1ec7 th\u1ed1ng SCADA v\u00e0 \u0111i\u1ec1u khi\u1ec3n PID, bo m\u1ea1ch thu th\u1eadp d\u1eef li\u1ec7u...","og_url":"https:\/\/htiscientific.vn\/en\/product\/he-thong-thi-nghiem-truyen-nhiet-dieu-khien-bang-may-tinh\/","og_site_name":"HTI Scientific","article_publisher":"https:\/\/www.facebook.com\/htiscientific.vn","og_image":[{"width":1000,"height":1000,"url":"https:\/\/htiscientific.vn\/wp-content\/uploads\/2025\/06\/thiet-ke-chua-co-ten-16.jpg","type":"image\/jpeg"}],"twitter_card":"summary_large_image","twitter_misc":{"Est. reading time":"4 minutes"},"schema":{"@context":"https:\/\/schema.org","@graph":[{"@type":"WebPage","@id":"https:\/\/htiscientific.vn\/san-pham\/he-thong-thi-nghiem-truyen-nhiet-dieu-khien-bang-may-tinh\/","url":"https:\/\/htiscientific.vn\/san-pham\/he-thong-thi-nghiem-truyen-nhiet-dieu-khien-bang-may-tinh\/","name":"H\u1ec7 th\u1ed1ng th\u00ed nghi\u1ec7m truy\u1ec1n nhi\u1ec7t \u0111i\u1ec1u khi\u1ec3n b\u1eb1ng m\u00e1y t\u00ednh - HTI Scientific","isPartOf":{"@id":"https:\/\/htiscientific.vn\/#website"},"primaryImageOfPage":{"@id":"https:\/\/htiscientific.vn\/san-pham\/he-thong-thi-nghiem-truyen-nhiet-dieu-khien-bang-may-tinh\/#primaryimage"},"image":{"@id":"https:\/\/htiscientific.vn\/san-pham\/he-thong-thi-nghiem-truyen-nhiet-dieu-khien-bang-may-tinh\/#primaryimage"},"thumbnailUrl":"https:\/\/htiscientific.vn\/wp-content\/uploads\/2025\/06\/thiet-ke-chua-co-ten-16.jpg","datePublished":"2025-06-24T04:10:08+00:00","description":"H\u1ec7 th\u1ed1ng th\u00ed nghi\u1ec7m truy\u1ec1n nhi\u1ec7t g\u1ed3m h\u1ed9p giao di\u1ec7n \u0111i\u1ec1u khi\u1ec3n, ph\u00e2n t\u1eed \u0111i\u1ec1u khi\u1ec3n, h\u1ec7 th\u1ed1ng SCADA v\u00e0 \u0111i\u1ec1u khi\u1ec3n PID, bo m\u1ea1ch thu th\u1eadp d\u1eef li\u1ec7u...","breadcrumb":{"@id":"https:\/\/htiscientific.vn\/san-pham\/he-thong-thi-nghiem-truyen-nhiet-dieu-khien-bang-may-tinh\/#breadcrumb"},"inLanguage":"en-US","potentialAction":[{"@type":"ReadAction","target":["https:\/\/htiscientific.vn\/san-pham\/he-thong-thi-nghiem-truyen-nhiet-dieu-khien-bang-may-tinh\/"]}]},{"@type":"ImageObject","inLanguage":"en-US","@id":"https:\/\/htiscientific.vn\/san-pham\/he-thong-thi-nghiem-truyen-nhiet-dieu-khien-bang-may-tinh\/#primaryimage","url":"https:\/\/htiscientific.vn\/wp-content\/uploads\/2025\/06\/thiet-ke-chua-co-ten-16.jpg","contentUrl":"https:\/\/htiscientific.vn\/wp-content\/uploads\/2025\/06\/thiet-ke-chua-co-ten-16.jpg","width":1000,"height":1000,"caption":"thiet-bi-thi-nghiem-truyen-nhiet"},{"@type":"BreadcrumbList","@id":"https:\/\/htiscientific.vn\/san-pham\/he-thong-thi-nghiem-truyen-nhiet-dieu-khien-bang-may-tinh\/#breadcrumb","itemListElement":[{"@type":"ListItem","position":1,"name":"Trang ch\u1ee7","item":"https:\/\/htiscientific.vn\/"},{"@type":"ListItem","position":2,"name":"C\u1eeda h\u00e0ng","item":"https:\/\/htiscientific.vn\/cua-hang\/"},{"@type":"ListItem","position":3,"name":"Thi\u1ebft b\u1ecb gi\u00e1o d\u1ee5c","item":"https:\/\/htiscientific.vn\/danh-muc-san-pham\/thiet-bi-giao-duc\/"},{"@type":"ListItem","position":4,"name":"Nhi\u1ec7t \u0111\u1ed9ng l\u1ef1c h\u1ecdc v\u00e0 k\u1ef9 thu\u1eadt nhi\u1ec7t","item":"https:\/\/htiscientific.vn\/danh-muc-san-pham\/thiet-bi-giao-duc\/nhiet-dong-luc-hoc-va-ky-thuat-nhiet\/"},{"@type":"ListItem","position":5,"name":"H\u1ec7 th\u1ed1ng th\u00ed nghi\u1ec7m truy\u1ec1n nhi\u1ec7t \u0111i\u1ec1u khi\u1ec3n b\u1eb1ng m\u00e1y t\u00ednh"}]},{"@type":"WebSite","@id":"https:\/\/htiscientific.vn\/#website","url":"https:\/\/htiscientific.vn\/","name":"HTI Scientific","description":"HTI Scientific","publisher":{"@id":"https:\/\/htiscientific.vn\/#organization"},"potentialAction":[{"@type":"SearchAction","target":{"@type":"EntryPoint","urlTemplate":"https:\/\/htiscientific.vn\/?s={search_term_string}"},"query-input":{"@type":"PropertyValueSpecification","valueRequired":true,"valueName":"search_term_string"}}],"inLanguage":"en-US"},{"@type":"Organization","@id":"https:\/\/htiscientific.vn\/#organization","name":"HTI Scientific","alternateName":"HTI Scientific","url":"https:\/\/htiscientific.vn\/","logo":{"@type":"ImageObject","inLanguage":"en-US","@id":"https:\/\/htiscientific.vn\/#\/schema\/logo\/image\/","url":"https:\/\/htiscientific.vn\/wp-content\/uploads\/2025\/03\/ava-hti-copy.jpg","contentUrl":"https:\/\/htiscientific.vn\/wp-content\/uploads\/2025\/03\/ava-hti-copy.jpg","width":700,"height":450,"caption":"HTI Scientific"},"image":{"@id":"https:\/\/htiscientific.vn\/#\/schema\/logo\/image\/"},"sameAs":["https:\/\/www.facebook.com\/htiscientific.vn"]}]}},"_links":{"self":[{"href":"https:\/\/htiscientific.vn\/en\/wp-json\/wp\/v2\/product\/1802","targetHints":{"allow":["GET"]}}],"collection":[{"href":"https:\/\/htiscientific.vn\/en\/wp-json\/wp\/v2\/product"}],"about":[{"href":"https:\/\/htiscientific.vn\/en\/wp-json\/wp\/v2\/types\/product"}],"wp:featuredmedia":[{"embeddable":true,"href":"https:\/\/htiscientific.vn\/en\/wp-json\/wp\/v2\/media\/1803"}],"wp:attachment":[{"href":"https:\/\/htiscientific.vn\/en\/wp-json\/wp\/v2\/media?parent=1802"}],"wp:term":[{"taxonomy":"product_brand","embeddable":true,"href":"https:\/\/htiscientific.vn\/en\/wp-json\/wp\/v2\/product_brand?post=1802"},{"taxonomy":"product_cat","embeddable":true,"href":"https:\/\/htiscientific.vn\/en\/wp-json\/wp\/v2\/product_cat?post=1802"},{"taxonomy":"product_tag","embeddable":true,"href":"https:\/\/htiscientific.vn\/en\/wp-json\/wp\/v2\/product_tag?post=1802"}],"curies":[{"name":"wp","href":"https:\/\/api.w.org\/{rel}","templated":true}]}}