{"id":1800,"date":"2025-06-24T10:58:26","date_gmt":"2025-06-24T03:58:26","guid":{"rendered":"https:\/\/htiscientific.vn\/?post_type=product&#038;p=1800"},"modified":"2025-06-24T10:58:26","modified_gmt":"2025-06-24T03:58:26","slug":"thiet-bi-dao-tao-ve-su-gian-no-nhiet","status":"publish","type":"product","link":"https:\/\/htiscientific.vn\/en\/product\/thiet-bi-dao-tao-ve-su-gian-no-nhiet\/","title":{"rendered":"Thi\u1ebft b\u1ecb \u0111\u00e0o t\u1ea1o v\u1ec1 s\u1ef1 gi\u00e3n n\u1edf nhi\u1ec7t"},"content":{"rendered":"<p><span style=\"color: #000000;\">TEDT (Thermal Expansion Training Unit) c\u1ee7a EDIBON l\u00e0 thi\u1ebft b\u1ecb \u0111\u00e0o t\u1ea1o v\u1ec1 s\u1ef1 gi\u00e3n n\u1edf nhi\u1ec7t, thi\u1ebft b\u1ecb n\u00e0y cho ph\u00e9p nghi\u00ean c\u1ee9u s\u1ef1 gi\u00e3n n\u1edf nhi\u1ec7t c\u1ee7a c\u00e1c \u0111o\u1ea1n \u1ed1ng kh\u00e1c nhau v\u00e0 l\u1ef1c gi\u00e3n n\u1edf nhi\u1ec7t.<\/span><\/p>\n<p><span style=\"color: #000000;\"><strong>Khung nh\u00f4m anod v\u00e0 c\u00e1c t\u1ea5m che b\u1eb1ng th\u00e9p s\u01a1n t\u0129nh \u0111i\u1ec7n.<\/strong><\/span><\/p>\n<ul>\n<li><span style=\"color: #000000;\">Thi\u1ebft b\u1ecb c\u00f3 b\u00e1nh xe gi\u00fap d\u1ec5 d\u00e0ng di chuy\u1ec3n.<\/span><\/li>\n<li><span style=\"color: #000000;\">C\u00e1c b\u1ed9 ph\u1eadn kim lo\u1ea1i ch\u00ednh \u0111\u01b0\u1ee3c l\u00e0m b\u1eb1ng th\u00e9p kh\u00f4ng g\u1ec9.<\/span><\/li>\n<li><span style=\"color: #000000;\">S\u01a1 \u0111\u1ed3 tr\u00ean b\u1ea3ng \u0111i\u1ec1u khi\u1ec3n ph\u00eda tr\u01b0\u1edbc m\u00f4 ph\u1ecfng ph\u00e2n b\u1ed1 c\u00e1c th\u00e0nh ph\u1ea7n t\u01b0\u01a1ng t\u1ef1 nh\u01b0 th\u1ef1c t\u1ebf.<\/span><\/li>\n<\/ul>\n<p><span style=\"color: #000000;\"><strong>S\u00e1u \u0111o\u1ea1n \u1ed1ng:<\/strong><\/span><\/p>\n<ul>\n<li><span style=\"color: #000000;\">Chi\u1ec1u d\u00e0i: 1000 mm m\u1ed7i \u0111o\u1ea1n.<\/span><\/li>\n<li><span style=\"color: #000000;\">\u0110o\u1ea1n \u1ed1ng th\u00e9p kh\u00f4ng g\u1ec9 v\u1edbi \u0111\u01b0\u1eddng k\u00ednh ngo\u00e0i 1\/2&#8243;.<\/span><\/li>\n<li><span style=\"color: #000000;\">\u0110o\u1ea1n \u1ed1ng \u0111\u1ed3ng v\u1edbi \u0111\u01b0\u1eddng k\u00ednh ngo\u00e0i 10 mm.<\/span><\/li>\n<li><span style=\"color: #000000;\">\u0110o\u1ea1n \u1ed1ng \u0111\u1ed3ng v\u1edbi \u0111\u01b0\u1eddng k\u00ednh ngo\u00e0i 18 mm.<\/span><\/li>\n<li><span style=\"color: #000000;\">\u0110o\u1ea1n \u1ed1ng PVC v\u1edbi \u0111\u01b0\u1eddng k\u00ednh ngo\u00e0i 20 mm.<\/span><\/li>\n<li><span style=\"color: #000000;\">\u0110o\u1ea1n \u1ed1ng PVC v\u1edbi \u0111\u01b0\u1eddng k\u00ednh ngo\u00e0i 15 mm, c\u00f3 b\u1ed9 b\u00f9 gi\u00e3n n\u1edf \u0111\u1ec3 gi\u1ea3m \u1ee9ng su\u1ea5t nhi\u1ec7t trong \u0111o\u1ea1n n\u00e0y.<\/span><\/li>\n<li><span style=\"color: #000000;\">\u0110o\u1ea1n \u1ed1ng PE v\u1edbi \u0111\u01b0\u1eddng k\u00ednh ngo\u00e0i 20 mm.<\/span><\/li>\n<\/ul>\n<p><span style=\"color: #000000;\"><strong>S\u00e1u van bi:<\/strong><\/span><\/p>\n<ul>\n<li><span style=\"color: #000000;\">N\u0103m van bi \u0111\u1ec3 l\u1ef1a ch\u1ecdn c\u00e1c \u0111o\u1ea1n \u1ed1ng.<\/span><\/li>\n<li><span style=\"color: #000000;\">M\u1ed9t van bi n\u1eb1m tr\u00ean \u0111\u01b0\u1eddng c\u1ea5p n\u01b0\u1edbc v\u00e0o.<\/span><\/li>\n<\/ul>\n<p><span style=\"color: #000000;\"><strong>V\u00f2i tr\u1ed9n nhi\u1ec7t t\u1ef1 \u0111\u1ed9ng<\/strong> \u0111\u1ec3 \u0111i\u1ec1u ch\u1ec9nh nhi\u1ec7t \u0111\u1ed9 n\u01b0\u1edbc \u0111\u1ea7u v\u00e0o.<\/span><\/p>\n<p><span style=\"color: #000000;\"><strong>N\u0103m \u0111\u1ed3ng h\u1ed3 \u0111o ki\u1ec3u quay s\u1ed1<\/strong> \u0111\u1ec3 \u0111o \u0111\u1ed9 gi\u00e3n d\u00e0i c\u1ee7a c\u00e1c \u0111o\u1ea1n \u1ed1ng.<\/span><\/p>\n<p><span style=\"color: #000000;\"><strong>Thi\u1ebft b\u1ecb \u0111o l\u1ef1c<\/strong> \u0111\u1ec3 x\u00e1c \u0111\u1ecbnh l\u1ef1c gi\u00e3n n\u1edf nhi\u1ec7t.<\/span><\/p>\n<p><span style=\"color: #000000;\"><strong>Hai c\u1ea3m bi\u1ebfn nhi\u1ec7t \u0111\u1ed9 lo\u1ea1i &#8220;J&#8221;:<\/strong><\/span><\/p>\n<ul>\n<li><span style=\"color: #000000;\">\u0110\u01b0\u1ee3c \u0111\u1eb7t \u1edf \u0111\u01b0\u1eddng n\u01b0\u1edbc v\u00e0o v\u00e0 ra.<\/span><\/li>\n<\/ul>\n<p><span style=\"color: #000000;\"><strong>C\u00e1c k\u1ebft n\u1ed1i n\u01b0\u1edbc<\/strong> \u0111\u01b0\u1ee3c l\u1eafp r\u00e1p b\u1eb1ng kh\u1edbp n\u1ed1i nhanh.<\/span><\/p>\n<p><span style=\"color: #000000;\"><strong>B\u1ea3ng \u0111i\u1ec1u khi\u1ec3n \u0111i\u1ec7n t\u1eed:<\/strong><\/span><\/p>\n<ul>\n<li><span style=\"color: #000000;\">H\u1ed9p kim lo\u1ea1i.<\/span><\/li>\n<li><span style=\"color: #000000;\">K\u1ebft n\u1ed1i c\u00e1c c\u1ea3m bi\u1ebfn nhi\u1ec7t \u0111\u1ed9.<\/span><\/li>\n<li><span style=\"color: #000000;\">B\u1ed9 ch\u1ecdn c\u1ea3m bi\u1ebfn nhi\u1ec7t \u0111\u1ed9.<\/span><\/li>\n<li><span style=\"color: #000000;\">M\u00e0n h\u00ecnh hi\u1ec3n th\u1ecb k\u1ef9 thu\u1eadt s\u1ed1 cho c\u1ea3m bi\u1ebfn nhi\u1ec7t \u0111\u1ed9.<\/span><\/li>\n<li><span style=\"color: #000000;\">C\u00f4ng t\u1eafc ch\u00ednh ON\/OFF.<\/span><\/li>\n<\/ul>\n<p><span style=\"color: #000000;\"><strong>C\u00e1p v\u00e0 ph\u1ee5 ki\u1ec7n<\/strong>: \u0110\u1ea7y \u0111\u1ee7 cho ho\u1ea1t \u0111\u1ed9ng b\u00ecnh th\u01b0\u1eddng.<\/span><\/p>\n<p><span style=\"color: #000000;\"><strong>T\u00e0i li\u1ec7u h\u01b0\u1edbng d\u1eabn:<\/strong> Thi\u1ebft b\u1ecb \u0111i k\u00e8m v\u1edbi c\u00e1c h\u01b0\u1edbng d\u1eabn sau:<\/span><\/p>\n<ul>\n<li><span style=\"color: #000000;\">D\u1ecbch v\u1ee5 y\u00eau c\u1ea7u.<\/span><\/li>\n<li><span style=\"color: #000000;\">L\u1eafp r\u00e1p v\u00e0 c\u00e0i \u0111\u1eb7t.<\/span><\/li>\n<li><span style=\"color: #000000;\">Kh\u1edfi \u0111\u1ed9ng.<\/span><\/li>\n<li><span style=\"color: #000000;\">An to\u00e0n.<\/span><\/li>\n<li><span style=\"color: #000000;\">B\u1ea3o tr\u00ec v\u00e0 h\u01b0\u1edbng d\u1eabn th\u1ef1c h\u00e0nh.<\/span><\/li>\n<\/ul>\n<p><span style=\"color: #000000;\"><strong>K\u00edch th\u01b0\u1edbc:<\/strong><\/span><\/p>\n<ul>\n<li><span style=\"color: #000000;\">Thi\u1ebft b\u1ecb: 1700 x 700 x 1800 mm (kho\u1ea3ng 66.93 x 27.56 x 70.86 inch). Tr\u1ecdng l\u01b0\u1ee3ng: 100 kg (kho\u1ea3ng 220 pound).<\/span><\/li>\n<li><span style=\"color: #000000;\">B\u1ea3ng \u0111i\u1ec1u khi\u1ec3n \u0111i\u1ec7n t\u1eed: 300 x 190 x 130 mm (kho\u1ea3ng 11.81 x 7.48 x 5.11 inch). Tr\u1ecdng l\u01b0\u1ee3ng: 3 kg (kho\u1ea3ng 6.6 pound).<\/span><\/li>\n<\/ul>","protected":false},"excerpt":{"rendered":"<p><span style=\"color: #000000;\">TEDT (Thermal Expansion Training Unit) c\u1ee7a EDIBON l\u00e0 thi\u1ebft b\u1ecb \u0111\u00e0o t\u1ea1o v\u1ec1 s\u1ef1 gi\u00e3n n\u1edf nhi\u1ec7t, thi\u1ebft b\u1ecb n\u00e0y cho ph\u00e9p nghi\u00ean c\u1ee9u s\u1ef1 gi\u00e3n n\u1edf nhi\u1ec7t c\u1ee7a c\u00e1c \u0111o\u1ea1n \u1ed1ng kh\u00e1c nhau v\u00e0 l\u1ef1c gi\u00e3n n\u1edf nhi\u1ec7t.<\/span><\/p>","protected":false},"featured_media":1790,"template":"","meta":{"inline_featured_image":false},"product_brand":[47],"product_cat":[92,90],"product_tag":[],"class_list":{"0":"post-1800","1":"product","2":"type-product","3":"status-publish","4":"has-post-thumbnail","6":"product_brand-edibon","7":"product_cat-nhiet-dong-luc-hoc-va-ky-thuat-nhiet","8":"product_cat-thiet-bi-giao-duc","10":"first","11":"instock","12":"shipping-taxable","13":"product-type-simple"},"yoast_head":"<!-- This site is optimized with the Yoast SEO plugin v24.7 - https:\/\/yoast.com\/wordpress\/plugins\/seo\/ -->\n<title>Thi\u1ebft b\u1ecb \u0111\u00e0o t\u1ea1o v\u1ec1 s\u1ef1 gi\u00e3n n\u1edf nhi\u1ec7t - HTI Scientific<\/title>\n<meta name=\"description\" content=\"thi\u1ebft b\u1ecb nghi\u00ean c\u1ee9u s\u1ef1 gi\u00e3n n\u1edf nhi\u1ec7t c\u1ee7a c\u00e1c \u0111o\u1ea1n \u1ed1ng kh\u00e1c nhau v\u00e0 l\u1ef1c gi\u00e3n n\u1edf nhi\u1ec7t. G\u1ed3m: s\u00e1u \u0111o\u1ea1n \u1ed1ng, s\u00e1u van bi, v\u00f2i tr\u1ed9n nhi\u1ec7t t\u1ef1 \u0111\u1ed9ng, n\u0103m \u0111\u1ed3ng h\u1ed3 \u0111o\" \/>\n<meta name=\"robots\" content=\"index, follow, max-snippet:-1, max-image-preview:large, max-video-preview:-1\" \/>\n<link rel=\"canonical\" href=\"https:\/\/htiscientific.vn\/en\/product\/thiet-bi-dao-tao-ve-su-gian-no-nhiet\/\" \/>\n<meta property=\"og:locale\" content=\"en_US\" \/>\n<meta property=\"og:type\" content=\"article\" \/>\n<meta property=\"og:title\" content=\"Thi\u1ebft b\u1ecb \u0111\u00e0o t\u1ea1o v\u1ec1 s\u1ef1 gi\u00e3n n\u1edf nhi\u1ec7t - HTI Scientific\" \/>\n<meta property=\"og:description\" content=\"thi\u1ebft b\u1ecb nghi\u00ean c\u1ee9u s\u1ef1 gi\u00e3n n\u1edf nhi\u1ec7t c\u1ee7a c\u00e1c \u0111o\u1ea1n \u1ed1ng kh\u00e1c nhau v\u00e0 l\u1ef1c gi\u00e3n n\u1edf nhi\u1ec7t. G\u1ed3m: s\u00e1u \u0111o\u1ea1n \u1ed1ng, s\u00e1u van bi, v\u00f2i tr\u1ed9n nhi\u1ec7t t\u1ef1 \u0111\u1ed9ng, n\u0103m \u0111\u1ed3ng h\u1ed3 \u0111o\" \/>\n<meta property=\"og:url\" content=\"https:\/\/htiscientific.vn\/en\/product\/thiet-bi-dao-tao-ve-su-gian-no-nhiet\/\" \/>\n<meta property=\"og:site_name\" content=\"HTI Scientific\" \/>\n<meta property=\"article:publisher\" content=\"https:\/\/www.facebook.com\/htiscientific.vn\" \/>\n<meta property=\"og:image\" content=\"https:\/\/htiscientific.vn\/wp-content\/uploads\/2025\/06\/10.jpg\" \/>\n\t<meta property=\"og:image:width\" content=\"1000\" \/>\n\t<meta property=\"og:image:height\" content=\"1000\" \/>\n\t<meta property=\"og:image:type\" content=\"image\/jpeg\" \/>\n<meta name=\"twitter:card\" content=\"summary_large_image\" \/>\n<meta name=\"twitter:label1\" content=\"Est. reading time\" \/>\n\t<meta name=\"twitter:data1\" content=\"3 minutes\" \/>\n<script type=\"application\/ld+json\" class=\"yoast-schema-graph\">{\"@context\":\"https:\/\/schema.org\",\"@graph\":[{\"@type\":\"WebPage\",\"@id\":\"https:\/\/htiscientific.vn\/san-pham\/thiet-bi-dao-tao-ve-su-gian-no-nhiet\/\",\"url\":\"https:\/\/htiscientific.vn\/san-pham\/thiet-bi-dao-tao-ve-su-gian-no-nhiet\/\",\"name\":\"Thi\u1ebft b\u1ecb \u0111\u00e0o t\u1ea1o v\u1ec1 s\u1ef1 gi\u00e3n n\u1edf nhi\u1ec7t - HTI Scientific\",\"isPartOf\":{\"@id\":\"https:\/\/htiscientific.vn\/#website\"},\"primaryImageOfPage\":{\"@id\":\"https:\/\/htiscientific.vn\/san-pham\/thiet-bi-dao-tao-ve-su-gian-no-nhiet\/#primaryimage\"},\"image\":{\"@id\":\"https:\/\/htiscientific.vn\/san-pham\/thiet-bi-dao-tao-ve-su-gian-no-nhiet\/#primaryimage\"},\"thumbnailUrl\":\"https:\/\/htiscientific.vn\/wp-content\/uploads\/2025\/06\/10.jpg\",\"datePublished\":\"2025-06-24T03:58:26+00:00\",\"description\":\"thi\u1ebft b\u1ecb nghi\u00ean c\u1ee9u s\u1ef1 gi\u00e3n n\u1edf nhi\u1ec7t c\u1ee7a c\u00e1c \u0111o\u1ea1n \u1ed1ng kh\u00e1c nhau v\u00e0 l\u1ef1c gi\u00e3n n\u1edf nhi\u1ec7t. G\u1ed3m: s\u00e1u \u0111o\u1ea1n \u1ed1ng, s\u00e1u van bi, v\u00f2i tr\u1ed9n nhi\u1ec7t t\u1ef1 \u0111\u1ed9ng, n\u0103m \u0111\u1ed3ng h\u1ed3 \u0111o\",\"breadcrumb\":{\"@id\":\"https:\/\/htiscientific.vn\/san-pham\/thiet-bi-dao-tao-ve-su-gian-no-nhiet\/#breadcrumb\"},\"inLanguage\":\"en-US\",\"potentialAction\":[{\"@type\":\"ReadAction\",\"target\":[\"https:\/\/htiscientific.vn\/san-pham\/thiet-bi-dao-tao-ve-su-gian-no-nhiet\/\"]}]},{\"@type\":\"ImageObject\",\"inLanguage\":\"en-US\",\"@id\":\"https:\/\/htiscientific.vn\/san-pham\/thiet-bi-dao-tao-ve-su-gian-no-nhiet\/#primaryimage\",\"url\":\"https:\/\/htiscientific.vn\/wp-content\/uploads\/2025\/06\/10.jpg\",\"contentUrl\":\"https:\/\/htiscientific.vn\/wp-content\/uploads\/2025\/06\/10.jpg\",\"width\":1000,\"height\":1000,\"caption\":\"gian-no-nhiet\"},{\"@type\":\"BreadcrumbList\",\"@id\":\"https:\/\/htiscientific.vn\/san-pham\/thiet-bi-dao-tao-ve-su-gian-no-nhiet\/#breadcrumb\",\"itemListElement\":[{\"@type\":\"ListItem\",\"position\":1,\"name\":\"Trang ch\u1ee7\",\"item\":\"https:\/\/htiscientific.vn\/\"},{\"@type\":\"ListItem\",\"position\":2,\"name\":\"C\u1eeda h\u00e0ng\",\"item\":\"https:\/\/htiscientific.vn\/cua-hang\/\"},{\"@type\":\"ListItem\",\"position\":3,\"name\":\"Thi\u1ebft b\u1ecb gi\u00e1o d\u1ee5c\",\"item\":\"https:\/\/htiscientific.vn\/danh-muc-san-pham\/thiet-bi-giao-duc\/\"},{\"@type\":\"ListItem\",\"position\":4,\"name\":\"Nhi\u1ec7t \u0111\u1ed9ng l\u1ef1c h\u1ecdc v\u00e0 k\u1ef9 thu\u1eadt nhi\u1ec7t\",\"item\":\"https:\/\/htiscientific.vn\/danh-muc-san-pham\/thiet-bi-giao-duc\/nhiet-dong-luc-hoc-va-ky-thuat-nhiet\/\"},{\"@type\":\"ListItem\",\"position\":5,\"name\":\"Thi\u1ebft b\u1ecb \u0111\u00e0o t\u1ea1o v\u1ec1 s\u1ef1 gi\u00e3n n\u1edf nhi\u1ec7t\"}]},{\"@type\":\"WebSite\",\"@id\":\"https:\/\/htiscientific.vn\/#website\",\"url\":\"https:\/\/htiscientific.vn\/\",\"name\":\"HTI Scientific\",\"description\":\"HTI Scientific\",\"publisher\":{\"@id\":\"https:\/\/htiscientific.vn\/#organization\"},\"potentialAction\":[{\"@type\":\"SearchAction\",\"target\":{\"@type\":\"EntryPoint\",\"urlTemplate\":\"https:\/\/htiscientific.vn\/?s={search_term_string}\"},\"query-input\":{\"@type\":\"PropertyValueSpecification\",\"valueRequired\":true,\"valueName\":\"search_term_string\"}}],\"inLanguage\":\"en-US\"},{\"@type\":\"Organization\",\"@id\":\"https:\/\/htiscientific.vn\/#organization\",\"name\":\"HTI Scientific\",\"alternateName\":\"HTI Scientific\",\"url\":\"https:\/\/htiscientific.vn\/\",\"logo\":{\"@type\":\"ImageObject\",\"inLanguage\":\"en-US\",\"@id\":\"https:\/\/htiscientific.vn\/#\/schema\/logo\/image\/\",\"url\":\"https:\/\/htiscientific.vn\/wp-content\/uploads\/2025\/03\/ava-hti-copy.jpg\",\"contentUrl\":\"https:\/\/htiscientific.vn\/wp-content\/uploads\/2025\/03\/ava-hti-copy.jpg\",\"width\":700,\"height\":450,\"caption\":\"HTI Scientific\"},\"image\":{\"@id\":\"https:\/\/htiscientific.vn\/#\/schema\/logo\/image\/\"},\"sameAs\":[\"https:\/\/www.facebook.com\/htiscientific.vn\"]}]}<\/script>\n<!-- \/ Yoast SEO plugin. -->","yoast_head_json":{"title":"Thi\u1ebft b\u1ecb \u0111\u00e0o t\u1ea1o v\u1ec1 s\u1ef1 gi\u00e3n n\u1edf nhi\u1ec7t - HTI Scientific","description":"thi\u1ebft b\u1ecb nghi\u00ean c\u1ee9u s\u1ef1 gi\u00e3n n\u1edf nhi\u1ec7t c\u1ee7a c\u00e1c \u0111o\u1ea1n \u1ed1ng kh\u00e1c nhau v\u00e0 l\u1ef1c gi\u00e3n n\u1edf nhi\u1ec7t. G\u1ed3m: s\u00e1u \u0111o\u1ea1n \u1ed1ng, s\u00e1u van bi, v\u00f2i tr\u1ed9n nhi\u1ec7t t\u1ef1 \u0111\u1ed9ng, n\u0103m \u0111\u1ed3ng h\u1ed3 \u0111o","robots":{"index":"index","follow":"follow","max-snippet":"max-snippet:-1","max-image-preview":"max-image-preview:large","max-video-preview":"max-video-preview:-1"},"canonical":"https:\/\/htiscientific.vn\/en\/product\/thiet-bi-dao-tao-ve-su-gian-no-nhiet\/","og_locale":"en_US","og_type":"article","og_title":"Thi\u1ebft b\u1ecb \u0111\u00e0o t\u1ea1o v\u1ec1 s\u1ef1 gi\u00e3n n\u1edf nhi\u1ec7t - HTI Scientific","og_description":"thi\u1ebft b\u1ecb nghi\u00ean c\u1ee9u s\u1ef1 gi\u00e3n n\u1edf nhi\u1ec7t c\u1ee7a c\u00e1c \u0111o\u1ea1n \u1ed1ng kh\u00e1c nhau v\u00e0 l\u1ef1c gi\u00e3n n\u1edf nhi\u1ec7t. G\u1ed3m: s\u00e1u \u0111o\u1ea1n \u1ed1ng, s\u00e1u van bi, v\u00f2i tr\u1ed9n nhi\u1ec7t t\u1ef1 \u0111\u1ed9ng, n\u0103m \u0111\u1ed3ng h\u1ed3 \u0111o","og_url":"https:\/\/htiscientific.vn\/en\/product\/thiet-bi-dao-tao-ve-su-gian-no-nhiet\/","og_site_name":"HTI Scientific","article_publisher":"https:\/\/www.facebook.com\/htiscientific.vn","og_image":[{"width":1000,"height":1000,"url":"https:\/\/htiscientific.vn\/wp-content\/uploads\/2025\/06\/10.jpg","type":"image\/jpeg"}],"twitter_card":"summary_large_image","twitter_misc":{"Est. reading time":"3 minutes"},"schema":{"@context":"https:\/\/schema.org","@graph":[{"@type":"WebPage","@id":"https:\/\/htiscientific.vn\/san-pham\/thiet-bi-dao-tao-ve-su-gian-no-nhiet\/","url":"https:\/\/htiscientific.vn\/san-pham\/thiet-bi-dao-tao-ve-su-gian-no-nhiet\/","name":"Thi\u1ebft b\u1ecb \u0111\u00e0o t\u1ea1o v\u1ec1 s\u1ef1 gi\u00e3n n\u1edf nhi\u1ec7t - HTI Scientific","isPartOf":{"@id":"https:\/\/htiscientific.vn\/#website"},"primaryImageOfPage":{"@id":"https:\/\/htiscientific.vn\/san-pham\/thiet-bi-dao-tao-ve-su-gian-no-nhiet\/#primaryimage"},"image":{"@id":"https:\/\/htiscientific.vn\/san-pham\/thiet-bi-dao-tao-ve-su-gian-no-nhiet\/#primaryimage"},"thumbnailUrl":"https:\/\/htiscientific.vn\/wp-content\/uploads\/2025\/06\/10.jpg","datePublished":"2025-06-24T03:58:26+00:00","description":"thi\u1ebft b\u1ecb nghi\u00ean c\u1ee9u s\u1ef1 gi\u00e3n n\u1edf nhi\u1ec7t c\u1ee7a c\u00e1c \u0111o\u1ea1n \u1ed1ng kh\u00e1c nhau v\u00e0 l\u1ef1c gi\u00e3n n\u1edf nhi\u1ec7t. G\u1ed3m: s\u00e1u \u0111o\u1ea1n \u1ed1ng, s\u00e1u van bi, v\u00f2i tr\u1ed9n nhi\u1ec7t t\u1ef1 \u0111\u1ed9ng, n\u0103m \u0111\u1ed3ng h\u1ed3 \u0111o","breadcrumb":{"@id":"https:\/\/htiscientific.vn\/san-pham\/thiet-bi-dao-tao-ve-su-gian-no-nhiet\/#breadcrumb"},"inLanguage":"en-US","potentialAction":[{"@type":"ReadAction","target":["https:\/\/htiscientific.vn\/san-pham\/thiet-bi-dao-tao-ve-su-gian-no-nhiet\/"]}]},{"@type":"ImageObject","inLanguage":"en-US","@id":"https:\/\/htiscientific.vn\/san-pham\/thiet-bi-dao-tao-ve-su-gian-no-nhiet\/#primaryimage","url":"https:\/\/htiscientific.vn\/wp-content\/uploads\/2025\/06\/10.jpg","contentUrl":"https:\/\/htiscientific.vn\/wp-content\/uploads\/2025\/06\/10.jpg","width":1000,"height":1000,"caption":"gian-no-nhiet"},{"@type":"BreadcrumbList","@id":"https:\/\/htiscientific.vn\/san-pham\/thiet-bi-dao-tao-ve-su-gian-no-nhiet\/#breadcrumb","itemListElement":[{"@type":"ListItem","position":1,"name":"Trang ch\u1ee7","item":"https:\/\/htiscientific.vn\/"},{"@type":"ListItem","position":2,"name":"C\u1eeda h\u00e0ng","item":"https:\/\/htiscientific.vn\/cua-hang\/"},{"@type":"ListItem","position":3,"name":"Thi\u1ebft b\u1ecb gi\u00e1o d\u1ee5c","item":"https:\/\/htiscientific.vn\/danh-muc-san-pham\/thiet-bi-giao-duc\/"},{"@type":"ListItem","position":4,"name":"Nhi\u1ec7t \u0111\u1ed9ng l\u1ef1c h\u1ecdc v\u00e0 k\u1ef9 thu\u1eadt nhi\u1ec7t","item":"https:\/\/htiscientific.vn\/danh-muc-san-pham\/thiet-bi-giao-duc\/nhiet-dong-luc-hoc-va-ky-thuat-nhiet\/"},{"@type":"ListItem","position":5,"name":"Thi\u1ebft b\u1ecb \u0111\u00e0o t\u1ea1o v\u1ec1 s\u1ef1 gi\u00e3n n\u1edf nhi\u1ec7t"}]},{"@type":"WebSite","@id":"https:\/\/htiscientific.vn\/#website","url":"https:\/\/htiscientific.vn\/","name":"HTI Scientific","description":"HTI Scientific","publisher":{"@id":"https:\/\/htiscientific.vn\/#organization"},"potentialAction":[{"@type":"SearchAction","target":{"@type":"EntryPoint","urlTemplate":"https:\/\/htiscientific.vn\/?s={search_term_string}"},"query-input":{"@type":"PropertyValueSpecification","valueRequired":true,"valueName":"search_term_string"}}],"inLanguage":"en-US"},{"@type":"Organization","@id":"https:\/\/htiscientific.vn\/#organization","name":"HTI Scientific","alternateName":"HTI Scientific","url":"https:\/\/htiscientific.vn\/","logo":{"@type":"ImageObject","inLanguage":"en-US","@id":"https:\/\/htiscientific.vn\/#\/schema\/logo\/image\/","url":"https:\/\/htiscientific.vn\/wp-content\/uploads\/2025\/03\/ava-hti-copy.jpg","contentUrl":"https:\/\/htiscientific.vn\/wp-content\/uploads\/2025\/03\/ava-hti-copy.jpg","width":700,"height":450,"caption":"HTI Scientific"},"image":{"@id":"https:\/\/htiscientific.vn\/#\/schema\/logo\/image\/"},"sameAs":["https:\/\/www.facebook.com\/htiscientific.vn"]}]}},"_links":{"self":[{"href":"https:\/\/htiscientific.vn\/en\/wp-json\/wp\/v2\/product\/1800","targetHints":{"allow":["GET"]}}],"collection":[{"href":"https:\/\/htiscientific.vn\/en\/wp-json\/wp\/v2\/product"}],"about":[{"href":"https:\/\/htiscientific.vn\/en\/wp-json\/wp\/v2\/types\/product"}],"wp:featuredmedia":[{"embeddable":true,"href":"https:\/\/htiscientific.vn\/en\/wp-json\/wp\/v2\/media\/1790"}],"wp:attachment":[{"href":"https:\/\/htiscientific.vn\/en\/wp-json\/wp\/v2\/media?parent=1800"}],"wp:term":[{"taxonomy":"product_brand","embeddable":true,"href":"https:\/\/htiscientific.vn\/en\/wp-json\/wp\/v2\/product_brand?post=1800"},{"taxonomy":"product_cat","embeddable":true,"href":"https:\/\/htiscientific.vn\/en\/wp-json\/wp\/v2\/product_cat?post=1800"},{"taxonomy":"product_tag","embeddable":true,"href":"https:\/\/htiscientific.vn\/en\/wp-json\/wp\/v2\/product_tag?post=1800"}],"curies":[{"name":"wp","href":"https:\/\/api.w.org\/{rel}","templated":true}]}}