{"id":1799,"date":"2025-06-24T10:53:10","date_gmt":"2025-06-24T03:53:10","guid":{"rendered":"https:\/\/htiscientific.vn\/?post_type=product&#038;p=1799"},"modified":"2025-06-24T10:53:10","modified_gmt":"2025-06-24T03:53:10","slug":"thap-giai-nhiet-kieu-bay-hoi-de-ban-dieu-khien-bang-may-tinh","status":"publish","type":"product","link":"https:\/\/htiscientific.vn\/en\/product\/thap-giai-nhiet-kieu-bay-hoi-de-ban-dieu-khien-bang-may-tinh\/","title":{"rendered":"Th\u00e1p gi\u1ea3i nhi\u1ec7t ki\u1ec3u bay h\u01a1i \u0111\u1ec3 b\u00e0n \u0111i\u1ec1u khi\u1ec3n b\u1eb1ng m\u00e1y t\u00ednh"},"content":{"rendered":"<p><span style=\"color: #000000;\">Th\u00e1p gi\u1ea3i nhi\u1ec7t ki\u1ec3u bay h\u01a1i \u0111\u1ec3 b\u00e0n (TTEC &#8211; Computer Controlled Bench Top Cooling Tower) c\u1ee7a EDIBON \u0111\u01b0\u1ee3c thi\u1ebft k\u1ebf t\u1ed1i \u01b0u \u0111\u1ec3 gi\u00fap sinh vi\u00ean kh\u00e1m ph\u00e1 c\u00e1c \u0111\u1eb7c \u0111i\u1ec3m thi\u1ebft k\u1ebf, c\u1ea5u t\u1ea1o v\u00e0 nguy\u00ean l\u00fd ho\u1ea1t \u0111\u1ed9ng c\u1ee7a h\u1ec7 th\u1ed1ng gi\u1ea3i nhi\u1ec7t b\u1eb1ng bay h\u01a1i n\u01b0\u1edbc hi\u1ec7n \u0111\u1ea1i.<\/span><\/p>\n<p><span style=\"color: #000000;\"><strong>Thi\u1ebft b\u1ecb TTEC:<\/strong><\/span><\/p>\n<ul>\n<li><span style=\"color: #000000;\"><strong>C\u1ea5u tr\u00fac thi\u1ebft b\u1ecb:<\/strong><\/span>\n<ul>\n<li><span style=\"color: #000000;\">Thi\u1ebft b\u1ecb \u0111\u1ec3 b\u00e0n.<\/span><\/li>\n<li><span style=\"color: #000000;\">Khung b\u1eb1ng nh\u00f4m anot h\u00f3a v\u00e0 c\u00e1c t\u1ea5m \u1ed1p b\u1eb1ng th\u00e9p s\u01a1n t\u0129nh \u0111i\u1ec7n.<\/span><\/li>\n<li><span style=\"color: #000000;\">C\u00e1c b\u1ed9 ph\u1eadn kim lo\u1ea1i ch\u00ednh b\u1eb1ng th\u00e9p kh\u00f4ng g\u1ec9.<\/span><\/li>\n<li><span style=\"color: #000000;\">M\u1eb7t tr\u01b0\u1edbc c\u00f3 s\u01a1 \u0111\u1ed3 b\u1ed1 tr\u00ed c\u00e1c th\u00e0nh ph\u1ea7n t\u01b0\u01a1ng t\u1ef1 nh\u01b0 h\u1ec7 th\u1ed1ng th\u1ef1c t\u1ebf.<\/span><\/li>\n<\/ul>\n<\/li>\n<li><span style=\"color: #000000;\"><strong>C\u00e1c th\u00e0nh ph\u1ea7n ch\u00ednh:<\/strong><\/span>\n<ul>\n<li><span style=\"color: #000000;\">B\u01a1m c\u00e1nh qu\u1ea1t n\u01b0\u1edbc: \u0110i\u1ec1u khi\u1ec3n b\u1eb1ng m\u00e1y t\u00ednh, l\u01b0u l\u01b0\u1ee3ng n\u01b0\u1edbc t\u1ed1i \u0111a: 120 l\/h.<\/span><\/li>\n<li><span style=\"color: #000000;\">C\u00e1nh qu\u1ea1t gi\u00f3 (qu\u1ea1t): \u0110i\u1ec1u khi\u1ec3n t\u1ed1c \u0111\u1ed9 b\u1eb1ng m\u00e1y t\u00ednh, l\u01b0u l\u01b0\u1ee3ng t\u1ed1i \u0111a: 145 m\u00b3\/h, t\u1ed1c \u0111\u1ed9 quay: 3000 v\u00f2ng\/ph\u00fat.<\/span><\/li>\n<li><span style=\"color: #000000;\">Ph\u1ea7n t\u1eed gia nhi\u1ec7t: \u0110i\u1ec1u khi\u1ec3n b\u1eb1ng m\u00e1y t\u00ednh, nhi\u1ec7t \u0111\u1ed9 t\u1ed1i \u0111a: 60 \u00b0C.<\/span><\/li>\n<li><span style=\"color: #000000;\">B\u00ecnh ch\u1ee9a n\u01b0\u1edbc: Dung t\u00edch 14 l\u00edt.<\/span><\/li>\n<li><span style=\"color: #000000;\">C\u00f4ng t\u1eafc m\u1ee9c: Theo d\u00f5i m\u1ef1c n\u01b0\u1edbc trong b\u00ecnh.<\/span><\/li>\n<li><span style=\"color: #000000;\">C\u1ea3m bi\u1ebfn l\u01b0u l\u01b0\u1ee3ng n\u01b0\u1edbc: Ph\u1ea1m vi \u0111o: 0,25 \u2013 6,5 l\/min.<\/span><\/li>\n<li><span style=\"color: #000000;\">Hai c\u1ea3m bi\u1ebfn \u00e1p su\u1ea5t vi sai: Ph\u1ea1m vi \u0111o: 0 \u2013 1\u201d H2O.<\/span><\/li>\n<li><span style=\"color: #000000;\">L\u00ean \u0111\u1ebfn 16 c\u1ea3m bi\u1ebfn nhi\u1ec7t \u0111\u1ed9 lo\u1ea1i \u201cJ\u201d: \u0110o nhi\u1ec7t \u0111\u1ed9 b\u1ea7u \u01b0\u1edbt, b\u1ea7u kh\u00f4 v\u00e0 n\u01b0\u1edbc, t\u00f9y thu\u1ed9c v\u00e0o c\u1ed9t trao \u0111\u1ed5i nhi\u1ec7t \u0111\u01b0\u1ee3c cung c\u1ea5p.<\/span><\/li>\n<\/ul>\n<\/li>\n<li><span style=\"color: #000000;\"><strong>C\u1ed9t trao \u0111\u1ed5i nhi\u1ec7t t\u00f9y ch\u1ecdn (Column type B \u2013 \u0110\u00e3 bao g\u1ed3m):<\/strong><\/span>\n<ul>\n<li><span style=\"color: #000000;\">S\u1ed1 t\u1ea7ng: 8.<\/span><\/li>\n<li><span style=\"color: #000000;\">S\u1ed1 t\u1ea5m m\u1ed7i t\u1ea7ng: 10.<\/span><\/li>\n<li><span style=\"color: #000000;\">T\u1ed5ng di\u1ec7n t\u00edch b\u1ec1 m\u1eb7t: 1,013 m\u00b2.<\/span><\/li>\n<li><span style=\"color: #000000;\">Chi\u1ec1u cao ph\u1ea7n \u0111\u00f3ng g\u00f3i: 650 mm.<\/span><\/li>\n<li><span style=\"color: #000000;\">M\u1eadt \u0111\u1ed9 di\u1ec7n t\u00edch\/th\u1ec3 t\u00edch: 58 m\u00b2\/m\u00b3.<\/span><\/li>\n<\/ul>\n<\/li>\n<\/ul>\n<p><span style=\"color: #000000;\"><strong>C\u00e1c ph\u1ee5 ki\u1ec7n khuy\u1ebfn ngh\u1ecb (Kh\u00f4ng bao g\u1ed3m):<\/strong><\/span><\/p>\n<ul>\n<li><span style=\"color: #000000;\"><strong>TTEC\/A \u2013 C\u1ed9t trao \u0111\u1ed5i nhi\u1ec7t lo\u1ea1i &#8220;A&#8221;:<\/strong><\/span>\n<ul>\n<li><span style=\"color: #000000;\">S\u1ed1 t\u1ea7ng: 8.<\/span><\/li>\n<li><span style=\"color: #000000;\">S\u1ed1 t\u1ea5m m\u1ed7i t\u1ea7ng: 19.<\/span><\/li>\n<li><span style=\"color: #000000;\">T\u1ed5ng di\u1ec7n t\u00edch b\u1ec1 m\u1eb7t: 1,915 m\u00b2.<\/span><\/li>\n<li><span style=\"color: #000000;\">Chi\u1ec1u cao ph\u1ea7n \u0111\u00f3ng g\u00f3i: 650 mm.<\/span><\/li>\n<li><span style=\"color: #000000;\">M\u1eadt \u0111\u1ed9 di\u1ec7n t\u00edch\/th\u1ec3 t\u00edch: 112,64 m\u00b2\/m\u00b3.<\/span><\/li>\n<\/ul>\n<\/li>\n<li><span style=\"color: #000000;\"><strong>TTEC\/C \u2013 C\u1ed9t trao \u0111\u1ed5i nhi\u1ec7t lo\u1ea1i &#8220;C&#8221;:<\/strong><\/span>\n<ul>\n<li><span style=\"color: #000000;\">S\u1ed1 t\u1ea7ng: 8.<\/span><\/li>\n<li><span style=\"color: #000000;\">S\u1ed1 t\u1ea5m m\u1ed7i t\u1ea7ng: 7.<\/span><\/li>\n<li><span style=\"color: #000000;\">T\u1ed5ng di\u1ec7n t\u00edch b\u1ec1 m\u1eb7t: 0,680 m\u00b2.<\/span><\/li>\n<li><span style=\"color: #000000;\">Chi\u1ec1u cao ph\u1ea7n \u0111\u00f3ng g\u00f3i: 650 mm.<\/span><\/li>\n<li><span style=\"color: #000000;\">M\u1eadt \u0111\u1ed9 di\u1ec7n t\u00edch\/th\u1ec3 t\u00edch: 40,02 m\u00b2\/m\u00b3.<\/span><\/li>\n<\/ul>\n<\/li>\n<li><span style=\"color: #000000;\"><strong>TTEC\/D \u2013 C\u1ed9t trao \u0111\u1ed5i nhi\u1ec7t lo\u1ea1i &#8220;D&#8221;:<\/strong><\/span>\n<ul>\n<li><span style=\"color: #000000;\">Kh\u00f4ng c\u00f3 ph\u1ea7n \u0111\u00f3ng g\u00f3i.<\/span><\/li>\n<\/ul>\n<\/li>\n<li><span style=\"color: #000000;\"><strong>TTEC\/E \u2013 C\u1ed9t trao \u0111\u1ed5i nhi\u1ec7t lo\u1ea1i &#8220;E&#8221;:<\/strong><\/span>\n<ul>\n<li><span style=\"color: #000000;\">C\u1ed9t \u0111\u01b0\u1ee3c thi\u1ebft k\u1ebf \u0111\u1eb7c bi\u1ec7t \u0111\u1ec3 \u0111o c\u00e1c \u0111\u1eb7c t\u00ednh c\u1ee7a kh\u00f4ng kh\u00ed v\u00e0 n\u01b0\u1edbc b\u00ean trong.<\/span><\/li>\n<li><span style=\"color: #000000;\">T\u00edch h\u1ee3p c\u1ea3m bi\u1ebfn nhi\u1ec7t \u0111\u1ed9 t\u1ea1i 3 v\u1ecb tr\u00ed:<\/span>\n<ul>\n<li><span style=\"color: #000000;\">C\u1ea3m bi\u1ebfn nhi\u1ec7t \u0111\u1ed9 b\u1ea7u kh\u00f4.<\/span><\/li>\n<li><span style=\"color: #000000;\">C\u1ea3m bi\u1ebfn nhi\u1ec7t \u0111\u1ed9 b\u1ea7u \u01b0\u1edbt.<\/span><\/li>\n<li><span style=\"color: #000000;\">C\u1ea3m bi\u1ebfn nhi\u1ec7t \u0111\u1ed9 n\u01b0\u1edbc.<\/span><\/li>\n<\/ul>\n<\/li>\n<li><span style=\"color: #000000;\">S\u1ed1 t\u1ea7ng: 8.<\/span><\/li>\n<li><span style=\"color: #000000;\">S\u1ed1 t\u1ea5m m\u1ed7i t\u1ea7ng: 19.<\/span><\/li>\n<li><span style=\"color: #000000;\">Chi\u1ec1u cao c\u1ed9t: 1100 mm.<\/span><\/li>\n<li><span style=\"color: #000000;\">Chi\u1ec1u cao ph\u1ea7n \u0111\u00f3ng g\u00f3i: 650 mm.<\/span><\/li>\n<li><span style=\"color: #000000;\">M\u1eadt \u0111\u1ed9 di\u1ec7n t\u00edch\/th\u1ec3 t\u00edch: 112,64 m\u00b2\/m\u00b3.<\/span><\/li>\n<\/ul>\n<\/li>\n<\/ul>\n<p><span style=\"color: #000000;\"><strong>C\u00e1c t\u00ednh n\u0103ng b\u1ed5 sung c\u1ee7a thi\u1ebft b\u1ecb:<\/strong><\/span><\/p>\n<ul>\n<li><span style=\"color: #000000;\">H\u1ec7 th\u1ed1ng \u0111i\u1ec1u khi\u1ec3n SCADA th\u1eddi gian th\u1ef1c ti\u00ean ti\u1ebfn.<\/span><\/li>\n<li><span style=\"color: #000000;\">\u0110i\u1ec1u khi\u1ec3n m\u1edf + \u0110i\u1ec1u khi\u1ec3n \u0111a \u0111i\u1ec3m + \u0110i\u1ec1u khi\u1ec3n th\u1eddi gian th\u1ef1c.<\/span><\/li>\n<li><span style=\"color: #000000;\">Ph\u1ea7n m\u1ec1m \u0111i\u1ec1u khi\u1ec3n chuy\u00ean d\u1ee5ng c\u1ee7a EDIBON, d\u1ef1a tr\u00ean n\u1ec1n t\u1ea3ng LabVIEW.<\/span><\/li>\n<li><span style=\"color: #000000;\">Bo m\u1ea1ch thu th\u1eadp d\u1eef li\u1ec7u c\u1ee7a National Instruments (250 KS\/s \u2013 kilo m\u1eabu\/gi\u00e2y).<\/span><\/li>\n<li><span style=\"color: #000000;\">B\u00e0i t\u1eadp hi\u1ec7u chu\u1ea9n: H\u01b0\u1edbng d\u1eabn c\u00e1ch hi\u1ec7u chu\u1ea9n c\u1ea3m bi\u1ebfn v\u00e0 t\u1ea7m quan tr\u1ecdng c\u1ee7a vi\u1ec7c ki\u1ec3m tra \u0111\u1ed9 ch\u00ednh x\u00e1c tr\u01b0\u1edbc khi \u0111o.<\/span><\/li>\n<li><span style=\"color: #000000;\">T\u01b0\u01a1ng th\u00edch v\u1edbi m\u00e1y chi\u1ebfu v\u00e0 b\u1ea3ng tr\u1eafng \u0111i\u1ec7n t\u1eed, cho ph\u00e9p tr\u00ecnh b\u00e0y v\u00e0 gi\u1ea3ng d\u1ea1y to\u00e0n l\u1edbp c\u00f9ng l\u00fac.<\/span><\/li>\n<li><span style=\"color: #000000;\">H\u1ed7 tr\u1ee3 nghi\u00ean c\u1ee9u \u1ee9ng d\u1ee5ng, m\u00f4 ph\u1ecfng c\u00f4ng nghi\u1ec7p th\u1ef1c t\u1ebf v\u00e0 c\u00e1c kh\u00f3a \u0111\u00e0o t\u1ea1o.<\/span><\/li>\n<li><span style=\"color: #000000;\">Ch\u1ebf \u0111\u1ed9 v\u1eadn h\u00e0nh v\u00e0 \u0111i\u1ec1u khi\u1ec3n t\u1eeb xa: Cho ph\u00e9p ng\u01b0\u1eddi d\u00f9ng v\u1eadn h\u00e0nh t\u1eeb xa v\u00e0 h\u1ed7 tr\u1ee3 k\u1ef9 thu\u1eadt tr\u1ef1c tuy\u1ebfn t\u1eeb EDIBON.<\/span><\/li>\n<li><span style=\"color: #000000;\">H\u1ec7 th\u1ed1ng an to\u00e0n 4 c\u1ea5p \u0111\u1ed9: C\u01a1 kh\u00ed, \u0111i\u1ec7n, \u0111i\u1ec7n t\u1eed v\u00e0 ph\u1ea7n m\u1ec1m.<\/span><\/li>\n<li><span style=\"color: #000000;\">Thi\u1ebft k\u1ebf v\u00e0 s\u1ea3n xu\u1ea5t theo nhi\u1ec1u ti\u00eau chu\u1ea9n ch\u1ea5t l\u01b0\u1ee3ng qu\u1ed1c t\u1ebf.<\/span><\/li>\n<li><span style=\"color: #000000;\">Ph\u1ea7n m\u1ec1m ICAI t\u00f9y ch\u1ecdn:<\/span>\n<ul>\n<li><span style=\"color: #000000;\">T\u1ea1o, ch\u1ec9nh s\u1eeda v\u00e0 th\u1ef1c hi\u1ec7n c\u00e1c b\u00e0i t\u1eadp th\u1ef1c h\u00e0nh, ki\u1ec3m tra, t\u00ednh to\u00e1n,\u2026<\/span><\/li>\n<li><span style=\"color: #000000;\">Theo d\u00f5i ki\u1ebfn th\u1ee9c v\u00e0 ti\u1ebfn \u0111\u1ed9 c\u1ee7a ng\u01b0\u1eddi s\u1eed d\u1ee5ng.<\/span><\/li>\n<\/ul>\n<\/li>\n<li><span style=\"color: #000000;\">Kh\u1ea3 n\u0103ng m\u1edf r\u1ed9ng v\u00e0 t\u00edch h\u1ee3p trong t\u01b0\u01a1ng lai:<\/span>\n<ul>\n<li><span style=\"color: #000000;\">C\u00f3 th\u1ec3 m\u1edf r\u1ed9ng v\u1edbi H\u1ec7 th\u1ed1ng EDIBON Scada-Net (ESN) cho ph\u00e9p nhi\u1ec1u sinh vi\u00ean v\u1eadn h\u00e0nh \u0111\u1ed3ng th\u1eddi nhi\u1ec1u thi\u1ebft b\u1ecb trong c\u00f9ng m\u1ed9t m\u1ea1ng l\u01b0\u1edbi.<\/span><\/li>\n<\/ul>\n<\/li>\n<\/ul>","protected":false},"excerpt":{"rendered":"<p><span style=\"color: #000000;\">Th\u00e1p gi\u1ea3i nhi\u1ec7t ki\u1ec3u bay h\u01a1i \u0111\u1ec3 b\u00e0n (TTEC &#8211; Computer Controlled Bench Top Cooling Tower) c\u1ee7a EDIBON \u0111\u01b0\u1ee3c thi\u1ebft k\u1ebf t\u1ed1i \u01b0u \u0111\u1ec3 gi\u00fap sinh vi\u00ean kh\u00e1m ph\u00e1 c\u00e1c \u0111\u1eb7c \u0111i\u1ec3m thi\u1ebft k\u1ebf, c\u1ea5u t\u1ea1o v\u00e0 nguy\u00ean l\u00fd ho\u1ea1t \u0111\u1ed9ng c\u1ee7a h\u1ec7 th\u1ed1ng gi\u1ea3i nhi\u1ec7t b\u1eb1ng bay h\u01a1i n\u01b0\u1edbc hi\u1ec7n \u0111\u1ea1i.<\/span><\/p>","protected":false},"featured_media":1792,"template":"","meta":{"inline_featured_image":false},"product_brand":[47],"product_cat":[92,90],"product_tag":[],"class_list":{"0":"post-1799","1":"product","2":"type-product","3":"status-publish","4":"has-post-thumbnail","6":"product_brand-edibon","7":"product_cat-nhiet-dong-luc-hoc-va-ky-thuat-nhiet","8":"product_cat-thiet-bi-giao-duc","10":"first","11":"instock","12":"shipping-taxable","13":"product-type-simple"},"yoast_head":"<!-- This site is optimized with the Yoast SEO plugin v24.7 - https:\/\/yoast.com\/wordpress\/plugins\/seo\/ -->\n<title>Th\u00e1p gi\u1ea3i nhi\u1ec7t ki\u1ec3u bay h\u01a1i \u0111\u1ec3 b\u00e0n \u0111i\u1ec1u khi\u1ec3n b\u1eb1ng m\u00e1y t\u00ednh - HTI Scientific<\/title>\n<meta name=\"description\" content=\"Th\u00e1p gi\u1ea3i nhi\u1ec7t ki\u1ec3u bay h\u01a1i \u0111\u1ec3 b\u00e0n g\u1ed3m b\u01a1m c\u00e1nh qu\u1ea1t n\u01b0\u1edbc, c\u00e1nh qu\u1ea1t gi\u00f3, ph\u1ea7n t\u1eed gia nhi\u1ec7t, b\u00ecnh ch\u1ee9a n\u01b0\u1edbc, c\u1ea3m bi\u1ebfn l\u01b0u l\u01b0\u1ee3ng n\u01b0\u1edbc, c\u1ea3m bi\u1ebfn \u00e1p su\u1ea5t...\" \/>\n<meta name=\"robots\" content=\"index, follow, max-snippet:-1, max-image-preview:large, max-video-preview:-1\" \/>\n<link rel=\"canonical\" href=\"https:\/\/htiscientific.vn\/en\/product\/thap-giai-nhiet-kieu-bay-hoi-de-ban-dieu-khien-bang-may-tinh\/\" \/>\n<meta property=\"og:locale\" content=\"en_US\" \/>\n<meta property=\"og:type\" content=\"article\" \/>\n<meta property=\"og:title\" content=\"Th\u00e1p gi\u1ea3i nhi\u1ec7t ki\u1ec3u bay h\u01a1i \u0111\u1ec3 b\u00e0n \u0111i\u1ec1u khi\u1ec3n b\u1eb1ng m\u00e1y t\u00ednh - HTI Scientific\" \/>\n<meta property=\"og:description\" content=\"Th\u00e1p gi\u1ea3i nhi\u1ec7t ki\u1ec3u bay h\u01a1i \u0111\u1ec3 b\u00e0n g\u1ed3m b\u01a1m c\u00e1nh qu\u1ea1t n\u01b0\u1edbc, c\u00e1nh qu\u1ea1t gi\u00f3, ph\u1ea7n t\u1eed gia nhi\u1ec7t, b\u00ecnh ch\u1ee9a n\u01b0\u1edbc, c\u1ea3m bi\u1ebfn l\u01b0u l\u01b0\u1ee3ng n\u01b0\u1edbc, c\u1ea3m bi\u1ebfn \u00e1p su\u1ea5t...\" \/>\n<meta property=\"og:url\" content=\"https:\/\/htiscientific.vn\/en\/product\/thap-giai-nhiet-kieu-bay-hoi-de-ban-dieu-khien-bang-may-tinh\/\" \/>\n<meta property=\"og:site_name\" content=\"HTI Scientific\" \/>\n<meta property=\"article:publisher\" content=\"https:\/\/www.facebook.com\/htiscientific.vn\" \/>\n<meta property=\"og:image\" content=\"https:\/\/htiscientific.vn\/wp-content\/uploads\/2025\/06\/12.jpg\" \/>\n\t<meta property=\"og:image:width\" content=\"1000\" \/>\n\t<meta property=\"og:image:height\" content=\"1000\" \/>\n\t<meta property=\"og:image:type\" content=\"image\/jpeg\" \/>\n<meta name=\"twitter:card\" content=\"summary_large_image\" \/>\n<meta name=\"twitter:label1\" content=\"Est. reading time\" \/>\n\t<meta name=\"twitter:data1\" content=\"4 minutes\" \/>\n<script type=\"application\/ld+json\" class=\"yoast-schema-graph\">{\"@context\":\"https:\/\/schema.org\",\"@graph\":[{\"@type\":\"WebPage\",\"@id\":\"https:\/\/htiscientific.vn\/san-pham\/thap-giai-nhiet-kieu-bay-hoi-de-ban-dieu-khien-bang-may-tinh\/\",\"url\":\"https:\/\/htiscientific.vn\/san-pham\/thap-giai-nhiet-kieu-bay-hoi-de-ban-dieu-khien-bang-may-tinh\/\",\"name\":\"Th\u00e1p gi\u1ea3i nhi\u1ec7t ki\u1ec3u bay h\u01a1i \u0111\u1ec3 b\u00e0n \u0111i\u1ec1u khi\u1ec3n b\u1eb1ng m\u00e1y t\u00ednh - HTI Scientific\",\"isPartOf\":{\"@id\":\"https:\/\/htiscientific.vn\/#website\"},\"primaryImageOfPage\":{\"@id\":\"https:\/\/htiscientific.vn\/san-pham\/thap-giai-nhiet-kieu-bay-hoi-de-ban-dieu-khien-bang-may-tinh\/#primaryimage\"},\"image\":{\"@id\":\"https:\/\/htiscientific.vn\/san-pham\/thap-giai-nhiet-kieu-bay-hoi-de-ban-dieu-khien-bang-may-tinh\/#primaryimage\"},\"thumbnailUrl\":\"https:\/\/htiscientific.vn\/wp-content\/uploads\/2025\/06\/12.jpg\",\"datePublished\":\"2025-06-24T03:53:10+00:00\",\"description\":\"Th\u00e1p gi\u1ea3i nhi\u1ec7t ki\u1ec3u bay h\u01a1i \u0111\u1ec3 b\u00e0n g\u1ed3m b\u01a1m c\u00e1nh qu\u1ea1t n\u01b0\u1edbc, c\u00e1nh qu\u1ea1t gi\u00f3, ph\u1ea7n t\u1eed gia nhi\u1ec7t, b\u00ecnh ch\u1ee9a n\u01b0\u1edbc, c\u1ea3m bi\u1ebfn l\u01b0u l\u01b0\u1ee3ng n\u01b0\u1edbc, c\u1ea3m bi\u1ebfn \u00e1p su\u1ea5t...\",\"breadcrumb\":{\"@id\":\"https:\/\/htiscientific.vn\/san-pham\/thap-giai-nhiet-kieu-bay-hoi-de-ban-dieu-khien-bang-may-tinh\/#breadcrumb\"},\"inLanguage\":\"en-US\",\"potentialAction\":[{\"@type\":\"ReadAction\",\"target\":[\"https:\/\/htiscientific.vn\/san-pham\/thap-giai-nhiet-kieu-bay-hoi-de-ban-dieu-khien-bang-may-tinh\/\"]}]},{\"@type\":\"ImageObject\",\"inLanguage\":\"en-US\",\"@id\":\"https:\/\/htiscientific.vn\/san-pham\/thap-giai-nhiet-kieu-bay-hoi-de-ban-dieu-khien-bang-may-tinh\/#primaryimage\",\"url\":\"https:\/\/htiscientific.vn\/wp-content\/uploads\/2025\/06\/12.jpg\",\"contentUrl\":\"https:\/\/htiscientific.vn\/wp-content\/uploads\/2025\/06\/12.jpg\",\"width\":1000,\"height\":1000,\"caption\":\"thap-giai-nhiet\"},{\"@type\":\"BreadcrumbList\",\"@id\":\"https:\/\/htiscientific.vn\/san-pham\/thap-giai-nhiet-kieu-bay-hoi-de-ban-dieu-khien-bang-may-tinh\/#breadcrumb\",\"itemListElement\":[{\"@type\":\"ListItem\",\"position\":1,\"name\":\"Trang ch\u1ee7\",\"item\":\"https:\/\/htiscientific.vn\/\"},{\"@type\":\"ListItem\",\"position\":2,\"name\":\"C\u1eeda h\u00e0ng\",\"item\":\"https:\/\/htiscientific.vn\/cua-hang\/\"},{\"@type\":\"ListItem\",\"position\":3,\"name\":\"Thi\u1ebft b\u1ecb gi\u00e1o d\u1ee5c\",\"item\":\"https:\/\/htiscientific.vn\/danh-muc-san-pham\/thiet-bi-giao-duc\/\"},{\"@type\":\"ListItem\",\"position\":4,\"name\":\"Nhi\u1ec7t \u0111\u1ed9ng l\u1ef1c h\u1ecdc v\u00e0 k\u1ef9 thu\u1eadt nhi\u1ec7t\",\"item\":\"https:\/\/htiscientific.vn\/danh-muc-san-pham\/thiet-bi-giao-duc\/nhiet-dong-luc-hoc-va-ky-thuat-nhiet\/\"},{\"@type\":\"ListItem\",\"position\":5,\"name\":\"Th\u00e1p gi\u1ea3i nhi\u1ec7t ki\u1ec3u bay h\u01a1i \u0111\u1ec3 b\u00e0n \u0111i\u1ec1u khi\u1ec3n b\u1eb1ng m\u00e1y t\u00ednh\"}]},{\"@type\":\"WebSite\",\"@id\":\"https:\/\/htiscientific.vn\/#website\",\"url\":\"https:\/\/htiscientific.vn\/\",\"name\":\"HTI Scientific\",\"description\":\"HTI Scientific\",\"publisher\":{\"@id\":\"https:\/\/htiscientific.vn\/#organization\"},\"potentialAction\":[{\"@type\":\"SearchAction\",\"target\":{\"@type\":\"EntryPoint\",\"urlTemplate\":\"https:\/\/htiscientific.vn\/?s={search_term_string}\"},\"query-input\":{\"@type\":\"PropertyValueSpecification\",\"valueRequired\":true,\"valueName\":\"search_term_string\"}}],\"inLanguage\":\"en-US\"},{\"@type\":\"Organization\",\"@id\":\"https:\/\/htiscientific.vn\/#organization\",\"name\":\"HTI Scientific\",\"alternateName\":\"HTI Scientific\",\"url\":\"https:\/\/htiscientific.vn\/\",\"logo\":{\"@type\":\"ImageObject\",\"inLanguage\":\"en-US\",\"@id\":\"https:\/\/htiscientific.vn\/#\/schema\/logo\/image\/\",\"url\":\"https:\/\/htiscientific.vn\/wp-content\/uploads\/2025\/03\/ava-hti-copy.jpg\",\"contentUrl\":\"https:\/\/htiscientific.vn\/wp-content\/uploads\/2025\/03\/ava-hti-copy.jpg\",\"width\":700,\"height\":450,\"caption\":\"HTI Scientific\"},\"image\":{\"@id\":\"https:\/\/htiscientific.vn\/#\/schema\/logo\/image\/\"},\"sameAs\":[\"https:\/\/www.facebook.com\/htiscientific.vn\"]}]}<\/script>\n<!-- \/ Yoast SEO plugin. -->","yoast_head_json":{"title":"Th\u00e1p gi\u1ea3i nhi\u1ec7t ki\u1ec3u bay h\u01a1i \u0111\u1ec3 b\u00e0n \u0111i\u1ec1u khi\u1ec3n b\u1eb1ng m\u00e1y t\u00ednh - HTI Scientific","description":"Th\u00e1p gi\u1ea3i nhi\u1ec7t ki\u1ec3u bay h\u01a1i \u0111\u1ec3 b\u00e0n g\u1ed3m b\u01a1m c\u00e1nh qu\u1ea1t n\u01b0\u1edbc, c\u00e1nh qu\u1ea1t gi\u00f3, ph\u1ea7n t\u1eed gia nhi\u1ec7t, b\u00ecnh ch\u1ee9a n\u01b0\u1edbc, c\u1ea3m bi\u1ebfn l\u01b0u l\u01b0\u1ee3ng n\u01b0\u1edbc, c\u1ea3m bi\u1ebfn \u00e1p su\u1ea5t...","robots":{"index":"index","follow":"follow","max-snippet":"max-snippet:-1","max-image-preview":"max-image-preview:large","max-video-preview":"max-video-preview:-1"},"canonical":"https:\/\/htiscientific.vn\/en\/product\/thap-giai-nhiet-kieu-bay-hoi-de-ban-dieu-khien-bang-may-tinh\/","og_locale":"en_US","og_type":"article","og_title":"Th\u00e1p gi\u1ea3i nhi\u1ec7t ki\u1ec3u bay h\u01a1i \u0111\u1ec3 b\u00e0n \u0111i\u1ec1u khi\u1ec3n b\u1eb1ng m\u00e1y t\u00ednh - HTI Scientific","og_description":"Th\u00e1p gi\u1ea3i nhi\u1ec7t ki\u1ec3u bay h\u01a1i \u0111\u1ec3 b\u00e0n g\u1ed3m b\u01a1m c\u00e1nh qu\u1ea1t n\u01b0\u1edbc, c\u00e1nh qu\u1ea1t gi\u00f3, ph\u1ea7n t\u1eed gia nhi\u1ec7t, b\u00ecnh ch\u1ee9a n\u01b0\u1edbc, c\u1ea3m bi\u1ebfn l\u01b0u l\u01b0\u1ee3ng n\u01b0\u1edbc, c\u1ea3m bi\u1ebfn \u00e1p su\u1ea5t...","og_url":"https:\/\/htiscientific.vn\/en\/product\/thap-giai-nhiet-kieu-bay-hoi-de-ban-dieu-khien-bang-may-tinh\/","og_site_name":"HTI Scientific","article_publisher":"https:\/\/www.facebook.com\/htiscientific.vn","og_image":[{"width":1000,"height":1000,"url":"https:\/\/htiscientific.vn\/wp-content\/uploads\/2025\/06\/12.jpg","type":"image\/jpeg"}],"twitter_card":"summary_large_image","twitter_misc":{"Est. reading time":"4 minutes"},"schema":{"@context":"https:\/\/schema.org","@graph":[{"@type":"WebPage","@id":"https:\/\/htiscientific.vn\/san-pham\/thap-giai-nhiet-kieu-bay-hoi-de-ban-dieu-khien-bang-may-tinh\/","url":"https:\/\/htiscientific.vn\/san-pham\/thap-giai-nhiet-kieu-bay-hoi-de-ban-dieu-khien-bang-may-tinh\/","name":"Th\u00e1p gi\u1ea3i nhi\u1ec7t ki\u1ec3u bay h\u01a1i \u0111\u1ec3 b\u00e0n \u0111i\u1ec1u khi\u1ec3n b\u1eb1ng m\u00e1y t\u00ednh - HTI Scientific","isPartOf":{"@id":"https:\/\/htiscientific.vn\/#website"},"primaryImageOfPage":{"@id":"https:\/\/htiscientific.vn\/san-pham\/thap-giai-nhiet-kieu-bay-hoi-de-ban-dieu-khien-bang-may-tinh\/#primaryimage"},"image":{"@id":"https:\/\/htiscientific.vn\/san-pham\/thap-giai-nhiet-kieu-bay-hoi-de-ban-dieu-khien-bang-may-tinh\/#primaryimage"},"thumbnailUrl":"https:\/\/htiscientific.vn\/wp-content\/uploads\/2025\/06\/12.jpg","datePublished":"2025-06-24T03:53:10+00:00","description":"Th\u00e1p gi\u1ea3i nhi\u1ec7t ki\u1ec3u bay h\u01a1i \u0111\u1ec3 b\u00e0n g\u1ed3m b\u01a1m c\u00e1nh qu\u1ea1t n\u01b0\u1edbc, c\u00e1nh qu\u1ea1t gi\u00f3, ph\u1ea7n t\u1eed gia nhi\u1ec7t, b\u00ecnh ch\u1ee9a n\u01b0\u1edbc, c\u1ea3m bi\u1ebfn l\u01b0u l\u01b0\u1ee3ng n\u01b0\u1edbc, c\u1ea3m bi\u1ebfn \u00e1p su\u1ea5t...","breadcrumb":{"@id":"https:\/\/htiscientific.vn\/san-pham\/thap-giai-nhiet-kieu-bay-hoi-de-ban-dieu-khien-bang-may-tinh\/#breadcrumb"},"inLanguage":"en-US","potentialAction":[{"@type":"ReadAction","target":["https:\/\/htiscientific.vn\/san-pham\/thap-giai-nhiet-kieu-bay-hoi-de-ban-dieu-khien-bang-may-tinh\/"]}]},{"@type":"ImageObject","inLanguage":"en-US","@id":"https:\/\/htiscientific.vn\/san-pham\/thap-giai-nhiet-kieu-bay-hoi-de-ban-dieu-khien-bang-may-tinh\/#primaryimage","url":"https:\/\/htiscientific.vn\/wp-content\/uploads\/2025\/06\/12.jpg","contentUrl":"https:\/\/htiscientific.vn\/wp-content\/uploads\/2025\/06\/12.jpg","width":1000,"height":1000,"caption":"thap-giai-nhiet"},{"@type":"BreadcrumbList","@id":"https:\/\/htiscientific.vn\/san-pham\/thap-giai-nhiet-kieu-bay-hoi-de-ban-dieu-khien-bang-may-tinh\/#breadcrumb","itemListElement":[{"@type":"ListItem","position":1,"name":"Trang ch\u1ee7","item":"https:\/\/htiscientific.vn\/"},{"@type":"ListItem","position":2,"name":"C\u1eeda h\u00e0ng","item":"https:\/\/htiscientific.vn\/cua-hang\/"},{"@type":"ListItem","position":3,"name":"Thi\u1ebft b\u1ecb gi\u00e1o d\u1ee5c","item":"https:\/\/htiscientific.vn\/danh-muc-san-pham\/thiet-bi-giao-duc\/"},{"@type":"ListItem","position":4,"name":"Nhi\u1ec7t \u0111\u1ed9ng l\u1ef1c h\u1ecdc v\u00e0 k\u1ef9 thu\u1eadt nhi\u1ec7t","item":"https:\/\/htiscientific.vn\/danh-muc-san-pham\/thiet-bi-giao-duc\/nhiet-dong-luc-hoc-va-ky-thuat-nhiet\/"},{"@type":"ListItem","position":5,"name":"Th\u00e1p gi\u1ea3i nhi\u1ec7t ki\u1ec3u bay h\u01a1i \u0111\u1ec3 b\u00e0n \u0111i\u1ec1u khi\u1ec3n b\u1eb1ng m\u00e1y t\u00ednh"}]},{"@type":"WebSite","@id":"https:\/\/htiscientific.vn\/#website","url":"https:\/\/htiscientific.vn\/","name":"HTI Scientific","description":"HTI Scientific","publisher":{"@id":"https:\/\/htiscientific.vn\/#organization"},"potentialAction":[{"@type":"SearchAction","target":{"@type":"EntryPoint","urlTemplate":"https:\/\/htiscientific.vn\/?s={search_term_string}"},"query-input":{"@type":"PropertyValueSpecification","valueRequired":true,"valueName":"search_term_string"}}],"inLanguage":"en-US"},{"@type":"Organization","@id":"https:\/\/htiscientific.vn\/#organization","name":"HTI Scientific","alternateName":"HTI Scientific","url":"https:\/\/htiscientific.vn\/","logo":{"@type":"ImageObject","inLanguage":"en-US","@id":"https:\/\/htiscientific.vn\/#\/schema\/logo\/image\/","url":"https:\/\/htiscientific.vn\/wp-content\/uploads\/2025\/03\/ava-hti-copy.jpg","contentUrl":"https:\/\/htiscientific.vn\/wp-content\/uploads\/2025\/03\/ava-hti-copy.jpg","width":700,"height":450,"caption":"HTI Scientific"},"image":{"@id":"https:\/\/htiscientific.vn\/#\/schema\/logo\/image\/"},"sameAs":["https:\/\/www.facebook.com\/htiscientific.vn"]}]}},"_links":{"self":[{"href":"https:\/\/htiscientific.vn\/en\/wp-json\/wp\/v2\/product\/1799","targetHints":{"allow":["GET"]}}],"collection":[{"href":"https:\/\/htiscientific.vn\/en\/wp-json\/wp\/v2\/product"}],"about":[{"href":"https:\/\/htiscientific.vn\/en\/wp-json\/wp\/v2\/types\/product"}],"wp:featuredmedia":[{"embeddable":true,"href":"https:\/\/htiscientific.vn\/en\/wp-json\/wp\/v2\/media\/1792"}],"wp:attachment":[{"href":"https:\/\/htiscientific.vn\/en\/wp-json\/wp\/v2\/media?parent=1799"}],"wp:term":[{"taxonomy":"product_brand","embeddable":true,"href":"https:\/\/htiscientific.vn\/en\/wp-json\/wp\/v2\/product_brand?post=1799"},{"taxonomy":"product_cat","embeddable":true,"href":"https:\/\/htiscientific.vn\/en\/wp-json\/wp\/v2\/product_cat?post=1799"},{"taxonomy":"product_tag","embeddable":true,"href":"https:\/\/htiscientific.vn\/en\/wp-json\/wp\/v2\/product_tag?post=1799"}],"curies":[{"name":"wp","href":"https:\/\/api.w.org\/{rel}","templated":true}]}}