{"id":1797,"date":"2025-06-24T10:41:49","date_gmt":"2025-06-24T03:41:49","guid":{"rendered":"https:\/\/htiscientific.vn\/?post_type=product&#038;p=1797"},"modified":"2025-06-24T10:42:10","modified_gmt":"2025-06-24T03:42:10","slug":"thiet-bi-giang-day-qua-trinh-tao-nuoc-nong-va-suoi-am-dieu-khien-bang-may-tinh","status":"publish","type":"product","link":"https:\/\/htiscientific.vn\/en\/product\/thiet-bi-giang-day-qua-trinh-tao-nuoc-nong-va-suoi-am-dieu-khien-bang-may-tinh\/","title":{"rendered":"Thi\u1ebft b\u1ecb gi\u1ea3ng d\u1ea1y qu\u00e1 tr\u00ecnh t\u1ea1o n\u01b0\u1edbc n\u00f3ng v\u00e0 s\u01b0\u1edfi \u1ea5m \u0111i\u1ec1u khi\u1ec3n b\u1eb1ng m\u00e1y t\u00ednh"},"content":{"rendered":"<p><span style=\"color: #000000;\">Thi\u1ebft b\u1ecb gi\u1ea3ng d\u1ea1y qu\u00e1 tr\u00ecnh t\u1ea1o n\u01b0\u1edbc n\u00f3ng v\u00e0 s\u01b0\u1edfi \u1ea5m (EACC &#8211; Computer Controlled Hot Water Production and Heating Teaching Unit) do <a href=\"https:\/\/htiscientific.vn\/en\/hang-san-xuat\/edibon\/\">EDIBON<\/a> ph\u00e1t tri\u1ec3n, l\u00e0 m\u1ed9t m\u00f4 h\u00ecnh h\u1ecdc t\u1eadp gi\u00fap sinh vi\u00ean t\u00ecm hi\u1ec3u v\u1ec1 h\u1ec7 th\u1ed1ng s\u01b0\u1edfi \u1ea5m v\u00e0 s\u1ea3n xu\u1ea5t n\u01b0\u1edbc n\u00f3ng sinh ho\u1ea1t, \u00e1p d\u1ee5ng cho c\u1ea3 nh\u00e0 \u1edf ri\u00eang l\u1ebb v\u00e0 c\u00e1c t\u00f2a nh\u00e0 chung c\u01b0 c\u00f3 n\u1ed3i h\u01a1i ri\u00eang cho t\u1eebng c\u0103n h\u1ed9.<\/span><\/p>\n<p><span style=\"color: #000000;\"><strong>Thi\u1ebft b\u1ecb EACC:<\/strong><\/span><\/p>\n<ul>\n<li><span style=\"color: #000000;\"><strong>Khung v\u00e0 c\u1ea5u tr\u00fac:<\/strong><\/span>\n<ul>\n<li><span style=\"color: #000000;\">Khung b\u1eb1ng nh\u00f4m anod h\u00f3a v\u00e0 c\u00e1c t\u1ea5m th\u00e9p s\u01a1n t\u0129nh \u0111i\u1ec7n.<\/span><\/li>\n<li><span style=\"color: #000000;\">Thi\u1ebft b\u1ecb \u0111\u01b0\u1ee3c l\u1eafp b\u00e1nh xe \u0111\u1ec3 d\u1ec5 d\u00e0ng di chuy\u1ec3n.<\/span><\/li>\n<li><span style=\"color: #000000;\">C\u00e1c th\u00e0nh ph\u1ea7n kim lo\u1ea1i ch\u00ednh \u0111\u01b0\u1ee3c l\u00e0m b\u1eb1ng th\u00e9p kh\u00f4ng g\u1ec9.<\/span><\/li>\n<li><span style=\"color: #000000;\">M\u1eb7t tr\u01b0\u1edbc c\u00f3 s\u01a1 \u0111\u1ed3 ph\u00e2n b\u1ed1 c\u00e1c b\u1ed9 ph\u1eadn t\u01b0\u01a1ng t\u1ef1 nh\u01b0 h\u1ec7 th\u1ed1ng th\u1ef1c t\u1ebf.<\/span><\/li>\n<\/ul>\n<\/li>\n<li><span style=\"color: #000000;\"><strong>N\u1ed3i h\u01a1i:<\/strong><\/span>\n<ul>\n<li><span style=\"color: #000000;\">N\u1ed3i h\u01a1i s\u1eed d\u1ee5ng d\u1ea7u diesel v\u1edbi c\u00f4ng su\u1ea5t h\u1eefu \u00edch 32 kW.<\/span><\/li>\n<li><span style=\"color: #000000;\">Th\u00e2n n\u1ed3i h\u01a1i b\u1eb1ng gang v\u1edbi thi\u1ebft k\u1ebf ba \u0111\u01b0\u1eddng d\u1eabn kh\u00f3i, ph\u00f9 h\u1ee3p v\u1edbi c\u00e1c \u0111\u1ea7u \u0111\u1ed1t \u00e1p su\u1ea5t cho kh\u00ed ho\u1eb7c d\u1ea7u diesel.<\/span><\/li>\n<li><span style=\"color: #000000;\">Bao g\u1ed3m:<\/span>\n<ul>\n<li><span style=\"color: #000000;\">\u0110\u1ea7u \u0111\u1ed1t d\u1ea7u diesel (32 kW) \u0111i\u1ec1u khi\u1ec3n b\u1eb1ng m\u00e1y t\u00ednh.<\/span><\/li>\n<li><span style=\"color: #000000;\">B\u01a1m tu\u1ea7n ho\u00e0n, \u0111i\u1ec1u khi\u1ec3n b\u1eb1ng m\u00e1y t\u00ednh.<\/span><\/li>\n<li><span style=\"color: #000000;\">B\u00ecnh gi\u00e3n n\u1edf k\u00edn.<\/span><\/li>\n<li><span style=\"color: #000000;\">Van an to\u00e0n (3 bar).<\/span><\/li>\n<li><span style=\"color: #000000;\">B\u1ed9 x\u1ea3 kh\u00ed t\u1ef1 \u0111\u1ed9ng.<\/span><\/li>\n<li><span style=\"color: #000000;\">Nhi\u1ec7t k\u1ebf an to\u00e0n.<\/span><\/li>\n<li><span style=\"color: #000000;\">Van x\u1ea3.<\/span><\/li>\n<\/ul>\n<\/li>\n<li><span style=\"color: #000000;\">B\u00ecnh ch\u1ee9a nhi\u00ean li\u1ec7u di \u0111\u1ed9ng (20 l\u00edt).<\/span><\/li>\n<li><span style=\"color: #000000;\">B\u1ed9 l\u1ecdc nhi\u00ean li\u1ec7u.<\/span><\/li>\n<\/ul>\n<\/li>\n<li><span style=\"color: #000000;\"><strong>\u1ed0ng kh\u00f3i b\u1eb1ng th\u00e9p kh\u00f4ng g\u1ec9:<\/strong><\/span>\n<ul>\n<li><span style=\"color: #000000;\">B\u1ed9 chuy\u1ec3n \u0111\u1ed5i t\u1ea1i \u0111\u1ea7u ra c\u1ee7a n\u1ed3i h\u01a1i.<\/span><\/li>\n<li><span style=\"color: #000000;\">Kh\u1edbp &#8220;T&#8221; 90\u00ba, hai kh\u1edbp cong 45\u00ba, hai \u0111o\u1ea1n th\u1eb3ng d\u00e0i 930 mm, n\u00f3n tho\u00e1t kh\u00ed t\u1ef1 do v\u00e0 hai k\u1eb9p t\u01b0\u1eddng.<\/span><\/li>\n<\/ul>\n<\/li>\n<li><span style=\"color: #000000;\"><strong>Van \u0111i\u1ec7n t\u1eed ba ng\u1ea3 (\u0111i\u1ec1u khi\u1ec3n b\u1eb1ng m\u00e1y t\u00ednh):<\/strong><\/span>\n<ul>\n<li><span style=\"color: #000000;\">Ph\u00e2n ph\u1ed1i n\u01b0\u1edbc n\u00f3ng t\u1eeb n\u1ed3i h\u01a1i \u0111\u1ebfn hai m\u1ea1ch ch\u00ednh:<\/span><\/li>\n<\/ul>\n<\/li>\n<\/ul>\n<ol>\n<li><span style=\"color: #000000;\">V\u1ecf \u0111\u00f4i c\u1ee7a b\u1ed3n n\u01b0\u1edbc n\u00f3ng \u0111\u1ec3 t\u1ea1o n\u01b0\u1edbc n\u00f3ng sinh ho\u1ea1t.<\/span><\/li>\n<li><span style=\"color: #000000;\">B\u1ed9 t\u1ea3n nhi\u1ec7t \u0111\u1ec3 t\u1ea1o nhi\u1ec7t s\u01b0\u1edfi \u1ea5m.<\/span><\/li>\n<\/ol>\n<ul>\n<li><span style=\"color: #000000;\"><strong>B\u1ed3n n\u01b0\u1edbc n\u00f3ng (150 l\u00edt):<\/strong><\/span>\n<ul>\n<li><span style=\"color: #000000;\">L\u00e0m b\u1eb1ng th\u00e9p kh\u00f4ng g\u1ec9, c\u00f3 v\u1ecf \u0111\u00f4i.<\/span><\/li>\n<li><span style=\"color: #000000;\">Van \u0111i\u1ec7n t\u1eeb (\u0111i\u1ec1u khi\u1ec3n b\u1eb1ng m\u00e1y t\u00ednh) \u1edf \u0111\u01b0\u1eddng c\u1ea5p n\u01b0\u1edbc v\u00e0o b\u1ed3n.<\/span><\/li>\n<\/ul>\n<\/li>\n<li><span style=\"color: #000000;\"><strong>B\u1ed9 t\u1ea3n nhi\u1ec7t:<\/strong><\/span>\n<ul>\n<li><span style=\"color: #000000;\">B\u1ed9 t\u1ea3n nhi\u1ec7t n\u0103m ph\u1ea7n v\u1edbi b\u1ed9 x\u1ea3 kh\u00ed.<\/span><\/li>\n<li><span style=\"color: #000000;\">\u0110\u01b0\u1ee3c \u0111\u1eb7t trong h\u1ed9p mica (Methacrylate), c\u00f3 th\u1ec3 ki\u1ec3m so\u00e1t nhi\u1ec7t \u0111\u1ed9 th\u00f4ng qua ph\u1ea7n m\u1ec1m PID t\u00e1c \u0111\u1ed9ng l\u00ean van \u0111i\u1ec7n t\u1eeb ba ng\u1ea3.<\/span><\/li>\n<li><span style=\"color: #000000;\">B\u00ean trong h\u1ed9p c\u00f3 b\u1ed9 \u0111i\u1ec1u nhi\u1ec7t ph\u00f2ng, cho ph\u00e9p ki\u1ec3m so\u00e1t nhi\u1ec7t \u0111\u1ed9 s\u01b0\u1edfi.<\/span><\/li>\n<\/ul>\n<\/li>\n<li><span style=\"color: #000000;\"><strong>C\u1ea3m bi\u1ebfn:<\/strong><\/span>\n<ul>\n<li><span style=\"color: #000000;\">9 c\u1ea3m bi\u1ebfn nhi\u1ec7t \u0111\u1ed9 lo\u1ea1i \u201cJ\u201d t\u1ea1i c\u00e1c v\u1ecb tr\u00ed quan tr\u1ecdng \u0111\u1ec3 \u0111o:<\/span>\n<ul>\n<li><span style=\"color: #000000;\">Nhi\u1ec7t \u0111\u1ed9 n\u01b0\u1edbc n\u00f3ng r\u1eddi kh\u1ecfi n\u1ed3i h\u01a1i.<\/span><\/li>\n<li><span style=\"color: #000000;\">Nhi\u1ec7t \u0111\u1ed9 n\u01b0\u1edbc v\u00e0o\/ra c\u1ee7a m\u1ea1ch ch\u00ednh b\u1ed3n n\u01b0\u1edbc n\u00f3ng v\u00e0 b\u1ed9 t\u1ea3n nhi\u1ec7t.<\/span><\/li>\n<li><span style=\"color: #000000;\">Nhi\u1ec7t \u0111\u1ed9 n\u01b0\u1edbc n\u00f3ng sinh ho\u1ea1t b\u00ean trong v\u00e0 \u0111\u1ea7u ra b\u1ed3n n\u01b0\u1edbc n\u00f3ng.<\/span><\/li>\n<li><span style=\"color: #000000;\">Nhi\u1ec7t \u0111\u1ed9 n\u01b0\u1edbc tu\u1ea7n ho\u00e0n l\u1ea1i n\u1ed3i h\u01a1i.<\/span><\/li>\n<\/ul>\n<\/li>\n<li><span style=\"color: #000000;\">1 c\u1ea3m bi\u1ebfn l\u01b0u l\u01b0\u1ee3ng d\u1ea7u diesel: \u0111o l\u01b0u l\u01b0\u1ee3ng nhi\u00ean li\u1ec7u ti\u00eau th\u1ee5 (0,4 \u2013 4 kg\/h).<\/span><\/li>\n<li><span style=\"color: #000000;\">3 c\u1ea3m bi\u1ebfn l\u01b0u l\u01b0\u1ee3ng n\u01b0\u1edbc (1,5 \u2013 30 l\/min) \u0111\u1ec3 \u0111o:<\/span>\n<ul>\n<li><span style=\"color: #000000;\">L\u01b0u l\u01b0\u1ee3ng n\u01b0\u1edbc cho m\u1ea1ch ch\u00ednh c\u1ee7a b\u1ed3n n\u01b0\u1edbc n\u00f3ng.<\/span><\/li>\n<li><span style=\"color: #000000;\">L\u01b0u l\u01b0\u1ee3ng n\u01b0\u1edbc cho m\u1ea1ch ch\u00ednh c\u1ee7a b\u1ed9 t\u1ea3n nhi\u1ec7t.<\/span><\/li>\n<li><span style=\"color: #000000;\">L\u01b0u l\u01b0\u1ee3ng n\u01b0\u1edbc c\u1ea5p v\u00e0o b\u1ed3n n\u01b0\u1edbc n\u00f3ng.<\/span><\/li>\n<\/ul>\n<\/li>\n<\/ul>\n<\/li>\n<li><span style=\"color: #000000;\"><strong>M\u00e1y ph\u00e2n t\u00edch kh\u00ed th\u1ea3i:<\/strong><\/span>\n<ul>\n<li><span style=\"color: #000000;\">\u0110o CO, CO\u2082, O\u2082, l\u01b0\u1ee3ng kh\u00ed th\u1eeba, nhi\u1ec7t \u0111\u1ed9 kh\u00ed th\u1ea3i, hi\u1ec7u su\u1ea5t \u0111\u1ed1t ch\u00e1y, v.v.<\/span><\/li>\n<\/ul>\n<\/li>\n<li><span style=\"color: #000000;\"><strong>T\u00ednh n\u0103ng \u0111i\u1ec1u khi\u1ec3n v\u00e0 ph\u1ea7n m\u1ec1m:<\/strong><\/span>\n<ul>\n<li><span style=\"color: #000000;\">SCADA ti\u00ean ti\u1ebfn theo th\u1eddi gian th\u1ef1c v\u00e0 \u0111i\u1ec1u khi\u1ec3n PID.<\/span><\/li>\n<li><span style=\"color: #000000;\">\u0110i\u1ec1u khi\u1ec3n m\u1edf + \u0110i\u1ec1u khi\u1ec3n \u0111a k\u00eanh + \u0110i\u1ec1u khi\u1ec3n theo th\u1eddi gian th\u1ef1c.<\/span><\/li>\n<li><span style=\"color: #000000;\">Ph\u1ea7n m\u1ec1m \u0111i\u1ec1u khi\u1ec3n chuy\u00ean d\u1ee5ng c\u1ee7a EDIBON d\u1ef1a tr\u00ean LabVIEW.<\/span><\/li>\n<li><span style=\"color: #000000;\">B\u1ed9 thu th\u1eadp d\u1eef li\u1ec7u National Instruments (250 KS\/s \u2013 kilo m\u1eabu\/gi\u00e2y).<\/span><\/li>\n<li><span style=\"color: #000000;\">B\u00e0i t\u1eadp hi\u1ec7u chu\u1ea9n h\u01b0\u1edbng d\u1eabn ng\u01b0\u1eddi d\u00f9ng c\u00e1ch hi\u1ec7u chu\u1ea9n c\u1ea3m bi\u1ebfn v\u00e0 ki\u1ec3m tra \u0111\u1ed9 ch\u00ednh x\u00e1c tr\u01b0\u1edbc khi \u0111o l\u01b0\u1eddng.<\/span><\/li>\n<li><span style=\"color: #000000;\">T\u01b0\u01a1ng th\u00edch v\u1edbi m\u00e1y chi\u1ebfu v\u00e0 b\u1ea3ng \u0111i\u1ec7n t\u1eed \u0111\u1ec3 tr\u00ecnh di\u1ec5n tr\u01b0\u1edbc l\u1edbp h\u1ecdc.<\/span><\/li>\n<\/ul>\n<\/li>\n<li><span style=\"color: #000000;\"><strong>T\u00ednh n\u0103ng m\u1edf r\u1ed9ng v\u00e0 an to\u00e0n:<\/strong><\/span>\n<ul>\n<li><span style=\"color: #000000;\">H\u1ed7 tr\u1ee3 nghi\u00ean c\u1ee9u \u1ee9ng d\u1ee5ng, m\u00f4 ph\u1ecfng c\u00f4ng nghi\u1ec7p th\u1ef1c t\u1ebf, \u0111\u00e0o t\u1ea1o, v.v.<\/span><\/li>\n<li><span style=\"color: #000000;\">\u0110i\u1ec1u khi\u1ec3n v\u00e0 v\u1eadn h\u00e0nh t\u1eeb xa cho ng\u01b0\u1eddi d\u00f9ng v\u00e0 h\u1ed7 tr\u1ee3 k\u1ef9 thu\u1eadt EDIBON.<\/span><\/li>\n<li><span style=\"color: #000000;\">\u0110\u1ea3m b\u1ea3o an to\u00e0n v\u1edbi 4 h\u1ec7 th\u1ed1ng b\u1ea3o v\u1ec7: C\u01a1 kh\u00ed, \u0110i\u1ec7n, \u0110i\u1ec7n t\u1eed v\u00e0 Ph\u1ea7n m\u1ec1m.<\/span><\/li>\n<li><span style=\"color: #000000;\">Thi\u1ebft k\u1ebf v\u00e0 s\u1ea3n xu\u1ea5t theo c\u00e1c ti\u00eau chu\u1ea9n ch\u1ea5t l\u01b0\u1ee3ng.<\/span><\/li>\n<li><span style=\"color: #000000;\">T\u00f9y ch\u1ecdn ph\u1ea7n m\u1ec1m ICAI: T\u1ea1o, ch\u1ec9nh s\u1eeda v\u00e0 th\u1ef1c hi\u1ec7n c\u00e1c b\u00e0i t\u1eadp th\u1ef1c h\u00e0nh, ki\u1ec3m tra, t\u00ednh to\u00e1n; theo d\u00f5i ki\u1ebfn th\u1ee9c v\u00e0 ti\u1ebfn tr\u00ecnh c\u1ee7a ng\u01b0\u1eddi h\u1ecdc.<\/span><\/li>\n<li><span style=\"color: #000000;\">H\u1ed7 tr\u1ee3 m\u1edf r\u1ed9ng h\u1ec7 th\u1ed1ng qua EDIBON Scada-Net (ESN), cho ph\u00e9p nhi\u1ec1u sinh vi\u00ean c\u00f9ng v\u1eadn h\u00e0nh c\u00e1c thi\u1ebft b\u1ecb tr\u00ean m\u1ed9t m\u1ea1ng l\u01b0\u1edbi.<\/span><\/li>\n<\/ul>\n<\/li>\n<\/ul>","protected":false},"excerpt":{"rendered":"<p><span style=\"color: #000000;\">Thi\u1ebft b\u1ecb t\u1ea1o n\u01b0\u1edbc n\u00f3ng gi\u00fap gi\u1ea3ng d\u1ea1y qu\u00e1 tr\u00ecnh t\u1ea1o n\u01b0\u1edbc n\u00f3ng v\u00e0 s\u01b0\u1edfi \u1ea5m (EACC &#8211; Computer Controlled Hot Water Production and Heating Teaching Unit) do EDIBON ph\u00e1t tri\u1ec3n, l\u00e0 m\u1ed9t m\u00f4 h\u00ecnh h\u1ecdc t\u1eadp gi\u00fap sinh vi\u00ean t\u00ecm hi\u1ec3u v\u1ec1 h\u1ec7 th\u1ed1ng s\u01b0\u1edfi \u1ea5m v\u00e0 s\u1ea3n xu\u1ea5t n\u01b0\u1edbc n\u00f3ng sinh ho\u1ea1t, \u00e1p d\u1ee5ng cho c\u1ea3 nh\u00e0 \u1edf ri\u00eang l\u1ebb v\u00e0 c\u00e1c t\u00f2a nh\u00e0 chung c\u01b0 c\u00f3 n\u1ed3i h\u01a1i ri\u00eang cho t\u1eebng c\u0103n h\u1ed9.<\/span><\/p>","protected":false},"featured_media":1788,"template":"","meta":{"inline_featured_image":false},"product_brand":[47],"product_cat":[92,90],"product_tag":[],"class_list":{"0":"post-1797","1":"product","2":"type-product","3":"status-publish","4":"has-post-thumbnail","6":"product_brand-edibon","7":"product_cat-nhiet-dong-luc-hoc-va-ky-thuat-nhiet","8":"product_cat-thiet-bi-giao-duc","10":"first","11":"instock","12":"shipping-taxable","13":"product-type-simple"},"yoast_head":"<!-- This site is optimized with the Yoast SEO plugin v24.7 - https:\/\/yoast.com\/wordpress\/plugins\/seo\/ -->\n<title>Thi\u1ebft b\u1ecb gi\u1ea3ng d\u1ea1y qu\u00e1 tr\u00ecnh t\u1ea1o n\u01b0\u1edbc n\u00f3ng v\u00e0 s\u01b0\u1edfi \u1ea5m \u0111i\u1ec1u khi\u1ec3n b\u1eb1ng m\u00e1y t\u00ednh - HTI Scientific<\/title>\n<meta name=\"description\" content=\"Thi\u1ebft b\u1ecb t\u1ea1o n\u01b0\u1edbc n\u00f3ng gi\u1edbi thi\u1ec7u v\u1ec1 h\u1ec7 th\u1ed1ng s\u01b0\u1edfi \u1ea5m v\u00e0 s\u1ea3n xu\u1ea5t n\u01b0\u1edbc n\u00f3ng bao g\u1ed3m n\u1ed3i h\u01a1i, \u1ed1ng kh\u00f3i, van \u0111i\u1ec7n t\u1eed, b\u1ed3n n\u01b0\u1edbc n\u00f3ng, b\u1ed9 t\u1ea3n nhi\u1ec7t...\" \/>\n<meta name=\"robots\" content=\"index, follow, max-snippet:-1, max-image-preview:large, max-video-preview:-1\" \/>\n<link rel=\"canonical\" href=\"https:\/\/htiscientific.vn\/en\/product\/thiet-bi-giang-day-qua-trinh-tao-nuoc-nong-va-suoi-am-dieu-khien-bang-may-tinh\/\" \/>\n<meta property=\"og:locale\" content=\"en_US\" \/>\n<meta property=\"og:type\" content=\"article\" \/>\n<meta property=\"og:title\" content=\"Thi\u1ebft b\u1ecb gi\u1ea3ng d\u1ea1y qu\u00e1 tr\u00ecnh t\u1ea1o n\u01b0\u1edbc n\u00f3ng v\u00e0 s\u01b0\u1edfi \u1ea5m \u0111i\u1ec1u khi\u1ec3n b\u1eb1ng m\u00e1y t\u00ednh - HTI Scientific\" \/>\n<meta property=\"og:description\" content=\"Thi\u1ebft b\u1ecb t\u1ea1o n\u01b0\u1edbc n\u00f3ng gi\u1edbi thi\u1ec7u v\u1ec1 h\u1ec7 th\u1ed1ng s\u01b0\u1edfi \u1ea5m v\u00e0 s\u1ea3n xu\u1ea5t n\u01b0\u1edbc n\u00f3ng bao g\u1ed3m n\u1ed3i h\u01a1i, \u1ed1ng kh\u00f3i, van \u0111i\u1ec7n t\u1eed, b\u1ed3n n\u01b0\u1edbc n\u00f3ng, b\u1ed9 t\u1ea3n nhi\u1ec7t...\" \/>\n<meta property=\"og:url\" content=\"https:\/\/htiscientific.vn\/en\/product\/thiet-bi-giang-day-qua-trinh-tao-nuoc-nong-va-suoi-am-dieu-khien-bang-may-tinh\/\" \/>\n<meta property=\"og:site_name\" content=\"HTI Scientific\" \/>\n<meta property=\"article:publisher\" content=\"https:\/\/www.facebook.com\/htiscientific.vn\" \/>\n<meta property=\"article:modified_time\" content=\"2025-06-24T03:42:10+00:00\" \/>\n<meta property=\"og:image\" content=\"https:\/\/htiscientific.vn\/wp-content\/uploads\/2025\/06\/8.jpg\" \/>\n\t<meta property=\"og:image:width\" content=\"1000\" \/>\n\t<meta property=\"og:image:height\" content=\"1000\" \/>\n\t<meta property=\"og:image:type\" content=\"image\/jpeg\" \/>\n<meta name=\"twitter:card\" content=\"summary_large_image\" \/>\n<meta name=\"twitter:label1\" content=\"Est. reading time\" \/>\n\t<meta name=\"twitter:data1\" content=\"5 minutes\" \/>\n<script type=\"application\/ld+json\" class=\"yoast-schema-graph\">{\"@context\":\"https:\/\/schema.org\",\"@graph\":[{\"@type\":\"WebPage\",\"@id\":\"https:\/\/htiscientific.vn\/san-pham\/thiet-bi-giang-day-qua-trinh-tao-nuoc-nong-va-suoi-am-dieu-khien-bang-may-tinh\/\",\"url\":\"https:\/\/htiscientific.vn\/san-pham\/thiet-bi-giang-day-qua-trinh-tao-nuoc-nong-va-suoi-am-dieu-khien-bang-may-tinh\/\",\"name\":\"Thi\u1ebft b\u1ecb gi\u1ea3ng d\u1ea1y qu\u00e1 tr\u00ecnh t\u1ea1o n\u01b0\u1edbc n\u00f3ng v\u00e0 s\u01b0\u1edfi \u1ea5m \u0111i\u1ec1u khi\u1ec3n b\u1eb1ng m\u00e1y t\u00ednh - HTI Scientific\",\"isPartOf\":{\"@id\":\"https:\/\/htiscientific.vn\/#website\"},\"primaryImageOfPage\":{\"@id\":\"https:\/\/htiscientific.vn\/san-pham\/thiet-bi-giang-day-qua-trinh-tao-nuoc-nong-va-suoi-am-dieu-khien-bang-may-tinh\/#primaryimage\"},\"image\":{\"@id\":\"https:\/\/htiscientific.vn\/san-pham\/thiet-bi-giang-day-qua-trinh-tao-nuoc-nong-va-suoi-am-dieu-khien-bang-may-tinh\/#primaryimage\"},\"thumbnailUrl\":\"https:\/\/htiscientific.vn\/wp-content\/uploads\/2025\/06\/8.jpg\",\"datePublished\":\"2025-06-24T03:41:49+00:00\",\"dateModified\":\"2025-06-24T03:42:10+00:00\",\"description\":\"Thi\u1ebft b\u1ecb t\u1ea1o n\u01b0\u1edbc n\u00f3ng gi\u1edbi thi\u1ec7u v\u1ec1 h\u1ec7 th\u1ed1ng s\u01b0\u1edfi \u1ea5m v\u00e0 s\u1ea3n xu\u1ea5t n\u01b0\u1edbc n\u00f3ng bao g\u1ed3m n\u1ed3i h\u01a1i, \u1ed1ng kh\u00f3i, van \u0111i\u1ec7n t\u1eed, b\u1ed3n n\u01b0\u1edbc n\u00f3ng, b\u1ed9 t\u1ea3n nhi\u1ec7t...\",\"breadcrumb\":{\"@id\":\"https:\/\/htiscientific.vn\/san-pham\/thiet-bi-giang-day-qua-trinh-tao-nuoc-nong-va-suoi-am-dieu-khien-bang-may-tinh\/#breadcrumb\"},\"inLanguage\":\"en-US\",\"potentialAction\":[{\"@type\":\"ReadAction\",\"target\":[\"https:\/\/htiscientific.vn\/san-pham\/thiet-bi-giang-day-qua-trinh-tao-nuoc-nong-va-suoi-am-dieu-khien-bang-may-tinh\/\"]}]},{\"@type\":\"ImageObject\",\"inLanguage\":\"en-US\",\"@id\":\"https:\/\/htiscientific.vn\/san-pham\/thiet-bi-giang-day-qua-trinh-tao-nuoc-nong-va-suoi-am-dieu-khien-bang-may-tinh\/#primaryimage\",\"url\":\"https:\/\/htiscientific.vn\/wp-content\/uploads\/2025\/06\/8.jpg\",\"contentUrl\":\"https:\/\/htiscientific.vn\/wp-content\/uploads\/2025\/06\/8.jpg\",\"width\":1000,\"height\":1000,\"caption\":\"thiet-bi-tao-nuoc-nong\"},{\"@type\":\"BreadcrumbList\",\"@id\":\"https:\/\/htiscientific.vn\/san-pham\/thiet-bi-giang-day-qua-trinh-tao-nuoc-nong-va-suoi-am-dieu-khien-bang-may-tinh\/#breadcrumb\",\"itemListElement\":[{\"@type\":\"ListItem\",\"position\":1,\"name\":\"Trang ch\u1ee7\",\"item\":\"https:\/\/htiscientific.vn\/\"},{\"@type\":\"ListItem\",\"position\":2,\"name\":\"C\u1eeda h\u00e0ng\",\"item\":\"https:\/\/htiscientific.vn\/cua-hang\/\"},{\"@type\":\"ListItem\",\"position\":3,\"name\":\"Thi\u1ebft b\u1ecb gi\u00e1o d\u1ee5c\",\"item\":\"https:\/\/htiscientific.vn\/danh-muc-san-pham\/thiet-bi-giao-duc\/\"},{\"@type\":\"ListItem\",\"position\":4,\"name\":\"Nhi\u1ec7t \u0111\u1ed9ng l\u1ef1c h\u1ecdc v\u00e0 k\u1ef9 thu\u1eadt nhi\u1ec7t\",\"item\":\"https:\/\/htiscientific.vn\/danh-muc-san-pham\/thiet-bi-giao-duc\/nhiet-dong-luc-hoc-va-ky-thuat-nhiet\/\"},{\"@type\":\"ListItem\",\"position\":5,\"name\":\"Thi\u1ebft b\u1ecb gi\u1ea3ng d\u1ea1y qu\u00e1 tr\u00ecnh t\u1ea1o n\u01b0\u1edbc n\u00f3ng v\u00e0 s\u01b0\u1edfi \u1ea5m \u0111i\u1ec1u khi\u1ec3n b\u1eb1ng m\u00e1y t\u00ednh\"}]},{\"@type\":\"WebSite\",\"@id\":\"https:\/\/htiscientific.vn\/#website\",\"url\":\"https:\/\/htiscientific.vn\/\",\"name\":\"HTI Scientific\",\"description\":\"HTI Scientific\",\"publisher\":{\"@id\":\"https:\/\/htiscientific.vn\/#organization\"},\"potentialAction\":[{\"@type\":\"SearchAction\",\"target\":{\"@type\":\"EntryPoint\",\"urlTemplate\":\"https:\/\/htiscientific.vn\/?s={search_term_string}\"},\"query-input\":{\"@type\":\"PropertyValueSpecification\",\"valueRequired\":true,\"valueName\":\"search_term_string\"}}],\"inLanguage\":\"en-US\"},{\"@type\":\"Organization\",\"@id\":\"https:\/\/htiscientific.vn\/#organization\",\"name\":\"HTI Scientific\",\"alternateName\":\"HTI Scientific\",\"url\":\"https:\/\/htiscientific.vn\/\",\"logo\":{\"@type\":\"ImageObject\",\"inLanguage\":\"en-US\",\"@id\":\"https:\/\/htiscientific.vn\/#\/schema\/logo\/image\/\",\"url\":\"https:\/\/htiscientific.vn\/wp-content\/uploads\/2025\/03\/ava-hti-copy.jpg\",\"contentUrl\":\"https:\/\/htiscientific.vn\/wp-content\/uploads\/2025\/03\/ava-hti-copy.jpg\",\"width\":700,\"height\":450,\"caption\":\"HTI Scientific\"},\"image\":{\"@id\":\"https:\/\/htiscientific.vn\/#\/schema\/logo\/image\/\"},\"sameAs\":[\"https:\/\/www.facebook.com\/htiscientific.vn\"]}]}<\/script>\n<!-- \/ Yoast SEO plugin. -->","yoast_head_json":{"title":"Thi\u1ebft b\u1ecb gi\u1ea3ng d\u1ea1y qu\u00e1 tr\u00ecnh t\u1ea1o n\u01b0\u1edbc n\u00f3ng v\u00e0 s\u01b0\u1edfi \u1ea5m \u0111i\u1ec1u khi\u1ec3n b\u1eb1ng m\u00e1y t\u00ednh - HTI Scientific","description":"Thi\u1ebft b\u1ecb t\u1ea1o n\u01b0\u1edbc n\u00f3ng gi\u1edbi thi\u1ec7u v\u1ec1 h\u1ec7 th\u1ed1ng s\u01b0\u1edfi \u1ea5m v\u00e0 s\u1ea3n xu\u1ea5t n\u01b0\u1edbc n\u00f3ng bao g\u1ed3m n\u1ed3i h\u01a1i, \u1ed1ng kh\u00f3i, van \u0111i\u1ec7n t\u1eed, b\u1ed3n n\u01b0\u1edbc n\u00f3ng, b\u1ed9 t\u1ea3n nhi\u1ec7t...","robots":{"index":"index","follow":"follow","max-snippet":"max-snippet:-1","max-image-preview":"max-image-preview:large","max-video-preview":"max-video-preview:-1"},"canonical":"https:\/\/htiscientific.vn\/en\/product\/thiet-bi-giang-day-qua-trinh-tao-nuoc-nong-va-suoi-am-dieu-khien-bang-may-tinh\/","og_locale":"en_US","og_type":"article","og_title":"Thi\u1ebft b\u1ecb gi\u1ea3ng d\u1ea1y qu\u00e1 tr\u00ecnh t\u1ea1o n\u01b0\u1edbc n\u00f3ng v\u00e0 s\u01b0\u1edfi \u1ea5m \u0111i\u1ec1u khi\u1ec3n b\u1eb1ng m\u00e1y t\u00ednh - HTI Scientific","og_description":"Thi\u1ebft b\u1ecb t\u1ea1o n\u01b0\u1edbc n\u00f3ng gi\u1edbi thi\u1ec7u v\u1ec1 h\u1ec7 th\u1ed1ng s\u01b0\u1edfi \u1ea5m v\u00e0 s\u1ea3n xu\u1ea5t n\u01b0\u1edbc n\u00f3ng bao g\u1ed3m n\u1ed3i h\u01a1i, \u1ed1ng kh\u00f3i, van \u0111i\u1ec7n t\u1eed, b\u1ed3n n\u01b0\u1edbc n\u00f3ng, b\u1ed9 t\u1ea3n nhi\u1ec7t...","og_url":"https:\/\/htiscientific.vn\/en\/product\/thiet-bi-giang-day-qua-trinh-tao-nuoc-nong-va-suoi-am-dieu-khien-bang-may-tinh\/","og_site_name":"HTI Scientific","article_publisher":"https:\/\/www.facebook.com\/htiscientific.vn","article_modified_time":"2025-06-24T03:42:10+00:00","og_image":[{"width":1000,"height":1000,"url":"https:\/\/htiscientific.vn\/wp-content\/uploads\/2025\/06\/8.jpg","type":"image\/jpeg"}],"twitter_card":"summary_large_image","twitter_misc":{"Est. reading time":"5 minutes"},"schema":{"@context":"https:\/\/schema.org","@graph":[{"@type":"WebPage","@id":"https:\/\/htiscientific.vn\/san-pham\/thiet-bi-giang-day-qua-trinh-tao-nuoc-nong-va-suoi-am-dieu-khien-bang-may-tinh\/","url":"https:\/\/htiscientific.vn\/san-pham\/thiet-bi-giang-day-qua-trinh-tao-nuoc-nong-va-suoi-am-dieu-khien-bang-may-tinh\/","name":"Thi\u1ebft b\u1ecb gi\u1ea3ng d\u1ea1y qu\u00e1 tr\u00ecnh t\u1ea1o n\u01b0\u1edbc n\u00f3ng v\u00e0 s\u01b0\u1edfi \u1ea5m \u0111i\u1ec1u khi\u1ec3n b\u1eb1ng m\u00e1y t\u00ednh - HTI Scientific","isPartOf":{"@id":"https:\/\/htiscientific.vn\/#website"},"primaryImageOfPage":{"@id":"https:\/\/htiscientific.vn\/san-pham\/thiet-bi-giang-day-qua-trinh-tao-nuoc-nong-va-suoi-am-dieu-khien-bang-may-tinh\/#primaryimage"},"image":{"@id":"https:\/\/htiscientific.vn\/san-pham\/thiet-bi-giang-day-qua-trinh-tao-nuoc-nong-va-suoi-am-dieu-khien-bang-may-tinh\/#primaryimage"},"thumbnailUrl":"https:\/\/htiscientific.vn\/wp-content\/uploads\/2025\/06\/8.jpg","datePublished":"2025-06-24T03:41:49+00:00","dateModified":"2025-06-24T03:42:10+00:00","description":"Thi\u1ebft b\u1ecb t\u1ea1o n\u01b0\u1edbc n\u00f3ng gi\u1edbi thi\u1ec7u v\u1ec1 h\u1ec7 th\u1ed1ng s\u01b0\u1edfi \u1ea5m v\u00e0 s\u1ea3n xu\u1ea5t n\u01b0\u1edbc n\u00f3ng bao g\u1ed3m n\u1ed3i h\u01a1i, \u1ed1ng kh\u00f3i, van \u0111i\u1ec7n t\u1eed, b\u1ed3n n\u01b0\u1edbc n\u00f3ng, b\u1ed9 t\u1ea3n nhi\u1ec7t...","breadcrumb":{"@id":"https:\/\/htiscientific.vn\/san-pham\/thiet-bi-giang-day-qua-trinh-tao-nuoc-nong-va-suoi-am-dieu-khien-bang-may-tinh\/#breadcrumb"},"inLanguage":"en-US","potentialAction":[{"@type":"ReadAction","target":["https:\/\/htiscientific.vn\/san-pham\/thiet-bi-giang-day-qua-trinh-tao-nuoc-nong-va-suoi-am-dieu-khien-bang-may-tinh\/"]}]},{"@type":"ImageObject","inLanguage":"en-US","@id":"https:\/\/htiscientific.vn\/san-pham\/thiet-bi-giang-day-qua-trinh-tao-nuoc-nong-va-suoi-am-dieu-khien-bang-may-tinh\/#primaryimage","url":"https:\/\/htiscientific.vn\/wp-content\/uploads\/2025\/06\/8.jpg","contentUrl":"https:\/\/htiscientific.vn\/wp-content\/uploads\/2025\/06\/8.jpg","width":1000,"height":1000,"caption":"thiet-bi-tao-nuoc-nong"},{"@type":"BreadcrumbList","@id":"https:\/\/htiscientific.vn\/san-pham\/thiet-bi-giang-day-qua-trinh-tao-nuoc-nong-va-suoi-am-dieu-khien-bang-may-tinh\/#breadcrumb","itemListElement":[{"@type":"ListItem","position":1,"name":"Trang ch\u1ee7","item":"https:\/\/htiscientific.vn\/"},{"@type":"ListItem","position":2,"name":"C\u1eeda h\u00e0ng","item":"https:\/\/htiscientific.vn\/cua-hang\/"},{"@type":"ListItem","position":3,"name":"Thi\u1ebft b\u1ecb gi\u00e1o d\u1ee5c","item":"https:\/\/htiscientific.vn\/danh-muc-san-pham\/thiet-bi-giao-duc\/"},{"@type":"ListItem","position":4,"name":"Nhi\u1ec7t \u0111\u1ed9ng l\u1ef1c h\u1ecdc v\u00e0 k\u1ef9 thu\u1eadt nhi\u1ec7t","item":"https:\/\/htiscientific.vn\/danh-muc-san-pham\/thiet-bi-giao-duc\/nhiet-dong-luc-hoc-va-ky-thuat-nhiet\/"},{"@type":"ListItem","position":5,"name":"Thi\u1ebft b\u1ecb gi\u1ea3ng d\u1ea1y qu\u00e1 tr\u00ecnh t\u1ea1o n\u01b0\u1edbc n\u00f3ng v\u00e0 s\u01b0\u1edfi \u1ea5m \u0111i\u1ec1u khi\u1ec3n b\u1eb1ng m\u00e1y t\u00ednh"}]},{"@type":"WebSite","@id":"https:\/\/htiscientific.vn\/#website","url":"https:\/\/htiscientific.vn\/","name":"HTI Scientific","description":"HTI Scientific","publisher":{"@id":"https:\/\/htiscientific.vn\/#organization"},"potentialAction":[{"@type":"SearchAction","target":{"@type":"EntryPoint","urlTemplate":"https:\/\/htiscientific.vn\/?s={search_term_string}"},"query-input":{"@type":"PropertyValueSpecification","valueRequired":true,"valueName":"search_term_string"}}],"inLanguage":"en-US"},{"@type":"Organization","@id":"https:\/\/htiscientific.vn\/#organization","name":"HTI Scientific","alternateName":"HTI Scientific","url":"https:\/\/htiscientific.vn\/","logo":{"@type":"ImageObject","inLanguage":"en-US","@id":"https:\/\/htiscientific.vn\/#\/schema\/logo\/image\/","url":"https:\/\/htiscientific.vn\/wp-content\/uploads\/2025\/03\/ava-hti-copy.jpg","contentUrl":"https:\/\/htiscientific.vn\/wp-content\/uploads\/2025\/03\/ava-hti-copy.jpg","width":700,"height":450,"caption":"HTI Scientific"},"image":{"@id":"https:\/\/htiscientific.vn\/#\/schema\/logo\/image\/"},"sameAs":["https:\/\/www.facebook.com\/htiscientific.vn"]}]}},"_links":{"self":[{"href":"https:\/\/htiscientific.vn\/en\/wp-json\/wp\/v2\/product\/1797","targetHints":{"allow":["GET"]}}],"collection":[{"href":"https:\/\/htiscientific.vn\/en\/wp-json\/wp\/v2\/product"}],"about":[{"href":"https:\/\/htiscientific.vn\/en\/wp-json\/wp\/v2\/types\/product"}],"wp:featuredmedia":[{"embeddable":true,"href":"https:\/\/htiscientific.vn\/en\/wp-json\/wp\/v2\/media\/1788"}],"wp:attachment":[{"href":"https:\/\/htiscientific.vn\/en\/wp-json\/wp\/v2\/media?parent=1797"}],"wp:term":[{"taxonomy":"product_brand","embeddable":true,"href":"https:\/\/htiscientific.vn\/en\/wp-json\/wp\/v2\/product_brand?post=1797"},{"taxonomy":"product_cat","embeddable":true,"href":"https:\/\/htiscientific.vn\/en\/wp-json\/wp\/v2\/product_cat?post=1797"},{"taxonomy":"product_tag","embeddable":true,"href":"https:\/\/htiscientific.vn\/en\/wp-json\/wp\/v2\/product_tag?post=1797"}],"curies":[{"name":"wp","href":"https:\/\/api.w.org\/{rel}","templated":true}]}}