{"id":1784,"date":"2025-06-24T10:32:58","date_gmt":"2025-06-24T03:32:58","guid":{"rendered":"https:\/\/htiscientific.vn\/?post_type=product&#038;p=1784"},"modified":"2025-06-24T10:32:58","modified_gmt":"2025-06-24T03:32:58","slug":"thiet-bi-thi-nghiem-qua-trinh-dot-chay-dieu-khien-bang-may-tinh","status":"publish","type":"product","link":"https:\/\/htiscientific.vn\/en\/product\/thiet-bi-thi-nghiem-qua-trinh-dot-chay-dieu-khien-bang-may-tinh\/","title":{"rendered":"Thi\u1ebft b\u1ecb th\u00ed nghi\u1ec7m qu\u00e1 tr\u00ecnh \u0111\u1ed1t ch\u00e1y \u0111i\u1ec1u khi\u1ec3n b\u1eb1ng m\u00e1y t\u00ednh"},"content":{"rendered":"<p><span style=\"color: #000000;\">Thi\u1ebft b\u1ecb th\u00ed nghi\u1ec7m qu\u00e1 tr\u00ecnh \u0111\u1ed1t ch\u00e1y (TVCC &#8211; Computer Controlled Combustion Laboratory Unit) \u0111\u01b0\u1ee3c l\u1eafp \u0111\u1eb7t tr\u00ean khung kim lo\u1ea1i, cho ph\u00e9p ti\u1ebfp c\u1eadn an to\u00e0n v\u1edbi c\u00e1c b\u1ed9 ph\u1eadn c\u1ee7a thi\u1ebft b\u1ecb, \u0111\u1ed3ng th\u1eddi d\u1ec5 d\u00e0ng thao t\u00e1c v\u00e0 ti\u1ebfp c\u1eadn bu\u1ed3ng \u0111\u1ed1t, bu\u1ed3ng ch\u00e1y, c\u00e1c ph\u1ee5 ki\u1ec7n v\u00e0 b\u1ea3ng \u0111i\u1ec1u khi\u1ec3n.<\/span><\/p>\n<p><span style=\"color: #000000;\"><strong>Thi\u1ebft b\u1ecb th\u00ed nghi\u1ec7m qu\u00e1 tr\u00ecnh \u0111\u1ed1t ch\u00e1y \u0111i\u1ec1u khi\u1ec3n b\u1eb1ng m\u00e1y t\u00ednh, &#8220;TVCC&#8221;:<\/strong><\/span><\/p>\n<ul>\n<li><span style=\"color: #000000;\"><strong>C\u1ea5u tr\u00fac thi\u1ebft b\u1ecb:<\/strong><\/span>\n<ul>\n<li><span style=\"color: #000000;\">Khung b\u1eb1ng nh\u00f4m anot h\u00f3a v\u00e0 c\u00e1c t\u1ea5m che b\u1eb1ng th\u00e9p s\u01a1n t\u0129nh \u0111i\u1ec7n.<\/span><\/li>\n<li><span style=\"color: #000000;\">Thi\u1ebft b\u1ecb \u0111\u01b0\u1ee3c g\u1eafn b\u00e1nh xe gi\u00fap di chuy\u1ec3n d\u1ec5 d\u00e0ng.<\/span><\/li>\n<li><span style=\"color: #000000;\">C\u00e1c b\u1ed9 ph\u1eadn kim lo\u1ea1i ch\u00ednh \u0111\u01b0\u1ee3c l\u00e0m b\u1eb1ng th\u00e9p kh\u00f4ng g\u1ec9.<\/span><\/li>\n<li><span style=\"color: #000000;\">S\u01a1 \u0111\u1ed3 b\u1ed1 tr\u00ed c\u00e1c th\u00e0nh ph\u1ea7n \u0111\u01b0\u1ee3c hi\u1ec3n th\u1ecb tr\u00ean b\u1ea3ng \u0111i\u1ec1u khi\u1ec3n ph\u00eda tr\u01b0\u1edbc t\u01b0\u01a1ng \u1ee9ng v\u1edbi c\u1ea5u h\u00ecnh th\u1ef1c t\u1ebf.<\/span><\/li>\n<\/ul>\n<\/li>\n<li><span style=\"color: #000000;\"><strong>Bu\u1ed3ng \u0111\u1ed1t:<\/strong><\/span>\n<ul>\n<li><span style=\"color: #000000;\">Bu\u1ed3ng \u0111\u1ed1t b\u1eb1ng th\u00e9p kh\u00f4ng g\u1ec9 (700 mm x 1100 mm) v\u1edbi 5 \u0111i\u1ec3m quan s\u00e1t \u0111\u01b0\u1eddng k\u00ednh 100 mm.<\/span><\/li>\n<li><span style=\"color: #000000;\">\u00c1o gi\u1ea3i nhi\u1ec7t t\u00edch h\u1ee3p nhi\u1ec7t k\u1ebf, \u00e1p k\u1ebf v\u00e0 c\u00f4ng t\u1eafc \u00e1p su\u1ea5t \u0111\u1ec3 ng\u0103n ch\u1eb7n t\u00ecnh tr\u1ea1ng qu\u00e1 \u00e1p.<\/span><\/li>\n<li><span style=\"color: #000000;\">\u0110\u1ea7u \u0111\u1ed1t k\u00e9p c\u00f4ng su\u1ea5t 150 kW, ho\u1ea1t \u0111\u1ed9ng v\u1edbi kh\u00ed thi\u00ean nhi\u00ean (ho\u1eb7c kh\u00ed h\u00f3a l\u1ecfng LPG) v\u00e0 d\u1ea7u nhi\u00ean li\u1ec7u.<\/span><\/li>\n<li><span style=\"color: #000000;\">Qu\u1ea1t t\u00edch h\u1ee3p trong \u0111\u1ea7u \u0111\u1ed1t c\u00f3 c\u1ea7n \u0111i\u1ec1u ch\u1ec9nh l\u01b0u l\u01b0\u1ee3ng kh\u00ed.<\/span><\/li>\n<\/ul>\n<\/li>\n<li><span style=\"color: #000000;\"><strong>H\u1ec7 th\u1ed1ng c\u1ea5p kh\u00ed thi\u00ean nhi\u00ean bao g\u1ed3m:<\/strong><\/span>\n<ul>\n<li><span style=\"color: #000000;\">Van \u0111i\u1ec1u khi\u1ec3n b\u1eb1ng tay.<\/span><\/li>\n<li><span style=\"color: #000000;\">B\u1ed9 l\u1ecdc kh\u00ed.<\/span><\/li>\n<li><span style=\"color: #000000;\">C\u1ea3m bi\u1ebfn \u00e1p su\u1ea5t (0 \u2013 1 bar).<\/span><\/li>\n<li><span style=\"color: #000000;\">B\u1ed9 \u0111i\u1ec1u ch\u1ec9nh \u00e1p su\u1ea5t (0 \u2013 3 bar).<\/span><\/li>\n<li><span style=\"color: #000000;\">\u00c1p k\u1ebf (0 \u2013 400 mbar).<\/span><\/li>\n<li><span style=\"color: #000000;\">Van \u0111i\u1ec7n t\u1eeb v\u00e0 c\u00f4ng t\u1eafc \u00e1p su\u1ea5t an to\u00e0n.<\/span><\/li>\n<li><span style=\"color: #000000;\">C\u1ea3m bi\u1ebfn l\u01b0u l\u01b0\u1ee3ng (3 \u2013 21 m\u00b3\/h).<\/span><\/li>\n<li><span style=\"color: #000000;\">Van kim \u0111\u1ec3 \u0111i\u1ec1u ch\u1ec9nh l\u01b0u l\u01b0\u1ee3ng kh\u00ed v\u00e0o.<\/span><\/li>\n<\/ul>\n<\/li>\n<li><span style=\"color: #000000;\"><strong>H\u1ec7 th\u1ed1ng c\u1ea5p d\u1ea7u nhi\u00ean li\u1ec7u bao g\u1ed3m:<\/strong><\/span>\n<ul>\n<li><span style=\"color: #000000;\">Van \u0111i\u1ec1u khi\u1ec3n b\u1eb1ng tay.<\/span><\/li>\n<li><span style=\"color: #000000;\">Van \u0111i\u1ec7n t\u1eeb.<\/span><\/li>\n<li><span style=\"color: #000000;\">C\u1ea3m bi\u1ebfn l\u01b0u l\u01b0\u1ee3ng (4 \u2013 38 kg\/h).<\/span><\/li>\n<li><span style=\"color: #000000;\">Van kim \u0111\u1ec3 \u0111i\u1ec1u ch\u1ec9nh l\u01b0u l\u01b0\u1ee3ng d\u1ea7u v\u00e0o.<\/span><\/li>\n<li><span style=\"color: #000000;\">Hai b\u1ec3 ch\u1ee9a v\u00e0 c\u1ea5p d\u1ea7u nhi\u00ean li\u1ec7u.<\/span><\/li>\n<li><span style=\"color: #000000;\">B\u01a1m h\u00fat nhi\u00ean li\u1ec7u v\u00e0o \u0111\u1ea7u \u0111\u1ed1t.<\/span><\/li>\n<\/ul>\n<\/li>\n<li><span style=\"color: #000000;\"><strong>C\u00e1c th\u00e0nh ph\u1ea7n an to\u00e0n v\u00e0 ki\u1ec3m so\u00e1t:<\/strong><\/span>\n<ul>\n<li><span style=\"color: #000000;\">H\u1ec7 th\u1ed1ng th\u00f4ng gi\u00f3, van an to\u00e0n v\u00e0 van x\u1ea3.<\/span><\/li>\n<li><span style=\"color: #000000;\">N\u0103m c\u1ea3m bi\u1ebfn nhi\u1ec7t \u0111\u1ed9: bu\u1ed3ng \u0111\u1ed1t, \u0111\u1ea7u v\u00e0o v\u00e0 \u0111\u1ea7u ra n\u01b0\u1edbc gi\u1ea3i nhi\u1ec7t, \u0111\u1ea7u ra kh\u00ed th\u1ea3i \u0111\u1ed1t v\u00e0 \u0111\u1ea7u v\u00e0o kh\u00f4ng kh\u00ed c\u1ee7a \u0111\u1ea7u \u0111\u1ed1t.<\/span><\/li>\n<li><span style=\"color: #000000;\">B\u1ed1n c\u1ea3m bi\u1ebfn l\u01b0u l\u01b0\u1ee3ng: kh\u00ed thi\u00ean nhi\u00ean v\u00e0o, d\u1ea7u nhi\u00ean li\u1ec7u v\u00e0o, n\u01b0\u1edbc gi\u1ea3i nhi\u1ec7t v\u00e0o (1.5 \u2013 30 l\/min) v\u00e0 kh\u00f4ng kh\u00ed v\u00e0o (c\u1ea3m bi\u1ebfn ch\u00eanh \u00e1p, 0 \u2013 1 PSI).<\/span><\/li>\n<li><span style=\"color: #000000;\">M\u00e1y ph\u00e2n t\u00edch kh\u00ed th\u1ea3i: \u0111o h\u00e0m l\u01b0\u1ee3ng O\u2082, CO, CO\u2082, hi\u1ec7u su\u1ea5t \u0111\u1ed1t ch\u00e1y, l\u01b0\u1ee3ng kh\u00f4ng kh\u00ed d\u01b0 th\u1eeba v\u00e0 t\u1ef7 l\u1ec7 CO\/CO\u2082.<\/span><\/li>\n<li><span style=\"color: #000000;\">Hai van \u0111i\u1ec7n t\u1eeb, m\u1ed7i van t\u01b0\u01a1ng \u1ee9ng v\u1edbi m\u1ed9t lo\u1ea1i nhi\u00ean li\u1ec7u (kh\u00ed ho\u1eb7c d\u1ea7u).<\/span><\/li>\n<li><span style=\"color: #000000;\">C\u1ea3m bi\u1ebfn ph\u00e1t hi\u1ec7n ng\u1ecdn l\u1eeda v\u00e0 b\u1ed9 \u0111i\u1ec1u khi\u1ec3n \u0111\u00e1nh l\u1eeda.<\/span><\/li>\n<\/ul>\n<\/li>\n<li><span style=\"color: #000000;\"><strong>C\u00e1c bi\u1ec7n ph\u00e1p an to\u00e0n:<\/strong><\/span><br \/>\n<span style=\"color: #000000;\">C\u1eaft ngu\u1ed3n cung c\u1ea5p nhi\u00ean li\u1ec7u cho \u0111\u1ea7u \u0111\u1ed1t n\u1ebfu:<\/span><\/p>\n<ul>\n<li><span style=\"color: #000000;\">Nhi\u1ec7t \u0111\u1ed9 n\u01b0\u1edbc \u0111\u1ea7u ra v\u01b0\u1ee3t qu\u00e1 80 \u00baC.<\/span><\/li>\n<li><span style=\"color: #000000;\">\u00c1p su\u1ea5t trong \u00e1o gi\u1ea3i nhi\u1ec7t v\u01b0\u1ee3t qu\u00e1 1 bar.<\/span><\/li>\n<li><span style=\"color: #000000;\">Kh\u00f4ng ph\u00e1t hi\u1ec7n l\u01b0u l\u01b0\u1ee3ng n\u01b0\u1edbc l\u1edbn h\u01a1n 5 l\/min.<\/span><\/li>\n<\/ul>\n<\/li>\n<li><span style=\"color: #000000;\"><strong>H\u1ec7 th\u1ed1ng \u0111i\u1ec1u khi\u1ec3n v\u00e0 gi\u00e1m s\u00e1t:<\/strong><\/span>\n<ul>\n<li><span style=\"color: #000000;\">SCADA th\u1eddi gian th\u1ef1c ti\u00ean ti\u1ebfn.<\/span><\/li>\n<li><span style=\"color: #000000;\">Ki\u1ec3m so\u00e1t m\u1edf + Ki\u1ec3m so\u00e1t \u0111a k\u00eanh + Ki\u1ec3m so\u00e1t th\u1eddi gian th\u1ef1c.<\/span><\/li>\n<li><span style=\"color: #000000;\">Ph\u1ea7n m\u1ec1m \u0111i\u1ec1u khi\u1ec3n chuy\u00ean d\u1ee5ng c\u1ee7a EDIBON d\u1ef1a tr\u00ean n\u1ec1n t\u1ea3ng LabVIEW.<\/span><\/li>\n<li><span style=\"color: #000000;\">Bo m\u1ea1ch thu th\u1eadp d\u1eef li\u1ec7u c\u1ee7a National Instruments (250 KS\/s \u2013 kilo m\u1eabu m\u1ed7i gi\u00e2y).<\/span><\/li>\n<li><span style=\"color: #000000;\">B\u00e0i t\u1eadp hi\u1ec7u chu\u1ea9n \u0111i k\u00e8m gi\u00fap ng\u01b0\u1eddi d\u00f9ng hi\u1ec3u c\u00e1ch hi\u1ec7u chu\u1ea9n c\u1ea3m bi\u1ebfn v\u00e0 t\u1ea7m quan tr\u1ecdng c\u1ee7a vi\u1ec7c ki\u1ec3m tra \u0111\u1ed9 ch\u00ednh x\u00e1c tr\u01b0\u1edbc khi \u0111o l\u01b0\u1eddng.<\/span><\/li>\n<\/ul>\n<\/li>\n<li><span style=\"color: #000000;\"><strong>Kh\u1ea3 n\u0103ng m\u1edf r\u1ed9ng v\u00e0 t\u00edch h\u1ee3p:<\/strong><\/span>\n<ul>\n<li><span style=\"color: #000000;\">T\u01b0\u01a1ng th\u00edch v\u1edbi m\u00e1y chi\u1ebfu v\u00e0\/ho\u1eb7c b\u1ea3ng tr\u1eafng \u0111i\u1ec7n t\u1eed \u0111\u1ec3 tr\u00ecnh di\u1ec5n tr\u01b0\u1edbc l\u1edbp h\u1ecdc.<\/span><\/li>\n<li><span style=\"color: #000000;\">C\u00f3 th\u1ec3 th\u1ef1c hi\u1ec7n nghi\u00ean c\u1ee9u \u1ee9ng d\u1ee5ng, m\u00f4 ph\u1ecfng c\u00f4ng nghi\u1ec7p th\u1ef1c t\u1ebf v\u00e0 c\u00e1c kh\u00f3a \u0111\u00e0o t\u1ea1o.<\/span><\/li>\n<li><span style=\"color: #000000;\">H\u1ed7 tr\u1ee3 v\u1eadn h\u00e0nh v\u00e0 \u0111i\u1ec1u khi\u1ec3n t\u1eeb xa, bao g\u1ed3m h\u1ed7 tr\u1ee3 k\u1ef9 thu\u1eadt t\u1eeb EDIBON.<\/span><\/li>\n<li><span style=\"color: #000000;\">An to\u00e0n tuy\u1ec7t \u0111\u1ed1i v\u1edbi b\u1ed1n h\u1ec7 th\u1ed1ng b\u1ea3o v\u1ec7 (C\u01a1 kh\u00ed, \u0110i\u1ec7n, \u0110i\u1ec7n t\u1eed v\u00e0 Ph\u1ea7n m\u1ec1m).<\/span><\/li>\n<li><span style=\"color: #000000;\">Thi\u1ebft k\u1ebf v\u00e0 s\u1ea3n xu\u1ea5t theo nhi\u1ec1u ti\u00eau chu\u1ea9n ch\u1ea5t l\u01b0\u1ee3ng.<\/span><\/li>\n<li><span style=\"color: #000000;\">T\u00f9y ch\u1ecdn ph\u1ea7n m\u1ec1m ICAI \u0111\u1ec3 t\u1ea1o, ch\u1ec9nh s\u1eeda v\u00e0 th\u1ef1c hi\u1ec7n c\u00e1c b\u00e0i th\u1ef1c h\u00e0nh, ki\u1ec3m tra, t\u00ednh to\u00e1n, gi\u00e1m s\u00e1t ti\u1ebfn \u0111\u1ed9 v\u00e0 \u0111\u00e1nh gi\u00e1 ki\u1ebfn th\u1ee9c c\u1ee7a ng\u01b0\u1eddi h\u1ecdc.<\/span><\/li>\n<li><span style=\"color: #000000;\">Thi\u1ebft b\u1ecb \u0111\u01b0\u1ee3c thi\u1ebft k\u1ebf \u0111\u1ec3 m\u1edf r\u1ed9ng trong t\u01b0\u01a1ng lai, v\u00ed d\u1ee5 nh\u01b0 t\u00edch h\u1ee3p h\u1ec7 th\u1ed1ng EDIBON Scada-Net (ESN), cho ph\u00e9p nhi\u1ec1u sinh vi\u00ean v\u1eadn h\u00e0nh \u0111\u1ed3ng th\u1eddi nhi\u1ec1u thi\u1ebft b\u1ecb trong m\u1ea1ng l\u01b0\u1edbi.<\/span><\/li>\n<\/ul>\n<\/li>\n<\/ul>","protected":false},"excerpt":{"rendered":"<p><span style=\"color: #000000;\">Thi\u1ebft b\u1ecb th\u00ed nghi\u1ec7m qu\u00e1 tr\u00ecnh \u0111\u1ed1t ch\u00e1y (TVCC &#8211; Computer Controlled Combustion Laboratory Unit)\u00a0 \u0111\u01b0\u1ee3c l\u1eafp \u0111\u1eb7t tr\u00ean khung kim lo\u1ea1i, cho ph\u00e9p ti\u1ebfp c\u1eadn an to\u00e0n v\u1edbi c\u00e1c b\u1ed9 ph\u1eadn c\u1ee7a thi\u1ebft b\u1ecb, \u0111\u1ed3ng th\u1eddi d\u1ec5 d\u00e0ng thao t\u00e1c v\u00e0 ti\u1ebfp c\u1eadn bu\u1ed3ng \u0111\u1ed1t, bu\u1ed3ng ch\u00e1y, c\u00e1c ph\u1ee5 ki\u1ec7n v\u00e0 b\u1ea3ng \u0111i\u1ec1u khi\u1ec3n.<\/span><\/p>","protected":false},"featured_media":1785,"template":"","meta":{"inline_featured_image":false},"product_brand":[47],"product_cat":[92,90],"product_tag":[],"class_list":{"0":"post-1784","1":"product","2":"type-product","3":"status-publish","4":"has-post-thumbnail","6":"product_brand-edibon","7":"product_cat-nhiet-dong-luc-hoc-va-ky-thuat-nhiet","8":"product_cat-thiet-bi-giao-duc","10":"first","11":"instock","12":"shipping-taxable","13":"product-type-simple"},"yoast_head":"<!-- This site is optimized with the Yoast SEO plugin v24.7 - https:\/\/yoast.com\/wordpress\/plugins\/seo\/ -->\n<title>Thi\u1ebft b\u1ecb th\u00ed nghi\u1ec7m qu\u00e1 tr\u00ecnh \u0111\u1ed1t ch\u00e1y \u0111i\u1ec1u khi\u1ec3n b\u1eb1ng m\u00e1y t\u00ednh - HTI Scientific<\/title>\n<meta name=\"description\" content=\"Thi\u1ebft b\u1ecb th\u00ed nghi\u1ec7m \u0111\u1ed1t ch\u00e1y \u0111i\u1ec1u khi\u1ec3n b\u1eb1ng m\u00e1y t\u00ednh g\u1ed3m bu\u1ed3ng \u0111\u1ed1t, h\u1ec7 th\u1ed1ng c\u1ea5p kh\u00ed, h\u1ec7 th\u1ed1ng c\u1ea5p d\u1ea7u, h\u1ec7 th\u1ed1ng \u0111i\u1ec1u khi\u1ec3n, c\u00e1c th\u00e0n ph\u1ea7n an to\u00e0n...\" \/>\n<meta name=\"robots\" content=\"index, follow, max-snippet:-1, max-image-preview:large, max-video-preview:-1\" \/>\n<link rel=\"canonical\" href=\"https:\/\/htiscientific.vn\/en\/product\/thiet-bi-thi-nghiem-qua-trinh-dot-chay-dieu-khien-bang-may-tinh\/\" \/>\n<meta property=\"og:locale\" content=\"en_US\" \/>\n<meta property=\"og:type\" content=\"article\" \/>\n<meta property=\"og:title\" content=\"Thi\u1ebft b\u1ecb th\u00ed nghi\u1ec7m qu\u00e1 tr\u00ecnh \u0111\u1ed1t ch\u00e1y \u0111i\u1ec1u khi\u1ec3n b\u1eb1ng m\u00e1y t\u00ednh - HTI Scientific\" \/>\n<meta property=\"og:description\" content=\"Thi\u1ebft b\u1ecb th\u00ed nghi\u1ec7m \u0111\u1ed1t ch\u00e1y \u0111i\u1ec1u khi\u1ec3n b\u1eb1ng m\u00e1y t\u00ednh g\u1ed3m bu\u1ed3ng \u0111\u1ed1t, h\u1ec7 th\u1ed1ng c\u1ea5p kh\u00ed, h\u1ec7 th\u1ed1ng c\u1ea5p d\u1ea7u, h\u1ec7 th\u1ed1ng \u0111i\u1ec1u khi\u1ec3n, c\u00e1c th\u00e0n ph\u1ea7n an to\u00e0n...\" \/>\n<meta property=\"og:url\" content=\"https:\/\/htiscientific.vn\/en\/product\/thiet-bi-thi-nghiem-qua-trinh-dot-chay-dieu-khien-bang-may-tinh\/\" \/>\n<meta property=\"og:site_name\" content=\"HTI Scientific\" \/>\n<meta property=\"article:publisher\" content=\"https:\/\/www.facebook.com\/htiscientific.vn\" \/>\n<meta property=\"og:image\" content=\"https:\/\/htiscientific.vn\/wp-content\/uploads\/2025\/06\/6.jpg\" \/>\n\t<meta property=\"og:image:width\" content=\"1000\" \/>\n\t<meta property=\"og:image:height\" content=\"1000\" \/>\n\t<meta property=\"og:image:type\" content=\"image\/jpeg\" \/>\n<meta name=\"twitter:card\" content=\"summary_large_image\" \/>\n<meta name=\"twitter:label1\" content=\"Est. reading time\" \/>\n\t<meta name=\"twitter:data1\" content=\"5 minutes\" \/>\n<script type=\"application\/ld+json\" class=\"yoast-schema-graph\">{\"@context\":\"https:\/\/schema.org\",\"@graph\":[{\"@type\":\"WebPage\",\"@id\":\"https:\/\/htiscientific.vn\/san-pham\/thiet-bi-thi-nghiem-qua-trinh-dot-chay-dieu-khien-bang-may-tinh\/\",\"url\":\"https:\/\/htiscientific.vn\/san-pham\/thiet-bi-thi-nghiem-qua-trinh-dot-chay-dieu-khien-bang-may-tinh\/\",\"name\":\"Thi\u1ebft b\u1ecb th\u00ed nghi\u1ec7m qu\u00e1 tr\u00ecnh \u0111\u1ed1t ch\u00e1y \u0111i\u1ec1u khi\u1ec3n b\u1eb1ng m\u00e1y t\u00ednh - HTI Scientific\",\"isPartOf\":{\"@id\":\"https:\/\/htiscientific.vn\/#website\"},\"primaryImageOfPage\":{\"@id\":\"https:\/\/htiscientific.vn\/san-pham\/thiet-bi-thi-nghiem-qua-trinh-dot-chay-dieu-khien-bang-may-tinh\/#primaryimage\"},\"image\":{\"@id\":\"https:\/\/htiscientific.vn\/san-pham\/thiet-bi-thi-nghiem-qua-trinh-dot-chay-dieu-khien-bang-may-tinh\/#primaryimage\"},\"thumbnailUrl\":\"https:\/\/htiscientific.vn\/wp-content\/uploads\/2025\/06\/6.jpg\",\"datePublished\":\"2025-06-24T03:32:58+00:00\",\"description\":\"Thi\u1ebft b\u1ecb th\u00ed nghi\u1ec7m \u0111\u1ed1t ch\u00e1y \u0111i\u1ec1u khi\u1ec3n b\u1eb1ng m\u00e1y t\u00ednh g\u1ed3m bu\u1ed3ng \u0111\u1ed1t, h\u1ec7 th\u1ed1ng c\u1ea5p kh\u00ed, h\u1ec7 th\u1ed1ng c\u1ea5p d\u1ea7u, h\u1ec7 th\u1ed1ng \u0111i\u1ec1u khi\u1ec3n, c\u00e1c th\u00e0n ph\u1ea7n an to\u00e0n...\",\"breadcrumb\":{\"@id\":\"https:\/\/htiscientific.vn\/san-pham\/thiet-bi-thi-nghiem-qua-trinh-dot-chay-dieu-khien-bang-may-tinh\/#breadcrumb\"},\"inLanguage\":\"en-US\",\"potentialAction\":[{\"@type\":\"ReadAction\",\"target\":[\"https:\/\/htiscientific.vn\/san-pham\/thiet-bi-thi-nghiem-qua-trinh-dot-chay-dieu-khien-bang-may-tinh\/\"]}]},{\"@type\":\"ImageObject\",\"inLanguage\":\"en-US\",\"@id\":\"https:\/\/htiscientific.vn\/san-pham\/thiet-bi-thi-nghiem-qua-trinh-dot-chay-dieu-khien-bang-may-tinh\/#primaryimage\",\"url\":\"https:\/\/htiscientific.vn\/wp-content\/uploads\/2025\/06\/6.jpg\",\"contentUrl\":\"https:\/\/htiscientific.vn\/wp-content\/uploads\/2025\/06\/6.jpg\",\"width\":1000,\"height\":1000,\"caption\":\"thiet-bi-dot-chay\"},{\"@type\":\"BreadcrumbList\",\"@id\":\"https:\/\/htiscientific.vn\/san-pham\/thiet-bi-thi-nghiem-qua-trinh-dot-chay-dieu-khien-bang-may-tinh\/#breadcrumb\",\"itemListElement\":[{\"@type\":\"ListItem\",\"position\":1,\"name\":\"Trang ch\u1ee7\",\"item\":\"https:\/\/htiscientific.vn\/\"},{\"@type\":\"ListItem\",\"position\":2,\"name\":\"C\u1eeda h\u00e0ng\",\"item\":\"https:\/\/htiscientific.vn\/cua-hang\/\"},{\"@type\":\"ListItem\",\"position\":3,\"name\":\"Thi\u1ebft b\u1ecb gi\u00e1o d\u1ee5c\",\"item\":\"https:\/\/htiscientific.vn\/danh-muc-san-pham\/thiet-bi-giao-duc\/\"},{\"@type\":\"ListItem\",\"position\":4,\"name\":\"Nhi\u1ec7t \u0111\u1ed9ng l\u1ef1c h\u1ecdc v\u00e0 k\u1ef9 thu\u1eadt nhi\u1ec7t\",\"item\":\"https:\/\/htiscientific.vn\/danh-muc-san-pham\/thiet-bi-giao-duc\/nhiet-dong-luc-hoc-va-ky-thuat-nhiet\/\"},{\"@type\":\"ListItem\",\"position\":5,\"name\":\"Thi\u1ebft b\u1ecb th\u00ed nghi\u1ec7m qu\u00e1 tr\u00ecnh \u0111\u1ed1t ch\u00e1y \u0111i\u1ec1u khi\u1ec3n b\u1eb1ng m\u00e1y t\u00ednh\"}]},{\"@type\":\"WebSite\",\"@id\":\"https:\/\/htiscientific.vn\/#website\",\"url\":\"https:\/\/htiscientific.vn\/\",\"name\":\"HTI Scientific\",\"description\":\"HTI Scientific\",\"publisher\":{\"@id\":\"https:\/\/htiscientific.vn\/#organization\"},\"potentialAction\":[{\"@type\":\"SearchAction\",\"target\":{\"@type\":\"EntryPoint\",\"urlTemplate\":\"https:\/\/htiscientific.vn\/?s={search_term_string}\"},\"query-input\":{\"@type\":\"PropertyValueSpecification\",\"valueRequired\":true,\"valueName\":\"search_term_string\"}}],\"inLanguage\":\"en-US\"},{\"@type\":\"Organization\",\"@id\":\"https:\/\/htiscientific.vn\/#organization\",\"name\":\"HTI Scientific\",\"alternateName\":\"HTI Scientific\",\"url\":\"https:\/\/htiscientific.vn\/\",\"logo\":{\"@type\":\"ImageObject\",\"inLanguage\":\"en-US\",\"@id\":\"https:\/\/htiscientific.vn\/#\/schema\/logo\/image\/\",\"url\":\"https:\/\/htiscientific.vn\/wp-content\/uploads\/2025\/03\/ava-hti-copy.jpg\",\"contentUrl\":\"https:\/\/htiscientific.vn\/wp-content\/uploads\/2025\/03\/ava-hti-copy.jpg\",\"width\":700,\"height\":450,\"caption\":\"HTI Scientific\"},\"image\":{\"@id\":\"https:\/\/htiscientific.vn\/#\/schema\/logo\/image\/\"},\"sameAs\":[\"https:\/\/www.facebook.com\/htiscientific.vn\"]}]}<\/script>\n<!-- \/ Yoast SEO plugin. -->","yoast_head_json":{"title":"Thi\u1ebft b\u1ecb th\u00ed nghi\u1ec7m qu\u00e1 tr\u00ecnh \u0111\u1ed1t ch\u00e1y \u0111i\u1ec1u khi\u1ec3n b\u1eb1ng m\u00e1y t\u00ednh - HTI Scientific","description":"Thi\u1ebft b\u1ecb th\u00ed nghi\u1ec7m \u0111\u1ed1t ch\u00e1y \u0111i\u1ec1u khi\u1ec3n b\u1eb1ng m\u00e1y t\u00ednh g\u1ed3m bu\u1ed3ng \u0111\u1ed1t, h\u1ec7 th\u1ed1ng c\u1ea5p kh\u00ed, h\u1ec7 th\u1ed1ng c\u1ea5p d\u1ea7u, h\u1ec7 th\u1ed1ng \u0111i\u1ec1u khi\u1ec3n, c\u00e1c th\u00e0n ph\u1ea7n an to\u00e0n...","robots":{"index":"index","follow":"follow","max-snippet":"max-snippet:-1","max-image-preview":"max-image-preview:large","max-video-preview":"max-video-preview:-1"},"canonical":"https:\/\/htiscientific.vn\/en\/product\/thiet-bi-thi-nghiem-qua-trinh-dot-chay-dieu-khien-bang-may-tinh\/","og_locale":"en_US","og_type":"article","og_title":"Thi\u1ebft b\u1ecb th\u00ed nghi\u1ec7m qu\u00e1 tr\u00ecnh \u0111\u1ed1t ch\u00e1y \u0111i\u1ec1u khi\u1ec3n b\u1eb1ng m\u00e1y t\u00ednh - HTI Scientific","og_description":"Thi\u1ebft b\u1ecb th\u00ed nghi\u1ec7m \u0111\u1ed1t ch\u00e1y \u0111i\u1ec1u khi\u1ec3n b\u1eb1ng m\u00e1y t\u00ednh g\u1ed3m bu\u1ed3ng \u0111\u1ed1t, h\u1ec7 th\u1ed1ng c\u1ea5p kh\u00ed, h\u1ec7 th\u1ed1ng c\u1ea5p d\u1ea7u, h\u1ec7 th\u1ed1ng \u0111i\u1ec1u khi\u1ec3n, c\u00e1c th\u00e0n ph\u1ea7n an to\u00e0n...","og_url":"https:\/\/htiscientific.vn\/en\/product\/thiet-bi-thi-nghiem-qua-trinh-dot-chay-dieu-khien-bang-may-tinh\/","og_site_name":"HTI Scientific","article_publisher":"https:\/\/www.facebook.com\/htiscientific.vn","og_image":[{"width":1000,"height":1000,"url":"https:\/\/htiscientific.vn\/wp-content\/uploads\/2025\/06\/6.jpg","type":"image\/jpeg"}],"twitter_card":"summary_large_image","twitter_misc":{"Est. reading time":"5 minutes"},"schema":{"@context":"https:\/\/schema.org","@graph":[{"@type":"WebPage","@id":"https:\/\/htiscientific.vn\/san-pham\/thiet-bi-thi-nghiem-qua-trinh-dot-chay-dieu-khien-bang-may-tinh\/","url":"https:\/\/htiscientific.vn\/san-pham\/thiet-bi-thi-nghiem-qua-trinh-dot-chay-dieu-khien-bang-may-tinh\/","name":"Thi\u1ebft b\u1ecb th\u00ed nghi\u1ec7m qu\u00e1 tr\u00ecnh \u0111\u1ed1t ch\u00e1y \u0111i\u1ec1u khi\u1ec3n b\u1eb1ng m\u00e1y t\u00ednh - HTI Scientific","isPartOf":{"@id":"https:\/\/htiscientific.vn\/#website"},"primaryImageOfPage":{"@id":"https:\/\/htiscientific.vn\/san-pham\/thiet-bi-thi-nghiem-qua-trinh-dot-chay-dieu-khien-bang-may-tinh\/#primaryimage"},"image":{"@id":"https:\/\/htiscientific.vn\/san-pham\/thiet-bi-thi-nghiem-qua-trinh-dot-chay-dieu-khien-bang-may-tinh\/#primaryimage"},"thumbnailUrl":"https:\/\/htiscientific.vn\/wp-content\/uploads\/2025\/06\/6.jpg","datePublished":"2025-06-24T03:32:58+00:00","description":"Thi\u1ebft b\u1ecb th\u00ed nghi\u1ec7m \u0111\u1ed1t ch\u00e1y \u0111i\u1ec1u khi\u1ec3n b\u1eb1ng m\u00e1y t\u00ednh g\u1ed3m bu\u1ed3ng \u0111\u1ed1t, h\u1ec7 th\u1ed1ng c\u1ea5p kh\u00ed, h\u1ec7 th\u1ed1ng c\u1ea5p d\u1ea7u, h\u1ec7 th\u1ed1ng \u0111i\u1ec1u khi\u1ec3n, c\u00e1c th\u00e0n ph\u1ea7n an to\u00e0n...","breadcrumb":{"@id":"https:\/\/htiscientific.vn\/san-pham\/thiet-bi-thi-nghiem-qua-trinh-dot-chay-dieu-khien-bang-may-tinh\/#breadcrumb"},"inLanguage":"en-US","potentialAction":[{"@type":"ReadAction","target":["https:\/\/htiscientific.vn\/san-pham\/thiet-bi-thi-nghiem-qua-trinh-dot-chay-dieu-khien-bang-may-tinh\/"]}]},{"@type":"ImageObject","inLanguage":"en-US","@id":"https:\/\/htiscientific.vn\/san-pham\/thiet-bi-thi-nghiem-qua-trinh-dot-chay-dieu-khien-bang-may-tinh\/#primaryimage","url":"https:\/\/htiscientific.vn\/wp-content\/uploads\/2025\/06\/6.jpg","contentUrl":"https:\/\/htiscientific.vn\/wp-content\/uploads\/2025\/06\/6.jpg","width":1000,"height":1000,"caption":"thiet-bi-dot-chay"},{"@type":"BreadcrumbList","@id":"https:\/\/htiscientific.vn\/san-pham\/thiet-bi-thi-nghiem-qua-trinh-dot-chay-dieu-khien-bang-may-tinh\/#breadcrumb","itemListElement":[{"@type":"ListItem","position":1,"name":"Trang ch\u1ee7","item":"https:\/\/htiscientific.vn\/"},{"@type":"ListItem","position":2,"name":"C\u1eeda h\u00e0ng","item":"https:\/\/htiscientific.vn\/cua-hang\/"},{"@type":"ListItem","position":3,"name":"Thi\u1ebft b\u1ecb gi\u00e1o d\u1ee5c","item":"https:\/\/htiscientific.vn\/danh-muc-san-pham\/thiet-bi-giao-duc\/"},{"@type":"ListItem","position":4,"name":"Nhi\u1ec7t \u0111\u1ed9ng l\u1ef1c h\u1ecdc v\u00e0 k\u1ef9 thu\u1eadt nhi\u1ec7t","item":"https:\/\/htiscientific.vn\/danh-muc-san-pham\/thiet-bi-giao-duc\/nhiet-dong-luc-hoc-va-ky-thuat-nhiet\/"},{"@type":"ListItem","position":5,"name":"Thi\u1ebft b\u1ecb th\u00ed nghi\u1ec7m qu\u00e1 tr\u00ecnh \u0111\u1ed1t ch\u00e1y \u0111i\u1ec1u khi\u1ec3n b\u1eb1ng m\u00e1y t\u00ednh"}]},{"@type":"WebSite","@id":"https:\/\/htiscientific.vn\/#website","url":"https:\/\/htiscientific.vn\/","name":"HTI Scientific","description":"HTI Scientific","publisher":{"@id":"https:\/\/htiscientific.vn\/#organization"},"potentialAction":[{"@type":"SearchAction","target":{"@type":"EntryPoint","urlTemplate":"https:\/\/htiscientific.vn\/?s={search_term_string}"},"query-input":{"@type":"PropertyValueSpecification","valueRequired":true,"valueName":"search_term_string"}}],"inLanguage":"en-US"},{"@type":"Organization","@id":"https:\/\/htiscientific.vn\/#organization","name":"HTI Scientific","alternateName":"HTI Scientific","url":"https:\/\/htiscientific.vn\/","logo":{"@type":"ImageObject","inLanguage":"en-US","@id":"https:\/\/htiscientific.vn\/#\/schema\/logo\/image\/","url":"https:\/\/htiscientific.vn\/wp-content\/uploads\/2025\/03\/ava-hti-copy.jpg","contentUrl":"https:\/\/htiscientific.vn\/wp-content\/uploads\/2025\/03\/ava-hti-copy.jpg","width":700,"height":450,"caption":"HTI Scientific"},"image":{"@id":"https:\/\/htiscientific.vn\/#\/schema\/logo\/image\/"},"sameAs":["https:\/\/www.facebook.com\/htiscientific.vn"]}]}},"_links":{"self":[{"href":"https:\/\/htiscientific.vn\/en\/wp-json\/wp\/v2\/product\/1784","targetHints":{"allow":["GET"]}}],"collection":[{"href":"https:\/\/htiscientific.vn\/en\/wp-json\/wp\/v2\/product"}],"about":[{"href":"https:\/\/htiscientific.vn\/en\/wp-json\/wp\/v2\/types\/product"}],"wp:featuredmedia":[{"embeddable":true,"href":"https:\/\/htiscientific.vn\/en\/wp-json\/wp\/v2\/media\/1785"}],"wp:attachment":[{"href":"https:\/\/htiscientific.vn\/en\/wp-json\/wp\/v2\/media?parent=1784"}],"wp:term":[{"taxonomy":"product_brand","embeddable":true,"href":"https:\/\/htiscientific.vn\/en\/wp-json\/wp\/v2\/product_brand?post=1784"},{"taxonomy":"product_cat","embeddable":true,"href":"https:\/\/htiscientific.vn\/en\/wp-json\/wp\/v2\/product_cat?post=1784"},{"taxonomy":"product_tag","embeddable":true,"href":"https:\/\/htiscientific.vn\/en\/wp-json\/wp\/v2\/product_tag?post=1784"}],"curies":[{"name":"wp","href":"https:\/\/api.w.org\/{rel}","templated":true}]}}