{"id":1538,"date":"2025-06-02T13:35:13","date_gmt":"2025-06-02T06:35:13","guid":{"rendered":"https:\/\/htiscientific.vn\/?post_type=product&#038;p=1538"},"modified":"2025-06-02T13:35:13","modified_gmt":"2025-06-02T06:35:13","slug":"may-phan-tich-nhiet-trong-truong-tga-9","status":"publish","type":"product","link":"https:\/\/htiscientific.vn\/en\/product\/may-phan-tich-nhiet-trong-truong-tga-9\/","title":{"rendered":"M\u00e1y ph\u00e2n t\u00edch nhi\u1ec7t tr\u1ecdng tr\u01b0\u1eddng TGA 9"},"content":{"rendered":"<p><span style=\"color: #000000;\">Th\u1ebf h\u1ec7 M\u00e1y ph\u00e2n t\u00edch nhi\u1ec7t m\u1edbi c\u1ee7a PerkinElmer\u00a0<a style=\"color: #000000;\" href=\"https:\/\/www.perkinelmer.com\/category\/pyris-tga-9-dsc-9-sta-9\">M\u00e1y ph\u00e2n t\u00edch nhi\u1ec7t tr\u1ecdng tr\u01b0\u1eddng TGA 9<\/a>\u00a0mang l\u1ea1i n\u0103ng su\u1ea5t cao v\u1edbi hi\u1ec7u su\u1ea5t \u0111\u00e1ng tin c\u1eady t\u1eeb c\u00e1c \u1ee9ng d\u1ee5ng th\u00f4ng th\u01b0\u1eddng \u0111\u1ebfn nghi\u00ean c\u1ee9u. Pyris TGA 9 \u0111\u01b0\u1ee3c trang b\u1ecb l\u00f2 alumina v\u1edbi \u0111\u1ed9 tin c\u1eady \u0111\u00e3 \u0111\u01b0\u1ee3c ch\u1ee9ng minh trong 25 n\u0103m v\u00e0 b\u1ed9 c\u00e2n \u0111\u01b0\u1ee3c c\u1ea3i ti\u1ebfn hi\u1ec7n m\u1ea1nh m\u1ebd v\u00e0 nh\u1ea1y h\u01a1n. C\u00f4ng ngh\u1ec7 c\u1ea3m bi\u1ebfn SaTurnA\u2122 h\u00e0ng \u0111\u1ea7u, \u0111o c\u1ea3 nhi\u1ec7t \u0111\u1ed9 m\u1eabu v\u00e0 nhi\u1ec7t \u0111\u1ed9 tham chi\u1ebfu \u0111\u1ec3 \u0111\u1ea3m b\u1ea3o \u0111\u1ed9 \u0111\u00fang v\u00e0 \u0111\u1ed9 ch\u00ednh x\u00e1c cao. K\u1ebft h\u1ee3p v\u1edbi l\u00f2 nh\u1ecf g\u1ecdn, kh\u1ea3 n\u0103ng ki\u1ec3m so\u00e1t nhi\u1ec7t \u0111\u1ed9 ch\u00ednh x\u00e1c v\u1edbi kh\u1ea3 n\u0103ng l\u00e0m n\u00f3ng, l\u00e0m ngu\u1ed9i nhanh v\u00e0 \u1ed5n \u0111\u1ecbnh nhanh.<\/span><\/p>\n<p><span style=\"color: #000000;\">Ho\u1ea1t \u0111\u1ed9ng \u1edf nhi\u1ec7t \u0111\u1ed9 th\u1ea5p t\u1edbi 15<sup>o<\/sup>C, M\u00e1y ph\u00e2n t\u00edch nhi\u1ec7t tr\u1ecdng tr\u01b0\u1eddng TGA 9 cung c\u1ea5p ph\u1ea1m vi nhi\u1ec7t \u0111\u1ed9 v\u1eadn h\u00e0nh r\u1ed9ng \u0111\u1ec3 thu \u0111\u01b0\u1ee3c ho\u00e0n to\u00e0n \u0111\u1ed9 \u1ea9m v\u00e0 s\u1ef1 bay h\u01a1i dung m\u00f4i. Pyris TGA 9 c\u00f3 kh\u1ea3 n\u0103ng c\u00e2n l\u00ean \u0111\u1ebfn 1500 mg v\u00e0 ph\u1ea1m vi nhi\u1ec7t \u0111\u1ed9 t\u1eeb 15 \u0111\u1ebfn 1100 \u00b0C. Kh\u1edfi \u0111\u1ed9ng \u1edf nhi\u1ec7t \u0111\u1ed9 m\u00f4i tr\u01b0\u1eddng xung quanh gi\u00fap t\u0103ng c\u01b0\u1eddng \u0111\u1ed9 ch\u00ednh x\u00e1c v\u00e0 \u0111\u1ed9 tin c\u1eady c\u1ee7a c\u00e1c ph\u00e9p \u0111o ch\u1eb3ng h\u1ea1n nh\u01b0 \u0111\u1ed9 m\u1ea5t kh\u1ed1i l\u01b0\u1ee3ng khi s\u1ea5y. Pyris TGA 9 ch\u1ee9a c\u00e1c khay m\u1eabu l\u00e0m b\u1eb1ng c\u1ea3 alumina v\u00e0 b\u1ea1ch kim, \u0111\u00e1p \u1ee9ng nhi\u1ec1u lo\u1ea1i m\u1eabu v\u00e0 \u0111i\u1ec1u ki\u1ec7n kh\u00e1c nhau. B\u1ed9 \u0111i\u1ec1u khi\u1ec3n l\u01b0u l\u01b0\u1ee3ng kh\u00ed l\u1edbn s\u1eed d\u1ee5ng nit\u01a1, heli, argon (tr\u01a1), kh\u00ed n\u00e9n ho\u1eb7c oxy (oxy h\u00f3a) l\u00e0m kh\u00ed purge, \u0111\u1ea3m b\u1ea3o ki\u1ec3m so\u00e1t t\u1ed1i \u01b0u c\u00e1c \u0111i\u1ec1u ki\u1ec7n kh\u00ed quy\u1ec3n, \u0111i\u1ec1u n\u00e0y r\u1ea5t quan tr\u1ecdng \u0111\u1ed1i v\u1edbi \u0111\u1ed9 ch\u00ednh x\u00e1c c\u1ee7a k\u1ebft qu\u1ea3 ph\u00e2n t\u00edch.<\/span><\/p>\n<p><span style=\"color: #000000;\"><a style=\"color: #000000;\" href=\"https:\/\/htiscientific.vn\/en\/\">HTI Scientific<\/a>\u00a0hi\u1ec7n l\u00e0 nh\u00e0 ph\u00e2n ph\u1ed1i ch\u00ednh th\u1ee9c c\u00e1c s\u1ea3n ph\u1ea9m c\u1ee7a PerkinElmer t\u1ea1i Vi\u1ec7t Nam\u00a0<\/span><\/p>\n<p><span style=\"color: #000000;\"><strong>Li\u00ean h\u1ec7:\u00a0<\/strong><\/span><\/p>\n<ul>\n<li>\n<ul>\n<li><span style=\"color: #000000;\">H\u00e0 N\u1ed9i: T\u1ea7ng 10 \u2013 VP2, T\u00f2a nh\u00e0 Sun Square, 21 L\u00ea \u0110\u1ee9c Th\u1ecd, Qu\u1eadn Nam T\u1eeb Li\u00eam, H\u00e0 N\u1ed9i<\/span><\/li>\n<li dir=\"auto\"><span style=\"color: #000000;\">\u0110\u00e0 N\u1eb5ng: T\u1ea7ng 5, T\u00f2a nh\u00e0 Vietnam Innovation Hub, 179 Tr\u1ea7n H\u01b0ng \u0110\u1ea1o, Ph\u01b0\u1eddng An H\u1ea3i B\u1eafc, Qu\u1eadn S\u01a1n Tr\u00e0, \u0110\u00e0 N\u1eb5ng<\/span><\/li>\n<li dir=\"auto\"><span style=\"color: #000000;\">H\u1ed3 Ch\u00ed Minh: 203A V\u00f5 Th\u1ecb S\u00e1u, Ph\u01b0\u1eddng V\u00f5 Th\u1ecb S\u00e1u, Qu\u1eadn 3, H\u1ed3 Ch\u00ed Minh<\/span><\/li>\n<li dir=\"auto\"><span style=\"color: #000000;\">Hotline HN: 090.224.5757 \/\u00a0Hotline HCM: 090.324.5757<\/span><\/li>\n<li dir=\"auto\"><span style=\"color: #000000;\">Email: sales@htigroup.vn<\/span><\/li>\n<\/ul>\n<\/li>\n<\/ul>","protected":false},"excerpt":{"rendered":"<p><span style=\"color: #000000;\">Th\u1ebf h\u1ec7 M\u00e1y ph\u00e2n t\u00edch nhi\u1ec7t m\u1edbi c\u1ee7a PerkinElmer m\u00e1y ph\u00e2n t\u00edch nhi\u1ec7t tr\u1ecdng tr\u01b0\u1eddng TGA 9 mang l\u1ea1i n\u0103ng su\u1ea5t cao v\u1edbi hi\u1ec7u su\u1ea5t \u0111\u00e1ng tin c\u1eady t\u1eeb c\u00e1c \u1ee9ng d\u1ee5ng th\u00f4ng th\u01b0\u1eddng \u0111\u1ebfn nghi\u00ean c\u1ee9u. Pyris TGA 9 \u0111\u01b0\u1ee3c trang b\u1ecb l\u00f2 alumina v\u1edbi \u0111\u1ed9 tin c\u1eady \u0111\u00e3 \u0111\u01b0\u1ee3c ch\u1ee9ng minh trong 25 n\u0103m v\u00e0 b\u1ed9 c\u00e2n \u0111\u01b0\u1ee3c c\u1ea3i ti\u1ebfn hi\u1ec7n m\u1ea1nh m\u1ebd v\u00e0 nh\u1ea1y h\u01a1n. C\u00f4ng ngh\u1ec7 c\u1ea3m bi\u1ebfn SaTurnA\u2122 h\u00e0ng \u0111\u1ea7u, \u0111o c\u1ea3 nhi\u1ec7t \u0111\u1ed9 m\u1eabu v\u00e0 nhi\u1ec7t \u0111\u1ed9 tham chi\u1ebfu \u0111\u1ec3 \u0111\u1ea3m b\u1ea3o \u0111\u1ed9 \u0111\u00fang v\u00e0 \u0111\u1ed9 ch\u00ednh x\u00e1c cao. K\u1ebft h\u1ee3p v\u1edbi l\u00f2 nh\u1ecf g\u1ecdn, kh\u1ea3 n\u0103ng ki\u1ec3m so\u00e1t nhi\u1ec7t \u0111\u1ed9 ch\u00ednh x\u00e1c v\u1edbi kh\u1ea3 n\u0103ng l\u00e0m n\u00f3ng, l\u00e0m ngu\u1ed9i nhanh v\u00e0 \u1ed5n \u0111\u1ecbnh nhanh.<\/span><\/p>","protected":false},"featured_media":1534,"template":"","meta":{"inline_featured_image":false},"product_brand":[29],"product_cat":[120,115],"product_tag":[],"class_list":{"0":"post-1538","1":"product","2":"type-product","3":"status-publish","4":"has-post-thumbnail","6":"product_brand-perkinelmer","7":"product_cat-he-thong-phan-tich-nhiet-pyris-tga-9-dsc-9-va-sta-9","8":"product_cat-phan-tich-nhiet","10":"first","11":"instock","12":"shipping-taxable","13":"product-type-simple"},"yoast_head":"<!-- This site is optimized with the Yoast SEO plugin v24.7 - https:\/\/yoast.com\/wordpress\/plugins\/seo\/ -->\n<title>M\u00e1y ph\u00e2n t\u00edch nhi\u1ec7t tr\u1ecdng tr\u01b0\u1eddng TGA 9 - HTI Scientific<\/title>\n<meta name=\"description\" content=\"Pyris TGA 9 c\u00f3 kh\u1ea3 n\u0103ng c\u00e2n l\u00ean \u0111\u1ebfn 1500 mg v\u00e0 ph\u1ea1m vi nhi\u1ec7t \u0111\u1ed9 t\u1eeb 15 \u0111\u1ebfn 1100 \u00b0C. trang b\u1ecb l\u00f2 alumina v\u1edbi \u0111\u1ed9 tin c\u1eady \u0111\u00e3 \u0111\u01b0\u1ee3c ch\u1ee9ng minh trong 25 n\u0103m...\" \/>\n<meta name=\"robots\" content=\"index, follow, max-snippet:-1, max-image-preview:large, max-video-preview:-1\" \/>\n<link rel=\"canonical\" href=\"https:\/\/htiscientific.vn\/en\/product\/may-phan-tich-nhiet-trong-truong-tga-9\/\" \/>\n<meta property=\"og:locale\" content=\"en_US\" \/>\n<meta property=\"og:type\" content=\"article\" \/>\n<meta property=\"og:title\" content=\"M\u00e1y ph\u00e2n t\u00edch nhi\u1ec7t tr\u1ecdng tr\u01b0\u1eddng TGA 9 - HTI Scientific\" \/>\n<meta property=\"og:description\" content=\"Pyris TGA 9 c\u00f3 kh\u1ea3 n\u0103ng c\u00e2n l\u00ean \u0111\u1ebfn 1500 mg v\u00e0 ph\u1ea1m vi nhi\u1ec7t \u0111\u1ed9 t\u1eeb 15 \u0111\u1ebfn 1100 \u00b0C. trang b\u1ecb l\u00f2 alumina v\u1edbi \u0111\u1ed9 tin c\u1eady \u0111\u00e3 \u0111\u01b0\u1ee3c ch\u1ee9ng minh trong 25 n\u0103m...\" \/>\n<meta property=\"og:url\" content=\"https:\/\/htiscientific.vn\/en\/product\/may-phan-tich-nhiet-trong-truong-tga-9\/\" \/>\n<meta property=\"og:site_name\" content=\"HTI Scientific\" \/>\n<meta property=\"article:publisher\" content=\"https:\/\/www.facebook.com\/htiscientific.vn\" \/>\n<meta property=\"og:image\" content=\"https:\/\/htiscientific.vn\/wp-content\/uploads\/2025\/05\/thiet-ke-chua-co-ten-11.jpg\" \/>\n\t<meta property=\"og:image:width\" content=\"1000\" \/>\n\t<meta property=\"og:image:height\" content=\"1000\" \/>\n\t<meta property=\"og:image:type\" content=\"image\/jpeg\" \/>\n<meta name=\"twitter:card\" content=\"summary_large_image\" \/>\n<meta name=\"twitter:label1\" content=\"Est. reading time\" \/>\n\t<meta name=\"twitter:data1\" content=\"3 minutes\" \/>\n<script type=\"application\/ld+json\" class=\"yoast-schema-graph\">{\"@context\":\"https:\/\/schema.org\",\"@graph\":[{\"@type\":\"WebPage\",\"@id\":\"https:\/\/htiscientific.vn\/san-pham\/may-phan-tich-nhiet-trong-truong-tga-9\/\",\"url\":\"https:\/\/htiscientific.vn\/san-pham\/may-phan-tich-nhiet-trong-truong-tga-9\/\",\"name\":\"M\u00e1y ph\u00e2n t\u00edch nhi\u1ec7t tr\u1ecdng tr\u01b0\u1eddng TGA 9 - HTI Scientific\",\"isPartOf\":{\"@id\":\"https:\/\/htiscientific.vn\/#website\"},\"primaryImageOfPage\":{\"@id\":\"https:\/\/htiscientific.vn\/san-pham\/may-phan-tich-nhiet-trong-truong-tga-9\/#primaryimage\"},\"image\":{\"@id\":\"https:\/\/htiscientific.vn\/san-pham\/may-phan-tich-nhiet-trong-truong-tga-9\/#primaryimage\"},\"thumbnailUrl\":\"https:\/\/htiscientific.vn\/wp-content\/uploads\/2025\/05\/thiet-ke-chua-co-ten-11.jpg\",\"datePublished\":\"2025-06-02T06:35:13+00:00\",\"description\":\"Pyris TGA 9 c\u00f3 kh\u1ea3 n\u0103ng c\u00e2n l\u00ean \u0111\u1ebfn 1500 mg v\u00e0 ph\u1ea1m vi nhi\u1ec7t \u0111\u1ed9 t\u1eeb 15 \u0111\u1ebfn 1100 \u00b0C. trang b\u1ecb l\u00f2 alumina v\u1edbi \u0111\u1ed9 tin c\u1eady \u0111\u00e3 \u0111\u01b0\u1ee3c ch\u1ee9ng minh trong 25 n\u0103m...\",\"breadcrumb\":{\"@id\":\"https:\/\/htiscientific.vn\/san-pham\/may-phan-tich-nhiet-trong-truong-tga-9\/#breadcrumb\"},\"inLanguage\":\"en-US\",\"potentialAction\":[{\"@type\":\"ReadAction\",\"target\":[\"https:\/\/htiscientific.vn\/san-pham\/may-phan-tich-nhiet-trong-truong-tga-9\/\"]}]},{\"@type\":\"ImageObject\",\"inLanguage\":\"en-US\",\"@id\":\"https:\/\/htiscientific.vn\/san-pham\/may-phan-tich-nhiet-trong-truong-tga-9\/#primaryimage\",\"url\":\"https:\/\/htiscientific.vn\/wp-content\/uploads\/2025\/05\/thiet-ke-chua-co-ten-11.jpg\",\"contentUrl\":\"https:\/\/htiscientific.vn\/wp-content\/uploads\/2025\/05\/thiet-ke-chua-co-ten-11.jpg\",\"width\":1000,\"height\":1000,\"caption\":\"pyris TGA 9 DSC 9 STA 9\"},{\"@type\":\"BreadcrumbList\",\"@id\":\"https:\/\/htiscientific.vn\/san-pham\/may-phan-tich-nhiet-trong-truong-tga-9\/#breadcrumb\",\"itemListElement\":[{\"@type\":\"ListItem\",\"position\":1,\"name\":\"Trang ch\u1ee7\",\"item\":\"https:\/\/htiscientific.vn\/\"},{\"@type\":\"ListItem\",\"position\":2,\"name\":\"C\u1eeda h\u00e0ng\",\"item\":\"https:\/\/htiscientific.vn\/cua-hang\/\"},{\"@type\":\"ListItem\",\"position\":3,\"name\":\"H\u1ec7 th\u1ed1ng ph\u00e2n t\u00edch nhi\u1ec7t Pyris TGA 9, DSC 9 v\u00e0 STA 9\",\"item\":\"https:\/\/htiscientific.vn\/danh-muc-san-pham\/he-thong-phan-tich-nhiet-pyris-tga-9-dsc-9-va-sta-9\/\"},{\"@type\":\"ListItem\",\"position\":4,\"name\":\"M\u00e1y ph\u00e2n t\u00edch nhi\u1ec7t tr\u1ecdng tr\u01b0\u1eddng TGA 9\"}]},{\"@type\":\"WebSite\",\"@id\":\"https:\/\/htiscientific.vn\/#website\",\"url\":\"https:\/\/htiscientific.vn\/\",\"name\":\"HTI Scientific\",\"description\":\"HTI Scientific\",\"publisher\":{\"@id\":\"https:\/\/htiscientific.vn\/#organization\"},\"potentialAction\":[{\"@type\":\"SearchAction\",\"target\":{\"@type\":\"EntryPoint\",\"urlTemplate\":\"https:\/\/htiscientific.vn\/?s={search_term_string}\"},\"query-input\":{\"@type\":\"PropertyValueSpecification\",\"valueRequired\":true,\"valueName\":\"search_term_string\"}}],\"inLanguage\":\"en-US\"},{\"@type\":\"Organization\",\"@id\":\"https:\/\/htiscientific.vn\/#organization\",\"name\":\"HTI Scientific\",\"alternateName\":\"HTI Scientific\",\"url\":\"https:\/\/htiscientific.vn\/\",\"logo\":{\"@type\":\"ImageObject\",\"inLanguage\":\"en-US\",\"@id\":\"https:\/\/htiscientific.vn\/#\/schema\/logo\/image\/\",\"url\":\"https:\/\/htiscientific.vn\/wp-content\/uploads\/2025\/03\/ava-hti-copy.jpg\",\"contentUrl\":\"https:\/\/htiscientific.vn\/wp-content\/uploads\/2025\/03\/ava-hti-copy.jpg\",\"width\":700,\"height\":450,\"caption\":\"HTI Scientific\"},\"image\":{\"@id\":\"https:\/\/htiscientific.vn\/#\/schema\/logo\/image\/\"},\"sameAs\":[\"https:\/\/www.facebook.com\/htiscientific.vn\"]}]}<\/script>\n<!-- \/ Yoast SEO plugin. -->","yoast_head_json":{"title":"M\u00e1y ph\u00e2n t\u00edch nhi\u1ec7t tr\u1ecdng tr\u01b0\u1eddng TGA 9 - HTI Scientific","description":"Pyris TGA 9 c\u00f3 kh\u1ea3 n\u0103ng c\u00e2n l\u00ean \u0111\u1ebfn 1500 mg v\u00e0 ph\u1ea1m vi nhi\u1ec7t \u0111\u1ed9 t\u1eeb 15 \u0111\u1ebfn 1100 \u00b0C. trang b\u1ecb l\u00f2 alumina v\u1edbi \u0111\u1ed9 tin c\u1eady \u0111\u00e3 \u0111\u01b0\u1ee3c ch\u1ee9ng minh trong 25 n\u0103m...","robots":{"index":"index","follow":"follow","max-snippet":"max-snippet:-1","max-image-preview":"max-image-preview:large","max-video-preview":"max-video-preview:-1"},"canonical":"https:\/\/htiscientific.vn\/en\/product\/may-phan-tich-nhiet-trong-truong-tga-9\/","og_locale":"en_US","og_type":"article","og_title":"M\u00e1y ph\u00e2n t\u00edch nhi\u1ec7t tr\u1ecdng tr\u01b0\u1eddng TGA 9 - HTI Scientific","og_description":"Pyris TGA 9 c\u00f3 kh\u1ea3 n\u0103ng c\u00e2n l\u00ean \u0111\u1ebfn 1500 mg v\u00e0 ph\u1ea1m vi nhi\u1ec7t \u0111\u1ed9 t\u1eeb 15 \u0111\u1ebfn 1100 \u00b0C. trang b\u1ecb l\u00f2 alumina v\u1edbi \u0111\u1ed9 tin c\u1eady \u0111\u00e3 \u0111\u01b0\u1ee3c ch\u1ee9ng minh trong 25 n\u0103m...","og_url":"https:\/\/htiscientific.vn\/en\/product\/may-phan-tich-nhiet-trong-truong-tga-9\/","og_site_name":"HTI Scientific","article_publisher":"https:\/\/www.facebook.com\/htiscientific.vn","og_image":[{"width":1000,"height":1000,"url":"https:\/\/htiscientific.vn\/wp-content\/uploads\/2025\/05\/thiet-ke-chua-co-ten-11.jpg","type":"image\/jpeg"}],"twitter_card":"summary_large_image","twitter_misc":{"Est. reading time":"3 minutes"},"schema":{"@context":"https:\/\/schema.org","@graph":[{"@type":"WebPage","@id":"https:\/\/htiscientific.vn\/san-pham\/may-phan-tich-nhiet-trong-truong-tga-9\/","url":"https:\/\/htiscientific.vn\/san-pham\/may-phan-tich-nhiet-trong-truong-tga-9\/","name":"M\u00e1y ph\u00e2n t\u00edch nhi\u1ec7t tr\u1ecdng tr\u01b0\u1eddng TGA 9 - HTI Scientific","isPartOf":{"@id":"https:\/\/htiscientific.vn\/#website"},"primaryImageOfPage":{"@id":"https:\/\/htiscientific.vn\/san-pham\/may-phan-tich-nhiet-trong-truong-tga-9\/#primaryimage"},"image":{"@id":"https:\/\/htiscientific.vn\/san-pham\/may-phan-tich-nhiet-trong-truong-tga-9\/#primaryimage"},"thumbnailUrl":"https:\/\/htiscientific.vn\/wp-content\/uploads\/2025\/05\/thiet-ke-chua-co-ten-11.jpg","datePublished":"2025-06-02T06:35:13+00:00","description":"Pyris TGA 9 c\u00f3 kh\u1ea3 n\u0103ng c\u00e2n l\u00ean \u0111\u1ebfn 1500 mg v\u00e0 ph\u1ea1m vi nhi\u1ec7t \u0111\u1ed9 t\u1eeb 15 \u0111\u1ebfn 1100 \u00b0C. trang b\u1ecb l\u00f2 alumina v\u1edbi \u0111\u1ed9 tin c\u1eady \u0111\u00e3 \u0111\u01b0\u1ee3c ch\u1ee9ng minh trong 25 n\u0103m...","breadcrumb":{"@id":"https:\/\/htiscientific.vn\/san-pham\/may-phan-tich-nhiet-trong-truong-tga-9\/#breadcrumb"},"inLanguage":"en-US","potentialAction":[{"@type":"ReadAction","target":["https:\/\/htiscientific.vn\/san-pham\/may-phan-tich-nhiet-trong-truong-tga-9\/"]}]},{"@type":"ImageObject","inLanguage":"en-US","@id":"https:\/\/htiscientific.vn\/san-pham\/may-phan-tich-nhiet-trong-truong-tga-9\/#primaryimage","url":"https:\/\/htiscientific.vn\/wp-content\/uploads\/2025\/05\/thiet-ke-chua-co-ten-11.jpg","contentUrl":"https:\/\/htiscientific.vn\/wp-content\/uploads\/2025\/05\/thiet-ke-chua-co-ten-11.jpg","width":1000,"height":1000,"caption":"pyris TGA 9 DSC 9 STA 9"},{"@type":"BreadcrumbList","@id":"https:\/\/htiscientific.vn\/san-pham\/may-phan-tich-nhiet-trong-truong-tga-9\/#breadcrumb","itemListElement":[{"@type":"ListItem","position":1,"name":"Trang ch\u1ee7","item":"https:\/\/htiscientific.vn\/"},{"@type":"ListItem","position":2,"name":"C\u1eeda h\u00e0ng","item":"https:\/\/htiscientific.vn\/cua-hang\/"},{"@type":"ListItem","position":3,"name":"H\u1ec7 th\u1ed1ng ph\u00e2n t\u00edch nhi\u1ec7t Pyris TGA 9, DSC 9 v\u00e0 STA 9","item":"https:\/\/htiscientific.vn\/danh-muc-san-pham\/he-thong-phan-tich-nhiet-pyris-tga-9-dsc-9-va-sta-9\/"},{"@type":"ListItem","position":4,"name":"M\u00e1y ph\u00e2n t\u00edch nhi\u1ec7t tr\u1ecdng tr\u01b0\u1eddng TGA 9"}]},{"@type":"WebSite","@id":"https:\/\/htiscientific.vn\/#website","url":"https:\/\/htiscientific.vn\/","name":"HTI Scientific","description":"HTI Scientific","publisher":{"@id":"https:\/\/htiscientific.vn\/#organization"},"potentialAction":[{"@type":"SearchAction","target":{"@type":"EntryPoint","urlTemplate":"https:\/\/htiscientific.vn\/?s={search_term_string}"},"query-input":{"@type":"PropertyValueSpecification","valueRequired":true,"valueName":"search_term_string"}}],"inLanguage":"en-US"},{"@type":"Organization","@id":"https:\/\/htiscientific.vn\/#organization","name":"HTI Scientific","alternateName":"HTI Scientific","url":"https:\/\/htiscientific.vn\/","logo":{"@type":"ImageObject","inLanguage":"en-US","@id":"https:\/\/htiscientific.vn\/#\/schema\/logo\/image\/","url":"https:\/\/htiscientific.vn\/wp-content\/uploads\/2025\/03\/ava-hti-copy.jpg","contentUrl":"https:\/\/htiscientific.vn\/wp-content\/uploads\/2025\/03\/ava-hti-copy.jpg","width":700,"height":450,"caption":"HTI Scientific"},"image":{"@id":"https:\/\/htiscientific.vn\/#\/schema\/logo\/image\/"},"sameAs":["https:\/\/www.facebook.com\/htiscientific.vn"]}]}},"_links":{"self":[{"href":"https:\/\/htiscientific.vn\/en\/wp-json\/wp\/v2\/product\/1538","targetHints":{"allow":["GET"]}}],"collection":[{"href":"https:\/\/htiscientific.vn\/en\/wp-json\/wp\/v2\/product"}],"about":[{"href":"https:\/\/htiscientific.vn\/en\/wp-json\/wp\/v2\/types\/product"}],"wp:featuredmedia":[{"embeddable":true,"href":"https:\/\/htiscientific.vn\/en\/wp-json\/wp\/v2\/media\/1534"}],"wp:attachment":[{"href":"https:\/\/htiscientific.vn\/en\/wp-json\/wp\/v2\/media?parent=1538"}],"wp:term":[{"taxonomy":"product_brand","embeddable":true,"href":"https:\/\/htiscientific.vn\/en\/wp-json\/wp\/v2\/product_brand?post=1538"},{"taxonomy":"product_cat","embeddable":true,"href":"https:\/\/htiscientific.vn\/en\/wp-json\/wp\/v2\/product_cat?post=1538"},{"taxonomy":"product_tag","embeddable":true,"href":"https:\/\/htiscientific.vn\/en\/wp-json\/wp\/v2\/product_tag?post=1538"}],"curies":[{"name":"wp","href":"https:\/\/api.w.org\/{rel}","templated":true}]}}