{"id":1536,"date":"2025-06-02T13:31:57","date_gmt":"2025-06-02T06:31:57","guid":{"rendered":"https:\/\/htiscientific.vn\/?post_type=product&#038;p=1536"},"modified":"2025-06-02T13:35:54","modified_gmt":"2025-06-02T06:35:54","slug":"may-quet-nhiet-vi-sai-dsc-9","status":"publish","type":"product","link":"https:\/\/htiscientific.vn\/en\/product\/may-quet-nhiet-vi-sai-dsc-9\/","title":{"rendered":"M\u00e1y qu\u00e9t nhi\u1ec7t vi sai DSC 9"},"content":{"rendered":"<p><span style=\"color: #000000;\">Th\u1ebf h\u1ec7\u00a0<a style=\"color: #000000;\" href=\"https:\/\/www.perkinelmer.com\/category\/pyris-tga-9-dsc-9-sta-9\">M\u00e1y qu\u00e9t nhi\u1ec7t vi sai DSC 9<\/a>\u00a0m\u1edbi c\u1ee7a PerkinElmer mang l\u1ea1i n\u0103ng su\u1ea5t cao v\u1edbi hi\u1ec7u su\u1ea5t \u0111\u00e1ng tin c\u1eady t\u1eeb c\u00e1c \u1ee9ng d\u1ee5ng th\u00f4ng th\u01b0\u1eddng \u0111\u1ebfn nghi\u00ean c\u1ee9u. Thi\u1ebft k\u1ebf m\u1edbi c\u1ee7a Pyris DSC 9 cung c\u1ea5p m\u1ed9t l\u00f2 ch\u1eafc ch\u1eafn v\u00e0 nh\u1ecf g\u1ecdn gi\u00fap c\u1ea3i thi\u1ec7n s\u1ef1 ki\u1ec3m so\u00e1t nhi\u1ec7t \u0111\u1ed9, th\u1eddi gian l\u00e0m n\u00f3ng v\u00e0 l\u00e0m ngu\u1ed9i nhanh c\u0169ng nh\u01b0 c\u00e1c ph\u00e9p \u0111o ch\u00ednh x\u00e1c. Ph\u1ea1m vi nhi\u1ec7t \u0111\u1ed9 t\u0103ng l\u00ean mang \u0111\u1ebfn kh\u1ea3 n\u0103ng gia nhi\u1ec7t \u201cT\u1ed1t nh\u1ea5t trong ph\u00e2n kh\u00fac\u201d v\u00e0 t\u0103ng t\u1ed1c l\u00ean t\u1edbi 750\u00b0C \u0111\u1ec3 ph\u00e2n t\u00edch c\u00e1c m\u1eabu \u0111a d\u1ea1ng.<\/span><\/p>\n<p><span style=\"color: #000000;\">M\u00e1y qu\u00e9t nhi\u1ec7t vi sai DSC 9 c\u00f3 d\u1ea3i \u0111\u1ed9ng +\/- 175 mW v\u00e0 c\u00f3 th\u1ec3 ho\u1ea1t \u0111\u1ed9ng trong ph\u1ea1m vi nhi\u1ec7t \u0111\u1ed9 m\u1edbi \u0111\u01b0\u1ee3c m\u1edf r\u1ed9ng t\u1eeb -180 \u0111\u1ebfn 750 \u00b0C, v\u1edbi thi\u1ebft k\u1ebf l\u00f2 m\u1edbi cho ph\u00e9p \u0111\u1ea1t \u0111\u01b0\u1ee3c nhi\u1ec7t \u0111\u1ed9 cao h\u01a1n m\u1ee9c c\u00f3 th\u1ec3 \u0111\u1ea1t \u0111\u01b0\u1ee3c khi s\u1eed d\u1ee5ng h\u1ea7u h\u1ebft c\u00e1c h\u1ec7 th\u1ed1ng th\u00f4ng l\u01b0\u1ee3ng nhi\u1ec7t. T\u1ef7 l\u1ec7 ph\u1ea3n h\u1ed3i Indium l\u00e0 &gt;19 mW\/\u00b0C \u0111\u1ed1i v\u1edbi 7mg Indium \u1edf t\u1ed1c \u0111\u1ed9 1\u00b0C\/ph\u00fat m\u00e0 kh\u00f4ng \u00e1p d\u1ee5ng hi\u1ec7u ch\u1ec9nh to\u00e1n h\u1ecdc cho \u0111i\u1ec7n tr\u1edf nhi\u1ec7t. Th\u1eddi gian n\u00f3ng ch\u1ea3y c\u1ee7a Indium l\u00e0 3,3 gi\u00e2y, l\u00e0 th\u1eddi gian t\u1eeb khi b\u1eaft \u0111\u1ea7u n\u00f3ng ch\u1ea3y \u0111\u1ebfn c\u1ef1c \u0111\u1ea1i.<\/span><\/p>\n<p>&nbsp;<\/p>\n<p><span style=\"color: #000000;\"><a style=\"color: #000000;\" href=\"https:\/\/htiscientific.vn\/en\/\">HTI Scientific<\/a>\u00a0hi\u1ec7n l\u00e0 nh\u00e0 ph\u00e2n ph\u1ed1i ch\u00ednh th\u1ee9c c\u00e1c s\u1ea3n ph\u1ea9m c\u1ee7a PerkinElmer t\u1ea1i Vi\u1ec7t Nam\u00a0<\/span><\/p>\n<p><span style=\"color: #000000;\"><strong>Li\u00ean h\u1ec7:\u00a0<\/strong><\/span><\/p>\n<ul>\n<li>\n<ul>\n<li dir=\"auto\"><span style=\"color: #000000;\">H\u00e0 N\u1ed9i: T\u1ea7ng 10 \u2013 VP2, T\u00f2a nh\u00e0 Sun Square, 21 L\u00ea \u0110\u1ee9c Th\u1ecd, Qu\u1eadn Nam T\u1eeb Li\u00eam, H\u00e0 N\u1ed9i<\/span><\/li>\n<li dir=\"auto\"><span style=\"color: #000000;\">\u0110\u00e0 N\u1eb5ng: T\u1ea7ng 5, T\u00f2a nh\u00e0 Vietnam Innovation Hub, 179 Tr\u1ea7n H\u01b0ng \u0110\u1ea1o, Ph\u01b0\u1eddng An H\u1ea3i B\u1eafc, Qu\u1eadn S\u01a1n Tr\u00e0, \u0110\u00e0 N\u1eb5ng<\/span><\/li>\n<li dir=\"auto\"><span style=\"color: #000000;\">H\u1ed3 Ch\u00ed Minh: 203A V\u00f5 Th\u1ecb S\u00e1u, Ph\u01b0\u1eddng V\u00f5 Th\u1ecb S\u00e1u, Qu\u1eadn 3, H\u1ed3 Ch\u00ed Minh<\/span><\/li>\n<li dir=\"auto\"><span style=\"color: #000000;\">Hotline HN: 090.224.5757 \/\u00a0Hotline HCM: 090.324.5757<\/span><\/li>\n<li dir=\"auto\"><span style=\"color: #000000;\">Email: sales@htigroup.vn<\/span><\/li>\n<\/ul>\n<\/li>\n<\/ul>","protected":false},"excerpt":{"rendered":"<p><span style=\"color: #000000;\">M\u00e1y qu\u00e9t nhi\u1ec7t vi sai DSC 9 l\u00e0 thi\u1ebft k\u1ebf m\u1edbi c\u1ee7a PerkinElmer cung c\u1ea5p m\u1ed9t l\u00f2 ch\u1eafc ch\u1eafn v\u00e0 nh\u1ecf g\u1ecdn gi\u00fap c\u1ea3i thi\u1ec7n s\u1ef1 ki\u1ec3m so\u00e1t nhi\u1ec7t \u0111\u1ed9, th\u1eddi gian l\u00e0m n\u00f3ng v\u00e0 l\u00e0m ngu\u1ed9i nhanh c\u0169ng nh\u01b0 c\u00e1c ph\u00e9p \u0111o ch\u00ednh x\u00e1c. Ph\u1ea1m vi nhi\u1ec7t \u0111\u1ed9 t\u0103ng l\u00ean mang \u0111\u1ebfn kh\u1ea3 n\u0103ng gia nhi\u1ec7t \u201cT\u1ed1t nh\u1ea5t trong ph\u00e2n kh\u00fac\u201d v\u00e0 t\u0103ng t\u1ed1c l\u00ean t\u1edbi 750\u00b0C \u0111\u1ec3 ph\u00e2n t\u00edch c\u00e1c m\u1eabu \u0111a d\u1ea1ng.<\/span><\/p>","protected":false},"featured_media":1537,"template":"","meta":{"inline_featured_image":false},"product_brand":[29],"product_cat":[120,115],"product_tag":[],"class_list":{"0":"post-1536","1":"product","2":"type-product","3":"status-publish","4":"has-post-thumbnail","6":"product_brand-perkinelmer","7":"product_cat-he-thong-phan-tich-nhiet-pyris-tga-9-dsc-9-va-sta-9","8":"product_cat-phan-tich-nhiet","10":"first","11":"instock","12":"shipping-taxable","13":"product-type-simple"},"yoast_head":"<!-- This site is optimized with the Yoast SEO plugin v24.7 - https:\/\/yoast.com\/wordpress\/plugins\/seo\/ -->\n<title>M\u00e1y qu\u00e9t nhi\u1ec7t vi sai DSC 9 - HTI Scientific<\/title>\n<meta name=\"description\" content=\"DSC 9 c\u00f3 ph\u1ea1m vi nhi\u1ec7t \u0111\u1ed9 t\u0103ng l\u00ean mang \u0111\u1ebfn kh\u1ea3 n\u0103ng gia nhi\u1ec7t \u201cT\u1ed1t nh\u1ea5t trong ph\u00e2n kh\u00fac\u201d v\u00e0 t\u0103ng t\u1ed1c l\u00ean t\u1edbi 750\u00b0C \u0111\u1ec3 ph\u00e2n t\u00edch c\u00e1c m\u1eabu \u0111a d\u1ea1ng.\" \/>\n<meta name=\"robots\" content=\"index, follow, max-snippet:-1, max-image-preview:large, max-video-preview:-1\" \/>\n<link rel=\"canonical\" href=\"https:\/\/htiscientific.vn\/en\/product\/may-quet-nhiet-vi-sai-dsc-9\/\" \/>\n<meta property=\"og:locale\" content=\"en_US\" \/>\n<meta property=\"og:type\" content=\"article\" \/>\n<meta property=\"og:title\" content=\"M\u00e1y qu\u00e9t nhi\u1ec7t vi sai DSC 9 - HTI Scientific\" \/>\n<meta property=\"og:description\" content=\"DSC 9 c\u00f3 ph\u1ea1m vi nhi\u1ec7t \u0111\u1ed9 t\u0103ng l\u00ean mang \u0111\u1ebfn kh\u1ea3 n\u0103ng gia nhi\u1ec7t \u201cT\u1ed1t nh\u1ea5t trong ph\u00e2n kh\u00fac\u201d v\u00e0 t\u0103ng t\u1ed1c l\u00ean t\u1edbi 750\u00b0C \u0111\u1ec3 ph\u00e2n t\u00edch c\u00e1c m\u1eabu \u0111a d\u1ea1ng.\" \/>\n<meta property=\"og:url\" content=\"https:\/\/htiscientific.vn\/en\/product\/may-quet-nhiet-vi-sai-dsc-9\/\" \/>\n<meta property=\"og:site_name\" content=\"HTI Scientific\" \/>\n<meta property=\"article:publisher\" content=\"https:\/\/www.facebook.com\/htiscientific.vn\" \/>\n<meta property=\"article:modified_time\" content=\"2025-06-02T06:35:54+00:00\" \/>\n<meta property=\"og:image\" content=\"https:\/\/htiscientific.vn\/wp-content\/uploads\/2025\/06\/thiet-ke-chua-co-ten-12.jpg\" \/>\n\t<meta property=\"og:image:width\" content=\"1000\" \/>\n\t<meta property=\"og:image:height\" content=\"1000\" \/>\n\t<meta property=\"og:image:type\" content=\"image\/jpeg\" \/>\n<meta name=\"twitter:card\" content=\"summary_large_image\" \/>\n<meta name=\"twitter:label1\" content=\"Est. reading time\" \/>\n\t<meta name=\"twitter:data1\" content=\"2 minutes\" \/>\n<script type=\"application\/ld+json\" class=\"yoast-schema-graph\">{\"@context\":\"https:\/\/schema.org\",\"@graph\":[{\"@type\":\"WebPage\",\"@id\":\"https:\/\/htiscientific.vn\/san-pham\/may-quet-nhiet-vi-sai-dsc-9\/\",\"url\":\"https:\/\/htiscientific.vn\/san-pham\/may-quet-nhiet-vi-sai-dsc-9\/\",\"name\":\"M\u00e1y qu\u00e9t nhi\u1ec7t vi sai DSC 9 - HTI Scientific\",\"isPartOf\":{\"@id\":\"https:\/\/htiscientific.vn\/#website\"},\"primaryImageOfPage\":{\"@id\":\"https:\/\/htiscientific.vn\/san-pham\/may-quet-nhiet-vi-sai-dsc-9\/#primaryimage\"},\"image\":{\"@id\":\"https:\/\/htiscientific.vn\/san-pham\/may-quet-nhiet-vi-sai-dsc-9\/#primaryimage\"},\"thumbnailUrl\":\"https:\/\/htiscientific.vn\/wp-content\/uploads\/2025\/06\/thiet-ke-chua-co-ten-12.jpg\",\"datePublished\":\"2025-06-02T06:31:57+00:00\",\"dateModified\":\"2025-06-02T06:35:54+00:00\",\"description\":\"DSC 9 c\u00f3 ph\u1ea1m vi nhi\u1ec7t \u0111\u1ed9 t\u0103ng l\u00ean mang \u0111\u1ebfn kh\u1ea3 n\u0103ng gia nhi\u1ec7t \u201cT\u1ed1t nh\u1ea5t trong ph\u00e2n kh\u00fac\u201d v\u00e0 t\u0103ng t\u1ed1c l\u00ean t\u1edbi 750\u00b0C \u0111\u1ec3 ph\u00e2n t\u00edch c\u00e1c m\u1eabu \u0111a d\u1ea1ng.\",\"breadcrumb\":{\"@id\":\"https:\/\/htiscientific.vn\/san-pham\/may-quet-nhiet-vi-sai-dsc-9\/#breadcrumb\"},\"inLanguage\":\"en-US\",\"potentialAction\":[{\"@type\":\"ReadAction\",\"target\":[\"https:\/\/htiscientific.vn\/san-pham\/may-quet-nhiet-vi-sai-dsc-9\/\"]}]},{\"@type\":\"ImageObject\",\"inLanguage\":\"en-US\",\"@id\":\"https:\/\/htiscientific.vn\/san-pham\/may-quet-nhiet-vi-sai-dsc-9\/#primaryimage\",\"url\":\"https:\/\/htiscientific.vn\/wp-content\/uploads\/2025\/06\/thiet-ke-chua-co-ten-12.jpg\",\"contentUrl\":\"https:\/\/htiscientific.vn\/wp-content\/uploads\/2025\/06\/thiet-ke-chua-co-ten-12.jpg\",\"width\":1000,\"height\":1000,\"caption\":\"DSC 9\"},{\"@type\":\"BreadcrumbList\",\"@id\":\"https:\/\/htiscientific.vn\/san-pham\/may-quet-nhiet-vi-sai-dsc-9\/#breadcrumb\",\"itemListElement\":[{\"@type\":\"ListItem\",\"position\":1,\"name\":\"Trang ch\u1ee7\",\"item\":\"https:\/\/htiscientific.vn\/\"},{\"@type\":\"ListItem\",\"position\":2,\"name\":\"C\u1eeda h\u00e0ng\",\"item\":\"https:\/\/htiscientific.vn\/cua-hang\/\"},{\"@type\":\"ListItem\",\"position\":3,\"name\":\"H\u1ec7 th\u1ed1ng ph\u00e2n t\u00edch nhi\u1ec7t Pyris TGA 9, DSC 9 v\u00e0 STA 9\",\"item\":\"https:\/\/htiscientific.vn\/danh-muc-san-pham\/he-thong-phan-tich-nhiet-pyris-tga-9-dsc-9-va-sta-9\/\"},{\"@type\":\"ListItem\",\"position\":4,\"name\":\"M\u00e1y qu\u00e9t nhi\u1ec7t vi sai DSC 9\"}]},{\"@type\":\"WebSite\",\"@id\":\"https:\/\/htiscientific.vn\/#website\",\"url\":\"https:\/\/htiscientific.vn\/\",\"name\":\"HTI Scientific\",\"description\":\"HTI Scientific\",\"publisher\":{\"@id\":\"https:\/\/htiscientific.vn\/#organization\"},\"potentialAction\":[{\"@type\":\"SearchAction\",\"target\":{\"@type\":\"EntryPoint\",\"urlTemplate\":\"https:\/\/htiscientific.vn\/?s={search_term_string}\"},\"query-input\":{\"@type\":\"PropertyValueSpecification\",\"valueRequired\":true,\"valueName\":\"search_term_string\"}}],\"inLanguage\":\"en-US\"},{\"@type\":\"Organization\",\"@id\":\"https:\/\/htiscientific.vn\/#organization\",\"name\":\"HTI Scientific\",\"alternateName\":\"HTI Scientific\",\"url\":\"https:\/\/htiscientific.vn\/\",\"logo\":{\"@type\":\"ImageObject\",\"inLanguage\":\"en-US\",\"@id\":\"https:\/\/htiscientific.vn\/#\/schema\/logo\/image\/\",\"url\":\"https:\/\/htiscientific.vn\/wp-content\/uploads\/2025\/03\/ava-hti-copy.jpg\",\"contentUrl\":\"https:\/\/htiscientific.vn\/wp-content\/uploads\/2025\/03\/ava-hti-copy.jpg\",\"width\":700,\"height\":450,\"caption\":\"HTI Scientific\"},\"image\":{\"@id\":\"https:\/\/htiscientific.vn\/#\/schema\/logo\/image\/\"},\"sameAs\":[\"https:\/\/www.facebook.com\/htiscientific.vn\"]}]}<\/script>\n<!-- \/ Yoast SEO plugin. -->","yoast_head_json":{"title":"M\u00e1y qu\u00e9t nhi\u1ec7t vi sai DSC 9 - HTI Scientific","description":"DSC 9 c\u00f3 ph\u1ea1m vi nhi\u1ec7t \u0111\u1ed9 t\u0103ng l\u00ean mang \u0111\u1ebfn kh\u1ea3 n\u0103ng gia nhi\u1ec7t \u201cT\u1ed1t nh\u1ea5t trong ph\u00e2n kh\u00fac\u201d v\u00e0 t\u0103ng t\u1ed1c l\u00ean t\u1edbi 750\u00b0C \u0111\u1ec3 ph\u00e2n t\u00edch c\u00e1c m\u1eabu \u0111a d\u1ea1ng.","robots":{"index":"index","follow":"follow","max-snippet":"max-snippet:-1","max-image-preview":"max-image-preview:large","max-video-preview":"max-video-preview:-1"},"canonical":"https:\/\/htiscientific.vn\/en\/product\/may-quet-nhiet-vi-sai-dsc-9\/","og_locale":"en_US","og_type":"article","og_title":"M\u00e1y qu\u00e9t nhi\u1ec7t vi sai DSC 9 - HTI Scientific","og_description":"DSC 9 c\u00f3 ph\u1ea1m vi nhi\u1ec7t \u0111\u1ed9 t\u0103ng l\u00ean mang \u0111\u1ebfn kh\u1ea3 n\u0103ng gia nhi\u1ec7t \u201cT\u1ed1t nh\u1ea5t trong ph\u00e2n kh\u00fac\u201d v\u00e0 t\u0103ng t\u1ed1c l\u00ean t\u1edbi 750\u00b0C \u0111\u1ec3 ph\u00e2n t\u00edch c\u00e1c m\u1eabu \u0111a d\u1ea1ng.","og_url":"https:\/\/htiscientific.vn\/en\/product\/may-quet-nhiet-vi-sai-dsc-9\/","og_site_name":"HTI Scientific","article_publisher":"https:\/\/www.facebook.com\/htiscientific.vn","article_modified_time":"2025-06-02T06:35:54+00:00","og_image":[{"width":1000,"height":1000,"url":"https:\/\/htiscientific.vn\/wp-content\/uploads\/2025\/06\/thiet-ke-chua-co-ten-12.jpg","type":"image\/jpeg"}],"twitter_card":"summary_large_image","twitter_misc":{"Est. reading time":"2 minutes"},"schema":{"@context":"https:\/\/schema.org","@graph":[{"@type":"WebPage","@id":"https:\/\/htiscientific.vn\/san-pham\/may-quet-nhiet-vi-sai-dsc-9\/","url":"https:\/\/htiscientific.vn\/san-pham\/may-quet-nhiet-vi-sai-dsc-9\/","name":"M\u00e1y qu\u00e9t nhi\u1ec7t vi sai DSC 9 - HTI Scientific","isPartOf":{"@id":"https:\/\/htiscientific.vn\/#website"},"primaryImageOfPage":{"@id":"https:\/\/htiscientific.vn\/san-pham\/may-quet-nhiet-vi-sai-dsc-9\/#primaryimage"},"image":{"@id":"https:\/\/htiscientific.vn\/san-pham\/may-quet-nhiet-vi-sai-dsc-9\/#primaryimage"},"thumbnailUrl":"https:\/\/htiscientific.vn\/wp-content\/uploads\/2025\/06\/thiet-ke-chua-co-ten-12.jpg","datePublished":"2025-06-02T06:31:57+00:00","dateModified":"2025-06-02T06:35:54+00:00","description":"DSC 9 c\u00f3 ph\u1ea1m vi nhi\u1ec7t \u0111\u1ed9 t\u0103ng l\u00ean mang \u0111\u1ebfn kh\u1ea3 n\u0103ng gia nhi\u1ec7t \u201cT\u1ed1t nh\u1ea5t trong ph\u00e2n kh\u00fac\u201d v\u00e0 t\u0103ng t\u1ed1c l\u00ean t\u1edbi 750\u00b0C \u0111\u1ec3 ph\u00e2n t\u00edch c\u00e1c m\u1eabu \u0111a d\u1ea1ng.","breadcrumb":{"@id":"https:\/\/htiscientific.vn\/san-pham\/may-quet-nhiet-vi-sai-dsc-9\/#breadcrumb"},"inLanguage":"en-US","potentialAction":[{"@type":"ReadAction","target":["https:\/\/htiscientific.vn\/san-pham\/may-quet-nhiet-vi-sai-dsc-9\/"]}]},{"@type":"ImageObject","inLanguage":"en-US","@id":"https:\/\/htiscientific.vn\/san-pham\/may-quet-nhiet-vi-sai-dsc-9\/#primaryimage","url":"https:\/\/htiscientific.vn\/wp-content\/uploads\/2025\/06\/thiet-ke-chua-co-ten-12.jpg","contentUrl":"https:\/\/htiscientific.vn\/wp-content\/uploads\/2025\/06\/thiet-ke-chua-co-ten-12.jpg","width":1000,"height":1000,"caption":"DSC 9"},{"@type":"BreadcrumbList","@id":"https:\/\/htiscientific.vn\/san-pham\/may-quet-nhiet-vi-sai-dsc-9\/#breadcrumb","itemListElement":[{"@type":"ListItem","position":1,"name":"Trang ch\u1ee7","item":"https:\/\/htiscientific.vn\/"},{"@type":"ListItem","position":2,"name":"C\u1eeda h\u00e0ng","item":"https:\/\/htiscientific.vn\/cua-hang\/"},{"@type":"ListItem","position":3,"name":"H\u1ec7 th\u1ed1ng ph\u00e2n t\u00edch nhi\u1ec7t Pyris TGA 9, DSC 9 v\u00e0 STA 9","item":"https:\/\/htiscientific.vn\/danh-muc-san-pham\/he-thong-phan-tich-nhiet-pyris-tga-9-dsc-9-va-sta-9\/"},{"@type":"ListItem","position":4,"name":"M\u00e1y qu\u00e9t nhi\u1ec7t vi sai DSC 9"}]},{"@type":"WebSite","@id":"https:\/\/htiscientific.vn\/#website","url":"https:\/\/htiscientific.vn\/","name":"HTI Scientific","description":"HTI Scientific","publisher":{"@id":"https:\/\/htiscientific.vn\/#organization"},"potentialAction":[{"@type":"SearchAction","target":{"@type":"EntryPoint","urlTemplate":"https:\/\/htiscientific.vn\/?s={search_term_string}"},"query-input":{"@type":"PropertyValueSpecification","valueRequired":true,"valueName":"search_term_string"}}],"inLanguage":"en-US"},{"@type":"Organization","@id":"https:\/\/htiscientific.vn\/#organization","name":"HTI Scientific","alternateName":"HTI Scientific","url":"https:\/\/htiscientific.vn\/","logo":{"@type":"ImageObject","inLanguage":"en-US","@id":"https:\/\/htiscientific.vn\/#\/schema\/logo\/image\/","url":"https:\/\/htiscientific.vn\/wp-content\/uploads\/2025\/03\/ava-hti-copy.jpg","contentUrl":"https:\/\/htiscientific.vn\/wp-content\/uploads\/2025\/03\/ava-hti-copy.jpg","width":700,"height":450,"caption":"HTI Scientific"},"image":{"@id":"https:\/\/htiscientific.vn\/#\/schema\/logo\/image\/"},"sameAs":["https:\/\/www.facebook.com\/htiscientific.vn"]}]}},"_links":{"self":[{"href":"https:\/\/htiscientific.vn\/en\/wp-json\/wp\/v2\/product\/1536","targetHints":{"allow":["GET"]}}],"collection":[{"href":"https:\/\/htiscientific.vn\/en\/wp-json\/wp\/v2\/product"}],"about":[{"href":"https:\/\/htiscientific.vn\/en\/wp-json\/wp\/v2\/types\/product"}],"wp:featuredmedia":[{"embeddable":true,"href":"https:\/\/htiscientific.vn\/en\/wp-json\/wp\/v2\/media\/1537"}],"wp:attachment":[{"href":"https:\/\/htiscientific.vn\/en\/wp-json\/wp\/v2\/media?parent=1536"}],"wp:term":[{"taxonomy":"product_brand","embeddable":true,"href":"https:\/\/htiscientific.vn\/en\/wp-json\/wp\/v2\/product_brand?post=1536"},{"taxonomy":"product_cat","embeddable":true,"href":"https:\/\/htiscientific.vn\/en\/wp-json\/wp\/v2\/product_cat?post=1536"},{"taxonomy":"product_tag","embeddable":true,"href":"https:\/\/htiscientific.vn\/en\/wp-json\/wp\/v2\/product_tag?post=1536"}],"curies":[{"name":"wp","href":"https:\/\/api.w.org\/{rel}","templated":true}]}}