{"id":1529,"date":"2025-05-30T15:35:05","date_gmt":"2025-05-30T08:35:05","guid":{"rendered":"https:\/\/htiscientific.vn\/?post_type=product&#038;p=1529"},"modified":"2025-05-30T15:35:05","modified_gmt":"2025-05-30T08:35:05","slug":"may-phan-tich-co-hoc-dong-dma-8000","status":"publish","type":"product","link":"https:\/\/htiscientific.vn\/en\/product\/may-phan-tich-co-hoc-dong-dma-8000\/","title":{"rendered":"M\u00e1y ph\u00e2n t\u00edch c\u01a1 h\u1ecdc \u0111\u1ed9ng DMA 8000"},"content":{"rendered":"<div class=\"acf-field\">\n<p><span style=\"color: #000000;\">M\u00e1y ph\u00e2n t\u00edch c\u01a1 h\u1ecdc \u0111\u1ed9ng DMA 8000 c\u1ee7a <a href=\"https:\/\/htiscientific.vn\/en\/hang-san-xuat\/perkinelmer\/\">PerkinElmer<\/a> d\u00f9ng \u0111\u1ec3 \u0111o c\u00e1c t\u00ednh ch\u1ea5t c\u01a1 h\u1ecdc c\u1ee7a v\u1eadt li\u1ec7u (nh\u01b0 m\u00f4 \u0111un \u0111\u00e0n h\u1ed3i, \u0111\u1ed9 nh\u1edbt, chuy\u1ec3n ti\u1ebfp th\u1ee7y tinh, v.v.) d\u01b0\u1edbi t\u00e1c \u0111\u1ed9ng c\u1ee7a l\u1ef1c dao \u0111\u1ed9ng theo nhi\u1ec7t \u0111\u1ed9 ho\u1eb7c t\u1ea7n s\u1ed1.<\/span><\/p>\n<p><span style=\"color: #000000;\">B\u1ed9 t\u1ea1o v\u00e0 \u0111i\u1ec1u khi\u1ec3n \u0111\u1ed9 \u1ea9m l\u00e0 m\u1ed9t t\u00f9y ch\u1ecdn m\u1ea1nh m\u1ebd v\u00e0 linh ho\u1ea1t, mang l\u1ea1i kh\u1ea3 n\u0103ng \u00e1p d\u1ee5ng v\u00e0 ki\u1ec3m so\u00e1t ch\u00ednh x\u00e1c \u0111\u1ed9 \u1ea9m t\u01b0\u01a1ng \u0111\u1ed1i cho m\u00f4i tr\u01b0\u1eddng m\u1eabu trong DMA 8000.<\/span><br \/>\n<span style=\"color: #000000;\">L\u00f2 nung ti\u00eau chu\u1ea9n c\u1ee7a DMA 8000 \u0111\u01b0\u1ee3c c\u1ea5u h\u00ecnh v\u1edbi c\u1eeda s\u1ed5 th\u1ea1ch anh, cho ph\u00e9p ki\u1ec3m tra tr\u1ef1c quan m\u1eabu v\u00e0 h\u1ec7 th\u1ed1ng k\u1eb9p trong su\u1ed1t qu\u00e1 tr\u00ecnh th\u00ed nghi\u1ec7m m\u00e0 kh\u00f4ng l\u00e0m gi\u00e1n \u0111o\u1ea1n bi\u1ec3u \u0111\u1ed3 nhi\u1ec7t \u0111\u1ed9 ho\u1eb7c c\u00e1c \u0111i\u1ec1u ki\u1ec7n th\u00ed nghi\u1ec7m kh\u00e1c.<\/span><br \/>\n<span style=\"color: #000000;\">T\u00fai V\u1eadt li\u1ec7u c\u1ee7a ch\u00fang t\u00f4i l\u00e0 m\u1ed9t c\u00f4ng c\u1ee5 chu\u1ea9n b\u1ecb m\u1eabu \u0111\u1ed9c \u0111\u00e1o \u0111\u01b0\u1ee3c thi\u1ebft k\u1ebf \u0111\u1eb7c bi\u1ec7t \u0111\u1ec3 ho\u1ea1t \u0111\u1ed9ng v\u1edbi DMA 8000. Nh\u1eefng t\u00fai c\u1ea3i ti\u1ebfn n\u00e0y cho ph\u00e9p \u0111\u1ef1ng c\u00e1c v\u1eadt li\u1ec7u d\u1ea1ng b\u1ed9t ho\u1eb7c kh\u00f4ng t\u1ef1 h\u1ed7 tr\u1ee3, ch\u1eb3ng h\u1ea1n nh\u01b0 thu\u1ed1c d\u1ea1ng b\u1ed9t, gel, c\u00e1c s\u1ea3n ph\u1ea9m t\u1ef1 nhi\u00ean nh\u01b0 tr\u00e0, c\u00e0 ph\u00ea, th\u1ea3o d\u01b0\u1ee3c, v.v. v\u1eadt li\u1ec7u c\u00f3 \u0111\u1ed9 nh\u1edbt \u0111\u01b0\u1ee3c nghi\u00ean c\u1ee9u b\u1edfi DMA.<\/span><\/p>\n<p><span style=\"color: #000000;\"><strong>C\u00e1c t\u00ednh n\u0103ng v\u00e0 l\u1ee3i \u00edch:<\/strong><\/span><\/p>\n<ul>\n<li><span style=\"color: #000000;\">M\u1ed9t trong nh\u1eefng t\u00ednh n\u0103ng \u0111\u1ed9c \u0111\u00e1o v\u00e0 h\u1eefu \u00edch nh\u1ea5t c\u1ee7a DMA 8000 l\u00e0 \u0111\u1ea7u ph\u00e2n t\u00edch quay, c\u00f3 th\u1ec3 \u0111\u01b0\u1ee3c \u0111\u1ecbnh h\u01b0\u1edbng ho\u00e0n to\u00e0n 180\u00b0 \u0111\u1ec3 c\u00f3 c\u1ea5u h\u00ecnh \u0111\u1ea7u ph\u00e2n t\u00edch t\u1ed1i \u01b0u cho h\u1ea7u h\u1ebft m\u1ecdi lo\u1ea1i th\u1eed nghi\u1ec7m v\u00e0 h\u00ecnh d\u1ea1ng m\u1eabu.<\/span><\/li>\n<li><span style=\"color: #000000;\">Chu\u1ed7i ph\u00e2n t\u00edch nh\u1eb9 m\u1edbi \u0111\u01b0\u1ee3c t\u00edch h\u1ee3p trong DMA 8000 c\u00f3 m\u1ee9c \u0111\u1ed9 tu\u00e2n th\u1ee7 t\u1ed1i thi\u1ec3u \u0111\u1ec3 n\u00e2ng cao hi\u1ec7u su\u1ea5t.<\/span><\/li>\n<li><span style=\"color: #000000;\">Ngo\u00e0i ho\u1ea1t \u0111\u1ed9ng \u1edf ch\u1ebf \u0111\u1ed9 \u0111\u1ed9ng, DMA 8000 c\u00f2n cho ph\u00e9p ho\u1ea1t \u0111\u1ed9ng \u1edf \u201cCh\u1ebf \u0111\u1ed9 l\u1ef1c kh\u00f4ng \u0111\u1ed5i (TMA)\u201d theo th\u1eddi gian ho\u1eb7c nhi\u1ec7t \u0111\u1ed9. C\u00e1c \u1ee9ng d\u1ee5ng nh\u01b0 h\u1ec7 s\u1ed1 gi\u00e3n n\u1edf, l\u00e0m m\u1ec1m v\u00e0 xuy\u00ean th\u1ea5u, ho\u1eb7c k\u00e9o d\u00e0i ho\u1eb7c co l\u1ea1i trong h\u00ecnh h\u1ecdc l\u1ef1c c\u0103ng cung c\u1ea5p d\u1eef li\u1ec7u c\u00f3 gi\u00e1 tr\u1ecb t\u01b0\u01a1ng \u0111\u01b0\u01a1ng v\u1edbi nhi\u1ec1u thi\u1ebft b\u1ecb TMA \u0111\u1ed9c l\u1eadp th\u01b0\u01a1ng m\u1ea1i.<\/span><\/li>\n<li><span style=\"color: #000000;\">DMA 8000 \u0111ang s\u1eed d\u1ee5ng h\u1ec7 th\u1ed1ng l\u00e0m m\u00e1t c\u1ef1c k\u1ef3 hi\u1ec7u qu\u1ea3. Thi\u1ebft b\u1ecb c\u00f3 th\u1ec3 l\u00e0m m\u00e1t \u0111\u1ebfn -190 oC trong 15 ph\u00fat s\u1eed d\u1ee5ng \u00edt h\u01a1n 1 l\u00edt nit\u01a1 l\u1ecfng, mang l\u1ea1i hi\u1ec7u su\u1ea5t d\u1eabn \u0111\u1ea7u ng\u00e0nh.<\/span><\/li>\n<li><span style=\"color: #000000;\">T\u00f9y ch\u1ecdn b\u1ec3 ch\u1ea5t l\u1ecfng m\u00f4i tr\u01b0\u1eddng DMA 8000 \u0111\u01b0\u1ee3c thi\u1ebft k\u1ebf nh\u01b0 m\u1ed9t ph\u1ea7n kh\u00f4ng th\u1ec3 thi\u1ebfu c\u1ee7a m\u00e1y ph\u00e2n t\u00edch. Ph\u1ee5 ki\u1ec7n n\u00e0y cho ph\u00e9p nghi\u00ean c\u1ee9u ng\u00e2m th\u1ef1c s\u1ef1 tr\u00ean m\u1eabu trong khi \u0111o c\u00e1c \u0111\u1eb7c t\u00ednh c\u01a1 h\u1ecdc \u0111\u1ed9ng.<\/span><\/li>\n<\/ul>\n<\/div>\n<div class=\"acf-field\">\n<h4><strong><span style=\"color: #000000;\">Specifications <a href=\"https:\/\/www.perkinelmer.com\/product\/dma-8000-analyzer-qtz-window-ssti-clamp-n5330101\">DMA 8000<\/a><\/span><\/strong><\/h4>\n<div class=\"pe_pdp_detatabl\">\n<table id=\"pe_pdp_tab_det\">\n<tbody>\n<tr>\n<th><span style=\"color: #000000;\">Dynamic Range<\/span><\/th>\n<td><span style=\"color: #000000;\">0 to 600 Hz<\/span><\/td>\n<\/tr>\n<tr>\n<th><span style=\"color: #000000;\">Maximum Temperature<\/span><\/th>\n<td><span style=\"color: #000000;\">400 \u00b0C<\/span><\/td>\n<\/tr>\n<tr>\n<th><span style=\"color: #000000;\">Minimum Temperature<\/span><\/th>\n<td><span style=\"color: #000000;\">-190 \u00b0C<\/span><\/td>\n<\/tr>\n<tr>\n<th><span style=\"color: #000000;\">Portable<\/span><\/th>\n<td><span style=\"color: #000000;\">No<\/span><\/td>\n<\/tr>\n<tr>\n<th><span style=\"color: #000000;\">Technology Type<\/span><\/th>\n<td><span style=\"color: #000000;\">Thermal Analysis<\/span><\/td>\n<\/tr>\n<tr>\n<th><span style=\"color: #000000;\">Warranty<\/span><\/th>\n<td><span style=\"color: #000000;\">1 year<\/span><\/td>\n<\/tr>\n<\/tbody>\n<\/table>\n<\/div>\n<\/div>","protected":false},"excerpt":{"rendered":"<p><span style=\"color: #000000;\">M\u00e1y ph\u00e2n t\u00edch c\u01a1 h\u1ecdc \u0111\u1ed9ng DMA 8000 linh ho\u1ea1t v\u00e0 ti\u1ebft ki\u1ec7m chi ph\u00ed. Thi\u1ebft k\u1ebf s\u00e1ng t\u1ea1o, ch\u1ee9c n\u0103ng cao c\u1ea5p v\u00e0 ho\u1ea1t \u0111\u1ed9ng linh ho\u1ea1t khi\u1ebfn n\u00f3 tr\u1edf th\u00e0nh m\u1ed9t c\u00f4ng c\u1ee5 l\u00fd t\u01b0\u1edfng cho nghi\u00ean c\u1ee9u n\u00e2ng cao v\u00e0 ki\u1ec3m tra ch\u1ea5t l\u01b0\u1ee3ng th\u01b0\u1eddng xuy\u00ean trong c\u00e1c ng\u00e0nh c\u00f4ng nghi\u1ec7p polyme, v\u1eadt li\u1ec7u t\u1ed5ng h\u1ee3p, d\u01b0\u1ee3c ph\u1ea9m v\u00e0 th\u1ef1c ph\u1ea9m.<\/span><\/p>","protected":false},"featured_media":1530,"template":"","meta":{"inline_featured_image":false},"product_brand":[29],"product_cat":[115,119],"product_tag":[],"class_list":{"0":"post-1529","1":"product","2":"type-product","3":"status-publish","4":"has-post-thumbnail","6":"product_brand-perkinelmer","7":"product_cat-phan-tich-nhiet","8":"product_cat-thiet-bi-phan-tich-co-nhiet-hoc-tma-va-co-dong-hoc-dma","10":"first","11":"instock","12":"shipping-taxable","13":"product-type-simple"},"yoast_head":"<!-- This site is optimized with the Yoast SEO plugin v24.7 - https:\/\/yoast.com\/wordpress\/plugins\/seo\/ -->\n<title>M\u00e1y ph\u00e2n t\u00edch c\u01a1 h\u1ecdc \u0111\u1ed9ng DMA 8000 - HTI Scientific<\/title>\n<meta name=\"robots\" content=\"index, follow, max-snippet:-1, max-image-preview:large, max-video-preview:-1\" \/>\n<link rel=\"canonical\" href=\"https:\/\/htiscientific.vn\/en\/product\/may-phan-tich-co-hoc-dong-dma-8000\/\" \/>\n<meta property=\"og:locale\" content=\"en_US\" \/>\n<meta property=\"og:type\" content=\"article\" \/>\n<meta property=\"og:title\" content=\"M\u00e1y ph\u00e2n t\u00edch c\u01a1 h\u1ecdc \u0111\u1ed9ng DMA 8000 - HTI Scientific\" \/>\n<meta property=\"og:description\" content=\"M\u00e1y ph\u00e2n t\u00edch c\u01a1 h\u1ecdc \u0111\u1ed9ng DMA 8000 linh ho\u1ea1t v\u00e0 ti\u1ebft ki\u1ec7m chi ph\u00ed. Thi\u1ebft k\u1ebf s\u00e1ng t\u1ea1o, ch\u1ee9c n\u0103ng cao c\u1ea5p v\u00e0 ho\u1ea1t \u0111\u1ed9ng linh ho\u1ea1t khi\u1ebfn n\u00f3 tr\u1edf th\u00e0nh m\u1ed9t c\u00f4ng c\u1ee5 l\u00fd t\u01b0\u1edfng cho nghi\u00ean c\u1ee9u n\u00e2ng cao v\u00e0 ki\u1ec3m tra ch\u1ea5t l\u01b0\u1ee3ng th\u01b0\u1eddng xuy\u00ean trong c\u00e1c ng\u00e0nh c\u00f4ng nghi\u1ec7p polyme, v\u1eadt li\u1ec7u t\u1ed5ng h\u1ee3p, d\u01b0\u1ee3c ph\u1ea9m v\u00e0 th\u1ef1c ph\u1ea9m.\" \/>\n<meta property=\"og:url\" content=\"https:\/\/htiscientific.vn\/en\/product\/may-phan-tich-co-hoc-dong-dma-8000\/\" \/>\n<meta property=\"og:site_name\" content=\"HTI Scientific\" \/>\n<meta property=\"article:publisher\" content=\"https:\/\/www.facebook.com\/htiscientific.vn\" \/>\n<meta property=\"og:image\" content=\"https:\/\/htiscientific.vn\/wp-content\/uploads\/2025\/05\/thiet-ke-chua-co-ten-9.jpg\" \/>\n\t<meta property=\"og:image:width\" content=\"1000\" \/>\n\t<meta property=\"og:image:height\" content=\"1000\" \/>\n\t<meta property=\"og:image:type\" content=\"image\/jpeg\" \/>\n<meta name=\"twitter:card\" content=\"summary_large_image\" \/>\n<meta name=\"twitter:label1\" content=\"Est. reading time\" \/>\n\t<meta name=\"twitter:data1\" content=\"3 minutes\" \/>\n<script type=\"application\/ld+json\" class=\"yoast-schema-graph\">{\"@context\":\"https:\/\/schema.org\",\"@graph\":[{\"@type\":\"WebPage\",\"@id\":\"https:\/\/htiscientific.vn\/san-pham\/may-phan-tich-co-hoc-dong-dma-8000\/\",\"url\":\"https:\/\/htiscientific.vn\/san-pham\/may-phan-tich-co-hoc-dong-dma-8000\/\",\"name\":\"M\u00e1y ph\u00e2n t\u00edch c\u01a1 h\u1ecdc \u0111\u1ed9ng DMA 8000 - HTI Scientific\",\"isPartOf\":{\"@id\":\"https:\/\/htiscientific.vn\/#website\"},\"primaryImageOfPage\":{\"@id\":\"https:\/\/htiscientific.vn\/san-pham\/may-phan-tich-co-hoc-dong-dma-8000\/#primaryimage\"},\"image\":{\"@id\":\"https:\/\/htiscientific.vn\/san-pham\/may-phan-tich-co-hoc-dong-dma-8000\/#primaryimage\"},\"thumbnailUrl\":\"https:\/\/htiscientific.vn\/wp-content\/uploads\/2025\/05\/thiet-ke-chua-co-ten-9.jpg\",\"datePublished\":\"2025-05-30T08:35:05+00:00\",\"breadcrumb\":{\"@id\":\"https:\/\/htiscientific.vn\/san-pham\/may-phan-tich-co-hoc-dong-dma-8000\/#breadcrumb\"},\"inLanguage\":\"en-US\",\"potentialAction\":[{\"@type\":\"ReadAction\",\"target\":[\"https:\/\/htiscientific.vn\/san-pham\/may-phan-tich-co-hoc-dong-dma-8000\/\"]}]},{\"@type\":\"ImageObject\",\"inLanguage\":\"en-US\",\"@id\":\"https:\/\/htiscientific.vn\/san-pham\/may-phan-tich-co-hoc-dong-dma-8000\/#primaryimage\",\"url\":\"https:\/\/htiscientific.vn\/wp-content\/uploads\/2025\/05\/thiet-ke-chua-co-ten-9.jpg\",\"contentUrl\":\"https:\/\/htiscientific.vn\/wp-content\/uploads\/2025\/05\/thiet-ke-chua-co-ten-9.jpg\",\"width\":1000,\"height\":1000,\"caption\":\"DMA 8000\"},{\"@type\":\"BreadcrumbList\",\"@id\":\"https:\/\/htiscientific.vn\/san-pham\/may-phan-tich-co-hoc-dong-dma-8000\/#breadcrumb\",\"itemListElement\":[{\"@type\":\"ListItem\",\"position\":1,\"name\":\"Trang ch\u1ee7\",\"item\":\"https:\/\/htiscientific.vn\/\"},{\"@type\":\"ListItem\",\"position\":2,\"name\":\"C\u1eeda h\u00e0ng\",\"item\":\"https:\/\/htiscientific.vn\/cua-hang\/\"},{\"@type\":\"ListItem\",\"position\":3,\"name\":\"Thi\u1ebft b\u1ecb ph\u00e2n t\u00edch c\u01a1 nhi\u1ec7t h\u1ecdc (TMA) v\u00e0 c\u01a1 \u0111\u1ed9ng h\u1ecdc (DMA)\",\"item\":\"https:\/\/htiscientific.vn\/danh-muc-san-pham\/thiet-bi-phan-tich-co-nhiet-hoc-tma-va-co-dong-hoc-dma\/\"},{\"@type\":\"ListItem\",\"position\":4,\"name\":\"M\u00e1y ph\u00e2n t\u00edch c\u01a1 h\u1ecdc \u0111\u1ed9ng DMA 8000\"}]},{\"@type\":\"WebSite\",\"@id\":\"https:\/\/htiscientific.vn\/#website\",\"url\":\"https:\/\/htiscientific.vn\/\",\"name\":\"HTI Scientific\",\"description\":\"HTI Scientific\",\"publisher\":{\"@id\":\"https:\/\/htiscientific.vn\/#organization\"},\"potentialAction\":[{\"@type\":\"SearchAction\",\"target\":{\"@type\":\"EntryPoint\",\"urlTemplate\":\"https:\/\/htiscientific.vn\/?s={search_term_string}\"},\"query-input\":{\"@type\":\"PropertyValueSpecification\",\"valueRequired\":true,\"valueName\":\"search_term_string\"}}],\"inLanguage\":\"en-US\"},{\"@type\":\"Organization\",\"@id\":\"https:\/\/htiscientific.vn\/#organization\",\"name\":\"HTI Scientific\",\"alternateName\":\"HTI Scientific\",\"url\":\"https:\/\/htiscientific.vn\/\",\"logo\":{\"@type\":\"ImageObject\",\"inLanguage\":\"en-US\",\"@id\":\"https:\/\/htiscientific.vn\/#\/schema\/logo\/image\/\",\"url\":\"https:\/\/htiscientific.vn\/wp-content\/uploads\/2025\/03\/ava-hti-copy.jpg\",\"contentUrl\":\"https:\/\/htiscientific.vn\/wp-content\/uploads\/2025\/03\/ava-hti-copy.jpg\",\"width\":700,\"height\":450,\"caption\":\"HTI Scientific\"},\"image\":{\"@id\":\"https:\/\/htiscientific.vn\/#\/schema\/logo\/image\/\"},\"sameAs\":[\"https:\/\/www.facebook.com\/htiscientific.vn\"]}]}<\/script>\n<!-- \/ Yoast SEO plugin. -->","yoast_head_json":{"title":"M\u00e1y ph\u00e2n t\u00edch c\u01a1 h\u1ecdc \u0111\u1ed9ng DMA 8000 - HTI Scientific","robots":{"index":"index","follow":"follow","max-snippet":"max-snippet:-1","max-image-preview":"max-image-preview:large","max-video-preview":"max-video-preview:-1"},"canonical":"https:\/\/htiscientific.vn\/en\/product\/may-phan-tich-co-hoc-dong-dma-8000\/","og_locale":"en_US","og_type":"article","og_title":"M\u00e1y ph\u00e2n t\u00edch c\u01a1 h\u1ecdc \u0111\u1ed9ng DMA 8000 - HTI Scientific","og_description":"M\u00e1y ph\u00e2n t\u00edch c\u01a1 h\u1ecdc \u0111\u1ed9ng DMA 8000 linh ho\u1ea1t v\u00e0 ti\u1ebft ki\u1ec7m chi ph\u00ed. Thi\u1ebft k\u1ebf s\u00e1ng t\u1ea1o, ch\u1ee9c n\u0103ng cao c\u1ea5p v\u00e0 ho\u1ea1t \u0111\u1ed9ng linh ho\u1ea1t khi\u1ebfn n\u00f3 tr\u1edf th\u00e0nh m\u1ed9t c\u00f4ng c\u1ee5 l\u00fd t\u01b0\u1edfng cho nghi\u00ean c\u1ee9u n\u00e2ng cao v\u00e0 ki\u1ec3m tra ch\u1ea5t l\u01b0\u1ee3ng th\u01b0\u1eddng xuy\u00ean trong c\u00e1c ng\u00e0nh c\u00f4ng nghi\u1ec7p polyme, v\u1eadt li\u1ec7u t\u1ed5ng h\u1ee3p, d\u01b0\u1ee3c ph\u1ea9m v\u00e0 th\u1ef1c ph\u1ea9m.","og_url":"https:\/\/htiscientific.vn\/en\/product\/may-phan-tich-co-hoc-dong-dma-8000\/","og_site_name":"HTI Scientific","article_publisher":"https:\/\/www.facebook.com\/htiscientific.vn","og_image":[{"width":1000,"height":1000,"url":"https:\/\/htiscientific.vn\/wp-content\/uploads\/2025\/05\/thiet-ke-chua-co-ten-9.jpg","type":"image\/jpeg"}],"twitter_card":"summary_large_image","twitter_misc":{"Est. reading time":"3 minutes"},"schema":{"@context":"https:\/\/schema.org","@graph":[{"@type":"WebPage","@id":"https:\/\/htiscientific.vn\/san-pham\/may-phan-tich-co-hoc-dong-dma-8000\/","url":"https:\/\/htiscientific.vn\/san-pham\/may-phan-tich-co-hoc-dong-dma-8000\/","name":"M\u00e1y ph\u00e2n t\u00edch c\u01a1 h\u1ecdc \u0111\u1ed9ng DMA 8000 - HTI Scientific","isPartOf":{"@id":"https:\/\/htiscientific.vn\/#website"},"primaryImageOfPage":{"@id":"https:\/\/htiscientific.vn\/san-pham\/may-phan-tich-co-hoc-dong-dma-8000\/#primaryimage"},"image":{"@id":"https:\/\/htiscientific.vn\/san-pham\/may-phan-tich-co-hoc-dong-dma-8000\/#primaryimage"},"thumbnailUrl":"https:\/\/htiscientific.vn\/wp-content\/uploads\/2025\/05\/thiet-ke-chua-co-ten-9.jpg","datePublished":"2025-05-30T08:35:05+00:00","breadcrumb":{"@id":"https:\/\/htiscientific.vn\/san-pham\/may-phan-tich-co-hoc-dong-dma-8000\/#breadcrumb"},"inLanguage":"en-US","potentialAction":[{"@type":"ReadAction","target":["https:\/\/htiscientific.vn\/san-pham\/may-phan-tich-co-hoc-dong-dma-8000\/"]}]},{"@type":"ImageObject","inLanguage":"en-US","@id":"https:\/\/htiscientific.vn\/san-pham\/may-phan-tich-co-hoc-dong-dma-8000\/#primaryimage","url":"https:\/\/htiscientific.vn\/wp-content\/uploads\/2025\/05\/thiet-ke-chua-co-ten-9.jpg","contentUrl":"https:\/\/htiscientific.vn\/wp-content\/uploads\/2025\/05\/thiet-ke-chua-co-ten-9.jpg","width":1000,"height":1000,"caption":"DMA 8000"},{"@type":"BreadcrumbList","@id":"https:\/\/htiscientific.vn\/san-pham\/may-phan-tich-co-hoc-dong-dma-8000\/#breadcrumb","itemListElement":[{"@type":"ListItem","position":1,"name":"Trang ch\u1ee7","item":"https:\/\/htiscientific.vn\/"},{"@type":"ListItem","position":2,"name":"C\u1eeda h\u00e0ng","item":"https:\/\/htiscientific.vn\/cua-hang\/"},{"@type":"ListItem","position":3,"name":"Thi\u1ebft b\u1ecb ph\u00e2n t\u00edch c\u01a1 nhi\u1ec7t h\u1ecdc (TMA) v\u00e0 c\u01a1 \u0111\u1ed9ng h\u1ecdc (DMA)","item":"https:\/\/htiscientific.vn\/danh-muc-san-pham\/thiet-bi-phan-tich-co-nhiet-hoc-tma-va-co-dong-hoc-dma\/"},{"@type":"ListItem","position":4,"name":"M\u00e1y ph\u00e2n t\u00edch c\u01a1 h\u1ecdc \u0111\u1ed9ng DMA 8000"}]},{"@type":"WebSite","@id":"https:\/\/htiscientific.vn\/#website","url":"https:\/\/htiscientific.vn\/","name":"HTI Scientific","description":"HTI Scientific","publisher":{"@id":"https:\/\/htiscientific.vn\/#organization"},"potentialAction":[{"@type":"SearchAction","target":{"@type":"EntryPoint","urlTemplate":"https:\/\/htiscientific.vn\/?s={search_term_string}"},"query-input":{"@type":"PropertyValueSpecification","valueRequired":true,"valueName":"search_term_string"}}],"inLanguage":"en-US"},{"@type":"Organization","@id":"https:\/\/htiscientific.vn\/#organization","name":"HTI Scientific","alternateName":"HTI Scientific","url":"https:\/\/htiscientific.vn\/","logo":{"@type":"ImageObject","inLanguage":"en-US","@id":"https:\/\/htiscientific.vn\/#\/schema\/logo\/image\/","url":"https:\/\/htiscientific.vn\/wp-content\/uploads\/2025\/03\/ava-hti-copy.jpg","contentUrl":"https:\/\/htiscientific.vn\/wp-content\/uploads\/2025\/03\/ava-hti-copy.jpg","width":700,"height":450,"caption":"HTI Scientific"},"image":{"@id":"https:\/\/htiscientific.vn\/#\/schema\/logo\/image\/"},"sameAs":["https:\/\/www.facebook.com\/htiscientific.vn"]}]}},"_links":{"self":[{"href":"https:\/\/htiscientific.vn\/en\/wp-json\/wp\/v2\/product\/1529","targetHints":{"allow":["GET"]}}],"collection":[{"href":"https:\/\/htiscientific.vn\/en\/wp-json\/wp\/v2\/product"}],"about":[{"href":"https:\/\/htiscientific.vn\/en\/wp-json\/wp\/v2\/types\/product"}],"wp:featuredmedia":[{"embeddable":true,"href":"https:\/\/htiscientific.vn\/en\/wp-json\/wp\/v2\/media\/1530"}],"wp:attachment":[{"href":"https:\/\/htiscientific.vn\/en\/wp-json\/wp\/v2\/media?parent=1529"}],"wp:term":[{"taxonomy":"product_brand","embeddable":true,"href":"https:\/\/htiscientific.vn\/en\/wp-json\/wp\/v2\/product_brand?post=1529"},{"taxonomy":"product_cat","embeddable":true,"href":"https:\/\/htiscientific.vn\/en\/wp-json\/wp\/v2\/product_cat?post=1529"},{"taxonomy":"product_tag","embeddable":true,"href":"https:\/\/htiscientific.vn\/en\/wp-json\/wp\/v2\/product_tag?post=1529"}],"curies":[{"name":"wp","href":"https:\/\/api.w.org\/{rel}","templated":true}]}}