{"id":1526,"date":"2025-05-30T15:28:31","date_gmt":"2025-05-30T08:28:31","guid":{"rendered":"https:\/\/htiscientific.vn\/?post_type=product&#038;p=1526"},"modified":"2025-05-30T15:28:31","modified_gmt":"2025-05-30T08:28:31","slug":"may-phan-tich-co-nhiet-tma-4000","status":"publish","type":"product","link":"https:\/\/htiscientific.vn\/en\/product\/may-phan-tich-co-nhiet-tma-4000\/","title":{"rendered":"M\u00e1y ph\u00e2n t\u00edch c\u01a1 nhi\u1ec7t TMA 4000"},"content":{"rendered":"<div class=\"acf-field\">\n<p><span style=\"color: #000000;\"><a href=\"https:\/\/www.perkinelmer.com\/product\/tma-4000-lab-system-100-230v-l8040000\">M\u00e1y ph\u00e2n t\u00edch c\u01a1 nhi\u1ec7t TMA 4000<\/a> for <a href=\"https:\/\/htiscientific.vn\/en\/hang-san-xuat\/perkinelmer\/\">PerkinElmer<\/a> \u0111\u01b0\u1ee3c thi\u1ebft k\u1ebf \u0111\u1ed9c \u0111\u00e1o \u0111\u1ec3 mang l\u1ea1i hi\u1ec7u su\u1ea5t t\u1ed1i \u01b0u trong vi\u1ec7c \u0111o h\u1ec7 s\u1ed1 gi\u00e3n n\u1edf nhi\u1ec7t (CTE) trong v\u1eadt li\u1ec7u. Thi\u1ebft k\u1ebf ch\u1eafc ch\u1eafn v\u00e0 d\u1ec5 s\u1eed d\u1ee5ng n\u00e0y s\u1eed d\u1ee5ng c\u1ea3 thi\u1ebft b\u1ecb \u0111i\u1ec7n t\u1eed v\u00e0 h\u1ec7 th\u1ed1ng Archimedean \u0111\u1ec3 \u0111i\u1ec1u khi\u1ec3n \u0111\u1ea7u d\u00f2, cho ph\u00e9p x\u00e1c \u0111\u1ecbnh ch\u00ednh x\u00e1c CTE v\u00e0 c\u00e1c chuy\u1ec3n ti\u1ebfp. Trong th\u1eddi \u0111i\u1ec3m ng\u00e2n s\u00e1ch h\u1ea1n ch\u1ebf v\u00e0 nh\u1eefng thay \u0111\u1ed5i v\u1ec1 y\u00eau c\u1ea7u v\u1eadt li\u1ec7u do c\u00e1c quy \u0111\u1ecbnh nh\u01b0 RoHS quy \u0111\u1ecbnh, vi\u1ec7c hi\u1ec3u v\u1eadt li\u1ec7u thay \u0111\u1ed5i nh\u01b0 th\u1ebf n\u00e0o theo nhi\u1ec7t \u0111\u1ed9 l\u00e0 \u0111i\u1ec1u quan tr\u1ecdng h\u01a1n bao gi\u1edd h\u1ebft. C\u00e1c ph\u01b0\u01a1ng ph\u00e1p th\u1eed nghi\u1ec7m TMA hi\u1ec7n \u0111\u01b0\u1ee3c y\u00eau c\u1ea7u trong nhi\u1ec1u ng\u00e0nh v\u00e0 TMA 4000 cung c\u1ea5p cho b\u1ea1n c\u00f4ng c\u1ee5 \u0111\u01b0\u1ee3c thi\u1ebft k\u1ebf \u0111\u1ec3 thu th\u1eadp d\u1eef li\u1ec7u n\u00e0y. D\u1eef li\u1ec7u c\u00f3 th\u1ec3 \u0111\u01b0\u1ee3c thu th\u1eadp t\u1eeb c\u00e1c m\u1eabu \u1edf nhi\u1ec1u d\u1ea1ng v\u1edbi ph\u1ea1m vi \u0111\u1ea7u d\u00f2 c\u1ee7a TMA 4000 bao g\u1ed3m \u0111\u1ed9 gi\u00e3n n\u1edf, \u0111\u1ed9 n\u00e9n, \u0111\u1ed9 u\u1ed1n, \u0111\u1ed9 gi\u00e3n v\u00e0 th\u1ec3 t\u00edch (\u0111o \u0111\u1ed9 gi\u00e3n n\u1edf).<\/span><\/p>\n<\/div>\n<div class=\"acf-field\">\n<h4><span style=\"color: #000000;\">Specifications<\/span><\/h4>\n<div class=\"pe_pdp_detatabl\">\n<table id=\"pe_pdp_tab_det\">\n<tbody>\n<tr>\n<th><span style=\"color: #000000;\">Maximum Temperature<\/span><\/th>\n<td><span style=\"color: #000000;\">800 \u00b0C<\/span><\/td>\n<\/tr>\n<tr>\n<th><span style=\"color: #000000;\">Minimum Temperature<\/span><\/th>\n<td><span style=\"color: #000000;\">-80 \u00b0C<\/span><\/td>\n<\/tr>\n<tr>\n<th><span style=\"color: #000000;\">Portable<\/span><\/th>\n<td><span style=\"color: #000000;\">No<\/span><\/td>\n<\/tr>\n<tr>\n<th><span style=\"color: #000000;\">Technology Type<\/span><\/th>\n<td><span style=\"color: #000000;\">Thermal Analysis<\/span><\/td>\n<\/tr>\n<tr>\n<th><span style=\"color: #000000;\">Warranty<\/span><\/th>\n<td><span style=\"color: #000000;\">1 year<\/span><\/td>\n<\/tr>\n<\/tbody>\n<\/table>\n<\/div>\n<\/div>","protected":false},"excerpt":{"rendered":"<p><span style=\"color: #000000;\">M\u00e1y ph\u00e2n t\u00edch nhi\u1ec7t c\u01a1 h\u1ecdc TMA 4000 \u0111\u01b0\u1ee3c thi\u1ebft k\u1ebf \u0111\u1ed9c \u0111\u00e1o \u0111\u1ec3 mang l\u1ea1i hi\u1ec7u su\u1ea5t t\u1ed1i \u01b0u trong vi\u1ec7c \u0111o h\u1ec7 s\u1ed1 gi\u00e3n n\u1edf nhi\u1ec7t (CTE) trong v\u1eadt li\u1ec7u.<\/span><\/p>","protected":false},"featured_media":1528,"template":"","meta":{"inline_featured_image":false},"product_brand":[29],"product_cat":[115,119],"product_tag":[],"class_list":{"0":"post-1526","1":"product","2":"type-product","3":"status-publish","4":"has-post-thumbnail","6":"product_brand-perkinelmer","7":"product_cat-phan-tich-nhiet","8":"product_cat-thiet-bi-phan-tich-co-nhiet-hoc-tma-va-co-dong-hoc-dma","10":"first","11":"instock","12":"shipping-taxable","13":"product-type-simple"},"yoast_head":"<!-- This site is optimized with the Yoast SEO plugin v24.7 - https:\/\/yoast.com\/wordpress\/plugins\/seo\/ -->\n<title>M\u00e1y ph\u00e2n t\u00edch c\u01a1 nhi\u1ec7t TMA 4000 - HTI Scientific<\/title>\n<meta name=\"description\" content=\"M\u00e1y ph\u00e2n t\u00edch nhi\u1ec7t c\u01a1 h\u1ecdc TMA 4000 \u0111\u01b0\u1ee3c thi\u1ebft k\u1ebf \u0111\u1ed9c \u0111\u00e1o \u0111\u1ec3 mang l\u1ea1i hi\u1ec7u su\u1ea5t t\u1ed1i \u01b0u trong vi\u1ec7c \u0111o h\u1ec7 s\u1ed1 gi\u00e3n n\u1edf nhi\u1ec7t (CTE) trong v\u1eadt li\u1ec7u...\" \/>\n<meta name=\"robots\" content=\"index, follow, max-snippet:-1, max-image-preview:large, max-video-preview:-1\" \/>\n<link rel=\"canonical\" href=\"https:\/\/htiscientific.vn\/en\/product\/may-phan-tich-co-nhiet-tma-4000\/\" \/>\n<meta property=\"og:locale\" content=\"en_US\" \/>\n<meta property=\"og:type\" content=\"article\" \/>\n<meta property=\"og:title\" content=\"M\u00e1y ph\u00e2n t\u00edch c\u01a1 nhi\u1ec7t TMA 4000 - HTI Scientific\" \/>\n<meta property=\"og:description\" content=\"M\u00e1y ph\u00e2n t\u00edch nhi\u1ec7t c\u01a1 h\u1ecdc TMA 4000 \u0111\u01b0\u1ee3c thi\u1ebft k\u1ebf \u0111\u1ed9c \u0111\u00e1o \u0111\u1ec3 mang l\u1ea1i hi\u1ec7u su\u1ea5t t\u1ed1i \u01b0u trong vi\u1ec7c \u0111o h\u1ec7 s\u1ed1 gi\u00e3n n\u1edf nhi\u1ec7t (CTE) trong v\u1eadt li\u1ec7u...\" \/>\n<meta property=\"og:url\" content=\"https:\/\/htiscientific.vn\/en\/product\/may-phan-tich-co-nhiet-tma-4000\/\" \/>\n<meta property=\"og:site_name\" content=\"HTI Scientific\" \/>\n<meta property=\"article:publisher\" content=\"https:\/\/www.facebook.com\/htiscientific.vn\" \/>\n<meta property=\"og:image\" content=\"https:\/\/htiscientific.vn\/wp-content\/uploads\/2025\/05\/thiet-ke-chua-co-ten-8.jpg\" \/>\n\t<meta property=\"og:image:width\" content=\"1000\" \/>\n\t<meta property=\"og:image:height\" content=\"1000\" \/>\n\t<meta property=\"og:image:type\" content=\"image\/jpeg\" \/>\n<meta name=\"twitter:card\" content=\"summary_large_image\" \/>\n<meta name=\"twitter:label1\" content=\"Est. reading time\" \/>\n\t<meta name=\"twitter:data1\" content=\"2 minutes\" \/>\n<script type=\"application\/ld+json\" class=\"yoast-schema-graph\">{\"@context\":\"https:\/\/schema.org\",\"@graph\":[{\"@type\":\"WebPage\",\"@id\":\"https:\/\/htiscientific.vn\/san-pham\/may-phan-tich-co-nhiet-tma-4000\/\",\"url\":\"https:\/\/htiscientific.vn\/san-pham\/may-phan-tich-co-nhiet-tma-4000\/\",\"name\":\"M\u00e1y ph\u00e2n t\u00edch c\u01a1 nhi\u1ec7t TMA 4000 - HTI Scientific\",\"isPartOf\":{\"@id\":\"https:\/\/htiscientific.vn\/#website\"},\"primaryImageOfPage\":{\"@id\":\"https:\/\/htiscientific.vn\/san-pham\/may-phan-tich-co-nhiet-tma-4000\/#primaryimage\"},\"image\":{\"@id\":\"https:\/\/htiscientific.vn\/san-pham\/may-phan-tich-co-nhiet-tma-4000\/#primaryimage\"},\"thumbnailUrl\":\"https:\/\/htiscientific.vn\/wp-content\/uploads\/2025\/05\/thiet-ke-chua-co-ten-8.jpg\",\"datePublished\":\"2025-05-30T08:28:31+00:00\",\"description\":\"M\u00e1y ph\u00e2n t\u00edch nhi\u1ec7t c\u01a1 h\u1ecdc TMA 4000 \u0111\u01b0\u1ee3c thi\u1ebft k\u1ebf \u0111\u1ed9c \u0111\u00e1o \u0111\u1ec3 mang l\u1ea1i hi\u1ec7u su\u1ea5t t\u1ed1i \u01b0u trong vi\u1ec7c \u0111o h\u1ec7 s\u1ed1 gi\u00e3n n\u1edf nhi\u1ec7t (CTE) trong v\u1eadt li\u1ec7u...\",\"breadcrumb\":{\"@id\":\"https:\/\/htiscientific.vn\/san-pham\/may-phan-tich-co-nhiet-tma-4000\/#breadcrumb\"},\"inLanguage\":\"en-US\",\"potentialAction\":[{\"@type\":\"ReadAction\",\"target\":[\"https:\/\/htiscientific.vn\/san-pham\/may-phan-tich-co-nhiet-tma-4000\/\"]}]},{\"@type\":\"ImageObject\",\"inLanguage\":\"en-US\",\"@id\":\"https:\/\/htiscientific.vn\/san-pham\/may-phan-tich-co-nhiet-tma-4000\/#primaryimage\",\"url\":\"https:\/\/htiscientific.vn\/wp-content\/uploads\/2025\/05\/thiet-ke-chua-co-ten-8.jpg\",\"contentUrl\":\"https:\/\/htiscientific.vn\/wp-content\/uploads\/2025\/05\/thiet-ke-chua-co-ten-8.jpg\",\"width\":1000,\"height\":1000,\"caption\":\"TMA 4000\"},{\"@type\":\"BreadcrumbList\",\"@id\":\"https:\/\/htiscientific.vn\/san-pham\/may-phan-tich-co-nhiet-tma-4000\/#breadcrumb\",\"itemListElement\":[{\"@type\":\"ListItem\",\"position\":1,\"name\":\"Trang ch\u1ee7\",\"item\":\"https:\/\/htiscientific.vn\/\"},{\"@type\":\"ListItem\",\"position\":2,\"name\":\"C\u1eeda h\u00e0ng\",\"item\":\"https:\/\/htiscientific.vn\/cua-hang\/\"},{\"@type\":\"ListItem\",\"position\":3,\"name\":\"Ph\u00e2n t\u00edch Nhi\u1ec7t\",\"item\":\"https:\/\/htiscientific.vn\/danh-muc-san-pham\/phan-tich-nhiet\/\"},{\"@type\":\"ListItem\",\"position\":4,\"name\":\"M\u00e1y ph\u00e2n t\u00edch c\u01a1 nhi\u1ec7t TMA 4000\"}]},{\"@type\":\"WebSite\",\"@id\":\"https:\/\/htiscientific.vn\/#website\",\"url\":\"https:\/\/htiscientific.vn\/\",\"name\":\"HTI Scientific\",\"description\":\"HTI Scientific\",\"publisher\":{\"@id\":\"https:\/\/htiscientific.vn\/#organization\"},\"potentialAction\":[{\"@type\":\"SearchAction\",\"target\":{\"@type\":\"EntryPoint\",\"urlTemplate\":\"https:\/\/htiscientific.vn\/?s={search_term_string}\"},\"query-input\":{\"@type\":\"PropertyValueSpecification\",\"valueRequired\":true,\"valueName\":\"search_term_string\"}}],\"inLanguage\":\"en-US\"},{\"@type\":\"Organization\",\"@id\":\"https:\/\/htiscientific.vn\/#organization\",\"name\":\"HTI Scientific\",\"alternateName\":\"HTI Scientific\",\"url\":\"https:\/\/htiscientific.vn\/\",\"logo\":{\"@type\":\"ImageObject\",\"inLanguage\":\"en-US\",\"@id\":\"https:\/\/htiscientific.vn\/#\/schema\/logo\/image\/\",\"url\":\"https:\/\/htiscientific.vn\/wp-content\/uploads\/2025\/03\/ava-hti-copy.jpg\",\"contentUrl\":\"https:\/\/htiscientific.vn\/wp-content\/uploads\/2025\/03\/ava-hti-copy.jpg\",\"width\":700,\"height\":450,\"caption\":\"HTI Scientific\"},\"image\":{\"@id\":\"https:\/\/htiscientific.vn\/#\/schema\/logo\/image\/\"},\"sameAs\":[\"https:\/\/www.facebook.com\/htiscientific.vn\"]}]}<\/script>\n<!-- \/ Yoast SEO plugin. -->","yoast_head_json":{"title":"M\u00e1y ph\u00e2n t\u00edch c\u01a1 nhi\u1ec7t TMA 4000 - HTI Scientific","description":"M\u00e1y ph\u00e2n t\u00edch nhi\u1ec7t c\u01a1 h\u1ecdc TMA 4000 \u0111\u01b0\u1ee3c thi\u1ebft k\u1ebf \u0111\u1ed9c \u0111\u00e1o \u0111\u1ec3 mang l\u1ea1i hi\u1ec7u su\u1ea5t t\u1ed1i \u01b0u trong vi\u1ec7c \u0111o h\u1ec7 s\u1ed1 gi\u00e3n n\u1edf nhi\u1ec7t (CTE) trong v\u1eadt li\u1ec7u...","robots":{"index":"index","follow":"follow","max-snippet":"max-snippet:-1","max-image-preview":"max-image-preview:large","max-video-preview":"max-video-preview:-1"},"canonical":"https:\/\/htiscientific.vn\/en\/product\/may-phan-tich-co-nhiet-tma-4000\/","og_locale":"en_US","og_type":"article","og_title":"M\u00e1y ph\u00e2n t\u00edch c\u01a1 nhi\u1ec7t TMA 4000 - HTI Scientific","og_description":"M\u00e1y ph\u00e2n t\u00edch nhi\u1ec7t c\u01a1 h\u1ecdc TMA 4000 \u0111\u01b0\u1ee3c thi\u1ebft k\u1ebf \u0111\u1ed9c \u0111\u00e1o \u0111\u1ec3 mang l\u1ea1i hi\u1ec7u su\u1ea5t t\u1ed1i \u01b0u trong vi\u1ec7c \u0111o h\u1ec7 s\u1ed1 gi\u00e3n n\u1edf nhi\u1ec7t (CTE) trong v\u1eadt li\u1ec7u...","og_url":"https:\/\/htiscientific.vn\/en\/product\/may-phan-tich-co-nhiet-tma-4000\/","og_site_name":"HTI Scientific","article_publisher":"https:\/\/www.facebook.com\/htiscientific.vn","og_image":[{"width":1000,"height":1000,"url":"https:\/\/htiscientific.vn\/wp-content\/uploads\/2025\/05\/thiet-ke-chua-co-ten-8.jpg","type":"image\/jpeg"}],"twitter_card":"summary_large_image","twitter_misc":{"Est. reading time":"2 minutes"},"schema":{"@context":"https:\/\/schema.org","@graph":[{"@type":"WebPage","@id":"https:\/\/htiscientific.vn\/san-pham\/may-phan-tich-co-nhiet-tma-4000\/","url":"https:\/\/htiscientific.vn\/san-pham\/may-phan-tich-co-nhiet-tma-4000\/","name":"M\u00e1y ph\u00e2n t\u00edch c\u01a1 nhi\u1ec7t TMA 4000 - HTI Scientific","isPartOf":{"@id":"https:\/\/htiscientific.vn\/#website"},"primaryImageOfPage":{"@id":"https:\/\/htiscientific.vn\/san-pham\/may-phan-tich-co-nhiet-tma-4000\/#primaryimage"},"image":{"@id":"https:\/\/htiscientific.vn\/san-pham\/may-phan-tich-co-nhiet-tma-4000\/#primaryimage"},"thumbnailUrl":"https:\/\/htiscientific.vn\/wp-content\/uploads\/2025\/05\/thiet-ke-chua-co-ten-8.jpg","datePublished":"2025-05-30T08:28:31+00:00","description":"M\u00e1y ph\u00e2n t\u00edch nhi\u1ec7t c\u01a1 h\u1ecdc TMA 4000 \u0111\u01b0\u1ee3c thi\u1ebft k\u1ebf \u0111\u1ed9c \u0111\u00e1o \u0111\u1ec3 mang l\u1ea1i hi\u1ec7u su\u1ea5t t\u1ed1i \u01b0u trong vi\u1ec7c \u0111o h\u1ec7 s\u1ed1 gi\u00e3n n\u1edf nhi\u1ec7t (CTE) trong v\u1eadt li\u1ec7u...","breadcrumb":{"@id":"https:\/\/htiscientific.vn\/san-pham\/may-phan-tich-co-nhiet-tma-4000\/#breadcrumb"},"inLanguage":"en-US","potentialAction":[{"@type":"ReadAction","target":["https:\/\/htiscientific.vn\/san-pham\/may-phan-tich-co-nhiet-tma-4000\/"]}]},{"@type":"ImageObject","inLanguage":"en-US","@id":"https:\/\/htiscientific.vn\/san-pham\/may-phan-tich-co-nhiet-tma-4000\/#primaryimage","url":"https:\/\/htiscientific.vn\/wp-content\/uploads\/2025\/05\/thiet-ke-chua-co-ten-8.jpg","contentUrl":"https:\/\/htiscientific.vn\/wp-content\/uploads\/2025\/05\/thiet-ke-chua-co-ten-8.jpg","width":1000,"height":1000,"caption":"TMA 4000"},{"@type":"BreadcrumbList","@id":"https:\/\/htiscientific.vn\/san-pham\/may-phan-tich-co-nhiet-tma-4000\/#breadcrumb","itemListElement":[{"@type":"ListItem","position":1,"name":"Trang ch\u1ee7","item":"https:\/\/htiscientific.vn\/"},{"@type":"ListItem","position":2,"name":"C\u1eeda h\u00e0ng","item":"https:\/\/htiscientific.vn\/cua-hang\/"},{"@type":"ListItem","position":3,"name":"Ph\u00e2n t\u00edch Nhi\u1ec7t","item":"https:\/\/htiscientific.vn\/danh-muc-san-pham\/phan-tich-nhiet\/"},{"@type":"ListItem","position":4,"name":"M\u00e1y ph\u00e2n t\u00edch c\u01a1 nhi\u1ec7t TMA 4000"}]},{"@type":"WebSite","@id":"https:\/\/htiscientific.vn\/#website","url":"https:\/\/htiscientific.vn\/","name":"HTI Scientific","description":"HTI Scientific","publisher":{"@id":"https:\/\/htiscientific.vn\/#organization"},"potentialAction":[{"@type":"SearchAction","target":{"@type":"EntryPoint","urlTemplate":"https:\/\/htiscientific.vn\/?s={search_term_string}"},"query-input":{"@type":"PropertyValueSpecification","valueRequired":true,"valueName":"search_term_string"}}],"inLanguage":"en-US"},{"@type":"Organization","@id":"https:\/\/htiscientific.vn\/#organization","name":"HTI Scientific","alternateName":"HTI Scientific","url":"https:\/\/htiscientific.vn\/","logo":{"@type":"ImageObject","inLanguage":"en-US","@id":"https:\/\/htiscientific.vn\/#\/schema\/logo\/image\/","url":"https:\/\/htiscientific.vn\/wp-content\/uploads\/2025\/03\/ava-hti-copy.jpg","contentUrl":"https:\/\/htiscientific.vn\/wp-content\/uploads\/2025\/03\/ava-hti-copy.jpg","width":700,"height":450,"caption":"HTI Scientific"},"image":{"@id":"https:\/\/htiscientific.vn\/#\/schema\/logo\/image\/"},"sameAs":["https:\/\/www.facebook.com\/htiscientific.vn"]}]}},"_links":{"self":[{"href":"https:\/\/htiscientific.vn\/en\/wp-json\/wp\/v2\/product\/1526","targetHints":{"allow":["GET"]}}],"collection":[{"href":"https:\/\/htiscientific.vn\/en\/wp-json\/wp\/v2\/product"}],"about":[{"href":"https:\/\/htiscientific.vn\/en\/wp-json\/wp\/v2\/types\/product"}],"wp:featuredmedia":[{"embeddable":true,"href":"https:\/\/htiscientific.vn\/en\/wp-json\/wp\/v2\/media\/1528"}],"wp:attachment":[{"href":"https:\/\/htiscientific.vn\/en\/wp-json\/wp\/v2\/media?parent=1526"}],"wp:term":[{"taxonomy":"product_brand","embeddable":true,"href":"https:\/\/htiscientific.vn\/en\/wp-json\/wp\/v2\/product_brand?post=1526"},{"taxonomy":"product_cat","embeddable":true,"href":"https:\/\/htiscientific.vn\/en\/wp-json\/wp\/v2\/product_cat?post=1526"},{"taxonomy":"product_tag","embeddable":true,"href":"https:\/\/htiscientific.vn\/en\/wp-json\/wp\/v2\/product_tag?post=1526"}],"curies":[{"name":"wp","href":"https:\/\/api.w.org\/{rel}","templated":true}]}}