{"id":1522,"date":"2025-05-30T15:19:17","date_gmt":"2025-05-30T08:19:17","guid":{"rendered":"https:\/\/htiscientific.vn\/?post_type=product&#038;p=1522"},"modified":"2025-05-30T15:19:17","modified_gmt":"2025-05-30T08:19:17","slug":"may-phan-tich-nhiet-trong-luong-tga-8000","status":"publish","type":"product","link":"https:\/\/htiscientific.vn\/en\/product\/may-phan-tich-nhiet-trong-luong-tga-8000\/","title":{"rendered":"M\u00e1y ph\u00e2n t\u00edch nhi\u1ec7t tr\u1ecdng l\u01b0\u1ee3ng TGA 8000"},"content":{"rendered":"<p><span style=\"color: #000000;\">M\u00e1y ph\u00e2n t\u00edch nhi\u1ec7t tr\u1ecdng l\u01b0\u1ee3ng TGA 8000 mang \u0111\u1ebfn cho b\u1ea1n s\u1ef1 t\u1ef1 tin nh\u1edd kh\u1ea3 n\u0103ng ki\u1ec3m so\u00e1t ho\u00e0n to\u00e0n m\u00f4i tr\u01b0\u1eddng m\u1eabu, c\u1ea3 nhi\u1ec7t \u0111\u1ed9 v\u00e0 kh\u00ed. H\u1ec7 th\u1ed1ng ki\u1ec3m so\u00e1t nhi\u1ec7t \u0111\u1ed9 l\u00f2 t\u1ea1o ra ph\u1ea1m vi nhi\u1ec7t \u0111\u1ed9 hi\u1ec7u qu\u1ea3 r\u1ed9ng \u2013 t\u1eeb nhi\u1ec7t \u0111\u1ed9 d\u01b0\u1edbi m\u00f4i tr\u01b0\u1eddng xung quanh \u0111\u1ebfn 1.200 \u00b0C. H\u1ec7 th\u1ed1ng cung c\u1ea5p t\u1ed1c \u0111\u1ed9 gia nhi\u1ec7t t\u1eeb 0,1 \u00b0C \u0111\u1ebfn 500 \u00b0C\/ph\u00fat \u0111\u1ec3 \u0111\u00e1p \u1ee9ng ph\u1ea1m vi \u1ee9ng d\u1ee5ng r\u1ed9ng nh\u1ea5t, \u0111\u1ed3ng th\u1eddi h\u1ec7 th\u1ed1ng l\u00e0m m\u00e1t b\u1eb1ng kh\u00f4ng kh\u00ed c\u01b0\u1ee1ng b\u1ee9c v\u00e0 kh\u1ed1i l\u01b0\u1ee3ng th\u1ea5p cho ph\u00e9p h\u1ec7 th\u1ed1ng ngu\u1ed9i nhanh ch\u00f3ng \u0111\u1ec3 quay v\u00f2ng m\u1eabu nhanh. \u0110\u1ed1i v\u1edbi m\u00f4i tr\u01b0\u1eddng kh\u00ed m\u1eabu, h\u1ec7 th\u1ed1ng cung c\u1ea5p hai b\u1ed9 \u0111i\u1ec1u khi\u1ec3n l\u01b0u l\u01b0\u1ee3ng kh\u1ed1i t\u00edch h\u1ee3p \u0111\u1ec3 c\u00e2n b\u1eb1ng v\u00e0 l\u00e0m s\u1ea1ch m\u1eabu. Vi\u1ec7c chuy\u1ec3n \u0111\u1ed5i kh\u00ed t\u00edch h\u1ee3p t\u1eeb ph\u1ea7n m\u1ec1m Pyris\u2122 gi\u00fap vi\u1ec7c chuy\u1ec3n \u0111\u1ed5i tr\u1edf n\u00ean d\u1ec5 d\u00e0ng, trong khi vi\u1ec7c tr\u1ed9n kh\u00ed t\u00f9y ch\u1ecdn cho ph\u00e9p tr\u1ed9n t\u1ed1i \u0111a ba lo\u1ea1i kh\u00ed ph\u1ea3n \u1ee9ng, v\u1edbi kh\u1ea3 n\u0103ng ph\u00e2n ph\u1ed1i tr\u1ef1c ti\u1ebfp \u0111\u1ebfn khu v\u1ef1c m\u1eabu.<\/span><\/p>\n<h3><span style=\"color: #000000;\"><strong>Ho\u00e0n h\u1ea3o cho ho\u1ea1t \u0111\u1ed9ng kh\u00f4ng c\u1ea7n gi\u00e1m s\u00e1t<\/strong><\/span><\/h3>\n<p><span style=\"color: #000000;\">Trong m\u00f4i tr\u01b0\u1eddng ph\u00f2ng th\u00ed nghi\u1ec7m b\u1ecb h\u1ea1n ch\u1ebf v\u1ec1 ng\u00e2n s\u00e1ch ng\u00e0y nay, to\u00e0n b\u1ed9 nh\u00e2n vi\u00ean c\u1ee7a b\u1ea1n \u0111\u01b0\u1ee3c y\u00eau c\u1ea7u th\u1ef1c hi\u1ec7n c\u00e1c \u0111\u1eb7c t\u00ednh ph\u1ee9c t\u1ea1p \u2013 v\u00ec v\u1eady nhu c\u1ea7u v\u1ec1 thi\u1ebft b\u1ecb \u0111\u01a1n gi\u1ea3n, d\u1ec5 s\u1eed d\u1ee5ng ch\u01b0a bao gi\u1edd l\u1edbn h\u01a1n th\u1ebf. B\u1ed9 l\u1ea5y m\u1eabu t\u1ef1 \u0111\u1ed9ng 48 v\u1ecb tr\u00ed \u0111\u01b0\u1ee3c thi\u1ebft k\u1ebf m\u1edbi c\u1ee7a ch\u00fang t\u00f4i \u0111\u01a1n gi\u1ea3n l\u00e0 h\u1ec7 th\u1ed1ng t\u1ed1t nh\u1ea5t trong ng\u00e0nh \u2013 h\u1ec7 th\u1ed1ng ho\u00e0n h\u1ea3o \u0111\u1ec3 t\u1ef1 \u0111\u1ed9ng n\u1ea1p m\u1eabu \u0111\u01a1n ho\u1eb7c \u0111\u1ec3 ph\u00e2n t\u00edch nhi\u1ec1u m\u1eabu qua \u0111\u00eam. B\u1ed9 l\u1ea5y m\u1eabu t\u1ef1 \u0111\u1ed9ng \u0111ang ch\u1edd c\u1ea5p b\u1eb1ng s\u00e1ng ch\u1ebf n\u00e0y ho\u1ea1t \u0111\u1ed9ng li\u1ec1n m\u1ea1ch v\u1edbi ph\u1ee5 ki\u1ec7n Accupik d\u00f9ng \u0111\u1ec3 ki\u1ec3m tra c\u00e1c m\u1eabu n\u01b0\u1edbc ho\u1eb7c m\u1eabu d\u1ec5 bay h\u01a1i, c\u0169ng nh\u01b0 v\u1edbi d\u00e3y ph\u1ee5 ki\u1ec7n c\u00f3 g\u1ea1ch n\u1ed1i to\u00e0n di\u1ec7n c\u1ee7a ch\u00fang t\u00f4i.<\/span><\/p>\n<h3><span style=\"color: #000000;\"><strong>S\u1ef1 ph\u00e1t tri\u1ec3n c\u1ee7a d\u1ea5u g\u1ea1ch n\u1ed1i<\/strong><\/span><\/h3>\n<p><span style=\"color: #000000;\">Kh\u00f4ng gi\u1ed1ng nh\u01b0 t\u1ea5t c\u1ea3 c\u00e1c h\u1ec7 th\u1ed1ng kh\u00e1c, TGA 8000 \u0111\u01b0\u1ee3c thi\u1ebft k\u1ebf ngay t\u1eeb \u0111\u1ea7u \u0111\u1ec3 g\u1ea1ch n\u1ed1i, cho ph\u00e9p b\u1ea1n t\u0103ng kh\u1ea3 n\u0103ng ph\u00e2n t\u00edch b\u1eb1ng c\u00e1c k\u1ef9 thu\u1eadt gh\u00e9p n\u1ed1i nh\u01b0 FT-IR, MS, GC\/MS, v.v. Ch\u00fang t\u00f4i l\u00e0 nh\u00e0 cung c\u1ea5p duy nh\u1ea5t c\u00f3 th\u1ec3 cung c\u1ea5p m\u1ecdi th\u1ee9 b\u1ea1n c\u1ea7n \u0111\u1ec3 hi\u1ec3u v\u00e0 tri\u1ec3n khai gi\u1ea3i ph\u00e1p g\u1ea1ch n\u1ed1i ho\u00e0n ch\u1ec9nh cho ph\u00f2ng th\u00ed nghi\u1ec7m c\u1ee7a b\u1ea1n, bao g\u1ed3m c\u00e1c thi\u1ebft b\u1ecb, d\u1ecbch v\u1ee5 v\u00e0 h\u1ed7 tr\u1ee3. V\u00e0 trong khi c\u00e1c nh\u00e0 cung c\u1ea5p kh\u00e1c ph\u1ee5 thu\u1ed9c v\u00e0o b\u00ean th\u1ee9 ba \u0111\u1ec3 ho\u00e0n thi\u1ec7n gi\u1ea3i ph\u00e1p g\u1ea1ch n\u1ed1i cho b\u1ea1n, ch\u00fang t\u00f4i cung c\u1ea5p to\u00e0n b\u1ed9 h\u1ec7 th\u1ed1ng g\u1ea1ch n\u1ed1i \u0111\u00e1p \u1ee9ng ch\u00ednh x\u00e1c nhu c\u1ea7u c\u1ee7a b\u1ea1n.<\/span><\/p>\n<h3><span style=\"color: #000000;\"><strong>C\u00e1c \u1ee9ng d\u1ee5ng:<\/strong><\/span><\/h3>\n<ul>\n<li><span style=\"color: #000000;\">S\u1ef1 ph\u00e2n h\u1ee7y v\u00e0 \u1ed5n \u0111\u1ecbnh nhi\u1ec7t<\/span><\/li>\n<li><span style=\"color: #000000;\">Nh\u1eadn d\u1ea1ng v\u00e0 \u0111\u1ecbnh l\u01b0\u1ee3ng th\u00e0nh ph\u1ea7n<\/span><\/li>\n<li><span style=\"color: #000000;\">S\u1ef1 ph\u00e1t tri\u1ec3n v\u00e0 nh\u1eadn d\u1ea1ng \u0111\u1ed9 \u1ea9m\/dung m\u00f4i<\/span><\/li>\n<li><span style=\"color: #000000;\">\u0110\u1ed9ng h\u1ecdc ph\u1ea3n \u1ee9ng v\u00e0 m\u00f4 h\u00ecnh h\u00f3a<\/span><\/li>\n<li><span style=\"color: #000000;\">\u0110\u1ed1t ch\u00e1y<\/span><\/li>\n<li><span style=\"color: #000000;\">N\u0103ng su\u1ea5t g\u1ed1m<\/span><\/li>\n<li><span style=\"color: #000000;\">\u1ed4n \u0111\u1ecbnh nhi\u1ec7t<\/span><\/li>\n<li><span style=\"color: #000000;\">Qu\u00e1 tr\u00ecnh oxy h\u00f3a<\/span><\/li>\n<\/ul>","protected":false},"excerpt":{"rendered":"<p><span style=\"color: #000000;\">M\u00e1y ph\u00e2n t\u00edch nhi\u1ec7t tr\u1ecdng l\u01b0\u1ee3ng TGA 8000\u2122\u00a0 mang l\u1ea1i cho b\u1ea1n kh\u1ea3 n\u0103ng ki\u1ec3m so\u00e1t ho\u00e0n to\u00e0n m\u00f4i tr\u01b0\u1eddng m\u1eabu v\u00e0 mang l\u1ea1i th\u00f4ng l\u01b0\u1ee3ng v\u00e0 \u0111\u1ed9 tin c\u1eady cao, ngay c\u1ea3 khi kh\u00f4ng c\u1ea7n gi\u00e1m s\u00e1t. Ngo\u00e0i ra, c\u00f4ng ngh\u1ec7 g\u1ea1ch n\u1ed1i ti\u00ean ti\u1ebfn ho\u1ea1t \u0111\u1ed9ng hi\u1ec7u qu\u1ea3 v\u1edbi FT-IR, MS, GC\/MS v\u00e0 c\u00e1c h\u1ec7 th\u1ed1ng kh\u00e1c \u0111\u1ec3 hi\u1ec3u r\u00f5 h\u01a1n v\u1ec1 c\u00e1c lo\u1ea1i kh\u00ed ph\u00e1t tri\u1ec3n.\u00a0<\/span><\/p>","protected":false},"featured_media":1524,"template":"","meta":{"inline_featured_image":false},"product_brand":[29],"product_cat":[115,118],"product_tag":[],"class_list":{"0":"post-1522","1":"product","2":"type-product","3":"status-publish","4":"has-post-thumbnail","6":"product_brand-perkinelmer","7":"product_cat-phan-tich-nhiet","8":"product_cat-phan-tich-nhiet-trong-truong-tga","10":"first","11":"instock","12":"shipping-taxable","13":"product-type-simple"},"yoast_head":"<!-- This site is optimized with the Yoast SEO plugin v24.7 - https:\/\/yoast.com\/wordpress\/plugins\/seo\/ -->\n<title>M\u00e1y ph\u00e2n t\u00edch nhi\u1ec7t tr\u1ecdng l\u01b0\u1ee3ng TGA 8000 - HTI Scientific<\/title>\n<meta name=\"description\" content=\"M\u00e1y ph\u00e2n t\u00edch nhi\u1ec7t tr\u1ecdng l\u01b0\u1ee3ng TGA 8000\u00a0 mang l\u1ea1i cho b\u1ea1n kh\u1ea3 n\u0103ng ki\u1ec3m so\u00e1t ho\u00e0n to\u00e0n m\u00f4i tr\u01b0\u1eddng m\u1eabu v\u00e0 mang l\u1ea1i th\u00f4ng l\u01b0\u1ee3ng v\u00e0 \u0111\u1ed9 tin c\u1eady cao...\" \/>\n<meta name=\"robots\" content=\"index, follow, max-snippet:-1, max-image-preview:large, max-video-preview:-1\" \/>\n<link rel=\"canonical\" href=\"https:\/\/htiscientific.vn\/en\/product\/may-phan-tich-nhiet-trong-luong-tga-8000\/\" \/>\n<meta property=\"og:locale\" content=\"en_US\" \/>\n<meta property=\"og:type\" content=\"article\" \/>\n<meta property=\"og:title\" content=\"M\u00e1y ph\u00e2n t\u00edch nhi\u1ec7t tr\u1ecdng l\u01b0\u1ee3ng TGA 8000 - HTI Scientific\" \/>\n<meta property=\"og:description\" content=\"M\u00e1y ph\u00e2n t\u00edch nhi\u1ec7t tr\u1ecdng l\u01b0\u1ee3ng TGA 8000\u00a0 mang l\u1ea1i cho b\u1ea1n kh\u1ea3 n\u0103ng ki\u1ec3m so\u00e1t ho\u00e0n to\u00e0n m\u00f4i tr\u01b0\u1eddng m\u1eabu v\u00e0 mang l\u1ea1i th\u00f4ng l\u01b0\u1ee3ng v\u00e0 \u0111\u1ed9 tin c\u1eady cao...\" \/>\n<meta property=\"og:url\" content=\"https:\/\/htiscientific.vn\/en\/product\/may-phan-tich-nhiet-trong-luong-tga-8000\/\" \/>\n<meta property=\"og:site_name\" content=\"HTI Scientific\" \/>\n<meta property=\"article:publisher\" content=\"https:\/\/www.facebook.com\/htiscientific.vn\" \/>\n<meta property=\"og:image\" content=\"https:\/\/htiscientific.vn\/wp-content\/uploads\/2025\/05\/thiet-ke-chua-co-ten-6.jpg\" \/>\n\t<meta property=\"og:image:width\" content=\"1000\" \/>\n\t<meta property=\"og:image:height\" content=\"1000\" \/>\n\t<meta property=\"og:image:type\" content=\"image\/jpeg\" \/>\n<meta name=\"twitter:card\" content=\"summary_large_image\" \/>\n<meta name=\"twitter:label1\" content=\"Est. reading time\" \/>\n\t<meta name=\"twitter:data1\" content=\"3 minutes\" \/>\n<script type=\"application\/ld+json\" class=\"yoast-schema-graph\">{\"@context\":\"https:\/\/schema.org\",\"@graph\":[{\"@type\":\"WebPage\",\"@id\":\"https:\/\/htiscientific.vn\/san-pham\/may-phan-tich-nhiet-trong-luong-tga-8000\/\",\"url\":\"https:\/\/htiscientific.vn\/san-pham\/may-phan-tich-nhiet-trong-luong-tga-8000\/\",\"name\":\"M\u00e1y ph\u00e2n t\u00edch nhi\u1ec7t tr\u1ecdng l\u01b0\u1ee3ng TGA 8000 - HTI Scientific\",\"isPartOf\":{\"@id\":\"https:\/\/htiscientific.vn\/#website\"},\"primaryImageOfPage\":{\"@id\":\"https:\/\/htiscientific.vn\/san-pham\/may-phan-tich-nhiet-trong-luong-tga-8000\/#primaryimage\"},\"image\":{\"@id\":\"https:\/\/htiscientific.vn\/san-pham\/may-phan-tich-nhiet-trong-luong-tga-8000\/#primaryimage\"},\"thumbnailUrl\":\"https:\/\/htiscientific.vn\/wp-content\/uploads\/2025\/05\/thiet-ke-chua-co-ten-6.jpg\",\"datePublished\":\"2025-05-30T08:19:17+00:00\",\"description\":\"M\u00e1y ph\u00e2n t\u00edch nhi\u1ec7t tr\u1ecdng l\u01b0\u1ee3ng TGA 8000\u00a0 mang l\u1ea1i cho b\u1ea1n kh\u1ea3 n\u0103ng ki\u1ec3m so\u00e1t ho\u00e0n to\u00e0n m\u00f4i tr\u01b0\u1eddng m\u1eabu v\u00e0 mang l\u1ea1i th\u00f4ng l\u01b0\u1ee3ng v\u00e0 \u0111\u1ed9 tin c\u1eady cao...\",\"breadcrumb\":{\"@id\":\"https:\/\/htiscientific.vn\/san-pham\/may-phan-tich-nhiet-trong-luong-tga-8000\/#breadcrumb\"},\"inLanguage\":\"en-US\",\"potentialAction\":[{\"@type\":\"ReadAction\",\"target\":[\"https:\/\/htiscientific.vn\/san-pham\/may-phan-tich-nhiet-trong-luong-tga-8000\/\"]}]},{\"@type\":\"ImageObject\",\"inLanguage\":\"en-US\",\"@id\":\"https:\/\/htiscientific.vn\/san-pham\/may-phan-tich-nhiet-trong-luong-tga-8000\/#primaryimage\",\"url\":\"https:\/\/htiscientific.vn\/wp-content\/uploads\/2025\/05\/thiet-ke-chua-co-ten-6.jpg\",\"contentUrl\":\"https:\/\/htiscientific.vn\/wp-content\/uploads\/2025\/05\/thiet-ke-chua-co-ten-6.jpg\",\"width\":1000,\"height\":1000,\"caption\":\"TGA 8000\"},{\"@type\":\"BreadcrumbList\",\"@id\":\"https:\/\/htiscientific.vn\/san-pham\/may-phan-tich-nhiet-trong-luong-tga-8000\/#breadcrumb\",\"itemListElement\":[{\"@type\":\"ListItem\",\"position\":1,\"name\":\"Trang ch\u1ee7\",\"item\":\"https:\/\/htiscientific.vn\/\"},{\"@type\":\"ListItem\",\"position\":2,\"name\":\"C\u1eeda h\u00e0ng\",\"item\":\"https:\/\/htiscientific.vn\/cua-hang\/\"},{\"@type\":\"ListItem\",\"position\":3,\"name\":\"Ph\u00e2n t\u00edch nhi\u1ec7t tr\u1ecdng tr\u01b0\u1eddng (TGA)\",\"item\":\"https:\/\/htiscientific.vn\/danh-muc-san-pham\/phan-tich-nhiet-trong-truong-tga\/\"},{\"@type\":\"ListItem\",\"position\":4,\"name\":\"M\u00e1y ph\u00e2n t\u00edch nhi\u1ec7t tr\u1ecdng l\u01b0\u1ee3ng TGA 8000\"}]},{\"@type\":\"WebSite\",\"@id\":\"https:\/\/htiscientific.vn\/#website\",\"url\":\"https:\/\/htiscientific.vn\/\",\"name\":\"HTI Scientific\",\"description\":\"HTI Scientific\",\"publisher\":{\"@id\":\"https:\/\/htiscientific.vn\/#organization\"},\"potentialAction\":[{\"@type\":\"SearchAction\",\"target\":{\"@type\":\"EntryPoint\",\"urlTemplate\":\"https:\/\/htiscientific.vn\/?s={search_term_string}\"},\"query-input\":{\"@type\":\"PropertyValueSpecification\",\"valueRequired\":true,\"valueName\":\"search_term_string\"}}],\"inLanguage\":\"en-US\"},{\"@type\":\"Organization\",\"@id\":\"https:\/\/htiscientific.vn\/#organization\",\"name\":\"HTI Scientific\",\"alternateName\":\"HTI Scientific\",\"url\":\"https:\/\/htiscientific.vn\/\",\"logo\":{\"@type\":\"ImageObject\",\"inLanguage\":\"en-US\",\"@id\":\"https:\/\/htiscientific.vn\/#\/schema\/logo\/image\/\",\"url\":\"https:\/\/htiscientific.vn\/wp-content\/uploads\/2025\/03\/ava-hti-copy.jpg\",\"contentUrl\":\"https:\/\/htiscientific.vn\/wp-content\/uploads\/2025\/03\/ava-hti-copy.jpg\",\"width\":700,\"height\":450,\"caption\":\"HTI Scientific\"},\"image\":{\"@id\":\"https:\/\/htiscientific.vn\/#\/schema\/logo\/image\/\"},\"sameAs\":[\"https:\/\/www.facebook.com\/htiscientific.vn\"]}]}<\/script>\n<!-- \/ Yoast SEO plugin. -->","yoast_head_json":{"title":"M\u00e1y ph\u00e2n t\u00edch nhi\u1ec7t tr\u1ecdng l\u01b0\u1ee3ng TGA 8000 - HTI Scientific","description":"M\u00e1y ph\u00e2n t\u00edch nhi\u1ec7t tr\u1ecdng l\u01b0\u1ee3ng TGA 8000\u00a0 mang l\u1ea1i cho b\u1ea1n kh\u1ea3 n\u0103ng ki\u1ec3m so\u00e1t ho\u00e0n to\u00e0n m\u00f4i tr\u01b0\u1eddng m\u1eabu v\u00e0 mang l\u1ea1i th\u00f4ng l\u01b0\u1ee3ng v\u00e0 \u0111\u1ed9 tin c\u1eady cao...","robots":{"index":"index","follow":"follow","max-snippet":"max-snippet:-1","max-image-preview":"max-image-preview:large","max-video-preview":"max-video-preview:-1"},"canonical":"https:\/\/htiscientific.vn\/en\/product\/may-phan-tich-nhiet-trong-luong-tga-8000\/","og_locale":"en_US","og_type":"article","og_title":"M\u00e1y ph\u00e2n t\u00edch nhi\u1ec7t tr\u1ecdng l\u01b0\u1ee3ng TGA 8000 - HTI Scientific","og_description":"M\u00e1y ph\u00e2n t\u00edch nhi\u1ec7t tr\u1ecdng l\u01b0\u1ee3ng TGA 8000\u00a0 mang l\u1ea1i cho b\u1ea1n kh\u1ea3 n\u0103ng ki\u1ec3m so\u00e1t ho\u00e0n to\u00e0n m\u00f4i tr\u01b0\u1eddng m\u1eabu v\u00e0 mang l\u1ea1i th\u00f4ng l\u01b0\u1ee3ng v\u00e0 \u0111\u1ed9 tin c\u1eady cao...","og_url":"https:\/\/htiscientific.vn\/en\/product\/may-phan-tich-nhiet-trong-luong-tga-8000\/","og_site_name":"HTI Scientific","article_publisher":"https:\/\/www.facebook.com\/htiscientific.vn","og_image":[{"width":1000,"height":1000,"url":"https:\/\/htiscientific.vn\/wp-content\/uploads\/2025\/05\/thiet-ke-chua-co-ten-6.jpg","type":"image\/jpeg"}],"twitter_card":"summary_large_image","twitter_misc":{"Est. reading time":"3 minutes"},"schema":{"@context":"https:\/\/schema.org","@graph":[{"@type":"WebPage","@id":"https:\/\/htiscientific.vn\/san-pham\/may-phan-tich-nhiet-trong-luong-tga-8000\/","url":"https:\/\/htiscientific.vn\/san-pham\/may-phan-tich-nhiet-trong-luong-tga-8000\/","name":"M\u00e1y ph\u00e2n t\u00edch nhi\u1ec7t tr\u1ecdng l\u01b0\u1ee3ng TGA 8000 - HTI Scientific","isPartOf":{"@id":"https:\/\/htiscientific.vn\/#website"},"primaryImageOfPage":{"@id":"https:\/\/htiscientific.vn\/san-pham\/may-phan-tich-nhiet-trong-luong-tga-8000\/#primaryimage"},"image":{"@id":"https:\/\/htiscientific.vn\/san-pham\/may-phan-tich-nhiet-trong-luong-tga-8000\/#primaryimage"},"thumbnailUrl":"https:\/\/htiscientific.vn\/wp-content\/uploads\/2025\/05\/thiet-ke-chua-co-ten-6.jpg","datePublished":"2025-05-30T08:19:17+00:00","description":"M\u00e1y ph\u00e2n t\u00edch nhi\u1ec7t tr\u1ecdng l\u01b0\u1ee3ng TGA 8000\u00a0 mang l\u1ea1i cho b\u1ea1n kh\u1ea3 n\u0103ng ki\u1ec3m so\u00e1t ho\u00e0n to\u00e0n m\u00f4i tr\u01b0\u1eddng m\u1eabu v\u00e0 mang l\u1ea1i th\u00f4ng l\u01b0\u1ee3ng v\u00e0 \u0111\u1ed9 tin c\u1eady cao...","breadcrumb":{"@id":"https:\/\/htiscientific.vn\/san-pham\/may-phan-tich-nhiet-trong-luong-tga-8000\/#breadcrumb"},"inLanguage":"en-US","potentialAction":[{"@type":"ReadAction","target":["https:\/\/htiscientific.vn\/san-pham\/may-phan-tich-nhiet-trong-luong-tga-8000\/"]}]},{"@type":"ImageObject","inLanguage":"en-US","@id":"https:\/\/htiscientific.vn\/san-pham\/may-phan-tich-nhiet-trong-luong-tga-8000\/#primaryimage","url":"https:\/\/htiscientific.vn\/wp-content\/uploads\/2025\/05\/thiet-ke-chua-co-ten-6.jpg","contentUrl":"https:\/\/htiscientific.vn\/wp-content\/uploads\/2025\/05\/thiet-ke-chua-co-ten-6.jpg","width":1000,"height":1000,"caption":"TGA 8000"},{"@type":"BreadcrumbList","@id":"https:\/\/htiscientific.vn\/san-pham\/may-phan-tich-nhiet-trong-luong-tga-8000\/#breadcrumb","itemListElement":[{"@type":"ListItem","position":1,"name":"Trang ch\u1ee7","item":"https:\/\/htiscientific.vn\/"},{"@type":"ListItem","position":2,"name":"C\u1eeda h\u00e0ng","item":"https:\/\/htiscientific.vn\/cua-hang\/"},{"@type":"ListItem","position":3,"name":"Ph\u00e2n t\u00edch nhi\u1ec7t tr\u1ecdng tr\u01b0\u1eddng (TGA)","item":"https:\/\/htiscientific.vn\/danh-muc-san-pham\/phan-tich-nhiet-trong-truong-tga\/"},{"@type":"ListItem","position":4,"name":"M\u00e1y ph\u00e2n t\u00edch nhi\u1ec7t tr\u1ecdng l\u01b0\u1ee3ng TGA 8000"}]},{"@type":"WebSite","@id":"https:\/\/htiscientific.vn\/#website","url":"https:\/\/htiscientific.vn\/","name":"HTI Scientific","description":"HTI Scientific","publisher":{"@id":"https:\/\/htiscientific.vn\/#organization"},"potentialAction":[{"@type":"SearchAction","target":{"@type":"EntryPoint","urlTemplate":"https:\/\/htiscientific.vn\/?s={search_term_string}"},"query-input":{"@type":"PropertyValueSpecification","valueRequired":true,"valueName":"search_term_string"}}],"inLanguage":"en-US"},{"@type":"Organization","@id":"https:\/\/htiscientific.vn\/#organization","name":"HTI Scientific","alternateName":"HTI Scientific","url":"https:\/\/htiscientific.vn\/","logo":{"@type":"ImageObject","inLanguage":"en-US","@id":"https:\/\/htiscientific.vn\/#\/schema\/logo\/image\/","url":"https:\/\/htiscientific.vn\/wp-content\/uploads\/2025\/03\/ava-hti-copy.jpg","contentUrl":"https:\/\/htiscientific.vn\/wp-content\/uploads\/2025\/03\/ava-hti-copy.jpg","width":700,"height":450,"caption":"HTI Scientific"},"image":{"@id":"https:\/\/htiscientific.vn\/#\/schema\/logo\/image\/"},"sameAs":["https:\/\/www.facebook.com\/htiscientific.vn"]}]}},"_links":{"self":[{"href":"https:\/\/htiscientific.vn\/en\/wp-json\/wp\/v2\/product\/1522","targetHints":{"allow":["GET"]}}],"collection":[{"href":"https:\/\/htiscientific.vn\/en\/wp-json\/wp\/v2\/product"}],"about":[{"href":"https:\/\/htiscientific.vn\/en\/wp-json\/wp\/v2\/types\/product"}],"wp:featuredmedia":[{"embeddable":true,"href":"https:\/\/htiscientific.vn\/en\/wp-json\/wp\/v2\/media\/1524"}],"wp:attachment":[{"href":"https:\/\/htiscientific.vn\/en\/wp-json\/wp\/v2\/media?parent=1522"}],"wp:term":[{"taxonomy":"product_brand","embeddable":true,"href":"https:\/\/htiscientific.vn\/en\/wp-json\/wp\/v2\/product_brand?post=1522"},{"taxonomy":"product_cat","embeddable":true,"href":"https:\/\/htiscientific.vn\/en\/wp-json\/wp\/v2\/product_cat?post=1522"},{"taxonomy":"product_tag","embeddable":true,"href":"https:\/\/htiscientific.vn\/en\/wp-json\/wp\/v2\/product_tag?post=1522"}],"curies":[{"name":"wp","href":"https:\/\/api.w.org\/{rel}","templated":true}]}}