{"id":1520,"date":"2025-05-30T14:59:17","date_gmt":"2025-05-30T07:59:17","guid":{"rendered":"https:\/\/htiscientific.vn\/?post_type=product&#038;p=1520"},"modified":"2025-05-30T15:19:47","modified_gmt":"2025-05-30T08:19:47","slug":"may-phan-tich-nhiet-trong-truong-tga-4000","status":"publish","type":"product","link":"https:\/\/htiscientific.vn\/en\/product\/may-phan-tich-nhiet-trong-truong-tga-4000\/","title":{"rendered":"M\u00e1y ph\u00e2n t\u00edch nhi\u1ec7t tr\u1ecdng tr\u01b0\u1eddng TGA 4000"},"content":{"rendered":"<div class=\"acf-field\">\n<p><span style=\"color: #000000;\">TGA 4000 c\u1ee7a <a href=\"https:\/\/htiscientific.vn\/en\/hang-san-xuat\/perkinelmer\/\">PerkinElmer<\/a> \u0111\u01b0\u1ee3c thi\u1ebft k\u1ebf v\u1edbi l\u00f2 nung g\u1ed1m nh\u1ecf g\u1ecdn, cung c\u1ea5p kh\u1ea3 n\u0103ng ki\u1ec3m so\u00e1t nhi\u1ec7t \u0111\u1ed9 m\u00e0 b\u1ea1n c\u1ea7n \u0111\u1ec3 c\u00f3 k\u1ebft qu\u1ea3 ch\u00ednh x\u00e1c. Thi\u1ebft k\u1ebf ch\u1eafc ch\u1eafn c\u1ee7a n\u00f3 c\u0169ng c\u00f3 kh\u1ea3 n\u0103ng ch\u1ed1ng \u0103n m\u00f2n \u0111\u1ec3 mang l\u1ea1i s\u1ef1 linh ho\u1ea1t cho c\u00e1c \u1ee9ng d\u1ee5ng c\u1ee7a b\u1ea1n trong th\u1eddi gian l\u00e2u b\u1ec1n.<\/span><\/p>\n<p><span style=\"color: #000000;\"><strong>C\u00e1c \u1ee9ng d\u1ee5ng TGA \u0111i\u1ec3n h\u00ecnh:<\/strong><\/span><\/p>\n<ul>\n<li><span style=\"color: #000000;\">\u0110\u1ed9 bi\u1ebfn \u0111\u1ed9ng c\u1ee7a m\u1eabu<\/span><\/li>\n<li><span style=\"color: #000000;\">\u0110\u1ed9 \u1ea9m<\/span><\/li>\n<li><span style=\"color: #000000;\">\u0110\u1ed9 \u1ed5n \u0111\u1ecbnh oxy h\u00f3a<\/span><\/li>\n<li><span style=\"color: #000000;\">Nhi\u1ec7t \u0111\u1ed9 ph\u00e2n h\u1ee7y<\/span><\/li>\n<li><span style=\"color: #000000;\">H\u00e0m l\u01b0\u1ee3ng cacbon \u0111en<\/span><\/li>\n<li><span style=\"color: #000000;\">Hi\u1ec7u su\u1ea5t c\u1ee7a ch\u1ea5t \u1ed5n \u0111\u1ecbnh<\/span><\/li>\n<li><span style=\"color: #000000;\">H\u00e0m l\u01b0\u1ee3ng tro<\/span><\/li>\n<\/ul>\n<p><span style=\"color: #000000;\"><strong>C\u00e1c t\u00ednh n\u0103ng v\u00e0 l\u1ee3i \u00edch<\/strong><\/span><\/p>\n<ul>\n<li><span style=\"color: #000000;\">C\u00e2n v\u00e0 l\u00f2 hi\u1ec7u su\u1ea5t cao cho \u0111\u1ed9 ch\u00ednh x\u00e1c v\u00e0 \u0111\u1ed9 ch\u00ednh x\u00e1c cao<\/span><\/li>\n<li><span style=\"color: #000000;\">C\u00e2n b\u1eb1ng t\u1ea3i h\u00e0ng \u0111\u1ea7u \u0111\u1ec3 t\u1ea3i v\u00e0 d\u1ee1 m\u1eabu d\u1ec5 d\u00e0ng<\/span><\/li>\n<li><span style=\"color: #000000;\">L\u00e0m m\u00e1t nhanh \u0111\u1ec3 gi\u1ea3m th\u1eddi gian chu k\u1ef3 v\u00e0 n\u00e2ng cao n\u0103ng su\u1ea5t<\/span><\/li>\n<li><span style=\"color: #000000;\">B\u1ed9 \u0111i\u1ec1u khi\u1ec3n l\u01b0u l\u01b0\u1ee3ng kh\u1ed1i t\u00edch h\u1ee3p m\u1edf r\u1ed9ng t\u00ednh linh ho\u1ea1t c\u1ee7a \u1ee9ng d\u1ee5ng<\/span><\/li>\n<li><span style=\"color: #000000;\">B\u1ed9 l\u1ea5y m\u1eabu t\u1ef1 \u0111\u1ed9ng 45 v\u1ecb tr\u00ed t\u00f9y ch\u1ecdn cho ho\u1ea1t \u0111\u1ed9ng kh\u00f4ng c\u1ea7n gi\u00e1m s\u00e1t<\/span><\/li>\n<li><span style=\"color: #000000;\">B\u1ed9 ph\u1ea7n m\u1ec1m Pyris d\u1ec5 s\u1eed d\u1ee5ng<\/span><\/li>\n<\/ul>\n<\/div>\n<div class=\"acf-field\">\n<h4><strong><span style=\"color: #000000;\">Specifications <a href=\"https:\/\/www.perkinelmer.com\/product\/tga-4000-system-100-240v-50-60hz-n5370210\">TGA 4000<\/a><\/span><\/strong><\/h4>\n<table id=\"pe_pdp_tab_det\">\n<tbody>\n<tr>\n<th><span style=\"color: #000000;\">21 CFR Part 11 Compatible<\/span><\/th>\n<td><span style=\"color: #000000;\">Yes<\/span><\/td>\n<\/tr>\n<tr>\n<th><span style=\"color: #000000;\">Maximum Temperature<\/span><\/th>\n<td><span style=\"color: #000000;\">1000 \u00b0C<\/span><\/td>\n<\/tr>\n<tr>\n<th><span style=\"color: #000000;\">Model Name<\/span><\/th>\n<td><span style=\"color: #000000;\">TGA 4000<\/span><\/td>\n<\/tr>\n<tr>\n<th><span style=\"color: #000000;\">Portable<\/span><\/th>\n<td><span style=\"color: #000000;\">No<\/span><\/td>\n<\/tr>\n<tr>\n<th><span style=\"color: #000000;\">Technology Type<\/span><\/th>\n<td><span style=\"color: #000000;\">Thermal Analysis<\/span><\/td>\n<\/tr>\n<tr>\n<th><span style=\"color: #000000;\">Warranty<\/span><\/th>\n<td><span style=\"color: #000000;\">1 year<\/span><\/td>\n<\/tr>\n<tr>\n<th><span style=\"color: #000000;\">Weight<\/span><\/th>\n<td><span style=\"color: #000000;\">16.0 kg<\/span><\/td>\n<\/tr>\n<\/tbody>\n<\/table>\n<\/div>","protected":false},"excerpt":{"rendered":"<p><span style=\"color: #000000;\">TGA 4000 \u0111\u01b0\u1ee3c thi\u1ebft k\u1ebf v\u1edbi l\u00f2 nung g\u1ed1m nh\u1ecf g\u1ecdn, cung c\u1ea5p kh\u1ea3 n\u0103ng ki\u1ec3m so\u00e1t nhi\u1ec7t \u0111\u1ed9 m\u00e0 b\u1ea1n c\u1ea7n \u0111\u1ec3 c\u00f3 k\u1ebft qu\u1ea3 ch\u00ednh x\u00e1c. Thi\u1ebft k\u1ebf ch\u1eafc ch\u1eafn c\u1ee7a n\u00f3 c\u0169ng c\u00f3 kh\u1ea3 n\u0103ng ch\u1ed1ng \u0103n m\u00f2n \u0111\u1ec3 mang l\u1ea1i s\u1ef1 linh ho\u1ea1t cho c\u00e1c \u1ee9ng d\u1ee5ng c\u1ee7a b\u1ea1n trong th\u1eddi gian l\u00e2u b\u1ec1n.<\/span><\/p>","protected":false},"featured_media":1523,"template":"","meta":{"inline_featured_image":false},"product_brand":[29],"product_cat":[115,118],"product_tag":[],"class_list":{"0":"post-1520","1":"product","2":"type-product","3":"status-publish","4":"has-post-thumbnail","6":"product_brand-perkinelmer","7":"product_cat-phan-tich-nhiet","8":"product_cat-phan-tich-nhiet-trong-truong-tga","10":"first","11":"instock","12":"shipping-taxable","13":"product-type-simple"},"yoast_head":"<!-- This site is optimized with the Yoast SEO plugin v24.7 - https:\/\/yoast.com\/wordpress\/plugins\/seo\/ -->\n<title>M\u00e1y ph\u00e2n t\u00edch nhi\u1ec7t tr\u1ecdng tr\u01b0\u1eddng TGA 4000 - HTI Scientific<\/title>\n<meta name=\"description\" content=\"TGA 4000 \u0111\u01b0\u1ee3c thi\u1ebft k\u1ebf v\u1edbi l\u00f2 nung g\u1ed1m nh\u1ecf g\u1ecdn, cung c\u1ea5p kh\u1ea3 n\u0103ng ki\u1ec3m so\u00e1t nhi\u1ec7t \u0111\u1ed9 m\u00e0 b\u1ea1n c\u1ea7n \u0111\u1ec3 c\u00f3 k\u1ebft qu\u1ea3 ch\u00ednh x\u00e1c. Thi\u1ebft k\u1ebf ch\u1ed1ng \u0103n m\u00f2n linh ho\u1ea1t...\" \/>\n<meta name=\"robots\" content=\"index, follow, max-snippet:-1, max-image-preview:large, max-video-preview:-1\" \/>\n<link rel=\"canonical\" href=\"https:\/\/htiscientific.vn\/en\/product\/may-phan-tich-nhiet-trong-truong-tga-4000\/\" \/>\n<meta property=\"og:locale\" content=\"en_US\" \/>\n<meta property=\"og:type\" content=\"article\" \/>\n<meta property=\"og:title\" content=\"M\u00e1y ph\u00e2n t\u00edch nhi\u1ec7t tr\u1ecdng tr\u01b0\u1eddng TGA 4000 - HTI Scientific\" \/>\n<meta property=\"og:description\" content=\"TGA 4000 \u0111\u01b0\u1ee3c thi\u1ebft k\u1ebf v\u1edbi l\u00f2 nung g\u1ed1m nh\u1ecf g\u1ecdn, cung c\u1ea5p kh\u1ea3 n\u0103ng ki\u1ec3m so\u00e1t nhi\u1ec7t \u0111\u1ed9 m\u00e0 b\u1ea1n c\u1ea7n \u0111\u1ec3 c\u00f3 k\u1ebft qu\u1ea3 ch\u00ednh x\u00e1c. Thi\u1ebft k\u1ebf ch\u1ed1ng \u0103n m\u00f2n linh ho\u1ea1t...\" \/>\n<meta property=\"og:url\" content=\"https:\/\/htiscientific.vn\/en\/product\/may-phan-tich-nhiet-trong-truong-tga-4000\/\" \/>\n<meta property=\"og:site_name\" content=\"HTI Scientific\" \/>\n<meta property=\"article:publisher\" content=\"https:\/\/www.facebook.com\/htiscientific.vn\" \/>\n<meta property=\"article:modified_time\" content=\"2025-05-30T08:19:47+00:00\" \/>\n<meta property=\"og:image\" content=\"https:\/\/htiscientific.vn\/wp-content\/uploads\/2025\/05\/thiet-ke-chua-co-ten-7.jpg\" \/>\n\t<meta property=\"og:image:width\" content=\"1000\" \/>\n\t<meta property=\"og:image:height\" content=\"1000\" \/>\n\t<meta property=\"og:image:type\" content=\"image\/jpeg\" \/>\n<meta name=\"twitter:card\" content=\"summary_large_image\" \/>\n<meta name=\"twitter:label1\" content=\"Est. reading time\" \/>\n\t<meta name=\"twitter:data1\" content=\"2 minutes\" \/>\n<script type=\"application\/ld+json\" class=\"yoast-schema-graph\">{\"@context\":\"https:\/\/schema.org\",\"@graph\":[{\"@type\":\"WebPage\",\"@id\":\"https:\/\/htiscientific.vn\/san-pham\/may-phan-tich-nhiet-trong-truong-tga-4000\/\",\"url\":\"https:\/\/htiscientific.vn\/san-pham\/may-phan-tich-nhiet-trong-truong-tga-4000\/\",\"name\":\"M\u00e1y ph\u00e2n t\u00edch nhi\u1ec7t tr\u1ecdng tr\u01b0\u1eddng TGA 4000 - HTI Scientific\",\"isPartOf\":{\"@id\":\"https:\/\/htiscientific.vn\/#website\"},\"primaryImageOfPage\":{\"@id\":\"https:\/\/htiscientific.vn\/san-pham\/may-phan-tich-nhiet-trong-truong-tga-4000\/#primaryimage\"},\"image\":{\"@id\":\"https:\/\/htiscientific.vn\/san-pham\/may-phan-tich-nhiet-trong-truong-tga-4000\/#primaryimage\"},\"thumbnailUrl\":\"https:\/\/htiscientific.vn\/wp-content\/uploads\/2025\/05\/thiet-ke-chua-co-ten-7.jpg\",\"datePublished\":\"2025-05-30T07:59:17+00:00\",\"dateModified\":\"2025-05-30T08:19:47+00:00\",\"description\":\"TGA 4000 \u0111\u01b0\u1ee3c thi\u1ebft k\u1ebf v\u1edbi l\u00f2 nung g\u1ed1m nh\u1ecf g\u1ecdn, cung c\u1ea5p kh\u1ea3 n\u0103ng ki\u1ec3m so\u00e1t nhi\u1ec7t \u0111\u1ed9 m\u00e0 b\u1ea1n c\u1ea7n \u0111\u1ec3 c\u00f3 k\u1ebft qu\u1ea3 ch\u00ednh x\u00e1c. Thi\u1ebft k\u1ebf ch\u1ed1ng \u0103n m\u00f2n linh ho\u1ea1t...\",\"breadcrumb\":{\"@id\":\"https:\/\/htiscientific.vn\/san-pham\/may-phan-tich-nhiet-trong-truong-tga-4000\/#breadcrumb\"},\"inLanguage\":\"en-US\",\"potentialAction\":[{\"@type\":\"ReadAction\",\"target\":[\"https:\/\/htiscientific.vn\/san-pham\/may-phan-tich-nhiet-trong-truong-tga-4000\/\"]}]},{\"@type\":\"ImageObject\",\"inLanguage\":\"en-US\",\"@id\":\"https:\/\/htiscientific.vn\/san-pham\/may-phan-tich-nhiet-trong-truong-tga-4000\/#primaryimage\",\"url\":\"https:\/\/htiscientific.vn\/wp-content\/uploads\/2025\/05\/thiet-ke-chua-co-ten-7.jpg\",\"contentUrl\":\"https:\/\/htiscientific.vn\/wp-content\/uploads\/2025\/05\/thiet-ke-chua-co-ten-7.jpg\",\"width\":1000,\"height\":1000,\"caption\":\"TGA 4000\"},{\"@type\":\"BreadcrumbList\",\"@id\":\"https:\/\/htiscientific.vn\/san-pham\/may-phan-tich-nhiet-trong-truong-tga-4000\/#breadcrumb\",\"itemListElement\":[{\"@type\":\"ListItem\",\"position\":1,\"name\":\"Trang ch\u1ee7\",\"item\":\"https:\/\/htiscientific.vn\/\"},{\"@type\":\"ListItem\",\"position\":2,\"name\":\"C\u1eeda h\u00e0ng\",\"item\":\"https:\/\/htiscientific.vn\/cua-hang\/\"},{\"@type\":\"ListItem\",\"position\":3,\"name\":\"Ph\u00e2n t\u00edch nhi\u1ec7t tr\u1ecdng tr\u01b0\u1eddng (TGA)\",\"item\":\"https:\/\/htiscientific.vn\/danh-muc-san-pham\/phan-tich-nhiet-trong-truong-tga\/\"},{\"@type\":\"ListItem\",\"position\":4,\"name\":\"M\u00e1y ph\u00e2n t\u00edch nhi\u1ec7t tr\u1ecdng tr\u01b0\u1eddng TGA 4000\"}]},{\"@type\":\"WebSite\",\"@id\":\"https:\/\/htiscientific.vn\/#website\",\"url\":\"https:\/\/htiscientific.vn\/\",\"name\":\"HTI Scientific\",\"description\":\"HTI Scientific\",\"publisher\":{\"@id\":\"https:\/\/htiscientific.vn\/#organization\"},\"potentialAction\":[{\"@type\":\"SearchAction\",\"target\":{\"@type\":\"EntryPoint\",\"urlTemplate\":\"https:\/\/htiscientific.vn\/?s={search_term_string}\"},\"query-input\":{\"@type\":\"PropertyValueSpecification\",\"valueRequired\":true,\"valueName\":\"search_term_string\"}}],\"inLanguage\":\"en-US\"},{\"@type\":\"Organization\",\"@id\":\"https:\/\/htiscientific.vn\/#organization\",\"name\":\"HTI Scientific\",\"alternateName\":\"HTI Scientific\",\"url\":\"https:\/\/htiscientific.vn\/\",\"logo\":{\"@type\":\"ImageObject\",\"inLanguage\":\"en-US\",\"@id\":\"https:\/\/htiscientific.vn\/#\/schema\/logo\/image\/\",\"url\":\"https:\/\/htiscientific.vn\/wp-content\/uploads\/2025\/03\/ava-hti-copy.jpg\",\"contentUrl\":\"https:\/\/htiscientific.vn\/wp-content\/uploads\/2025\/03\/ava-hti-copy.jpg\",\"width\":700,\"height\":450,\"caption\":\"HTI Scientific\"},\"image\":{\"@id\":\"https:\/\/htiscientific.vn\/#\/schema\/logo\/image\/\"},\"sameAs\":[\"https:\/\/www.facebook.com\/htiscientific.vn\"]}]}<\/script>\n<!-- \/ Yoast SEO plugin. -->","yoast_head_json":{"title":"M\u00e1y ph\u00e2n t\u00edch nhi\u1ec7t tr\u1ecdng tr\u01b0\u1eddng TGA 4000 - HTI Scientific","description":"TGA 4000 \u0111\u01b0\u1ee3c thi\u1ebft k\u1ebf v\u1edbi l\u00f2 nung g\u1ed1m nh\u1ecf g\u1ecdn, cung c\u1ea5p kh\u1ea3 n\u0103ng ki\u1ec3m so\u00e1t nhi\u1ec7t \u0111\u1ed9 m\u00e0 b\u1ea1n c\u1ea7n \u0111\u1ec3 c\u00f3 k\u1ebft qu\u1ea3 ch\u00ednh x\u00e1c. Thi\u1ebft k\u1ebf ch\u1ed1ng \u0103n m\u00f2n linh ho\u1ea1t...","robots":{"index":"index","follow":"follow","max-snippet":"max-snippet:-1","max-image-preview":"max-image-preview:large","max-video-preview":"max-video-preview:-1"},"canonical":"https:\/\/htiscientific.vn\/en\/product\/may-phan-tich-nhiet-trong-truong-tga-4000\/","og_locale":"en_US","og_type":"article","og_title":"M\u00e1y ph\u00e2n t\u00edch nhi\u1ec7t tr\u1ecdng tr\u01b0\u1eddng TGA 4000 - HTI Scientific","og_description":"TGA 4000 \u0111\u01b0\u1ee3c thi\u1ebft k\u1ebf v\u1edbi l\u00f2 nung g\u1ed1m nh\u1ecf g\u1ecdn, cung c\u1ea5p kh\u1ea3 n\u0103ng ki\u1ec3m so\u00e1t nhi\u1ec7t \u0111\u1ed9 m\u00e0 b\u1ea1n c\u1ea7n \u0111\u1ec3 c\u00f3 k\u1ebft qu\u1ea3 ch\u00ednh x\u00e1c. Thi\u1ebft k\u1ebf ch\u1ed1ng \u0103n m\u00f2n linh ho\u1ea1t...","og_url":"https:\/\/htiscientific.vn\/en\/product\/may-phan-tich-nhiet-trong-truong-tga-4000\/","og_site_name":"HTI Scientific","article_publisher":"https:\/\/www.facebook.com\/htiscientific.vn","article_modified_time":"2025-05-30T08:19:47+00:00","og_image":[{"width":1000,"height":1000,"url":"https:\/\/htiscientific.vn\/wp-content\/uploads\/2025\/05\/thiet-ke-chua-co-ten-7.jpg","type":"image\/jpeg"}],"twitter_card":"summary_large_image","twitter_misc":{"Est. reading time":"2 minutes"},"schema":{"@context":"https:\/\/schema.org","@graph":[{"@type":"WebPage","@id":"https:\/\/htiscientific.vn\/san-pham\/may-phan-tich-nhiet-trong-truong-tga-4000\/","url":"https:\/\/htiscientific.vn\/san-pham\/may-phan-tich-nhiet-trong-truong-tga-4000\/","name":"M\u00e1y ph\u00e2n t\u00edch nhi\u1ec7t tr\u1ecdng tr\u01b0\u1eddng TGA 4000 - HTI Scientific","isPartOf":{"@id":"https:\/\/htiscientific.vn\/#website"},"primaryImageOfPage":{"@id":"https:\/\/htiscientific.vn\/san-pham\/may-phan-tich-nhiet-trong-truong-tga-4000\/#primaryimage"},"image":{"@id":"https:\/\/htiscientific.vn\/san-pham\/may-phan-tich-nhiet-trong-truong-tga-4000\/#primaryimage"},"thumbnailUrl":"https:\/\/htiscientific.vn\/wp-content\/uploads\/2025\/05\/thiet-ke-chua-co-ten-7.jpg","datePublished":"2025-05-30T07:59:17+00:00","dateModified":"2025-05-30T08:19:47+00:00","description":"TGA 4000 \u0111\u01b0\u1ee3c thi\u1ebft k\u1ebf v\u1edbi l\u00f2 nung g\u1ed1m nh\u1ecf g\u1ecdn, cung c\u1ea5p kh\u1ea3 n\u0103ng ki\u1ec3m so\u00e1t nhi\u1ec7t \u0111\u1ed9 m\u00e0 b\u1ea1n c\u1ea7n \u0111\u1ec3 c\u00f3 k\u1ebft qu\u1ea3 ch\u00ednh x\u00e1c. Thi\u1ebft k\u1ebf ch\u1ed1ng \u0103n m\u00f2n linh ho\u1ea1t...","breadcrumb":{"@id":"https:\/\/htiscientific.vn\/san-pham\/may-phan-tich-nhiet-trong-truong-tga-4000\/#breadcrumb"},"inLanguage":"en-US","potentialAction":[{"@type":"ReadAction","target":["https:\/\/htiscientific.vn\/san-pham\/may-phan-tich-nhiet-trong-truong-tga-4000\/"]}]},{"@type":"ImageObject","inLanguage":"en-US","@id":"https:\/\/htiscientific.vn\/san-pham\/may-phan-tich-nhiet-trong-truong-tga-4000\/#primaryimage","url":"https:\/\/htiscientific.vn\/wp-content\/uploads\/2025\/05\/thiet-ke-chua-co-ten-7.jpg","contentUrl":"https:\/\/htiscientific.vn\/wp-content\/uploads\/2025\/05\/thiet-ke-chua-co-ten-7.jpg","width":1000,"height":1000,"caption":"TGA 4000"},{"@type":"BreadcrumbList","@id":"https:\/\/htiscientific.vn\/san-pham\/may-phan-tich-nhiet-trong-truong-tga-4000\/#breadcrumb","itemListElement":[{"@type":"ListItem","position":1,"name":"Trang ch\u1ee7","item":"https:\/\/htiscientific.vn\/"},{"@type":"ListItem","position":2,"name":"C\u1eeda h\u00e0ng","item":"https:\/\/htiscientific.vn\/cua-hang\/"},{"@type":"ListItem","position":3,"name":"Ph\u00e2n t\u00edch nhi\u1ec7t tr\u1ecdng tr\u01b0\u1eddng (TGA)","item":"https:\/\/htiscientific.vn\/danh-muc-san-pham\/phan-tich-nhiet-trong-truong-tga\/"},{"@type":"ListItem","position":4,"name":"M\u00e1y ph\u00e2n t\u00edch nhi\u1ec7t tr\u1ecdng tr\u01b0\u1eddng TGA 4000"}]},{"@type":"WebSite","@id":"https:\/\/htiscientific.vn\/#website","url":"https:\/\/htiscientific.vn\/","name":"HTI Scientific","description":"HTI Scientific","publisher":{"@id":"https:\/\/htiscientific.vn\/#organization"},"potentialAction":[{"@type":"SearchAction","target":{"@type":"EntryPoint","urlTemplate":"https:\/\/htiscientific.vn\/?s={search_term_string}"},"query-input":{"@type":"PropertyValueSpecification","valueRequired":true,"valueName":"search_term_string"}}],"inLanguage":"en-US"},{"@type":"Organization","@id":"https:\/\/htiscientific.vn\/#organization","name":"HTI Scientific","alternateName":"HTI Scientific","url":"https:\/\/htiscientific.vn\/","logo":{"@type":"ImageObject","inLanguage":"en-US","@id":"https:\/\/htiscientific.vn\/#\/schema\/logo\/image\/","url":"https:\/\/htiscientific.vn\/wp-content\/uploads\/2025\/03\/ava-hti-copy.jpg","contentUrl":"https:\/\/htiscientific.vn\/wp-content\/uploads\/2025\/03\/ava-hti-copy.jpg","width":700,"height":450,"caption":"HTI Scientific"},"image":{"@id":"https:\/\/htiscientific.vn\/#\/schema\/logo\/image\/"},"sameAs":["https:\/\/www.facebook.com\/htiscientific.vn"]}]}},"_links":{"self":[{"href":"https:\/\/htiscientific.vn\/en\/wp-json\/wp\/v2\/product\/1520","targetHints":{"allow":["GET"]}}],"collection":[{"href":"https:\/\/htiscientific.vn\/en\/wp-json\/wp\/v2\/product"}],"about":[{"href":"https:\/\/htiscientific.vn\/en\/wp-json\/wp\/v2\/types\/product"}],"wp:featuredmedia":[{"embeddable":true,"href":"https:\/\/htiscientific.vn\/en\/wp-json\/wp\/v2\/media\/1523"}],"wp:attachment":[{"href":"https:\/\/htiscientific.vn\/en\/wp-json\/wp\/v2\/media?parent=1520"}],"wp:term":[{"taxonomy":"product_brand","embeddable":true,"href":"https:\/\/htiscientific.vn\/en\/wp-json\/wp\/v2\/product_brand?post=1520"},{"taxonomy":"product_cat","embeddable":true,"href":"https:\/\/htiscientific.vn\/en\/wp-json\/wp\/v2\/product_cat?post=1520"},{"taxonomy":"product_tag","embeddable":true,"href":"https:\/\/htiscientific.vn\/en\/wp-json\/wp\/v2\/product_tag?post=1520"}],"curies":[{"name":"wp","href":"https:\/\/api.w.org\/{rel}","templated":true}]}}