{"id":1517,"date":"2025-05-30T14:46:01","date_gmt":"2025-05-30T07:46:01","guid":{"rendered":"https:\/\/htiscientific.vn\/?post_type=product&#038;p=1517"},"modified":"2025-05-30T14:46:01","modified_gmt":"2025-05-30T07:46:01","slug":"may-phan-tich-nhiet-dong-thoi-sta-8000","status":"publish","type":"product","link":"https:\/\/htiscientific.vn\/en\/product\/may-phan-tich-nhiet-dong-thoi-sta-8000\/","title":{"rendered":"M\u00e1y ph\u00e2n t\u00edch nhi\u1ec7t \u0111\u1ed3ng th\u1eddi STA 8000"},"content":{"rendered":"<div class=\"acf-field\">\n<p class=\"pe_para\"><span style=\"color: #000000;\">M\u00e1y ph\u00e2n t\u00edch nhi\u1ec7t \u0111\u1ed3ng th\u1eddi STA 8000 c\u1ee7a <a href=\"https:\/\/htiscientific.vn\/en\/hang-san-xuat\/perkinelmer\/\">PerkinElmer<\/a> mang l\u1ea1i hi\u1ec7u su\u1ea5t cao v\u00e0 \u0111\u00e1ng tin c\u1eady cho c\u00e1c ph\u00f2ng th\u00ed nghi\u1ec7m.<\/span><\/p>\n<ul>\n<li><span style=\"color: #000000;\">Ph\u00e2n t\u00edch \u0111\u1ed3ng th\u1eddi TG v\u1edbi ch\u1ebf \u0111\u1ed9 DTA v\u00e0 ch\u1ebf \u0111\u1ed9 DSC (mW) \u0111\u1ec3 gi\u1ea3i th\u00edch k\u1ebft qu\u1ea3 nhanh ch\u00f3ng<\/span><\/li>\n<li><span style=\"color: #000000;\">Ph\u1ea1m vi nhi\u1ec7t \u0111\u1ed9 r\u1ed9ng cho ph\u00e9p \u0111o t\u1eeb d\u01b0\u1edbi nhi\u1ec7t \u0111\u1ed9 ph\u00f2ng \u0111\u1ebfn 1600 \u00b0C. \u0110\u1ed9 ch\u00ednh x\u00e1c v\u00e0 \u0111\u1ed9 nh\u1ea1y v\u01b0\u1ee3t tr\u1ed9i trong m\u1ed9t g\u00f3i nh\u1ecf v\u1edbi m\u1ee9c gi\u00e1 h\u1ea5p d\u1eabn<\/span><\/li>\n<li><span style=\"color: #000000;\">Tr\u1ecdng l\u01b0\u1ee3ng v\u01b0\u1ee3t tr\u1ed9i, \u0111\u1ed9 ch\u00ednh x\u00e1c v\u1ec1 d\u00f2ng nhi\u1ec7t v\u00e0 nhi\u1ec7t \u0111\u1ed9<\/span><\/li>\n<li><span style=\"color: #000000;\">C\u00e2n b\u1eb1ng t\u1ea3i h\u00e0ng \u0111\u1ea7u \u0111\u1ec3 d\u1ec5 d\u00e0ng t\u1ea3i m\u1eabu<\/span><\/li>\n<li><span style=\"color: #000000;\">C\u00e2n b\u1eb1ng b\u00ean d\u01b0\u1edbi l\u00f2 \u0111\u1ec3 c\u00e1ch ly t\u1ed1i \u01b0u kh\u1ecfi \u00f4 nhi\u1ec5m<\/span><\/li>\n<li><span style=\"color: #000000;\">C\u1ea3m bi\u1ebfn c\u00e2n b\u1eb1ng d\u1ecbch chuy\u1ec3n theo chi\u1ec1u d\u1ecdc (kh\u00f4ng quay) gi\u00fap kh\u00f4ng nh\u1ea1y c\u1ea3m v\u1edbi tr\u1ecdng l\u01b0\u1ee3ng \u0111\u1ed1i v\u1edbi v\u1ecb tr\u00ed m\u1eabu, v\u00ed d\u1ee5: kh\u00f4ng c\u00f3 s\u1ef1 thay \u0111\u1ed5i tr\u1ecdng l\u01b0\u1ee3ng gi\u1ea3 do n\u00f3ng ch\u1ea3y<\/span><\/li>\n<\/ul>\n<\/div>\n<div class=\"acf-field\">\n<h4><span style=\"color: #000000;\">Specifications <a href=\"https:\/\/www.perkinelmer.com\/product\/sta-8000-lab-system-n5370027\">STA 8000<\/a><\/span><\/h4>\n<div class=\"pe_pdp_detatabl\">\n<table id=\"pe_pdp_tab_det\">\n<tbody>\n<tr>\n<th><span style=\"color: #000000;\">21 CFR Part 11 Compatible<\/span><\/th>\n<td><span style=\"color: #000000;\">Yes<\/span><\/td>\n<\/tr>\n<tr>\n<th><span style=\"color: #000000;\">Maximum Temperature<\/span><\/th>\n<td><span style=\"color: #000000;\">1600 \u00b0C<\/span><\/td>\n<\/tr>\n<tr>\n<th><span style=\"color: #000000;\">Minimum Temperature<\/span><\/th>\n<td><span style=\"color: #000000;\">15 \u00b0C<\/span><\/td>\n<\/tr>\n<tr>\n<th><span style=\"color: #000000;\">Model Name<\/span><\/th>\n<td><span style=\"color: #000000;\">STA 8000<\/span><\/td>\n<\/tr>\n<tr>\n<th><span style=\"color: #000000;\">Portable<\/span><\/th>\n<td><span style=\"color: #000000;\">No<\/span><\/td>\n<\/tr>\n<tr>\n<th><span style=\"color: #000000;\">Technology Type<\/span><\/th>\n<td><span style=\"color: #000000;\">Thermal Analysis<\/span><\/td>\n<\/tr>\n<\/tbody>\n<\/table>\n<\/div>\n<\/div>","protected":false},"excerpt":{"rendered":"<p class=\"pe_para\"><span style=\"color: #000000;\">M\u00e1y ph\u00e2n t\u00edch nhi\u1ec7t \u0111\u1ed3ng th\u1eddi STA 8000 mang l\u1ea1i hi\u1ec7u su\u1ea5t cao v\u00e0 \u0111\u00e1ng tin c\u1eady cho c\u00e1c ph\u00f2ng th\u00ed nghi\u1ec7m.<\/span><\/p>","protected":false},"featured_media":1518,"template":"","meta":{"inline_featured_image":false},"product_brand":[29],"product_cat":[115,117],"product_tag":[],"class_list":{"0":"post-1517","1":"product","2":"type-product","3":"status-publish","4":"has-post-thumbnail","6":"product_brand-perkinelmer","7":"product_cat-phan-tich-nhiet","8":"product_cat-phan-tich-nhiet-dong-thoi-sta","10":"first","11":"instock","12":"shipping-taxable","13":"product-type-simple"},"yoast_head":"<!-- This site is optimized with the Yoast SEO plugin v24.7 - https:\/\/yoast.com\/wordpress\/plugins\/seo\/ -->\n<title>M\u00e1y ph\u00e2n t\u00edch nhi\u1ec7t \u0111\u1ed3ng th\u1eddi STA 8000 - HTI Scientific<\/title>\n<meta name=\"description\" content=\"M\u00e1y ph\u00e2n t\u00edch nhi\u1ec7t \u0111\u1ed3ng th\u1eddi STA 8000 ph\u00e2n t\u00edch \u0111\u1ed3ng th\u1eddi TG v\u1edbi ch\u1ebf \u0111\u1ed9 DTA v\u00e0 ch\u1ebf \u0111\u1ed9 DSC (mW) \u0111\u1ec3 gi\u1ea3i th\u00edch k\u1ebft qu\u1ea3 nhanh ch\u00f3ng\" \/>\n<meta name=\"robots\" content=\"index, follow, max-snippet:-1, max-image-preview:large, max-video-preview:-1\" \/>\n<link rel=\"canonical\" href=\"https:\/\/htiscientific.vn\/en\/product\/may-phan-tich-nhiet-dong-thoi-sta-8000\/\" \/>\n<meta property=\"og:locale\" content=\"en_US\" \/>\n<meta property=\"og:type\" content=\"article\" \/>\n<meta property=\"og:title\" content=\"M\u00e1y ph\u00e2n t\u00edch nhi\u1ec7t \u0111\u1ed3ng th\u1eddi STA 8000 - HTI Scientific\" \/>\n<meta property=\"og:description\" content=\"M\u00e1y ph\u00e2n t\u00edch nhi\u1ec7t \u0111\u1ed3ng th\u1eddi STA 8000 ph\u00e2n t\u00edch \u0111\u1ed3ng th\u1eddi TG v\u1edbi ch\u1ebf \u0111\u1ed9 DTA v\u00e0 ch\u1ebf \u0111\u1ed9 DSC (mW) \u0111\u1ec3 gi\u1ea3i th\u00edch k\u1ebft qu\u1ea3 nhanh ch\u00f3ng\" \/>\n<meta property=\"og:url\" content=\"https:\/\/htiscientific.vn\/en\/product\/may-phan-tich-nhiet-dong-thoi-sta-8000\/\" \/>\n<meta property=\"og:site_name\" content=\"HTI Scientific\" \/>\n<meta property=\"article:publisher\" content=\"https:\/\/www.facebook.com\/htiscientific.vn\" \/>\n<meta property=\"og:image\" content=\"https:\/\/htiscientific.vn\/wp-content\/uploads\/2025\/05\/thiet-ke-chua-co-ten-4.jpg\" \/>\n\t<meta property=\"og:image:width\" content=\"1000\" \/>\n\t<meta property=\"og:image:height\" content=\"1000\" \/>\n\t<meta property=\"og:image:type\" content=\"image\/jpeg\" \/>\n<meta name=\"twitter:card\" content=\"summary_large_image\" \/>\n<meta name=\"twitter:label1\" content=\"Est. reading time\" \/>\n\t<meta name=\"twitter:data1\" content=\"2 minutes\" \/>\n<script type=\"application\/ld+json\" class=\"yoast-schema-graph\">{\"@context\":\"https:\/\/schema.org\",\"@graph\":[{\"@type\":\"WebPage\",\"@id\":\"https:\/\/htiscientific.vn\/san-pham\/may-phan-tich-nhiet-dong-thoi-sta-8000\/\",\"url\":\"https:\/\/htiscientific.vn\/san-pham\/may-phan-tich-nhiet-dong-thoi-sta-8000\/\",\"name\":\"M\u00e1y ph\u00e2n t\u00edch nhi\u1ec7t \u0111\u1ed3ng th\u1eddi STA 8000 - HTI Scientific\",\"isPartOf\":{\"@id\":\"https:\/\/htiscientific.vn\/#website\"},\"primaryImageOfPage\":{\"@id\":\"https:\/\/htiscientific.vn\/san-pham\/may-phan-tich-nhiet-dong-thoi-sta-8000\/#primaryimage\"},\"image\":{\"@id\":\"https:\/\/htiscientific.vn\/san-pham\/may-phan-tich-nhiet-dong-thoi-sta-8000\/#primaryimage\"},\"thumbnailUrl\":\"https:\/\/htiscientific.vn\/wp-content\/uploads\/2025\/05\/thiet-ke-chua-co-ten-4.jpg\",\"datePublished\":\"2025-05-30T07:46:01+00:00\",\"description\":\"M\u00e1y ph\u00e2n t\u00edch nhi\u1ec7t \u0111\u1ed3ng th\u1eddi STA 8000 ph\u00e2n t\u00edch \u0111\u1ed3ng th\u1eddi TG v\u1edbi ch\u1ebf \u0111\u1ed9 DTA v\u00e0 ch\u1ebf \u0111\u1ed9 DSC (mW) \u0111\u1ec3 gi\u1ea3i th\u00edch k\u1ebft qu\u1ea3 nhanh ch\u00f3ng\",\"breadcrumb\":{\"@id\":\"https:\/\/htiscientific.vn\/san-pham\/may-phan-tich-nhiet-dong-thoi-sta-8000\/#breadcrumb\"},\"inLanguage\":\"en-US\",\"potentialAction\":[{\"@type\":\"ReadAction\",\"target\":[\"https:\/\/htiscientific.vn\/san-pham\/may-phan-tich-nhiet-dong-thoi-sta-8000\/\"]}]},{\"@type\":\"ImageObject\",\"inLanguage\":\"en-US\",\"@id\":\"https:\/\/htiscientific.vn\/san-pham\/may-phan-tich-nhiet-dong-thoi-sta-8000\/#primaryimage\",\"url\":\"https:\/\/htiscientific.vn\/wp-content\/uploads\/2025\/05\/thiet-ke-chua-co-ten-4.jpg\",\"contentUrl\":\"https:\/\/htiscientific.vn\/wp-content\/uploads\/2025\/05\/thiet-ke-chua-co-ten-4.jpg\",\"width\":1000,\"height\":1000,\"caption\":\"STA 8000\"},{\"@type\":\"BreadcrumbList\",\"@id\":\"https:\/\/htiscientific.vn\/san-pham\/may-phan-tich-nhiet-dong-thoi-sta-8000\/#breadcrumb\",\"itemListElement\":[{\"@type\":\"ListItem\",\"position\":1,\"name\":\"Trang ch\u1ee7\",\"item\":\"https:\/\/htiscientific.vn\/\"},{\"@type\":\"ListItem\",\"position\":2,\"name\":\"C\u1eeda h\u00e0ng\",\"item\":\"https:\/\/htiscientific.vn\/cua-hang\/\"},{\"@type\":\"ListItem\",\"position\":3,\"name\":\"Ph\u00e2n t\u00edch nhi\u1ec7t \u0111\u1ed3ng th\u1eddi (STA)\",\"item\":\"https:\/\/htiscientific.vn\/danh-muc-san-pham\/phan-tich-nhiet-dong-thoi-sta\/\"},{\"@type\":\"ListItem\",\"position\":4,\"name\":\"M\u00e1y ph\u00e2n t\u00edch nhi\u1ec7t \u0111\u1ed3ng th\u1eddi STA 8000\"}]},{\"@type\":\"WebSite\",\"@id\":\"https:\/\/htiscientific.vn\/#website\",\"url\":\"https:\/\/htiscientific.vn\/\",\"name\":\"HTI Scientific\",\"description\":\"HTI Scientific\",\"publisher\":{\"@id\":\"https:\/\/htiscientific.vn\/#organization\"},\"potentialAction\":[{\"@type\":\"SearchAction\",\"target\":{\"@type\":\"EntryPoint\",\"urlTemplate\":\"https:\/\/htiscientific.vn\/?s={search_term_string}\"},\"query-input\":{\"@type\":\"PropertyValueSpecification\",\"valueRequired\":true,\"valueName\":\"search_term_string\"}}],\"inLanguage\":\"en-US\"},{\"@type\":\"Organization\",\"@id\":\"https:\/\/htiscientific.vn\/#organization\",\"name\":\"HTI Scientific\",\"alternateName\":\"HTI Scientific\",\"url\":\"https:\/\/htiscientific.vn\/\",\"logo\":{\"@type\":\"ImageObject\",\"inLanguage\":\"en-US\",\"@id\":\"https:\/\/htiscientific.vn\/#\/schema\/logo\/image\/\",\"url\":\"https:\/\/htiscientific.vn\/wp-content\/uploads\/2025\/03\/ava-hti-copy.jpg\",\"contentUrl\":\"https:\/\/htiscientific.vn\/wp-content\/uploads\/2025\/03\/ava-hti-copy.jpg\",\"width\":700,\"height\":450,\"caption\":\"HTI Scientific\"},\"image\":{\"@id\":\"https:\/\/htiscientific.vn\/#\/schema\/logo\/image\/\"},\"sameAs\":[\"https:\/\/www.facebook.com\/htiscientific.vn\"]}]}<\/script>\n<!-- \/ Yoast SEO plugin. -->","yoast_head_json":{"title":"M\u00e1y ph\u00e2n t\u00edch nhi\u1ec7t \u0111\u1ed3ng th\u1eddi STA 8000 - HTI Scientific","description":"M\u00e1y ph\u00e2n t\u00edch nhi\u1ec7t \u0111\u1ed3ng th\u1eddi STA 8000 ph\u00e2n t\u00edch \u0111\u1ed3ng th\u1eddi TG v\u1edbi ch\u1ebf \u0111\u1ed9 DTA v\u00e0 ch\u1ebf \u0111\u1ed9 DSC (mW) \u0111\u1ec3 gi\u1ea3i th\u00edch k\u1ebft qu\u1ea3 nhanh ch\u00f3ng","robots":{"index":"index","follow":"follow","max-snippet":"max-snippet:-1","max-image-preview":"max-image-preview:large","max-video-preview":"max-video-preview:-1"},"canonical":"https:\/\/htiscientific.vn\/en\/product\/may-phan-tich-nhiet-dong-thoi-sta-8000\/","og_locale":"en_US","og_type":"article","og_title":"M\u00e1y ph\u00e2n t\u00edch nhi\u1ec7t \u0111\u1ed3ng th\u1eddi STA 8000 - HTI Scientific","og_description":"M\u00e1y ph\u00e2n t\u00edch nhi\u1ec7t \u0111\u1ed3ng th\u1eddi STA 8000 ph\u00e2n t\u00edch \u0111\u1ed3ng th\u1eddi TG v\u1edbi ch\u1ebf \u0111\u1ed9 DTA v\u00e0 ch\u1ebf \u0111\u1ed9 DSC (mW) \u0111\u1ec3 gi\u1ea3i th\u00edch k\u1ebft qu\u1ea3 nhanh ch\u00f3ng","og_url":"https:\/\/htiscientific.vn\/en\/product\/may-phan-tich-nhiet-dong-thoi-sta-8000\/","og_site_name":"HTI Scientific","article_publisher":"https:\/\/www.facebook.com\/htiscientific.vn","og_image":[{"width":1000,"height":1000,"url":"https:\/\/htiscientific.vn\/wp-content\/uploads\/2025\/05\/thiet-ke-chua-co-ten-4.jpg","type":"image\/jpeg"}],"twitter_card":"summary_large_image","twitter_misc":{"Est. reading time":"2 minutes"},"schema":{"@context":"https:\/\/schema.org","@graph":[{"@type":"WebPage","@id":"https:\/\/htiscientific.vn\/san-pham\/may-phan-tich-nhiet-dong-thoi-sta-8000\/","url":"https:\/\/htiscientific.vn\/san-pham\/may-phan-tich-nhiet-dong-thoi-sta-8000\/","name":"M\u00e1y ph\u00e2n t\u00edch nhi\u1ec7t \u0111\u1ed3ng th\u1eddi STA 8000 - HTI Scientific","isPartOf":{"@id":"https:\/\/htiscientific.vn\/#website"},"primaryImageOfPage":{"@id":"https:\/\/htiscientific.vn\/san-pham\/may-phan-tich-nhiet-dong-thoi-sta-8000\/#primaryimage"},"image":{"@id":"https:\/\/htiscientific.vn\/san-pham\/may-phan-tich-nhiet-dong-thoi-sta-8000\/#primaryimage"},"thumbnailUrl":"https:\/\/htiscientific.vn\/wp-content\/uploads\/2025\/05\/thiet-ke-chua-co-ten-4.jpg","datePublished":"2025-05-30T07:46:01+00:00","description":"M\u00e1y ph\u00e2n t\u00edch nhi\u1ec7t \u0111\u1ed3ng th\u1eddi STA 8000 ph\u00e2n t\u00edch \u0111\u1ed3ng th\u1eddi TG v\u1edbi ch\u1ebf \u0111\u1ed9 DTA v\u00e0 ch\u1ebf \u0111\u1ed9 DSC (mW) \u0111\u1ec3 gi\u1ea3i th\u00edch k\u1ebft qu\u1ea3 nhanh ch\u00f3ng","breadcrumb":{"@id":"https:\/\/htiscientific.vn\/san-pham\/may-phan-tich-nhiet-dong-thoi-sta-8000\/#breadcrumb"},"inLanguage":"en-US","potentialAction":[{"@type":"ReadAction","target":["https:\/\/htiscientific.vn\/san-pham\/may-phan-tich-nhiet-dong-thoi-sta-8000\/"]}]},{"@type":"ImageObject","inLanguage":"en-US","@id":"https:\/\/htiscientific.vn\/san-pham\/may-phan-tich-nhiet-dong-thoi-sta-8000\/#primaryimage","url":"https:\/\/htiscientific.vn\/wp-content\/uploads\/2025\/05\/thiet-ke-chua-co-ten-4.jpg","contentUrl":"https:\/\/htiscientific.vn\/wp-content\/uploads\/2025\/05\/thiet-ke-chua-co-ten-4.jpg","width":1000,"height":1000,"caption":"STA 8000"},{"@type":"BreadcrumbList","@id":"https:\/\/htiscientific.vn\/san-pham\/may-phan-tich-nhiet-dong-thoi-sta-8000\/#breadcrumb","itemListElement":[{"@type":"ListItem","position":1,"name":"Trang ch\u1ee7","item":"https:\/\/htiscientific.vn\/"},{"@type":"ListItem","position":2,"name":"C\u1eeda h\u00e0ng","item":"https:\/\/htiscientific.vn\/cua-hang\/"},{"@type":"ListItem","position":3,"name":"Ph\u00e2n t\u00edch nhi\u1ec7t \u0111\u1ed3ng th\u1eddi (STA)","item":"https:\/\/htiscientific.vn\/danh-muc-san-pham\/phan-tich-nhiet-dong-thoi-sta\/"},{"@type":"ListItem","position":4,"name":"M\u00e1y ph\u00e2n t\u00edch nhi\u1ec7t \u0111\u1ed3ng th\u1eddi STA 8000"}]},{"@type":"WebSite","@id":"https:\/\/htiscientific.vn\/#website","url":"https:\/\/htiscientific.vn\/","name":"HTI Scientific","description":"HTI Scientific","publisher":{"@id":"https:\/\/htiscientific.vn\/#organization"},"potentialAction":[{"@type":"SearchAction","target":{"@type":"EntryPoint","urlTemplate":"https:\/\/htiscientific.vn\/?s={search_term_string}"},"query-input":{"@type":"PropertyValueSpecification","valueRequired":true,"valueName":"search_term_string"}}],"inLanguage":"en-US"},{"@type":"Organization","@id":"https:\/\/htiscientific.vn\/#organization","name":"HTI Scientific","alternateName":"HTI Scientific","url":"https:\/\/htiscientific.vn\/","logo":{"@type":"ImageObject","inLanguage":"en-US","@id":"https:\/\/htiscientific.vn\/#\/schema\/logo\/image\/","url":"https:\/\/htiscientific.vn\/wp-content\/uploads\/2025\/03\/ava-hti-copy.jpg","contentUrl":"https:\/\/htiscientific.vn\/wp-content\/uploads\/2025\/03\/ava-hti-copy.jpg","width":700,"height":450,"caption":"HTI Scientific"},"image":{"@id":"https:\/\/htiscientific.vn\/#\/schema\/logo\/image\/"},"sameAs":["https:\/\/www.facebook.com\/htiscientific.vn"]}]}},"_links":{"self":[{"href":"https:\/\/htiscientific.vn\/en\/wp-json\/wp\/v2\/product\/1517","targetHints":{"allow":["GET"]}}],"collection":[{"href":"https:\/\/htiscientific.vn\/en\/wp-json\/wp\/v2\/product"}],"about":[{"href":"https:\/\/htiscientific.vn\/en\/wp-json\/wp\/v2\/types\/product"}],"wp:featuredmedia":[{"embeddable":true,"href":"https:\/\/htiscientific.vn\/en\/wp-json\/wp\/v2\/media\/1518"}],"wp:attachment":[{"href":"https:\/\/htiscientific.vn\/en\/wp-json\/wp\/v2\/media?parent=1517"}],"wp:term":[{"taxonomy":"product_brand","embeddable":true,"href":"https:\/\/htiscientific.vn\/en\/wp-json\/wp\/v2\/product_brand?post=1517"},{"taxonomy":"product_cat","embeddable":true,"href":"https:\/\/htiscientific.vn\/en\/wp-json\/wp\/v2\/product_cat?post=1517"},{"taxonomy":"product_tag","embeddable":true,"href":"https:\/\/htiscientific.vn\/en\/wp-json\/wp\/v2\/product_tag?post=1517"}],"curies":[{"name":"wp","href":"https:\/\/api.w.org\/{rel}","templated":true}]}}