{"id":1512,"date":"2025-05-30T14:37:35","date_gmt":"2025-05-30T07:37:35","guid":{"rendered":"https:\/\/htiscientific.vn\/?post_type=product&#038;p=1512"},"modified":"2025-05-30T14:37:35","modified_gmt":"2025-05-30T07:37:35","slug":"may-phan-tich-nhiet-dong-thoi-sta-6000","status":"publish","type":"product","link":"https:\/\/htiscientific.vn\/en\/product\/may-phan-tich-nhiet-dong-thoi-sta-6000\/","title":{"rendered":"M\u00e1y ph\u00e2n t\u00edch nhi\u1ec7t \u0111\u1ed3ng th\u1eddi STA 6000"},"content":{"rendered":"<div class=\"acf-field\">\n<p><span style=\"color: #000000;\">M\u00e1y ph\u00e2n t\u00edch nhi\u1ec7t \u0111\u1ed3ng th\u1eddi <a href=\"https:\/\/htiscientific.vn\/en\/hang-san-xuat\/perkinelmer\/\">PerkinElmer<\/a> STA 6000 mang l\u1ea1i hi\u1ec7u su\u1ea5t cao v\u00e0 r\u1ea5t \u0111\u00e1ng tin c\u1eady cho c\u00e1c ph\u00f2ng th\u00ed nghi\u1ec7m.<\/span><\/p>\n<ul>\n<li><span style=\"color: #000000;\">Ph\u00e2n t\u00edch \u0111\u1ed3ng th\u1eddi TG v\u1edbi ch\u1ebf \u0111\u1ed9 DTA v\u00e0 ch\u1ebf \u0111\u1ed9 DSC (mW) \u0111\u1ec3 gi\u1ea3i th\u00edch k\u1ebft qu\u1ea3 nhanh ch\u00f3ng<\/span><\/li>\n<li><span style=\"color: #000000;\">C\u1ea3m bi\u1ebfn SaTurnA c\u1ea3i ti\u1ebfn \u0111ang ch\u1edd c\u1ea5p b\u1eb1ng s\u00e1ng ch\u1ebf \u0111\u1ec3 \u0111o tr\u1ef1c ti\u1ebfp c\u1ea3 nhi\u1ec7t \u0111\u1ed9 m\u1eabu v\u00e0 nhi\u1ec7t \u0111\u1ed9 tham chi\u1ebfu \u0111\u1ec3 mang l\u1ea1i hi\u1ec7u su\u1ea5t v\u01b0\u1ee3t tr\u1ed9i<\/span><\/li>\n<li><span style=\"color: #000000;\">C\u1ea3m bi\u1ebfn c\u00e2n b\u1eb1ng d\u1ecbch chuy\u1ec3n theo chi\u1ec1u d\u1ecdc (kh\u00f4ng quay) gi\u00fap kh\u00f4ng nh\u1ea1y c\u1ea3m v\u1edbi tr\u1ecdng l\u01b0\u1ee3ng \u0111\u1ed1i v\u1edbi v\u1ecb tr\u00ed m\u1eabu, v\u00ed d\u1ee5: kh\u00f4ng c\u00f3 s\u1ef1 thay \u0111\u1ed5i tr\u1ecdng l\u01b0\u1ee3ng gi\u1ea3 do n\u00f3ng ch\u1ea3y<\/span><\/li>\n<\/ul>\n<\/div>\n<div class=\"acf-field\">\n<h4><strong><span style=\"color: #000000;\">Specifications <a href=\"https:\/\/www.perkinelmer.com\/product\/sta-6000-system-n5370025\">STA 6000<\/a><\/span><\/strong><\/h4>\n<div class=\"pe_pdp_detatabl\">\n<table id=\"pe_pdp_tab_det\">\n<tbody>\n<tr>\n<th><span style=\"color: #000000;\">21 CFR Part 11 Compatible<\/span><\/th>\n<td><span style=\"color: #000000;\">Yes<\/span><\/td>\n<\/tr>\n<tr>\n<th><span style=\"color: #000000;\">Maximum Temperature<\/span><\/th>\n<td><span style=\"color: #000000;\">1000 \u00b0C<\/span><\/td>\n<\/tr>\n<tr>\n<th><span style=\"color: #000000;\">Minimum Temperature<\/span><\/th>\n<td><span style=\"color: #000000;\">15 \u00b0C<\/span><\/td>\n<\/tr>\n<tr>\n<th><span style=\"color: #000000;\">Model Name<\/span><\/th>\n<td><span style=\"color: #000000;\">STA 6000<\/span><\/td>\n<\/tr>\n<tr>\n<th><span style=\"color: #000000;\">Portable<\/span><\/th>\n<td><span style=\"color: #000000;\">No<\/span><\/td>\n<\/tr>\n<tr>\n<th><span style=\"color: #000000;\">Technology Type<\/span><\/th>\n<td><span style=\"color: #000000;\">Thermal Analysis<\/span><\/td>\n<\/tr>\n<\/tbody>\n<\/table>\n<\/div>\n<\/div>","protected":false},"excerpt":{"rendered":"<p class=\"pe_para\"><span style=\"color: #000000;\">M\u00e1y ph\u00e2n t\u00edch nhi\u1ec7t \u0111\u1ed3ng th\u1eddi STA 6000 mang l\u1ea1i hi\u1ec7u su\u1ea5t cao v\u00e0 r\u1ea5t \u0111\u00e1ng tin c\u1eady cho c\u00e1c ph\u00f2ng th\u00ed nghi\u1ec7m.<\/span><\/p>\n<p>&nbsp;<\/p>","protected":false},"featured_media":1516,"template":"","meta":{"inline_featured_image":false},"product_brand":[29],"product_cat":[115,117],"product_tag":[],"class_list":{"0":"post-1512","1":"product","2":"type-product","3":"status-publish","4":"has-post-thumbnail","6":"product_brand-perkinelmer","7":"product_cat-phan-tich-nhiet","8":"product_cat-phan-tich-nhiet-dong-thoi-sta","10":"first","11":"instock","12":"shipping-taxable","13":"product-type-simple"},"yoast_head":"<!-- This site is optimized with the Yoast SEO plugin v24.7 - https:\/\/yoast.com\/wordpress\/plugins\/seo\/ -->\n<title>M\u00e1y ph\u00e2n t\u00edch nhi\u1ec7t \u0111\u1ed3ng th\u1eddi STA 6000 - HTI Scientific<\/title>\n<meta name=\"description\" content=\"M\u00e1y ph\u00e2n t\u00edch nhi\u1ec7t \u0111\u1ed3ng th\u1eddi STA 6000 mang l\u1ea1i hi\u1ec7u su\u1ea5t cao v\u00e0 r\u1ea5t \u0111\u00e1ng tin c\u1eady cho c\u00e1c ph\u00f2ng th\u00ed nghi\u1ec7m. Thi\u1ebft k\u1ebf c\u1ea3m bi\u1ebfn SaTurnA c\u1ea3i ti\u1ebfn \u0111o tr\u1ef1c ...\" \/>\n<meta name=\"robots\" content=\"index, follow, max-snippet:-1, max-image-preview:large, max-video-preview:-1\" \/>\n<link rel=\"canonical\" href=\"https:\/\/htiscientific.vn\/en\/product\/may-phan-tich-nhiet-dong-thoi-sta-6000\/\" \/>\n<meta property=\"og:locale\" content=\"en_US\" \/>\n<meta property=\"og:type\" content=\"article\" \/>\n<meta property=\"og:title\" content=\"M\u00e1y ph\u00e2n t\u00edch nhi\u1ec7t \u0111\u1ed3ng th\u1eddi STA 6000 - HTI Scientific\" \/>\n<meta property=\"og:description\" content=\"M\u00e1y ph\u00e2n t\u00edch nhi\u1ec7t \u0111\u1ed3ng th\u1eddi STA 6000 mang l\u1ea1i hi\u1ec7u su\u1ea5t cao v\u00e0 r\u1ea5t \u0111\u00e1ng tin c\u1eady cho c\u00e1c ph\u00f2ng th\u00ed nghi\u1ec7m. Thi\u1ebft k\u1ebf c\u1ea3m bi\u1ebfn SaTurnA c\u1ea3i ti\u1ebfn \u0111o tr\u1ef1c ...\" \/>\n<meta property=\"og:url\" content=\"https:\/\/htiscientific.vn\/en\/product\/may-phan-tich-nhiet-dong-thoi-sta-6000\/\" \/>\n<meta property=\"og:site_name\" content=\"HTI Scientific\" \/>\n<meta property=\"article:publisher\" content=\"https:\/\/www.facebook.com\/htiscientific.vn\" \/>\n<meta property=\"og:image\" content=\"https:\/\/htiscientific.vn\/wp-content\/uploads\/2025\/05\/thiet-ke-chua-co-ten-3.jpg\" \/>\n\t<meta property=\"og:image:width\" content=\"1000\" \/>\n\t<meta property=\"og:image:height\" content=\"1000\" \/>\n\t<meta property=\"og:image:type\" content=\"image\/jpeg\" \/>\n<meta name=\"twitter:card\" content=\"summary_large_image\" \/>\n<meta name=\"twitter:label1\" content=\"Est. reading time\" \/>\n\t<meta name=\"twitter:data1\" content=\"1 minute\" \/>\n<script type=\"application\/ld+json\" class=\"yoast-schema-graph\">{\"@context\":\"https:\/\/schema.org\",\"@graph\":[{\"@type\":\"WebPage\",\"@id\":\"https:\/\/htiscientific.vn\/san-pham\/may-phan-tich-nhiet-dong-thoi-sta-6000\/\",\"url\":\"https:\/\/htiscientific.vn\/san-pham\/may-phan-tich-nhiet-dong-thoi-sta-6000\/\",\"name\":\"M\u00e1y ph\u00e2n t\u00edch nhi\u1ec7t \u0111\u1ed3ng th\u1eddi STA 6000 - HTI Scientific\",\"isPartOf\":{\"@id\":\"https:\/\/htiscientific.vn\/#website\"},\"primaryImageOfPage\":{\"@id\":\"https:\/\/htiscientific.vn\/san-pham\/may-phan-tich-nhiet-dong-thoi-sta-6000\/#primaryimage\"},\"image\":{\"@id\":\"https:\/\/htiscientific.vn\/san-pham\/may-phan-tich-nhiet-dong-thoi-sta-6000\/#primaryimage\"},\"thumbnailUrl\":\"https:\/\/htiscientific.vn\/wp-content\/uploads\/2025\/05\/thiet-ke-chua-co-ten-3.jpg\",\"datePublished\":\"2025-05-30T07:37:35+00:00\",\"description\":\"M\u00e1y ph\u00e2n t\u00edch nhi\u1ec7t \u0111\u1ed3ng th\u1eddi STA 6000 mang l\u1ea1i hi\u1ec7u su\u1ea5t cao v\u00e0 r\u1ea5t \u0111\u00e1ng tin c\u1eady cho c\u00e1c ph\u00f2ng th\u00ed nghi\u1ec7m. Thi\u1ebft k\u1ebf c\u1ea3m bi\u1ebfn SaTurnA c\u1ea3i ti\u1ebfn \u0111o tr\u1ef1c ...\",\"breadcrumb\":{\"@id\":\"https:\/\/htiscientific.vn\/san-pham\/may-phan-tich-nhiet-dong-thoi-sta-6000\/#breadcrumb\"},\"inLanguage\":\"en-US\",\"potentialAction\":[{\"@type\":\"ReadAction\",\"target\":[\"https:\/\/htiscientific.vn\/san-pham\/may-phan-tich-nhiet-dong-thoi-sta-6000\/\"]}]},{\"@type\":\"ImageObject\",\"inLanguage\":\"en-US\",\"@id\":\"https:\/\/htiscientific.vn\/san-pham\/may-phan-tich-nhiet-dong-thoi-sta-6000\/#primaryimage\",\"url\":\"https:\/\/htiscientific.vn\/wp-content\/uploads\/2025\/05\/thiet-ke-chua-co-ten-3.jpg\",\"contentUrl\":\"https:\/\/htiscientific.vn\/wp-content\/uploads\/2025\/05\/thiet-ke-chua-co-ten-3.jpg\",\"width\":1000,\"height\":1000,\"caption\":\"STA 6000\"},{\"@type\":\"BreadcrumbList\",\"@id\":\"https:\/\/htiscientific.vn\/san-pham\/may-phan-tich-nhiet-dong-thoi-sta-6000\/#breadcrumb\",\"itemListElement\":[{\"@type\":\"ListItem\",\"position\":1,\"name\":\"Trang ch\u1ee7\",\"item\":\"https:\/\/htiscientific.vn\/\"},{\"@type\":\"ListItem\",\"position\":2,\"name\":\"C\u1eeda h\u00e0ng\",\"item\":\"https:\/\/htiscientific.vn\/cua-hang\/\"},{\"@type\":\"ListItem\",\"position\":3,\"name\":\"Ph\u00e2n t\u00edch nhi\u1ec7t \u0111\u1ed3ng th\u1eddi (STA)\",\"item\":\"https:\/\/htiscientific.vn\/danh-muc-san-pham\/phan-tich-nhiet-dong-thoi-sta\/\"},{\"@type\":\"ListItem\",\"position\":4,\"name\":\"M\u00e1y ph\u00e2n t\u00edch nhi\u1ec7t \u0111\u1ed3ng th\u1eddi STA 6000\"}]},{\"@type\":\"WebSite\",\"@id\":\"https:\/\/htiscientific.vn\/#website\",\"url\":\"https:\/\/htiscientific.vn\/\",\"name\":\"HTI Scientific\",\"description\":\"HTI Scientific\",\"publisher\":{\"@id\":\"https:\/\/htiscientific.vn\/#organization\"},\"potentialAction\":[{\"@type\":\"SearchAction\",\"target\":{\"@type\":\"EntryPoint\",\"urlTemplate\":\"https:\/\/htiscientific.vn\/?s={search_term_string}\"},\"query-input\":{\"@type\":\"PropertyValueSpecification\",\"valueRequired\":true,\"valueName\":\"search_term_string\"}}],\"inLanguage\":\"en-US\"},{\"@type\":\"Organization\",\"@id\":\"https:\/\/htiscientific.vn\/#organization\",\"name\":\"HTI Scientific\",\"alternateName\":\"HTI Scientific\",\"url\":\"https:\/\/htiscientific.vn\/\",\"logo\":{\"@type\":\"ImageObject\",\"inLanguage\":\"en-US\",\"@id\":\"https:\/\/htiscientific.vn\/#\/schema\/logo\/image\/\",\"url\":\"https:\/\/htiscientific.vn\/wp-content\/uploads\/2025\/03\/ava-hti-copy.jpg\",\"contentUrl\":\"https:\/\/htiscientific.vn\/wp-content\/uploads\/2025\/03\/ava-hti-copy.jpg\",\"width\":700,\"height\":450,\"caption\":\"HTI Scientific\"},\"image\":{\"@id\":\"https:\/\/htiscientific.vn\/#\/schema\/logo\/image\/\"},\"sameAs\":[\"https:\/\/www.facebook.com\/htiscientific.vn\"]}]}<\/script>\n<!-- \/ Yoast SEO plugin. -->","yoast_head_json":{"title":"M\u00e1y ph\u00e2n t\u00edch nhi\u1ec7t \u0111\u1ed3ng th\u1eddi STA 6000 - HTI Scientific","description":"M\u00e1y ph\u00e2n t\u00edch nhi\u1ec7t \u0111\u1ed3ng th\u1eddi STA 6000 mang l\u1ea1i hi\u1ec7u su\u1ea5t cao v\u00e0 r\u1ea5t \u0111\u00e1ng tin c\u1eady cho c\u00e1c ph\u00f2ng th\u00ed nghi\u1ec7m. Thi\u1ebft k\u1ebf c\u1ea3m bi\u1ebfn SaTurnA c\u1ea3i ti\u1ebfn \u0111o tr\u1ef1c ...","robots":{"index":"index","follow":"follow","max-snippet":"max-snippet:-1","max-image-preview":"max-image-preview:large","max-video-preview":"max-video-preview:-1"},"canonical":"https:\/\/htiscientific.vn\/en\/product\/may-phan-tich-nhiet-dong-thoi-sta-6000\/","og_locale":"en_US","og_type":"article","og_title":"M\u00e1y ph\u00e2n t\u00edch nhi\u1ec7t \u0111\u1ed3ng th\u1eddi STA 6000 - HTI Scientific","og_description":"M\u00e1y ph\u00e2n t\u00edch nhi\u1ec7t \u0111\u1ed3ng th\u1eddi STA 6000 mang l\u1ea1i hi\u1ec7u su\u1ea5t cao v\u00e0 r\u1ea5t \u0111\u00e1ng tin c\u1eady cho c\u00e1c ph\u00f2ng th\u00ed nghi\u1ec7m. Thi\u1ebft k\u1ebf c\u1ea3m bi\u1ebfn SaTurnA c\u1ea3i ti\u1ebfn \u0111o tr\u1ef1c ...","og_url":"https:\/\/htiscientific.vn\/en\/product\/may-phan-tich-nhiet-dong-thoi-sta-6000\/","og_site_name":"HTI Scientific","article_publisher":"https:\/\/www.facebook.com\/htiscientific.vn","og_image":[{"width":1000,"height":1000,"url":"https:\/\/htiscientific.vn\/wp-content\/uploads\/2025\/05\/thiet-ke-chua-co-ten-3.jpg","type":"image\/jpeg"}],"twitter_card":"summary_large_image","twitter_misc":{"Est. reading time":"1 minute"},"schema":{"@context":"https:\/\/schema.org","@graph":[{"@type":"WebPage","@id":"https:\/\/htiscientific.vn\/san-pham\/may-phan-tich-nhiet-dong-thoi-sta-6000\/","url":"https:\/\/htiscientific.vn\/san-pham\/may-phan-tich-nhiet-dong-thoi-sta-6000\/","name":"M\u00e1y ph\u00e2n t\u00edch nhi\u1ec7t \u0111\u1ed3ng th\u1eddi STA 6000 - HTI Scientific","isPartOf":{"@id":"https:\/\/htiscientific.vn\/#website"},"primaryImageOfPage":{"@id":"https:\/\/htiscientific.vn\/san-pham\/may-phan-tich-nhiet-dong-thoi-sta-6000\/#primaryimage"},"image":{"@id":"https:\/\/htiscientific.vn\/san-pham\/may-phan-tich-nhiet-dong-thoi-sta-6000\/#primaryimage"},"thumbnailUrl":"https:\/\/htiscientific.vn\/wp-content\/uploads\/2025\/05\/thiet-ke-chua-co-ten-3.jpg","datePublished":"2025-05-30T07:37:35+00:00","description":"M\u00e1y ph\u00e2n t\u00edch nhi\u1ec7t \u0111\u1ed3ng th\u1eddi STA 6000 mang l\u1ea1i hi\u1ec7u su\u1ea5t cao v\u00e0 r\u1ea5t \u0111\u00e1ng tin c\u1eady cho c\u00e1c ph\u00f2ng th\u00ed nghi\u1ec7m. Thi\u1ebft k\u1ebf c\u1ea3m bi\u1ebfn SaTurnA c\u1ea3i ti\u1ebfn \u0111o tr\u1ef1c ...","breadcrumb":{"@id":"https:\/\/htiscientific.vn\/san-pham\/may-phan-tich-nhiet-dong-thoi-sta-6000\/#breadcrumb"},"inLanguage":"en-US","potentialAction":[{"@type":"ReadAction","target":["https:\/\/htiscientific.vn\/san-pham\/may-phan-tich-nhiet-dong-thoi-sta-6000\/"]}]},{"@type":"ImageObject","inLanguage":"en-US","@id":"https:\/\/htiscientific.vn\/san-pham\/may-phan-tich-nhiet-dong-thoi-sta-6000\/#primaryimage","url":"https:\/\/htiscientific.vn\/wp-content\/uploads\/2025\/05\/thiet-ke-chua-co-ten-3.jpg","contentUrl":"https:\/\/htiscientific.vn\/wp-content\/uploads\/2025\/05\/thiet-ke-chua-co-ten-3.jpg","width":1000,"height":1000,"caption":"STA 6000"},{"@type":"BreadcrumbList","@id":"https:\/\/htiscientific.vn\/san-pham\/may-phan-tich-nhiet-dong-thoi-sta-6000\/#breadcrumb","itemListElement":[{"@type":"ListItem","position":1,"name":"Trang ch\u1ee7","item":"https:\/\/htiscientific.vn\/"},{"@type":"ListItem","position":2,"name":"C\u1eeda h\u00e0ng","item":"https:\/\/htiscientific.vn\/cua-hang\/"},{"@type":"ListItem","position":3,"name":"Ph\u00e2n t\u00edch nhi\u1ec7t \u0111\u1ed3ng th\u1eddi (STA)","item":"https:\/\/htiscientific.vn\/danh-muc-san-pham\/phan-tich-nhiet-dong-thoi-sta\/"},{"@type":"ListItem","position":4,"name":"M\u00e1y ph\u00e2n t\u00edch nhi\u1ec7t \u0111\u1ed3ng th\u1eddi STA 6000"}]},{"@type":"WebSite","@id":"https:\/\/htiscientific.vn\/#website","url":"https:\/\/htiscientific.vn\/","name":"HTI Scientific","description":"HTI Scientific","publisher":{"@id":"https:\/\/htiscientific.vn\/#organization"},"potentialAction":[{"@type":"SearchAction","target":{"@type":"EntryPoint","urlTemplate":"https:\/\/htiscientific.vn\/?s={search_term_string}"},"query-input":{"@type":"PropertyValueSpecification","valueRequired":true,"valueName":"search_term_string"}}],"inLanguage":"en-US"},{"@type":"Organization","@id":"https:\/\/htiscientific.vn\/#organization","name":"HTI Scientific","alternateName":"HTI Scientific","url":"https:\/\/htiscientific.vn\/","logo":{"@type":"ImageObject","inLanguage":"en-US","@id":"https:\/\/htiscientific.vn\/#\/schema\/logo\/image\/","url":"https:\/\/htiscientific.vn\/wp-content\/uploads\/2025\/03\/ava-hti-copy.jpg","contentUrl":"https:\/\/htiscientific.vn\/wp-content\/uploads\/2025\/03\/ava-hti-copy.jpg","width":700,"height":450,"caption":"HTI Scientific"},"image":{"@id":"https:\/\/htiscientific.vn\/#\/schema\/logo\/image\/"},"sameAs":["https:\/\/www.facebook.com\/htiscientific.vn"]}]}},"_links":{"self":[{"href":"https:\/\/htiscientific.vn\/en\/wp-json\/wp\/v2\/product\/1512","targetHints":{"allow":["GET"]}}],"collection":[{"href":"https:\/\/htiscientific.vn\/en\/wp-json\/wp\/v2\/product"}],"about":[{"href":"https:\/\/htiscientific.vn\/en\/wp-json\/wp\/v2\/types\/product"}],"wp:featuredmedia":[{"embeddable":true,"href":"https:\/\/htiscientific.vn\/en\/wp-json\/wp\/v2\/media\/1516"}],"wp:attachment":[{"href":"https:\/\/htiscientific.vn\/en\/wp-json\/wp\/v2\/media?parent=1512"}],"wp:term":[{"taxonomy":"product_brand","embeddable":true,"href":"https:\/\/htiscientific.vn\/en\/wp-json\/wp\/v2\/product_brand?post=1512"},{"taxonomy":"product_cat","embeddable":true,"href":"https:\/\/htiscientific.vn\/en\/wp-json\/wp\/v2\/product_cat?post=1512"},{"taxonomy":"product_tag","embeddable":true,"href":"https:\/\/htiscientific.vn\/en\/wp-json\/wp\/v2\/product_tag?post=1512"}],"curies":[{"name":"wp","href":"https:\/\/api.w.org\/{rel}","templated":true}]}}