{"id":1508,"date":"2025-05-30T13:58:49","date_gmt":"2025-05-30T06:58:49","guid":{"rendered":"https:\/\/htiscientific.vn\/?post_type=product&#038;p=1508"},"modified":"2025-05-30T14:17:10","modified_gmt":"2025-05-30T07:17:10","slug":"dsc-4000","status":"publish","type":"product","link":"https:\/\/htiscientific.vn\/en\/product\/dsc-4000\/","title":{"rendered":"DSC 4000"},"content":{"rendered":"<div class=\"acf-field\">\n<p><span style=\"color: #000000;\"><strong>C\u00e1c \u1ee9ng d\u1ee5ng \u0111i\u1ec3n h\u00ecnh cho <a href=\"https:\/\/htiscientific.vn\/en\/hang-san-xuat\/perkinelmer\/\">PerkinElmer<\/a> DSC 4000<\/strong><\/span><\/p>\n<ul>\n<li><span style=\"color: #000000;\">Ki\u1ec3m tra ch\u1ea5t l\u01b0\u1ee3ng\/QC<\/span><\/li>\n<li><span style=\"color: #000000;\">Th\u1ef1c h\u00e0nh gi\u1ea3ng d\u1ea1y \u0111\u1ea1i h\u1ecdc<\/span><\/li>\n<li><span style=\"color: #000000;\">\u0110\u00e1nh gi\u00e1 ch\u1ea5t ph\u1ee5 gia \u0111\u1ec3 t\u1ed1i \u01b0u h\u00f3a tu\u1ed5i th\u1ecd c\u1ee7a nh\u1ef1a<\/span><\/li>\n<li><span style=\"color: #000000;\">L\u00fd t\u01b0\u1edfng cho th\u1eed nghi\u1ec7m c\u1ea3m \u1ee9ng oxy h\u00f3a (OIT)<\/span><\/li>\n<\/ul>\n<p><span style=\"color: #000000;\"><strong>C\u00e1c t\u00ednh n\u0103ng v\u00e0 l\u1ee3i \u00edch c\u1ee7a <a href=\"https:\/\/www.perkinelmer.com\/product\/dsc-4000-system-100-240v-50-60hz-n5370212\">DSC 4000<\/a><\/strong><\/span><\/p>\n<ul>\n<li><span style=\"color: #000000;\">B\u1ed9 \u0111i\u1ec1u khi\u1ec3n l\u01b0u l\u01b0\u1ee3ng kh\u1ed1i t\u00edch h\u1ee3p \u0111\u1ec3 ki\u1ec3m so\u00e1t v\u00e0 chuy\u1ec3n \u0111\u1ed5i kh\u00ed thu\u1eadn ti\u1ec7n<\/span><\/li>\n<li><span style=\"color: #000000;\">T\u00f9y ch\u1ecdn l\u1ea5y m\u1eabu t\u1ef1 \u0111\u1ed9ng nhanh 45 v\u1ecb tr\u00ed \u0111\u1ec3 v\u1eadn h\u00e0nh \u0111\u00e1ng tin c\u1eady m\u00e0 kh\u00f4ng c\u1ea7n gi\u00e1m s\u00e1t<\/span><\/li>\n<li><span style=\"color: #000000;\">Thi\u1ebft b\u1ecb l\u00e0m m\u00e1t di \u0111\u1ed9ng (PCD) \u0111\u1ec3 v\u1eadn h\u00e0nh ti\u1ebft ki\u1ec7m chi ph\u00ed \u1edf nhi\u1ec7t \u0111\u1ed9 th\u1ea5p<\/span><\/li>\n<li><span style=\"color: #000000;\">T\u1ea5m l\u1ea5y m\u1eabu niken crom hi\u1ec7u qu\u1ea3, d\u1ec5 l\u00e0m s\u1ea1ch<\/span><\/li>\n<\/ul>\n<\/div>\n<div class=\"acf-field\">\n<p><span style=\"color: #000000;\"><strong>Specifications<\/strong><\/span><\/p>\n<div class=\"pe_pdp_detatabl\">\n<table id=\"pe_pdp_tab_det\">\n<tbody>\n<tr>\n<th><span style=\"color: #000000;\">21 CFR Part 11 Compatible<\/span><\/th>\n<td><span style=\"color: #000000;\">Yes<\/span><\/td>\n<\/tr>\n<tr>\n<th><span style=\"color: #000000;\">Maximum Temperature<\/span><\/th>\n<td><span style=\"color: #000000;\">450 \u00b0C<\/span><\/td>\n<\/tr>\n<tr>\n<th><span style=\"color: #000000;\">Minimum Temperature<\/span><\/th>\n<td><span style=\"color: #000000;\">-100 \u00b0C<\/span><\/td>\n<\/tr>\n<tr>\n<th><span style=\"color: #000000;\">Portable<\/span><\/th>\n<td><span style=\"color: #000000;\">No<\/span><\/td>\n<\/tr>\n<tr>\n<th><span style=\"color: #000000;\">Technology Type<\/span><\/th>\n<td><span style=\"color: #000000;\">Thermal Analysis<\/span><\/td>\n<\/tr>\n<tr>\n<th><span style=\"color: #000000;\">Warranty<\/span><\/th>\n<td><span style=\"color: #000000;\">1 year<\/span><\/td>\n<\/tr>\n<\/tbody>\n<\/table>\n<\/div>\n<\/div>","protected":false},"excerpt":{"rendered":"<p><span style=\"color: #000000;\">Thi\u1ebft b\u1ecb DSC 4000 mang l\u1ea1i k\u1ebft qu\u1ea3 ch\u1ea5t l\u01b0\u1ee3ng v\u00e0 hi\u1ec7u su\u1ea5t \u0111\u00e1ng tin c\u1eady. DSC th\u00f4ng l\u01b0\u1ee3ng nhi\u1ec7t, l\u00f2 \u0111\u01a1n n\u00e0y \u0111\u01b0\u1ee3c thi\u1ebft k\u1ebf \u0111\u1ec3 ch\u1ea1y t\u1ea5t c\u1ea3 c\u00e1c \u1ee9ng d\u1ee5ng th\u00f4ng th\u01b0\u1eddng v\u00e0 bao g\u1ed3m m\u1ed9t l\u00f2 th\u1eb3ng \u0111\u1ee9ng d\u1ec5 t\u1ea3i c\u00f3 kh\u1ea3 n\u0103ng ch\u1ed1ng oxy h\u00f3a v\u00e0 \u0103n m\u00f2n h\u00f3a h\u1ecdc.<\/span><\/p>","protected":false},"featured_media":1510,"template":"","meta":{"inline_featured_image":false},"product_brand":[29],"product_cat":[116,115],"product_tag":[],"class_list":{"0":"post-1508","1":"product","2":"type-product","3":"status-publish","4":"has-post-thumbnail","6":"product_brand-perkinelmer","7":"product_cat-do-nhiet-luong-vi-sai-dsc","8":"product_cat-phan-tich-nhiet","10":"first","11":"instock","12":"shipping-taxable","13":"product-type-simple"},"yoast_head":"<!-- This site is optimized with the Yoast SEO plugin v24.7 - https:\/\/yoast.com\/wordpress\/plugins\/seo\/ -->\n<title>DSC 4000 - HTI Scientific<\/title>\n<meta name=\"description\" content=\"DSC 4000 mang l\u1ea1i k\u1ebft qu\u1ea3 ch\u1ea5t l\u01b0\u1ee3ng v\u00e0 hi\u1ec7u su\u1ea5t \u0111\u00e1ng tin c\u1eady. \u0110\u01b0\u1ee3c thi\u1ebft k\u1ebf \u0111\u1ec3 ch\u1ea1y t\u1ea5t c\u1ea3 c\u00e1c \u1ee9ng d\u1ee5ng th\u00f4ng th\u01b0\u1eddng bao g\u1ed3m m\u1ed9t l\u00f2 th\u1eb3ng \u0111\u1ee9ng d\u1ec5 t\u1ea3i...\" \/>\n<meta name=\"robots\" content=\"index, follow, max-snippet:-1, max-image-preview:large, max-video-preview:-1\" \/>\n<link rel=\"canonical\" href=\"https:\/\/htiscientific.vn\/en\/product\/dsc-4000\/\" \/>\n<meta property=\"og:locale\" content=\"en_US\" \/>\n<meta property=\"og:type\" content=\"article\" \/>\n<meta property=\"og:title\" content=\"DSC 4000 - HTI Scientific\" \/>\n<meta property=\"og:description\" content=\"DSC 4000 mang l\u1ea1i k\u1ebft qu\u1ea3 ch\u1ea5t l\u01b0\u1ee3ng v\u00e0 hi\u1ec7u su\u1ea5t \u0111\u00e1ng tin c\u1eady. \u0110\u01b0\u1ee3c thi\u1ebft k\u1ebf \u0111\u1ec3 ch\u1ea1y t\u1ea5t c\u1ea3 c\u00e1c \u1ee9ng d\u1ee5ng th\u00f4ng th\u01b0\u1eddng bao g\u1ed3m m\u1ed9t l\u00f2 th\u1eb3ng \u0111\u1ee9ng d\u1ec5 t\u1ea3i...\" \/>\n<meta property=\"og:url\" content=\"https:\/\/htiscientific.vn\/en\/product\/dsc-4000\/\" \/>\n<meta property=\"og:site_name\" content=\"HTI Scientific\" \/>\n<meta property=\"article:publisher\" content=\"https:\/\/www.facebook.com\/htiscientific.vn\" \/>\n<meta property=\"article:modified_time\" content=\"2025-05-30T07:17:10+00:00\" \/>\n<meta property=\"og:image\" content=\"https:\/\/htiscientific.vn\/wp-content\/uploads\/2025\/05\/dsc4000.png\" \/>\n\t<meta property=\"og:image:width\" content=\"500\" \/>\n\t<meta property=\"og:image:height\" content=\"500\" \/>\n\t<meta property=\"og:image:type\" content=\"image\/png\" \/>\n<meta name=\"twitter:card\" content=\"summary_large_image\" \/>\n<meta name=\"twitter:label1\" content=\"Est. reading time\" \/>\n\t<meta name=\"twitter:data1\" content=\"1 minute\" \/>\n<script type=\"application\/ld+json\" class=\"yoast-schema-graph\">{\"@context\":\"https:\/\/schema.org\",\"@graph\":[{\"@type\":\"WebPage\",\"@id\":\"https:\/\/htiscientific.vn\/san-pham\/dsc-4000\/\",\"url\":\"https:\/\/htiscientific.vn\/san-pham\/dsc-4000\/\",\"name\":\"DSC 4000 - HTI Scientific\",\"isPartOf\":{\"@id\":\"https:\/\/htiscientific.vn\/#website\"},\"primaryImageOfPage\":{\"@id\":\"https:\/\/htiscientific.vn\/san-pham\/dsc-4000\/#primaryimage\"},\"image\":{\"@id\":\"https:\/\/htiscientific.vn\/san-pham\/dsc-4000\/#primaryimage\"},\"thumbnailUrl\":\"https:\/\/htiscientific.vn\/wp-content\/uploads\/2025\/05\/dsc4000.png\",\"datePublished\":\"2025-05-30T06:58:49+00:00\",\"dateModified\":\"2025-05-30T07:17:10+00:00\",\"description\":\"DSC 4000 mang l\u1ea1i k\u1ebft qu\u1ea3 ch\u1ea5t l\u01b0\u1ee3ng v\u00e0 hi\u1ec7u su\u1ea5t \u0111\u00e1ng tin c\u1eady. \u0110\u01b0\u1ee3c thi\u1ebft k\u1ebf \u0111\u1ec3 ch\u1ea1y t\u1ea5t c\u1ea3 c\u00e1c \u1ee9ng d\u1ee5ng th\u00f4ng th\u01b0\u1eddng bao g\u1ed3m m\u1ed9t l\u00f2 th\u1eb3ng \u0111\u1ee9ng d\u1ec5 t\u1ea3i...\",\"breadcrumb\":{\"@id\":\"https:\/\/htiscientific.vn\/san-pham\/dsc-4000\/#breadcrumb\"},\"inLanguage\":\"en-US\",\"potentialAction\":[{\"@type\":\"ReadAction\",\"target\":[\"https:\/\/htiscientific.vn\/san-pham\/dsc-4000\/\"]}]},{\"@type\":\"ImageObject\",\"inLanguage\":\"en-US\",\"@id\":\"https:\/\/htiscientific.vn\/san-pham\/dsc-4000\/#primaryimage\",\"url\":\"https:\/\/htiscientific.vn\/wp-content\/uploads\/2025\/05\/dsc4000.png\",\"contentUrl\":\"https:\/\/htiscientific.vn\/wp-content\/uploads\/2025\/05\/dsc4000.png\",\"width\":500,\"height\":500,\"caption\":\"DSC 4000\"},{\"@type\":\"BreadcrumbList\",\"@id\":\"https:\/\/htiscientific.vn\/san-pham\/dsc-4000\/#breadcrumb\",\"itemListElement\":[{\"@type\":\"ListItem\",\"position\":1,\"name\":\"Trang ch\u1ee7\",\"item\":\"https:\/\/htiscientific.vn\/\"},{\"@type\":\"ListItem\",\"position\":2,\"name\":\"C\u1eeda h\u00e0ng\",\"item\":\"https:\/\/htiscientific.vn\/cua-hang\/\"},{\"@type\":\"ListItem\",\"position\":3,\"name\":\"\u0110o nhi\u1ec7t l\u01b0\u1ee3ng vi sai (DSC)\",\"item\":\"https:\/\/htiscientific.vn\/danh-muc-san-pham\/do-nhiet-luong-vi-sai-dsc\/\"},{\"@type\":\"ListItem\",\"position\":4,\"name\":\"DSC 4000\"}]},{\"@type\":\"WebSite\",\"@id\":\"https:\/\/htiscientific.vn\/#website\",\"url\":\"https:\/\/htiscientific.vn\/\",\"name\":\"HTI Scientific\",\"description\":\"HTI Scientific\",\"publisher\":{\"@id\":\"https:\/\/htiscientific.vn\/#organization\"},\"potentialAction\":[{\"@type\":\"SearchAction\",\"target\":{\"@type\":\"EntryPoint\",\"urlTemplate\":\"https:\/\/htiscientific.vn\/?s={search_term_string}\"},\"query-input\":{\"@type\":\"PropertyValueSpecification\",\"valueRequired\":true,\"valueName\":\"search_term_string\"}}],\"inLanguage\":\"en-US\"},{\"@type\":\"Organization\",\"@id\":\"https:\/\/htiscientific.vn\/#organization\",\"name\":\"HTI Scientific\",\"alternateName\":\"HTI Scientific\",\"url\":\"https:\/\/htiscientific.vn\/\",\"logo\":{\"@type\":\"ImageObject\",\"inLanguage\":\"en-US\",\"@id\":\"https:\/\/htiscientific.vn\/#\/schema\/logo\/image\/\",\"url\":\"https:\/\/htiscientific.vn\/wp-content\/uploads\/2025\/03\/ava-hti-copy.jpg\",\"contentUrl\":\"https:\/\/htiscientific.vn\/wp-content\/uploads\/2025\/03\/ava-hti-copy.jpg\",\"width\":700,\"height\":450,\"caption\":\"HTI Scientific\"},\"image\":{\"@id\":\"https:\/\/htiscientific.vn\/#\/schema\/logo\/image\/\"},\"sameAs\":[\"https:\/\/www.facebook.com\/htiscientific.vn\"]}]}<\/script>\n<!-- \/ Yoast SEO plugin. -->","yoast_head_json":{"title":"DSC 4000 - HTI Scientific","description":"DSC 4000 mang l\u1ea1i k\u1ebft qu\u1ea3 ch\u1ea5t l\u01b0\u1ee3ng v\u00e0 hi\u1ec7u su\u1ea5t \u0111\u00e1ng tin c\u1eady. \u0110\u01b0\u1ee3c thi\u1ebft k\u1ebf \u0111\u1ec3 ch\u1ea1y t\u1ea5t c\u1ea3 c\u00e1c \u1ee9ng d\u1ee5ng th\u00f4ng th\u01b0\u1eddng bao g\u1ed3m m\u1ed9t l\u00f2 th\u1eb3ng \u0111\u1ee9ng d\u1ec5 t\u1ea3i...","robots":{"index":"index","follow":"follow","max-snippet":"max-snippet:-1","max-image-preview":"max-image-preview:large","max-video-preview":"max-video-preview:-1"},"canonical":"https:\/\/htiscientific.vn\/en\/product\/dsc-4000\/","og_locale":"en_US","og_type":"article","og_title":"DSC 4000 - HTI Scientific","og_description":"DSC 4000 mang l\u1ea1i k\u1ebft qu\u1ea3 ch\u1ea5t l\u01b0\u1ee3ng v\u00e0 hi\u1ec7u su\u1ea5t \u0111\u00e1ng tin c\u1eady. \u0110\u01b0\u1ee3c thi\u1ebft k\u1ebf \u0111\u1ec3 ch\u1ea1y t\u1ea5t c\u1ea3 c\u00e1c \u1ee9ng d\u1ee5ng th\u00f4ng th\u01b0\u1eddng bao g\u1ed3m m\u1ed9t l\u00f2 th\u1eb3ng \u0111\u1ee9ng d\u1ec5 t\u1ea3i...","og_url":"https:\/\/htiscientific.vn\/en\/product\/dsc-4000\/","og_site_name":"HTI Scientific","article_publisher":"https:\/\/www.facebook.com\/htiscientific.vn","article_modified_time":"2025-05-30T07:17:10+00:00","og_image":[{"width":500,"height":500,"url":"https:\/\/htiscientific.vn\/wp-content\/uploads\/2025\/05\/dsc4000.png","type":"image\/png"}],"twitter_card":"summary_large_image","twitter_misc":{"Est. reading time":"1 minute"},"schema":{"@context":"https:\/\/schema.org","@graph":[{"@type":"WebPage","@id":"https:\/\/htiscientific.vn\/san-pham\/dsc-4000\/","url":"https:\/\/htiscientific.vn\/san-pham\/dsc-4000\/","name":"DSC 4000 - HTI Scientific","isPartOf":{"@id":"https:\/\/htiscientific.vn\/#website"},"primaryImageOfPage":{"@id":"https:\/\/htiscientific.vn\/san-pham\/dsc-4000\/#primaryimage"},"image":{"@id":"https:\/\/htiscientific.vn\/san-pham\/dsc-4000\/#primaryimage"},"thumbnailUrl":"https:\/\/htiscientific.vn\/wp-content\/uploads\/2025\/05\/dsc4000.png","datePublished":"2025-05-30T06:58:49+00:00","dateModified":"2025-05-30T07:17:10+00:00","description":"DSC 4000 mang l\u1ea1i k\u1ebft qu\u1ea3 ch\u1ea5t l\u01b0\u1ee3ng v\u00e0 hi\u1ec7u su\u1ea5t \u0111\u00e1ng tin c\u1eady. \u0110\u01b0\u1ee3c thi\u1ebft k\u1ebf \u0111\u1ec3 ch\u1ea1y t\u1ea5t c\u1ea3 c\u00e1c \u1ee9ng d\u1ee5ng th\u00f4ng th\u01b0\u1eddng bao g\u1ed3m m\u1ed9t l\u00f2 th\u1eb3ng \u0111\u1ee9ng d\u1ec5 t\u1ea3i...","breadcrumb":{"@id":"https:\/\/htiscientific.vn\/san-pham\/dsc-4000\/#breadcrumb"},"inLanguage":"en-US","potentialAction":[{"@type":"ReadAction","target":["https:\/\/htiscientific.vn\/san-pham\/dsc-4000\/"]}]},{"@type":"ImageObject","inLanguage":"en-US","@id":"https:\/\/htiscientific.vn\/san-pham\/dsc-4000\/#primaryimage","url":"https:\/\/htiscientific.vn\/wp-content\/uploads\/2025\/05\/dsc4000.png","contentUrl":"https:\/\/htiscientific.vn\/wp-content\/uploads\/2025\/05\/dsc4000.png","width":500,"height":500,"caption":"DSC 4000"},{"@type":"BreadcrumbList","@id":"https:\/\/htiscientific.vn\/san-pham\/dsc-4000\/#breadcrumb","itemListElement":[{"@type":"ListItem","position":1,"name":"Trang ch\u1ee7","item":"https:\/\/htiscientific.vn\/"},{"@type":"ListItem","position":2,"name":"C\u1eeda h\u00e0ng","item":"https:\/\/htiscientific.vn\/cua-hang\/"},{"@type":"ListItem","position":3,"name":"\u0110o nhi\u1ec7t l\u01b0\u1ee3ng vi sai (DSC)","item":"https:\/\/htiscientific.vn\/danh-muc-san-pham\/do-nhiet-luong-vi-sai-dsc\/"},{"@type":"ListItem","position":4,"name":"DSC 4000"}]},{"@type":"WebSite","@id":"https:\/\/htiscientific.vn\/#website","url":"https:\/\/htiscientific.vn\/","name":"HTI Scientific","description":"HTI Scientific","publisher":{"@id":"https:\/\/htiscientific.vn\/#organization"},"potentialAction":[{"@type":"SearchAction","target":{"@type":"EntryPoint","urlTemplate":"https:\/\/htiscientific.vn\/?s={search_term_string}"},"query-input":{"@type":"PropertyValueSpecification","valueRequired":true,"valueName":"search_term_string"}}],"inLanguage":"en-US"},{"@type":"Organization","@id":"https:\/\/htiscientific.vn\/#organization","name":"HTI Scientific","alternateName":"HTI Scientific","url":"https:\/\/htiscientific.vn\/","logo":{"@type":"ImageObject","inLanguage":"en-US","@id":"https:\/\/htiscientific.vn\/#\/schema\/logo\/image\/","url":"https:\/\/htiscientific.vn\/wp-content\/uploads\/2025\/03\/ava-hti-copy.jpg","contentUrl":"https:\/\/htiscientific.vn\/wp-content\/uploads\/2025\/03\/ava-hti-copy.jpg","width":700,"height":450,"caption":"HTI Scientific"},"image":{"@id":"https:\/\/htiscientific.vn\/#\/schema\/logo\/image\/"},"sameAs":["https:\/\/www.facebook.com\/htiscientific.vn"]}]}},"_links":{"self":[{"href":"https:\/\/htiscientific.vn\/en\/wp-json\/wp\/v2\/product\/1508","targetHints":{"allow":["GET"]}}],"collection":[{"href":"https:\/\/htiscientific.vn\/en\/wp-json\/wp\/v2\/product"}],"about":[{"href":"https:\/\/htiscientific.vn\/en\/wp-json\/wp\/v2\/types\/product"}],"wp:featuredmedia":[{"embeddable":true,"href":"https:\/\/htiscientific.vn\/en\/wp-json\/wp\/v2\/media\/1510"}],"wp:attachment":[{"href":"https:\/\/htiscientific.vn\/en\/wp-json\/wp\/v2\/media?parent=1508"}],"wp:term":[{"taxonomy":"product_brand","embeddable":true,"href":"https:\/\/htiscientific.vn\/en\/wp-json\/wp\/v2\/product_brand?post=1508"},{"taxonomy":"product_cat","embeddable":true,"href":"https:\/\/htiscientific.vn\/en\/wp-json\/wp\/v2\/product_cat?post=1508"},{"taxonomy":"product_tag","embeddable":true,"href":"https:\/\/htiscientific.vn\/en\/wp-json\/wp\/v2\/product_tag?post=1508"}],"curies":[{"name":"wp","href":"https:\/\/api.w.org\/{rel}","templated":true}]}}