{"id":1314,"date":"2025-05-08T17:29:42","date_gmt":"2025-05-08T10:29:42","guid":{"rendered":"https:\/\/htiscientific.vn\/?post_type=product&#038;p=1314"},"modified":"2025-05-16T10:28:27","modified_gmt":"2025-05-16T03:28:27","slug":"thiet-bi-do-dan-dien-online-led-320","status":"publish","type":"product","link":"https:\/\/htiscientific.vn\/en\/product\/thiet-bi-do-dan-dien-online-led-320\/","title":{"rendered":"Thi\u1ebft b\u1ecb \u0111o d\u1eabn \u0111i\u1ec7n online Led 320"},"content":{"rendered":"<p><span style=\"color: #000000;\"><strong>Thi\u1ebft B\u1ecb \u0110o D\u1eabn \u0110i\u1ec7n Online LED 320<\/strong><\/span><\/p>\n<p><span style=\"color: #000000;\"><strong>Model:<\/strong> LED 320<\/span><br \/>\n<span style=\"color: #000000;\"><strong>H\u00e3ng s\u1ea3n xu\u1ea5t:<\/strong> NEPTEC GmbH<\/span><br \/>\n<span style=\"color: #000000;\"><strong>Xu\u1ea5t x\u1ee9:<\/strong> \u0110\u1ee9c<\/span><\/p>\n<p><span style=\"color: #000000;\"><strong>\u0110\u1eb7c \u0111i\u1ec3m n\u1ed5i b\u1eadt:<\/strong><\/span><\/p>\n<ul>\n<li><span style=\"color: #000000;\">\u0110\u1ed3ng h\u1ed3 \u0111o \u0111\u1ed9 d\u1eabn \u0111i\u1ec7n LED 320 l\u00e0 thi\u1ebft b\u1ecb \u0111\u01a1n gi\u1ea3n nh\u01b0ng hi\u1ec7u qu\u1ea3, gi\u00fap \u0111o \u0111\u1ed9 d\u1eabn \u0111i\u1ec7n li\u00ean t\u1ee5c v\u00e0 \u0111\u00e1ng tin c\u1eady c\u1ee7a n\u01b0\u1edbc tinh khi\u1ebft t\u1eeb c\u00e1c cartridge trao \u0111\u1ed5i ion.<\/span><\/li>\n<li><span style=\"color: #000000;\">M\u00e0n h\u00ecnh LED v\u1edbi d\u1ea3i \u0111o l\u00ean \u0111\u1ebfn 20 \u00b5S\/cm, gi\u00fap theo d\u00f5i \u0111\u1ed9 d\u1eabn \u0111i\u1ec7n v\u1edbi s\u1ef1 chuy\u1ec3n \u0111\u1ed5i m\u00e0u s\u1eafc r\u00f5 r\u00e0ng t\u1eeb xanh (d\u01b0\u1edbi 10 \u00b5S\/cm) sang v\u00e0ng (10-20 \u00b5S\/cm) v\u00e0 \u0111\u1ecf (tr\u00ean 20 \u00b5S\/cm).<\/span><\/li>\n<li><span style=\"color: #000000;\">Th\u00edch h\u1ee3p s\u1eed d\u1ee5ng trong c\u00e1c ph\u00f2ng th\u00ed nghi\u1ec7m, c\u01a1 s\u1edf y t\u1ebf v\u00e0 c\u00f4ng nghi\u1ec7p.<\/span><\/li>\n<li><span style=\"color: #000000;\">Cung c\u1ea5p k\u00e8m theo b\u1ed9 c\u1ea3m bi\u1ebfn \u0111o, b\u1ed9 n\u1ed1i T v\u00e0 b\u1ed9 \u1ed1ng d\u1eabn d\u00e0i 1,5m (2 \u1ed1ng).<\/span><\/li>\n<li><span style=\"color: #000000;\">Thi\u1ebft b\u1ecb s\u1eed d\u1ee5ng pin 3V v\u1edbi th\u1eddi gian s\u1eed d\u1ee5ng l\u00ean \u0111\u1ebfn kho\u1ea3ng 5 n\u0103m.<\/span><\/li>\n<\/ul>\n<p><span style=\"color: #000000;\"><strong>Th\u00f4ng s\u1ed1 k\u1ef9 thu\u1eadt Thi\u1ebft b\u1ecb \u0111o d\u1eabn \u0111i\u1ec7n online Led 320<\/strong><\/span><\/p>\n<ul>\n<li><span style=\"color: #000000;\"><strong>D\u1ea3i \u0111o:<\/strong> 0,1 &#8211; 20 \u00b5S\/cm<\/span><\/li>\n<li><span style=\"color: #000000;\"><strong>Chuy\u1ec3n \u0111\u1ed5i m\u00e0u LED:<\/strong> Xanh (&lt;10 \u00b5S\/cm), V\u00e0ng (10-20 \u00b5S\/cm), \u0110\u1ecf (&gt;20 \u00b5S\/cm, +\/- 10%)<\/span><\/li>\n<li><span style=\"color: #000000;\"><strong>\u00c1p su\u1ea5t t\u1ed1i \u0111a:<\/strong> 8 bar<\/span><\/li>\n<li><span style=\"color: #000000;\"><strong>K\u1ebft n\u1ed1i \u0111i\u1ec7n:<\/strong> Pin 3V (tu\u1ed5i th\u1ecd kho\u1ea3ng 5 n\u0103m)<\/span><\/li>\n<li><span style=\"color: #000000;\"><strong>Ch\u1ea5t li\u1ec7u:<\/strong> POM<\/span><\/li>\n<li><span style=\"color: #000000;\"><strong>L\u1eafp \u0111\u1eb7t:<\/strong> Tr\u00ean cartridge<\/span><\/li>\n<li><span style=\"color: #000000;\"><strong>K\u1ebft n\u1ed1i:<\/strong> R \u00be\u201c<\/span><\/li>\n<li><span style=\"color: #000000;\"><strong>Hi\u1ec3n th\u1ecb:<\/strong> LED<\/span><\/li>\n<\/ul>","protected":false},"excerpt":{"rendered":"<p><span style=\"color: #000000;\">Thi\u1ebft b\u1ecb \u0111o d\u1eabn \u0111i\u1ec7n online Led 320 v\u1edbi d\u1ea3i \u0111o l\u00ean \u0111\u1ebfn 20 \u00b5S\/cm, gi\u00fap theo d\u00f5i \u0111\u1ed9 d\u1eabn \u0111i\u1ec7n v\u1edbi s\u1ef1 chuy\u1ec3n \u0111\u1ed5i m\u00e0u s\u1eafc r\u00f5 r\u00e0ng t\u1eeb xanh (d\u01b0\u1edbi 10 \u00b5S\/cm) sang v\u00e0ng (10-20 \u00b5S\/cm) v\u00e0 \u0111\u1ecf (tr\u00ean 20 \u00b5S\/cm).<\/span><\/p>\n<p><span style=\"color: #000000;\">\u1ee8ng d\u1ee5ng trong c\u00e1c ph\u00f2ng th\u00ed nghi\u1ec7m, c\u01a1 s\u1edf y t\u1ebf v\u00e0 c\u00f4ng nghi\u1ec7p.<\/span><\/p>","protected":false},"featured_media":1445,"template":"","meta":{"inline_featured_image":false},"product_brand":[107],"product_cat":[113,111],"product_tag":[],"class_list":{"0":"post-1314","1":"product","2":"type-product","3":"status-publish","4":"has-post-thumbnail","6":"product_brand-neptec","7":"product_cat-he-thong-loc-nuoc","8":"product_cat-he-thong-trao-doi-ion-va-thiet-bi-do-do-dan-dien-online","10":"first","11":"instock","12":"shipping-taxable","13":"product-type-simple"},"yoast_head":"<!-- This site is optimized with the Yoast SEO plugin v24.7 - https:\/\/yoast.com\/wordpress\/plugins\/seo\/ -->\n<title>Thi\u1ebft b\u1ecb \u0111o d\u1eabn \u0111i\u1ec7n online Led 320 - HTI Scientific<\/title>\n<meta name=\"description\" content=\"Thi\u1ebft b\u1ecb \u0111o d\u1eabn \u0111i\u1ec7n online Led 320 v\u1edbi d\u1ea3i \u0111o t\u1eeb 0,1 - 20 \u00b5S\/cm. \u1ee8ng d\u1ee5ng trong c\u00e1c ph\u00f2ng th\u00ed nghi\u1ec7m, c\u01a1 s\u1edf y t\u1ebf v\u00e0 c\u00f4ng nghi\u1ec7p\" \/>\n<meta name=\"robots\" content=\"index, follow, max-snippet:-1, max-image-preview:large, max-video-preview:-1\" \/>\n<link rel=\"canonical\" href=\"https:\/\/htiscientific.vn\/en\/product\/thiet-bi-do-dan-dien-online-led-320\/\" \/>\n<meta property=\"og:locale\" content=\"en_US\" \/>\n<meta property=\"og:type\" content=\"article\" \/>\n<meta property=\"og:title\" content=\"Thi\u1ebft b\u1ecb \u0111o d\u1eabn \u0111i\u1ec7n online Led 320 - HTI Scientific\" \/>\n<meta property=\"og:description\" content=\"Thi\u1ebft b\u1ecb \u0111o d\u1eabn \u0111i\u1ec7n online Led 320 v\u1edbi d\u1ea3i \u0111o t\u1eeb 0,1 - 20 \u00b5S\/cm. \u1ee8ng d\u1ee5ng trong c\u00e1c ph\u00f2ng th\u00ed nghi\u1ec7m, c\u01a1 s\u1edf y t\u1ebf v\u00e0 c\u00f4ng nghi\u1ec7p\" \/>\n<meta property=\"og:url\" content=\"https:\/\/htiscientific.vn\/en\/product\/thiet-bi-do-dan-dien-online-led-320\/\" \/>\n<meta property=\"og:site_name\" content=\"HTI Scientific\" \/>\n<meta property=\"article:publisher\" content=\"https:\/\/www.facebook.com\/htiscientific.vn\" \/>\n<meta property=\"article:modified_time\" content=\"2025-05-16T03:28:27+00:00\" \/>\n<meta property=\"og:image\" content=\"https:\/\/htiscientific.vn\/wp-content\/uploads\/2025\/05\/led-320-1.jpg\" \/>\n\t<meta property=\"og:image:width\" content=\"1000\" \/>\n\t<meta property=\"og:image:height\" content=\"1000\" \/>\n\t<meta property=\"og:image:type\" content=\"image\/jpeg\" \/>\n<meta name=\"twitter:card\" content=\"summary_large_image\" \/>\n<meta name=\"twitter:label1\" content=\"Est. reading time\" \/>\n\t<meta name=\"twitter:data1\" content=\"2 minutes\" \/>\n<script type=\"application\/ld+json\" class=\"yoast-schema-graph\">{\"@context\":\"https:\/\/schema.org\",\"@graph\":[{\"@type\":\"WebPage\",\"@id\":\"https:\/\/htiscientific.vn\/san-pham\/thiet-bi-do-dan-dien-online-led-320\/\",\"url\":\"https:\/\/htiscientific.vn\/san-pham\/thiet-bi-do-dan-dien-online-led-320\/\",\"name\":\"Thi\u1ebft b\u1ecb \u0111o d\u1eabn \u0111i\u1ec7n online Led 320 - HTI Scientific\",\"isPartOf\":{\"@id\":\"https:\/\/htiscientific.vn\/#website\"},\"primaryImageOfPage\":{\"@id\":\"https:\/\/htiscientific.vn\/san-pham\/thiet-bi-do-dan-dien-online-led-320\/#primaryimage\"},\"image\":{\"@id\":\"https:\/\/htiscientific.vn\/san-pham\/thiet-bi-do-dan-dien-online-led-320\/#primaryimage\"},\"thumbnailUrl\":\"https:\/\/htiscientific.vn\/wp-content\/uploads\/2025\/05\/led-320-1.jpg\",\"datePublished\":\"2025-05-08T10:29:42+00:00\",\"dateModified\":\"2025-05-16T03:28:27+00:00\",\"description\":\"Thi\u1ebft b\u1ecb \u0111o d\u1eabn \u0111i\u1ec7n online Led 320 v\u1edbi d\u1ea3i \u0111o t\u1eeb 0,1 - 20 \u00b5S\/cm. \u1ee8ng d\u1ee5ng trong c\u00e1c ph\u00f2ng th\u00ed nghi\u1ec7m, c\u01a1 s\u1edf y t\u1ebf v\u00e0 c\u00f4ng nghi\u1ec7p\",\"breadcrumb\":{\"@id\":\"https:\/\/htiscientific.vn\/san-pham\/thiet-bi-do-dan-dien-online-led-320\/#breadcrumb\"},\"inLanguage\":\"en-US\",\"potentialAction\":[{\"@type\":\"ReadAction\",\"target\":[\"https:\/\/htiscientific.vn\/san-pham\/thiet-bi-do-dan-dien-online-led-320\/\"]}]},{\"@type\":\"ImageObject\",\"inLanguage\":\"en-US\",\"@id\":\"https:\/\/htiscientific.vn\/san-pham\/thiet-bi-do-dan-dien-online-led-320\/#primaryimage\",\"url\":\"https:\/\/htiscientific.vn\/wp-content\/uploads\/2025\/05\/led-320-1.jpg\",\"contentUrl\":\"https:\/\/htiscientific.vn\/wp-content\/uploads\/2025\/05\/led-320-1.jpg\",\"width\":1000,\"height\":1000,\"caption\":\"Led 320\"},{\"@type\":\"BreadcrumbList\",\"@id\":\"https:\/\/htiscientific.vn\/san-pham\/thiet-bi-do-dan-dien-online-led-320\/#breadcrumb\",\"itemListElement\":[{\"@type\":\"ListItem\",\"position\":1,\"name\":\"Trang ch\u1ee7\",\"item\":\"https:\/\/htiscientific.vn\/\"},{\"@type\":\"ListItem\",\"position\":2,\"name\":\"C\u1eeda h\u00e0ng\",\"item\":\"https:\/\/htiscientific.vn\/cua-hang\/\"},{\"@type\":\"ListItem\",\"position\":3,\"name\":\"H\u1ec7 th\u1ed1ng trao \u0111\u1ed5i ion v\u00e0 thi\u1ebft b\u1ecb \u0111o \u0111\u1ed9 d\u1eabn \u0111i\u1ec7n online\",\"item\":\"https:\/\/htiscientific.vn\/danh-muc-san-pham\/he-thong-trao-doi-ion-va-thiet-bi-do-do-dan-dien-online\/\"},{\"@type\":\"ListItem\",\"position\":4,\"name\":\"Thi\u1ebft b\u1ecb \u0111o d\u1eabn \u0111i\u1ec7n online Led 320\"}]},{\"@type\":\"WebSite\",\"@id\":\"https:\/\/htiscientific.vn\/#website\",\"url\":\"https:\/\/htiscientific.vn\/\",\"name\":\"HTI Scientific\",\"description\":\"HTI Scientific\",\"publisher\":{\"@id\":\"https:\/\/htiscientific.vn\/#organization\"},\"potentialAction\":[{\"@type\":\"SearchAction\",\"target\":{\"@type\":\"EntryPoint\",\"urlTemplate\":\"https:\/\/htiscientific.vn\/?s={search_term_string}\"},\"query-input\":{\"@type\":\"PropertyValueSpecification\",\"valueRequired\":true,\"valueName\":\"search_term_string\"}}],\"inLanguage\":\"en-US\"},{\"@type\":\"Organization\",\"@id\":\"https:\/\/htiscientific.vn\/#organization\",\"name\":\"HTI Scientific\",\"alternateName\":\"HTI Scientific\",\"url\":\"https:\/\/htiscientific.vn\/\",\"logo\":{\"@type\":\"ImageObject\",\"inLanguage\":\"en-US\",\"@id\":\"https:\/\/htiscientific.vn\/#\/schema\/logo\/image\/\",\"url\":\"https:\/\/htiscientific.vn\/wp-content\/uploads\/2025\/03\/ava-hti-copy.jpg\",\"contentUrl\":\"https:\/\/htiscientific.vn\/wp-content\/uploads\/2025\/03\/ava-hti-copy.jpg\",\"width\":700,\"height\":450,\"caption\":\"HTI Scientific\"},\"image\":{\"@id\":\"https:\/\/htiscientific.vn\/#\/schema\/logo\/image\/\"},\"sameAs\":[\"https:\/\/www.facebook.com\/htiscientific.vn\"]}]}<\/script>\n<!-- \/ Yoast SEO plugin. -->","yoast_head_json":{"title":"Thi\u1ebft b\u1ecb \u0111o d\u1eabn \u0111i\u1ec7n online Led 320 - HTI Scientific","description":"Thi\u1ebft b\u1ecb \u0111o d\u1eabn \u0111i\u1ec7n online Led 320 v\u1edbi d\u1ea3i \u0111o t\u1eeb 0,1 - 20 \u00b5S\/cm. \u1ee8ng d\u1ee5ng trong c\u00e1c ph\u00f2ng th\u00ed nghi\u1ec7m, c\u01a1 s\u1edf y t\u1ebf v\u00e0 c\u00f4ng nghi\u1ec7p","robots":{"index":"index","follow":"follow","max-snippet":"max-snippet:-1","max-image-preview":"max-image-preview:large","max-video-preview":"max-video-preview:-1"},"canonical":"https:\/\/htiscientific.vn\/en\/product\/thiet-bi-do-dan-dien-online-led-320\/","og_locale":"en_US","og_type":"article","og_title":"Thi\u1ebft b\u1ecb \u0111o d\u1eabn \u0111i\u1ec7n online Led 320 - HTI Scientific","og_description":"Thi\u1ebft b\u1ecb \u0111o d\u1eabn \u0111i\u1ec7n online Led 320 v\u1edbi d\u1ea3i \u0111o t\u1eeb 0,1 - 20 \u00b5S\/cm. \u1ee8ng d\u1ee5ng trong c\u00e1c ph\u00f2ng th\u00ed nghi\u1ec7m, c\u01a1 s\u1edf y t\u1ebf v\u00e0 c\u00f4ng nghi\u1ec7p","og_url":"https:\/\/htiscientific.vn\/en\/product\/thiet-bi-do-dan-dien-online-led-320\/","og_site_name":"HTI Scientific","article_publisher":"https:\/\/www.facebook.com\/htiscientific.vn","article_modified_time":"2025-05-16T03:28:27+00:00","og_image":[{"width":1000,"height":1000,"url":"https:\/\/htiscientific.vn\/wp-content\/uploads\/2025\/05\/led-320-1.jpg","type":"image\/jpeg"}],"twitter_card":"summary_large_image","twitter_misc":{"Est. reading time":"2 minutes"},"schema":{"@context":"https:\/\/schema.org","@graph":[{"@type":"WebPage","@id":"https:\/\/htiscientific.vn\/san-pham\/thiet-bi-do-dan-dien-online-led-320\/","url":"https:\/\/htiscientific.vn\/san-pham\/thiet-bi-do-dan-dien-online-led-320\/","name":"Thi\u1ebft b\u1ecb \u0111o d\u1eabn \u0111i\u1ec7n online Led 320 - HTI Scientific","isPartOf":{"@id":"https:\/\/htiscientific.vn\/#website"},"primaryImageOfPage":{"@id":"https:\/\/htiscientific.vn\/san-pham\/thiet-bi-do-dan-dien-online-led-320\/#primaryimage"},"image":{"@id":"https:\/\/htiscientific.vn\/san-pham\/thiet-bi-do-dan-dien-online-led-320\/#primaryimage"},"thumbnailUrl":"https:\/\/htiscientific.vn\/wp-content\/uploads\/2025\/05\/led-320-1.jpg","datePublished":"2025-05-08T10:29:42+00:00","dateModified":"2025-05-16T03:28:27+00:00","description":"Thi\u1ebft b\u1ecb \u0111o d\u1eabn \u0111i\u1ec7n online Led 320 v\u1edbi d\u1ea3i \u0111o t\u1eeb 0,1 - 20 \u00b5S\/cm. \u1ee8ng d\u1ee5ng trong c\u00e1c ph\u00f2ng th\u00ed nghi\u1ec7m, c\u01a1 s\u1edf y t\u1ebf v\u00e0 c\u00f4ng nghi\u1ec7p","breadcrumb":{"@id":"https:\/\/htiscientific.vn\/san-pham\/thiet-bi-do-dan-dien-online-led-320\/#breadcrumb"},"inLanguage":"en-US","potentialAction":[{"@type":"ReadAction","target":["https:\/\/htiscientific.vn\/san-pham\/thiet-bi-do-dan-dien-online-led-320\/"]}]},{"@type":"ImageObject","inLanguage":"en-US","@id":"https:\/\/htiscientific.vn\/san-pham\/thiet-bi-do-dan-dien-online-led-320\/#primaryimage","url":"https:\/\/htiscientific.vn\/wp-content\/uploads\/2025\/05\/led-320-1.jpg","contentUrl":"https:\/\/htiscientific.vn\/wp-content\/uploads\/2025\/05\/led-320-1.jpg","width":1000,"height":1000,"caption":"Led 320"},{"@type":"BreadcrumbList","@id":"https:\/\/htiscientific.vn\/san-pham\/thiet-bi-do-dan-dien-online-led-320\/#breadcrumb","itemListElement":[{"@type":"ListItem","position":1,"name":"Trang ch\u1ee7","item":"https:\/\/htiscientific.vn\/"},{"@type":"ListItem","position":2,"name":"C\u1eeda h\u00e0ng","item":"https:\/\/htiscientific.vn\/cua-hang\/"},{"@type":"ListItem","position":3,"name":"H\u1ec7 th\u1ed1ng trao \u0111\u1ed5i ion v\u00e0 thi\u1ebft b\u1ecb \u0111o \u0111\u1ed9 d\u1eabn \u0111i\u1ec7n online","item":"https:\/\/htiscientific.vn\/danh-muc-san-pham\/he-thong-trao-doi-ion-va-thiet-bi-do-do-dan-dien-online\/"},{"@type":"ListItem","position":4,"name":"Thi\u1ebft b\u1ecb \u0111o d\u1eabn \u0111i\u1ec7n online Led 320"}]},{"@type":"WebSite","@id":"https:\/\/htiscientific.vn\/#website","url":"https:\/\/htiscientific.vn\/","name":"HTI Scientific","description":"HTI Scientific","publisher":{"@id":"https:\/\/htiscientific.vn\/#organization"},"potentialAction":[{"@type":"SearchAction","target":{"@type":"EntryPoint","urlTemplate":"https:\/\/htiscientific.vn\/?s={search_term_string}"},"query-input":{"@type":"PropertyValueSpecification","valueRequired":true,"valueName":"search_term_string"}}],"inLanguage":"en-US"},{"@type":"Organization","@id":"https:\/\/htiscientific.vn\/#organization","name":"HTI Scientific","alternateName":"HTI Scientific","url":"https:\/\/htiscientific.vn\/","logo":{"@type":"ImageObject","inLanguage":"en-US","@id":"https:\/\/htiscientific.vn\/#\/schema\/logo\/image\/","url":"https:\/\/htiscientific.vn\/wp-content\/uploads\/2025\/03\/ava-hti-copy.jpg","contentUrl":"https:\/\/htiscientific.vn\/wp-content\/uploads\/2025\/03\/ava-hti-copy.jpg","width":700,"height":450,"caption":"HTI Scientific"},"image":{"@id":"https:\/\/htiscientific.vn\/#\/schema\/logo\/image\/"},"sameAs":["https:\/\/www.facebook.com\/htiscientific.vn"]}]}},"_links":{"self":[{"href":"https:\/\/htiscientific.vn\/en\/wp-json\/wp\/v2\/product\/1314","targetHints":{"allow":["GET"]}}],"collection":[{"href":"https:\/\/htiscientific.vn\/en\/wp-json\/wp\/v2\/product"}],"about":[{"href":"https:\/\/htiscientific.vn\/en\/wp-json\/wp\/v2\/types\/product"}],"wp:featuredmedia":[{"embeddable":true,"href":"https:\/\/htiscientific.vn\/en\/wp-json\/wp\/v2\/media\/1445"}],"wp:attachment":[{"href":"https:\/\/htiscientific.vn\/en\/wp-json\/wp\/v2\/media?parent=1314"}],"wp:term":[{"taxonomy":"product_brand","embeddable":true,"href":"https:\/\/htiscientific.vn\/en\/wp-json\/wp\/v2\/product_brand?post=1314"},{"taxonomy":"product_cat","embeddable":true,"href":"https:\/\/htiscientific.vn\/en\/wp-json\/wp\/v2\/product_cat?post=1314"},{"taxonomy":"product_tag","embeddable":true,"href":"https:\/\/htiscientific.vn\/en\/wp-json\/wp\/v2\/product_tag?post=1314"}],"curies":[{"name":"wp","href":"https:\/\/api.w.org\/{rel}","templated":true}]}}