{"id":1313,"date":"2025-05-08T17:25:02","date_gmt":"2025-05-08T10:25:02","guid":{"rendered":"https:\/\/htiscientific.vn\/?post_type=product&#038;p=1313"},"modified":"2025-05-16T10:28:21","modified_gmt":"2025-05-16T03:28:21","slug":"thiet-bi-do-dan-dien-online-db-900","status":"publish","type":"product","link":"https:\/\/htiscientific.vn\/en\/product\/thiet-bi-do-dan-dien-online-db-900\/","title":{"rendered":"Thi\u1ebft B\u1ecb \u0110o D\u1eabn \u0110i\u1ec7n Online DB 900"},"content":{"rendered":"<p><span style=\"color: #000000;\"><strong>Thi\u1ebft B\u1ecb \u0110o D\u1eabn \u0110i\u1ec7n Online DB 900<\/strong><\/span><\/p>\n<p><span style=\"color: #000000;\"><strong>Model:<\/strong> DB 900<\/span><br \/>\n<span style=\"color: #000000;\"><strong>H\u00e3ng s\u1ea3n xu\u1ea5t:<\/strong> <a href=\"https:\/\/htiscientific.vn\/en\/hang-san-xuat\/neptec\/\">NEPTEC GmbH<\/a><\/span><br \/>\n<span style=\"color: #000000;\"><strong>Xu\u1ea5t x\u1ee9:<\/strong> \u0110\u1ee9c<\/span><\/p>\n<p><span style=\"color: #000000;\"><strong>\u0110\u1eb7c \u0111i\u1ec3m n\u1ed5i b\u1eadt:<\/strong><\/span><\/p>\n<ul>\n<li><span style=\"color: #000000;\">\u0110\u1ed3ng h\u1ed3 \u0111o \u0111\u1ed9 d\u1eabn \u0111i\u1ec7n k\u1ef9 thu\u1eadt s\u1ed1 DB 900 l\u00fd t\u01b0\u1edfng cho ki\u1ec3m so\u00e1t ch\u1ea5t l\u01b0\u1ee3ng v\u00e0 \u0111o tr\u1ef1c tuy\u1ebfn cho n\u01b0\u1edbc tinh khi\u1ebft v\u00e0 si\u00eau tinh khi\u1ebft.<\/span><\/li>\n<li><span style=\"color: #000000;\">M\u00e0n h\u00ecnh k\u1ef9 thu\u1eadt s\u1ed1 cho ph\u00e9p \u0111o \u0111\u1ed9 d\u1eabn \u0111i\u1ec7n v\u00e0 nhi\u1ec7t \u0111\u1ed9 v\u1edbi \u0111\u1ed9 ch\u00ednh x\u00e1c cao, ngay c\u1ea3 trong d\u1ea3i \u0111\u1ed9 d\u1eabn th\u1ea5p nh\u1ea5t.<\/span><\/li>\n<li><span style=\"color: #000000;\">Thi\u1ebft b\u1ecb c\u00f3 kh\u1ea3 n\u0103ng b\u00f9 tr\u1eeb nhi\u1ec7t \u0111\u1ed9 v\u00e0 c\u00f3 t\u00edn hi\u1ec7u c\u1ea3nh b\u00e1o c\u1ea3 \u00e2m thanh v\u00e0 th\u1ecb gi\u00e1c.<\/span><\/li>\n<li><span style=\"color: #000000;\">Thi\u1ebft k\u1ebf \u0111a n\u0103ng, c\u00f3 th\u1ec3 s\u1eed d\u1ee5ng cho c\u00e1c \u1ee9ng d\u1ee5ng nh\u01b0 \u0111o tr\u1ef1c tuy\u1ebfn cho c\u00e1c h\u1ec7 th\u1ed1ng trao \u0111\u1ed5i ion, th\u1ea9m th\u1ea5u ng\u01b0\u1ee3c ho\u1eb7c gi\u00e1m s\u00e1t c\u00e1c h\u1ec7 th\u1ed1ng v\u00f2ng tu\u1ea7n ho\u00e0n, v\u1edbi ti\u1ebfp \u0111i\u1ec3m kh\u00f4ng c\u00f3 \u0111i\u1ec7n.<\/span><\/li>\n<li><span style=\"color: #000000;\">L\u1eafp \u0111\u1eb7t d\u1ec5 d\u00e0ng tr\u00ean t\u01b0\u1eddng.<\/span><\/li>\n<\/ul>\n<p><span style=\"color: #000000;\"><strong>Th\u00f4ng s\u1ed1 k\u1ef9 thu\u1eadt thi\u1ebft b\u1ecb \u0111o d\u1eabn \u0111i\u1ec7n online DB 900<\/strong><\/span><\/p>\n<ul>\n<li><span style=\"color: #000000;\"><strong>D\u1ea3i \u0111o \u0111\u1ed9 d\u1eabn \u0111i\u1ec7n:<\/strong> 0,055 \u2013 20 \u00b5S\/cm<\/span><\/li>\n<li><span style=\"color: #000000;\"><strong>D\u1ea3i \u0111o nhi\u1ec7t \u0111\u1ed9:<\/strong> 5 \u2013 40\u00b0C<\/span><\/li>\n<li><span style=\"color: #000000;\"><strong>K\u1ebft n\u1ed1i \u0111i\u1ec7n:<\/strong> 230VAC ho\u1eb7c 24VDC \u2013 50\/60 Hz<\/span><\/li>\n<li><span style=\"color: #000000;\"><strong>L\u1eafp \u0111\u1eb7t:<\/strong> Tr\u00ean t\u01b0\u1eddng<\/span><\/li>\n<li><span style=\"color: #000000;\"><strong>K\u1ebft n\u1ed1i c\u1ea3m bi\u1ebfn \u0111o:<\/strong> R \u00be\u201c<\/span><\/li>\n<li><span style=\"color: #000000;\"><strong>Hi\u1ec3n th\u1ecb:<\/strong> K\u1ef9 thu\u1eadt s\u1ed1<\/span><\/li>\n<li><span style=\"color: #000000;\"><strong>\u0110i\u1ec1u ch\u1ec9nh gi\u1edbi h\u1ea1n:<\/strong> C\u00f3 th\u1ec3 \u0111i\u1ec1u ch\u1ec9nh t\u1ef1 do<\/span><\/li>\n<li><span style=\"color: #000000;\"><strong>T\u00ednh n\u0103ng b\u00f9 nhi\u1ec7t \u0111\u1ed9:<\/strong> Yes<\/span><\/li>\n<\/ul>","protected":false},"excerpt":{"rendered":"<p><span style=\"color: #000000;\">Thi\u1ebft b\u1ecb \u0111o d\u1eabn \u0111i\u1ec7n online DB 900 ki\u1ec3m so\u00e1t ch\u1ea5t l\u01b0\u1ee3ng v\u00e0 \u0111o tr\u1ef1c tuy\u1ebfn cho n\u01b0\u1edbc tinh khi\u1ebft v\u00e0 si\u00eau tinh khi\u1ebft.\u00a0<\/span><\/p>\n<p><span style=\"color: #000000;\">Thi\u1ebft k\u1ebf \u0111a n\u0103ng, c\u00f3 th\u1ec3 s\u1eed d\u1ee5ng cho c\u00e1c \u1ee9ng d\u1ee5ng nh\u01b0 \u0111o tr\u1ef1c tuy\u1ebfn cho c\u00e1c h\u1ec7 th\u1ed1ng trao \u0111\u1ed5i ion, th\u1ea9m th\u1ea5u ng\u01b0\u1ee3c ho\u1eb7c gi\u00e1m s\u00e1t c\u00e1c h\u1ec7 th\u1ed1ng v\u00f2ng tu\u1ea7n ho\u00e0n, v\u1edbi ti\u1ebfp \u0111i\u1ec3m kh\u00f4ng c\u00f3 \u0111i\u1ec7n<\/span><\/p>","protected":false},"featured_media":1434,"template":"","meta":{"inline_featured_image":false},"product_brand":[107],"product_cat":[113,111],"product_tag":[],"class_list":{"0":"post-1313","1":"product","2":"type-product","3":"status-publish","4":"has-post-thumbnail","6":"product_brand-neptec","7":"product_cat-he-thong-loc-nuoc","8":"product_cat-he-thong-trao-doi-ion-va-thiet-bi-do-do-dan-dien-online","10":"first","11":"instock","12":"shipping-taxable","13":"product-type-simple"},"yoast_head":"<!-- This site is optimized with the Yoast SEO plugin v24.7 - https:\/\/yoast.com\/wordpress\/plugins\/seo\/ -->\n<title>Thi\u1ebft B\u1ecb \u0110o D\u1eabn \u0110i\u1ec7n Online DB 900 - HTI Scientific<\/title>\n<meta name=\"description\" content=\"Thi\u1ebft b\u1ecb \u0111o d\u1eabn \u0111i\u1ec7n online DB 900 v\u1edbi d\u1ea3i \u0111o \u0111\u1ed9 d\u1eabn \u0111i\u1ec7n t\u1eeb 0,055 \u2013 20 \u00b5S\/cm, d\u1ea3i \u0111o nhi\u1ec7t \u0111\u1ed9 t\u1eeb 5 \u2013 40\u00b0C. \u1ee8ng d\u1ee5ng \u0111o tr\u1ef1c tuy\u1ebfn h\u1ec7 th\u1ed1ng trao \u0111\u1ed5i ion...\" \/>\n<meta name=\"robots\" content=\"index, follow, max-snippet:-1, max-image-preview:large, max-video-preview:-1\" \/>\n<link rel=\"canonical\" href=\"https:\/\/htiscientific.vn\/en\/product\/thiet-bi-do-dan-dien-online-db-900\/\" \/>\n<meta property=\"og:locale\" content=\"en_US\" \/>\n<meta property=\"og:type\" content=\"article\" \/>\n<meta property=\"og:title\" content=\"Thi\u1ebft B\u1ecb \u0110o D\u1eabn \u0110i\u1ec7n Online DB 900 - HTI Scientific\" \/>\n<meta property=\"og:description\" content=\"Thi\u1ebft b\u1ecb \u0111o d\u1eabn \u0111i\u1ec7n online DB 900 v\u1edbi d\u1ea3i \u0111o \u0111\u1ed9 d\u1eabn \u0111i\u1ec7n t\u1eeb 0,055 \u2013 20 \u00b5S\/cm, d\u1ea3i \u0111o nhi\u1ec7t \u0111\u1ed9 t\u1eeb 5 \u2013 40\u00b0C. \u1ee8ng d\u1ee5ng \u0111o tr\u1ef1c tuy\u1ebfn h\u1ec7 th\u1ed1ng trao \u0111\u1ed5i ion...\" \/>\n<meta property=\"og:url\" content=\"https:\/\/htiscientific.vn\/en\/product\/thiet-bi-do-dan-dien-online-db-900\/\" \/>\n<meta property=\"og:site_name\" content=\"HTI Scientific\" \/>\n<meta property=\"article:publisher\" content=\"https:\/\/www.facebook.com\/htiscientific.vn\" \/>\n<meta property=\"article:modified_time\" content=\"2025-05-16T03:28:21+00:00\" \/>\n<meta property=\"og:image\" content=\"https:\/\/htiscientific.vn\/wp-content\/uploads\/2025\/05\/db-900.jpg\" \/>\n\t<meta property=\"og:image:width\" content=\"1000\" \/>\n\t<meta property=\"og:image:height\" content=\"1000\" \/>\n\t<meta property=\"og:image:type\" content=\"image\/jpeg\" \/>\n<meta name=\"twitter:card\" content=\"summary_large_image\" \/>\n<meta name=\"twitter:label1\" content=\"Est. reading time\" \/>\n\t<meta name=\"twitter:data1\" content=\"2 minutes\" \/>\n<script type=\"application\/ld+json\" class=\"yoast-schema-graph\">{\"@context\":\"https:\/\/schema.org\",\"@graph\":[{\"@type\":\"WebPage\",\"@id\":\"https:\/\/htiscientific.vn\/san-pham\/thiet-bi-do-dan-dien-online-db-900\/\",\"url\":\"https:\/\/htiscientific.vn\/san-pham\/thiet-bi-do-dan-dien-online-db-900\/\",\"name\":\"Thi\u1ebft B\u1ecb \u0110o D\u1eabn \u0110i\u1ec7n Online DB 900 - HTI Scientific\",\"isPartOf\":{\"@id\":\"https:\/\/htiscientific.vn\/#website\"},\"primaryImageOfPage\":{\"@id\":\"https:\/\/htiscientific.vn\/san-pham\/thiet-bi-do-dan-dien-online-db-900\/#primaryimage\"},\"image\":{\"@id\":\"https:\/\/htiscientific.vn\/san-pham\/thiet-bi-do-dan-dien-online-db-900\/#primaryimage\"},\"thumbnailUrl\":\"https:\/\/htiscientific.vn\/wp-content\/uploads\/2025\/05\/db-900.jpg\",\"datePublished\":\"2025-05-08T10:25:02+00:00\",\"dateModified\":\"2025-05-16T03:28:21+00:00\",\"description\":\"Thi\u1ebft b\u1ecb \u0111o d\u1eabn \u0111i\u1ec7n online DB 900 v\u1edbi d\u1ea3i \u0111o \u0111\u1ed9 d\u1eabn \u0111i\u1ec7n t\u1eeb 0,055 \u2013 20 \u00b5S\/cm, d\u1ea3i \u0111o nhi\u1ec7t \u0111\u1ed9 t\u1eeb 5 \u2013 40\u00b0C. \u1ee8ng d\u1ee5ng \u0111o tr\u1ef1c tuy\u1ebfn h\u1ec7 th\u1ed1ng trao \u0111\u1ed5i ion...\",\"breadcrumb\":{\"@id\":\"https:\/\/htiscientific.vn\/san-pham\/thiet-bi-do-dan-dien-online-db-900\/#breadcrumb\"},\"inLanguage\":\"en-US\",\"potentialAction\":[{\"@type\":\"ReadAction\",\"target\":[\"https:\/\/htiscientific.vn\/san-pham\/thiet-bi-do-dan-dien-online-db-900\/\"]}]},{\"@type\":\"ImageObject\",\"inLanguage\":\"en-US\",\"@id\":\"https:\/\/htiscientific.vn\/san-pham\/thiet-bi-do-dan-dien-online-db-900\/#primaryimage\",\"url\":\"https:\/\/htiscientific.vn\/wp-content\/uploads\/2025\/05\/db-900.jpg\",\"contentUrl\":\"https:\/\/htiscientific.vn\/wp-content\/uploads\/2025\/05\/db-900.jpg\",\"width\":1000,\"height\":1000,\"caption\":\"DB 900\"},{\"@type\":\"BreadcrumbList\",\"@id\":\"https:\/\/htiscientific.vn\/san-pham\/thiet-bi-do-dan-dien-online-db-900\/#breadcrumb\",\"itemListElement\":[{\"@type\":\"ListItem\",\"position\":1,\"name\":\"Trang ch\u1ee7\",\"item\":\"https:\/\/htiscientific.vn\/\"},{\"@type\":\"ListItem\",\"position\":2,\"name\":\"C\u1eeda h\u00e0ng\",\"item\":\"https:\/\/htiscientific.vn\/cua-hang\/\"},{\"@type\":\"ListItem\",\"position\":3,\"name\":\"H\u1ec7 th\u1ed1ng trao \u0111\u1ed5i ion v\u00e0 thi\u1ebft b\u1ecb \u0111o \u0111\u1ed9 d\u1eabn \u0111i\u1ec7n online\",\"item\":\"https:\/\/htiscientific.vn\/danh-muc-san-pham\/he-thong-trao-doi-ion-va-thiet-bi-do-do-dan-dien-online\/\"},{\"@type\":\"ListItem\",\"position\":4,\"name\":\"Thi\u1ebft B\u1ecb \u0110o D\u1eabn \u0110i\u1ec7n Online DB 900\"}]},{\"@type\":\"WebSite\",\"@id\":\"https:\/\/htiscientific.vn\/#website\",\"url\":\"https:\/\/htiscientific.vn\/\",\"name\":\"HTI Scientific\",\"description\":\"HTI Scientific\",\"publisher\":{\"@id\":\"https:\/\/htiscientific.vn\/#organization\"},\"potentialAction\":[{\"@type\":\"SearchAction\",\"target\":{\"@type\":\"EntryPoint\",\"urlTemplate\":\"https:\/\/htiscientific.vn\/?s={search_term_string}\"},\"query-input\":{\"@type\":\"PropertyValueSpecification\",\"valueRequired\":true,\"valueName\":\"search_term_string\"}}],\"inLanguage\":\"en-US\"},{\"@type\":\"Organization\",\"@id\":\"https:\/\/htiscientific.vn\/#organization\",\"name\":\"HTI Scientific\",\"alternateName\":\"HTI Scientific\",\"url\":\"https:\/\/htiscientific.vn\/\",\"logo\":{\"@type\":\"ImageObject\",\"inLanguage\":\"en-US\",\"@id\":\"https:\/\/htiscientific.vn\/#\/schema\/logo\/image\/\",\"url\":\"https:\/\/htiscientific.vn\/wp-content\/uploads\/2025\/03\/ava-hti-copy.jpg\",\"contentUrl\":\"https:\/\/htiscientific.vn\/wp-content\/uploads\/2025\/03\/ava-hti-copy.jpg\",\"width\":700,\"height\":450,\"caption\":\"HTI Scientific\"},\"image\":{\"@id\":\"https:\/\/htiscientific.vn\/#\/schema\/logo\/image\/\"},\"sameAs\":[\"https:\/\/www.facebook.com\/htiscientific.vn\"]}]}<\/script>\n<!-- \/ Yoast SEO plugin. -->","yoast_head_json":{"title":"Thi\u1ebft B\u1ecb \u0110o D\u1eabn \u0110i\u1ec7n Online DB 900 - HTI Scientific","description":"Thi\u1ebft b\u1ecb \u0111o d\u1eabn \u0111i\u1ec7n online DB 900 v\u1edbi d\u1ea3i \u0111o \u0111\u1ed9 d\u1eabn \u0111i\u1ec7n t\u1eeb 0,055 \u2013 20 \u00b5S\/cm, d\u1ea3i \u0111o nhi\u1ec7t \u0111\u1ed9 t\u1eeb 5 \u2013 40\u00b0C. \u1ee8ng d\u1ee5ng \u0111o tr\u1ef1c tuy\u1ebfn h\u1ec7 th\u1ed1ng trao \u0111\u1ed5i ion...","robots":{"index":"index","follow":"follow","max-snippet":"max-snippet:-1","max-image-preview":"max-image-preview:large","max-video-preview":"max-video-preview:-1"},"canonical":"https:\/\/htiscientific.vn\/en\/product\/thiet-bi-do-dan-dien-online-db-900\/","og_locale":"en_US","og_type":"article","og_title":"Thi\u1ebft B\u1ecb \u0110o D\u1eabn \u0110i\u1ec7n Online DB 900 - HTI Scientific","og_description":"Thi\u1ebft b\u1ecb \u0111o d\u1eabn \u0111i\u1ec7n online DB 900 v\u1edbi d\u1ea3i \u0111o \u0111\u1ed9 d\u1eabn \u0111i\u1ec7n t\u1eeb 0,055 \u2013 20 \u00b5S\/cm, d\u1ea3i \u0111o nhi\u1ec7t \u0111\u1ed9 t\u1eeb 5 \u2013 40\u00b0C. \u1ee8ng d\u1ee5ng \u0111o tr\u1ef1c tuy\u1ebfn h\u1ec7 th\u1ed1ng trao \u0111\u1ed5i ion...","og_url":"https:\/\/htiscientific.vn\/en\/product\/thiet-bi-do-dan-dien-online-db-900\/","og_site_name":"HTI Scientific","article_publisher":"https:\/\/www.facebook.com\/htiscientific.vn","article_modified_time":"2025-05-16T03:28:21+00:00","og_image":[{"width":1000,"height":1000,"url":"https:\/\/htiscientific.vn\/wp-content\/uploads\/2025\/05\/db-900.jpg","type":"image\/jpeg"}],"twitter_card":"summary_large_image","twitter_misc":{"Est. reading time":"2 minutes"},"schema":{"@context":"https:\/\/schema.org","@graph":[{"@type":"WebPage","@id":"https:\/\/htiscientific.vn\/san-pham\/thiet-bi-do-dan-dien-online-db-900\/","url":"https:\/\/htiscientific.vn\/san-pham\/thiet-bi-do-dan-dien-online-db-900\/","name":"Thi\u1ebft B\u1ecb \u0110o D\u1eabn \u0110i\u1ec7n Online DB 900 - HTI Scientific","isPartOf":{"@id":"https:\/\/htiscientific.vn\/#website"},"primaryImageOfPage":{"@id":"https:\/\/htiscientific.vn\/san-pham\/thiet-bi-do-dan-dien-online-db-900\/#primaryimage"},"image":{"@id":"https:\/\/htiscientific.vn\/san-pham\/thiet-bi-do-dan-dien-online-db-900\/#primaryimage"},"thumbnailUrl":"https:\/\/htiscientific.vn\/wp-content\/uploads\/2025\/05\/db-900.jpg","datePublished":"2025-05-08T10:25:02+00:00","dateModified":"2025-05-16T03:28:21+00:00","description":"Thi\u1ebft b\u1ecb \u0111o d\u1eabn \u0111i\u1ec7n online DB 900 v\u1edbi d\u1ea3i \u0111o \u0111\u1ed9 d\u1eabn \u0111i\u1ec7n t\u1eeb 0,055 \u2013 20 \u00b5S\/cm, d\u1ea3i \u0111o nhi\u1ec7t \u0111\u1ed9 t\u1eeb 5 \u2013 40\u00b0C. \u1ee8ng d\u1ee5ng \u0111o tr\u1ef1c tuy\u1ebfn h\u1ec7 th\u1ed1ng trao \u0111\u1ed5i ion...","breadcrumb":{"@id":"https:\/\/htiscientific.vn\/san-pham\/thiet-bi-do-dan-dien-online-db-900\/#breadcrumb"},"inLanguage":"en-US","potentialAction":[{"@type":"ReadAction","target":["https:\/\/htiscientific.vn\/san-pham\/thiet-bi-do-dan-dien-online-db-900\/"]}]},{"@type":"ImageObject","inLanguage":"en-US","@id":"https:\/\/htiscientific.vn\/san-pham\/thiet-bi-do-dan-dien-online-db-900\/#primaryimage","url":"https:\/\/htiscientific.vn\/wp-content\/uploads\/2025\/05\/db-900.jpg","contentUrl":"https:\/\/htiscientific.vn\/wp-content\/uploads\/2025\/05\/db-900.jpg","width":1000,"height":1000,"caption":"DB 900"},{"@type":"BreadcrumbList","@id":"https:\/\/htiscientific.vn\/san-pham\/thiet-bi-do-dan-dien-online-db-900\/#breadcrumb","itemListElement":[{"@type":"ListItem","position":1,"name":"Trang ch\u1ee7","item":"https:\/\/htiscientific.vn\/"},{"@type":"ListItem","position":2,"name":"C\u1eeda h\u00e0ng","item":"https:\/\/htiscientific.vn\/cua-hang\/"},{"@type":"ListItem","position":3,"name":"H\u1ec7 th\u1ed1ng trao \u0111\u1ed5i ion v\u00e0 thi\u1ebft b\u1ecb \u0111o \u0111\u1ed9 d\u1eabn \u0111i\u1ec7n online","item":"https:\/\/htiscientific.vn\/danh-muc-san-pham\/he-thong-trao-doi-ion-va-thiet-bi-do-do-dan-dien-online\/"},{"@type":"ListItem","position":4,"name":"Thi\u1ebft B\u1ecb \u0110o D\u1eabn \u0110i\u1ec7n Online DB 900"}]},{"@type":"WebSite","@id":"https:\/\/htiscientific.vn\/#website","url":"https:\/\/htiscientific.vn\/","name":"HTI Scientific","description":"HTI Scientific","publisher":{"@id":"https:\/\/htiscientific.vn\/#organization"},"potentialAction":[{"@type":"SearchAction","target":{"@type":"EntryPoint","urlTemplate":"https:\/\/htiscientific.vn\/?s={search_term_string}"},"query-input":{"@type":"PropertyValueSpecification","valueRequired":true,"valueName":"search_term_string"}}],"inLanguage":"en-US"},{"@type":"Organization","@id":"https:\/\/htiscientific.vn\/#organization","name":"HTI Scientific","alternateName":"HTI Scientific","url":"https:\/\/htiscientific.vn\/","logo":{"@type":"ImageObject","inLanguage":"en-US","@id":"https:\/\/htiscientific.vn\/#\/schema\/logo\/image\/","url":"https:\/\/htiscientific.vn\/wp-content\/uploads\/2025\/03\/ava-hti-copy.jpg","contentUrl":"https:\/\/htiscientific.vn\/wp-content\/uploads\/2025\/03\/ava-hti-copy.jpg","width":700,"height":450,"caption":"HTI Scientific"},"image":{"@id":"https:\/\/htiscientific.vn\/#\/schema\/logo\/image\/"},"sameAs":["https:\/\/www.facebook.com\/htiscientific.vn"]}]}},"_links":{"self":[{"href":"https:\/\/htiscientific.vn\/en\/wp-json\/wp\/v2\/product\/1313","targetHints":{"allow":["GET"]}}],"collection":[{"href":"https:\/\/htiscientific.vn\/en\/wp-json\/wp\/v2\/product"}],"about":[{"href":"https:\/\/htiscientific.vn\/en\/wp-json\/wp\/v2\/types\/product"}],"wp:featuredmedia":[{"embeddable":true,"href":"https:\/\/htiscientific.vn\/en\/wp-json\/wp\/v2\/media\/1434"}],"wp:attachment":[{"href":"https:\/\/htiscientific.vn\/en\/wp-json\/wp\/v2\/media?parent=1313"}],"wp:term":[{"taxonomy":"product_brand","embeddable":true,"href":"https:\/\/htiscientific.vn\/en\/wp-json\/wp\/v2\/product_brand?post=1313"},{"taxonomy":"product_cat","embeddable":true,"href":"https:\/\/htiscientific.vn\/en\/wp-json\/wp\/v2\/product_cat?post=1313"},{"taxonomy":"product_tag","embeddable":true,"href":"https:\/\/htiscientific.vn\/en\/wp-json\/wp\/v2\/product_tag?post=1313"}],"curies":[{"name":"wp","href":"https:\/\/api.w.org\/{rel}","templated":true}]}}