{"id":1279,"date":"2025-10-10T14:15:58","date_gmt":"2025-10-10T07:15:58","guid":{"rendered":"https:\/\/htiscientific.vn\/?post_type=product&#038;p=1279"},"modified":"2025-12-30T16:00:54","modified_gmt":"2025-12-30T09:00:54","slug":"he-thong-nuoc-pur-hoac-ro-ro-alpha-plus-60","status":"publish","type":"product","link":"https:\/\/htiscientific.vn\/en\/product\/he-thong-nuoc-pur-hoac-ro-ro-alpha-plus-60\/","title":{"rendered":"H\u1ec7 th\u1ed1ng n\u01b0\u1edbc Pur ho\u1eb7c RO &#8211; RO alpha plus 60"},"content":{"rendered":"<p><span style=\"color: #000000;\"><strong>Model <\/strong>RO alpha PLUS 60<\/span><\/p>\n<p><span style=\"color: #000000;\"><strong>H\u1ec7 th\u1ed1ng n\u01b0\u1edbc Pure ho\u1eb7c RO &#8211; RO alpha plus (60L\/h) &#8211; EDI t\u00edch h\u1ee3p<\/strong><\/span><\/p>\n<p><span style=\"color: #000000;\"><strong>H\u00e3ng s\u1ea3n xu\u1ea5t <\/strong><a href=\"https:\/\/htiscientific.vn\/en\/hang-san-xuat\/neptec\/\">NEPTEC GmbH<\/a><\/span><\/p>\n<p><span style=\"color: #000000;\"><strong>Xu\u1ea5t x\u1ee9 <\/strong>\u0110\u1ee9c<\/span><\/p>\n<p><span style=\"color: #000000;\"><strong>\u0110\u1eb7c \u0111i\u1ec3m n\u1ed5i b\u1eadt<\/strong><\/span><\/p>\n<ul>\n<li><span style=\"color: #000000;\"><strong>Hi\u1ec7u su\u1ea5t v\u01b0\u1ee3t tr\u1ed9i<\/strong>: Cung c\u1ea5p n\u01b0\u1edbc tinh khi\u1ebft lo\u1ea1i 2 v\u1edbi l\u01b0u l\u01b0\u1ee3ng l\u00ean t\u1edbi <strong>60 l\u00edt\/gi\u1edd<\/strong>.<\/span><\/li>\n<li><span style=\"color: #000000;\"><strong>Thi\u1ebft k\u1ebf t\u00edch h\u1ee3p<\/strong>: T\u1ea5t c\u1ea3 c\u00e1c th\u00e0nh ph\u1ea7n (ti\u1ec1n x\u1eed l\u00fd, l\u00e0m m\u1ec1m, th\u1ea9m th\u1ea5u ng\u01b0\u1ee3c, EDI, b\u1ed3n ch\u1ee9a, b\u01a1m t\u0103ng \u00e1p) \u0111\u01b0\u1ee3c t\u00edch h\u1ee3p trong m\u1ed9t <strong>t\u1ee7 nh\u1ecf g\u1ecdn c\u00e1ch \u00e2m<\/strong>.<\/span><\/li>\n<li><span style=\"color: #000000;\"><strong>D\u1ec5 v\u1eadn h\u00e0nh<\/strong>: M\u00e0n h\u00ecnh c\u1ea3m \u1ee9ng 10\u201d tr\u1ef1c quan, h\u1ed7 tr\u1ee3 nhi\u1ec1u ng\u00f4n ng\u1eef v\u00e0 gi\u00e1m s\u00e1t t\u1eeb xa qua <strong>Wi-Fi<\/strong>.<\/span><\/li>\n<li><span style=\"color: #000000;\"><strong>Ch\u1ea5t l\u01b0\u1ee3ng n\u01b0\u1edbc cao<\/strong>: \u0110\u00e1p \u1ee9ng ti\u00eau chu\u1ea9n <strong>ASTM, DIN EN 285 v\u00e0 DIN EN 15883<\/strong>.<\/span><\/li>\n<li><span style=\"color: #000000;\"><strong>C\u00f4ng ngh\u1ec7 EDI t\u00edch h\u1ee3p<\/strong>: \u0110\u1ea3m b\u1ea3o ch\u1ea5t l\u01b0\u1ee3ng n\u01b0\u1edbc \u1ed5n \u0111\u1ecbnh m\u00e0 kh\u00f4ng c\u1ea7n h\u00f3a ch\u1ea5t.<\/span><\/li>\n<li><span style=\"color: #000000;\"><strong>T\u00f9y ch\u1ecdn m\u1edf r\u1ed9ng \u0111a d\u1ea1ng<\/strong>: L\u00e0m m\u1ec1m \u0111\u00f4i, \u0111\u00e8n UV, b\u1ed3n ch\u1ee9a, b\u01a1m tu\u1ea7n ho\u00e0n, l\u1ecdc kh\u00ed v\u00f4 tr\u00f9ng, k\u1ebft n\u1ed1i h\u1ec7 th\u1ed1ng v\u00f2ng tu\u1ea7n ho\u00e0n, v.v.<\/span><\/li>\n<\/ul>\n<p><span style=\"color: #000000;\"><strong>Specifications<\/strong><\/span><\/p>\n<p><span style=\"color: #000000;\"><strong>Ch\u1ea5t l\u01b0\u1ee3ng n\u01b0\u1edbc \u0111\u1ea7u ra:<\/strong><\/span><\/p>\n<ul>\n<li><span style=\"color: #000000;\">\u0110\u1ed9 d\u1eabn \u0111i\u1ec7n: &lt; 0.2 \u00b5S\/cm (th\u01b0\u1eddng: 0.055\u20130.1 \u00b5S\/cm)<\/span><\/li>\n<li><span style=\"color: #000000;\">T\u1ef7 l\u1ec7 thu h\u1ed3i: 90\u201395%<\/span><\/li>\n<li><span style=\"color: #000000;\">T\u1ef7 l\u1ec7 gi\u1eef l\u1ea1i ion, vi khu\u1ea9n: &gt; 99%<\/span><\/li>\n<\/ul>\n<p><span style=\"color: #000000;\"><strong>C\u00f4ng su\u1ea5t:<\/strong><\/span><\/p>\n<ul>\n<li><span style=\"color: #000000;\">L\u01b0u l\u01b0\u1ee3ng: 60 l\u00edt\/gi\u1edd<\/span><\/li>\n<li><span style=\"color: #000000;\">T\u1ef7 l\u1ec7 s\u1ea3n xu\u1ea5t c\u00f3 th\u1ec3 \u0111i\u1ec1u ch\u1ec9nh \u0111\u1ebfn 75%<\/span><\/li>\n<\/ul>\n<p><span style=\"color: #000000;\"><strong>Y\u00eau c\u1ea7u ngu\u1ed3n n\u01b0\u1edbc c\u1ea5p:<\/strong><\/span><\/p>\n<ul>\n<li><span style=\"color: #000000;\">N\u01b0\u1edbc u\u1ed1ng theo ti\u00eau chu\u1ea9n DIN 2000<\/span><\/li>\n<li><span style=\"color: #000000;\">\u0110\u1ed9 d\u1eabn \u0111i\u1ec7n &lt; 2000 \u00b5S\/cm<\/span><\/li>\n<li><span style=\"color: #000000;\">Clo &lt; 0.01 mg\/l | CO\u2082 &lt; 15 mg\/l | SiO\u2082 &lt; 10 mg\/l<\/span><\/li>\n<li><span style=\"color: #000000;\">pH: 4 \u2013 11<\/span><\/li>\n<\/ul>\n<p><span style=\"color: #000000;\"><strong>Th\u00f4ng s\u1ed1 chung:<\/strong><\/span><\/p>\n<ul>\n<li><span style=\"color: #000000;\">Nhi\u1ec7t \u0111\u1ed9 n\u01b0\u1edbc\/m\u00f4i tr\u01b0\u1eddng: +2 \u0111\u1ebfn 35\u00b0C<\/span><\/li>\n<li><span style=\"color: #000000;\">\u00c1p su\u1ea5t n\u01b0\u1edbc c\u1ea5p: 2 \u2013 6 bar<\/span><\/li>\n<li><span style=\"color: #000000;\">\u00c1p su\u1ea5t v\u1eadn h\u00e0nh: t\u1ed1i \u0111a 14 bar<\/span><\/li>\n<li><span style=\"color: #000000;\">Ngu\u1ed3n \u0111i\u1ec7n: 230V \/ 50Hz<\/span><\/li>\n<li><span style=\"color: #000000;\">C\u00f4ng su\u1ea5t ti\u00eau th\u1ee5: 1 kW<\/span><\/li>\n<li><span style=\"color: #000000;\">K\u00edch th\u01b0\u1edbc: R\u1ed9ng 1000 x S\u00e2u 600 x Cao 1800 mm<\/span><\/li>\n<li><span style=\"color: #000000;\">Tr\u1ecdng l\u01b0\u1ee3ng: ~220 kg<\/span><\/li>\n<\/ul>","protected":false},"excerpt":{"rendered":"<p><span style=\"color: #000000;\">H\u1ec7 th\u1ed1ng n\u01b0\u1edbc Pure ho\u1eb7c RO &#8211; RO alpha plus 60 cung c\u1ea5p n\u01b0\u1edbc tinh khi\u1ebft lo\u1ea1i 2 v\u1edbi l\u01b0u l\u01b0\u1ee3ng l\u00ean t\u1edbi 500 l\u00edt\/gi\u1edd. T\u00edch h\u1ee3p c\u00f4ng ngh\u1ec7 EDI \u0111\u1ea3m b\u1ea3o ch\u1ea5t l\u01b0\u1ee3ng n\u01b0\u1edbc \u1ed5n \u0111\u1ecbnh m\u00e0 kh\u00f4ng c\u1ea7n h\u00f3a ch\u1ea5t. T\u00f9y ch\u1ecdn m\u1edf d\u1ed9ng \u0111a d\u1ea1ng: l\u00e0m m\u1ec1m \u0111\u00f4i, \u0111\u00e8n UV, b\u1ed3n ch\u1ee9a, b\u01a1m tu\u1ea7n ho\u00e0n, l\u1ecdc kh\u00ed v\u00f4 tr\u00f9ng, k\u1ebft n\u1ed1i h\u1ec7 th\u1ed1ng v\u00f2ng tu\u1ea7n ho\u00e0n&#8230;<\/span><\/p>","protected":false},"featured_media":1448,"template":"","meta":{"inline_featured_image":false},"product_brand":[107],"product_cat":[113,110],"product_tag":[],"class_list":{"0":"post-1279","1":"product","2":"type-product","3":"status-publish","4":"has-post-thumbnail","6":"product_brand-neptec","7":"product_cat-he-thong-loc-nuoc","8":"product_cat-he-thong-loc-nuoc-trung-tam","10":"first","11":"instock","12":"shipping-taxable","13":"product-type-simple"},"yoast_head":"<!-- This site is optimized with the Yoast SEO plugin v24.7 - https:\/\/yoast.com\/wordpress\/plugins\/seo\/ -->\n<title>H\u1ec7 th\u1ed1ng n\u01b0\u1edbc Pur ho\u1eb7c RO - RO alpha plus 60 - HTI Scientific<\/title>\n<meta name=\"description\" content=\"H\u1ec7 th\u1ed1ng n\u01b0\u1edbc Pure ho\u1eb7c RO - RO alpha plus 60 cung c\u1ea5p n\u01b0\u1edbc tinh khi\u1ebft lo\u1ea1i 2 v\u1edbi l\u01b0u l\u01b0\u1ee3ng l\u00ean t\u1edbi 500 l\u00edt\/gi\u1edd. T\u00edch h\u1ee3p c\u00f4ng ngh\u1ec7 EDI kh\u00f4ng c\u1ea7n h\u00f3a ch\u1ea5t\" \/>\n<meta name=\"robots\" content=\"index, follow, max-snippet:-1, max-image-preview:large, max-video-preview:-1\" \/>\n<link rel=\"canonical\" href=\"https:\/\/htiscientific.vn\/en\/product\/he-thong-nuoc-pur-hoac-ro-ro-alpha-plus-60\/\" \/>\n<meta property=\"og:locale\" content=\"en_US\" \/>\n<meta property=\"og:type\" content=\"article\" \/>\n<meta property=\"og:title\" content=\"H\u1ec7 th\u1ed1ng n\u01b0\u1edbc Pur ho\u1eb7c RO - RO alpha plus 60 - HTI Scientific\" \/>\n<meta property=\"og:description\" content=\"H\u1ec7 th\u1ed1ng n\u01b0\u1edbc Pure ho\u1eb7c RO - RO alpha plus 60 cung c\u1ea5p n\u01b0\u1edbc tinh khi\u1ebft lo\u1ea1i 2 v\u1edbi l\u01b0u l\u01b0\u1ee3ng l\u00ean t\u1edbi 500 l\u00edt\/gi\u1edd. T\u00edch h\u1ee3p c\u00f4ng ngh\u1ec7 EDI kh\u00f4ng c\u1ea7n h\u00f3a ch\u1ea5t\" \/>\n<meta property=\"og:url\" content=\"https:\/\/htiscientific.vn\/en\/product\/he-thong-nuoc-pur-hoac-ro-ro-alpha-plus-60\/\" \/>\n<meta property=\"og:site_name\" content=\"HTI Scientific\" \/>\n<meta property=\"article:publisher\" content=\"https:\/\/www.facebook.com\/htiscientific.vn\" \/>\n<meta property=\"article:modified_time\" content=\"2025-12-30T09:00:54+00:00\" \/>\n<meta property=\"og:image\" content=\"https:\/\/htiscientific.vn\/wp-content\/uploads\/2025\/05\/ro-alpha-plus.jpg\" \/>\n\t<meta property=\"og:image:width\" content=\"1000\" \/>\n\t<meta property=\"og:image:height\" content=\"1000\" \/>\n\t<meta property=\"og:image:type\" content=\"image\/jpeg\" \/>\n<meta name=\"twitter:card\" content=\"summary_large_image\" \/>\n<meta name=\"twitter:label1\" content=\"Est. reading time\" \/>\n\t<meta name=\"twitter:data1\" content=\"2 minutes\" \/>\n<script type=\"application\/ld+json\" class=\"yoast-schema-graph\">{\"@context\":\"https:\/\/schema.org\",\"@graph\":[{\"@type\":\"WebPage\",\"@id\":\"https:\/\/htiscientific.vn\/san-pham\/he-thong-nuoc-pur-hoac-ro-ro-alpha-plus-60\/\",\"url\":\"https:\/\/htiscientific.vn\/san-pham\/he-thong-nuoc-pur-hoac-ro-ro-alpha-plus-60\/\",\"name\":\"H\u1ec7 th\u1ed1ng n\u01b0\u1edbc Pur ho\u1eb7c RO - RO alpha plus 60 - HTI Scientific\",\"isPartOf\":{\"@id\":\"https:\/\/htiscientific.vn\/#website\"},\"primaryImageOfPage\":{\"@id\":\"https:\/\/htiscientific.vn\/san-pham\/he-thong-nuoc-pur-hoac-ro-ro-alpha-plus-60\/#primaryimage\"},\"image\":{\"@id\":\"https:\/\/htiscientific.vn\/san-pham\/he-thong-nuoc-pur-hoac-ro-ro-alpha-plus-60\/#primaryimage\"},\"thumbnailUrl\":\"https:\/\/htiscientific.vn\/wp-content\/uploads\/2025\/05\/ro-alpha-plus.jpg\",\"datePublished\":\"2025-10-10T07:15:58+00:00\",\"dateModified\":\"2025-12-30T09:00:54+00:00\",\"description\":\"H\u1ec7 th\u1ed1ng n\u01b0\u1edbc Pure ho\u1eb7c RO - RO alpha plus 60 cung c\u1ea5p n\u01b0\u1edbc tinh khi\u1ebft lo\u1ea1i 2 v\u1edbi l\u01b0u l\u01b0\u1ee3ng l\u00ean t\u1edbi 500 l\u00edt\/gi\u1edd. T\u00edch h\u1ee3p c\u00f4ng ngh\u1ec7 EDI kh\u00f4ng c\u1ea7n h\u00f3a ch\u1ea5t\",\"breadcrumb\":{\"@id\":\"https:\/\/htiscientific.vn\/san-pham\/he-thong-nuoc-pur-hoac-ro-ro-alpha-plus-60\/#breadcrumb\"},\"inLanguage\":\"en-US\",\"potentialAction\":[{\"@type\":\"ReadAction\",\"target\":[\"https:\/\/htiscientific.vn\/san-pham\/he-thong-nuoc-pur-hoac-ro-ro-alpha-plus-60\/\"]}]},{\"@type\":\"ImageObject\",\"inLanguage\":\"en-US\",\"@id\":\"https:\/\/htiscientific.vn\/san-pham\/he-thong-nuoc-pur-hoac-ro-ro-alpha-plus-60\/#primaryimage\",\"url\":\"https:\/\/htiscientific.vn\/wp-content\/uploads\/2025\/05\/ro-alpha-plus.jpg\",\"contentUrl\":\"https:\/\/htiscientific.vn\/wp-content\/uploads\/2025\/05\/ro-alpha-plus.jpg\",\"width\":1000,\"height\":1000,\"caption\":\"RO alpha PLUS Type 2 or 3\"},{\"@type\":\"BreadcrumbList\",\"@id\":\"https:\/\/htiscientific.vn\/san-pham\/he-thong-nuoc-pur-hoac-ro-ro-alpha-plus-60\/#breadcrumb\",\"itemListElement\":[{\"@type\":\"ListItem\",\"position\":1,\"name\":\"Trang ch\u1ee7\",\"item\":\"https:\/\/htiscientific.vn\/\"},{\"@type\":\"ListItem\",\"position\":2,\"name\":\"C\u1eeda h\u00e0ng\",\"item\":\"https:\/\/htiscientific.vn\/cua-hang\/\"},{\"@type\":\"ListItem\",\"position\":3,\"name\":\"H\u1ec7 th\u1ed1ng l\u1ecdc n\u01b0\u1edbc Trung t\u00e2m\",\"item\":\"https:\/\/htiscientific.vn\/danh-muc-san-pham\/he-thong-loc-nuoc-trung-tam\/\"},{\"@type\":\"ListItem\",\"position\":4,\"name\":\"H\u1ec7 th\u1ed1ng n\u01b0\u1edbc Pur ho\u1eb7c RO &#8211; RO alpha plus 60\"}]},{\"@type\":\"WebSite\",\"@id\":\"https:\/\/htiscientific.vn\/#website\",\"url\":\"https:\/\/htiscientific.vn\/\",\"name\":\"HTI Scientific\",\"description\":\"HTI Scientific\",\"publisher\":{\"@id\":\"https:\/\/htiscientific.vn\/#organization\"},\"potentialAction\":[{\"@type\":\"SearchAction\",\"target\":{\"@type\":\"EntryPoint\",\"urlTemplate\":\"https:\/\/htiscientific.vn\/?s={search_term_string}\"},\"query-input\":{\"@type\":\"PropertyValueSpecification\",\"valueRequired\":true,\"valueName\":\"search_term_string\"}}],\"inLanguage\":\"en-US\"},{\"@type\":\"Organization\",\"@id\":\"https:\/\/htiscientific.vn\/#organization\",\"name\":\"HTI Scientific\",\"alternateName\":\"HTI Scientific\",\"url\":\"https:\/\/htiscientific.vn\/\",\"logo\":{\"@type\":\"ImageObject\",\"inLanguage\":\"en-US\",\"@id\":\"https:\/\/htiscientific.vn\/#\/schema\/logo\/image\/\",\"url\":\"https:\/\/htiscientific.vn\/wp-content\/uploads\/2025\/03\/ava-hti-copy.jpg\",\"contentUrl\":\"https:\/\/htiscientific.vn\/wp-content\/uploads\/2025\/03\/ava-hti-copy.jpg\",\"width\":700,\"height\":450,\"caption\":\"HTI Scientific\"},\"image\":{\"@id\":\"https:\/\/htiscientific.vn\/#\/schema\/logo\/image\/\"},\"sameAs\":[\"https:\/\/www.facebook.com\/htiscientific.vn\"]}]}<\/script>\n<!-- \/ Yoast SEO plugin. -->","yoast_head_json":{"title":"H\u1ec7 th\u1ed1ng n\u01b0\u1edbc Pur ho\u1eb7c RO - RO alpha plus 60 - HTI Scientific","description":"H\u1ec7 th\u1ed1ng n\u01b0\u1edbc Pure ho\u1eb7c RO - RO alpha plus 60 cung c\u1ea5p n\u01b0\u1edbc tinh khi\u1ebft lo\u1ea1i 2 v\u1edbi l\u01b0u l\u01b0\u1ee3ng l\u00ean t\u1edbi 500 l\u00edt\/gi\u1edd. T\u00edch h\u1ee3p c\u00f4ng ngh\u1ec7 EDI kh\u00f4ng c\u1ea7n h\u00f3a ch\u1ea5t","robots":{"index":"index","follow":"follow","max-snippet":"max-snippet:-1","max-image-preview":"max-image-preview:large","max-video-preview":"max-video-preview:-1"},"canonical":"https:\/\/htiscientific.vn\/en\/product\/he-thong-nuoc-pur-hoac-ro-ro-alpha-plus-60\/","og_locale":"en_US","og_type":"article","og_title":"H\u1ec7 th\u1ed1ng n\u01b0\u1edbc Pur ho\u1eb7c RO - RO alpha plus 60 - HTI Scientific","og_description":"H\u1ec7 th\u1ed1ng n\u01b0\u1edbc Pure ho\u1eb7c RO - RO alpha plus 60 cung c\u1ea5p n\u01b0\u1edbc tinh khi\u1ebft lo\u1ea1i 2 v\u1edbi l\u01b0u l\u01b0\u1ee3ng l\u00ean t\u1edbi 500 l\u00edt\/gi\u1edd. T\u00edch h\u1ee3p c\u00f4ng ngh\u1ec7 EDI kh\u00f4ng c\u1ea7n h\u00f3a ch\u1ea5t","og_url":"https:\/\/htiscientific.vn\/en\/product\/he-thong-nuoc-pur-hoac-ro-ro-alpha-plus-60\/","og_site_name":"HTI Scientific","article_publisher":"https:\/\/www.facebook.com\/htiscientific.vn","article_modified_time":"2025-12-30T09:00:54+00:00","og_image":[{"width":1000,"height":1000,"url":"https:\/\/htiscientific.vn\/wp-content\/uploads\/2025\/05\/ro-alpha-plus.jpg","type":"image\/jpeg"}],"twitter_card":"summary_large_image","twitter_misc":{"Est. reading time":"2 minutes"},"schema":{"@context":"https:\/\/schema.org","@graph":[{"@type":"WebPage","@id":"https:\/\/htiscientific.vn\/san-pham\/he-thong-nuoc-pur-hoac-ro-ro-alpha-plus-60\/","url":"https:\/\/htiscientific.vn\/san-pham\/he-thong-nuoc-pur-hoac-ro-ro-alpha-plus-60\/","name":"H\u1ec7 th\u1ed1ng n\u01b0\u1edbc Pur ho\u1eb7c RO - RO alpha plus 60 - HTI Scientific","isPartOf":{"@id":"https:\/\/htiscientific.vn\/#website"},"primaryImageOfPage":{"@id":"https:\/\/htiscientific.vn\/san-pham\/he-thong-nuoc-pur-hoac-ro-ro-alpha-plus-60\/#primaryimage"},"image":{"@id":"https:\/\/htiscientific.vn\/san-pham\/he-thong-nuoc-pur-hoac-ro-ro-alpha-plus-60\/#primaryimage"},"thumbnailUrl":"https:\/\/htiscientific.vn\/wp-content\/uploads\/2025\/05\/ro-alpha-plus.jpg","datePublished":"2025-10-10T07:15:58+00:00","dateModified":"2025-12-30T09:00:54+00:00","description":"H\u1ec7 th\u1ed1ng n\u01b0\u1edbc Pure ho\u1eb7c RO - RO alpha plus 60 cung c\u1ea5p n\u01b0\u1edbc tinh khi\u1ebft lo\u1ea1i 2 v\u1edbi l\u01b0u l\u01b0\u1ee3ng l\u00ean t\u1edbi 500 l\u00edt\/gi\u1edd. T\u00edch h\u1ee3p c\u00f4ng ngh\u1ec7 EDI kh\u00f4ng c\u1ea7n h\u00f3a ch\u1ea5t","breadcrumb":{"@id":"https:\/\/htiscientific.vn\/san-pham\/he-thong-nuoc-pur-hoac-ro-ro-alpha-plus-60\/#breadcrumb"},"inLanguage":"en-US","potentialAction":[{"@type":"ReadAction","target":["https:\/\/htiscientific.vn\/san-pham\/he-thong-nuoc-pur-hoac-ro-ro-alpha-plus-60\/"]}]},{"@type":"ImageObject","inLanguage":"en-US","@id":"https:\/\/htiscientific.vn\/san-pham\/he-thong-nuoc-pur-hoac-ro-ro-alpha-plus-60\/#primaryimage","url":"https:\/\/htiscientific.vn\/wp-content\/uploads\/2025\/05\/ro-alpha-plus.jpg","contentUrl":"https:\/\/htiscientific.vn\/wp-content\/uploads\/2025\/05\/ro-alpha-plus.jpg","width":1000,"height":1000,"caption":"RO alpha PLUS Type 2 or 3"},{"@type":"BreadcrumbList","@id":"https:\/\/htiscientific.vn\/san-pham\/he-thong-nuoc-pur-hoac-ro-ro-alpha-plus-60\/#breadcrumb","itemListElement":[{"@type":"ListItem","position":1,"name":"Trang ch\u1ee7","item":"https:\/\/htiscientific.vn\/"},{"@type":"ListItem","position":2,"name":"C\u1eeda h\u00e0ng","item":"https:\/\/htiscientific.vn\/cua-hang\/"},{"@type":"ListItem","position":3,"name":"H\u1ec7 th\u1ed1ng l\u1ecdc n\u01b0\u1edbc Trung t\u00e2m","item":"https:\/\/htiscientific.vn\/danh-muc-san-pham\/he-thong-loc-nuoc-trung-tam\/"},{"@type":"ListItem","position":4,"name":"H\u1ec7 th\u1ed1ng n\u01b0\u1edbc Pur ho\u1eb7c RO &#8211; RO alpha plus 60"}]},{"@type":"WebSite","@id":"https:\/\/htiscientific.vn\/#website","url":"https:\/\/htiscientific.vn\/","name":"HTI Scientific","description":"HTI Scientific","publisher":{"@id":"https:\/\/htiscientific.vn\/#organization"},"potentialAction":[{"@type":"SearchAction","target":{"@type":"EntryPoint","urlTemplate":"https:\/\/htiscientific.vn\/?s={search_term_string}"},"query-input":{"@type":"PropertyValueSpecification","valueRequired":true,"valueName":"search_term_string"}}],"inLanguage":"en-US"},{"@type":"Organization","@id":"https:\/\/htiscientific.vn\/#organization","name":"HTI Scientific","alternateName":"HTI Scientific","url":"https:\/\/htiscientific.vn\/","logo":{"@type":"ImageObject","inLanguage":"en-US","@id":"https:\/\/htiscientific.vn\/#\/schema\/logo\/image\/","url":"https:\/\/htiscientific.vn\/wp-content\/uploads\/2025\/03\/ava-hti-copy.jpg","contentUrl":"https:\/\/htiscientific.vn\/wp-content\/uploads\/2025\/03\/ava-hti-copy.jpg","width":700,"height":450,"caption":"HTI Scientific"},"image":{"@id":"https:\/\/htiscientific.vn\/#\/schema\/logo\/image\/"},"sameAs":["https:\/\/www.facebook.com\/htiscientific.vn"]}]}},"_links":{"self":[{"href":"https:\/\/htiscientific.vn\/en\/wp-json\/wp\/v2\/product\/1279","targetHints":{"allow":["GET"]}}],"collection":[{"href":"https:\/\/htiscientific.vn\/en\/wp-json\/wp\/v2\/product"}],"about":[{"href":"https:\/\/htiscientific.vn\/en\/wp-json\/wp\/v2\/types\/product"}],"wp:featuredmedia":[{"embeddable":true,"href":"https:\/\/htiscientific.vn\/en\/wp-json\/wp\/v2\/media\/1448"}],"wp:attachment":[{"href":"https:\/\/htiscientific.vn\/en\/wp-json\/wp\/v2\/media?parent=1279"}],"wp:term":[{"taxonomy":"product_brand","embeddable":true,"href":"https:\/\/htiscientific.vn\/en\/wp-json\/wp\/v2\/product_brand?post=1279"},{"taxonomy":"product_cat","embeddable":true,"href":"https:\/\/htiscientific.vn\/en\/wp-json\/wp\/v2\/product_cat?post=1279"},{"taxonomy":"product_tag","embeddable":true,"href":"https:\/\/htiscientific.vn\/en\/wp-json\/wp\/v2\/product_tag?post=1279"}],"curies":[{"name":"wp","href":"https:\/\/api.w.org\/{rel}","templated":true}]}}