{"id":1275,"date":"2025-05-08T13:53:33","date_gmt":"2025-05-08T06:53:33","guid":{"rendered":"https:\/\/htiscientific.vn\/?post_type=product&#038;p=1275"},"modified":"2025-05-16T10:24:47","modified_gmt":"2025-05-16T03:24:47","slug":"he-thong-nuoc-pure-hoac-ro-ro-alpha-500","status":"publish","type":"product","link":"https:\/\/htiscientific.vn\/en\/product\/he-thong-nuoc-pure-hoac-ro-ro-alpha-500\/","title":{"rendered":"H\u1ec7 th\u1ed1ng n\u01b0\u1edbc Pure ho\u1eb7c RO &#8211; RO alpha 500"},"content":{"rendered":"<p><span style=\"color: #000000;\"><strong>Model <\/strong>RO alpha 500<\/span><\/p>\n<p><span style=\"color: #000000;\"><strong>H\u1ec7 th\u1ed1ng n\u01b0\u1edbc Pure ho\u1eb7c RO &#8211; RO alpha (500L\/h) &#8211; EDI t\u00f9y ch\u1ecdn<\/strong><\/span><\/p>\n<p><span style=\"color: #000000;\"><strong>H\u00e3ng s\u1ea3n xu\u1ea5t <\/strong><a href=\"https:\/\/htiscientific.vn\/en\/hang-san-xuat\/neptec\/\">NEPTEC GmbH<\/a><\/span><\/p>\n<p><span style=\"color: #000000;\"><strong>Xu\u1ea5t x\u1ee9 <\/strong>\u0110\u1ee9c<\/span><\/p>\n<p><span style=\"color: #000000;\"><strong>\u0110\u1eb7c \u0111i\u1ec3m n\u1ed5i b\u1eadt<\/strong><\/span><\/p>\n<ul>\n<li><span style=\"color: #000000;\"><strong>T\u00edch h\u1ee3p &#8220;All-in-One&#8221;:<\/strong> H\u1ec7 th\u1ed1ng RO alpha t\u00edch h\u1ee3p s\u1eb5n c\u00e1c b\u01b0\u1edbc x\u1eed l\u00fd n\u01b0\u1edbc nh\u01b0 ti\u1ec1n x\u1eed l\u00fd, l\u00e0m m\u1ec1m, l\u1ecdc RO, b\u01a1m t\u0103ng \u00e1p v\u00e0 b\u00ecnh ch\u1ee9a trong m\u1ed9t t\u1ee7 g\u1ecdn g\u00e0ng, ti\u1ebft ki\u1ec7m kh\u00f4ng gian.<\/span><\/li>\n<li><span style=\"color: #000000;\"><strong>T\u1ed1c \u0111\u1ed9 cao, hi\u1ec7u su\u1ea5t l\u1edbn:<\/strong> C\u00f4ng su\u1ea5t 500 L\/gi\u1edd, ph\u00f9 h\u1ee3p ph\u00f2ng th\u00ed nghi\u1ec7m, ph\u00f2ng kh\u00e1m, c\u01a1 s\u1edf y t\u1ebf.<\/span><\/li>\n<li><span style=\"color: #000000;\"><strong>\u0110i\u1ec1u khi\u1ec3n k\u1ef9 thu\u1eadt s\u1ed1 hi\u1ec7n \u0111\u1ea1i:<\/strong><\/span>\n<ul>\n<li><span style=\"color: #000000;\">M\u00e0n h\u00ecnh c\u1ea3m \u1ee9ng 10\u201d tr\u1ef1c quan, \u0111a ng\u00f4n ng\u1eef.<\/span><\/li>\n<li><span style=\"color: #000000;\">Wi-Fi t\u00edch h\u1ee3p cho gi\u00e1m s\u00e1t t\u1eeb xa qua VNC.<\/span><\/li>\n<li><span style=\"color: #000000;\">\u0110\u1ea7y \u0111\u1ee7 c\u1ea3nh b\u00e1o \u00e1p su\u1ea5t, l\u01b0u l\u01b0\u1ee3ng, gi\u1edbi h\u1ea1n v\u1eadn h\u00e0nh.<\/span><\/li>\n<\/ul>\n<\/li>\n<li><span style=\"color: #000000;\"><strong>\u0110\u00e1p \u1ee9ng ti\u00eau chu\u1ea9n qu\u1ed1c t\u1ebf:<\/strong> ASTM, DIN EN 285 &amp; 15883.<\/span><\/li>\n<li><span style=\"color: #000000;\"><strong>Ti\u1ebft ki\u1ec7m v\u00e0 an to\u00e0n:<\/strong> C\u00f3 th\u1ec3 t\u00edch h\u1ee3p t\u00e1i tu\u1ea7n ho\u00e0n n\u01b0\u1edbc th\u1ea3i, b\u1ea3o v\u1ec7 \u00e1p su\u1ea5t, gi\u00e1m s\u00e1t \u0111\u1ed9 c\u1ee9ng n\u01b0\u1edbc v\u00e0 ch\u1ed1ng ch\u1ea1y kh\u00f4.<\/span><\/li>\n<\/ul>\n<p><span style=\"color: #000000;\"><strong>Specifications<\/strong><\/span><\/p>\n<p><span style=\"color: #000000;\"><strong>Ngu\u1ed3n n\u01b0\u1edbc \u0111\u1ea7u v\u00e0o<\/strong><\/span><\/p>\n<ul>\n<li><span style=\"color: #000000;\">Lo\u1ea1i n\u01b0\u1edbc: N\u01b0\u1edbc m\u00e1y \u0111\u1ea1t ti\u00eau chu\u1ea9n DIN 2000<\/span><\/li>\n<li><span style=\"color: #000000;\">\u0110\u1ed9 d\u1eabn \u0111i\u1ec7n: &lt; 2000 \u00b5S\/cm @ 25\u00b0C<\/span><\/li>\n<li><span style=\"color: #000000;\">Clor: &lt; 0.01 mg\/l<\/span><\/li>\n<li><span style=\"color: #000000;\">Fe &amp; Mn: &lt; 0.05 mg\/l m\u1ed7i th\u00e0nh ph\u1ea7n<\/span><\/li>\n<li><span style=\"color: #000000;\">CO\u2082: T\u1ed1i \u0111a 15 mg\/l<\/span><\/li>\n<li><span style=\"color: #000000;\">SiO\u2082: T\u1ed1i \u0111a 10 mg\/l<\/span><\/li>\n<li><span style=\"color: #000000;\">pH: 4 \u2013 11<\/span><\/li>\n<li><span style=\"color: #000000;\">\u00c1p su\u1ea5t: 2 \u2013 6 bar<\/span><\/li>\n<\/ul>\n<p><span style=\"color: #000000;\"><strong>Ch\u1ea5t l\u01b0\u1ee3ng n\u01b0\u1edbc \u0111\u1ea7u ra<\/strong><\/span><\/p>\n<ul>\n<li><span style=\"color: #000000;\">Lo\u1ea1i n\u01b0\u1edbc: ASTM Type 2 (c\u00f3 th\u1ec3 \u0111\u1ea1t Type 1 n\u1ebfu th\u00eam module EDI v\u00e0 \u0111\u00e8n UV)<\/span><\/li>\n<li><span style=\"color: #000000;\">\u0110\u1ed9 d\u1eabn \u0111i\u1ec7n: &lt; 0.2 \u00b5S\/cm (th\u01b0\u1eddng 0.055 \u2013 0.1 \u00b5S\/cm)<\/span><\/li>\n<li><span style=\"color: #000000;\">TOC: &lt; 10 ppb*<\/span><\/li>\n<li><span style=\"color: #000000;\">Vi sinh: &lt; 5 CFU\/mL*<\/span><\/li>\n<li><span style=\"color: #000000;\">T\u1ef7 l\u1ec7 thu h\u1ed3i: 90 \u2013 95%<\/span><\/li>\n<li><span style=\"color: #000000;\">*c\u00f3 \u0111\u01b0\u1ee3c khi d\u00f9ng l\u1ecdc v\u00f4 tr\u00f9ng v\u00e0 \u0111\u00e8n UV<\/span><\/li>\n<\/ul>\n<p><span style=\"color: #000000;\"><strong>C\u00f4ng su\u1ea5t v\u00e0 c\u1ea5u h\u00ecnh<\/strong><\/span><\/p>\n<ul>\n<li><span style=\"color: #000000;\">L\u01b0u l\u01b0\u1ee3ng: 500 L\/h<\/span><\/li>\n<li><span style=\"color: #000000;\">\u00c1p su\u1ea5t v\u1eadn h\u00e0nh RO: t\u1ed1i \u0111a 14 bar<\/span><\/li>\n<li><span style=\"color: #000000;\">Nhi\u1ec7t \u0111\u1ed9 n\u01b0\u1edbc v\u00e0 m\u00f4i tr\u01b0\u1eddng: +2 \u2013 35\u00b0C<\/span><\/li>\n<li><span style=\"color: #000000;\">\u0110i\u1ec7n n\u0103ng: 230V, 50Hz, 1 kW<\/span><\/li>\n<li><span style=\"color: #000000;\">K\u00edch th\u01b0\u1edbc: R\u1ed9ng 800 x S\u00e2u 600 x Cao 1800 mm<\/span><\/li>\n<li><span style=\"color: #000000;\">Tr\u1ecdng l\u01b0\u1ee3ng: kho\u1ea3ng 200 kg<\/span><\/li>\n<\/ul>\n<p><span style=\"color: #000000;\"><strong>T\u00f9y ch\u1ecdn m\u1edf r\u1ed9ng<\/strong><\/span><\/p>\n<ul>\n<li><span style=\"color: #000000;\">Module EDI (kh\u1eed kho\u00e1ng ho\u00e0n to\u00e0n)<\/span><\/li>\n<li><span style=\"color: #000000;\">B\u1ed9 \u0111\u00e8n UV LED (di\u1ec7t khu\u1ea9n d\u00f2ng ch\u1ea3y &amp; kh\u1eed tr\u00f9ng b\u1ed3n)<\/span><\/li>\n<li><span style=\"color: #000000;\">H\u1ec7 th\u1ed1ng l\u00e0m m\u1ec1m n\u01b0\u1edbc (th\u01b0\u1eddng ho\u1eb7c twin)<\/span><\/li>\n<li><span style=\"color: #000000;\">B\u01a1m ph\u00e2n ph\u1ed1i tr\u1ef1c ti\u1ebfp ho\u1eb7c theo v\u00f2ng l\u1eb7p<\/span><\/li>\n<li><span style=\"color: #000000;\">B\u1ed3n ch\u1ee9a n\u01b0\u1edbc tinh khi\u1ebft 160L b\u1eb1ng PE<\/span><\/li>\n<li><span style=\"color: #000000;\">B\u1ed9 l\u1ecdc th\u00f4ng h\u01a1i v\u00f4 tr\u00f9ng v\u00e0 ch\u1ed1ng h\u1ea5p thu CO\u2082<\/span><\/li>\n<\/ul>","protected":false},"excerpt":{"rendered":"<p><span style=\"color: #000000;\">H\u1ec7 th\u1ed1ng n\u01b0\u1edbc Pure ho\u1eb7c RO &#8211; RO alpha 500 v\u1edbi c\u00f4ng su\u1ea5t cao 500L\/gi\u1edd ph\u00f9 h\u1ee3p ph\u00f2ng th\u00ed nghi\u1ec7m, ph\u00f2ng kh\u00e1m, c\u01a1 s\u1edf y t\u1ebf. H\u1ec7 th\u1ed1ng c\u00f3 th\u1ec3 t\u00edch h\u1ee3p t\u00e1i tu\u1ea7n ho\u00e0n n\u01b0\u1edbc th\u1ea3i, b\u1ea3o v\u1ec7 \u00e1p su\u1ea5t, gi\u00e1m s\u00e1t \u0111\u1ed9 c\u1ee9ng n\u01b0\u1edbc v\u00e0 ch\u1ed1ng ch\u1ea1y kh\u00f4.<\/span><\/p>","protected":false},"featured_media":1469,"template":"","meta":{"inline_featured_image":false},"product_brand":[107],"product_cat":[113,110],"product_tag":[],"class_list":{"0":"post-1275","1":"product","2":"type-product","3":"status-publish","4":"has-post-thumbnail","6":"product_brand-neptec","7":"product_cat-he-thong-loc-nuoc","8":"product_cat-he-thong-loc-nuoc-trung-tam","10":"first","11":"instock","12":"shipping-taxable","13":"product-type-simple"},"yoast_head":"<!-- This site is optimized with the Yoast SEO plugin v24.7 - https:\/\/yoast.com\/wordpress\/plugins\/seo\/ -->\n<title>H\u1ec7 th\u1ed1ng n\u01b0\u1edbc Pure ho\u1eb7c RO - RO alpha 500 - HTI Scientific<\/title>\n<meta name=\"description\" content=\"H\u1ec7 th\u1ed1ng n\u01b0\u1edbc Pure ho\u1eb7c RO - RO alpha 500 v\u1edbi c\u00f4ng su\u1ea5t l\u00ean t\u1edbi 500L\/gi\u1edd. T\u00edch h\u1ee3p t\u00e1i tu\u1ea7n ho\u00e0n n\u01b0\u1edbc th\u1ea3i, b\u1ea3o v\u1ec7 \u00e1p su\u1ea5t, gi\u00e1m s\u00e1t \u0111\u1ed9 c\u1ee9ng n\u01b0\u1edbc...\" \/>\n<meta name=\"robots\" content=\"index, follow, max-snippet:-1, max-image-preview:large, max-video-preview:-1\" \/>\n<link rel=\"canonical\" href=\"https:\/\/htiscientific.vn\/en\/product\/he-thong-nuoc-pure-hoac-ro-ro-alpha-500\/\" \/>\n<meta property=\"og:locale\" content=\"en_US\" \/>\n<meta property=\"og:type\" content=\"article\" \/>\n<meta property=\"og:title\" content=\"H\u1ec7 th\u1ed1ng n\u01b0\u1edbc Pure ho\u1eb7c RO - RO alpha 500 - HTI Scientific\" \/>\n<meta property=\"og:description\" content=\"H\u1ec7 th\u1ed1ng n\u01b0\u1edbc Pure ho\u1eb7c RO - RO alpha 500 v\u1edbi c\u00f4ng su\u1ea5t l\u00ean t\u1edbi 500L\/gi\u1edd. T\u00edch h\u1ee3p t\u00e1i tu\u1ea7n ho\u00e0n n\u01b0\u1edbc th\u1ea3i, b\u1ea3o v\u1ec7 \u00e1p su\u1ea5t, gi\u00e1m s\u00e1t \u0111\u1ed9 c\u1ee9ng n\u01b0\u1edbc...\" \/>\n<meta property=\"og:url\" content=\"https:\/\/htiscientific.vn\/en\/product\/he-thong-nuoc-pure-hoac-ro-ro-alpha-500\/\" \/>\n<meta property=\"og:site_name\" content=\"HTI Scientific\" \/>\n<meta property=\"article:publisher\" content=\"https:\/\/www.facebook.com\/htiscientific.vn\" \/>\n<meta property=\"article:modified_time\" content=\"2025-05-16T03:24:47+00:00\" \/>\n<meta property=\"og:image\" content=\"https:\/\/htiscientific.vn\/wp-content\/uploads\/2025\/05\/thiet-ke-chua-co-ten-1.jpg\" \/>\n\t<meta property=\"og:image:width\" content=\"1000\" \/>\n\t<meta property=\"og:image:height\" content=\"1000\" \/>\n\t<meta property=\"og:image:type\" content=\"image\/jpeg\" \/>\n<meta name=\"twitter:card\" content=\"summary_large_image\" \/>\n<meta name=\"twitter:label1\" content=\"Est. reading time\" \/>\n\t<meta name=\"twitter:data1\" content=\"3 minutes\" \/>\n<script type=\"application\/ld+json\" class=\"yoast-schema-graph\">{\"@context\":\"https:\/\/schema.org\",\"@graph\":[{\"@type\":\"WebPage\",\"@id\":\"https:\/\/htiscientific.vn\/san-pham\/he-thong-nuoc-pure-hoac-ro-ro-alpha-500\/\",\"url\":\"https:\/\/htiscientific.vn\/san-pham\/he-thong-nuoc-pure-hoac-ro-ro-alpha-500\/\",\"name\":\"H\u1ec7 th\u1ed1ng n\u01b0\u1edbc Pure ho\u1eb7c RO - RO alpha 500 - HTI Scientific\",\"isPartOf\":{\"@id\":\"https:\/\/htiscientific.vn\/#website\"},\"primaryImageOfPage\":{\"@id\":\"https:\/\/htiscientific.vn\/san-pham\/he-thong-nuoc-pure-hoac-ro-ro-alpha-500\/#primaryimage\"},\"image\":{\"@id\":\"https:\/\/htiscientific.vn\/san-pham\/he-thong-nuoc-pure-hoac-ro-ro-alpha-500\/#primaryimage\"},\"thumbnailUrl\":\"https:\/\/htiscientific.vn\/wp-content\/uploads\/2025\/05\/thiet-ke-chua-co-ten-1.jpg\",\"datePublished\":\"2025-05-08T06:53:33+00:00\",\"dateModified\":\"2025-05-16T03:24:47+00:00\",\"description\":\"H\u1ec7 th\u1ed1ng n\u01b0\u1edbc Pure ho\u1eb7c RO - RO alpha 500 v\u1edbi c\u00f4ng su\u1ea5t l\u00ean t\u1edbi 500L\/gi\u1edd. T\u00edch h\u1ee3p t\u00e1i tu\u1ea7n ho\u00e0n n\u01b0\u1edbc th\u1ea3i, b\u1ea3o v\u1ec7 \u00e1p su\u1ea5t, gi\u00e1m s\u00e1t \u0111\u1ed9 c\u1ee9ng n\u01b0\u1edbc...\",\"breadcrumb\":{\"@id\":\"https:\/\/htiscientific.vn\/san-pham\/he-thong-nuoc-pure-hoac-ro-ro-alpha-500\/#breadcrumb\"},\"inLanguage\":\"en-US\",\"potentialAction\":[{\"@type\":\"ReadAction\",\"target\":[\"https:\/\/htiscientific.vn\/san-pham\/he-thong-nuoc-pure-hoac-ro-ro-alpha-500\/\"]}]},{\"@type\":\"ImageObject\",\"inLanguage\":\"en-US\",\"@id\":\"https:\/\/htiscientific.vn\/san-pham\/he-thong-nuoc-pure-hoac-ro-ro-alpha-500\/#primaryimage\",\"url\":\"https:\/\/htiscientific.vn\/wp-content\/uploads\/2025\/05\/thiet-ke-chua-co-ten-1.jpg\",\"contentUrl\":\"https:\/\/htiscientific.vn\/wp-content\/uploads\/2025\/05\/thiet-ke-chua-co-ten-1.jpg\",\"width\":1000,\"height\":1000,\"caption\":\"H\u1ec7 th\u1ed1ng n\u01b0\u1edbc Pure ho\u1eb7c RO - RO alpha\"},{\"@type\":\"BreadcrumbList\",\"@id\":\"https:\/\/htiscientific.vn\/san-pham\/he-thong-nuoc-pure-hoac-ro-ro-alpha-500\/#breadcrumb\",\"itemListElement\":[{\"@type\":\"ListItem\",\"position\":1,\"name\":\"Trang ch\u1ee7\",\"item\":\"https:\/\/htiscientific.vn\/\"},{\"@type\":\"ListItem\",\"position\":2,\"name\":\"C\u1eeda h\u00e0ng\",\"item\":\"https:\/\/htiscientific.vn\/cua-hang\/\"},{\"@type\":\"ListItem\",\"position\":3,\"name\":\"H\u1ec7 th\u1ed1ng l\u1ecdc n\u01b0\u1edbc Trung t\u00e2m\",\"item\":\"https:\/\/htiscientific.vn\/danh-muc-san-pham\/he-thong-loc-nuoc-trung-tam\/\"},{\"@type\":\"ListItem\",\"position\":4,\"name\":\"H\u1ec7 th\u1ed1ng n\u01b0\u1edbc Pure ho\u1eb7c RO &#8211; RO alpha 500\"}]},{\"@type\":\"WebSite\",\"@id\":\"https:\/\/htiscientific.vn\/#website\",\"url\":\"https:\/\/htiscientific.vn\/\",\"name\":\"HTI Scientific\",\"description\":\"HTI Scientific\",\"publisher\":{\"@id\":\"https:\/\/htiscientific.vn\/#organization\"},\"potentialAction\":[{\"@type\":\"SearchAction\",\"target\":{\"@type\":\"EntryPoint\",\"urlTemplate\":\"https:\/\/htiscientific.vn\/?s={search_term_string}\"},\"query-input\":{\"@type\":\"PropertyValueSpecification\",\"valueRequired\":true,\"valueName\":\"search_term_string\"}}],\"inLanguage\":\"en-US\"},{\"@type\":\"Organization\",\"@id\":\"https:\/\/htiscientific.vn\/#organization\",\"name\":\"HTI Scientific\",\"alternateName\":\"HTI Scientific\",\"url\":\"https:\/\/htiscientific.vn\/\",\"logo\":{\"@type\":\"ImageObject\",\"inLanguage\":\"en-US\",\"@id\":\"https:\/\/htiscientific.vn\/#\/schema\/logo\/image\/\",\"url\":\"https:\/\/htiscientific.vn\/wp-content\/uploads\/2025\/03\/ava-hti-copy.jpg\",\"contentUrl\":\"https:\/\/htiscientific.vn\/wp-content\/uploads\/2025\/03\/ava-hti-copy.jpg\",\"width\":700,\"height\":450,\"caption\":\"HTI Scientific\"},\"image\":{\"@id\":\"https:\/\/htiscientific.vn\/#\/schema\/logo\/image\/\"},\"sameAs\":[\"https:\/\/www.facebook.com\/htiscientific.vn\"]}]}<\/script>\n<!-- \/ Yoast SEO plugin. -->","yoast_head_json":{"title":"H\u1ec7 th\u1ed1ng n\u01b0\u1edbc Pure ho\u1eb7c RO - RO alpha 500 - HTI Scientific","description":"H\u1ec7 th\u1ed1ng n\u01b0\u1edbc Pure ho\u1eb7c RO - RO alpha 500 v\u1edbi c\u00f4ng su\u1ea5t l\u00ean t\u1edbi 500L\/gi\u1edd. T\u00edch h\u1ee3p t\u00e1i tu\u1ea7n ho\u00e0n n\u01b0\u1edbc th\u1ea3i, b\u1ea3o v\u1ec7 \u00e1p su\u1ea5t, gi\u00e1m s\u00e1t \u0111\u1ed9 c\u1ee9ng n\u01b0\u1edbc...","robots":{"index":"index","follow":"follow","max-snippet":"max-snippet:-1","max-image-preview":"max-image-preview:large","max-video-preview":"max-video-preview:-1"},"canonical":"https:\/\/htiscientific.vn\/en\/product\/he-thong-nuoc-pure-hoac-ro-ro-alpha-500\/","og_locale":"en_US","og_type":"article","og_title":"H\u1ec7 th\u1ed1ng n\u01b0\u1edbc Pure ho\u1eb7c RO - RO alpha 500 - HTI Scientific","og_description":"H\u1ec7 th\u1ed1ng n\u01b0\u1edbc Pure ho\u1eb7c RO - RO alpha 500 v\u1edbi c\u00f4ng su\u1ea5t l\u00ean t\u1edbi 500L\/gi\u1edd. T\u00edch h\u1ee3p t\u00e1i tu\u1ea7n ho\u00e0n n\u01b0\u1edbc th\u1ea3i, b\u1ea3o v\u1ec7 \u00e1p su\u1ea5t, gi\u00e1m s\u00e1t \u0111\u1ed9 c\u1ee9ng n\u01b0\u1edbc...","og_url":"https:\/\/htiscientific.vn\/en\/product\/he-thong-nuoc-pure-hoac-ro-ro-alpha-500\/","og_site_name":"HTI Scientific","article_publisher":"https:\/\/www.facebook.com\/htiscientific.vn","article_modified_time":"2025-05-16T03:24:47+00:00","og_image":[{"width":1000,"height":1000,"url":"https:\/\/htiscientific.vn\/wp-content\/uploads\/2025\/05\/thiet-ke-chua-co-ten-1.jpg","type":"image\/jpeg"}],"twitter_card":"summary_large_image","twitter_misc":{"Est. reading time":"3 minutes"},"schema":{"@context":"https:\/\/schema.org","@graph":[{"@type":"WebPage","@id":"https:\/\/htiscientific.vn\/san-pham\/he-thong-nuoc-pure-hoac-ro-ro-alpha-500\/","url":"https:\/\/htiscientific.vn\/san-pham\/he-thong-nuoc-pure-hoac-ro-ro-alpha-500\/","name":"H\u1ec7 th\u1ed1ng n\u01b0\u1edbc Pure ho\u1eb7c RO - RO alpha 500 - HTI Scientific","isPartOf":{"@id":"https:\/\/htiscientific.vn\/#website"},"primaryImageOfPage":{"@id":"https:\/\/htiscientific.vn\/san-pham\/he-thong-nuoc-pure-hoac-ro-ro-alpha-500\/#primaryimage"},"image":{"@id":"https:\/\/htiscientific.vn\/san-pham\/he-thong-nuoc-pure-hoac-ro-ro-alpha-500\/#primaryimage"},"thumbnailUrl":"https:\/\/htiscientific.vn\/wp-content\/uploads\/2025\/05\/thiet-ke-chua-co-ten-1.jpg","datePublished":"2025-05-08T06:53:33+00:00","dateModified":"2025-05-16T03:24:47+00:00","description":"H\u1ec7 th\u1ed1ng n\u01b0\u1edbc Pure ho\u1eb7c RO - RO alpha 500 v\u1edbi c\u00f4ng su\u1ea5t l\u00ean t\u1edbi 500L\/gi\u1edd. T\u00edch h\u1ee3p t\u00e1i tu\u1ea7n ho\u00e0n n\u01b0\u1edbc th\u1ea3i, b\u1ea3o v\u1ec7 \u00e1p su\u1ea5t, gi\u00e1m s\u00e1t \u0111\u1ed9 c\u1ee9ng n\u01b0\u1edbc...","breadcrumb":{"@id":"https:\/\/htiscientific.vn\/san-pham\/he-thong-nuoc-pure-hoac-ro-ro-alpha-500\/#breadcrumb"},"inLanguage":"en-US","potentialAction":[{"@type":"ReadAction","target":["https:\/\/htiscientific.vn\/san-pham\/he-thong-nuoc-pure-hoac-ro-ro-alpha-500\/"]}]},{"@type":"ImageObject","inLanguage":"en-US","@id":"https:\/\/htiscientific.vn\/san-pham\/he-thong-nuoc-pure-hoac-ro-ro-alpha-500\/#primaryimage","url":"https:\/\/htiscientific.vn\/wp-content\/uploads\/2025\/05\/thiet-ke-chua-co-ten-1.jpg","contentUrl":"https:\/\/htiscientific.vn\/wp-content\/uploads\/2025\/05\/thiet-ke-chua-co-ten-1.jpg","width":1000,"height":1000,"caption":"H\u1ec7 th\u1ed1ng n\u01b0\u1edbc Pure ho\u1eb7c RO - RO alpha"},{"@type":"BreadcrumbList","@id":"https:\/\/htiscientific.vn\/san-pham\/he-thong-nuoc-pure-hoac-ro-ro-alpha-500\/#breadcrumb","itemListElement":[{"@type":"ListItem","position":1,"name":"Trang ch\u1ee7","item":"https:\/\/htiscientific.vn\/"},{"@type":"ListItem","position":2,"name":"C\u1eeda h\u00e0ng","item":"https:\/\/htiscientific.vn\/cua-hang\/"},{"@type":"ListItem","position":3,"name":"H\u1ec7 th\u1ed1ng l\u1ecdc n\u01b0\u1edbc Trung t\u00e2m","item":"https:\/\/htiscientific.vn\/danh-muc-san-pham\/he-thong-loc-nuoc-trung-tam\/"},{"@type":"ListItem","position":4,"name":"H\u1ec7 th\u1ed1ng n\u01b0\u1edbc Pure ho\u1eb7c RO &#8211; RO alpha 500"}]},{"@type":"WebSite","@id":"https:\/\/htiscientific.vn\/#website","url":"https:\/\/htiscientific.vn\/","name":"HTI Scientific","description":"HTI Scientific","publisher":{"@id":"https:\/\/htiscientific.vn\/#organization"},"potentialAction":[{"@type":"SearchAction","target":{"@type":"EntryPoint","urlTemplate":"https:\/\/htiscientific.vn\/?s={search_term_string}"},"query-input":{"@type":"PropertyValueSpecification","valueRequired":true,"valueName":"search_term_string"}}],"inLanguage":"en-US"},{"@type":"Organization","@id":"https:\/\/htiscientific.vn\/#organization","name":"HTI Scientific","alternateName":"HTI Scientific","url":"https:\/\/htiscientific.vn\/","logo":{"@type":"ImageObject","inLanguage":"en-US","@id":"https:\/\/htiscientific.vn\/#\/schema\/logo\/image\/","url":"https:\/\/htiscientific.vn\/wp-content\/uploads\/2025\/03\/ava-hti-copy.jpg","contentUrl":"https:\/\/htiscientific.vn\/wp-content\/uploads\/2025\/03\/ava-hti-copy.jpg","width":700,"height":450,"caption":"HTI Scientific"},"image":{"@id":"https:\/\/htiscientific.vn\/#\/schema\/logo\/image\/"},"sameAs":["https:\/\/www.facebook.com\/htiscientific.vn"]}]}},"_links":{"self":[{"href":"https:\/\/htiscientific.vn\/en\/wp-json\/wp\/v2\/product\/1275","targetHints":{"allow":["GET"]}}],"collection":[{"href":"https:\/\/htiscientific.vn\/en\/wp-json\/wp\/v2\/product"}],"about":[{"href":"https:\/\/htiscientific.vn\/en\/wp-json\/wp\/v2\/types\/product"}],"wp:featuredmedia":[{"embeddable":true,"href":"https:\/\/htiscientific.vn\/en\/wp-json\/wp\/v2\/media\/1469"}],"wp:attachment":[{"href":"https:\/\/htiscientific.vn\/en\/wp-json\/wp\/v2\/media?parent=1275"}],"wp:term":[{"taxonomy":"product_brand","embeddable":true,"href":"https:\/\/htiscientific.vn\/en\/wp-json\/wp\/v2\/product_brand?post=1275"},{"taxonomy":"product_cat","embeddable":true,"href":"https:\/\/htiscientific.vn\/en\/wp-json\/wp\/v2\/product_cat?post=1275"},{"taxonomy":"product_tag","embeddable":true,"href":"https:\/\/htiscientific.vn\/en\/wp-json\/wp\/v2\/product_tag?post=1275"}],"curies":[{"name":"wp","href":"https:\/\/api.w.org\/{rel}","templated":true}]}}